{"id":1003,"date":"2023-09-06T08:58:05","date_gmt":"2023-09-06T08:58:05","guid":{"rendered":"https:\/\/hydraulic-cylinders.net\/?post_type=product&#038;p=1003"},"modified":"2023-09-19T01:36:55","modified_gmt":"2023-09-19T01:36:55","slug":"rear-earring-with-spherical-bearing-four-rod-hydraulic-cylinder","status":"publish","type":"product","link":"https:\/\/www.hydraulic-cylinders.net\/cs\/produkt\/rear-earring-with-spherical-bearing-four-rod-hydraulic-cylinder\/","title":{"rendered":"Zadn\u00ed n\u00e1u\u0161nice s kulov\u00fdm lo\u017eiskem a \u010dty\u0159mi ty\u010demi hydraulick\u00e9ho v\u00e1lce"},"content":{"rendered":"<h1 style=\"text-align: center;\"><strong>Zadn\u00ed n\u00e1u\u0161nice s kulov\u00fdm lo\u017eiskem a \u010dty\u0159mi ty\u010demi hydraulick\u00e9ho v\u00e1lce<\/strong><\/h1>\n<p><img loading=\"lazy\" decoding=\"async\" class=\"size-full wp-image-1007 aligncenter\" src=\"https:\/\/hydraulic-cylinders.net\/wp-content\/uploads\/2023\/09\/rear-earring-with-spherical-bearing-four-pull-rod-hydraulic-cylinder-1.webp\" alt=\"\" width=\"236\" height=\"236\" srcset=\"https:\/\/www.hydraulic-cylinders.net\/wp-content\/uploads\/2023\/09\/rear-earring-with-spherical-bearing-four-pull-rod-hydraulic-cylinder-1.webp 236w, https:\/\/www.hydraulic-cylinders.net\/wp-content\/uploads\/2023\/09\/rear-earring-with-spherical-bearing-four-pull-rod-hydraulic-cylinder-1-100x100.webp 100w, https:\/\/www.hydraulic-cylinders.net\/wp-content\/uploads\/2023\/09\/rear-earring-with-spherical-bearing-four-pull-rod-hydraulic-cylinder-1-150x150.webp 150w, https:\/\/www.hydraulic-cylinders.net\/wp-content\/uploads\/2023\/09\/rear-earring-with-spherical-bearing-four-pull-rod-hydraulic-cylinder-1-12x12.webp 12w\" sizes=\"(max-width: 236px) 100vw, 236px\" \/><\/p>\n<p>Zadn\u00ed n\u00e1u\u0161nice s kulov\u00fdm lo\u017eiskem a \u010dty\u0159p\u00edstnicov\u00fdm hydraulick\u00fdm v\u00e1lcem je inovativn\u00ed hydraulick\u00fd prvek navr\u017een\u00fd pro zaji\u0161t\u011bn\u00ed vynikaj\u00edc\u00edho v\u00fdkonu a v\u0161estrannosti v r\u016fzn\u00fdch pr\u016fmyslov\u00fdch aplikac\u00edch. D\u00edky unik\u00e1tn\u00ed konstrukci zadn\u00ed n\u00e1u\u0161nice, kulov\u00fdm lo\u017eisk\u016fm a konfiguraci \u010dty\u0159 p\u00edstnic nab\u00edz\u00ed tento \u010dty\u0159p\u00edstnicov\u00fd hydraulick\u00fd v\u00e1lec zv\u00fd\u0161enou stabilitu, p\u0159esn\u00e9 ovl\u00e1d\u00e1n\u00ed a zv\u00fd\u0161enou nosnost.<\/p>\n<p>Z\u00e1kladn\u00ed vlastnosti \u010dty\u0159ty\u010dov\u00e9ho hydraulick\u00e9ho v\u00e1lce:<\/p>\n<p><strong>Design zadn\u00edch n\u00e1u\u0161nic:<\/strong><\/p>\n<ol>\n<li style=\"list-style-type: none;\">\n<ul>\n<li>Konstrukce zadn\u00edch \u010dep\u016f poskytuje bezpe\u010dn\u00e9 a stabiln\u00ed instala\u010dn\u00ed \u0159e\u0161en\u00ed, kter\u00e9 zaji\u0161\u0165uje spolehliv\u00fd provoz i p\u0159i velk\u00e9m zat\u00ed\u017een\u00ed a extr\u00e9mn\u00edch podm\u00ednk\u00e1ch.<\/li>\n<li>Zjednodu\u0161uje instalaci a umo\u017e\u0148uje snadnou integraci do r\u016fzn\u00fdch hydraulick\u00fdch syst\u00e9m\u016f nebo za\u0159\u00edzen\u00ed.<\/li>\n<\/ul>\n<\/li>\n<\/ol>\n<p><strong>Kloubovit\u00e9 lo\u017eisko:<\/strong><\/p>\n<ol>\n<li style=\"list-style-type: none;\">\n<ul>\n<li>Pou\u017eit\u00ed kulov\u00fdch lo\u017eisek zvy\u0161uje flexibilitu \u010dty\u0159p\u00edstn\u00edho hydraulick\u00e9ho v\u00e1lce a kompenzuje nesouosost, \u010d\u00edm\u017e sni\u017euje nam\u00e1h\u00e1n\u00ed a opot\u0159eben\u00ed sou\u010d\u00e1st\u00ed v\u00e1lce.<\/li>\n<li>Kulov\u00e9 lo\u017eisko umo\u017e\u0148uje plynul\u00fd a p\u0159esn\u00fd pohyb, a to i p\u0159i pr\u00e1ci s \u00fahlov\u00fdm nebo mimost\u0159edov\u00fdm zat\u00ed\u017een\u00edm.<\/li>\n<\/ul>\n<\/li>\n<\/ol>\n<p><strong>Konfigurace se \u010dty\u0159mi ty\u010demi:<\/strong><\/p>\n<ol>\n<li style=\"list-style-type: none;\">\n<ul>\n<li>\u010cty\u0159p\u00edstn\u00ed konfigurace zvy\u0161uje \u00fanosnost a stabilitu v\u00e1lce, zabra\u0148uje pr\u016fhybu a zaji\u0161\u0165uje p\u0159esn\u00e9 line\u00e1rn\u00ed \u0159\u00edzen\u00ed pohybu.<\/li>\n<li>Rovnom\u011brn\u011b rozkl\u00e1d\u00e1 zat\u00ed\u017een\u00ed po povrchu ty\u010de, \u010d\u00edm\u017e sni\u017euje riziko p\u0159ed\u010dasn\u00e9ho opot\u0159eben\u00ed nebo selh\u00e1n\u00ed.<\/li>\n<\/ul>\n<\/li>\n<\/ol>\n<p><strong>Vysok\u00fd v\u00fdkon a \u00fa\u010dinnost:<\/strong><\/p>\n<ul>\n<li style=\"list-style-type: none;\">\n<ul>\n<li>Tento \u010dty\u0159p\u00edstn\u00ed hydraulick\u00fd v\u00e1lec poskytuje vysok\u00fd v\u00fdkon a p\u0159esn\u00e9 ovl\u00e1d\u00e1n\u00ed, co\u017e umo\u017e\u0148uje efektivn\u00ed a \u00fa\u010dinn\u00fd provoz.<\/li>\n<li>Umo\u017e\u0148uje p\u0159esn\u00e9 polohov\u00e1n\u00ed, rychl\u00e9 \u010dasy cykl\u016f a optimalizovanou produktivitu v r\u016fzn\u00fdch pr\u016fmyslov\u00fdch aplikac\u00edch.<\/li>\n<\/ul>\n<\/li>\n<\/ul>\n<h2><strong>Zadn\u00ed n\u00e1u\u0161nice s kulov\u00fdm lo\u017eiskem, \u010dty\u0159ty\u010dov\u00fd hydraulick\u00fd v\u00e1lec, parametr:<\/strong><\/h2>\n<p><img loading=\"lazy\" decoding=\"async\" class=\"alignnone wp-image-1005 size-full\" src=\"https:\/\/hydraulic-cylinders.net\/wp-content\/uploads\/2023\/09\/rear-earring-with-spherical-bearing-four-pull-rod-hydraulic-cylinder.webp\" alt=\"\" width=\"650\" height=\"196\" srcset=\"https:\/\/hydraulic-cylinders.net\/wp-content\/uploads\/2023\/09\/rear-earring-with-spherical-bearing-four-pull-rod-hydraulic-cylinder.webp 650w, https:\/\/hydraulic-cylinders.net\/wp-content\/uploads\/2023\/09\/rear-earring-with-spherical-bearing-four-pull-rod-hydraulic-cylinder-480x145.webp 480w\" sizes=\"(min-width: 0px) and (max-width: 480px) 480px, (min-width: 481px) 650px, 100vw\" \/><\/p>\n<p><img loading=\"lazy\" decoding=\"async\" class=\"alignnone wp-image-1031 size-full\" src=\"https:\/\/hydraulic-cylinders.net\/wp-content\/uploads\/2023\/09\/b-bb-sbd-four-rod-hydraulic-cylinder.webp\" alt=\"\" width=\"650\" height=\"237\" srcset=\"https:\/\/hydraulic-cylinders.net\/wp-content\/uploads\/2023\/09\/b-bb-sbd-four-rod-hydraulic-cylinder.webp 650w, https:\/\/hydraulic-cylinders.net\/wp-content\/uploads\/2023\/09\/b-bb-sbd-four-rod-hydraulic-cylinder-480x175.webp 480w\" sizes=\"(min-width: 0px) and (max-width: 480px) 480px, (min-width: 481px) 650px, 100vw\" \/><\/p>\n<h2><strong>Zadn\u00ed n\u00e1u\u0161nice s kulov\u00fdm lo\u017eiskem a \u010dty\u0159mi ty\u010demi hydraulick\u00e9ho v\u00e1lce <\/strong><strong>Zp\u016fsob pou\u017eit\u00ed<\/strong><strong>:<\/strong><\/h2>\n<p><strong>Mont\u00e1\u017e a instalace:<\/strong><\/p>\n<ol>\n<li style=\"list-style-type: none;\">\n<ul>\n<li>Pro ur\u010den\u00ed vhodn\u00e9ho m\u00edsta instalace \u010dty\u0159p\u00edstov\u00e9ho hydraulick\u00e9ho v\u00e1lce v syst\u00e9mu nebo za\u0159\u00edzen\u00ed zva\u017ete faktory, jako jsou po\u017eadavky na zat\u00ed\u017een\u00ed a prostorov\u00e1 omezen\u00ed.<\/li>\n<li>Ujist\u011bte se, \u017ee mont\u00e1\u017en\u00ed povrch je \u010dist\u00fd, rovn\u00fd a schopen un\u00e9st hmotnost v\u00e1lce.<\/li>\n<li>Zarovnejte zadn\u00ed n\u00e1u\u0161nici s mont\u00e1\u017en\u00edm povrchem a pevn\u011b ji upevn\u011bte pomoc\u00ed doporu\u010den\u00fdch \u0161roub\u016f nebo spojovac\u00edch prvk\u016f.<\/li>\n<\/ul>\n<\/li>\n<\/ol>\n<p><strong>Hydraulick\u00e9 p\u0159ipojen\u00ed:<\/strong><\/p>\n<ol>\n<li style=\"list-style-type: none;\">\n<ul>\n<li>P\u0159ipojte hydraulick\u00e9 p\u0159\u00edvodn\u00ed potrub\u00ed k otvor\u016fm v\u00e1lce a zajist\u011bte jeho \u0159\u00e1dn\u00e9 ut\u011bsn\u011bn\u00ed, aby se zabr\u00e1nilo \u00fanik\u016fm.<\/li>\n<li>Dodr\u017eujte doporu\u010den\u00ed v\u00fdrobce ohledn\u011b typu hydraulick\u00e9ho oleje a napl\u0148te syst\u00e9m na doporu\u010denou hladinu.<\/li>\n<\/ul>\n<\/li>\n<\/ol>\n<p><strong>Operace:<\/strong><\/p>\n<ul>\n<li style=\"list-style-type: none;\">\n<ul>\n<li>Aktivujte hydraulick\u00fd syst\u00e9m a ovl\u00e1dejte pohyb v\u00e1lce pomoc\u00ed hydraulick\u00e9ho regula\u010dn\u00edho ventilu nebo jin\u00e9ho vhodn\u00e9ho ovl\u00e1dac\u00edho mechanismu.<\/li>\n<li>Upravte nastaven\u00ed pr\u016ftoku a tlaku pro dosa\u017een\u00ed po\u017eadovan\u00e9 rychlosti a v\u00fdstupn\u00ed s\u00edly.<\/li>\n<li>Pravideln\u011b sledujte provoz \u010dty\u0159p\u00edstov\u00e9ho hydraulick\u00e9ho v\u00e1lce, zda nevykazuje zn\u00e1mky abnorm\u00e1ln\u00edho chov\u00e1n\u00ed, jako jsou net\u011bsnosti, p\u0159eh\u0159\u00edv\u00e1n\u00ed nebo neobvykl\u00fd hluk.<\/li>\n<\/ul>\n<\/li>\n<\/ul>\n<h2><strong>Zadn\u00ed n\u00e1u\u0161nice s kulov\u00fdm lo\u017eiskem a \u010dty\u0159mi ty\u010demi hydraulick\u00e9ho v\u00e1lce <\/strong><strong>\u00dadr\u017eba<\/strong><strong>:<\/strong><\/h2>\n<p><strong>Pravideln\u00e1 kontrola:<\/strong><\/p>\n<ol>\n<li style=\"list-style-type: none;\">\n<ul>\n<li>Prov\u00e1d\u011bjte pravideln\u00e9 vizu\u00e1ln\u00ed kontroly, abyste zkontrolovali zn\u00e1mky opot\u0159eben\u00ed, net\u011bsnosti nebo po\u0161kozen\u00ed.<\/li>\n<li>Zkontrolujte povrchy p\u00edstnic, t\u011bsn\u011bn\u00ed a mont\u00e1\u017en\u00ed spoje, zda nevykazuj\u00ed abnormality, a p\u0159\u00edpadn\u00e9 probl\u00e9my neprodlen\u011b \u0159e\u0161te.<\/li>\n<\/ul>\n<\/li>\n<\/ol>\n<p><strong>Maz\u00e1n\u00ed:<\/strong><\/p>\n<ol>\n<li style=\"list-style-type: none;\">\n<ul>\n<li>Dodr\u017eujte pokyny v\u00fdrobce ohledn\u011b interval\u016f maz\u00e1n\u00ed a pou\u017e\u00edvejte doporu\u010den\u00e9 mazivo pro zaji\u0161t\u011bn\u00ed hladk\u00e9ho provozu.<\/li>\n<li>Proma\u017ete ojnice, t\u011bsn\u011bn\u00ed a dal\u0161\u00ed pohybliv\u00e9 \u010d\u00e1sti, abyste minimalizovali t\u0159en\u00ed a prodlou\u017eili \u017eivotnost \u010dty\u0159p\u00edstnicov\u00e9ho hydraulick\u00e9ho v\u00e1lce.<\/li>\n<\/ul>\n<\/li>\n<\/ol>\n<p><strong>V\u00fdm\u011bna t\u011bsn\u011bn\u00ed:<\/strong><\/p>\n<ul>\n<li style=\"list-style-type: none;\">\n<ul>\n<li>Postupem \u010dasu se t\u011bsn\u011bn\u00ed mohou opot\u0159ebovat a je nutn\u00e9 je vym\u011bnit. Pokud zjist\u00edte net\u011bsnost, opatrn\u011b odstra\u0148te star\u00e9 t\u011bsn\u011bn\u00ed a nainstalujte nov\u00e9 t\u011bsn\u011bn\u00ed podle pokyn\u016f v\u00fdrobce.<\/li>\n<\/ul>\n<\/li>\n<\/ul>\n<h2><strong>Jak odstranit \u010depy hydraulick\u00e9ho v\u00e1lce\uff1f<\/strong><\/h2>\n<p>Demont\u00e1\u017e \u010dep\u016f hydraulick\u00e9ho v\u00e1lce vy\u017eaduje opatrn\u00e9 zach\u00e1zen\u00ed, aby byla zaji\u0161t\u011bna bezpe\u010dnost a nedo\u0161lo k po\u0161kozen\u00ed v\u00e1lce nebo okoln\u00edch sou\u010d\u00e1st\u00ed. Zde je obecn\u00fd podrobn\u00fd n\u00e1vod, jak demontovat \u010depy hydraulick\u00e9ho v\u00e1lce:<\/p>\n<ol>\n<li><strong>P\u0159ipravte si pracovn\u00ed prostor:<\/strong>\n<ul>\n<li>Ujist\u011bte se, \u017ee m\u00e1te \u010dist\u00e9 a dob\u0159e osv\u011btlen\u00e9 pracovn\u00ed m\u00edsto.<\/li>\n<li>Pou\u017e\u00edvejte vhodn\u00e9 osobn\u00ed ochrann\u00e9 prost\u0159edky, jako jsou ochrann\u00e9 br\u00fdle a rukavice.<\/li>\n<\/ul>\n<\/li>\n<li><strong>Uvoln\u011bn\u00ed hydraulick\u00e9ho tlaku:<\/strong>\n<ul>\n<li>Pokud je v\u00e1lec sou\u010d\u00e1st\u00ed aktivn\u00edho hydraulick\u00e9ho syst\u00e9mu, uvoln\u011bte tlak zasunut\u00edm nebo deaktivac\u00ed syst\u00e9mu. Konkr\u00e9tn\u00ed pokyny naleznete v n\u00e1vodu k obsluze za\u0159\u00edzen\u00ed.<\/li>\n<\/ul>\n<\/li>\n<li><strong>Zaji\u0161t\u011bn\u00ed v\u00e1lce:<\/strong>\n<ul>\n<li>Pou\u017eijte vhodn\u00e9 zvedac\u00ed za\u0159\u00edzen\u00ed nebo podp\u011bru k zaji\u0161t\u011bn\u00ed v\u00e1lce na m\u00edst\u011b a ujist\u011bte se, \u017ee je stabiln\u00ed a b\u011bhem procesu vyj\u00edm\u00e1n\u00ed \u010depu se nepohne.<\/li>\n<\/ul>\n<\/li>\n<li><strong>Vyhledejte piny:<\/strong>\n<ul>\n<li>Ur\u010dete \u010depy, kter\u00e9 je t\u0159eba odstranit. Hydraulick\u00e9 v\u00e1lce maj\u00ed obvykle na obou konc\u00edch \u010depy, kter\u00e9 je spojuj\u00ed s mont\u00e1\u017en\u00edmi konzolami nebo jin\u00fdmi sou\u010d\u00e1stmi.<\/li>\n<\/ul>\n<\/li>\n<li><strong>Odstra\u0148te pojistn\u00e9 spony:<\/strong>\n<ul>\n<li>N\u011bkter\u00e9 \u010depy mohou b\u00fdt zaji\u0161t\u011bny pojistn\u00fdmi svorkami. K odstran\u011bn\u00ed pojistn\u00fdch svorek pou\u017eijte kle\u0161t\u011b nebo vhodn\u00fd n\u00e1stroj a d\u00e1vejte pozor, abyste je nepo\u0161kodili.<\/li>\n<\/ul>\n<\/li>\n<li><strong>Um\u00edst\u011bn\u00ed \u00faderu nebo \u00faderu:<\/strong>\n<ul>\n<li>Um\u00edst\u011bte razn\u00edk nebo vyr\u00e1\u017eec\u00ed n\u00e1stroj na konec \u010depu. Ujist\u011bte se, \u017ee razn\u00edk nebo vyr\u00e1\u017eec\u00ed n\u00e1stroj m\u00e1 vhodnou velikost, aby se ve\u0161el do pr\u016fm\u011bru \u010depu.<\/li>\n<\/ul>\n<\/li>\n<li><strong>Ude\u0159te \u00fader nebo driftujte:<\/strong>\n<ul>\n<li>Kladivem opatrn\u011b ude\u0159te do razn\u00edku nebo vyr\u00e1\u017ee\u010de, abyste na \u010dep vyvinuli s\u00edlu. Za\u010dn\u011bte lehk\u00fdmi poklep\u00e1n\u00edmi a postupn\u011b zvy\u0161ujte s\u00edlu, dokud se \u010dep neza\u010dne pohybovat.<\/li>\n<\/ul>\n<\/li>\n<li><strong>Odstra\u0148te kol\u00edk:<\/strong>\n<ul>\n<li>Pokra\u010dujte v \u00faderech do razn\u00edku nebo vyr\u00e1\u017ee\u010de, dokud se \u010dep zcela neuvoln\u00ed. S\u00edlu aplikujte rovnom\u011brn\u011b, abyste zabr\u00e1nili ohnut\u00ed nebo po\u0161kozen\u00ed \u010depu.<\/li>\n<\/ul>\n<\/li>\n<li><strong>Opakujte postup:<\/strong>\n<ul>\n<li>Pokud je t\u0159eba vyjmout v\u00edce kol\u00edk\u016f, opakujte kroky 4 a\u017e 8 pro ka\u017ed\u00fd kol\u00edk, dokud nebudou v\u0161echny \u00fasp\u011b\u0161n\u011b vyjmuty.<\/li>\n<\/ul>\n<\/li>\n<li><strong>Zkontrolujte kol\u00edky:<\/strong><\/li>\n<\/ol>\n<ul>\n<li>Po vyjmut\u00ed \u010dep\u016f je zkontrolujte, zda nevykazuj\u00ed zn\u00e1mky opot\u0159eben\u00ed, po\u0161kozen\u00ed nebo deformace. V p\u0159\u00edpad\u011b pot\u0159eby je p\u0159ed op\u011btovnou instalac\u00ed o\u010dist\u011bte nebo vym\u011b\u0148te.<\/li>\n<\/ul>\n<h2><strong>Schopnosti a kapacita tov\u00e1rny:<\/strong><\/h2>\n<h3>(1) Mont\u00e1\u017e<\/h3>\n<p>Disponujeme prvot\u0159\u00eddn\u00ed nez\u00e1vislou v\u00fdzkumnou a v\u00fdvojovou mont\u00e1\u017en\u00ed platformou. D\u00edlna na v\u00fdrobu hydraulick\u00fdch v\u00e1lc\u016f m\u00e1 \u010dty\u0159i poloautomatick\u00e9 mont\u00e1\u017en\u00ed linky pro zvedac\u00ed v\u00e1lce a jednu automatickou mont\u00e1\u017en\u00ed linku pro nakl\u00e1p\u011bc\u00ed v\u00e1lce s projektovanou ro\u010dn\u00ed v\u00fdrobn\u00ed kapacitou 1 milion kus\u016f. D\u00edlna na speci\u00e1ln\u00ed v\u00e1lce je vybavena poloautomatick\u00fdm \u010distic\u00edm mont\u00e1\u017en\u00edm syst\u00e9mem s r\u016fzn\u00fdmi specifikacemi a projektovanou ro\u010dn\u00ed v\u00fdrobn\u00ed kapacitou 200 000 kus\u016f a je vybavena zn\u00e1m\u00fdm CNC obr\u00e1b\u011bc\u00edm za\u0159\u00edzen\u00edm, obr\u00e1b\u011bc\u00edm centrem, vysoce p\u0159esn\u00fdm speci\u00e1ln\u00edm za\u0159\u00edzen\u00edm pro zpracov\u00e1n\u00ed v\u00e1lc\u016f, robotick\u00fdm sva\u0159ovac\u00edm strojem, automatick\u00fdm \u010distic\u00edm strojem, automatick\u00fdm mont\u00e1\u017en\u00edm strojem pro v\u00e1lce a automatickou lakovac\u00ed v\u00fdrobn\u00ed linkou. St\u00e1vaj\u00edc\u00ed kritick\u00e9 vybaven\u00ed m\u00e1 v\u00edce ne\u017e 300 sad. Optim\u00e1ln\u00ed alokace a efektivn\u00ed vyu\u017eit\u00ed zdroj\u016f za\u0159\u00edzen\u00ed zaji\u0161\u0165uje po\u017eadavky na p\u0159esnost v\u00fdrobk\u016f a spl\u0148uje po\u017eadavky na vysokou kvalitu v\u00fdrobk\u016f.<\/p>\n<p><img loading=\"lazy\" decoding=\"async\" class=\"alignnone wp-image-626\" src=\"https:\/\/hydraulic-cylinders.net\/wp-content\/uploads\/2023\/08\/hydraulic-cylinder-product-1-300x158.webp\" alt=\"\" width=\"495\" height=\"260\" srcset=\"https:\/\/hydraulic-cylinders.net\/wp-content\/uploads\/2023\/08\/hydraulic-cylinder-product-1-300x158.webp 495w, https:\/\/hydraulic-cylinders.net\/wp-content\/uploads\/2023\/08\/hydraulic-cylinder-product-1-480x252.webp 480w\" sizes=\"(min-width: 0px) and (max-width: 480px) 480px, (min-width: 481px) 495px, 100vw\" \/> <img loading=\"lazy\" decoding=\"async\" class=\"alignnone wp-image-627\" src=\"https:\/\/hydraulic-cylinders.net\/wp-content\/uploads\/2023\/08\/hydraulic-cylinder-product-2-300x189.webp\" alt=\"\" width=\"413\" height=\"260\" \/><\/p>\n<h3>(2) Obr\u00e1b\u011bn\u00ed<\/h3>\n<p>Obrobna je vybavena zak\u00e1zkov\u00fdm soustru\u017enick\u00fdm centrem pro \u0161ikm\u00e9 kolejnice, obr\u00e1b\u011bc\u00edm centrem, vysokorychlostn\u00edm honovac\u00edm strojem, sva\u0159ovac\u00edm robotem a dal\u0161\u00edm souvisej\u00edc\u00edm za\u0159\u00edzen\u00edm, kter\u00e9 zvl\u00e1dne obr\u00e1b\u011bn\u00ed v\u00e1lcov\u00fdch trubek s maxim\u00e1ln\u00edm vnit\u0159n\u00edm pr\u016fm\u011brem 400 mm a maxim\u00e1ln\u00ed d\u00e9lkou 6 metr\u016f.<\/p>\n<p><img loading=\"lazy\" decoding=\"async\" class=\"alignnone wp-image-628 size-large\" src=\"https:\/\/hydraulic-cylinders.net\/wp-content\/uploads\/2023\/08\/hydraulic-cylinder-product-3-1024x391.webp\" alt=\"\" width=\"1024\" height=\"391\" srcset=\"https:\/\/hydraulic-cylinders.net\/wp-content\/uploads\/2023\/08\/hydraulic-cylinder-product-3-980x374.webp 980w, https:\/\/hydraulic-cylinders.net\/wp-content\/uploads\/2023\/08\/hydraulic-cylinder-product-3-480x183.webp 480w\" sizes=\"(min-width: 0px) and (max-width: 480px) 480px, (min-width: 481px) and (max-width: 980px) 980px, (min-width: 981px) 1024px, 100vw\" \/><\/p>\n<h3>(3) Sva\u0159ov\u00e1n\u00ed<\/h3>\n<p><img loading=\"lazy\" decoding=\"async\" class=\"alignnone wp-image-629 size-large\" src=\"https:\/\/hydraulic-cylinders.net\/wp-content\/uploads\/2023\/08\/hydraulic-cylinder-product-4-1024x510.webp\" alt=\"\" width=\"1024\" height=\"510\" srcset=\"https:\/\/hydraulic-cylinders.net\/wp-content\/uploads\/2023\/08\/hydraulic-cylinder-product-4-980x488.webp 980w, https:\/\/hydraulic-cylinders.net\/wp-content\/uploads\/2023\/08\/hydraulic-cylinder-product-4-480x239.webp 480w\" sizes=\"(min-width: 0px) and (max-width: 480px) 480px, (min-width: 481px) and (max-width: 980px) 980px, (min-width: 981px) 1024px, 100vw\" \/><\/p>\n<h3>(4) Lakov\u00e1n\u00ed a n\u00e1t\u011bry<\/h3>\n<p>S mal\u00fdmi a st\u0159edn\u00edmi v\u00e1lcov\u00fdmi automatick\u00fdmi linkami na nan\u00e1\u0161en\u00ed barev na vodn\u00ed b\u00e1zi, pro dosa\u017een\u00ed automatick\u00e9ho robotick\u00e9ho nakl\u00e1d\u00e1n\u00ed a vykl\u00e1d\u00e1n\u00ed a automatick\u00e9ho st\u0159\u00edk\u00e1n\u00ed, je konstruk\u010dn\u00ed kapacita 4000 kus\u016f za sm\u011bnu;<br \/>\nM\u00e1me tak\u00e9 poloautomatickou linku na v\u00fdrobu barev pro velk\u00e9 tlakov\u00e9 lahve poh\u00e1n\u011bn\u00e9 \u0159et\u011bzem s konstruk\u010dn\u00ed kapacitou 60 lahv\u00ed za sm\u011bnu.<\/p>\n<p><img loading=\"lazy\" decoding=\"async\" class=\"alignnone wp-image-630\" src=\"https:\/\/hydraulic-cylinders.net\/wp-content\/uploads\/2023\/08\/hydraulic-cylinder-product-5-300x213.webp\" alt=\"\" width=\"366\" height=\"260\" \/> <img loading=\"lazy\" decoding=\"async\" class=\"alignnone wp-image-631\" src=\"https:\/\/hydraulic-cylinders.net\/wp-content\/uploads\/2023\/08\/hydraulic-cylinder-product-6-300x225.webp\" alt=\"\" width=\"347\" height=\"260\" \/><\/p>\n<h3>(5) Testov\u00e1n\u00ed<\/h3>\n<p>Disponujeme prvot\u0159\u00eddn\u00edmi inspek\u010dn\u00edmi za\u0159\u00edzen\u00edmi a zku\u0161ebn\u00edmi laborato\u0159emi, abychom zajistili, \u017ee v\u00fdkon v\u00e1lce spl\u0148uje po\u017eadavky.<\/p>\n<p><img loading=\"lazy\" decoding=\"async\" class=\"alignnone wp-image-632\" src=\"https:\/\/hydraulic-cylinders.net\/wp-content\/uploads\/2023\/08\/hydraulic-cylinder-product-8-300x200.webp\" alt=\"\" width=\"389\" height=\"260\" \/><\/p>\n<p>&nbsp;<\/p>\n<p>&nbsp;<\/p>\n<p>Jsme jedn\u00edm z nejlep\u0161\u00edch v\u00fdrobc\u016f lehk\u00fdch \u010dty\u0159ty\u010dov\u00fdch hydraulick\u00fdch v\u00e1lc\u016f. Nab\u00edz\u00edme komplexn\u00ed sortiment lehk\u00fdch \u010dty\u0159ty\u010dov\u00fdch hydraulick\u00fdch v\u00e1lc\u016f. Dod\u00e1v\u00e1me tak\u00e9 odpov\u00eddaj\u00edc\u00ed <a href=\"https:\/\/hzpt.com\/agricultural-pto-gearbox\/\" target=\"_blank\" rel=\"noopener\">zem\u011bd\u011blsk\u00e9 p\u0159evodovky<\/a>Na\u0161e v\u00fdrobky jsme exportovali klient\u016fm po cel\u00e9m sv\u011bt\u011b a d\u00edky vynikaj\u00edc\u00ed kvalit\u011b v\u00fdrobk\u016f a poprodejn\u00edmu servisu jsme si z\u00edskali dobrou pov\u011bst. Srde\u010dn\u011b v\u00edt\u00e1me z\u00e1kazn\u00edky doma i v zahrani\u010d\u00ed, kte\u0159\u00ed n\u00e1s kontaktuj\u00ed za \u00fa\u010delem vyjedn\u00e1v\u00e1n\u00ed obchodn\u00edch p\u0159\u00edle\u017eitost\u00ed, v\u00fdm\u011bny informac\u00ed a\u00a0<a href=\"https:\/\/www.hydraulic-cylinders.net\/cs\/contact-us\/\">spolupracujte s n\u00e1mi<\/a>!<\/p>\n<h2><\/h2>\n<h2><\/h2>","protected":false},"excerpt":{"rendered":"<p>Rear Earring With Spherical Bearing Four Rod Hydraulic Cylinder The rear earring with a spherical bearing four rod hydraulic cylinder is an innovative hydraulic element designed to provide superior performance and versatility in various industrial applications. With its unique rear earring design, spherical bearings, and four rod configuration, this four rod hydraulic cylinder offers enhanced [&hellip;]<\/p>","protected":false},"featured_media":1006,"comment_status":"open","ping_status":"closed","template":"","meta":{"_et_pb_use_builder":"","_et_pb_old_content":"","_et_gb_content_width":""},"product_brand":[],"product_cat":[1376,1386],"product_tag":[1380],"class_list":{"0":"post-1003","1":"product","2":"type-product","3":"status-publish","4":"has-post-thumbnail","6":"product_cat-hydraulic-cylinder","7":"product_cat-four-rod-hydraulic-cylinder","8":"product_tag-hydraulic-cylinder","10":"first","11":"instock","12":"shipping-taxable","13":"product-type-simple"},"amp_enabled":true,"_links":{"self":[{"href":"https:\/\/www.hydraulic-cylinders.net\/cs\/wp-json\/wp\/v2\/product\/1003","targetHints":{"allow":["GET"]}}],"collection":[{"href":"https:\/\/www.hydraulic-cylinders.net\/cs\/wp-json\/wp\/v2\/product"}],"about":[{"href":"https:\/\/www.hydraulic-cylinders.net\/cs\/wp-json\/wp\/v2\/types\/product"}],"replies":[{"embeddable":true,"href":"https:\/\/www.hydraulic-cylinders.net\/cs\/wp-json\/wp\/v2\/comments?post=1003"}],"wp:featuredmedia":[{"embeddable":true,"href":"https:\/\/www.hydraulic-cylinders.net\/cs\/wp-json\/wp\/v2\/media\/1006"}],"wp:attachment":[{"href":"https:\/\/www.hydraulic-cylinders.net\/cs\/wp-json\/wp\/v2\/media?parent=1003"}],"wp:term":[{"taxonomy":"product_brand","embeddable":true,"href":"https:\/\/www.hydraulic-cylinders.net\/cs\/wp-json\/wp\/v2\/product_brand?post=1003"},{"taxonomy":"product_cat","embeddable":true,"href":"https:\/\/www.hydraulic-cylinders.net\/cs\/wp-json\/wp\/v2\/product_cat?post=1003"},{"taxonomy":"product_tag","embeddable":true,"href":"https:\/\/www.hydraulic-cylinders.net\/cs\/wp-json\/wp\/v2\/product_tag?post=1003"}],"curies":[{"name":"wp","href":"https:\/\/api.w.org\/{rel}","templated":true}]}}