{"id":1012,"date":"2023-09-07T02:00:53","date_gmt":"2023-09-07T02:00:53","guid":{"rendered":"https:\/\/hydraulic-cylinders.net\/?post_type=product&#038;p=1012"},"modified":"2023-09-19T01:36:49","modified_gmt":"2023-09-19T01:36:49","slug":"rear-cover-trunnion-four-rod-hydraulic-cylinder","status":"publish","type":"product","link":"https:\/\/www.hydraulic-cylinders.net\/cs\/produkt\/rear-cover-trunnion-four-rod-hydraulic-cylinder\/","title":{"rendered":"Zadn\u00ed kryt \u010depu hydraulick\u00e9ho v\u00e1lce se \u010dty\u0159mi ty\u010demi"},"content":{"rendered":"<h1 style=\"text-align: center;\"><strong>Zadn\u00ed kryt \u010depu hydraulick\u00e9ho v\u00e1lce se \u010dty\u0159mi ty\u010demi<\/strong><\/h1>\n<p><img loading=\"lazy\" decoding=\"async\" class=\"size-full wp-image-1013 aligncenter\" src=\"https:\/\/hydraulic-cylinders.net\/wp-content\/uploads\/2023\/09\/rear-cover-trunnion-four-rod-hydraulic-cylinder-1-1.webp\" alt=\"\" width=\"231\" height=\"231\" srcset=\"https:\/\/www.hydraulic-cylinders.net\/wp-content\/uploads\/2023\/09\/rear-cover-trunnion-four-rod-hydraulic-cylinder-1-1.webp 231w, https:\/\/www.hydraulic-cylinders.net\/wp-content\/uploads\/2023\/09\/rear-cover-trunnion-four-rod-hydraulic-cylinder-1-1-100x100.webp 100w, https:\/\/www.hydraulic-cylinders.net\/wp-content\/uploads\/2023\/09\/rear-cover-trunnion-four-rod-hydraulic-cylinder-1-1-150x150.webp 150w, https:\/\/www.hydraulic-cylinders.net\/wp-content\/uploads\/2023\/09\/rear-cover-trunnion-four-rod-hydraulic-cylinder-1-1-12x12.webp 12w\" sizes=\"(max-width: 231px) 100vw, 231px\" \/><\/p>\n<p>\u010cty\u0159p\u00edstn\u00ed hydraulick\u00fd v\u00e1lec s \u010depem zadn\u00edho krytu je \u0161pi\u010dkov\u00fd komponent navr\u017een\u00fd tak, aby poskytoval v\u00fdjime\u010dn\u00fd v\u00fdkon, p\u0159esn\u00e9 ovl\u00e1d\u00e1n\u00ed a bezkonkuren\u010dn\u00ed v\u00fdkon v r\u016fzn\u00fdch pr\u016fmyslov\u00fdch aplikac\u00edch. D\u00edky inovativn\u00ed konstrukci \u010depu zadn\u00edho krytu a konfiguraci \u010dty\u0159 p\u00edstnic nab\u00edz\u00ed tento \u010dty\u0159p\u00edstn\u00ed hydraulick\u00fd v\u00e1lec zv\u00fd\u0161enou stabilitu, odolnost a nosnost, co\u017e z n\u011bj \u010din\u00ed nepostradateln\u00fd prvek v n\u00e1ro\u010dn\u00fdch hydraulick\u00fdch syst\u00e9mech.<\/p>\n<p>Z\u00e1kladn\u00ed vlastnosti \u010dty\u0159ty\u010dov\u00e9ho hydraulick\u00e9ho v\u00e1lce:<\/p>\n<p><strong>Konstrukce \u010depu zadn\u00edho krytu:<\/strong><\/p>\n<ol>\n<li style=\"list-style-type: none;\">\n<ul>\n<li>Konstrukce s \u010depem zadn\u00edho krytu poskytuje bezpe\u010dn\u00e9 a efektivn\u00ed instala\u010dn\u00ed \u0159e\u0161en\u00ed, kter\u00e9 zaji\u0161\u0165uje spolehliv\u00fd provoz i p\u0159i velk\u00e9m zat\u00ed\u017een\u00ed a extr\u00e9mn\u00edch podm\u00ednk\u00e1ch.<\/li>\n<li>Zjednodu\u0161uje instalaci a lze jej snadno integrovat do r\u016fzn\u00fdch hydraulick\u00fdch syst\u00e9m\u016f nebo za\u0159\u00edzen\u00ed.<\/li>\n<\/ul>\n<\/li>\n<\/ol>\n<p><strong>Konfigurace se \u010dty\u0159mi ty\u010demi:<\/strong><\/p>\n<ol>\n<li style=\"list-style-type: none;\">\n<ul>\n<li>\u010cty\u0159p\u00edstn\u00ed konfigurace zvy\u0161uje \u00fanosnost \u010dty\u0159p\u00edstn\u00edho hydraulick\u00e9ho v\u00e1lce a zaji\u0161\u0165uje optim\u00e1ln\u00ed stabilitu a p\u0159esn\u00e9 polohov\u00e1n\u00ed.<\/li>\n<li>Umo\u017e\u0148uje \u010dty\u0159p\u00edstov\u00e9mu hydraulick\u00e9mu v\u00e1lci efektivn\u011b odol\u00e1vat bo\u010dn\u00edmu zat\u00ed\u017een\u00ed a poskytuje v\u00fdjime\u010dnou odolnost v\u016f\u010di krutu a bo\u010dn\u00edm sil\u00e1m.<\/li>\n<\/ul>\n<\/li>\n<\/ol>\n<p><strong>Vysok\u00fd v\u00fdkon:<\/strong><\/p>\n<ol>\n<li style=\"list-style-type: none;\">\n<ul>\n<li>Tento \u010dty\u0159p\u00edstov\u00fd hydraulick\u00fd v\u00e1lec m\u00e1 p\u016fsobiv\u00fd v\u00fdkon, kter\u00fd mu umo\u017e\u0148uje snadno zvl\u00e1dat t\u011b\u017ek\u00e9 n\u00e1klady.<\/li>\n<li>Poskytuje vynikaj\u00edc\u00ed v\u00fdkon a tah, d\u00edky \u010demu\u017e je vhodn\u00fd pro aplikace, kter\u00e9 vy\u017eaduj\u00ed velkou s\u00edlu a nosnost.<\/li>\n<\/ul>\n<\/li>\n<\/ol>\n<p><strong>P\u0159esn\u00e9 ovl\u00e1d\u00e1n\u00ed:<\/strong><\/p>\n<ul>\n<li style=\"list-style-type: none;\">\n<ul>\n<li>\u010cty\u0159p\u00edstn\u00ed hydraulick\u00fd v\u00e1lec s \u010depem zadn\u00edho krytu zaji\u0161\u0165uje p\u0159esn\u00e9 line\u00e1rn\u00ed \u0159\u00edzen\u00ed pohybu a zaji\u0161\u0165uje tak p\u0159esn\u00e9 polohov\u00e1n\u00ed a plynul\u00fd provoz.<\/li>\n<li>Poskytuje vynikaj\u00edc\u00ed kontrolu zdvihu, co\u017e umo\u017e\u0148uje obsluze dos\u00e1hnout rychlosti a p\u0159esnosti pot\u0159ebn\u00e9 pro specifick\u00e9 \u00fakoly.<\/li>\n<\/ul>\n<\/li>\n<\/ul>\n<h2><strong>Parametr hydraulick\u00e9ho v\u00e1lce se \u010dty\u0159mi ty\u010demi zadn\u00edho krytu:<\/strong><\/h2>\n<p><img loading=\"lazy\" decoding=\"async\" class=\"alignnone wp-image-1010 size-full\" src=\"https:\/\/hydraulic-cylinders.net\/wp-content\/uploads\/2023\/09\/rear-cover-rectangular-flange-four-rod-hydraulic-cylinder-2.webp\" alt=\"\" width=\"655\" height=\"197\" srcset=\"https:\/\/hydraulic-cylinders.net\/wp-content\/uploads\/2023\/09\/rear-cover-rectangular-flange-four-rod-hydraulic-cylinder-2.webp 655w, https:\/\/hydraulic-cylinders.net\/wp-content\/uploads\/2023\/09\/rear-cover-rectangular-flange-four-rod-hydraulic-cylinder-2-480x144.webp 480w\" sizes=\"(min-width: 0px) and (max-width: 480px) 480px, (min-width: 481px) 655px, 100vw\" \/><\/p>\n<p><img loading=\"lazy\" decoding=\"async\" class=\"alignnone wp-image-1033 size-full\" src=\"https:\/\/hydraulic-cylinders.net\/wp-content\/uploads\/2023\/09\/d-db-dd-four-rod-hydraulic-cylinder.webp\" alt=\"\" width=\"655\" height=\"249\" srcset=\"https:\/\/hydraulic-cylinders.net\/wp-content\/uploads\/2023\/09\/d-db-dd-four-rod-hydraulic-cylinder.webp 655w, https:\/\/hydraulic-cylinders.net\/wp-content\/uploads\/2023\/09\/d-db-dd-four-rod-hydraulic-cylinder-480x182.webp 480w\" sizes=\"(min-width: 0px) and (max-width: 480px) 480px, (min-width: 481px) 655px, 100vw\" \/><\/p>\n<h2><strong>Zadn\u00ed kryt \u010depu hydraulick\u00e9ho v\u00e1lce se \u010dty\u0159mi ty\u010demi <\/strong><strong>Zp\u016fsob pou\u017eit\u00ed<\/strong><strong>:<\/strong><\/h2>\n<p><strong>Mont\u00e1\u017e a instalace:<\/strong><\/p>\n<ol>\n<li style=\"list-style-type: none;\">\n<ul>\n<li>Pro ur\u010den\u00ed vhodn\u00e9ho um\u00edst\u011bn\u00ed instalace hydraulick\u00e9ho v\u00e1lce v syst\u00e9mu nebo za\u0159\u00edzen\u00ed zva\u017ete po\u017eadavky na zat\u00ed\u017een\u00ed a prostorov\u00e1 omezen\u00ed.<\/li>\n<li>Ujist\u011bte se, \u017ee mont\u00e1\u017en\u00ed povrch je \u010dist\u00fd, rovn\u00fd a vhodn\u00fd pro unesen\u00ed hmotnosti v\u00e1lce.<\/li>\n<li>Um\u00edst\u011bte \u010depy zadn\u00edho krytu v jedn\u00e9 rovin\u011b s mont\u00e1\u017en\u00ed plochou a zajist\u011bte je doporu\u010den\u00fdmi \u0161rouby nebo upev\u0148ovac\u00edmi prvky.<\/li>\n<\/ul>\n<\/li>\n<\/ol>\n<p><strong>Hydraulick\u00e9 p\u0159ipojen\u00ed:<\/strong><\/p>\n<ol>\n<li style=\"list-style-type: none;\">\n<ul>\n<li>P\u0159ipojte p\u0159\u00edvodn\u00ed potrub\u00ed \u010dty\u0159p\u00edstnicov\u00e9ho hydraulick\u00e9ho v\u00e1lce k otvoru v\u00e1lce, abyste zajistili spr\u00e1vn\u00e9 ut\u011bsn\u011bn\u00ed a zabr\u00e1nili \u00faniku.<\/li>\n<li>Dodr\u017eujte doporu\u010den\u00ed v\u00fdrobce ohledn\u011b typu hydraulick\u00e9ho oleje a napl\u0148te syst\u00e9m na doporu\u010denou hladinu.<\/li>\n<\/ul>\n<\/li>\n<\/ol>\n<p><strong>Operace:<\/strong><\/p>\n<ul>\n<li style=\"list-style-type: none;\">\n<ul>\n<li>Aktivujte hydraulick\u00fd syst\u00e9m a ovl\u00e1dejte pohyb v\u00e1lce pomoc\u00ed hydraulick\u00e9ho regula\u010dn\u00edho ventilu nebo jin\u00e9ho vhodn\u00e9ho regula\u010dn\u00edho mechanismu.<\/li>\n<li>Upravte nastaven\u00ed pr\u016ftoku a tlaku pro dosa\u017een\u00ed po\u017eadovan\u00e9 rychlosti a v\u00fdstupn\u00ed s\u00edly.<\/li>\n<li>Pravideln\u011b sledujte provoz v\u00e1lce, zda nevykazuje zn\u00e1mky abnorm\u00e1ln\u00edho chov\u00e1n\u00ed, jako jsou net\u011bsnosti, p\u0159eh\u0159\u00edv\u00e1n\u00ed nebo neobvykl\u00fd hluk.<\/li>\n<\/ul>\n<\/li>\n<\/ul>\n<h2><strong>\u00dadr\u017eba hydraulick\u00e9ho v\u00e1lce se \u010dty\u0159mi p\u00edstnicemi zadn\u00edho krytu<\/strong><strong>:<\/strong><\/h2>\n<ol>\n<li><strong>Pravideln\u00e1 kontrola:<\/strong>\n<ul>\n<li>Prov\u00e1d\u011bjte pravideln\u00e9 vizu\u00e1ln\u00ed kontroly, abyste zkontrolovali zn\u00e1mky opot\u0159eben\u00ed, net\u011bsnost\u00ed nebo po\u0161kozen\u00ed.<\/li>\n<li>Zkontrolujte povrch p\u00edstnice, t\u011bsn\u011bn\u00ed a mont\u00e1\u017en\u00ed spoje, zda nevykazuj\u00ed n\u011bjak\u00e9 abnormality, a p\u0159\u00edpadn\u00e9 probl\u00e9my neprodlen\u011b vy\u0159e\u0161te.<\/li>\n<\/ul>\n<\/li>\n<li><strong>Maz\u00e1n\u00ed:<\/strong>\n<ul>\n<li>Dodr\u017eujte pokyny v\u00fdrobce ohledn\u011b interval\u016f maz\u00e1n\u00ed a pou\u017e\u00edvejte doporu\u010den\u00e9 mazivo pro zaji\u0161t\u011bn\u00ed hladk\u00e9ho provozu.<\/li>\n<li>Naneste mazivo na p\u00edstnici, t\u011bsn\u011bn\u00ed a dal\u0161\u00ed pohybliv\u00e9 \u010d\u00e1sti, abyste minimalizovali t\u0159en\u00ed a prodlou\u017eili \u017eivotnost v\u00e1lce.<\/li>\n<\/ul>\n<\/li>\n<li><strong>V\u00fdm\u011bna t\u011bsn\u011bn\u00ed:<\/strong>\n<ul>\n<li>Postupem \u010dasu se t\u011bsn\u011bn\u00ed mohou opot\u0159ebovat a je nutn\u00e9 je vym\u011bnit. Pokud zjist\u00edte net\u011bsnost, opatrn\u011b odstra\u0148te star\u00e1 t\u011bsn\u011bn\u00ed a nainstalujte nov\u00e1 podle pokyn\u016f v\u00fdrobce.<\/li>\n<\/ul>\n<\/li>\n<\/ol>\n<h2><strong>Jak se rekonstruuje hydraulick\u00fd v\u00e1lec\uff1f<\/strong><\/h2>\n<p>Rekonstrukce hydraulick\u00e9ho v\u00e1lce zahrnuje demont\u00e1\u017e v\u00e1lce, kontrolu jeho sou\u010d\u00e1st\u00ed, v\u00fdm\u011bnu opot\u0159ebovan\u00fdch nebo po\u0161kozen\u00fdch d\u00edl\u016f a jeho op\u011btovnou mont\u00e1\u017e za \u00fa\u010delem obnoven\u00ed jeho funk\u010dnosti. Zde je obecn\u00fd podrobn\u00fd n\u00e1vod, jak prov\u00e9st rekonstrukci hydraulick\u00e9ho v\u00e1lce:<\/p>\n<ol>\n<li><strong>Shrom\u00e1\u017ed\u011bte pot\u0159ebn\u00e9 n\u00e1stroje a vybaven\u00ed:<\/strong>\n<ul>\n<li>P\u0159ed zah\u00e1jen\u00edm procesu repase si p\u0159ipravte pot\u0159ebn\u00e9 n\u00e1stroje, jako jsou kl\u00ed\u010de, kle\u0161t\u011b, gumov\u00e9 kladivo, honovac\u00ed n\u00e1stroj na v\u00e1lce, nov\u00e1 t\u011bsn\u011bn\u00ed a O-krou\u017eky, n\u00e1stroj pro mont\u00e1\u017e t\u011bsn\u011bn\u00ed a sadu na opravu hydraulick\u00e9ho v\u00e1lce.<\/li>\n<\/ul>\n<\/li>\n<li><strong>Bezpe\u010dnostn\u00ed opat\u0159en\u00ed:<\/strong>\n<ul>\n<li>Ujist\u011bte se, \u017ee hydraulick\u00fd syst\u00e9m je bez tlaku a v\u00e1lec je odpojen od jak\u00e9hokoli zdroje nap\u00e1jen\u00ed.<\/li>\n<li>B\u011bhem rekonstrukce pou\u017e\u00edvejte vhodn\u00e9 ochrann\u00e9 prost\u0159edky (OOP), jako jsou rukavice a ochrann\u00e9 br\u00fdle, abyste se chr\u00e1nili.<\/li>\n<\/ul>\n<\/li>\n<li><strong>Demont\u00e1\u017e v\u00e1lce:<\/strong>\n<ul>\n<li>Demontujte hydraulick\u00fd v\u00e1lec ze za\u0159\u00edzen\u00ed nebo syst\u00e9mu.<\/li>\n<li>Opatrn\u011b rozeberte v\u00e1lec, za\u010dn\u011bte odstran\u011bn\u00edm koncov\u00fdch uz\u00e1v\u011br\u016f nebo pojistn\u00fdch krou\u017ek\u016f.<\/li>\n<li>\u00dapln\u00fdm zata\u017een\u00edm ty\u010de uvoln\u011bte tlak ve v\u00e1lci.<\/li>\n<li>Pro p\u0159esnou op\u011btovnou mont\u00e1\u017e si poznamenejte po\u0159ad\u00ed demontovan\u00fdch sou\u010d\u00e1st\u00ed.<\/li>\n<\/ul>\n<\/li>\n<li><strong>Kontrola sou\u010d\u00e1st\u00ed:<\/strong>\n<ul>\n<li>Zkontrolujte v\u0161echny sou\u010d\u00e1sti v\u00e1lce, v\u010detn\u011b ty\u010de, p\u00edstu, t\u011bsn\u011bn\u00ed a lo\u017eisek, zda nevykazuj\u00ed zn\u00e1mky opot\u0159eben\u00ed, po\u0161kozen\u00ed nebo koroze.<\/li>\n<li>Zm\u011b\u0159te rozm\u011bry kritick\u00fdch sou\u010d\u00e1st\u00ed, jako je pr\u016fm\u011br ty\u010de a d\u00edry, abyste se ujistili, \u017ee odpov\u00eddaj\u00ed specifikac\u00edm.<\/li>\n<li>V\u011bnujte zv\u00fd\u0161enou pozornost stavu t\u011bsn\u011bn\u00ed a O-krou\u017ek\u016f, proto\u017ee jsou zn\u00e1m\u00fdmi zdroji probl\u00e9m\u016f s hydraulick\u00fdmi v\u00e1lci.<\/li>\n<\/ul>\n<\/li>\n<li><strong>V\u00fdm\u011bna opot\u0159ebovan\u00fdch nebo po\u0161kozen\u00fdch d\u00edl\u016f:<\/strong>\n<ul>\n<li>Vym\u011b\u0148te v\u0161echna t\u011bsn\u011bn\u00ed, O-krou\u017eky nebo jin\u00e9 po\u0161kozen\u00e9 sou\u010d\u00e1sti zji\u0161t\u011bn\u00e9 b\u011bhem kontroly.<\/li>\n<li>Ujist\u011bte se, \u017ee n\u00e1hradn\u00ed d\u00edly jsou kompatibiln\u00ed s modelem v\u00e1lce a spl\u0148uj\u00ed po\u017eadovan\u00e9 specifikace.<\/li>\n<li>P\u0159ed instalac\u00ed nama\u017ete nov\u00e1 t\u011bsn\u011bn\u00ed nebo O-krou\u017eky hydraulick\u00fdm olejem.<\/li>\n<\/ul>\n<\/li>\n<li><strong>Znovumont\u00e1\u017e v\u00e1lce:<\/strong>\n<ul>\n<li>V\u0161echny rozebran\u00e9 sou\u010d\u00e1sti d\u016fkladn\u011b o\u010dist\u011bte, abyste odstranili ve\u0161ker\u00e9 ne\u010distoty a \u00falomky.<\/li>\n<li>B\u011bhem zp\u011btn\u00e9 mont\u00e1\u017ee naneste na sou\u010d\u00e1sti tenkou vrstvu hydraulick\u00e9ho oleje pro zaji\u0161t\u011bn\u00ed maz\u00e1n\u00ed.<\/li>\n<li>Pro zaji\u0161t\u011bn\u00ed spr\u00e1vn\u00e9 mont\u00e1\u017ee a uta\u017een\u00ed spojovac\u00edch prvk\u016f dodr\u017eujte pokyny v\u00fdrobce nebo opravnou p\u0159\u00edru\u010dku.<\/li>\n<\/ul>\n<\/li>\n<li><strong>Testov\u00e1n\u00ed a instalace:<\/strong>\n<ul>\n<li>Jakmile je v\u00e1lec znovu smontov\u00e1n, otestujte jeho funk\u010dnost aplikac\u00ed hydraulick\u00e9ho tlaku.<\/li>\n<li>B\u011bhem testov\u00e1n\u00ed zkontrolujte, zda nedoch\u00e1z\u00ed k net\u011bsnostem, abnorm\u00e1ln\u00edm zvuk\u016fm nebo nepravideln\u00fdm pohyb\u016fm.<\/li>\n<li>Pokud v\u00e1lec funguje hladce a bez probl\u00e9m\u016f, lze jej znovu nainstalovat do za\u0159\u00edzen\u00ed nebo syst\u00e9mu.<\/li>\n<\/ul>\n<\/li>\n<\/ol>\n<h2><strong>Schopnosti a kapacita tov\u00e1rny:<\/strong><\/h2>\n<h3>(1) Mont\u00e1\u017e<\/h3>\n<p>Disponujeme prvot\u0159\u00eddn\u00ed nez\u00e1vislou v\u00fdzkumnou a v\u00fdvojovou mont\u00e1\u017en\u00ed platformou. D\u00edlna na v\u00fdrobu hydraulick\u00fdch v\u00e1lc\u016f m\u00e1 \u010dty\u0159i poloautomatick\u00e9 mont\u00e1\u017en\u00ed linky pro zvedac\u00ed v\u00e1lce a jednu automatickou mont\u00e1\u017en\u00ed linku pro nakl\u00e1p\u011bc\u00ed v\u00e1lce s projektovanou ro\u010dn\u00ed v\u00fdrobn\u00ed kapacitou 1 milion kus\u016f. D\u00edlna na speci\u00e1ln\u00ed v\u00e1lce je vybavena poloautomatick\u00fdm \u010distic\u00edm mont\u00e1\u017en\u00edm syst\u00e9mem s r\u016fzn\u00fdmi specifikacemi a projektovanou ro\u010dn\u00ed v\u00fdrobn\u00ed kapacitou 200 000 kus\u016f a je vybavena zn\u00e1m\u00fdm CNC obr\u00e1b\u011bc\u00edm za\u0159\u00edzen\u00edm, obr\u00e1b\u011bc\u00edm centrem, vysoce p\u0159esn\u00fdm speci\u00e1ln\u00edm za\u0159\u00edzen\u00edm pro zpracov\u00e1n\u00ed v\u00e1lc\u016f, robotick\u00fdm sva\u0159ovac\u00edm strojem, automatick\u00fdm \u010distic\u00edm strojem, automatick\u00fdm mont\u00e1\u017en\u00edm strojem pro v\u00e1lce a automatickou lakovac\u00ed v\u00fdrobn\u00ed linkou. St\u00e1vaj\u00edc\u00ed kritick\u00e9 vybaven\u00ed m\u00e1 v\u00edce ne\u017e 300 sad. Optim\u00e1ln\u00ed alokace a efektivn\u00ed vyu\u017eit\u00ed zdroj\u016f za\u0159\u00edzen\u00ed zaji\u0161\u0165uje po\u017eadavky na p\u0159esnost v\u00fdrobk\u016f a spl\u0148uje po\u017eadavky na vysokou kvalitu v\u00fdrobk\u016f.<\/p>\n<p><img loading=\"lazy\" decoding=\"async\" class=\"alignnone wp-image-626\" src=\"https:\/\/hydraulic-cylinders.net\/wp-content\/uploads\/2023\/08\/hydraulic-cylinder-product-1-300x158.webp\" alt=\"\" width=\"495\" height=\"260\" srcset=\"https:\/\/hydraulic-cylinders.net\/wp-content\/uploads\/2023\/08\/hydraulic-cylinder-product-1-300x158.webp 495w, https:\/\/hydraulic-cylinders.net\/wp-content\/uploads\/2023\/08\/hydraulic-cylinder-product-1-480x252.webp 480w\" sizes=\"(min-width: 0px) and (max-width: 480px) 480px, (min-width: 481px) 495px, 100vw\" \/> <img loading=\"lazy\" decoding=\"async\" class=\"alignnone wp-image-627\" src=\"https:\/\/hydraulic-cylinders.net\/wp-content\/uploads\/2023\/08\/hydraulic-cylinder-product-2-300x189.webp\" alt=\"\" width=\"413\" height=\"260\" \/><\/p>\n<h3>(2) Obr\u00e1b\u011bn\u00ed<\/h3>\n<p>Obrobna je vybavena zak\u00e1zkov\u00fdm soustru\u017enick\u00fdm centrem pro \u0161ikm\u00e9 kolejnice, obr\u00e1b\u011bc\u00edm centrem, vysokorychlostn\u00edm honovac\u00edm strojem, sva\u0159ovac\u00edm robotem a dal\u0161\u00edm souvisej\u00edc\u00edm za\u0159\u00edzen\u00edm, kter\u00e9 zvl\u00e1dne obr\u00e1b\u011bn\u00ed v\u00e1lcov\u00fdch trubek s maxim\u00e1ln\u00edm vnit\u0159n\u00edm pr\u016fm\u011brem 400 mm a maxim\u00e1ln\u00ed d\u00e9lkou 6 metr\u016f.<\/p>\n<p><img loading=\"lazy\" decoding=\"async\" class=\"alignnone wp-image-628 size-large\" src=\"https:\/\/hydraulic-cylinders.net\/wp-content\/uploads\/2023\/08\/hydraulic-cylinder-product-3-1024x391.webp\" alt=\"\" width=\"1024\" height=\"391\" srcset=\"https:\/\/hydraulic-cylinders.net\/wp-content\/uploads\/2023\/08\/hydraulic-cylinder-product-3-980x374.webp 980w, https:\/\/hydraulic-cylinders.net\/wp-content\/uploads\/2023\/08\/hydraulic-cylinder-product-3-480x183.webp 480w\" sizes=\"(min-width: 0px) and (max-width: 480px) 480px, (min-width: 481px) and (max-width: 980px) 980px, (min-width: 981px) 1024px, 100vw\" \/><\/p>\n<h3>(3) Sva\u0159ov\u00e1n\u00ed<\/h3>\n<p><img loading=\"lazy\" decoding=\"async\" class=\"alignnone wp-image-629 size-large\" src=\"https:\/\/hydraulic-cylinders.net\/wp-content\/uploads\/2023\/08\/hydraulic-cylinder-product-4-1024x510.webp\" alt=\"\" width=\"1024\" height=\"510\" srcset=\"https:\/\/hydraulic-cylinders.net\/wp-content\/uploads\/2023\/08\/hydraulic-cylinder-product-4-980x488.webp 980w, https:\/\/hydraulic-cylinders.net\/wp-content\/uploads\/2023\/08\/hydraulic-cylinder-product-4-480x239.webp 480w\" sizes=\"(min-width: 0px) and (max-width: 480px) 480px, (min-width: 481px) and (max-width: 980px) 980px, (min-width: 981px) 1024px, 100vw\" \/><\/p>\n<h3>(4) Lakov\u00e1n\u00ed a n\u00e1t\u011bry<\/h3>\n<p>S mal\u00fdmi a st\u0159edn\u00edmi v\u00e1lcov\u00fdmi automatick\u00fdmi linkami na nan\u00e1\u0161en\u00ed barev na vodn\u00ed b\u00e1zi, pro dosa\u017een\u00ed automatick\u00e9ho robotick\u00e9ho nakl\u00e1d\u00e1n\u00ed a vykl\u00e1d\u00e1n\u00ed a automatick\u00e9ho st\u0159\u00edk\u00e1n\u00ed, je konstruk\u010dn\u00ed kapacita 4000 kus\u016f za sm\u011bnu;<br \/>\nM\u00e1me tak\u00e9 poloautomatickou linku na v\u00fdrobu barev pro velk\u00e9 tlakov\u00e9 lahve poh\u00e1n\u011bn\u00e9 \u0159et\u011bzem s konstruk\u010dn\u00ed kapacitou 60 lahv\u00ed za sm\u011bnu.<\/p>\n<p><img loading=\"lazy\" decoding=\"async\" class=\"alignnone wp-image-630\" src=\"https:\/\/hydraulic-cylinders.net\/wp-content\/uploads\/2023\/08\/hydraulic-cylinder-product-5-300x213.webp\" alt=\"\" width=\"366\" height=\"260\" \/> <img loading=\"lazy\" decoding=\"async\" class=\"alignnone wp-image-631\" src=\"https:\/\/hydraulic-cylinders.net\/wp-content\/uploads\/2023\/08\/hydraulic-cylinder-product-6-300x225.webp\" alt=\"\" width=\"347\" height=\"260\" \/><\/p>\n<h3>(5) Testov\u00e1n\u00ed<\/h3>\n<p>Disponujeme prvot\u0159\u00eddn\u00edmi inspek\u010dn\u00edmi za\u0159\u00edzen\u00edmi a zku\u0161ebn\u00edmi laborato\u0159emi, abychom zajistili, \u017ee v\u00fdkon v\u00e1lce spl\u0148uje po\u017eadavky.<\/p>\n<p><img loading=\"lazy\" decoding=\"async\" class=\"alignnone wp-image-632\" src=\"https:\/\/hydraulic-cylinders.net\/wp-content\/uploads\/2023\/08\/hydraulic-cylinder-product-8-300x200.webp\" alt=\"\" width=\"389\" height=\"260\" \/><\/p>\n<p>&nbsp;<\/p>\n<p>&nbsp;<\/p>\n<p>Jsme jedn\u00edm z nejlep\u0161\u00edch v\u00fdrobc\u016f lehk\u00fdch \u010dty\u0159ty\u010dov\u00fdch hydraulick\u00fdch v\u00e1lc\u016f. Nab\u00edz\u00edme komplexn\u00ed sortiment lehk\u00fdch \u010dty\u0159ty\u010dov\u00fdch hydraulick\u00fdch v\u00e1lc\u016f. Dod\u00e1v\u00e1me tak\u00e9 odpov\u00eddaj\u00edc\u00ed <a href=\"https:\/\/hzpt.com\/agricultural-pto-gearbox\/\" target=\"_blank\" rel=\"noopener\">zem\u011bd\u011blsk\u00e9 p\u0159evodovky<\/a>Na\u0161e v\u00fdrobky jsme exportovali klient\u016fm po cel\u00e9m sv\u011bt\u011b a d\u00edky vynikaj\u00edc\u00ed kvalit\u011b v\u00fdrobk\u016f a poprodejn\u00edmu servisu jsme si z\u00edskali dobrou pov\u011bst. Srde\u010dn\u011b v\u00edt\u00e1me z\u00e1kazn\u00edky doma i v zahrani\u010d\u00ed, kte\u0159\u00ed n\u00e1s kontaktuj\u00ed za \u00fa\u010delem vyjedn\u00e1v\u00e1n\u00ed obchodn\u00edch p\u0159\u00edle\u017eitost\u00ed, v\u00fdm\u011bny informac\u00ed a\u00a0<a href=\"https:\/\/www.hydraulic-cylinders.net\/cs\/contact-us\/\">spolupracujte s n\u00e1mi<\/a>!<\/p>\n<h2><\/h2>\n<h2><\/h2>\n<h2><\/h2>","protected":false},"excerpt":{"rendered":"<p>Rear Cover Trunnion Four Rod Hydraulic Cylinder The rear cover trunnion four rod hydraulic cylinder is a cutting-edge component designed to provide exceptional power, precise control, and unmatched performance in various industrial applications. With its innovative rear cover trunnion design and four rod configuration, this four rod hydraulic cylinder offers enhanced stability, durability, and load-bearing [&hellip;]<\/p>","protected":false},"featured_media":1039,"comment_status":"open","ping_status":"closed","template":"","meta":{"_et_pb_use_builder":"","_et_pb_old_content":"","_et_gb_content_width":""},"product_brand":[],"product_cat":[1376,1386],"product_tag":[1380],"class_list":{"0":"post-1012","1":"product","2":"type-product","3":"status-publish","4":"has-post-thumbnail","6":"product_cat-hydraulic-cylinder","7":"product_cat-four-rod-hydraulic-cylinder","8":"product_tag-hydraulic-cylinder","10":"first","11":"instock","12":"shipping-taxable","13":"product-type-simple"},"amp_enabled":true,"_links":{"self":[{"href":"https:\/\/www.hydraulic-cylinders.net\/cs\/wp-json\/wp\/v2\/product\/1012","targetHints":{"allow":["GET"]}}],"collection":[{"href":"https:\/\/www.hydraulic-cylinders.net\/cs\/wp-json\/wp\/v2\/product"}],"about":[{"href":"https:\/\/www.hydraulic-cylinders.net\/cs\/wp-json\/wp\/v2\/types\/product"}],"replies":[{"embeddable":true,"href":"https:\/\/www.hydraulic-cylinders.net\/cs\/wp-json\/wp\/v2\/comments?post=1012"}],"wp:featuredmedia":[{"embeddable":true,"href":"https:\/\/www.hydraulic-cylinders.net\/cs\/wp-json\/wp\/v2\/media\/1039"}],"wp:attachment":[{"href":"https:\/\/www.hydraulic-cylinders.net\/cs\/wp-json\/wp\/v2\/media?parent=1012"}],"wp:term":[{"taxonomy":"product_brand","embeddable":true,"href":"https:\/\/www.hydraulic-cylinders.net\/cs\/wp-json\/wp\/v2\/product_brand?post=1012"},{"taxonomy":"product_cat","embeddable":true,"href":"https:\/\/www.hydraulic-cylinders.net\/cs\/wp-json\/wp\/v2\/product_cat?post=1012"},{"taxonomy":"product_tag","embeddable":true,"href":"https:\/\/www.hydraulic-cylinders.net\/cs\/wp-json\/wp\/v2\/product_tag?post=1012"}],"curies":[{"name":"wp","href":"https:\/\/api.w.org\/{rel}","templated":true}]}}