{"id":1014,"date":"2023-09-07T02:36:18","date_gmt":"2023-09-07T02:36:18","guid":{"rendered":"https:\/\/hydraulic-cylinders.net\/?post_type=product&#038;p=1014"},"modified":"2023-09-19T01:36:38","modified_gmt":"2023-09-19T01:36:38","slug":"middle-fixed-trunnion-four-rod-hydraulic-cylinder","status":"publish","type":"product","link":"https:\/\/www.hydraulic-cylinders.net\/cs\/produkt\/middle-fixed-trunnion-four-rod-hydraulic-cylinder\/","title":{"rendered":"St\u0159edn\u00ed pevn\u00fd \u010dep se \u010dty\u0159mi ty\u010demi hydraulick\u00e9ho v\u00e1lce"},"content":{"rendered":"<h1 style=\"text-align: center;\"><strong>St\u0159edn\u00ed pevn\u00fd \u010dep se \u010dty\u0159mi ty\u010demi hydraulick\u00e9ho v\u00e1lce<\/strong><\/h1>\n<p><img loading=\"lazy\" decoding=\"async\" class=\"size-full wp-image-1015 aligncenter\" src=\"https:\/\/hydraulic-cylinders.net\/wp-content\/uploads\/2023\/09\/middle-fixed-trunnion-four-rod-hydraulic-cylinder-1.webp\" alt=\"\" width=\"227\" height=\"227\" srcset=\"https:\/\/www.hydraulic-cylinders.net\/wp-content\/uploads\/2023\/09\/middle-fixed-trunnion-four-rod-hydraulic-cylinder-1.webp 227w, https:\/\/www.hydraulic-cylinders.net\/wp-content\/uploads\/2023\/09\/middle-fixed-trunnion-four-rod-hydraulic-cylinder-1-100x100.webp 100w, https:\/\/www.hydraulic-cylinders.net\/wp-content\/uploads\/2023\/09\/middle-fixed-trunnion-four-rod-hydraulic-cylinder-1-150x150.webp 150w, https:\/\/www.hydraulic-cylinders.net\/wp-content\/uploads\/2023\/09\/middle-fixed-trunnion-four-rod-hydraulic-cylinder-1-12x12.webp 12w\" sizes=\"(max-width: 227px) 100vw, 227px\" \/><\/p>\n<p>\u010cty\u0159p\u00edstn\u00ed hydraulick\u00fd v\u00e1lec s pevn\u00fdm \u010depem uprost\u0159ed je nejmodern\u011bj\u0161\u00ed hydraulick\u00fd komponent navr\u017een\u00fd pro poskytov\u00e1n\u00ed v\u00fdjime\u010dn\u00e9ho v\u00fdkonu, stability a p\u0159esnosti v \u0161irok\u00e9 \u0161k\u00e1le pr\u016fmyslov\u00fdch aplikac\u00ed. D\u00edky inovativn\u00ed konstrukci s pevn\u00fdm \u010depem uprost\u0159ed a konfiguraci se \u010dty\u0159mi p\u00edstnicemi nab\u00edz\u00ed tento \u010dty\u0159p\u00edstn\u00ed hydraulick\u00fd v\u00e1lec vynikaj\u00edc\u00ed nosnost, odolnost a spolehliv\u00fd v\u00fdkon, co\u017e z n\u011bj \u010din\u00ed nezbytn\u00fd prvek v n\u00e1ro\u010dn\u00fdch hydraulick\u00fdch syst\u00e9mech.<\/p>\n<p>Z\u00e1kladn\u00ed vlastnosti \u010dty\u0159ty\u010dov\u00e9ho hydraulick\u00e9ho v\u00e1lce:<\/p>\n<p><strong>Konstrukce st\u0159edov\u00e9ho pevn\u00e9ho \u010depu:<\/strong><\/p>\n<ol>\n<li style=\"list-style-type: none;\">\n<ul>\n<li>Konstrukce s mezilehl\u00fdm pevn\u00fdm \u010depem poskytuje bezpe\u010dn\u00e9 a stabiln\u00ed instala\u010dn\u00ed \u0159e\u0161en\u00ed, kter\u00e9 zaji\u0161\u0165uje spolehliv\u00fd provoz i p\u0159i velk\u00e9m zat\u00ed\u017een\u00ed a extr\u00e9mn\u00edch podm\u00ednk\u00e1ch.<\/li>\n<li>Zjednodu\u0161uje proces instalace a lze jej snadno integrovat do r\u016fzn\u00fdch hydraulick\u00fdch syst\u00e9m\u016f nebo za\u0159\u00edzen\u00ed.<\/li>\n<\/ul>\n<\/li>\n<\/ol>\n<p><strong>Konfigurace se \u010dty\u0159mi ty\u010demi:<\/strong><\/p>\n<ol>\n<li style=\"list-style-type: none;\">\n<ul>\n<li>\u010cty\u0159ty\u010dov\u00e1 konfigurace zvy\u0161uje \u00fanosnost v\u00e1lce a zaji\u0161\u0165uje optim\u00e1ln\u00ed stabilitu a p\u0159esn\u00e9 polohov\u00e1n\u00ed.<\/li>\n<li>Umo\u017e\u0148uje v\u00e1lci efektivn\u011b odol\u00e1vat bo\u010dn\u00edmu zat\u00ed\u017een\u00ed a poskytuje v\u00fdjime\u010dnou odolnost v\u016f\u010di torzi a p\u0159\u00ed\u010dn\u00fdm sil\u00e1m.<\/li>\n<\/ul>\n<\/li>\n<\/ol>\n<p><strong>Vysok\u00fd v\u00fdkon:<\/strong><\/p>\n<ol>\n<li style=\"list-style-type: none;\">\n<ul>\n<li>Tento \u010dty\u0159p\u00edstov\u00fd hydraulick\u00fd v\u00e1lec m\u00e1 p\u016fsobiv\u00fd v\u00fdkon, kter\u00fd mu umo\u017e\u0148uje snadno zvl\u00e1dat t\u011b\u017ek\u00e9 n\u00e1klady.<\/li>\n<li>Poskytuje vynikaj\u00edc\u00ed v\u00fdkon a tah, d\u00edky \u010demu\u017e je vhodn\u00fd pro aplikace vy\u017eaduj\u00edc\u00ed pevnost a nosnost.<\/li>\n<\/ul>\n<\/li>\n<\/ol>\n<p><strong>P\u0159esn\u00e9 ovl\u00e1d\u00e1n\u00ed:<\/strong><\/p>\n<ul>\n<li style=\"list-style-type: none;\">\n<ul>\n<li>\u010cty\u0159p\u00edstn\u00ed hydraulick\u00fd v\u00e1lec s pevn\u00fdm \u010depem uprost\u0159ed dok\u00e1\u017ee p\u0159esn\u011b \u0159\u00eddit line\u00e1rn\u00ed pohyb a zajistit tak p\u0159esn\u00e9 polohov\u00e1n\u00ed a plynul\u00fd chod.<\/li>\n<li>Poskytuje vynikaj\u00edc\u00ed kontrolu zdvihu, co\u017e umo\u017e\u0148uje obsluze dos\u00e1hnout rychlosti a p\u0159esnosti pot\u0159ebn\u00e9 pro specifick\u00e9 \u00fakoly.<\/li>\n<\/ul>\n<\/li>\n<\/ul>\n<h2><strong>Parametr hydraulick\u00e9ho v\u00e1lce se \u010dty\u0159mi ty\u010demi se st\u0159edn\u00edm pevn\u00fdm \u010depem:<\/strong><\/h2>\n<p><img loading=\"lazy\" decoding=\"async\" class=\"alignnone wp-image-1016 size-full\" src=\"https:\/\/hydraulic-cylinders.net\/wp-content\/uploads\/2023\/09\/middle-fixed-trunnion-four-rod-hydraulic-cylinder.webp\" alt=\"\" width=\"655\" height=\"191\" srcset=\"https:\/\/hydraulic-cylinders.net\/wp-content\/uploads\/2023\/09\/middle-fixed-trunnion-four-rod-hydraulic-cylinder.webp 655w, https:\/\/hydraulic-cylinders.net\/wp-content\/uploads\/2023\/09\/middle-fixed-trunnion-four-rod-hydraulic-cylinder-480x140.webp 480w\" sizes=\"(min-width: 0px) and (max-width: 480px) 480px, (min-width: 481px) 655px, 100vw\" \/><\/p>\n<p><img loading=\"lazy\" decoding=\"async\" class=\"alignnone wp-image-1033 size-full\" src=\"https:\/\/hydraulic-cylinders.net\/wp-content\/uploads\/2023\/09\/d-db-dd-four-rod-hydraulic-cylinder.webp\" alt=\"\" width=\"655\" height=\"249\" srcset=\"https:\/\/hydraulic-cylinders.net\/wp-content\/uploads\/2023\/09\/d-db-dd-four-rod-hydraulic-cylinder.webp 655w, https:\/\/hydraulic-cylinders.net\/wp-content\/uploads\/2023\/09\/d-db-dd-four-rod-hydraulic-cylinder-480x182.webp 480w\" sizes=\"(min-width: 0px) and (max-width: 480px) 480px, (min-width: 481px) 655px, 100vw\" \/><\/p>\n<h2><strong>St\u0159edn\u00ed pevn\u00fd \u010dep se \u010dty\u0159mi ty\u010demi hydraulick\u00e9ho v\u00e1lce <\/strong><strong>Zp\u016fsob pou\u017eit\u00ed<\/strong><strong>:<\/strong><\/h2>\n<p><strong>Mont\u00e1\u017e a instalace:<\/strong><\/p>\n<ol>\n<li style=\"list-style-type: none;\">\n<ul>\n<li>Pro ur\u010den\u00ed vhodn\u00e9ho m\u00edsta instalace \u010dty\u0159p\u00edstov\u00e9ho hydraulick\u00e9ho v\u00e1lce v syst\u00e9mu nebo za\u0159\u00edzen\u00ed zva\u017ete po\u017eadavky na zat\u00ed\u017een\u00ed a prostorov\u00e1 omezen\u00ed.<\/li>\n<li>Ujist\u011bte se, \u017ee mont\u00e1\u017en\u00ed povrch je \u010dist\u00fd, rovn\u00fd a schopen un\u00e9st hmotnost v\u00e1lce.<\/li>\n<li>P\u0159ipevn\u011bte prost\u0159edn\u00ed upev\u0148ovac\u00ed \u010depy k mont\u00e1\u017en\u00ed plo\u0161e pomoc\u00ed doporu\u010den\u00fdch \u0161roub\u016f nebo spojovac\u00edch prvk\u016f.<\/li>\n<\/ul>\n<\/li>\n<\/ol>\n<p><strong>Hydraulick\u00e9 p\u0159ipojen\u00ed:<\/strong><\/p>\n<ol>\n<li style=\"list-style-type: none;\">\n<ul>\n<li>P\u0159ipojte hydraulick\u00e9 p\u0159\u00edvodn\u00ed potrub\u00ed k otvoru v\u00e1lce a zajist\u011bte jeho \u0159\u00e1dn\u00e9 ut\u011bsn\u011bn\u00ed, aby se zabr\u00e1nilo \u00faniku.<\/li>\n<li>Dodr\u017eujte doporu\u010den\u00ed v\u00fdrobce ohledn\u011b typu hydraulick\u00e9ho oleje a napl\u0148te syst\u00e9m na doporu\u010denou hladinu.<\/li>\n<\/ul>\n<\/li>\n<\/ol>\n<p><strong>Operace:<\/strong><\/p>\n<ul>\n<li style=\"list-style-type: none;\">\n<ul>\n<li>Aktivujte hydraulick\u00fd syst\u00e9m a ovl\u00e1dejte pohyb v\u00e1lce pomoc\u00ed hydraulick\u00e9ho regula\u010dn\u00edho ventilu nebo jin\u00e9ho vhodn\u00e9ho regula\u010dn\u00edho mechanismu.<\/li>\n<li>Upravte nastaven\u00ed pr\u016ftoku a tlaku pro dosa\u017een\u00ed po\u017eadovan\u00e9 rychlosti a v\u00fdstupn\u00ed s\u00edly.<\/li>\n<li>Pravideln\u011b sledujte provoz v\u00e1lce, zda se nevyskytuj\u00ed abnorm\u00e1ln\u00ed projevy, jako je net\u011bsnost, p\u0159eh\u0159\u00e1t\u00ed nebo neobvykl\u00fd hluk.<\/li>\n<\/ul>\n<\/li>\n<\/ul>\n<h2><strong>St\u0159edn\u00ed pevn\u00fd \u010dep se \u010dty\u0159mi ty\u010demi hydraulick\u00e9ho v\u00e1lce <\/strong><strong>\u00dadr\u017eba<\/strong><strong>:<\/strong><\/h2>\n<p><strong>Pravideln\u00e1 kontrola:<\/strong><\/p>\n<ol>\n<li style=\"list-style-type: none;\">\n<ul>\n<li>Prov\u00e1d\u011bjte pravideln\u00e9 vizu\u00e1ln\u00ed kontroly, abyste zkontrolovali zn\u00e1mky opot\u0159eben\u00ed, net\u011bsnosti nebo po\u0161kozen\u00ed.<\/li>\n<li>Zkontrolujte povrchy p\u00edstnic, t\u011bsn\u011bn\u00ed a mont\u00e1\u017en\u00ed spoje, zda nevykazuj\u00ed abnormality, a p\u0159\u00edpadn\u00e9 probl\u00e9my neprodlen\u011b \u0159e\u0161te.<\/li>\n<\/ul>\n<\/li>\n<\/ol>\n<p><strong>Maz\u00e1n\u00ed:<\/strong><\/p>\n<ol>\n<li style=\"list-style-type: none;\">\n<ul>\n<li>Dodr\u017eujte pokyny v\u00fdrobce ohledn\u011b interval\u016f maz\u00e1n\u00ed a pou\u017e\u00edvejte doporu\u010den\u00e9 mazivo pro zaji\u0161t\u011bn\u00ed hladk\u00e9ho provozu.<\/li>\n<li>Proma\u017ete p\u00edstnice, t\u011bsn\u011bn\u00ed a dal\u0161\u00ed pohybliv\u00e9 \u010d\u00e1sti, abyste sn\u00ed\u017eili t\u0159en\u00ed a prodlou\u017eili \u017eivotnost \u010dty\u0159barov\u00fdch hydraulick\u00fdch v\u00e1lc\u016f.<\/li>\n<\/ul>\n<\/li>\n<\/ol>\n<p><strong>V\u00fdm\u011bna t\u011bsn\u011bn\u00ed:<\/strong><\/p>\n<ul>\n<li style=\"list-style-type: none;\">\n<ul>\n<li>Postupem \u010dasu se t\u011bsn\u011bn\u00ed mohou opot\u0159ebovat a je nutn\u00e9 je vym\u011bnit. Pokud zjist\u00edte net\u011bsnost, opatrn\u011b odstra\u0148te star\u00e9 t\u011bsn\u011bn\u00ed a nainstalujte nov\u00e9 t\u011bsn\u011bn\u00ed podle pokyn\u016f v\u00fdrobce.<\/li>\n<\/ul>\n<\/li>\n<\/ul>\n<h2><strong>Jak rychle se m\u016f\u017ee pohybovat hydraulick\u00fd v\u00e1lec?<\/strong><\/h2>\n<p>Rychlost, s jakou se hydraulick\u00fd v\u00e1lec m\u016f\u017ee pohybovat, z\u00e1vis\u00ed na n\u011bkolika faktorech, v\u010detn\u011b velikosti a konstrukce v\u00e1lce, tlaku a pr\u016ftoku v hydraulick\u00e9m syst\u00e9mu a pohybovan\u00e9ho zat\u00ed\u017een\u00ed.<\/p>\n<p>Hydraulick\u00e9 v\u00e1lce jsou obecn\u011b zn\u00e1m\u00e9 svou schopnost\u00ed poskytovat vysokou s\u00edlu a p\u0159esn\u00e9 ovl\u00e1d\u00e1n\u00ed, ale jejich maxim\u00e1ln\u00ed rychlost je obvykle ni\u017e\u0161\u00ed ve srovn\u00e1n\u00ed s jin\u00fdmi typy aktu\u00e1tor\u016f. Rychlost hydraulick\u00e9ho v\u00e1lce je ur\u010dena rychlost\u00ed, s jakou je hydraulick\u00e1 kapalina p\u0159iv\u00e1d\u011bna do komory v\u00e1lce nebo z n\u00ed uvol\u0148ov\u00e1na.<\/p>\n<p>Zde je n\u011bkolik faktor\u016f, kter\u00e9 mohou ovlivnit rychlost hydraulick\u00e9ho v\u00e1lce:<\/p>\n<ol>\n<li><strong>N\u00e1vrh a komponenty syst\u00e9mu:<\/strong> Konstrukce hydraulick\u00e9ho syst\u00e9mu, v\u010detn\u011b \u010derpadla, ventil\u016f a potrub\u00ed, m\u016f\u017ee ovlivnit rychlost v\u00e1lce. Syst\u00e9m by m\u011bl b\u00fdt spr\u00e1vn\u011b dimenzov\u00e1n a konfigurov\u00e1n tak, aby poskytoval dostate\u010dn\u00fd pr\u016ftok a tlak pro dosa\u017een\u00ed po\u017eadovan\u00e9 rychlosti.<\/li>\n<li><strong>Pr\u016fm\u011br v\u00e1lce a d\u00e9lka zdvihu:<\/strong> Pr\u016fm\u011br a d\u00e9lka zdvihu v\u00e1lce tak\u00e9 hraj\u00ed roli p\u0159i ur\u010dov\u00e1n\u00ed jeho rychlosti. V\u00e1lce s v\u011bt\u0161\u00edm pr\u016fm\u011brem se obecn\u011b pohybuj\u00ed pomaleji ne\u017e v\u00e1lce s men\u0161\u00edm pr\u016fm\u011brem, a to kv\u016fli v\u011bt\u0161\u00edmu mno\u017estv\u00ed hydraulick\u00e9 kapaliny pot\u0159ebn\u00e9 k napln\u011bn\u00ed nebo vypr\u00e1zdn\u011bn\u00ed komory v\u00e1lce.<\/li>\n<li><strong>Pr\u016ftok a tlak:<\/strong> Pr\u016ftok a tlak hydraulick\u00e9 kapaliny p\u0159iv\u00e1d\u011bn\u00e9 do v\u00e1lce jsou kritick\u00fdmi faktory ur\u010duj\u00edc\u00edmi rychlost v\u00e1lce. Zv\u00fd\u0161en\u00ed pr\u016ftoku nebo tlaku m\u016f\u017ee v\u00e9st k rychlej\u0161\u00edmu pohybu, zat\u00edmco jejich sn\u00ed\u017een\u00ed v\u00e1lec zpomal\u00ed.<\/li>\n<li><strong>Zat\u00ed\u017een\u00ed a t\u0159en\u00ed:<\/strong> Hmotnost a t\u0159en\u00ed p\u0159epravovan\u00e9 z\u00e1silky mohou ovlivnit rychlost v\u00e1lce. T\u011b\u017e\u0161\u00ed n\u00e1klady mohou vy\u017eadovat v\u011bt\u0161\u00ed s\u00edlu, co\u017e m\u016f\u017ee sn\u00ed\u017eit celkovou rychlost v\u00e1lce. Rychlost m\u016f\u017ee b\u00fdt nav\u00edc ovlivn\u011bna i zv\u00fd\u0161en\u00fdm t\u0159en\u00ed v syst\u00e9mu, nap\u0159\u00edklad v d\u016fsledku t\u011bsn\u011bn\u00ed nebo \u0161patn\u00e9ho vyrovn\u00e1n\u00ed.<\/li>\n<\/ol>\n<h2><strong>Schopnosti a kapacita tov\u00e1rny:<\/strong><\/h2>\n<h3>(1) Mont\u00e1\u017e<\/h3>\n<p>Disponujeme prvot\u0159\u00eddn\u00ed nez\u00e1vislou v\u00fdzkumnou a v\u00fdvojovou mont\u00e1\u017en\u00ed platformou. D\u00edlna na v\u00fdrobu hydraulick\u00fdch v\u00e1lc\u016f m\u00e1 \u010dty\u0159i poloautomatick\u00e9 mont\u00e1\u017en\u00ed linky pro zvedac\u00ed v\u00e1lce a jednu automatickou mont\u00e1\u017en\u00ed linku pro nakl\u00e1p\u011bc\u00ed v\u00e1lce s projektovanou ro\u010dn\u00ed v\u00fdrobn\u00ed kapacitou 1 milion kus\u016f. D\u00edlna na speci\u00e1ln\u00ed v\u00e1lce je vybavena poloautomatick\u00fdm \u010distic\u00edm mont\u00e1\u017en\u00edm syst\u00e9mem s r\u016fzn\u00fdmi specifikacemi a projektovanou ro\u010dn\u00ed v\u00fdrobn\u00ed kapacitou 200 000 kus\u016f a je vybavena zn\u00e1m\u00fdm CNC obr\u00e1b\u011bc\u00edm za\u0159\u00edzen\u00edm, obr\u00e1b\u011bc\u00edm centrem, vysoce p\u0159esn\u00fdm speci\u00e1ln\u00edm za\u0159\u00edzen\u00edm pro zpracov\u00e1n\u00ed v\u00e1lc\u016f, robotick\u00fdm sva\u0159ovac\u00edm strojem, automatick\u00fdm \u010distic\u00edm strojem, automatick\u00fdm mont\u00e1\u017en\u00edm strojem pro v\u00e1lce a automatickou lakovac\u00ed v\u00fdrobn\u00ed linkou. St\u00e1vaj\u00edc\u00ed kritick\u00e9 vybaven\u00ed m\u00e1 v\u00edce ne\u017e 300 sad. Optim\u00e1ln\u00ed alokace a efektivn\u00ed vyu\u017eit\u00ed zdroj\u016f za\u0159\u00edzen\u00ed zaji\u0161\u0165uje po\u017eadavky na p\u0159esnost v\u00fdrobk\u016f a spl\u0148uje po\u017eadavky na vysokou kvalitu v\u00fdrobk\u016f.<\/p>\n<p><img loading=\"lazy\" decoding=\"async\" class=\"alignnone wp-image-626\" src=\"https:\/\/hydraulic-cylinders.net\/wp-content\/uploads\/2023\/08\/hydraulic-cylinder-product-1-300x158.webp\" alt=\"\" width=\"495\" height=\"260\" srcset=\"https:\/\/hydraulic-cylinders.net\/wp-content\/uploads\/2023\/08\/hydraulic-cylinder-product-1-300x158.webp 495w, https:\/\/hydraulic-cylinders.net\/wp-content\/uploads\/2023\/08\/hydraulic-cylinder-product-1-480x252.webp 480w\" sizes=\"(min-width: 0px) and (max-width: 480px) 480px, (min-width: 481px) 495px, 100vw\" \/> <img loading=\"lazy\" decoding=\"async\" class=\"alignnone wp-image-627\" src=\"https:\/\/hydraulic-cylinders.net\/wp-content\/uploads\/2023\/08\/hydraulic-cylinder-product-2-300x189.webp\" alt=\"\" width=\"413\" height=\"260\" \/><\/p>\n<h3>(2) Obr\u00e1b\u011bn\u00ed<\/h3>\n<p>Obrobna je vybavena zak\u00e1zkov\u00fdm soustru\u017enick\u00fdm centrem pro \u0161ikm\u00e9 kolejnice, obr\u00e1b\u011bc\u00edm centrem, vysokorychlostn\u00edm honovac\u00edm strojem, sva\u0159ovac\u00edm robotem a dal\u0161\u00edm souvisej\u00edc\u00edm za\u0159\u00edzen\u00edm, kter\u00e9 zvl\u00e1dne obr\u00e1b\u011bn\u00ed v\u00e1lcov\u00fdch trubek s maxim\u00e1ln\u00edm vnit\u0159n\u00edm pr\u016fm\u011brem 400 mm a maxim\u00e1ln\u00ed d\u00e9lkou 6 metr\u016f.<\/p>\n<p><img loading=\"lazy\" decoding=\"async\" class=\"alignnone wp-image-628 size-large\" src=\"https:\/\/hydraulic-cylinders.net\/wp-content\/uploads\/2023\/08\/hydraulic-cylinder-product-3-1024x391.webp\" alt=\"\" width=\"1024\" height=\"391\" srcset=\"https:\/\/hydraulic-cylinders.net\/wp-content\/uploads\/2023\/08\/hydraulic-cylinder-product-3-980x374.webp 980w, https:\/\/hydraulic-cylinders.net\/wp-content\/uploads\/2023\/08\/hydraulic-cylinder-product-3-480x183.webp 480w\" sizes=\"(min-width: 0px) and (max-width: 480px) 480px, (min-width: 481px) and (max-width: 980px) 980px, (min-width: 981px) 1024px, 100vw\" \/><\/p>\n<h3>(3) Sva\u0159ov\u00e1n\u00ed<\/h3>\n<p><img loading=\"lazy\" decoding=\"async\" class=\"alignnone wp-image-629 size-large\" src=\"https:\/\/hydraulic-cylinders.net\/wp-content\/uploads\/2023\/08\/hydraulic-cylinder-product-4-1024x510.webp\" alt=\"\" width=\"1024\" height=\"510\" srcset=\"https:\/\/hydraulic-cylinders.net\/wp-content\/uploads\/2023\/08\/hydraulic-cylinder-product-4-980x488.webp 980w, https:\/\/hydraulic-cylinders.net\/wp-content\/uploads\/2023\/08\/hydraulic-cylinder-product-4-480x239.webp 480w\" sizes=\"(min-width: 0px) and (max-width: 480px) 480px, (min-width: 481px) and (max-width: 980px) 980px, (min-width: 981px) 1024px, 100vw\" \/><\/p>\n<h3>(4) Lakov\u00e1n\u00ed a n\u00e1t\u011bry<\/h3>\n<p>S mal\u00fdmi a st\u0159edn\u00edmi v\u00e1lcov\u00fdmi automatick\u00fdmi linkami na nan\u00e1\u0161en\u00ed barev na vodn\u00ed b\u00e1zi, pro dosa\u017een\u00ed automatick\u00e9ho robotick\u00e9ho nakl\u00e1d\u00e1n\u00ed a vykl\u00e1d\u00e1n\u00ed a automatick\u00e9ho st\u0159\u00edk\u00e1n\u00ed, je konstruk\u010dn\u00ed kapacita 4000 kus\u016f za sm\u011bnu;<br \/>\nM\u00e1me tak\u00e9 poloautomatickou linku na v\u00fdrobu barev pro velk\u00e9 tlakov\u00e9 lahve poh\u00e1n\u011bn\u00e9 \u0159et\u011bzem s konstruk\u010dn\u00ed kapacitou 60 lahv\u00ed za sm\u011bnu.<\/p>\n<p><img loading=\"lazy\" decoding=\"async\" class=\"alignnone wp-image-630\" src=\"https:\/\/hydraulic-cylinders.net\/wp-content\/uploads\/2023\/08\/hydraulic-cylinder-product-5-300x213.webp\" alt=\"\" width=\"366\" height=\"260\" \/> <img loading=\"lazy\" decoding=\"async\" class=\"alignnone wp-image-631\" src=\"https:\/\/hydraulic-cylinders.net\/wp-content\/uploads\/2023\/08\/hydraulic-cylinder-product-6-300x225.webp\" alt=\"\" width=\"347\" height=\"260\" \/><\/p>\n<h3>(5) Testov\u00e1n\u00ed<\/h3>\n<p>Disponujeme prvot\u0159\u00eddn\u00edmi inspek\u010dn\u00edmi za\u0159\u00edzen\u00edmi a zku\u0161ebn\u00edmi laborato\u0159emi, abychom zajistili, \u017ee v\u00fdkon v\u00e1lce spl\u0148uje po\u017eadavky.<\/p>\n<p><img loading=\"lazy\" decoding=\"async\" class=\"alignnone wp-image-632\" src=\"https:\/\/hydraulic-cylinders.net\/wp-content\/uploads\/2023\/08\/hydraulic-cylinder-product-8-300x200.webp\" alt=\"\" width=\"389\" height=\"260\" \/><\/p>\n<p>&nbsp;<\/p>\n<p>&nbsp;<\/p>\n<p>Jsme jedn\u00edm z nejlep\u0161\u00edch v\u00fdrobc\u016f lehk\u00fdch \u010dty\u0159ty\u010dov\u00fdch hydraulick\u00fdch v\u00e1lc\u016f. Nab\u00edz\u00edme komplexn\u00ed sortiment lehk\u00fdch \u010dty\u0159ty\u010dov\u00fdch hydraulick\u00fdch v\u00e1lc\u016f. Dod\u00e1v\u00e1me tak\u00e9 odpov\u00eddaj\u00edc\u00ed <a href=\"https:\/\/hzpt.com\/agricultural-pto-gearbox\/\" target=\"_blank\" rel=\"noopener\">zem\u011bd\u011blsk\u00e9 p\u0159evodovky<\/a>Na\u0161e v\u00fdrobky jsme exportovali klient\u016fm po cel\u00e9m sv\u011bt\u011b a d\u00edky vynikaj\u00edc\u00ed kvalit\u011b v\u00fdrobk\u016f a poprodejn\u00edmu servisu jsme si z\u00edskali dobrou pov\u011bst. Srde\u010dn\u011b v\u00edt\u00e1me z\u00e1kazn\u00edky doma i v zahrani\u010d\u00ed, kte\u0159\u00ed n\u00e1s kontaktuj\u00ed za \u00fa\u010delem vyjedn\u00e1v\u00e1n\u00ed obchodn\u00edch p\u0159\u00edle\u017eitost\u00ed, v\u00fdm\u011bny informac\u00ed a\u00a0<a href=\"https:\/\/www.hydraulic-cylinders.net\/cs\/contact-us\/\">spolupracujte s n\u00e1mi<\/a>!<\/p>\n<h2><\/h2>\n<h2><\/h2>","protected":false},"excerpt":{"rendered":"<p>Middle Fixed Trunnion Four Rod Hydraulic Cylinder The middle fixed trunnion four rod hydraulic cylinder is a state-of-the-art hydraulic component designed to deliver exceptional power, stability, and precision in a wide range of industrial applications. With its innovative middle fixed trunnion design and four rod configuration, this four rod hydraulic cylinder offers superior load-bearing capacity, [&hellip;]<\/p>","protected":false},"featured_media":1017,"comment_status":"open","ping_status":"closed","template":"","meta":{"_et_pb_use_builder":"","_et_pb_old_content":"","_et_gb_content_width":""},"product_brand":[],"product_cat":[1376,1386],"product_tag":[1380],"class_list":{"0":"post-1014","1":"product","2":"type-product","3":"status-publish","4":"has-post-thumbnail","6":"product_cat-hydraulic-cylinder","7":"product_cat-four-rod-hydraulic-cylinder","8":"product_tag-hydraulic-cylinder","10":"first","11":"instock","12":"shipping-taxable","13":"product-type-simple"},"amp_enabled":true,"_links":{"self":[{"href":"https:\/\/www.hydraulic-cylinders.net\/cs\/wp-json\/wp\/v2\/product\/1014","targetHints":{"allow":["GET"]}}],"collection":[{"href":"https:\/\/www.hydraulic-cylinders.net\/cs\/wp-json\/wp\/v2\/product"}],"about":[{"href":"https:\/\/www.hydraulic-cylinders.net\/cs\/wp-json\/wp\/v2\/types\/product"}],"replies":[{"embeddable":true,"href":"https:\/\/www.hydraulic-cylinders.net\/cs\/wp-json\/wp\/v2\/comments?post=1014"}],"wp:featuredmedia":[{"embeddable":true,"href":"https:\/\/www.hydraulic-cylinders.net\/cs\/wp-json\/wp\/v2\/media\/1017"}],"wp:attachment":[{"href":"https:\/\/www.hydraulic-cylinders.net\/cs\/wp-json\/wp\/v2\/media?parent=1014"}],"wp:term":[{"taxonomy":"product_brand","embeddable":true,"href":"https:\/\/www.hydraulic-cylinders.net\/cs\/wp-json\/wp\/v2\/product_brand?post=1014"},{"taxonomy":"product_cat","embeddable":true,"href":"https:\/\/www.hydraulic-cylinders.net\/cs\/wp-json\/wp\/v2\/product_cat?post=1014"},{"taxonomy":"product_tag","embeddable":true,"href":"https:\/\/www.hydraulic-cylinders.net\/cs\/wp-json\/wp\/v2\/product_tag?post=1014"}],"curies":[{"name":"wp","href":"https:\/\/api.w.org\/{rel}","templated":true}]}}