{"id":1019,"date":"2023-09-07T03:16:54","date_gmt":"2023-09-07T03:16:54","guid":{"rendered":"https:\/\/hydraulic-cylinders.net\/?post_type=product&#038;p=1019"},"modified":"2023-09-19T01:36:32","modified_gmt":"2023-09-19T01:36:32","slug":"double-pistion-rod-hydraulic-cylinder","status":"publish","type":"product","link":"https:\/\/www.hydraulic-cylinders.net\/cs\/produkt\/double-pistion-rod-hydraulic-cylinder\/","title":{"rendered":"Hydraulick\u00fd v\u00e1lec s dvojitou p\u00edstn\u00ed ty\u010d\u00ed"},"content":{"rendered":"<h1 style=\"text-align: center;\"><strong>Hydraulick\u00fd v\u00e1lec s dvojitou p\u00edstn\u00ed ty\u010d\u00ed<\/strong><\/h1>\n<p><img loading=\"lazy\" decoding=\"async\" class=\"size-full wp-image-1022 aligncenter\" src=\"https:\/\/hydraulic-cylinders.net\/wp-content\/uploads\/2023\/09\/double-piston-rod-hydraulic-cylinder-1-1.webp\" alt=\"\" width=\"281\" height=\"281\" srcset=\"https:\/\/www.hydraulic-cylinders.net\/wp-content\/uploads\/2023\/09\/double-piston-rod-hydraulic-cylinder-1-1.webp 281w, https:\/\/www.hydraulic-cylinders.net\/wp-content\/uploads\/2023\/09\/double-piston-rod-hydraulic-cylinder-1-1-100x100.webp 100w, https:\/\/www.hydraulic-cylinders.net\/wp-content\/uploads\/2023\/09\/double-piston-rod-hydraulic-cylinder-1-1-150x150.webp 150w, https:\/\/www.hydraulic-cylinders.net\/wp-content\/uploads\/2023\/09\/double-piston-rod-hydraulic-cylinder-1-1-12x12.webp 12w\" sizes=\"(max-width: 281px) 100vw, 281px\" \/><\/p>\n<p>Hydraulick\u00fd v\u00e1lec s dvojitou p\u00edstn\u00ed ty\u010d\u00ed je \u0161pi\u010dkov\u00fd hydraulick\u00fd prvek navr\u017een\u00fd tak, aby poskytoval vynikaj\u00edc\u00ed v\u00fdkon, stabilitu a v\u0161estrannost pro \u0161irokou \u0161k\u00e1lu pr\u016fmyslov\u00fdch aplikac\u00ed. D\u00edky sv\u00e9 unik\u00e1tn\u00ed konfiguraci s dvojitou p\u00edstn\u00ed ty\u010d\u00ed nab\u00edz\u00ed tento hydraulick\u00fd v\u00e1lec zv\u00fd\u0161enou nosnost, p\u0159esn\u00e9 ovl\u00e1d\u00e1n\u00ed a spolehliv\u00fd v\u00fdkon, co\u017e z n\u011bj \u010din\u00ed nepostradateln\u00fd prvek v n\u00e1ro\u010dn\u00fdch hydraulick\u00fdch syst\u00e9mech.<\/p>\n<p>Z\u00e1kladn\u00ed vlastnosti \u010dty\u0159ty\u010dov\u00e9ho hydraulick\u00e9ho v\u00e1lce:<\/p>\n<p><strong>Konfigurace s dvojitou p\u00edstn\u00ed ty\u010d\u00ed:<\/strong><\/p>\n<ol>\n<li style=\"list-style-type: none;\">\n<ul>\n<li>Konfigurace s dvojitou p\u00edstn\u00ed ty\u010d\u00ed odli\u0161uje hydraulick\u00fd v\u00e1lec od tradi\u010dn\u00ed konstrukce vy\u0161\u0161\u00ed stabilitou, nosnost\u00ed a odolnost\u00ed proti bo\u010dn\u00edmu zat\u00ed\u017een\u00ed.<\/li>\n<li>Zaji\u0161\u0165uje symetrick\u00e9 rozlo\u017een\u00ed sil, co\u017e zaji\u0161\u0165uje vyv\u00e1\u017een\u00fd a p\u0159esn\u00fd pohyb b\u011bhem provozu.<\/li>\n<\/ul>\n<\/li>\n<\/ol>\n<p><strong>Vysok\u00fd v\u00fdkon:<\/strong><\/p>\n<ol>\n<li style=\"list-style-type: none;\">\n<ul>\n<li>Tento hydraulick\u00fd v\u00e1lec m\u00e1 p\u016fsobiv\u00fd v\u00fdkon, d\u00edky \u010demu\u017e je vhodn\u00fd pro aplikace, kter\u00e9 vy\u017eaduj\u00ed velk\u00fd v\u00fdkon a nosnost.<\/li>\n<li>Poskytuje speci\u00e1ln\u00ed tah, kter\u00fd mu umo\u017e\u0148uje snadno zvl\u00e1dat t\u011b\u017ek\u00e9 n\u00e1klady.<\/li>\n<\/ul>\n<\/li>\n<\/ol>\n<p><strong>P\u0159esn\u00e9 ovl\u00e1d\u00e1n\u00ed a polohov\u00e1n\u00ed:<\/strong><\/p>\n<ol>\n<li style=\"list-style-type: none;\">\n<ul>\n<li>Dvoup\u00edstn\u00ed hydraulick\u00e9 v\u00e1lce poskytuj\u00ed p\u0159esn\u00e9 ovl\u00e1d\u00e1n\u00ed line\u00e1rn\u00edho pohybu, co\u017e zaji\u0161\u0165uje p\u0159esn\u00e9 polohov\u00e1n\u00ed a plynul\u00fd provoz.<\/li>\n<li>Poskytuje vynikaj\u00edc\u00ed kontrolu zdvihu, co\u017e umo\u017e\u0148uje obsluze dos\u00e1hnout rychlosti a p\u0159esnosti pot\u0159ebn\u00e9 pro specifick\u00e9 \u00fakoly.<\/li>\n<\/ul>\n<\/li>\n<\/ol>\n<p><strong>V\u0161estrann\u00e9 pou\u017eit\u00ed:<\/strong><\/p>\n<ul>\n<li style=\"list-style-type: none;\">\n<ul>\n<li>D\u00edky robustn\u00ed konstrukci a v\u0161estrann\u00e9mu designu je tento hydraulick\u00fd v\u00e1lec vhodn\u00fd pro r\u016fzn\u00e1 pr\u016fmyslov\u00e1 odv\u011btv\u00ed a aplikace.<\/li>\n<li>Lze jej pou\u017e\u00edt v t\u011b\u017ek\u00fdch stroj\u00edch, stavebn\u00edch stroj\u00edch, syst\u00e9mech pro manipulaci s materi\u00e1lem, zem\u011bd\u011blsk\u00fdch stroj\u00edch atd.<\/li>\n<\/ul>\n<\/li>\n<\/ul>\n<h2><strong>Parametr hydraulick\u00e9ho v\u00e1lce s dvojitou p\u00edstnic\u00ed:<\/strong><\/h2>\n<p><img loading=\"lazy\" decoding=\"async\" class=\"alignnone wp-image-1023 size-full\" src=\"https:\/\/hydraulic-cylinders.net\/wp-content\/uploads\/2023\/09\/double-piston-rod-hydraulic-cylinder-2.webp\" alt=\"\" width=\"654\" height=\"388\" srcset=\"https:\/\/hydraulic-cylinders.net\/wp-content\/uploads\/2023\/09\/double-piston-rod-hydraulic-cylinder-2.webp 654w, https:\/\/hydraulic-cylinders.net\/wp-content\/uploads\/2023\/09\/double-piston-rod-hydraulic-cylinder-2-480x285.webp 480w\" sizes=\"(min-width: 0px) and (max-width: 480px) 480px, (min-width: 481px) 654px, 100vw\" \/><\/p>\n<h2><strong>Hydraulick\u00fd v\u00e1lec s dvojitou p\u00edstn\u00ed ty\u010d\u00ed <\/strong><strong>Zp\u016fsob pou\u017eit\u00ed<\/strong><strong>:<\/strong><\/h2>\n<p><strong>Mont\u00e1\u017e a instalace:<\/strong><\/p>\n<ol>\n<li style=\"list-style-type: none;\">\n<ul>\n<li>Pro ur\u010den\u00ed vhodn\u00e9ho um\u00edst\u011bn\u00ed instalace hydraulick\u00e9ho v\u00e1lce v syst\u00e9mu nebo za\u0159\u00edzen\u00ed zva\u017ete po\u017eadavky na zat\u00ed\u017een\u00ed a prostorov\u00e1 omezen\u00ed.<\/li>\n<li>Ujist\u011bte se, \u017ee mont\u00e1\u017en\u00ed povrch je \u010dist\u00fd, rovn\u00fd a vhodn\u00fd pro unesen\u00ed hmotnosti v\u00e1lce.<\/li>\n<li>Zajist\u011bte lahve pomoc\u00ed doporu\u010den\u00fdch \u0161roub\u016f nebo spojovac\u00edch prvk\u016f v souladu s pokyny v\u00fdrobce.<\/li>\n<\/ul>\n<\/li>\n<\/ol>\n<p><strong>Hydraulick\u00e9 p\u0159ipojen\u00ed:<\/strong><\/p>\n<ol>\n<li style=\"list-style-type: none;\">\n<ul>\n<li>P\u0159ipojte hydraulick\u00e9 p\u0159\u00edvodn\u00ed potrub\u00ed k otvoru v\u00e1lce a zajist\u011bte \u0159\u00e1dn\u00e9 ut\u011bsn\u011bn\u00ed, aby se zabr\u00e1nilo \u00faniku.<\/li>\n<li>Dodr\u017eujte doporu\u010den\u00ed v\u00fdrobce ohledn\u011b typu hydraulick\u00e9ho oleje a napl\u0148te syst\u00e9m na doporu\u010denou hladinu.<\/li>\n<\/ul>\n<\/li>\n<\/ol>\n<p><strong>Operace:<\/strong><\/p>\n<ul>\n<li style=\"list-style-type: none;\">\n<ul>\n<li>Aktivujte hydraulick\u00fd syst\u00e9m a ovl\u00e1dejte pohyb v\u00e1lce pomoc\u00ed hydraulick\u00e9ho regula\u010dn\u00edho ventilu nebo jin\u00e9ho vhodn\u00e9ho regula\u010dn\u00edho mechanismu.<\/li>\n<li>Upravte nastaven\u00ed pr\u016ftoku a tlaku pro dosa\u017een\u00ed po\u017eadovan\u00e9 rychlosti a v\u00fdstupn\u00ed s\u00edly.<\/li>\n<li>Pravideln\u011b sledujte provoz v\u00e1lce, zda se nevyskytuj\u00ed abnorm\u00e1ln\u00ed projevy, jako je net\u011bsnost, p\u0159eh\u0159\u00e1t\u00ed nebo neobvykl\u00fd hluk.<\/li>\n<\/ul>\n<\/li>\n<\/ul>\n<h2><strong>Hydraulick\u00fd v\u00e1lec s dvojitou p\u00edstn\u00ed ty\u010d\u00ed <\/strong><strong>\u00dadr\u017eba<\/strong><strong>:<\/strong><\/h2>\n<p><strong>Pravideln\u00e1 kontrola:<\/strong><\/p>\n<ol>\n<li style=\"list-style-type: none;\">\n<ul>\n<li>Prov\u00e1d\u011bjte pravideln\u00e9 vizu\u00e1ln\u00ed kontroly, abyste zkontrolovali zn\u00e1mky opot\u0159eben\u00ed, net\u011bsnosti nebo po\u0161kozen\u00ed.<\/li>\n<li>Zkontrolujte p\u00edstn\u00ed ty\u010d, t\u011bsn\u011bn\u00ed a mont\u00e1\u017en\u00ed spoje, zda nevykazuj\u00ed abnormality, a p\u0159\u00edpadn\u00e9 probl\u00e9my neprodlen\u011b odstra\u0148te.<\/li>\n<\/ul>\n<\/li>\n<\/ol>\n<p><strong>Maz\u00e1n\u00ed:<\/strong><\/p>\n<ol>\n<li style=\"list-style-type: none;\">\n<ul>\n<li>Dodr\u017eujte pokyny v\u00fdrobce ohledn\u011b interval\u016f maz\u00e1n\u00ed a pou\u017e\u00edvejte doporu\u010den\u00e9 mazivo pro zaji\u0161t\u011bn\u00ed hladk\u00e9ho provozu.<\/li>\n<li>Proma\u017ete p\u00edstn\u00ed ty\u010de, t\u011bsn\u011bn\u00ed a dal\u0161\u00ed pohybliv\u00e9 \u010d\u00e1sti, abyste minimalizovali t\u0159en\u00ed a prodlou\u017eili \u017eivotnost v\u00e1lce.<\/li>\n<\/ul>\n<\/li>\n<\/ol>\n<p><strong>V\u00fdm\u011bna t\u011bsn\u011bn\u00ed:<\/strong><\/p>\n<ul>\n<li style=\"list-style-type: none;\">\n<ul>\n<li>Postupem \u010dasu se t\u011bsn\u011bn\u00ed mohou opot\u0159ebovat a je nutn\u00e9 je vym\u011bnit. Pokud zjist\u00edte net\u011bsnost, opatrn\u011b odstra\u0148te star\u00e9 t\u011bsn\u011bn\u00ed a nainstalujte nov\u00e9 t\u011bsn\u011bn\u00ed podle pokyn\u016f v\u00fdrobce.<\/li>\n<\/ul>\n<\/li>\n<\/ul>\n<h2><strong>Hydraulick\u00fd v\u00e1lec typu TB se \u010dty\u0159mi ty\u010demi <\/strong><strong>\u00dadr\u017eba<\/strong><strong>:<\/strong><\/h2>\n<ol>\n<li><strong>Pravideln\u00e1 kontrola:<\/strong><\/li>\n<\/ol>\n<ul>\n<li>Pravideln\u011b kontrolujte v\u00e1lec, zda nedoch\u00e1z\u00ed k \u00fanik\u016fm, po\u0161kozen\u00ed nebo nadm\u011brn\u00e9mu opot\u0159eben\u00ed.<\/li>\n<li>Zkontrolujte stav t\u011bsn\u011bn\u00ed, ty\u010d\u00ed a mont\u00e1\u017en\u00edch sou\u010d\u00e1st\u00ed a vym\u011b\u0148te v\u0161echny opot\u0159ebovan\u00e9 nebo po\u0161kozen\u00e9 d\u00edly.<\/li>\n<\/ul>\n<ol start=\"2\">\n<li><strong>Maz\u00e1n\u00ed:<\/strong><\/li>\n<\/ol>\n<ul>\n<li>Dodr\u017eujte doporu\u010den\u00ed v\u00fdrobce ohledn\u011b interval\u016f maz\u00e1n\u00ed a pou\u017e\u00edvejte vysoce kvalitn\u00ed hydraulick\u00fd olej nebo mazivo vhodn\u00e9 pro specifikace v\u00e1lce.<\/li>\n<li>Naneste mazivo na p\u00edstnici, t\u011bsn\u011bn\u00ed a dal\u0161\u00ed pohybliv\u00e9 \u010d\u00e1sti, abyste minimalizovali t\u0159en\u00ed a zajistili hladk\u00fd chod.<\/li>\n<\/ul>\n<ol start=\"3\">\n<li><strong>\u010ci\u0161t\u011bn\u00ed:<\/strong><\/li>\n<\/ol>\n<ul>\n<li>Udr\u017eujte v\u00e1lec a jeho okol\u00ed \u010dist\u00e9 a bez ne\u010distot, prachu nebo kontaminant\u016f, kter\u00e9 by mohly ovlivnit jeho v\u00fdkon.<\/li>\n<li>K ot\u0159en\u00ed vn\u011bj\u0161\u00edch povrch\u016f v\u00e1lce pou\u017eijte jemn\u00fd \u010distic\u00ed prost\u0159edek a m\u011bkk\u00fd had\u0159\u00edk.<\/li>\n<\/ul>\n<h2><strong>Schopnosti a kapacita tov\u00e1rny:<\/strong><\/h2>\n<h3>(1) Mont\u00e1\u017e<\/h3>\n<p>Disponujeme prvot\u0159\u00eddn\u00ed nez\u00e1vislou v\u00fdzkumnou a v\u00fdvojovou mont\u00e1\u017en\u00ed platformou. D\u00edlna na v\u00fdrobu hydraulick\u00fdch v\u00e1lc\u016f m\u00e1 \u010dty\u0159i poloautomatick\u00e9 mont\u00e1\u017en\u00ed linky pro zvedac\u00ed v\u00e1lce a jednu automatickou mont\u00e1\u017en\u00ed linku pro nakl\u00e1p\u011bc\u00ed v\u00e1lce s projektovanou ro\u010dn\u00ed v\u00fdrobn\u00ed kapacitou 1 milion kus\u016f. D\u00edlna na speci\u00e1ln\u00ed v\u00e1lce je vybavena poloautomatick\u00fdm \u010distic\u00edm mont\u00e1\u017en\u00edm syst\u00e9mem s r\u016fzn\u00fdmi specifikacemi a projektovanou ro\u010dn\u00ed v\u00fdrobn\u00ed kapacitou 200 000 kus\u016f a je vybavena zn\u00e1m\u00fdm CNC obr\u00e1b\u011bc\u00edm za\u0159\u00edzen\u00edm, obr\u00e1b\u011bc\u00edm centrem, vysoce p\u0159esn\u00fdm speci\u00e1ln\u00edm za\u0159\u00edzen\u00edm pro zpracov\u00e1n\u00ed v\u00e1lc\u016f, robotick\u00fdm sva\u0159ovac\u00edm strojem, automatick\u00fdm \u010distic\u00edm strojem, automatick\u00fdm mont\u00e1\u017en\u00edm strojem pro v\u00e1lce a automatickou lakovac\u00ed v\u00fdrobn\u00ed linkou. St\u00e1vaj\u00edc\u00ed kritick\u00e9 vybaven\u00ed m\u00e1 v\u00edce ne\u017e 300 sad. Optim\u00e1ln\u00ed alokace a efektivn\u00ed vyu\u017eit\u00ed zdroj\u016f za\u0159\u00edzen\u00ed zaji\u0161\u0165uje po\u017eadavky na p\u0159esnost v\u00fdrobk\u016f a spl\u0148uje po\u017eadavky na vysokou kvalitu v\u00fdrobk\u016f.<\/p>\n<p><img loading=\"lazy\" decoding=\"async\" class=\"alignnone wp-image-626\" src=\"https:\/\/hydraulic-cylinders.net\/wp-content\/uploads\/2023\/08\/hydraulic-cylinder-product-1-300x158.webp\" alt=\"\" width=\"495\" height=\"260\" srcset=\"https:\/\/hydraulic-cylinders.net\/wp-content\/uploads\/2023\/08\/hydraulic-cylinder-product-1-300x158.webp 495w, https:\/\/hydraulic-cylinders.net\/wp-content\/uploads\/2023\/08\/hydraulic-cylinder-product-1-480x252.webp 480w\" sizes=\"(min-width: 0px) and (max-width: 480px) 480px, (min-width: 481px) 495px, 100vw\" \/> <img loading=\"lazy\" decoding=\"async\" class=\"alignnone wp-image-627\" src=\"https:\/\/hydraulic-cylinders.net\/wp-content\/uploads\/2023\/08\/hydraulic-cylinder-product-2-300x189.webp\" alt=\"\" width=\"413\" height=\"260\" \/><\/p>\n<h3>(2) Obr\u00e1b\u011bn\u00ed<\/h3>\n<p>Obrobna je vybavena zak\u00e1zkov\u00fdm soustru\u017enick\u00fdm centrem pro \u0161ikm\u00e9 kolejnice, obr\u00e1b\u011bc\u00edm centrem, vysokorychlostn\u00edm honovac\u00edm strojem, sva\u0159ovac\u00edm robotem a dal\u0161\u00edm souvisej\u00edc\u00edm za\u0159\u00edzen\u00edm, kter\u00e9 zvl\u00e1dne obr\u00e1b\u011bn\u00ed v\u00e1lcov\u00fdch trubek s maxim\u00e1ln\u00edm vnit\u0159n\u00edm pr\u016fm\u011brem 400 mm a maxim\u00e1ln\u00ed d\u00e9lkou 6 metr\u016f.<\/p>\n<p><img loading=\"lazy\" decoding=\"async\" class=\"alignnone wp-image-628 size-large\" src=\"https:\/\/hydraulic-cylinders.net\/wp-content\/uploads\/2023\/08\/hydraulic-cylinder-product-3-1024x391.webp\" alt=\"\" width=\"1024\" height=\"391\" srcset=\"https:\/\/hydraulic-cylinders.net\/wp-content\/uploads\/2023\/08\/hydraulic-cylinder-product-3-980x374.webp 980w, https:\/\/hydraulic-cylinders.net\/wp-content\/uploads\/2023\/08\/hydraulic-cylinder-product-3-480x183.webp 480w\" sizes=\"(min-width: 0px) and (max-width: 480px) 480px, (min-width: 481px) and (max-width: 980px) 980px, (min-width: 981px) 1024px, 100vw\" \/><\/p>\n<h3>(3) Sva\u0159ov\u00e1n\u00ed<\/h3>\n<p><img loading=\"lazy\" decoding=\"async\" class=\"alignnone wp-image-629 size-large\" src=\"https:\/\/hydraulic-cylinders.net\/wp-content\/uploads\/2023\/08\/hydraulic-cylinder-product-4-1024x510.webp\" alt=\"\" width=\"1024\" height=\"510\" srcset=\"https:\/\/hydraulic-cylinders.net\/wp-content\/uploads\/2023\/08\/hydraulic-cylinder-product-4-980x488.webp 980w, https:\/\/hydraulic-cylinders.net\/wp-content\/uploads\/2023\/08\/hydraulic-cylinder-product-4-480x239.webp 480w\" sizes=\"(min-width: 0px) and (max-width: 480px) 480px, (min-width: 481px) and (max-width: 980px) 980px, (min-width: 981px) 1024px, 100vw\" \/><\/p>\n<h3>(4) Lakov\u00e1n\u00ed a n\u00e1t\u011bry<\/h3>\n<p>S mal\u00fdmi a st\u0159edn\u00edmi v\u00e1lcov\u00fdmi automatick\u00fdmi linkami na nan\u00e1\u0161en\u00ed barev na vodn\u00ed b\u00e1zi, pro dosa\u017een\u00ed automatick\u00e9ho robotick\u00e9ho nakl\u00e1d\u00e1n\u00ed a vykl\u00e1d\u00e1n\u00ed a automatick\u00e9ho st\u0159\u00edk\u00e1n\u00ed, je konstruk\u010dn\u00ed kapacita 4000 kus\u016f za sm\u011bnu;<br \/>\nM\u00e1me tak\u00e9 poloautomatickou linku na v\u00fdrobu barev pro velk\u00e9 tlakov\u00e9 lahve poh\u00e1n\u011bn\u00e9 \u0159et\u011bzem s konstruk\u010dn\u00ed kapacitou 60 lahv\u00ed za sm\u011bnu.<\/p>\n<p><img loading=\"lazy\" decoding=\"async\" class=\"alignnone wp-image-630\" src=\"https:\/\/hydraulic-cylinders.net\/wp-content\/uploads\/2023\/08\/hydraulic-cylinder-product-5-300x213.webp\" alt=\"\" width=\"366\" height=\"260\" \/> <img loading=\"lazy\" decoding=\"async\" class=\"alignnone wp-image-631\" src=\"https:\/\/hydraulic-cylinders.net\/wp-content\/uploads\/2023\/08\/hydraulic-cylinder-product-6-300x225.webp\" alt=\"\" width=\"347\" height=\"260\" \/><\/p>\n<h3>(5) Testov\u00e1n\u00ed<\/h3>\n<p>Disponujeme prvot\u0159\u00eddn\u00edmi inspek\u010dn\u00edmi za\u0159\u00edzen\u00edmi a zku\u0161ebn\u00edmi laborato\u0159emi, abychom zajistili, \u017ee v\u00fdkon v\u00e1lce spl\u0148uje po\u017eadavky.<\/p>\n<p><img loading=\"lazy\" decoding=\"async\" class=\"alignnone wp-image-632\" src=\"https:\/\/hydraulic-cylinders.net\/wp-content\/uploads\/2023\/08\/hydraulic-cylinder-product-8-300x200.webp\" alt=\"\" width=\"389\" height=\"260\" \/><\/p>\n<p>&nbsp;<\/p>\n<p>&nbsp;<\/p>\n<p>Jsme jedn\u00edm z nejlep\u0161\u00edch v\u00fdrobc\u016f lehk\u00fdch \u010dty\u0159ty\u010dov\u00fdch hydraulick\u00fdch v\u00e1lc\u016f. Nab\u00edz\u00edme komplexn\u00ed sortiment lehk\u00fdch \u010dty\u0159ty\u010dov\u00fdch hydraulick\u00fdch v\u00e1lc\u016f. Dod\u00e1v\u00e1me tak\u00e9 odpov\u00eddaj\u00edc\u00ed <a href=\"https:\/\/hzpt.com\/agricultural-pto-gearbox\/\" target=\"_blank\" rel=\"noopener\">zem\u011bd\u011blsk\u00e9 p\u0159evodovky<\/a>Na\u0161e v\u00fdrobky jsme exportovali klient\u016fm po cel\u00e9m sv\u011bt\u011b a d\u00edky vynikaj\u00edc\u00ed kvalit\u011b v\u00fdrobk\u016f a poprodejn\u00edmu servisu jsme si z\u00edskali dobrou pov\u011bst. Srde\u010dn\u011b v\u00edt\u00e1me z\u00e1kazn\u00edky doma i v zahrani\u010d\u00ed, kte\u0159\u00ed n\u00e1s kontaktuj\u00ed za \u00fa\u010delem vyjedn\u00e1v\u00e1n\u00ed obchodn\u00edch p\u0159\u00edle\u017eitost\u00ed, v\u00fdm\u011bny informac\u00ed a\u00a0<a href=\"https:\/\/www.hydraulic-cylinders.net\/cs\/contact-us\/\">spolupracujte s n\u00e1mi<\/a>!<\/p>\n<h2><\/h2>\n<h2><\/h2>","protected":false},"excerpt":{"rendered":"<p>Double Piston Rod Hydraulic Cylinder The double piston rod hydraulic cylinder is a cutting-edge hydraulic element designed to provide superior power, stability, and versatility for a wide range of industrial applications. With its unique dual piston rod configuration, this hydraulic cylinder offers enhanced load-carrying capacity, precise control, and reliable performance, making it an indispensable asset [&hellip;]<\/p>","protected":false},"featured_media":1024,"comment_status":"open","ping_status":"closed","template":"","meta":{"_et_pb_use_builder":"","_et_pb_old_content":"","_et_gb_content_width":""},"product_brand":[],"product_cat":[1376,1386],"product_tag":[1380],"class_list":{"0":"post-1019","1":"product","2":"type-product","3":"status-publish","4":"has-post-thumbnail","6":"product_cat-hydraulic-cylinder","7":"product_cat-four-rod-hydraulic-cylinder","8":"product_tag-hydraulic-cylinder","10":"first","11":"instock","12":"shipping-taxable","13":"product-type-simple"},"amp_enabled":true,"_links":{"self":[{"href":"https:\/\/www.hydraulic-cylinders.net\/cs\/wp-json\/wp\/v2\/product\/1019","targetHints":{"allow":["GET"]}}],"collection":[{"href":"https:\/\/www.hydraulic-cylinders.net\/cs\/wp-json\/wp\/v2\/product"}],"about":[{"href":"https:\/\/www.hydraulic-cylinders.net\/cs\/wp-json\/wp\/v2\/types\/product"}],"replies":[{"embeddable":true,"href":"https:\/\/www.hydraulic-cylinders.net\/cs\/wp-json\/wp\/v2\/comments?post=1019"}],"wp:featuredmedia":[{"embeddable":true,"href":"https:\/\/www.hydraulic-cylinders.net\/cs\/wp-json\/wp\/v2\/media\/1024"}],"wp:attachment":[{"href":"https:\/\/www.hydraulic-cylinders.net\/cs\/wp-json\/wp\/v2\/media?parent=1019"}],"wp:term":[{"taxonomy":"product_brand","embeddable":true,"href":"https:\/\/www.hydraulic-cylinders.net\/cs\/wp-json\/wp\/v2\/product_brand?post=1019"},{"taxonomy":"product_cat","embeddable":true,"href":"https:\/\/www.hydraulic-cylinders.net\/cs\/wp-json\/wp\/v2\/product_cat?post=1019"},{"taxonomy":"product_tag","embeddable":true,"href":"https:\/\/www.hydraulic-cylinders.net\/cs\/wp-json\/wp\/v2\/product_tag?post=1019"}],"curies":[{"name":"wp","href":"https:\/\/api.w.org\/{rel}","templated":true}]}}