{"id":1213,"date":"2023-09-13T07:59:01","date_gmt":"2023-09-13T07:59:01","guid":{"rendered":"https:\/\/hydraulic-cylinders.net\/?post_type=product&#038;p=1213"},"modified":"2025-04-11T05:06:52","modified_gmt":"2025-04-11T05:06:52","slug":"y-hg1-noraml-metallurgical-hydraulic-cylinder","status":"publish","type":"product","link":"https:\/\/www.hydraulic-cylinders.net\/cs\/produkt\/y-hg1-noraml-metallurgical-hydraulic-cylinder\/","title":{"rendered":"Y-HG1 Noraml Metalurgical Hydraulick\u00fd v\u00e1lec"},"content":{"rendered":"<h1 style=\"text-align: center;\"><strong>Y-HG1 Noraml Metalurgical Hydraulick\u00fd v\u00e1lec<\/strong><\/h1>\n<p>Metalurgick\u00fd hydraulick\u00fd v\u00e1lec Y-HG1 je nejmodern\u011bj\u0161\u00ed hydraulick\u00fd komponent speci\u00e1ln\u011b navr\u017een\u00fd pro spln\u011bn\u00ed n\u00e1ro\u010dn\u00fdch po\u017eadavk\u016f metalurgick\u00fdch aplikac\u00ed. D\u00edky sv\u00fdm pokro\u010dil\u00fdm funkc\u00edm, robustn\u00ed konstrukci a v\u00fdjime\u010dn\u00e9mu v\u00fdkonu nab\u00edz\u00ed metalurgick\u00fd hydraulick\u00fd v\u00e1lec Y-HG1 p\u0159esn\u00e9 ovl\u00e1d\u00e1n\u00ed, odolnost a spolehlivost v n\u00e1ro\u010dn\u00fdch prost\u0159ed\u00edch ocel\u00e1ren, sl\u00e9v\u00e1ren a dal\u0161\u00edch metalurgick\u00fdch proces\u016f. A\u0165 u\u017e se jedn\u00e1 o zved\u00e1n\u00ed, lisov\u00e1n\u00ed nebo polohov\u00e1n\u00ed t\u011b\u017ek\u00fdch b\u0159emen, v\u00e1lec Y-HG1 nastavuje nov\u00e9 standardy v hydraulick\u00e9 technologii, co\u017e z n\u011bj \u010din\u00ed ide\u00e1ln\u00ed volbu pro metalurgick\u00fd pr\u016fmysl.<\/p>\n<p>Hydraulick\u00fd v\u00e1lec \u0159ady Y-HG1 pro metalurgick\u00e1 za\u0159\u00edzen\u00ed s dvoj\u010dinn\u00fdm p\u00edstov\u00fdm v\u00e1lcem, pr\u016fm\u011br v\u00e1lce je obecn\u011b v rozmez\u00ed 40~320 mm, pracovn\u00ed tlak &lt;=16MPA, mechanick\u00fd syst\u00e9m hydraulick\u00e9ho oleje lze pou\u017e\u00edt k odv\u00e1d\u011bn\u00ed emulze a dal\u0161\u00edch pracovn\u00edch m\u00e9di\u00ed, instalaci p\u0159\u00edrub, n\u00e1u\u0161nic, kol\u00edk\u016f, spou\u0161t\u00ed (z\u00e1kladny) a r\u016fzn\u00fdch typ\u016f.<\/p>\n<p>Vysoce p\u0159esn\u00fd CNC honovac\u00ed stroj, automatick\u00fd sv\u00e1\u0159ec\u00ed stroj, vertik\u00e1ln\u00ed, horizont\u00e1ln\u00ed obr\u00e1b\u011bc\u00ed centrum, port\u00e1lov\u00e9 obr\u00e1b\u011bc\u00ed centrum, CNC soustruh a dal\u0161\u00ed obr\u00e1b\u011bc\u00ed za\u0159\u00edzen\u00ed, kvalita v\u00fdrobk\u016f je stabiln\u00ed a zaru\u010den\u00e1.<\/p>\n<p><img loading=\"lazy\" decoding=\"async\" class=\"aligncenter wp-image-1214\" src=\"https:\/\/hydraulic-cylinders.net\/wp-content\/uploads\/2023\/09\/y-hg-1-noraml-metallurgical-hydraulic-cylinder-3-300x300.webp\" alt=\"\" width=\"400\" height=\"400\" \/><\/p>\n<h2><strong>Parametr hydraulick\u00e9ho v\u00e1lce Y-HG1 Noraml pro metalurgick\u00e9 \u00fa\u010dely:<img loading=\"lazy\" decoding=\"async\" class=\"alignnone wp-image-1215 size-large\" src=\"https:\/\/hydraulic-cylinders.net\/wp-content\/uploads\/2023\/09\/y-hg-1-noraml-metallurgical-hydraulic-cylinder-1-1024x307.webp\" alt=\"\" width=\"1024\" height=\"307\" srcset=\"https:\/\/hydraulic-cylinders.net\/wp-content\/uploads\/2023\/09\/y-hg-1-noraml-metallurgical-hydraulic-cylinder-1-980x293.webp 980w, https:\/\/hydraulic-cylinders.net\/wp-content\/uploads\/2023\/09\/y-hg-1-noraml-metallurgical-hydraulic-cylinder-1-480x144.webp 480w\" sizes=\"(min-width: 0px) and (max-width: 480px) 480px, (min-width: 481px) and (max-width: 980px) 980px, (min-width: 981px) 1024px, 100vw\" \/> <img loading=\"lazy\" decoding=\"async\" class=\"alignnone wp-image-1216 size-large\" src=\"https:\/\/hydraulic-cylinders.net\/wp-content\/uploads\/2023\/09\/y-hg-1-noraml-metallurgical-hydraulic-cylinder-2-1024x553.webp\" alt=\"\" width=\"1024\" height=\"553\" srcset=\"https:\/\/hydraulic-cylinders.net\/wp-content\/uploads\/2023\/09\/y-hg-1-noraml-metallurgical-hydraulic-cylinder-2-980x530.webp 980w, https:\/\/hydraulic-cylinders.net\/wp-content\/uploads\/2023\/09\/y-hg-1-noraml-metallurgical-hydraulic-cylinder-2-480x259.webp 480w\" sizes=\"(min-width: 0px) and (max-width: 480px) 480px, (min-width: 481px) and (max-width: 980px) 980px, (min-width: 981px) 1024px, 100vw\" \/><\/strong><\/h2>\n<h2><strong>Y-HG1 Noraml Metalurgical Hydraulick\u00fd v\u00e1lec <\/strong><strong>Zp\u016fsob pou\u017eit\u00ed<\/strong><strong>:<\/strong><\/h2>\n<ol>\n<li><strong>Mont\u00e1\u017e a instalace:<\/strong>\n<ul>\n<li>Ur\u010dete vhodn\u00e9 m\u00edsto pro instalaci v\u00e1lc\u016f Y-HG1 na z\u00e1klad\u011b specifick\u00fdch po\u017eadavk\u016f va\u0161eho metalurgick\u00e9ho za\u0159\u00edzen\u00ed.<\/li>\n<li>Ujist\u011bte se, \u017ee mont\u00e1\u017en\u00ed povrch je \u010dist\u00fd, rovn\u00fd a schopen un\u00e9st hmotnost a zat\u00ed\u017een\u00ed v\u00e1lce.<\/li>\n<\/ul>\n<\/li>\n<li><strong>P\u0159ipojen\u00ed k hydraulick\u00e9mu syst\u00e9mu:<\/strong>\n<ul>\n<li>P\u0159ipojte metalurgick\u00fd hydraulick\u00fd v\u00e1lec Y-HG1 k hydraulick\u00e9mu syst\u00e9mu pomoc\u00ed kompatibiln\u00ed hydraulick\u00e9 hadice nebo potrub\u00ed.<\/li>\n<li>Zajist\u011bte spr\u00e1vn\u00e9 zarovn\u00e1n\u00ed a bezpe\u010dn\u00e9 p\u0159ipojen\u00ed, abyste zabr\u00e1nili \u00fanik\u016fm a zajistili optim\u00e1ln\u00ed v\u00fdkon.<\/li>\n<\/ul>\n<\/li>\n<li><strong>Syst\u00e9mov\u00e1 integrace a kalibrace:<\/strong>\n<ul>\n<li>Integrujte metalurgick\u00e9 hydraulick\u00e9 v\u00e1lce Y-HG1 do metalurgick\u00fdch za\u0159\u00edzen\u00ed nebo syst\u00e9m\u016f podle pokyn\u016f v\u00fdrobce.<\/li>\n<li>Kalibrujte syst\u00e9m pro dosa\u017een\u00ed po\u017eadovan\u00fdch provozn\u00edch parametr\u016f a zaji\u0161t\u011bn\u00ed p\u0159esn\u00e9ho \u0159\u00edzen\u00ed pohybu v\u00e1lce.<\/li>\n<\/ul>\n<\/li>\n<li><strong>Obsluha v\u00e1lce:<\/strong>\n<ul>\n<li>Aktivujte hydraulick\u00fd syst\u00e9m pro vyv\u00edjen\u00ed tlaku a zah\u00e1jen\u00ed pohybu v\u00e1lce Y-HG1.<\/li>\n<li>Hydraulick\u00fd \u0159\u00eddic\u00ed syst\u00e9m p\u0159esn\u011b \u0159\u00edd\u00ed vysouv\u00e1n\u00ed, smr\u0161\u0165ov\u00e1n\u00ed a polohov\u00e1n\u00ed v\u00e1lc\u016f pro efektivn\u00ed metalurgick\u00e9 operace.<\/li>\n<\/ul>\n<\/li>\n<\/ol>\n<h2><strong>Y-HG1 Noraml Metalurgical Hydraulick\u00fd v\u00e1lec <\/strong><strong>Charakteristiky<\/strong><strong>:<\/strong><\/h2>\n<ul>\n<li><strong>Robustn\u00ed konstrukce:<\/strong> V\u00e1lec Y-HG1 je vyroben z vysoce kvalitn\u00edch materi\u00e1l\u016f, co\u017e zaru\u010duje odolnost a dlouhou \u017eivotnost v n\u00e1ro\u010dn\u00e9m metalurgick\u00e9m prost\u0159ed\u00ed.<\/li>\n<li><strong>P\u0159esn\u00e9 ovl\u00e1d\u00e1n\u00ed:<\/strong>\u00a0 Metalurgick\u00fd hydraulick\u00fd v\u00e1lec poskytuje vynikaj\u00edc\u00ed ovl\u00e1d\u00e1n\u00ed a p\u0159esnost polohov\u00e1n\u00ed, co\u017e umo\u017e\u0148uje obsluze dos\u00e1hnout p\u0159esn\u00e9ho pohybu pro optim\u00e1ln\u00ed metalurgick\u00e9 procesy.<\/li>\n<li><strong>Vysok\u00e1 nosnost:<\/strong>\u00a0 Metalurgick\u00e9 hydraulick\u00e9 v\u00e1lce Y-HG1 jsou navr\u017eeny pro manipulaci s t\u011b\u017ek\u00fdmi b\u0159emeny standardn\u00edmi v metalurgick\u00fdch aplikac\u00edch a poskytuj\u00ed spolehliv\u00e9 zdvihac\u00ed a lisovac\u00ed schopnosti.<\/li>\n<li><strong>Odolnost proti korozi:<\/strong>\u00a0 Korozivzdorn\u00fd povlak v\u00e1lce jej chr\u00e1n\u00ed p\u0159ed agresivn\u00edmi chemik\u00e1liemi a extr\u00e9mn\u00edmi teplotami, kter\u00e9 se \u010dasto vyskytuj\u00ed v metalurgick\u00e9m prost\u0159ed\u00ed.<\/li>\n<li><strong>V\u0161estrann\u00e9 mo\u017enosti mont\u00e1\u017ee:<\/strong> V\u00e1lce Y-HG1 jsou k dispozici v r\u016fzn\u00fdch mo\u017enostech mont\u00e1\u017ee a lze je snadno integrovat do r\u016fzn\u00fdch metalurgick\u00fdch za\u0159\u00edzen\u00ed a syst\u00e9m\u016f.<\/li>\n<\/ul>\n<h2><strong>Jak funguje jednosm\u011brn\u00fd hydraulick\u00fd v\u00e1lec?<\/strong><\/h2>\n<p>Jednosm\u011brn\u00fd, jedno\u010dinn\u00fd hydraulick\u00fd v\u00e1lec vyu\u017e\u00edv\u00e1 hydraulick\u00fd syst\u00e9m k vytv\u00e1\u0159en\u00ed line\u00e1rn\u00edho pohybu v jednom sm\u011bru. Skl\u00e1d\u00e1 se z v\u00e1lce, p\u00edstu, p\u00edstn\u00ed ty\u010de a hydraulick\u00e9 kapaliny. Funguje to takto:<\/p>\n<ol>\n<li><strong>Dod\u00e1vka hydraulick\u00e9 kapaliny:<\/strong>\n<ul>\n<li>Hydraulick\u00fd syst\u00e9m dod\u00e1v\u00e1 do v\u00e1lce tlakovou kapalinu, obvykle olej, pomoc\u00ed hydraulick\u00e9ho \u010derpadla nebo zdroje energie.<\/li>\n<\/ul>\n<\/li>\n<li><strong>Prodlou\u017een\u00ed v\u00e1lce:<\/strong>\n<ul>\n<li>Kdy\u017e je hydraulick\u00e1 kapalina p\u0159iv\u00e1d\u011bna do v\u00e1lce, vstupuje do v\u00e1lce vstupn\u00edm otvorem.<\/li>\n<li>Tlakov\u00e1 kapalina tla\u010d\u00ed na p\u00edst, co\u017e zp\u016fsobuje jeho pohyb po\u017eadovan\u00fdm sm\u011brem (obvykle vysouv\u00e1 p\u00edstn\u00ed ty\u010d).<\/li>\n<li>Jak se tlak kapaliny zvy\u0161uje, p\u0159ekon\u00e1v\u00e1 odpor nebo zat\u00ed\u017een\u00ed p\u00edstu, co\u017e m\u00e1 za n\u00e1sledek prodlou\u017een\u00ed p\u00edstn\u00ed ty\u010de.<\/li>\n<\/ul>\n<\/li>\n<li><strong>T\u011bsnic\u00ed mechanismus:<\/strong>\n<ul>\n<li>V\u00e1lcov\u00fd v\u00e1lec je ut\u011bsn\u011bn, aby se zabr\u00e1nilo \u00faniku kapaliny. Obvykle obsahuje t\u011bsn\u011bn\u00ed kolem p\u00edstu a p\u00edstn\u00ed ty\u010de, jako jsou O-krou\u017eky nebo b\u0159itov\u00e1 t\u011bsn\u011bn\u00ed.<\/li>\n<li>Tato t\u011bsn\u011bn\u00ed zaji\u0161\u0165uj\u00ed, \u017ee tlakov\u00e1 kapalina p\u016fsob\u00ed pouze na jednu stranu p\u00edstu, \u010d\u00edm\u017e vznik\u00e1 tlakov\u00e1 nerovnov\u00e1ha, kter\u00e1 poh\u00e1n\u00ed p\u00edst po\u017eadovan\u00fdm sm\u011brem.<\/li>\n<\/ul>\n<\/li>\n<li><strong>Zp\u011btn\u00fd zdvih:<\/strong>\n<ul>\n<li>Po prodlu\u017eovac\u00edm zdvihu se hydraulick\u00e1 kapalina z v\u00e1lce uvoln\u00ed nebo odvzdu\u0161n\u00ed.<\/li>\n<li>Hydraulick\u00fd syst\u00e9m m\u016f\u017ee k zasunut\u00ed p\u00edstu a p\u00edstn\u00ed ty\u010de do jejich v\u00fdchoz\u00edch poloh pou\u017e\u00edt gravitaci, pru\u017einu nebo vn\u011bj\u0161\u00ed s\u00edlu.<\/li>\n<li>B\u011bhem zp\u011btn\u00e9ho zdvihu hydraulick\u00e1 kapalina vyt\u00e9k\u00e1 z v\u00e1lce v\u00fdstupn\u00edm otvorem.<\/li>\n<\/ul>\n<\/li>\n<li><strong>Podpora zat\u00ed\u017een\u00ed:<\/strong>\n<ul>\n<li>P\u00edstn\u00ed ty\u010d hydraulick\u00e9ho v\u00e1lce je \u010dasto spojena se z\u00e1t\u011b\u017e\u00ed nebo mechanismem, kter\u00fd vy\u017eaduje line\u00e1rn\u00ed pohyb nebo s\u00edlu.<\/li>\n<li>Jak se p\u00edst vysouv\u00e1 nebo zasouv\u00e1, poskytuje pot\u0159ebnou s\u00edlu k pohybu nebo podep\u0159en\u00ed z\u00e1t\u011b\u017ee.<\/li>\n<\/ul>\n<\/li>\n<li><strong>\u0158\u00edzen\u00ed a ventily:<\/strong>\n<ul>\n<li>Pro ovl\u00e1d\u00e1n\u00ed vysouv\u00e1n\u00ed a zasouv\u00e1n\u00ed jednocestn\u00e9ho hydraulick\u00e9ho v\u00e1lce obsahuje hydraulick\u00fd syst\u00e9m ventily, jako jsou zp\u011btn\u00e9 ventily nebo sm\u011brov\u00e9 regula\u010dn\u00ed ventily.<\/li>\n<li>Tyto ventily reguluj\u00ed tok hydraulick\u00e9 kapaliny a umo\u017e\u0148uj\u00ed j\u00ed vstupovat a vystupovat z v\u00e1lce v po\u017eadovan\u00e9m sm\u011bru.<\/li>\n<\/ul>\n<\/li>\n<li><strong>Specifika aplikace:<\/strong>\n<ul>\n<li>Jednosm\u011brn\u00e9 hydraulick\u00e9 v\u00e1lce se b\u011b\u017en\u011b pou\u017e\u00edvaj\u00ed v aplikac\u00edch, kde je vy\u017eadov\u00e1na s\u00edla nebo pohyb pouze v jednom sm\u011bru, jako je zved\u00e1n\u00ed, tla\u010den\u00ed nebo up\u00edn\u00e1n\u00ed.<\/li>\n<li>\u010casto se nach\u00e1zej\u00ed v hydraulick\u00fdch zved\u00e1c\u00edch, hydraulick\u00fdch lisech, skl\u00e1p\u011b\u010d\u00edch a r\u016fzn\u00fdch dal\u0161\u00edch pr\u016fmyslov\u00fdch a mobiln\u00edch za\u0159\u00edzen\u00edch.<\/li>\n<\/ul>\n<\/li>\n<\/ol>\n<h2><strong>Schopnosti a kapacita tov\u00e1rny:<\/strong><\/h2>\n<h3>(1) Mont\u00e1\u017e<\/h3>\n<p>Disponujeme prvot\u0159\u00eddn\u00ed nez\u00e1vislou v\u00fdzkumnou a v\u00fdvojovou mont\u00e1\u017en\u00ed platformou. D\u00edlna na v\u00fdrobu hydraulick\u00fdch v\u00e1lc\u016f m\u00e1 \u010dty\u0159i poloautomatick\u00e9 mont\u00e1\u017en\u00ed linky pro zvedac\u00ed v\u00e1lce a jednu automatickou mont\u00e1\u017en\u00ed linku pro nakl\u00e1p\u011bc\u00ed v\u00e1lce s projektovanou ro\u010dn\u00ed v\u00fdrobn\u00ed kapacitou 1 milion kus\u016f. D\u00edlna na speci\u00e1ln\u00ed v\u00e1lce je vybavena poloautomatick\u00fdm \u010distic\u00edm mont\u00e1\u017en\u00edm syst\u00e9mem s r\u016fzn\u00fdmi specifikacemi a projektovanou ro\u010dn\u00ed v\u00fdrobn\u00ed kapacitou 200 000 kus\u016f a je vybavena zn\u00e1m\u00fdm CNC obr\u00e1b\u011bc\u00edm za\u0159\u00edzen\u00edm, obr\u00e1b\u011bc\u00edm centrem, vysoce p\u0159esn\u00fdm speci\u00e1ln\u00edm za\u0159\u00edzen\u00edm pro zpracov\u00e1n\u00ed v\u00e1lc\u016f, robotick\u00fdm sva\u0159ovac\u00edm strojem, automatick\u00fdm \u010distic\u00edm strojem, automatick\u00fdm mont\u00e1\u017en\u00edm strojem pro v\u00e1lce a automatickou lakovac\u00ed v\u00fdrobn\u00ed linkou. St\u00e1vaj\u00edc\u00ed kritick\u00e9 vybaven\u00ed m\u00e1 v\u00edce ne\u017e 300 sad. Optim\u00e1ln\u00ed alokace a efektivn\u00ed vyu\u017eit\u00ed zdroj\u016f za\u0159\u00edzen\u00ed zaji\u0161\u0165uje po\u017eadavky na p\u0159esnost v\u00fdrobk\u016f a spl\u0148uje po\u017eadavky na vysokou kvalitu v\u00fdrobk\u016f.<\/p>\n<p><img loading=\"lazy\" decoding=\"async\" class=\"alignnone wp-image-626\" src=\"https:\/\/hydraulic-cylinders.net\/wp-content\/uploads\/2023\/08\/hydraulic-cylinder-product-1-300x158.webp\" alt=\"\" width=\"495\" height=\"260\" srcset=\"https:\/\/hydraulic-cylinders.net\/wp-content\/uploads\/2023\/08\/hydraulic-cylinder-product-1-300x158.webp 495w, https:\/\/hydraulic-cylinders.net\/wp-content\/uploads\/2023\/08\/hydraulic-cylinder-product-1-480x252.webp 480w\" sizes=\"(min-width: 0px) and (max-width: 480px) 480px, (min-width: 481px) 495px, 100vw\" \/> <img loading=\"lazy\" decoding=\"async\" class=\"alignnone wp-image-627\" src=\"https:\/\/hydraulic-cylinders.net\/wp-content\/uploads\/2023\/08\/hydraulic-cylinder-product-2-300x189.webp\" alt=\"\" width=\"413\" height=\"260\" \/><\/p>\n<h3>(2) Obr\u00e1b\u011bn\u00ed<\/h3>\n<p>Obrobna je vybavena zak\u00e1zkov\u00fdm soustru\u017enick\u00fdm centrem pro \u0161ikm\u00e9 kolejnice, obr\u00e1b\u011bc\u00edm centrem, vysokorychlostn\u00edm honovac\u00edm strojem, sva\u0159ovac\u00edm robotem a dal\u0161\u00edm souvisej\u00edc\u00edm za\u0159\u00edzen\u00edm, kter\u00e9 zvl\u00e1dne obr\u00e1b\u011bn\u00ed v\u00e1lcov\u00fdch trubek s maxim\u00e1ln\u00edm vnit\u0159n\u00edm pr\u016fm\u011brem 400 mm a maxim\u00e1ln\u00ed d\u00e9lkou 6 metr\u016f.<\/p>\n<p><img loading=\"lazy\" decoding=\"async\" class=\"alignnone wp-image-628 size-large\" src=\"https:\/\/hydraulic-cylinders.net\/wp-content\/uploads\/2023\/08\/hydraulic-cylinder-product-3-1024x391.webp\" alt=\"\" width=\"1024\" height=\"391\" srcset=\"https:\/\/hydraulic-cylinders.net\/wp-content\/uploads\/2023\/08\/hydraulic-cylinder-product-3-980x374.webp 980w, https:\/\/hydraulic-cylinders.net\/wp-content\/uploads\/2023\/08\/hydraulic-cylinder-product-3-480x183.webp 480w\" sizes=\"(min-width: 0px) and (max-width: 480px) 480px, (min-width: 481px) and (max-width: 980px) 980px, (min-width: 981px) 1024px, 100vw\" \/><\/p>\n<h3>(3) Sva\u0159ov\u00e1n\u00ed<\/h3>\n<p><img loading=\"lazy\" decoding=\"async\" class=\"alignnone wp-image-629 size-large\" src=\"https:\/\/hydraulic-cylinders.net\/wp-content\/uploads\/2023\/08\/hydraulic-cylinder-product-4-1024x510.webp\" alt=\"\" width=\"1024\" height=\"510\" srcset=\"https:\/\/hydraulic-cylinders.net\/wp-content\/uploads\/2023\/08\/hydraulic-cylinder-product-4-980x488.webp 980w, https:\/\/hydraulic-cylinders.net\/wp-content\/uploads\/2023\/08\/hydraulic-cylinder-product-4-480x239.webp 480w\" sizes=\"(min-width: 0px) and (max-width: 480px) 480px, (min-width: 481px) and (max-width: 980px) 980px, (min-width: 981px) 1024px, 100vw\" \/><\/p>\n<h3>(4) Lakov\u00e1n\u00ed a n\u00e1t\u011bry<\/h3>\n<p>S mal\u00fdmi a st\u0159edn\u00edmi v\u00e1lcov\u00fdmi automatick\u00fdmi linkami na nan\u00e1\u0161en\u00ed barev na vodn\u00ed b\u00e1zi, pro dosa\u017een\u00ed automatick\u00e9ho robotick\u00e9ho nakl\u00e1d\u00e1n\u00ed a vykl\u00e1d\u00e1n\u00ed a automatick\u00e9ho st\u0159\u00edk\u00e1n\u00ed, je konstruk\u010dn\u00ed kapacita 4000 kus\u016f za sm\u011bnu;<br \/>\nM\u00e1me tak\u00e9 poloautomatickou linku na v\u00fdrobu barev pro velk\u00e9 tlakov\u00e9 lahve poh\u00e1n\u011bn\u00e9 \u0159et\u011bzem s konstruk\u010dn\u00ed kapacitou 60 lahv\u00ed za sm\u011bnu.<\/p>\n<p><img loading=\"lazy\" decoding=\"async\" class=\"alignnone wp-image-630\" src=\"https:\/\/hydraulic-cylinders.net\/wp-content\/uploads\/2023\/08\/hydraulic-cylinder-product-5-300x213.webp\" alt=\"\" width=\"366\" height=\"260\" \/> <img loading=\"lazy\" decoding=\"async\" class=\"alignnone wp-image-631\" src=\"https:\/\/hydraulic-cylinders.net\/wp-content\/uploads\/2023\/08\/hydraulic-cylinder-product-6-300x225.webp\" alt=\"\" width=\"347\" height=\"260\" \/><\/p>\n<h3>(5) Testov\u00e1n\u00ed<\/h3>\n<p>Disponujeme prvot\u0159\u00eddn\u00edmi inspek\u010dn\u00edmi za\u0159\u00edzen\u00edmi a zku\u0161ebn\u00edmi laborato\u0159emi, abychom zajistili, \u017ee v\u00fdkon v\u00e1lce spl\u0148uje po\u017eadavky.<\/p>\n<p><img loading=\"lazy\" decoding=\"async\" class=\"alignnone wp-image-632\" src=\"https:\/\/hydraulic-cylinders.net\/wp-content\/uploads\/2023\/08\/hydraulic-cylinder-product-8-300x200.webp\" alt=\"\" width=\"389\" height=\"260\" \/><\/p>\n<p>&nbsp;<\/p>\n<p>&nbsp;<\/p>\n<p>Jsme jedn\u00edm z nejlep\u0161\u00edch v\u00fdrobc\u016f metalurgick\u00fdch hydraulick\u00fdch v\u00e1lc\u016f. Nab\u00edz\u00edme komplexn\u00ed sortiment metalurgick\u00fdch hydraulick\u00fdch v\u00e1lc\u016f. Dod\u00e1v\u00e1me tak\u00e9 odpov\u00eddaj\u00edc\u00ed <a href=\"https:\/\/hzpt.com\/agricultural-pto-gearbox\/\" target=\"_blank\" rel=\"noopener\">zem\u011bd\u011blsk\u00e9 p\u0159evodovky<\/a>Na\u0161e v\u00fdrobky jsme exportovali klient\u016fm po cel\u00e9m sv\u011bt\u011b a d\u00edky vynikaj\u00edc\u00ed kvalit\u011b v\u00fdrobk\u016f a poprodejn\u00edmu servisu jsme si z\u00edskali dobrou pov\u011bst. V\u00edt\u00e1me z\u00e1kazn\u00edky doma i v zahrani\u010d\u00ed, kte\u0159\u00ed n\u00e1s kontaktuj\u00ed za \u00fa\u010delem vyjedn\u00e1v\u00e1n\u00ed obchodn\u00edch p\u0159\u00edle\u017eitost\u00ed, v\u00fdm\u011bny informac\u00ed a <a href=\"https:\/\/www.hydraulic-cylinders.net\/cs\/contact-us\/\">spolupracujte s n\u00e1mi<\/a>!<\/p>\n<h2><\/h2>\n<h2><\/h2>","protected":false},"excerpt":{"rendered":"<p>Y-HG1 Noraml Metallurgical Hydraulic Cylinder The Y-HG1 metallurgical hydraulic cylinder is a state-of-the-art hydraulic component specifically designed to meet the demanding requirements of metallurgical applications. With its advanced features, robust construction, and exceptional performance, the Y-HG1 metallurgical hydraulic cylinder offers precise control, durability, and reliability in the rigorous environments of steel mills, foundries, and other [&hellip;]<\/p>","protected":false},"featured_media":1217,"comment_status":"open","ping_status":"closed","template":"","meta":{"_et_pb_use_builder":"","_et_pb_old_content":"","_et_gb_content_width":""},"product_brand":[],"product_cat":[1376,1550,1524],"product_tag":[1380],"class_list":{"0":"post-1213","1":"product","2":"type-product","3":"status-publish","4":"has-post-thumbnail","6":"product_cat-hydraulic-cylinder","7":"product_cat-double-acting-hydraulic-cylinder","8":"product_cat-steel-mill-hydraulic-cylinders","9":"product_tag-hydraulic-cylinder","11":"first","12":"instock","13":"shipping-taxable","14":"product-type-simple"},"amp_enabled":true,"_links":{"self":[{"href":"https:\/\/www.hydraulic-cylinders.net\/cs\/wp-json\/wp\/v2\/product\/1213","targetHints":{"allow":["GET"]}}],"collection":[{"href":"https:\/\/www.hydraulic-cylinders.net\/cs\/wp-json\/wp\/v2\/product"}],"about":[{"href":"https:\/\/www.hydraulic-cylinders.net\/cs\/wp-json\/wp\/v2\/types\/product"}],"replies":[{"embeddable":true,"href":"https:\/\/www.hydraulic-cylinders.net\/cs\/wp-json\/wp\/v2\/comments?post=1213"}],"wp:featuredmedia":[{"embeddable":true,"href":"https:\/\/www.hydraulic-cylinders.net\/cs\/wp-json\/wp\/v2\/media\/1217"}],"wp:attachment":[{"href":"https:\/\/www.hydraulic-cylinders.net\/cs\/wp-json\/wp\/v2\/media?parent=1213"}],"wp:term":[{"taxonomy":"product_brand","embeddable":true,"href":"https:\/\/www.hydraulic-cylinders.net\/cs\/wp-json\/wp\/v2\/product_brand?post=1213"},{"taxonomy":"product_cat","embeddable":true,"href":"https:\/\/www.hydraulic-cylinders.net\/cs\/wp-json\/wp\/v2\/product_cat?post=1213"},{"taxonomy":"product_tag","embeddable":true,"href":"https:\/\/www.hydraulic-cylinders.net\/cs\/wp-json\/wp\/v2\/product_tag?post=1213"}],"curies":[{"name":"wp","href":"https:\/\/api.w.org\/{rel}","templated":true}]}}