{"id":13703,"date":"2024-12-10T08:13:43","date_gmt":"2024-12-10T08:13:43","guid":{"rendered":"https:\/\/www.hydraulic-cylinders.net\/product\/replacement-of-ahc11230-gate-hydraulic-cylinder\/"},"modified":"2024-12-10T08:13:45","modified_gmt":"2024-12-10T08:13:45","slug":"replacement-of-ahc11230-gate-hydraulic-cylinder","status":"publish","type":"product","link":"https:\/\/www.hydraulic-cylinders.net\/cs\/produkt\/replacement-of-ahc11230-gate-hydraulic-cylinder\/","title":{"rendered":"V\u00fdm\u011bna hydraulick\u00e9ho v\u00e1lce br\u00e1ny AHC11230"},"content":{"rendered":"<h2>Zaveden\u00ed<\/h2>\n<p>N\u00e1hrada za hydraulick\u00fd v\u00e1lec br\u00e1ny AHC11230 je nezbytnou sou\u010d\u00e1st\u00ed pro r\u016fzn\u00e9 modely stroj\u016f. Tento hydraulick\u00fd v\u00e1lec v\u00e1\u017e\u00ed 16,7 kg, m\u00e1 v\u00fd\u0161ku 7,3 cm, \u0161\u00ed\u0159ku 9,9 cm a d\u00e9lku 107 cm. Je kompatibiln\u00ed s modely 450E, 450M, 451E, 451M, 451R, 459, 459E, 550M a 551M. <\/p>\n<h2>Definice produktu<\/h2>\n<p>V\u00fdm\u011bna hydraulick\u00e9ho v\u00e1lce br\u00e1ny AHC11230 je za\u0159\u00edzen\u00ed, kter\u00e9 vyu\u017e\u00edv\u00e1 hydraulickou energii k p\u0159em\u011bn\u011b tlaku kapaliny na line\u00e1rn\u00ed mechanickou s\u00edlu a pohyb. Pou\u017e\u00edv\u00e1 se k pohonu r\u016fzn\u00fdch stroj\u016f, v\u010detn\u011b bagr\u016f, je\u0159\u00e1b\u016f, traktor\u016f a skl\u00edze\u010d\u016f, aby se zajistilo spr\u00e1vn\u00e9 fungov\u00e1n\u00ed jejich r\u016fzn\u00fdch sou\u010d\u00e1st\u00ed.<\/p>\n<h2>Specifikace a kompatibilita produktu<\/h2>\n<p>N\u00e1hradn\u00ed hydraulick\u00fd v\u00e1lec br\u00e1ny AHC11230 m\u00e1 hmotnost 35,13 liber, v\u00fd\u0161ku 2,75 palce, \u0161\u00ed\u0159ku 3,75 palce a d\u00e9lku 40,5 palce. Je kompatibiln\u00ed s modely 450E, 450M, 451E, 451M, 451R, 459, 459E, 550M a 551M. <\/p>\n<h2>Vlastnosti produktu<\/h2>\n<ul>\n<li>Zlep\u0161en\u00fd v\u00fdkon za\u0159\u00edzen\u00ed: V\u00fdm\u011bna po\u0161kozen\u00fdch nebo opot\u0159ebovan\u00fdch hydraulick\u00fdch v\u00e1lc\u016f m\u016f\u017ee obnovit norm\u00e1ln\u00ed provozn\u00ed schopnost za\u0159\u00edzen\u00ed a zajistit jeho v\u00fdkon v r\u016fzn\u00fdch aplikac\u00edch.<\/li>\n<li>Zv\u00fd\u0161en\u00e1 bezpe\u010dnost: Pravideln\u00e1 v\u00fdm\u011bna hydraulick\u00fdch v\u00e1lc\u016f m\u016f\u017ee sn\u00ed\u017eit bezpe\u010dnostn\u00ed rizika zp\u016fsoben\u00e1 jejich selh\u00e1n\u00edm a zajistit tak bezpe\u010dnost obsluhy a za\u0159\u00edzen\u00ed.<\/li>\n<li>Ochrana proti p\u0159et\u00ed\u017een\u00ed: Nov\u00e9 konstrukce v\u00e1lc\u016f obvykle zohled\u0148uj\u00ed lep\u0161\u00ed mechanismy ochrany proti p\u0159et\u00ed\u017een\u00ed, co\u017e zvy\u0161uje bezpe\u010dnost.<\/li>\n<li>Rychl\u00e1 instalace: Modern\u00ed konstrukce hydraulick\u00fdch v\u00e1lc\u016f obvykle zohled\u0148uj\u00ed snadnou instalaci a v\u00fdm\u011bnu, \u010d\u00edm\u017e se zkracuj\u00ed prostoje.<\/li>\n<li>Standardizovan\u00e9 komponenty: Mnoho hydraulick\u00fdch v\u00e1lc\u016f jsou standardizovan\u00e9 produkty, co\u017e usnad\u0148uje z\u00edsk\u00e1n\u00ed n\u00e1hradn\u00edch d\u00edl\u016f na trhu.<\/li>\n<\/ul>\n<p>M\u016f\u017eeme vyrobit tento produkt, kter\u00fd nab\u00edz\u00ed perfektn\u00ed n\u00e1hradu za tyto hydraulick\u00e9 v\u00e1lce.<\/p>\n<h2>Aplikace<\/h2>\n<p>V\u00fdm\u011bna hydraulick\u00e9ho v\u00e1lce br\u00e1ny AHC11230 se pou\u017e\u00edv\u00e1 v r\u016fzn\u00fdch stroj\u00edch v r\u016fzn\u00fdch odv\u011btv\u00edch. Zde je n\u011bkolik sc\u00e9n\u00e1\u0159\u016f:<\/p>\n<ol>\n<li>Rypadla: Hydraulick\u00fd v\u00e1lec v rameni nebo l\u017e\u00edci rypadla m\u016f\u017ee b\u00fdt po\u0161kozen v d\u016fsledku dlouhodob\u00e9ho pou\u017e\u00edv\u00e1n\u00ed nebo p\u0159et\u00ed\u017een\u00ed a pro obnoven\u00ed norm\u00e1ln\u00edho provozu je nutn\u00e9 jej vym\u011bnit.<\/li>\n<li>Je\u0159\u00e1by: Hydraulick\u00fd v\u00e1lec zvedac\u00edho ramene je\u0159\u00e1bu je n\u00e1chyln\u00fd k opot\u0159eben\u00ed p\u0159i \u010dast\u00e9m zved\u00e1n\u00ed a spou\u0161t\u011bn\u00ed a je nutn\u00e9 jej pravideln\u011b vym\u011b\u0148ovat, aby byla zaji\u0161t\u011bna bezpe\u010dnost.<\/li>\n<li>Traktory: Hydraulick\u00fd v\u00e1lec v \u010deln\u00edm naklada\u010di traktoru m\u016f\u017ee v d\u016fsledku neust\u00e1l\u00e9ho zved\u00e1n\u00ed a nakl\u00e1p\u011bn\u00ed prosakovat nebo se jeho v\u00fdkon sni\u017euje a je nutn\u00e9 jej vym\u011bnit.<\/li>\n<li>Skl\u00edze\u010de: B\u011bhem sklizn\u011b je hydraulick\u00fd syst\u00e9m vystaven vysok\u00e9mu tlaku a v\u00e1lec se m\u016f\u017ee po\u0161kodit v d\u016fsledku \u00fanavy materi\u00e1lu, co\u017e vy\u017eaduje v\u010dasnou v\u00fdm\u011bnu pro zachov\u00e1n\u00ed efektivity pr\u00e1ce.<\/li>\n<li>Automatizovan\u00e9 v\u00fdrobn\u00ed linky: Hydraulick\u00e9 v\u00e1lce se pou\u017e\u00edvaj\u00ed k ovl\u00e1d\u00e1n\u00ed robotick\u00fdch ramen a dal\u0161\u00edch automatiza\u010dn\u00edch za\u0159\u00edzen\u00ed. Pokud v\u00e1lec sel\u017ee, m\u016f\u017ee to ovlivnit efektivitu v\u00fdroby a je nutn\u00e9 ho okam\u017eit\u011b vym\u011bnit.<\/li>\n<li>Stroje na tlakov\u00e9 lit\u00ed: V prost\u0159ed\u00ed s vysok\u00fdm tlakem a vysokou teplotou m\u016f\u017ee doch\u00e1zet ke sn\u00ed\u017een\u00ed v\u00fdkonu hydraulick\u00fdch v\u00e1lc\u016f. Pravideln\u00e1 v\u00fdm\u011bna m\u016f\u017ee zajistit kvalitu v\u00fdrobku.<\/li>\n<li>D\u016fln\u00ed za\u0159\u00edzen\u00ed: Hydraulick\u00e9 v\u00e1lce se pou\u017e\u00edvaj\u00ed v d\u016fln\u00edch za\u0159\u00edzen\u00edch ke zved\u00e1n\u00ed a p\u0159emis\u0165ov\u00e1n\u00ed t\u011b\u017ek\u00fdch p\u0159edm\u011bt\u016f. Vzhledem k drsn\u00e9mu pracovn\u00edmu prost\u0159ed\u00ed je nezbytn\u00e1 pravideln\u00e1 kontrola a v\u00fdm\u011bna, aby se p\u0159ede\u0161lo selh\u00e1n\u00ed za\u0159\u00edzen\u00ed.<\/li>\n<li>Buldozery: Opot\u0159eben\u00ed hydraulick\u00e9ho v\u00e1lce v tla\u010dn\u00e9m rameni buldozeru m\u016f\u017ee zp\u016fsobit sn\u00ed\u017een\u00ed tla\u010dn\u00e9 kapacity a pro zachov\u00e1n\u00ed provozn\u00ed \u00fa\u010dinnosti je nutn\u00e9 jej vym\u011bnit.<\/li>\n<\/ol>\n<h2>\u00dadr\u017eba<\/h2>\n<p>Zde jsou n\u011bkter\u00e9 b\u011b\u017en\u00e9 \u00fakoly \u00fadr\u017eby:<\/p>\n<ol>\n<li>Pravideln\u00e9 kontroly: Pravideln\u00e1 kontrola hydraulick\u00e9ho v\u00e1lce a jeho sou\u010d\u00e1st\u00ed m\u016f\u017ee pomoci odhalit p\u0159\u00edpadn\u00e9 probl\u00e9my a zabr\u00e1nit dal\u0161\u00edmu po\u0161kozen\u00ed.<\/li>\n<li>Spr\u00e1vn\u00e9 maz\u00e1n\u00ed: Dostate\u010dn\u00e9 maz\u00e1n\u00ed je nezbytn\u00e9 pro zaji\u0161t\u011bn\u00ed hladk\u00e9ho chodu hydraulick\u00e9ho v\u00e1lce. Pou\u017eit\u00ed spr\u00e1vn\u00e9ho typu oleje a maz\u00e1n\u00ed v\u00e1lce ve spr\u00e1vn\u00fdch intervalech m\u016f\u017ee prodlou\u017eit jeho \u017eivotnost.<\/li>\n<li>V\u00fdm\u011bna t\u011bsn\u011bn\u00ed: T\u011bsn\u011bn\u00ed zabra\u0148uj\u00ed \u00fanik\u016fm a pom\u00e1haj\u00ed udr\u017eovat tlak. V\u00fdm\u011bna opot\u0159ebovan\u00fdch t\u011bsn\u011bn\u00ed m\u016f\u017ee pomoci chr\u00e1nit v\u00e1lec p\u0159ed prachem, ne\u010distotami a dal\u0161\u00edmi kontaminanty.<\/li>\n<\/ol>\n<p>B\u011bhem instalace je nezbytn\u00e9 poskytnout \u0159\u00e1dn\u00e9 pokyny k vyrovn\u00e1n\u00ed v\u00e1lce. Doporu\u010dujeme pou\u017e\u00edt vhodn\u00e9 mont\u00e1\u017en\u00ed konzoly k upevn\u011bn\u00ed v\u00e1lce. Nab\u00edz\u00edme doporu\u010den\u00e9 postupy kontroly, opravy a v\u00fdm\u011bny, n\u00e1hradn\u00ed d\u00edly a slu\u017eby repase, abychom maximalizovali \u017eivotnost v\u00e1lce.<\/p>\n<h2>Bezpe\u010dnostn\u00ed a environment\u00e1ln\u00ed aspekty<\/h2>\n<p>P\u0159i pou\u017e\u00edv\u00e1n\u00ed hydraulick\u00fdch v\u00e1lc\u016f je nezbytn\u00e9 dodr\u017eovat bezpe\u010dnostn\u00ed opat\u0159en\u00ed, aby se p\u0159ede\u0161lo nehod\u00e1m. Nap\u0159\u00edklad je nezbytn\u00e9 zajistit, aby bylo za\u0159\u00edzen\u00ed bezpe\u010dn\u011b uzemn\u011bno a aby byl hydraulick\u00fd syst\u00e9m odtlakov\u00e1n p\u0159ed jakoukoli \u00fadr\u017ebou nebo opravou. D\u00e1le je nezbytn\u00e9 \u0159\u00e1dn\u011b zlikvidovat pou\u017eit\u00fd hydraulick\u00fd olej a dal\u0161\u00ed nebezpe\u010dn\u00e9 materi\u00e1ly.<\/p>\n<h2>Odstra\u0148ov\u00e1n\u00ed probl\u00e9m\u016f a b\u011b\u017en\u00e9 probl\u00e9my<\/h2>\n<p>Zde jsou n\u011bkter\u00e9 b\u011b\u017en\u00e9 probl\u00e9my a jejich \u0159e\u0161en\u00ed:<\/p>\n<ol>\n<li>Net\u011bsn\u00e1 t\u011bsn\u011bn\u00ed: Net\u011bsn\u00e1 t\u011bsn\u011bn\u00ed mohou zp\u016fsobit ztr\u00e1tu tlaku a sn\u00ed\u017een\u00ed v\u00fdkonu v\u00e1lce. V\u00fdm\u011bna t\u011bsn\u011bn\u00ed m\u016f\u017ee zabr\u00e1nit dal\u0161\u00edmu po\u0161kozen\u00ed.<\/li>\n<li>P\u0159eh\u0159\u00e1t\u00ed: K p\u0159eh\u0159\u00e1t\u00ed m\u016f\u017ee doj\u00edt v d\u016fsledku vysok\u00fdch teplot nebo nedostate\u010dn\u00e9ho maz\u00e1n\u00ed. Pravideln\u00e1 \u00fadr\u017eba a spr\u00e1vn\u00e9 maz\u00e1n\u00ed mohou p\u0159eh\u0159\u00e1t\u00ed zabr\u00e1nit.<\/li>\n<li>Zaseknut\u00fd nebo zad\u0159en\u00fd p\u00edst: Zaseknut\u00fd nebo zad\u0159en\u00fd p\u00edst m\u016f\u017ee b\u00fdt zp\u016fsoben zne\u010di\u0161t\u011bn\u00edm nebo nedostate\u010dn\u00fdm maz\u00e1n\u00edm. Tento probl\u00e9m lze vy\u0159e\u0161it demont\u00e1\u017e\u00ed a vy\u010di\u0161t\u011bn\u00edm v\u00e1lce.<\/li>\n<\/ol>\n<p>Preventivn\u00ed opat\u0159en\u00ed mohou pomoci minimalizovat potenci\u00e1ln\u00ed probl\u00e9my, jako je pravideln\u00e1 \u00fadr\u017eba, spr\u00e1vn\u00e9 maz\u00e1n\u00ed a pravideln\u00e9 \u010di\u0161t\u011bn\u00ed v\u00e1lce.<\/p>\n<p><img decoding=\"async\" src=\"https:\/\/www.hydraulic-cylinders.net\/wp-content\/uploads\/2024\/12\/Replacement-Of-John-Deere-Hydraulic-Cylinder-3.webp\" \/><\/p>\n<h2>Konstruk\u010dn\u00ed aspekty a krit\u00e9ria v\u00fdb\u011bru<\/h2>\n<p>P\u0159i v\u00fdb\u011bru hydraulick\u00e9ho v\u00e1lce je nezbytn\u00e9 zv\u00e1\u017eit n\u011bkolik faktor\u016f, v\u010detn\u011b \u00fanosnosti, t\u011bsnic\u00edch vlastnost\u00ed, trvanlivosti, bezpe\u010dnosti a \u00fadr\u017eby. Zde je n\u011bkolik konstruk\u010dn\u00edch aspekt\u016f:<\/p>\n<ol>\n<li>Nosnost: Velikost a pevnost hydraulick\u00e9ho v\u00e1lce by m\u011bly odpov\u00eddat nosnosti stroje a po\u017eadavk\u016fm na aplikaci.<\/li>\n<li>T\u011bsnic\u00ed v\u00fdkon: Hydraulick\u00fd v\u00e1lec mus\u00ed m\u00edt spr\u00e1vn\u00e9 t\u011bsn\u011bn\u00ed, aby se zabr\u00e1nilo \u00fanik\u016fm a udr\u017eel se tlak.<\/li>\n<li>Trvanlivost: Hydraulick\u00fd v\u00e1lec by m\u011bl b\u00fdt vyroben z vysoce kvalitn\u00edch materi\u00e1l\u016f, aby byla zaji\u0161t\u011bna jeho odolnost a dlouh\u00e1 \u017eivotnost.<\/li>\n<li>Bezpe\u010dnost: Hydraulick\u00fd v\u00e1lec by m\u011bl m\u00edt vhodn\u00e9 bezpe\u010dnostn\u00ed prvky, jako je ochrana proti p\u0159et\u00ed\u017een\u00ed, aby se zabr\u00e1nilo nehod\u00e1m.<\/li>\n<li>\u00dadr\u017eba: Hydraulick\u00fd v\u00e1lec by m\u011bl b\u00fdt snadno udr\u017eovateln\u00fd, s snadno vym\u011bniteln\u00fdmi d\u00edly a spr\u00e1vn\u00fdmi mazac\u00edmi kan\u00e1ly.<\/li>\n<\/ol>\n<p>Pou\u017eit\u00ed r\u016fzn\u00fdch t\u011bsn\u011bn\u00ed, jako jsou p\u00edstn\u00ed a p\u00edstn\u00ed t\u011bsn\u011bn\u00ed, vyroben\u00fdch z materi\u00e1l\u016f odoln\u00fdch proti opot\u0159eben\u00ed, jako je polyuretan a nitrilov\u00e1 pry\u017e, a pe\u010dliv\u011b o\u0161et\u0159en\u00fd povrch v\u00e1lce a z\u00e1vitu m\u016f\u017ee zlep\u0161it t\u011bsnic\u00ed v\u00fdkon a trvanlivost hydraulick\u00e9ho v\u00e1lce. Pravideln\u00e9 p\u0159id\u00e1v\u00e1n\u00ed vhodn\u00e9ho mno\u017estv\u00ed hydraulick\u00e9ho oleje pro maz\u00e1n\u00ed m\u016f\u017ee tak\u00e9 prodlou\u017eit \u017eivotnost hydraulick\u00e9ho v\u00e1lce.<\/p>\n<h2>Instala\u010dn\u00ed p\u0159\u00edru\u010dka<\/h2>\n<p>Pro spr\u00e1vnou instalaci hydraulick\u00e9ho v\u00e1lce postupujte takto:<\/p>\n<ol>\n<li>P\u0159ed instalac\u00ed se ujist\u011bte, \u017ee je za\u0159\u00edzen\u00ed bezpe\u010dn\u011b uzemn\u011bno a \u017ee je hydraulick\u00fd syst\u00e9m bez tlaku.<\/li>\n<li>Vyrovnejte v\u00e1lec s mont\u00e1\u017en\u00edmi konzolami a upevn\u011bte jej na m\u00edst\u011b pomoc\u00ed p\u0159\u00edslu\u0161n\u00fdch \u0161roub\u016f a matic.<\/li>\n<li>P\u0159ipojte hydraulick\u00e9 hadice a ujist\u011bte se, \u017ee je v\u00e1lec spr\u00e1vn\u011b vyrovn\u00e1n.<\/li>\n<li>Otestujte funkci hydraulick\u00e9ho v\u00e1lce, abyste se ujistili, \u017ee funguje spr\u00e1vn\u011b.<\/li>\n<\/ol>\n<p><img decoding=\"async\" src=\"https:\/\/www.hydraulic-cylinders.net\/wp-content\/uploads\/2024\/12\/Replacement-Of-John-Deere-Hydraulic-Cylinder-4.webp\" \/><\/p>\n<h2>Z\u00e1v\u011br<\/h2>\n<p>Na\u0161e spole\u010dnost je p\u0159edn\u00edm v\u00fdrobcem a distributorem hydraulick\u00fdch v\u00e1lc\u016f na dom\u00e1c\u00edm i mezin\u00e1rodn\u00edm trhu. Nab\u00edz\u00edme r\u016fzn\u00e9 produkty, zak\u00e1zkov\u00e9 slu\u017eby a efektivn\u00ed v\u00fdrobn\u00ed za\u0159\u00edzen\u00ed s mezin\u00e1rodn\u00edmi certifikacemi a standardy kvality. Na\u0161e spole\u010dnost si cen\u00ed profesionality a klade d\u016fraz na spokojenost z\u00e1kazn\u00edk\u016f, poskytujeme poprodejn\u00ed servis a technickou podporu. <\/p>\n<p>Autor: lyl<\/p>","protected":false},"excerpt":{"rendered":"<p>Introduction The Replacement Of AHC11230 Gate Hydraulic Cylinder is an essential component for various machine models. This hydraulic cylinder weighs 35.13 lbs, has a height of 2.75 inches, width of 3.75 inches, and length of 40.5 inches. It is compatible with models 450E, 450M, 451E, 451M, 451R, 459, 459E, 550M, and 551M. Product Definition The [&hellip;]<\/p>","protected":false},"featured_media":11169,"comment_status":"open","ping_status":"closed","template":"","meta":{"_et_pb_use_builder":"","_et_pb_old_content":"","_et_gb_content_width":""},"product_brand":[],"product_cat":[1489],"product_tag":[1380,1490,1491],"class_list":{"0":"post-13703","1":"product","2":"type-product","3":"status-publish","4":"has-post-thumbnail","6":"product_cat-replacement-of-john-deere-hydraulic-cylinder","7":"product_tag-hydraulic-cylinder","8":"product_tag-replacement-of-hydraulic-cylinder","9":"product_tag-replacemet-of-john-deere-hydraulic-cylinder","11":"first","12":"instock","13":"shipping-taxable","14":"product-type-simple"},"amp_enabled":true,"_links":{"self":[{"href":"https:\/\/www.hydraulic-cylinders.net\/cs\/wp-json\/wp\/v2\/product\/13703","targetHints":{"allow":["GET"]}}],"collection":[{"href":"https:\/\/www.hydraulic-cylinders.net\/cs\/wp-json\/wp\/v2\/product"}],"about":[{"href":"https:\/\/www.hydraulic-cylinders.net\/cs\/wp-json\/wp\/v2\/types\/product"}],"replies":[{"embeddable":true,"href":"https:\/\/www.hydraulic-cylinders.net\/cs\/wp-json\/wp\/v2\/comments?post=13703"}],"wp:featuredmedia":[{"embeddable":true,"href":"https:\/\/www.hydraulic-cylinders.net\/cs\/wp-json\/wp\/v2\/media\/11169"}],"wp:attachment":[{"href":"https:\/\/www.hydraulic-cylinders.net\/cs\/wp-json\/wp\/v2\/media?parent=13703"}],"wp:term":[{"taxonomy":"product_brand","embeddable":true,"href":"https:\/\/www.hydraulic-cylinders.net\/cs\/wp-json\/wp\/v2\/product_brand?post=13703"},{"taxonomy":"product_cat","embeddable":true,"href":"https:\/\/www.hydraulic-cylinders.net\/cs\/wp-json\/wp\/v2\/product_cat?post=13703"},{"taxonomy":"product_tag","embeddable":true,"href":"https:\/\/www.hydraulic-cylinders.net\/cs\/wp-json\/wp\/v2\/product_tag?post=13703"}],"curies":[{"name":"wp","href":"https:\/\/api.w.org\/{rel}","templated":true}]}}