{"id":1419,"date":"2023-09-18T08:45:51","date_gmt":"2023-09-18T08:45:51","guid":{"rendered":"https:\/\/hydraulic-cylinders.net\/?post_type=product&#038;p=1419"},"modified":"2025-04-11T02:57:05","modified_gmt":"2025-04-11T02:57:05","slug":"40-mdc-series-compact-mold-cylinder","status":"publish","type":"product","link":"https:\/\/www.hydraulic-cylinders.net\/cs\/produkt\/40-mdc-series-compact-mold-cylinder\/","title":{"rendered":"Kompaktn\u00ed v\u00e1lec pro formy \u0159ady 40 MDC"},"content":{"rendered":"<h1 style=\"text-align: center;\"><strong>Kompaktn\u00ed v\u00e1lec pro formy \u0159ady 40 MDC<\/strong><\/h1>\n<p>The 40 MDC Series compact mold cylinder is an efficient and versatile hydraulic cylinder designed specifically for die applications. With its compact design, superior performance, and durable construction, this cylinder provides reliable and precise operation in a variety of industrial environments. Whether used in injection molding machines, die-casting equipment, or other die-related applications, the 40 MDC compact mold cylinder offers exceptional functionality and productivity.<\/p>\n<p>\u00b7 MDC je kompaktn\u00ed hydraulick\u00fd v\u00e1lec (CX) s elektrickou sk\u0159\u00edn\u00ed a p\u00edstn\u00ed ty\u010d\u00ed pro p\u0159esn\u00e9 \u0159\u00edzen\u00ed neutronov\u00e9 polohy formy.<br \/>\n\u00b7 Hydraulick\u00fd v\u00e1lec vhodn\u00fd pro pou\u017eit\u00ed s \u200b\u200bplastov\u00fdmi formami.<\/p>\n<p><img loading=\"lazy\" decoding=\"async\" class=\"aligncenter wp-image-323230\" src=\"https:\/\/hzpt.com\/wp-content\/uploads\/2023\/09\/mdc-compact-hydraulic-cylinder-7.webp\" alt=\"40-compact-mold-cylinder-parameter-1 \" width=\"400\" height=\"400\" \/><\/p>\n<h2><strong>Popis modelu kompaktn\u00edho v\u00e1lce pro vst\u0159ikovac\u00ed formy:<\/strong><\/h2>\n<p><img loading=\"lazy\" decoding=\"async\" class=\"alignnone size-full wp-image-323234\" src=\"https:\/\/hzpt.com\/wp-content\/uploads\/2023\/09\/mdc-compact-hydraulic-cylinder-2.webp\" alt=\"\" width=\"966\" height=\"882\" \/><\/p>\n<h2><strong>Charakteristick\u00e9 \u00fadaje kompaktn\u00edho v\u00e1lce formy:<\/strong><\/h2>\n<p><img loading=\"lazy\" decoding=\"async\" class=\"alignnone size-full wp-image-323236\" src=\"https:\/\/hzpt.com\/wp-content\/uploads\/2023\/09\/mdc-compact-hydraulic-cylinder-3-1.webp\" alt=\"\" width=\"899\" height=\"262\" \/><\/p>\n<h2><strong>Sch\u00e9ma struktury kompaktn\u00edho v\u00e1lce formy:<\/strong><\/h2>\n<p><img loading=\"lazy\" decoding=\"async\" class=\"alignnone size-full wp-image-323250\" src=\"https:\/\/hzpt.com\/wp-content\/uploads\/2023\/09\/mdc-compact-hydraulic-cylinder-4-1.webp\" alt=\"\" width=\"737\" height=\"808\" \/><\/p>\n<h2><strong>Sch\u00e9ma rozm\u011br\u016f p\u0159ipojen\u00ed p\u00edstn\u00ed ty\u010de:<\/strong><\/h2>\n<p><img loading=\"lazy\" decoding=\"async\" class=\"alignnone size-large wp-image-323239\" src=\"https:\/\/hzpt.com\/wp-content\/uploads\/2023\/09\/mdc-compact-hydraulic-cylinder-5-787x1024.webp\" alt=\"\" width=\"787\" height=\"1024\" \/><\/p>\n<h2><strong>Poloha p\u0159ezky elektrick\u00e9 sk\u0159\u00edn\u011b, poloha olejov\u00e9ho portu a poloha distribu\u010dn\u00edho v\u00fdstupu:<\/strong><\/h2>\n<p><img loading=\"lazy\" decoding=\"async\" class=\"alignnone size-large wp-image-323241\" src=\"https:\/\/hzpt.com\/wp-content\/uploads\/2023\/09\/mdc-compact-hydraulic-cylinder-6-616x1024.webp\" alt=\"\" width=\"616\" height=\"1024\" \/><\/p>\n<h2><strong>40 MDC Series Compact Mold Cylinder Parameter:<\/strong><\/h2>\n<p><img loading=\"lazy\" decoding=\"async\" class=\"alignnone size-large wp-image-323251\" src=\"https:\/\/hzpt.com\/wp-content\/uploads\/2023\/09\/mdc-compact-hydraulic-cylinder-8-1-941x1024.webp\" alt=\"\" width=\"941\" height=\"1024\" \/><\/p>\n<h2><strong>Kompaktn\u00ed v\u00e1lec pro formy \u0159ady 40 MDC <\/strong><strong>Zp\u016fsob pou\u017eit\u00ed<\/strong><strong>:<\/strong><\/h2>\n<ol>\n<li><strong>Mont\u00e1\u017e a instalace:<\/strong>\n<ul>\n<li>Determine the appropriate mounting position for the 32 MDC Series compact mold cylinders according to the requirements of the mold application.<\/li>\n<li>Ensure the cylinder is firmly installed, stable, and firm to prevent vibration or dislocation during operation.<\/li>\n<\/ul>\n<\/li>\n<li><strong>P\u0159ipojen\u00ed k hydraulick\u00e9mu syst\u00e9mu:<\/strong>\n<ul>\n<li>P\u0159ipojte hydraulick\u00fd v\u00e1lec k hydraulick\u00e9mu syst\u00e9mu pomoc\u00ed kompatibiln\u00ed hydraulick\u00e9 hadice nebo potrub\u00ed.<\/li>\n<li>Ensure proper alignment, tight connections, and suitable fittings to prevent leaks and ensure optimum performance.<\/li>\n<\/ul>\n<\/li>\n<li><strong>Mold Operation:<\/strong>\n<ul>\n<li>Activate the hydraulic system to initiate the movement of the 32 MDC Series compact cylinder.<\/li>\n<li>Use hydraulic control systems, such as valves or switches, to control the precise actions of the mold, including opening, closing, and clamping.<\/li>\n<\/ul>\n<\/li>\n<\/ol>\n<h2><strong>How To Bleed A Hydraulic Cylinder On A Dump Truck?<\/strong><\/h2>\n<p>Pro demont\u00e1\u017e hydraulick\u00e9ho v\u00e1lce postupujte podle t\u011bchto obecn\u00fdch krok\u016f:<\/p>\n<ol>\n<li><strong>Bezpe\u010dnostn\u00ed opat\u0159en\u00ed:<\/strong>\n<ul>\n<li>P\u0159ed spu\u0161t\u011bn\u00edm se ujist\u011bte, \u017ee je hydraulick\u00fd syst\u00e9m bez tlaku a zdroj energie je odpojen.<\/li>\n<li>Use appropriate personal protective equipment, such as gloves and safety goggles, to protect yourself from potential hazards.<\/li>\n<\/ul>\n<\/li>\n<li><strong>Polohov\u00e1n\u00ed a podpora:<\/strong>\n<ul>\n<li>Um\u00edst\u011bte hydraulick\u00fd v\u00e1lec na stabiln\u00ed pracovn\u00ed plochu a ujist\u011bte se, \u017ee je dostate\u010dn\u011b podep\u0159en, aby se zabr\u00e1nilo n\u00e1hodn\u00e9mu pohybu nebo po\u0161kozen\u00ed.<\/li>\n<\/ul>\n<\/li>\n<li><strong>Odstra\u0148te extern\u00ed komponenty:<\/strong>\n<ul>\n<li>Odpojte v\u0161echny extern\u00ed sou\u010d\u00e1sti p\u0159ipojen\u00e9 k v\u00e1lci, jako jsou hadice, armatury nebo mont\u00e1\u017en\u00ed konzoly.<\/li>\n<li>K opatrn\u00e9mu uvoln\u011bn\u00ed a demont\u00e1\u017ei t\u011bchto sou\u010d\u00e1st\u00ed pou\u017eijte vhodn\u00e9 n\u00e1stroje, jako jsou kl\u00ed\u010de nebo kle\u0161t\u011b.<\/li>\n<\/ul>\n<\/li>\n<li><strong>Vypu\u0161t\u011bn\u00ed hydraulick\u00e9 kapaliny:<\/strong>\n<ul>\n<li>Vyhledejte vypou\u0161t\u011bc\u00ed z\u00e1tku nebo ventil na v\u00e1lci a odstra\u0148te ji, aby hydraulick\u00e1 kapalina mohla vyt\u00e9ct do vhodn\u00e9 n\u00e1doby.<\/li>\n<li>Um\u00edst\u011bte v\u00e1lec tak, aby umo\u017e\u0148oval \u00fapln\u00e9 odvodn\u011bn\u00ed.<\/li>\n<\/ul>\n<\/li>\n<li><strong>Demont\u00e1\u017e koncov\u00fdch krytek:<\/strong>\n<ul>\n<li>Identifikujte koncov\u00e9 uz\u00e1v\u011bry hydraulick\u00e9ho v\u00e1lce. Obvykle se nach\u00e1zej\u00ed na obou konc\u00edch v\u00e1lce.<\/li>\n<li>Odstra\u0148te \u0161rouby, vruty nebo spojovac\u00ed prvky a zajist\u011bte koncov\u00e9 krytky pomoc\u00ed vhodn\u00e9ho n\u00e1\u0159ad\u00ed.<\/li>\n<li>V p\u0159\u00edpad\u011b pot\u0159eby jemn\u011b poklepejte na koncov\u00e9 uz\u00e1v\u011bry gumov\u00fdm klad\u00edvkem, abyste p\u0159eru\u0161ili p\u0159\u00edpadn\u00e9 t\u011bsn\u011bn\u00ed nebo lepen\u00e9 spojen\u00ed.<\/li>\n<\/ul>\n<\/li>\n<li><strong>Samostatn\u00e9 komponenty v\u00e1lce:<\/strong>\n<ul>\n<li>Po odstran\u011bn\u00ed koncov\u00fdch v\u00ed\u010dek opatrn\u011b vysu\u0148te p\u00edst a p\u00edstn\u00ed ty\u010d z v\u00e1lce v\u00e1lce.<\/li>\n<li>V\u011bnujte pros\u00edm pozornost p\u0159\u00edpadn\u00fdm t\u011bsn\u011bn\u00edm, lo\u017eisk\u016fm nebo pouzdr\u016fm a v p\u0159\u00edpad\u011b pot\u0159eby je odstra\u0148te.<\/li>\n<li>Pro snaz\u0161\u00ed op\u011btovnou mont\u00e1\u017e si v\u0161imn\u011bte po\u0159ad\u00ed a orientace sou\u010d\u00e1st\u00ed.<\/li>\n<\/ul>\n<\/li>\n<li><strong>Kontrola a \u010di\u0161t\u011bn\u00ed sou\u010d\u00e1st\u00ed:<\/strong>\n<ul>\n<li>Zkontrolujte ka\u017edou demontovanou sou\u010d\u00e1st, zda nevykazuje zn\u00e1mky opot\u0159eben\u00ed, po\u0161kozen\u00ed nebo kontaminace.<\/li>\n<li>Vy\u010dist\u011bte v\u0161echny sou\u010d\u00e1sti vhodn\u00fdm rozpou\u0161t\u011bdlem nebo \u010distic\u00edm prost\u0159edkem, abyste odstranili ne\u010distoty, \u00falomky nebo star\u00e9 mazivo.<\/li>\n<li>Povrchy jemn\u011b o\u010dist\u011bte m\u011bkk\u00fdm had\u0159\u00edkem nebo kart\u00e1\u010dem, ani\u017e byste je po\u0161kodili.<\/li>\n<\/ul>\n<\/li>\n<li><strong>Vym\u011b\u0148te nebo opravte komponenty:<\/strong>\n<ul>\n<li>Pokud n\u011bkter\u00e9 sou\u010d\u00e1sti vykazuj\u00ed zna\u010dn\u00e9 opot\u0159eben\u00ed nebo po\u0161kozen\u00ed, zva\u017ete jejich v\u00fdm\u011bnu za nov\u00e9.<\/li>\n<li>Opravte nebo p\u0159estavte sou\u010d\u00e1sti, nap\u0159\u00edklad v\u00fdm\u011bnou t\u011bsn\u011bn\u00ed nebo renovac\u00ed p\u00edstn\u00ed ty\u010de.<\/li>\n<\/ul>\n<\/li>\n<li><strong>Znovusemont\u00e1\u017e:<\/strong>\n<ul>\n<li>Pro op\u011btovnou mont\u00e1\u017e hydraulick\u00e9ho v\u00e1lce postupujte v opa\u010dn\u00e9m po\u0159ad\u00ed demont\u00e1\u017ee a zajist\u011bte spr\u00e1vn\u00e9 vyrovn\u00e1n\u00ed a orientaci sou\u010d\u00e1st\u00ed.<\/li>\n<li>B\u011bhem op\u011btovn\u00e9 mont\u00e1\u017ee nama\u017ete p\u0159\u00edslu\u0161n\u00e9 d\u00edly doporu\u010denou hydraulickou kapalinou nebo mazivem.<\/li>\n<li>Ut\u00e1hn\u011bte v\u0161echny upev\u0148ovac\u00ed prvky podle pokyn\u016f v\u00fdrobce, v p\u0159\u00edpad\u011b pot\u0159eby pou\u017eijte momentov\u00fd kl\u00ed\u010d.<\/li>\n<\/ul>\n<\/li>\n<li><strong>Testov\u00e1n\u00ed a inspekce:<\/strong><\/li>\n<\/ol>\n<ul>\n<li>Po op\u011btovn\u00e9 mont\u00e1\u017ei prove\u010fte d\u016fkladnou kontrolu, abyste se ujistili, \u017ee v\u0161echny komponenty jsou spr\u00e1vn\u011b zarovn\u00e1ny a zaji\u0161t\u011bny.<\/li>\n<li>Kontrolovan\u00fdm zp\u016fsobem otestujte hydraulick\u00fd v\u00e1lec, abyste ov\u011b\u0159ili jeho funk\u010dnost, a zkontrolujte p\u0159\u00edpadn\u00e9 net\u011bsnosti nebo abnorm\u00e1ln\u00ed provoz.<\/li>\n<\/ul>\n<h2><strong>Schopnosti a kapacita tov\u00e1rny:<\/strong><\/h2>\n<h3>(1) Mont\u00e1\u017e<\/h3>\n<p>Disponujeme prvot\u0159\u00eddn\u00ed nez\u00e1vislou v\u00fdzkumnou a v\u00fdvojovou mont\u00e1\u017en\u00ed platformou. D\u00edlna na v\u00fdrobu hydraulick\u00fdch v\u00e1lc\u016f m\u00e1 \u010dty\u0159i poloautomatick\u00e9 mont\u00e1\u017en\u00ed linky pro zvedac\u00ed v\u00e1lce a jednu automatickou mont\u00e1\u017en\u00ed linku pro nakl\u00e1p\u011bc\u00ed v\u00e1lce s projektovanou ro\u010dn\u00ed v\u00fdrobn\u00ed kapacitou 1 milion kus\u016f. D\u00edlna na speci\u00e1ln\u00ed v\u00e1lce je vybavena poloautomatick\u00fdm \u010distic\u00edm mont\u00e1\u017en\u00edm syst\u00e9mem s r\u016fzn\u00fdmi specifikacemi a projektovanou ro\u010dn\u00ed v\u00fdrobn\u00ed kapacitou 200 000 kus\u016f a je vybavena zn\u00e1m\u00fdm CNC obr\u00e1b\u011bc\u00edm za\u0159\u00edzen\u00edm, obr\u00e1b\u011bc\u00edm centrem, vysoce p\u0159esn\u00fdm speci\u00e1ln\u00edm za\u0159\u00edzen\u00edm pro zpracov\u00e1n\u00ed v\u00e1lc\u016f, robotick\u00fdm sva\u0159ovac\u00edm strojem, automatick\u00fdm \u010distic\u00edm strojem, automatick\u00fdm mont\u00e1\u017en\u00edm strojem pro v\u00e1lce a automatickou lakovac\u00ed v\u00fdrobn\u00ed linkou. St\u00e1vaj\u00edc\u00ed kritick\u00e9 vybaven\u00ed m\u00e1 v\u00edce ne\u017e 300 sad. Optim\u00e1ln\u00ed alokace a efektivn\u00ed vyu\u017eit\u00ed zdroj\u016f za\u0159\u00edzen\u00ed zaji\u0161\u0165uje po\u017eadavky na p\u0159esnost v\u00fdrobk\u016f a spl\u0148uje po\u017eadavky na vysokou kvalitu v\u00fdrobk\u016f.<\/p>\n<p><img loading=\"lazy\" decoding=\"async\" class=\"alignnone wp-image-626\" src=\"https:\/\/hydraulic-cylinders.net\/wp-content\/uploads\/2023\/08\/hydraulic-cylinder-product-1-300x158.webp\" alt=\"\" width=\"495\" height=\"260\" srcset=\"https:\/\/hydraulic-cylinders.net\/wp-content\/uploads\/2023\/08\/hydraulic-cylinder-product-1-300x158.webp 495w, https:\/\/hydraulic-cylinders.net\/wp-content\/uploads\/2023\/08\/hydraulic-cylinder-product-1-480x252.webp 480w\" sizes=\"(min-width: 0px) and (max-width: 480px) 480px, (min-width: 481px) 495px, 100vw\" \/> <img loading=\"lazy\" decoding=\"async\" class=\"alignnone wp-image-627\" src=\"https:\/\/hydraulic-cylinders.net\/wp-content\/uploads\/2023\/08\/hydraulic-cylinder-product-2-300x189.webp\" alt=\"\" width=\"413\" height=\"260\" \/><\/p>\n<h3>(2) Obr\u00e1b\u011bn\u00ed<\/h3>\n<p>Obrobna je vybavena zak\u00e1zkov\u00fdm soustru\u017enick\u00fdm centrem pro \u0161ikm\u00e9 kolejnice, obr\u00e1b\u011bc\u00edm centrem, vysokorychlostn\u00edm honovac\u00edm strojem, sva\u0159ovac\u00edm robotem a dal\u0161\u00edm souvisej\u00edc\u00edm za\u0159\u00edzen\u00edm, kter\u00e9 zvl\u00e1dne obr\u00e1b\u011bn\u00ed v\u00e1lcov\u00fdch trubek s maxim\u00e1ln\u00edm vnit\u0159n\u00edm pr\u016fm\u011brem 400 mm a maxim\u00e1ln\u00ed d\u00e9lkou 6 metr\u016f.<\/p>\n<p><img loading=\"lazy\" decoding=\"async\" class=\"alignnone wp-image-628 size-large\" src=\"https:\/\/hydraulic-cylinders.net\/wp-content\/uploads\/2023\/08\/hydraulic-cylinder-product-3-1024x391.webp\" alt=\"\" width=\"1024\" height=\"391\" srcset=\"https:\/\/hydraulic-cylinders.net\/wp-content\/uploads\/2023\/08\/hydraulic-cylinder-product-3-980x374.webp 980w, https:\/\/hydraulic-cylinders.net\/wp-content\/uploads\/2023\/08\/hydraulic-cylinder-product-3-480x183.webp 480w\" sizes=\"(min-width: 0px) and (max-width: 480px) 480px, (min-width: 481px) and (max-width: 980px) 980px, (min-width: 981px) 1024px, 100vw\" \/><\/p>\n<h3>(3) Sva\u0159ov\u00e1n\u00ed<\/h3>\n<p><img loading=\"lazy\" decoding=\"async\" class=\"alignnone wp-image-629 size-large\" src=\"https:\/\/hydraulic-cylinders.net\/wp-content\/uploads\/2023\/08\/hydraulic-cylinder-product-4-1024x510.webp\" alt=\"\" width=\"1024\" height=\"510\" srcset=\"https:\/\/hydraulic-cylinders.net\/wp-content\/uploads\/2023\/08\/hydraulic-cylinder-product-4-980x488.webp 980w, https:\/\/hydraulic-cylinders.net\/wp-content\/uploads\/2023\/08\/hydraulic-cylinder-product-4-480x239.webp 480w\" sizes=\"(min-width: 0px) and (max-width: 480px) 480px, (min-width: 481px) and (max-width: 980px) 980px, (min-width: 981px) 1024px, 100vw\" \/><\/p>\n<h3>(4) Lakov\u00e1n\u00ed a n\u00e1t\u011bry<\/h3>\n<p>S mal\u00fdmi a st\u0159edn\u00edmi v\u00e1lcov\u00fdmi automatick\u00fdmi linkami na nan\u00e1\u0161en\u00ed barev na vodn\u00ed b\u00e1zi, pro dosa\u017een\u00ed automatick\u00e9ho robotick\u00e9ho nakl\u00e1d\u00e1n\u00ed a vykl\u00e1d\u00e1n\u00ed a automatick\u00e9ho st\u0159\u00edk\u00e1n\u00ed, je konstruk\u010dn\u00ed kapacita 4000 kus\u016f za sm\u011bnu;<br \/>\nM\u00e1me tak\u00e9 poloautomatickou linku na v\u00fdrobu barev pro velk\u00e9 tlakov\u00e9 lahve poh\u00e1n\u011bn\u00e9 \u0159et\u011bzem s konstruk\u010dn\u00ed kapacitou 60 lahv\u00ed za sm\u011bnu.<\/p>\n<p><img loading=\"lazy\" decoding=\"async\" class=\"alignnone wp-image-630\" src=\"https:\/\/hydraulic-cylinders.net\/wp-content\/uploads\/2023\/08\/hydraulic-cylinder-product-5-300x213.webp\" alt=\"\" width=\"366\" height=\"260\" \/> <img loading=\"lazy\" decoding=\"async\" class=\"alignnone wp-image-631\" src=\"https:\/\/hydraulic-cylinders.net\/wp-content\/uploads\/2023\/08\/hydraulic-cylinder-product-6-300x225.webp\" alt=\"\" width=\"347\" height=\"260\" \/><\/p>\n<h3>(5) Testov\u00e1n\u00ed<\/h3>\n<p>Disponujeme prvot\u0159\u00eddn\u00edmi inspek\u010dn\u00edmi za\u0159\u00edzen\u00edmi a zku\u0161ebn\u00edmi laborato\u0159emi, abychom zajistili, \u017ee v\u00fdkon v\u00e1lce spl\u0148uje po\u017eadavky.<\/p>\n<p><img loading=\"lazy\" decoding=\"async\" class=\"alignnone wp-image-632\" src=\"https:\/\/hydraulic-cylinders.net\/wp-content\/uploads\/2023\/08\/hydraulic-cylinder-product-8-300x200.webp\" alt=\"\" width=\"389\" height=\"260\" \/><\/p>\n<p>&nbsp;<\/p>\n<p>&nbsp;<\/p>\n<p>Jsme jedn\u00edm z nejlep\u0161\u00edch v\u00fdrobc\u016f kompaktn\u00edch hydraulick\u00fdch v\u00e1lc\u016f. Nab\u00edz\u00edme komplexn\u00ed sortiment kompaktn\u00edch hydraulick\u00fdch v\u00e1lc\u016f. Dod\u00e1v\u00e1me tak\u00e9 odpov\u00eddaj\u00edc\u00ed <a href=\"https:\/\/hzpt.com\/agricultural-pto-gearbox\/\" target=\"_blank\" rel=\"noopener\">zem\u011bd\u011blsk\u00e9 p\u0159evodovky<\/a>Na\u0161e v\u00fdrobky jsme exportovali klient\u016fm po cel\u00e9m sv\u011bt\u011b a d\u00edky vynikaj\u00edc\u00ed kvalit\u011b v\u00fdrobk\u016f a poprodejn\u00edmu servisu jsme si z\u00edskali dobrou pov\u011bst. V\u00edt\u00e1me z\u00e1kazn\u00edky doma i v zahrani\u010d\u00ed, kte\u0159\u00ed n\u00e1s kontaktuj\u00ed za \u00fa\u010delem vyjedn\u00e1v\u00e1n\u00ed obchodn\u00edch p\u0159\u00edle\u017eitost\u00ed, v\u00fdm\u011bny informac\u00ed a <a href=\"https:\/\/www.hydraulic-cylinders.net\/cs\/contact-us\/\">spolupracujte s n\u00e1mi<\/a>!<\/p>\n<h2><\/h2>","protected":false},"excerpt":{"rendered":"<p>40 MDC Series Compact Mold Cylinder The 40 MDC Series compact mold cylinder is an efficient and versatile hydraulic cylinder designed specifically for die applications. With its compact design, superior performance, and durable construction, this cylinder provides reliable and precise operation in a variety of industrial environments. Whether used in injection molding machines, die-casting equipment, [&hellip;]<\/p>","protected":false},"featured_media":1422,"comment_status":"open","ping_status":"closed","template":"","meta":{"_et_pb_use_builder":"","_et_pb_old_content":"","_et_gb_content_width":""},"product_brand":[],"product_cat":[1523,1549,1376],"product_tag":[1380],"class_list":{"0":"post-1419","1":"product","2":"type-product","3":"status-publish","4":"has-post-thumbnail","6":"product_cat-injection-molding-hydraulic-cylinders","7":"product_cat-single-acting-hydraulic-cylinder","8":"product_cat-hydraulic-cylinder","9":"product_tag-hydraulic-cylinder","11":"first","12":"instock","13":"shipping-taxable","14":"product-type-simple"},"amp_enabled":true,"_links":{"self":[{"href":"https:\/\/www.hydraulic-cylinders.net\/cs\/wp-json\/wp\/v2\/product\/1419","targetHints":{"allow":["GET"]}}],"collection":[{"href":"https:\/\/www.hydraulic-cylinders.net\/cs\/wp-json\/wp\/v2\/product"}],"about":[{"href":"https:\/\/www.hydraulic-cylinders.net\/cs\/wp-json\/wp\/v2\/types\/product"}],"replies":[{"embeddable":true,"href":"https:\/\/www.hydraulic-cylinders.net\/cs\/wp-json\/wp\/v2\/comments?post=1419"}],"wp:featuredmedia":[{"embeddable":true,"href":"https:\/\/www.hydraulic-cylinders.net\/cs\/wp-json\/wp\/v2\/media\/1422"}],"wp:attachment":[{"href":"https:\/\/www.hydraulic-cylinders.net\/cs\/wp-json\/wp\/v2\/media?parent=1419"}],"wp:term":[{"taxonomy":"product_brand","embeddable":true,"href":"https:\/\/www.hydraulic-cylinders.net\/cs\/wp-json\/wp\/v2\/product_brand?post=1419"},{"taxonomy":"product_cat","embeddable":true,"href":"https:\/\/www.hydraulic-cylinders.net\/cs\/wp-json\/wp\/v2\/product_cat?post=1419"},{"taxonomy":"product_tag","embeddable":true,"href":"https:\/\/www.hydraulic-cylinders.net\/cs\/wp-json\/wp\/v2\/product_tag?post=1419"}],"curies":[{"name":"wp","href":"https:\/\/api.w.org\/{rel}","templated":true}]}}