{"id":14413,"date":"2024-12-12T08:42:37","date_gmt":"2024-12-12T08:42:37","guid":{"rendered":"https:\/\/www.hydraulic-cylinders.net\/product\/replacement-of-5ns55400634-hydraulic-cylinder-side-depth-stop\/"},"modified":"2024-12-12T08:42:39","modified_gmt":"2024-12-12T08:42:39","slug":"replacement-of-5ns55400634-hydraulic-cylinder-side-depth-stop","status":"publish","type":"product","link":"https:\/\/www.hydraulic-cylinders.net\/cs\/produkt\/replacement-of-5ns55400634-hydraulic-cylinder-side-depth-stop\/","title":{"rendered":"V\u00fdm\u011bna bo\u010dn\u00edho dorazu hloubky hydraulick\u00e9ho v\u00e1lce 5NS55400634"},"content":{"rendered":"<h1>V\u00fdm\u011bna bo\u010dn\u00edho dorazu hloubky hydraulick\u00e9ho v\u00e1lce 5NS55400634<\/h1>\n<p>Hydraulick\u00fd v\u00e1lec je mechanick\u00fd aktu\u00e1tor, kter\u00fd se pou\u017e\u00edv\u00e1 k zaji\u0161t\u011bn\u00ed s\u00edly v jednosm\u011brn\u00e9m zdvihu pomoc\u00ed hydraulick\u00e9 kapaliny. N\u00e1hrada za hydraulick\u00fd v\u00e1lec 5NS55400634 Bo\u010dn\u00ed hloubkov\u00fd doraz je vysoce kvalitn\u00ed hydraulick\u00fd v\u00e1lec navr\u017een\u00fd pro zlep\u0161en\u00ed v\u00fdkonu a zaji\u0161t\u011bn\u00ed bezpe\u010dnosti v r\u016fzn\u00fdch aplikac\u00edch.<\/p>\n<h2>Specifikace a model<\/h2>\n<p>N\u00e1hradn\u00ed d\u00edl bo\u010dn\u00edho hloubkov\u00e9ho dorazu hydraulick\u00e9ho v\u00e1lce 5NS55400634 m\u00e1 hmotnost 0,86 lb, v\u00fd\u0161ku 0,5 palce, \u0161\u00ed\u0159ku 2,5 palce, d\u00e9lku 6,5 palce a objem 0,091 galonu. Je navr\u017een pro model 2680H.<\/p>\n<h2>Funkce<\/h2>\n<ul>\n<li>Zlep\u0161en\u00fd v\u00fdkon za\u0159\u00edzen\u00ed: V\u00fdm\u011bna po\u0161kozen\u00e9ho nebo opot\u0159ebovan\u00e9ho hydraulick\u00e9ho v\u00e1lce m\u016f\u017ee obnovit norm\u00e1ln\u00ed provozn\u00ed schopnost za\u0159\u00edzen\u00ed a zajistit jeho v\u00fdkon v r\u016fzn\u00fdch aplikac\u00edch.<\/li>\n<li>Zv\u00fd\u0161en\u00e1 bezpe\u010dnost: Pravideln\u00e1 v\u00fdm\u011bna hydraulick\u00fdch v\u00e1lc\u016f m\u016f\u017ee sn\u00ed\u017eit bezpe\u010dnostn\u00ed rizika zp\u016fsoben\u00e1 jejich poruchami a zajistit bezpe\u010dnost obsluhy a za\u0159\u00edzen\u00ed.<\/li>\n<li>Ochrana proti p\u0159et\u00ed\u017een\u00ed: Nov\u00e9 konstrukce v\u00e1lc\u016f obvykle zohled\u0148uj\u00ed lep\u0161\u00ed mechanismy ochrany proti p\u0159et\u00ed\u017een\u00ed, co\u017e zvy\u0161uje bezpe\u010dnost.<\/li>\n<li>Rychl\u00e1 instalace: Modern\u00ed hydraulick\u00e9 v\u00e1lce jsou navr\u017eeny s ohledem na snadnou instalaci a v\u00fdm\u011bnu, co\u017e zkracuje prostoje.<\/li>\n<li>Standardizovan\u00e9 d\u00edly: Mnoho hydraulick\u00fdch v\u00e1lc\u016f jsou standardizovan\u00e9 produkty, co\u017e usnad\u0148uje z\u00edsk\u00e1n\u00ed n\u00e1hradn\u00edch d\u00edl\u016f na trhu.<\/li>\n<\/ul>\n<p>Tento produkt dok\u00e1\u017eeme vyrobit a dokonale nahradit tyto hydraulick\u00e9 v\u00e1lce.<\/p>\n<h2>Aplikace<\/h2>\n<p>V\u00fdm\u011bna bo\u010dn\u00edho hloubkov\u00e9ho dorazu hydraulick\u00e9ho v\u00e1lce 5NS55400634 m\u016f\u017ee b\u00fdt pou\u017eita v r\u016fzn\u00fdch situac\u00edch, v\u010detn\u011b:<\/p>\n<ul>\n<li>Rypadla: Hydraulick\u00fd v\u00e1lec v rameni nebo l\u017e\u00edci rypadla se m\u016f\u017ee v d\u016fsledku dlouhodob\u00e9ho pou\u017e\u00edv\u00e1n\u00ed nebo p\u0159et\u00ed\u017een\u00ed po\u0161kodit a pro obnoven\u00ed spr\u00e1vn\u00e9ho provozu je nutn\u00e9 jej vym\u011bnit.<\/li>\n<li>Je\u0159\u00e1by: Hydraulick\u00fd v\u00e1lec v\u00fdlo\u017en\u00edku je\u0159\u00e1bu se p\u0159i \u010dast\u00e9m zved\u00e1n\u00ed a spou\u0161t\u011bn\u00ed opot\u0159ebov\u00e1v\u00e1 a pro zaji\u0161t\u011bn\u00ed bezpe\u010dnosti je nutn\u00e9 jej pravideln\u011b vym\u011b\u0148ovat.<\/li>\n<li>Traktory: Hydraulick\u00fd v\u00e1lec \u010deln\u00edho naklada\u010de na traktoru m\u016f\u017ee b\u011bhem nep\u0159etr\u017eit\u00e9ho zved\u00e1n\u00ed a nakl\u00e1p\u011bn\u00ed vykazovat net\u011bsnosti nebo zhor\u0161en\u00ed v\u00fdkonu, co\u017e vy\u017eaduje v\u00fdm\u011bnu.<\/li>\n<li>Skl\u00edze\u010de: Hydraulick\u00fd syst\u00e9m skl\u00edze\u010d\u016f je b\u011bhem provozu vystaven vysok\u00e9mu tlaku a v\u00e1lec se m\u016f\u017ee po\u0161kodit v d\u016fsledku \u00fanavy materi\u00e1lu, co\u017e vy\u017eaduje v\u010dasnou v\u00fdm\u011bnu pro zachov\u00e1n\u00ed efektivity pr\u00e1ce.<\/li>\n<li>Automatizovan\u00e9 v\u00fdrobn\u00ed linky: Hydraulick\u00e9 v\u00e1lce se pou\u017e\u00edvaj\u00ed k ovl\u00e1d\u00e1n\u00ed robotick\u00fdch ramen a dal\u0161\u00edch automatiza\u010dn\u00edch za\u0159\u00edzen\u00ed. V p\u0159\u00edpad\u011b selh\u00e1n\u00ed v\u00e1lce m\u016f\u017ee b\u00fdt ovlivn\u011bna efektivita v\u00fdroby a je nutn\u00e1 okam\u017eit\u00e1 v\u00fdm\u011bna.<\/li>\n<li>Stroje na tlakov\u00e9 lit\u00ed: V prost\u0159ed\u00ed s vysok\u00fdm tlakem a vysokou teplotou m\u016f\u017ee doch\u00e1zet ke sn\u00ed\u017een\u00ed v\u00fdkonu hydraulick\u00fdch v\u00e1lc\u016f a jejich pravideln\u00e1 v\u00fdm\u011bna m\u016f\u017ee zajistit kvalitu v\u00fdrobku.<\/li>\n<li>D\u016fln\u00ed za\u0159\u00edzen\u00ed: Hydraulick\u00e9 v\u00e1lce se pou\u017e\u00edvaj\u00ed ke zved\u00e1n\u00ed a p\u0159emis\u0165ov\u00e1n\u00ed t\u011b\u017ek\u00fdch p\u0159edm\u011bt\u016f v d\u016fln\u00edch za\u0159\u00edzen\u00edch. Vzhledem k drsn\u00e9mu pracovn\u00edmu prost\u0159ed\u00ed je nutn\u00e1 pravideln\u00e1 kontrola a v\u00fdm\u011bna, aby se p\u0159ede\u0161lo selh\u00e1n\u00ed za\u0159\u00edzen\u00ed.<\/li>\n<li>Buldozery: Opot\u0159eben\u00ed hydraulick\u00e9ho v\u00e1lce na tla\u010dn\u00e9m rameni buldozeru m\u016f\u017ee v\u00e9st ke sn\u00ed\u017een\u00ed tla\u010dn\u00e9 kapacity, co\u017e vy\u017eaduje v\u010dasnou v\u00fdm\u011bnu pro zachov\u00e1n\u00ed efektivity pr\u00e1ce.<\/li>\n<\/ul>\n<h2>\u00dadr\u017eba a opravy<\/h2>\n<p>Pravideln\u00e1 \u00fadr\u017eba a opravy n\u00e1hradn\u00edho bo\u010dn\u00edho dorazu hloubky hydraulick\u00e9ho v\u00e1lce 5NS55400634 jsou nezbytn\u00e9 pro zaji\u0161t\u011bn\u00ed jeho dlouh\u00e9 \u017eivotnosti a spr\u00e1vn\u00e9ho provozu. Mezi b\u011b\u017en\u00e9 \u00fakony \u00fadr\u017eby pat\u0159\u00ed:<\/p>\n<ul>\n<li>Pravideln\u00e1 kontrola: Pravideln\u00e1 kontrola hydraulick\u00fdch v\u00e1lc\u016f m\u016f\u017ee pomoci identifikovat potenci\u00e1ln\u00ed probl\u00e9my d\u0159\u00edve, ne\u017e se stanou v\u00e1\u017en\u00fdmi.<\/li>\n<li>Spr\u00e1vn\u00e9 maz\u00e1n\u00ed: Spr\u00e1vn\u00e9 maz\u00e1n\u00ed m\u016f\u017ee prodlou\u017eit \u017eivotnost hydraulick\u00fdch v\u00e1lc\u016f a zlep\u0161it jejich v\u00fdkon.<\/li>\n<li>V\u00fdm\u011bna t\u011bsn\u011bn\u00ed: Po\u0161kozen\u00e1 nebo opot\u0159ebovan\u00e1 t\u011bsn\u011bn\u00ed by m\u011bla b\u00fdt vym\u011bn\u011bna, aby se zabr\u00e1nilo \u00fanik\u016fm.<\/li>\n<li>Kontrola kalibrace: Pravideln\u00e9 kontroly kalibrace mohou zajistit spr\u00e1vn\u00fd provoz a v\u00fdkon v\u00e1lce.<\/li>\n<\/ul>\n<p>B\u011bhem instalace je d\u016fle\u017eit\u00e9 zajistit spr\u00e1vn\u00e9 veden\u00ed pro zarovn\u00e1n\u00ed a pou\u017e\u00edt vhodn\u00e9 mont\u00e1\u017en\u00ed konzoly k upevn\u011bn\u00ed v\u00e1lce. Doporu\u010den\u00e9 postupy kontroly, opravy a v\u00fdm\u011bny mohou pomoci prodlou\u017eit \u017eivotnost hydraulick\u00e9ho v\u00e1lce. Poskytujeme n\u00e1hradn\u00ed d\u00edly a repasn\u00ed slu\u017eby, abychom z\u00e1kazn\u00edk\u016fm pomohli s \u00fadr\u017ebou jejich hydraulick\u00fdch v\u00e1lc\u016f.<\/p>\n<h2>Bezpe\u010dnostn\u00ed aspekty a faktory prost\u0159ed\u00ed<\/h2>\n<p>P\u0159i pou\u017e\u00edv\u00e1n\u00ed hydraulick\u00fdch v\u00e1lc\u016f je d\u016fle\u017eit\u00e9 dodr\u017eovat nezbytn\u00e1 bezpe\u010dnostn\u00ed opat\u0159en\u00ed, aby se p\u0159ede\u0161lo nehod\u00e1m. Nap\u0159\u00edklad je d\u016fle\u017eit\u00e9 p\u0159i manipulaci s hydraulick\u00fdmi v\u00e1lci pou\u017e\u00edvat vhodn\u00e9 ochrann\u00e9 pom\u016fcky, jako jsou rukavice a ochrann\u00e9 br\u00fdle. V\u00fdkon hydraulick\u00fdch v\u00e1lc\u016f mohou ovlivnit i faktory prost\u0159ed\u00ed, jako je teplota a vlhkost. Spr\u00e1vn\u00e9 skladov\u00e1n\u00ed a manipulace mohou pomoci p\u0159edej\u00edt po\u0161kozen\u00ed a zajistit spr\u00e1vn\u00fd provoz.<\/p>\n<h2>Odstra\u0148ov\u00e1n\u00ed probl\u00e9m\u016f a b\u011b\u017en\u00e9 probl\u00e9my<\/h2>\n<p>Mezi b\u011b\u017en\u00e9 probl\u00e9my, kter\u00e9 se mohou u hydraulick\u00fdch v\u00e1lc\u016f vyskytnout, pat\u0159\u00ed net\u011bsnosti, nedostate\u010dn\u00e1 s\u00edla a nepravideln\u00fd provoz. Pokud k t\u011bmto probl\u00e9m\u016fm dojde, je d\u016fle\u017eit\u00e9 probl\u00e9m neprodlen\u011b diagnostikovat a podniknout p\u0159\u00edslu\u0161n\u00e9 kroky. Tipy a \u0159e\u0161en\u00ed probl\u00e9m\u016f mohou \u010dten\u00e1\u0159\u016fm pomoci efektivn\u011b diagnostikovat a \u0159e\u0161it probl\u00e9my, zat\u00edmco preventivn\u00ed opat\u0159en\u00ed mohou pomoci potenci\u00e1ln\u00ed probl\u00e9my sn\u00ed\u017eit.<\/p>\n<p><img decoding=\"async\" src=\"https:\/\/www.hydraulic-cylinders.net\/wp-content\/uploads\/2024\/12\/Replacement-Of-John-Deere-Hydraulic-Cylinder-7.webp\" alt=\"V\u00fdm\u011bna bo\u010dn\u00edho dorazu hloubky hydraulick\u00e9ho v\u00e1lce 5NS55400634\"><\/p>\n<h2>Konstruk\u010dn\u00ed aspekty a krit\u00e9ria v\u00fdb\u011bru<\/h2>\n<p>P\u0159i v\u00fdb\u011bru hydraulick\u00fdch v\u00e1lc\u016f je d\u016fle\u017eit\u00e9 zv\u00e1\u017eit faktory, jako je nosnost, t\u011bsn\u011bn\u00ed, trvanlivost, bezpe\u010dnost a snadn\u00e1 \u00fadr\u017eba. N\u00e1hradn\u00ed bo\u010dn\u00ed hloubkov\u00fd doraz hydraulick\u00e9ho v\u00e1lce 5NS55400634 je navr\u017een s ohledem na tyto faktory a je vyroben z vysoce kvalitn\u00edch materi\u00e1l\u016f, aby byla zaji\u0161t\u011bna spolehlivost a v\u00fdkon v pr\u016fb\u011bhu \u010dasu.<\/p>\n<p>Pou\u017eit\u00ed r\u016fzn\u00fdch t\u011bsnic\u00edch komponent\u016f, jako jsou t\u011bsn\u011bn\u00ed p\u00edst\u016f a p\u00edstnic vyroben\u00fdch z materi\u00e1l\u016f odoln\u00fdch proti opot\u0159eben\u00ed, jako je polyuretan a nitrilov\u00e1 pry\u017e, m\u016f\u017ee pomoci prodlou\u017eit \u017eivotnost hydraulick\u00e9ho v\u00e1lce. T\u011bleso v\u00e1lce a z\u00e1vitov\u00e9 koncov\u00e9 plochy jsou tak\u00e9 jemn\u011b opracov\u00e1ny pro zlep\u0161en\u00ed odolnosti proti opot\u0159eben\u00ed a pro spr\u00e1vn\u00fd provoz je z\u00e1sadn\u00ed spr\u00e1vn\u00e9 maz\u00e1n\u00ed.<\/p>\n<p>Pravideln\u00e1 kontrola a preventivn\u00ed \u00fadr\u017eba mohou tak\u00e9 pomoci prodlou\u017eit \u017eivotnost hydraulick\u00e9ho v\u00e1lce.<\/p>\n<h2>P\u0159edstaven\u00ed spole\u010dnosti<\/h2>\n<p>Na\u0161e spole\u010dnost je v\u00fdrobcem n\u00e1hradn\u00edch hydraulick\u00fdch v\u00e1lc\u016f se \u0161irokou \u0161k\u00e1lou produkt\u016f a st\u00e1v\u00e1 se jedn\u00edm z p\u0159edn\u00edch v\u00fdrobc\u016f a velkoobchodn\u00edch distributor\u016f hydraulick\u00fdch v\u00e1lc\u016f na dom\u00e1c\u00edm i mezin\u00e1rodn\u00edm trhu.<\/p>\n<p>Na\u0161e spole\u010dnost vynik\u00e1 profesionalitou, mezin\u00e1rodn\u00ed certifikac\u00ed, slu\u017ebami na m\u00edru, v\u00fdrobn\u00edm vybaven\u00edm a poprodejn\u00edm servisem. Prioritou je kvalita a spokojenost z\u00e1kazn\u00edk\u016f a neust\u00e1le se sna\u017e\u00edme zlep\u0161ovat a inovovat na\u0161i nab\u00eddku produkt\u016f.<\/p>\n<p><img decoding=\"async\" src=\"https:\/\/www.hydraulic-cylinders.net\/wp-content\/uploads\/2024\/12\/hydraulic-cylinder-factory.webp\" alt=\"Tov\u00e1rna na hydraulick\u00e9 v\u00e1lce\"><\/p>\n<p>Autor: lyl<\/p>","protected":false},"excerpt":{"rendered":"<p>Replacement Of 5NS55400634 Hydraulic Cylinder Side Depth Stop A hydraulic cylinder is a mechanical actuator that is used to provide force in a unidirectional stroke through a hydraulic fluid. The Replacement Of 5NS55400634 Hydraulic Cylinder Side Depth Stop is a high-quality hydraulic cylinder designed to improve performance and ensure safety in various applications. Specifications and [&hellip;]<\/p>","protected":false},"featured_media":10661,"comment_status":"open","ping_status":"closed","template":"","meta":{"_et_pb_use_builder":"","_et_pb_old_content":"","_et_gb_content_width":""},"product_brand":[],"product_cat":[1489],"product_tag":[1380,1490,1491],"class_list":{"0":"post-14413","1":"product","2":"type-product","3":"status-publish","4":"has-post-thumbnail","6":"product_cat-replacement-of-john-deere-hydraulic-cylinder","7":"product_tag-hydraulic-cylinder","8":"product_tag-replacement-of-hydraulic-cylinder","9":"product_tag-replacemet-of-john-deere-hydraulic-cylinder","11":"first","12":"instock","13":"shipping-taxable","14":"product-type-simple"},"amp_enabled":true,"_links":{"self":[{"href":"https:\/\/www.hydraulic-cylinders.net\/cs\/wp-json\/wp\/v2\/product\/14413","targetHints":{"allow":["GET"]}}],"collection":[{"href":"https:\/\/www.hydraulic-cylinders.net\/cs\/wp-json\/wp\/v2\/product"}],"about":[{"href":"https:\/\/www.hydraulic-cylinders.net\/cs\/wp-json\/wp\/v2\/types\/product"}],"replies":[{"embeddable":true,"href":"https:\/\/www.hydraulic-cylinders.net\/cs\/wp-json\/wp\/v2\/comments?post=14413"}],"wp:featuredmedia":[{"embeddable":true,"href":"https:\/\/www.hydraulic-cylinders.net\/cs\/wp-json\/wp\/v2\/media\/10661"}],"wp:attachment":[{"href":"https:\/\/www.hydraulic-cylinders.net\/cs\/wp-json\/wp\/v2\/media?parent=14413"}],"wp:term":[{"taxonomy":"product_brand","embeddable":true,"href":"https:\/\/www.hydraulic-cylinders.net\/cs\/wp-json\/wp\/v2\/product_brand?post=14413"},{"taxonomy":"product_cat","embeddable":true,"href":"https:\/\/www.hydraulic-cylinders.net\/cs\/wp-json\/wp\/v2\/product_cat?post=14413"},{"taxonomy":"product_tag","embeddable":true,"href":"https:\/\/www.hydraulic-cylinders.net\/cs\/wp-json\/wp\/v2\/product_tag?post=14413"}],"curies":[{"name":"wp","href":"https:\/\/api.w.org\/{rel}","templated":true}]}}