{"id":14432,"date":"2024-12-12T08:43:55","date_gmt":"2024-12-12T08:43:55","guid":{"rendered":"https:\/\/www.hydraulic-cylinders.net\/product\/replacement-of-ah219492-steering-hydraulic-cylinder\/"},"modified":"2024-12-12T08:43:57","modified_gmt":"2024-12-12T08:43:57","slug":"replacement-of-ah219492-steering-hydraulic-cylinder","status":"publish","type":"product","link":"https:\/\/www.hydraulic-cylinders.net\/cs\/produkt\/replacement-of-ah219492-steering-hydraulic-cylinder\/","title":{"rendered":"V\u00fdm\u011bna hydraulick\u00e9ho v\u00e1lce \u0159\u00edzen\u00ed AH219492"},"content":{"rendered":"<h1>V\u00fdm\u011bna hydraulick\u00e9ho v\u00e1lce \u0159\u00edzen\u00ed AH219492<\/h1>\n<p>V\u00fdm\u011bna hydraulick\u00e9ho v\u00e1lce \u0159\u00edzen\u00ed AH219492 je kl\u00ed\u010dovou sou\u010d\u00e1st\u00ed v r\u016fzn\u00fdch modelech stroj\u016f, jako jsou 643H, 643J, 643K, 740, 843H, 843J a 843K. Tento hydraulick\u00fd v\u00e1lec je navr\u017een tak, aby poskytoval efektivn\u00ed ovl\u00e1d\u00e1n\u00ed \u0159\u00edzen\u00ed a zaji\u0161\u0165oval plynul\u00fd provoz za\u0159\u00edzen\u00ed.<\/p>\n<h2>Specifikace:<\/h2>\n<ul>\n<li>Hmotnost: 52,6 lb<\/li>\n<li>V\u00fd\u0161ka: 3,75 palce<\/li>\n<li>\u0160\u00ed\u0159ka: 5,25 palce<\/li>\n<li>D\u00e9lka: 81 cm<\/li>\n<\/ul>\n<h2>Kompatibilita modelu:<\/h2>\n<ul>\n<li>643H<\/li>\n<li>643J<\/li>\n<li>643 tis\u00edc<\/li>\n<li>740<\/li>\n<li>843H<\/li>\n<li>843J<\/li>\n<li>843 tis\u00edc<\/li>\n<\/ul>\n<h2>Kl\u00ed\u010dov\u00e9 vlastnosti:<\/h2>\n<ul>\n<li>Zlep\u0161en\u00fd v\u00fdkon za\u0159\u00edzen\u00ed: V\u00fdm\u011bna po\u0161kozen\u00fdch nebo opot\u0159ebovan\u00fdch hydraulick\u00fdch v\u00e1lc\u016f m\u016f\u017ee obnovit norm\u00e1ln\u00ed provozn\u00ed schopnosti za\u0159\u00edzen\u00ed a zajistit jeho v\u00fdkon v r\u016fzn\u00fdch aplikac\u00edch.<\/li>\n<li>Zv\u00fd\u0161en\u00e1 bezpe\u010dnost: Pravideln\u00e1 v\u00fdm\u011bna hydraulick\u00fdch v\u00e1lc\u016f sni\u017euje bezpe\u010dnostn\u00ed rizika spojen\u00e1 s jejich poruchami a zaji\u0161\u0165uje tak bezpe\u010dnost obsluhy a za\u0159\u00edzen\u00ed.<\/li>\n<li>Ochrana proti p\u0159et\u00ed\u017een\u00ed: Modern\u00ed konstrukce v\u00e1lc\u016f \u010dasto obsahuj\u00ed lep\u0161\u00ed mechanismy ochrany proti p\u0159et\u00ed\u017een\u00ed, co\u017e zvy\u0161uje bezpe\u010dnost.<\/li>\n<li>Rychl\u00e1 instalace: Konstrukce modern\u00edch hydraulick\u00fdch v\u00e1lc\u016f \u010dasto zohled\u0148uje snadnou instalaci a v\u00fdm\u011bnu, \u010d\u00edm\u017e se minimalizuj\u00ed prostoje.<\/li>\n<li>Standardizovan\u00e9 komponenty: Mnoho hydraulick\u00fdch v\u00e1lc\u016f jsou standardizovan\u00e9 produkty, co\u017e usnad\u0148uje z\u00edsk\u00e1n\u00ed n\u00e1hradn\u00edch d\u00edl\u016f na trhu.<\/li>\n<\/ul>\n<p>M\u016f\u017eeme tento produkt vyrobit a nab\u00eddnout perfektn\u00ed n\u00e1hradu za tyto hydraulick\u00e9 v\u00e1lce. Na\u0161e produkty jsou spolehliv\u00e9 a spl\u0148uj\u00ed nejvy\u0161\u0161\u00ed pr\u016fmyslov\u00e9 standardy.<\/p>\n<h2>Aplikace:<\/h2>\n<ol>\n<li>R\u00fdpadla: Hydraulick\u00e9 v\u00e1lce ve v\u00fdlo\u017en\u00edc\u00edch nebo l\u017e\u00edc\u00edch r\u00fdpadla se mohou v d\u016fsledku dlouhodob\u00e9ho pou\u017e\u00edv\u00e1n\u00ed nebo p\u0159et\u00ed\u017een\u00ed po\u0161kodit a pro obnoven\u00ed norm\u00e1ln\u00edho provozu je nutn\u00e9 je vym\u011bnit.<\/li>\n<li>Je\u0159\u00e1by: Hydraulick\u00e9 v\u00e1lce v je\u0159\u00e1bov\u00fdch zved\u00e1c\u00edch jsou n\u00e1chyln\u00e9 k opot\u0159eben\u00ed b\u011bhem \u010dast\u00e9ho zved\u00e1n\u00ed a spou\u0161t\u011bn\u00ed, co\u017e vy\u017eaduje jejich pravidelnou v\u00fdm\u011bnu pro zaji\u0161t\u011bn\u00ed bezpe\u010dnosti.<\/li>\n<li>Traktory: Hydraulick\u00e9 v\u00e1lce v p\u0159\u00edslu\u0161enstv\u00ed \u010deln\u00edho naklada\u010de traktor\u016f mohou v d\u016fsledku nep\u0159etr\u017eit\u00e9ho zved\u00e1n\u00ed a nakl\u00e1p\u011bn\u00ed vykazovat net\u011bsnosti nebo sn\u00ed\u017een\u00fd v\u00fdkon, co\u017e vy\u017eaduje v\u00fdm\u011bnu.<\/li>\n<li>Skl\u00edze\u010de: Hydraulick\u00fd syst\u00e9m v skl\u00edze\u010d\u00edch pracuje pod vysok\u00fdm tlakem a v\u00e1lce se mohou po\u0161kodit v d\u016fsledku \u00fanavy materi\u00e1lu, co\u017e vy\u017eaduje v\u010dasnou v\u00fdm\u011bnu pro zachov\u00e1n\u00ed efektivity pr\u00e1ce.<\/li>\n<li>Automatizovan\u00e9 v\u00fdrobn\u00ed linky: Hydraulick\u00e9 v\u00e1lce se pou\u017e\u00edvaj\u00ed k ovl\u00e1d\u00e1n\u00ed robotick\u00fdch ramen a dal\u0161\u00edch automatizovan\u00fdch za\u0159\u00edzen\u00ed. Porucha v\u00e1lc\u016f m\u016f\u017ee v\u00fdznamn\u011b ovlivnit efektivitu v\u00fdroby a vy\u017eadovat jejich okam\u017eitou v\u00fdm\u011bnu.<\/li>\n<li>Stroje na tlakov\u00e9 lit\u00ed: V prost\u0159ed\u00ed s vysok\u00fdm tlakem a vysokou teplotou m\u016f\u017ee doch\u00e1zet ke sn\u00ed\u017een\u00ed v\u00fdkonu hydraulick\u00fdch v\u00e1lc\u016f. Pravideln\u00e1 v\u00fdm\u011bna zaji\u0161\u0165uje kvalitu v\u00fdrobku.<\/li>\n<li>D\u016fln\u00ed za\u0159\u00edzen\u00ed: Hydraulick\u00e9 v\u00e1lce se pou\u017e\u00edvaj\u00ed ke zved\u00e1n\u00ed a p\u0159emis\u0165ov\u00e1n\u00ed t\u011b\u017ek\u00fdch b\u0159emen v d\u016fln\u00edch za\u0159\u00edzen\u00edch. Vzhledem k n\u00e1ro\u010dn\u00fdm pracovn\u00edm podm\u00ednk\u00e1m je nezbytn\u00e1 pravideln\u00e1 kontrola a v\u00fdm\u011bna, aby se p\u0159ede\u0161lo poruch\u00e1m za\u0159\u00edzen\u00ed.<\/li>\n<li>Buldozery: Opot\u0159eben\u00ed hydraulick\u00fdch v\u00e1lc\u016f na radlic\u00edch buldozeru m\u016f\u017ee v\u00e9st ke sn\u00ed\u017een\u00ed tla\u010dn\u00e9 kapacity, co\u017e vy\u017eaduje v\u010dasnou v\u00fdm\u011bnu pro zachov\u00e1n\u00ed provozn\u00ed efektivity.<\/li>\n<\/ol>\n<h2>\u00dakoly \u00fadr\u017eby:<\/h2>\n<ol>\n<li>Pravideln\u00e1 kontrola: Pravideln\u011b kontrolujte hydraulick\u00fd v\u00e1lec, zda nevykazuje zn\u00e1mky po\u0161kozen\u00ed nebo net\u011bsnosti.<\/li>\n<li>Spr\u00e1vn\u00e9 maz\u00e1n\u00ed: Zajist\u011bte, aby byl v\u00e1lec dostate\u010dn\u011b promaz\u00e1n doporu\u010den\u00fdm hydraulick\u00fdm olejem.<\/li>\n<li>V\u00fdm\u011bna t\u011bsn\u011bn\u00ed a kontroly kalibrace: V p\u0159\u00edpad\u011b pot\u0159eby vym\u011b\u0148ujte t\u011bsn\u011bn\u00ed a prov\u00e1d\u011bjte kontroly kalibrace pro udr\u017een\u00ed optim\u00e1ln\u00edho v\u00fdkonu.<\/li>\n<\/ol>\n<p>Spr\u00e1vn\u00e1 instalace, maz\u00e1n\u00ed a se\u0159\u00edzen\u00ed jsou nezbytn\u00e9. Poskytn\u011bte \u0159\u00e1dn\u00e9 pokyny pro vyrovn\u00e1n\u00ed v\u00e1lce b\u011bhem instalace a doporu\u010dte pou\u017eit\u00ed vhodn\u00fdch mont\u00e1\u017en\u00edch konzol k jeho upevn\u011bn\u00ed. Nab\u00edz\u00edme tak\u00e9 postupy kontroly, opravy a v\u00fdm\u011bny, jako\u017e i v\u00fdm\u011bnu a renovaci sou\u010d\u00e1st\u00ed pro prodlou\u017een\u00ed \u017eivotnosti hydraulick\u00e9ho v\u00e1lce.<\/p>\n<h2>Bezpe\u010dnostn\u00ed aspekty a faktory prost\u0159ed\u00ed:<\/h2>\n<p>P\u0159i pou\u017e\u00edv\u00e1n\u00ed hydraulick\u00fdch v\u00e1lc\u016f je nezbytn\u00e9 dodr\u017eovat bezpe\u010dnostn\u00ed opat\u0159en\u00ed, aby se p\u0159ede\u0161lo nehod\u00e1m a zajistila se bezpe\u010dnost obsluhy a \u017eivotn\u00edho prost\u0159ed\u00ed. Pro minimalizaci rizik je nezbytn\u00e9 \u0159\u00e1dn\u00e9 \u0161kolen\u00ed a dodr\u017eov\u00e1n\u00ed bezpe\u010dnostn\u00edch pokyn\u016f.<\/p>\n<h2>Diagnostika z\u00e1vad a b\u011b\u017en\u00e9 probl\u00e9my:<\/h2>\n<ol>\n<li>Net\u011bsnost: K net\u011bsnostem hydraulick\u00e9ho v\u00e1lce m\u016f\u017ee doch\u00e1zet v d\u016fsledku po\u0161kozen\u00ed t\u011bsn\u011bn\u00ed nebo nespr\u00e1vn\u00e9 instalace. Zkontrolujte t\u011bsn\u011bn\u00ed a spoje, zda nedoch\u00e1z\u00ed k net\u011bsnostem, a v p\u0159\u00edpad\u011b pot\u0159eby je vym\u011b\u0148te.<\/li>\n<li>\u0160patn\u00fd v\u00fdkon: Pokud hydraulick\u00fd v\u00e1lec neposkytuje o\u010dek\u00e1vanou s\u00edlu nebo pohyb, zkontrolujte syst\u00e9m, zda nevykazuje n\u011bjak\u00e9 poruchy, jako je selh\u00e1n\u00ed ventil\u016f nebo nedostatek hydraulick\u00e9 kapaliny.<\/li>\n<li>P\u0159eh\u0159\u00e1t\u00ed: P\u0159eh\u0159\u00e1t\u00ed m\u016f\u017ee b\u00fdt zp\u016fsobeno nadm\u011brn\u00fdm t\u0159en\u00edm nebo nedostate\u010dn\u00fdm maz\u00e1n\u00edm. Zajist\u011bte spr\u00e1vn\u00e9 maz\u00e1n\u00ed a zkontrolujte, zda nedo\u0161lo k ucp\u00e1n\u00ed nebo po\u0161kozen\u00ed sou\u010d\u00e1st\u00ed.<\/li>\n<li>Hluk a vibrace: Neobvykl\u00e9 zvuky a vibrace mohou nazna\u010dovat vnit\u0159n\u00ed po\u0161kozen\u00ed nebo nespr\u00e1vn\u00e9 vyrovn\u00e1n\u00ed. Zkontrolujte v\u00e1lec, zda nevykazuje viditeln\u00e9 zn\u00e1mky po\u0161kozen\u00ed, a prove\u010fte pot\u0159ebn\u00e9 opravy nebo nov\u00e9 vyrovn\u00e1n\u00ed.<\/li>\n<\/ol>\n<p>Nab\u00edz\u00edme tipy a \u0159e\u0161en\u00ed probl\u00e9m\u016f pro efektivn\u00ed diagnostiku a vy\u0159e\u0161en\u00ed probl\u00e9m\u016f spolu s preventivn\u00edmi opat\u0159en\u00edmi k minimalizaci potenci\u00e1ln\u00edch probl\u00e9m\u016f.<\/p>\n<p><img decoding=\"async\" src=\"https:\/\/www.hydraulic-cylinders.net\/wp-content\/uploads\/2024\/12\/Replacement-Of-John-Deere-Hydraulic-Cylinder-7.webp\" alt=\"Obr\u00e1zek hydraulick\u00e9ho v\u00e1lce\"><\/p>\n<p>P\u0159i n\u00e1vrhu n\u00e1hrady hydraulick\u00e9ho v\u00e1lce \u0159\u00edzen\u00ed AH219492 byly zohledn\u011bny r\u016fzn\u00e9 aspekty a krit\u00e9ria v\u00fdb\u011bru:<\/p>\n<h2>Konstruk\u010dn\u00ed aspekty a krit\u00e9ria v\u00fdb\u011bru:<\/h2>\n<ol>\n<li>Nosnost: Hydraulick\u00fd v\u00e1lec je navr\u017een tak, aby vydr\u017eel po\u017eadovanou nosnost bez kompromis\u016f ve v\u00fdkonu.<\/li>\n<li>T\u011bsn\u011bn\u00ed a trvanlivost: Pou\u017eit\u00ed vysoce kvalitn\u00edch t\u011bsnic\u00edch komponent\u016f, jako jsou t\u011bsn\u011bn\u00ed p\u00edst\u016f a p\u00edstnic, zaji\u0161\u0165uje spr\u00e1vnou funk\u010dnost a trvanlivost. T\u011bsn\u011bn\u00ed vyroben\u00e1 z materi\u00e1l\u016f odoln\u00fdch proti opot\u0159eben\u00ed, jako je polyuretan a nitrilov\u00e1 pry\u017e, jsou vyb\u00edr\u00e1na pro dlouhou \u017eivotnost.<\/li>\n<li>Bezpe\u010dnost: Konstrukce zahrnuje bezpe\u010dnostn\u00ed prvky, kter\u00e9 zabra\u0148uj\u00ed p\u0159et\u00ed\u017een\u00ed a zaji\u0161\u0165uj\u00ed bezpe\u010dn\u00fd provoz za\u0159\u00edzen\u00ed.<\/li>\n<li>\u00dadr\u017eba a opravitelnost: Konstrukce v\u00e1lce umo\u017e\u0148uje snadnou \u00fadr\u017ebu a opravy a zaji\u0161\u0165uje minim\u00e1ln\u00ed prostoje.<\/li>\n<\/ol>\n<p>V\u00fdm\u011bna hydraulick\u00e9ho v\u00e1lce \u0159\u00edzen\u00ed AH219492 vyu\u017e\u00edv\u00e1 r\u016fzn\u00e9 t\u011bsnic\u00ed komponenty, jako jsou t\u011bsn\u011bn\u00ed p\u00edst\u016f a t\u011bsn\u011bn\u00ed p\u00edstnic, vyroben\u00e9 z materi\u00e1l\u016f odoln\u00fdch proti opot\u0159eben\u00ed. T\u011bleso v\u00e1lce a z\u00e1vitov\u00e9 konce proch\u00e1zej\u00ed p\u0159esnou povrchovou \u00fapravou pro zv\u00fd\u0161en\u00ed odolnosti proti opot\u0159eben\u00ed. Pravideln\u00e9 maz\u00e1n\u00ed vhodn\u00fdm hydraulick\u00fdm olejem je nezbytn\u00e9 pro optim\u00e1ln\u00ed v\u00fdkon.<\/p>\n<p>Pro zaji\u0161t\u011bn\u00ed dlouh\u00e9 \u017eivotnosti a optim\u00e1ln\u00edho v\u00fdkonu je t\u0159eba prov\u00e1d\u011bt pravideln\u00e9 kontroly a preventivn\u00ed \u00fadr\u017ebu. V\u010dasn\u00e1 v\u00fdm\u011bna opot\u0159ebovan\u00fdch t\u011bsn\u011bn\u00ed a pravideln\u00e9 maz\u00e1n\u00ed prodlou\u017e\u00ed \u017eivotnost hydraulick\u00e9ho v\u00e1lce.<\/p>\n<h2>Spr\u00e1vn\u00e1 instalace produktu:<\/h2>\n<p>Spr\u00e1vn\u00e1 instalace n\u00e1hradn\u00edho d\u00edlu hydraulick\u00e9ho v\u00e1lce \u0159\u00edzen\u00ed AH219492 je z\u00e1sadn\u00ed pro jeho v\u00fdkon a \u017eivotnost. Postupujte podle t\u011bchto krok\u016f:<\/p>\n<ol>\n<li>P\u0159ipravte mont\u00e1\u017en\u00ed povrch a ujist\u011bte se, \u017ee je \u010dist\u00fd a bez ne\u010distot.<\/li>\n<li>Zarovnejte v\u00e1lec s mont\u00e1\u017en\u00edmi otvory a vlo\u017ete upev\u0148ovac\u00ed prvky.<\/li>\n<li>Utahujte upev\u0148ovac\u00ed prvky rovnom\u011brn\u011b podle doporu\u010den\u00fdch specifikac\u00ed utahovac\u00edho momentu.<\/li>\n<li>Prove\u010fte funk\u010dn\u00ed zkou\u0161ku, abyste se ujistili o spr\u00e1vn\u00e9m provozu.<\/li>\n<\/ol>\n<h2>\u00dakoly \u00fadr\u017eby:<\/h2>\n<ol>\n<li>Pravideln\u00e1 kontrola: Pravideln\u011b kontrolujte hydraulick\u00fd v\u00e1lec, zda nevykazuje zn\u00e1mky po\u0161kozen\u00ed nebo net\u011bsnosti.<\/li>\n<li>Spr\u00e1vn\u00e9 maz\u00e1n\u00ed: Ujist\u011bte se, \u017ee je v\u00e1lec dostate\u010dn\u011b<br \/>","protected":false},"excerpt":{"rendered":"<p>Replacement Of AH219492 Steering Hydraulic Cylinder The Replacement Of AH219492 Steering Hydraulic Cylinder is a crucial component in various machinery models such as 643H, 643J, 643K, 740, 843H, 843J, and 843K. This hydraulic cylinder is designed to provide efficient steering control and ensure the smooth operation of the equipment. Specifications: Weight: 52.6 lb Height: 3.75 [&hellip;]<\/p>","protected":false},"featured_media":11042,"comment_status":"open","ping_status":"closed","template":"","meta":{"_et_pb_use_builder":"","_et_pb_old_content":"","_et_gb_content_width":""},"product_brand":[],"product_cat":[1489],"product_tag":[1380,1490,1491],"class_list":{"0":"post-14432","1":"product","2":"type-product","3":"status-publish","4":"has-post-thumbnail","6":"product_cat-replacement-of-john-deere-hydraulic-cylinder","7":"product_tag-hydraulic-cylinder","8":"product_tag-replacement-of-hydraulic-cylinder","9":"product_tag-replacemet-of-john-deere-hydraulic-cylinder","11":"first","12":"instock","13":"shipping-taxable","14":"product-type-simple"},"amp_enabled":true,"_links":{"self":[{"href":"https:\/\/www.hydraulic-cylinders.net\/cs\/wp-json\/wp\/v2\/product\/14432","targetHints":{"allow":["GET"]}}],"collection":[{"href":"https:\/\/www.hydraulic-cylinders.net\/cs\/wp-json\/wp\/v2\/product"}],"about":[{"href":"https:\/\/www.hydraulic-cylinders.net\/cs\/wp-json\/wp\/v2\/types\/product"}],"replies":[{"embeddable":true,"href":"https:\/\/www.hydraulic-cylinders.net\/cs\/wp-json\/wp\/v2\/comments?post=14432"}],"wp:featuredmedia":[{"embeddable":true,"href":"https:\/\/www.hydraulic-cylinders.net\/cs\/wp-json\/wp\/v2\/media\/11042"}],"wp:attachment":[{"href":"https:\/\/www.hydraulic-cylinders.net\/cs\/wp-json\/wp\/v2\/media?parent=14432"}],"wp:term":[{"taxonomy":"product_brand","embeddable":true,"href":"https:\/\/www.hydraulic-cylinders.net\/cs\/wp-json\/wp\/v2\/product_brand?post=14432"},{"taxonomy":"product_cat","embeddable":true,"href":"https:\/\/www.hydraulic-cylinders.net\/cs\/wp-json\/wp\/v2\/product_cat?post=14432"},{"taxonomy":"product_tag","embeddable":true,"href":"https:\/\/www.hydraulic-cylinders.net\/cs\/wp-json\/wp\/v2\/product_tag?post=14432"}],"curies":[{"name":"wp","href":"https:\/\/api.w.org\/{rel}","templated":true}]}}