{"id":14450,"date":"2024-12-12T08:45:20","date_gmt":"2024-12-12T08:45:20","guid":{"rendered":"https:\/\/www.hydraulic-cylinders.net\/product\/replacement-of-an302047-steering-hydraulic-cylinder-rh\/"},"modified":"2024-12-12T08:45:20","modified_gmt":"2024-12-12T08:45:20","slug":"replacement-of-an302047-steering-hydraulic-cylinder-rh","status":"publish","type":"product","link":"https:\/\/www.hydraulic-cylinders.net\/cs\/produkt\/replacement-of-an302047-steering-hydraulic-cylinder-rh\/","title":{"rendered":"V\u00fdm\u011bna hydraulick\u00e9ho v\u00e1lce \u0159\u00edzen\u00ed AN302047, prav\u00fd"},"content":{"rendered":"<p><html><br \/>\n<body><\/p>\n<h1>V\u00fdm\u011bna hydraulick\u00e9ho v\u00e1lce \u0159\u00edzen\u00ed AN302047, prav\u00fd<\/h1>\n<h2>\u00davod k produktu<\/h2>\n<p>V\u00fdm\u011bna hydraulick\u00e9ho v\u00e1lce \u0159\u00edzen\u00ed AN302047, RH, je hydraulick\u00fd v\u00e1lec ur\u010den\u00fd k nahrazen\u00ed p\u016fvodn\u00edho v\u00e1lce ve stroj\u00edch. Hraje kl\u00ed\u010dovou roli v ovl\u00e1d\u00e1n\u00ed \u0159\u00edzen\u00ed a zaji\u0161t\u011bn\u00ed plynul\u00e9ho provozu.<\/p>\n<h2>Specifikace a model<\/h2>\n<p>Hmotnost: 20,75 lb<\/p>\n<p>V\u00fd\u0161ka: 11,5 cm<\/p>\n<p>\u0160\u00ed\u0159ka: 5,5 palce<\/p>\n<p>D\u00e9lka: 23,7 palce<\/p>\n<p>Model: 4920<\/p>\n<h2>Vlastnosti produktu<\/h2>\n<ul>\n<li>Zlep\u0161en\u00fd v\u00fdkon za\u0159\u00edzen\u00ed: V\u00fdm\u011bna po\u0161kozen\u00e9ho nebo opot\u0159ebovan\u00e9ho hydraulick\u00e9ho v\u00e1lce m\u016f\u017ee obnovit norm\u00e1ln\u00ed provoz za\u0159\u00edzen\u00ed a zajistit jeho v\u00fdkon v r\u016fzn\u00fdch aplikac\u00edch.<\/li>\n<li>Zv\u00fd\u0161en\u00e1 bezpe\u010dnost: Pravideln\u00e1 v\u00fdm\u011bna hydraulick\u00fdch v\u00e1lc\u016f m\u016f\u017ee sn\u00ed\u017eit bezpe\u010dnostn\u00ed rizika zp\u016fsoben\u00e1 jejich poruchami a zajistit tak bezpe\u010dnost obsluhy a za\u0159\u00edzen\u00ed.<\/li>\n<li>Ochrana proti p\u0159et\u00ed\u017een\u00ed: Nov\u00e9 konstrukce v\u00e1lc\u016f \u010dasto obsahuj\u00ed lep\u0161\u00ed mechanismy ochrany proti p\u0159et\u00ed\u017een\u00ed, co\u017e zvy\u0161uje bezpe\u010dnost.<\/li>\n<li>Rychl\u00e1 instalace: Modern\u00ed hydraulick\u00e9 v\u00e1lce jsou navr\u017eeny pro snadnou instalaci a v\u00fdm\u011bnu, co\u017e zkracuje prostoje.<\/li>\n<li>Standardizovan\u00e9 komponenty: Mnoho hydraulick\u00fdch v\u00e1lc\u016f jsou standardizovan\u00e9 produkty, co\u017e usnad\u0148uje z\u00edsk\u00e1n\u00ed n\u00e1hradn\u00edch d\u00edl\u016f na trhu.<\/li>\n<\/ul>\n<h2>Aplikace<\/h2>\n<p>V\u00fdm\u011bna hydraulick\u00e9ho v\u00e1lce \u0159\u00edzen\u00ed AN302047, prav\u00e1, m\u00e1 r\u016fzn\u00e1 uplatn\u011bn\u00ed v r\u016fzn\u00fdch stroj\u00edch. Zde jsou t\u0159i p\u0159\u00edklady:<\/p>\n<ol>\n<li>Rypadla: Hydraulick\u00e9 v\u00e1lce v ramenech nebo l\u017e\u00edc\u00edch rypadla se mohou v d\u016fsledku dlouhodob\u00e9ho pou\u017e\u00edv\u00e1n\u00ed nebo p\u0159et\u00ed\u017een\u00ed po\u0161kodit a pro obnoven\u00ed norm\u00e1ln\u00edho provozu je nutn\u00e9 je vym\u011bnit.<\/li>\n<li>Je\u0159\u00e1by: Hydraulick\u00e9 v\u00e1lce v ramenech je\u0159\u00e1b\u016f jsou n\u00e1chyln\u00e9 k opot\u0159eben\u00ed p\u0159i \u010dast\u00e9m zved\u00e1n\u00ed a spou\u0161t\u011bn\u00ed, a proto je nutn\u00e9 je pravideln\u011b vym\u011b\u0148ovat, aby byla zaji\u0161t\u011bna jejich bezpe\u010dnost.<\/li>\n<li>Traktory: Hydraulick\u00e9 v\u00e1lce v p\u0159\u00edslu\u0161enstv\u00ed \u010deln\u00edho naklada\u010de traktor\u016f mohou b\u011bhem nep\u0159etr\u017eit\u00e9ho zved\u00e1n\u00ed a nakl\u00e1p\u011bn\u00ed net\u011bsnit nebo se zhor\u0161ovat jejich v\u00fdkon, co\u017e vy\u017eaduje jejich v\u00fdm\u011bnu.<\/li>\n<\/ol>\n<h2>\u00dakoly \u00fadr\u017eby<\/h2>\n<p>Pravideln\u00e9 \u00fadr\u017eb\u00e1\u0159sk\u00e9 pr\u00e1ce pro v\u00fdm\u011bnu hydraulick\u00e9ho v\u00e1lce \u0159\u00edzen\u00ed AN302047, prav\u00e9ho, zahrnuj\u00ed:<\/p>\n<ol>\n<li>Pravideln\u00e9 kontroly<\/li>\n<li>Spr\u00e1vn\u00e9 maz\u00e1n\u00ed<\/li>\n<li>V\u00fdm\u011bna t\u011bsn\u011bn\u00ed<\/li>\n<li>Kalibra\u010dn\u00ed kontroly<\/li>\n<\/ol>\n<p>Je nezbytn\u00e9 zd\u016fraznit d\u016fle\u017eitost spr\u00e1vn\u00e9 instalace, maz\u00e1n\u00ed a se\u0159\u00edzen\u00ed. Poskytnut\u00ed pokyn\u016f k spr\u00e1vn\u00e9mu vyrovn\u00e1n\u00ed v\u00e1lce b\u011bhem instalace a doporu\u010den\u00ed pou\u017eit\u00ed vhodn\u00fdch mont\u00e1\u017en\u00edch konzol k zaji\u0161t\u011bn\u00ed v\u00e1lce m\u016f\u017ee v\u00fdrazn\u011b prodlou\u017eit jeho \u017eivotnost. Nav\u00edc doporu\u010den\u00ed postup\u016f kontroly, opravy a v\u00fdm\u011bny, stejn\u011b jako nab\u00eddka n\u00e1hradn\u00edch d\u00edl\u016f a slu\u017eeb renovace, m\u016f\u017ee d\u00e1le prodlou\u017eit \u017eivotnost produktu.<\/p>\n<h2>Bezpe\u010dnostn\u00ed aspekty a faktory prost\u0159ed\u00ed<\/h2>\n<p>P\u0159i pou\u017eit\u00ed n\u00e1hradn\u00edho d\u00edlu pro hydraulick\u00fd v\u00e1lec \u0159\u00edzen\u00ed AN302047, prav\u00fd, je z\u00e1sadn\u00ed up\u0159ednostnit bezpe\u010dnostn\u00ed opat\u0159en\u00ed. To zahrnuje dodr\u017eov\u00e1n\u00ed bezpe\u010dnostn\u00edch pokyn\u016f p\u0159i manipulaci s hydraulick\u00fdmi v\u00e1lci a zohledn\u011bn\u00ed faktor\u016f prost\u0159ed\u00ed, jako je nap\u0159\u00edklad vhodn\u00e1 kapalina pou\u017eit\u00e1 k maz\u00e1n\u00ed.<\/p>\n<h2>Odstra\u0148ov\u00e1n\u00ed probl\u00e9m\u016f a b\u011b\u017en\u00e9 probl\u00e9my<\/h2>\n<p>B\u011b\u017en\u00e9 probl\u00e9my a \u0159e\u0161en\u00ed probl\u00e9m\u016f p\u0159i v\u00fdm\u011bn\u011b hydraulick\u00e9ho v\u00e1lce \u0159\u00edzen\u00ed AN302047, prav\u00fd:<\/p>\n<ul>\n<li>Net\u011bsnost: Zkontrolujte t\u011bsn\u011bn\u00ed a spoje, zda nedoch\u00e1z\u00ed k net\u011bsnostem. Zajist\u011bte spr\u00e1vn\u00e9 ut\u011bsn\u011bn\u00ed a v p\u0159\u00edpad\u011b pot\u0159eby spoje dot\u00e1hn\u011bte.<\/li>\n<li>Zhor\u0161en\u00ed v\u00fdkonu: Zkontrolujte, zda nevykazuj\u00ed zn\u00e1mky opot\u0159eben\u00ed nebo po\u0161kozen\u00ed. Vym\u011b\u0148te opot\u0159ebovan\u00e9 sou\u010d\u00e1sti a zajist\u011bte spr\u00e1vn\u00e9 se\u0159\u00edzen\u00ed.<\/li>\n<li>Hluk nebo vibrace: Zkontrolujte mont\u00e1\u017en\u00ed konzoly a spoje, zda nejsou uvoln\u011bn\u00e9. V p\u0159\u00edpad\u011b pot\u0159eby ut\u00e1hn\u011bte nebo vym\u011b\u0148te. Zkontrolujte, zda nejsou spr\u00e1vn\u011b vyrovn\u00e1ny.<\/li>\n<\/ul>\n<p>Poskytov\u00e1n\u00ed tip\u016f pro \u0159e\u0161en\u00ed probl\u00e9m\u016f a metod jejich \u0159e\u0161en\u00ed m\u016f\u017ee \u010dten\u00e1\u0159\u016fm pomoci efektivn\u011b diagnostikovat a \u0159e\u0161it probl\u00e9my. Je tak\u00e9 nezbytn\u00e9 nab\u00eddnout preventivn\u00ed opat\u0159en\u00ed k minimalizaci potenci\u00e1ln\u00edch probl\u00e9m\u016f.<\/p>\n<p><img decoding=\"async\" src=\"https:\/\/www.hydraulic-cylinders.net\/wp-content\/uploads\/2024\/12\/Replacement-Of-John-Deere-Hydraulic-Cylinder-7.webp\" alt=\"Obr\u00e1zek hydraulick\u00e9ho v\u00e1lce\"><\/p>\n<h2>Konstruk\u010dn\u00ed aspekty a krit\u00e9ria v\u00fdb\u011bru<\/h2>\n<p>P\u0159i v\u00fdb\u011bru n\u00e1hrady za hydraulick\u00fd v\u00e1lec \u0159\u00edzen\u00ed AN302047, prav\u00fd, je d\u016fle\u017eit\u00e9 zv\u00e1\u017eit kl\u00ed\u010dov\u00e9 konstruk\u010dn\u00ed faktory, jako je nosnost, \u00fa\u010dinnost t\u011bsn\u011bn\u00ed, trvanlivost, bezpe\u010dnostn\u00ed prvky a snadn\u00e1 \u00fadr\u017eba. Ka\u017ed\u00fd z t\u011bchto aspekt\u016f by m\u011bl b\u00fdt podrobn\u011b probr\u00e1n, aby poskytl komplexn\u00ed informace.<\/p>\n<h2>T\u011bsn\u011bn\u00ed a maz\u00e1n\u00ed<\/h2>\n<p>V\u00fdm\u011bna hydraulick\u00e9ho v\u00e1lce \u0159\u00edzen\u00ed AN302047, prav\u00e1, vyu\u017e\u00edv\u00e1 r\u016fzn\u00e9 t\u011bsnic\u00ed komponenty, jako jsou t\u011bsn\u011bn\u00ed p\u00edst\u016f a t\u011bsn\u011bn\u00ed p\u00edstnic, vyroben\u00e9 z materi\u00e1l\u016f odoln\u00fdch proti opot\u0159eben\u00ed, jako je polyuretan a nitrilov\u00e1 pry\u017e. T\u011bleso v\u00e1lce a z\u00e1vitov\u00e9 konce proch\u00e1zej\u00ed p\u0159esnou povrchovou \u00fapravou pro zv\u00fd\u0161en\u00ed odolnosti proti opot\u0159eben\u00ed. Pro zaji\u0161t\u011bn\u00ed optim\u00e1ln\u00edho v\u00fdkonu je nezbytn\u00e9 pravideln\u00e9 maz\u00e1n\u00ed vhodn\u00fdm mno\u017estv\u00edm hydraulick\u00e9ho oleje.<\/p>\n<h2>Pravideln\u00e1 kontrola a preventivn\u00ed \u00fadr\u017eba<\/h2>\n<p>Pravideln\u00e1 kontrola a preventivn\u00ed \u00fadr\u017eba:<\/p>\n<ol>\n<li>D\u016fkladn\u011b zkontrolujte v\u00e1lec, zda nevykazuje zn\u00e1mky opot\u0159eben\u00ed, po\u0161kozen\u00ed nebo net\u011bsnost\u00ed.<\/li>\n<li>\u0158\u00e1dn\u011b proma\u017ete v\u0161echny pohybliv\u00e9 \u010d\u00e1sti a zajist\u011bte dostate\u010dnou hladinu provozn\u00edch kapalin.<\/li>\n<li>V p\u0159\u00edpad\u011b pot\u0159eby vym\u011b\u0148te t\u011bsn\u011bn\u00ed, aby se zachovala \u00fa\u010dinnost t\u011bsn\u011bn\u00ed.<\/li>\n<li>Pro zaji\u0161t\u011bn\u00ed spr\u00e1vn\u00e9ho provozu prove\u010fte kalibra\u010dn\u00ed kontroly.<\/li>\n<\/ol>\n<h2>Instala\u010dn\u00ed p\u0159\u00edru\u010dka<\/h2>\n<p>Spr\u00e1vn\u00e1 instalace n\u00e1hradn\u00edho d\u00edlu hydraulick\u00e9ho v\u00e1lce \u0159\u00edzen\u00ed AN302047, prav\u00e9ho, je z\u00e1sadn\u00ed pro jeho optim\u00e1ln\u00ed v\u00fdkon. Doporu\u010duj\u00ed se n\u00e1sleduj\u00edc\u00ed kroky:<\/p>\n<ol>\n<li>B\u011bhem instalace spr\u00e1vn\u011b vyrovnejte v\u00e1lec.<\/li>\n<li>K upevn\u011bn\u00ed v\u00e1lce na m\u00edst\u011b pou\u017eijte vhodn\u00e9 mont\u00e1\u017en\u00ed konzoly.<\/li>\n<li>Dodr\u017eujte doporu\u010den\u00e9 postupy kontroly, opravy a v\u00fdm\u011bny.<\/li>\n<li>V p\u0159\u00edpad\u011b pot\u0159eby vyu\u017eijte origin\u00e1ln\u00ed n\u00e1hradn\u00ed d\u00edly a repasn\u00ed slu\u017eby.<\/li>\n<li>Poskytn\u011bte tipy, jak prodlou\u017eit \u017eivotnost produktu spr\u00e1vn\u00fdm pou\u017e\u00edv\u00e1n\u00edm a \u00fadr\u017ebou.<\/li>\n<\/ol>\n<p><img decoding=\"async\" src=\"https:\/\/www.hydraulic-cylinders.net\/wp-content\/uploads\/2024\/12\/Replacement-Of-John-Deere-Hydraulic-Cylinder-8.webp\" alt=\"Obr\u00e1zek hydraulick\u00e9ho v\u00e1lce\"><\/p>\n<h2>O na\u0161\u00ed spole\u010dnosti<\/h2>\n<p>Jsme p\u0159edn\u00edm v\u00fdrobcem a velkoobchodn\u00edm distributorem n\u00e1hradn\u00edch hydraulick\u00fdch v\u00e1lc\u016f a nab\u00edz\u00edme komplexn\u00ed sortiment produkt\u016f. Na\u0161e spole\u010dnost vynik\u00e1 na dom\u00e1c\u00edm i mezin\u00e1rodn\u00edm trhu svou profesionalitou, mezin\u00e1rodn\u00edmi certifikacemi, z\u00e1kaznick\u00fdmi slu\u017ebami, modern\u00edm v\u00fdrobn\u00edm za\u0159\u00edzen\u00edm a efektivn\u00ed poprodejn\u00ed podporou.<\/p>\n<p><img decoding=\"async\" src=\"https:\/\/www.hydraulic-cylinders.net\/wp-content\/uploads\/2024\/12\/hydraulic-cylinder-factory.webp\" alt=\"Image spole\u010dnosti\"><\/p>\n<p><em>Autor: lyl<\/em><\/p>\n<p><\/body><br \/>\n<\/html><\/p>","protected":false},"excerpt":{"rendered":"<p>Replacement Of AN302047 Steering Hydraulic Cylinder, RH Product Introduction The Replacement Of AN302047 Steering Hydraulic Cylinder, RH is a hydraulic cylinder designed to replace the original cylinder in machinery. It plays a crucial role in controlling steering and ensuring smooth operation. Specifications and Model Weight: 20.75 lb Height: 4.5 in Width: 5.5 in Length: 23.7 [&hellip;]<\/p>","protected":false},"featured_media":12016,"comment_status":"open","ping_status":"closed","template":"","meta":{"_et_pb_use_builder":"","_et_pb_old_content":"","_et_gb_content_width":""},"product_brand":[],"product_cat":[1489],"product_tag":[1380,1490,1491],"class_list":{"0":"post-14450","1":"product","2":"type-product","3":"status-publish","4":"has-post-thumbnail","6":"product_cat-replacement-of-john-deere-hydraulic-cylinder","7":"product_tag-hydraulic-cylinder","8":"product_tag-replacement-of-hydraulic-cylinder","9":"product_tag-replacemet-of-john-deere-hydraulic-cylinder","11":"first","12":"instock","13":"shipping-taxable","14":"product-type-simple"},"amp_enabled":true,"_links":{"self":[{"href":"https:\/\/www.hydraulic-cylinders.net\/cs\/wp-json\/wp\/v2\/product\/14450","targetHints":{"allow":["GET"]}}],"collection":[{"href":"https:\/\/www.hydraulic-cylinders.net\/cs\/wp-json\/wp\/v2\/product"}],"about":[{"href":"https:\/\/www.hydraulic-cylinders.net\/cs\/wp-json\/wp\/v2\/types\/product"}],"replies":[{"embeddable":true,"href":"https:\/\/www.hydraulic-cylinders.net\/cs\/wp-json\/wp\/v2\/comments?post=14450"}],"wp:featuredmedia":[{"embeddable":true,"href":"https:\/\/www.hydraulic-cylinders.net\/cs\/wp-json\/wp\/v2\/media\/12016"}],"wp:attachment":[{"href":"https:\/\/www.hydraulic-cylinders.net\/cs\/wp-json\/wp\/v2\/media?parent=14450"}],"wp:term":[{"taxonomy":"product_brand","embeddable":true,"href":"https:\/\/www.hydraulic-cylinders.net\/cs\/wp-json\/wp\/v2\/product_brand?post=14450"},{"taxonomy":"product_cat","embeddable":true,"href":"https:\/\/www.hydraulic-cylinders.net\/cs\/wp-json\/wp\/v2\/product_cat?post=14450"},{"taxonomy":"product_tag","embeddable":true,"href":"https:\/\/www.hydraulic-cylinders.net\/cs\/wp-json\/wp\/v2\/product_tag?post=14450"}],"curies":[{"name":"wp","href":"https:\/\/api.w.org\/{rel}","templated":true}]}}