{"id":14470,"date":"2024-12-12T08:46:54","date_gmt":"2024-12-12T08:46:54","guid":{"rendered":"https:\/\/www.hydraulic-cylinders.net\/product\/replacement-of-tca15165-real-lift-cylinder\/"},"modified":"2024-12-12T08:46:56","modified_gmt":"2024-12-12T08:46:56","slug":"replacement-of-tca15165-real-lift-cylinder","status":"publish","type":"product","link":"https:\/\/www.hydraulic-cylinders.net\/cs\/produkt\/replacement-of-tca15165-real-lift-cylinder\/","title":{"rendered":"V\u00fdm\u011bna skute\u010dn\u00e9ho zvedac\u00edho v\u00e1lce TCA15165"},"content":{"rendered":"<h2>Definice produktu<\/h2>\n<p>N\u00e1hrada za hydraulick\u00fd v\u00e1lec TCA15165 Real Lift je hydraulick\u00fd v\u00e1lec pou\u017e\u00edvan\u00fd v r\u016fzn\u00fdch modelech za\u0159\u00edzen\u00ed, jako jsou 3225C, 3235C a 3245C. V\u00e1\u017e\u00ed 8,62 lb a m\u00e1 v\u00fd\u0161ku 2,4 palce, \u0161\u00ed\u0159ku 2,6 palce a d\u00e9lku 13,2 palce. V\u00e1lec je ned\u00edlnou sou\u010d\u00e1st\u00ed za\u0159\u00edzen\u00ed a je zodpov\u011bdn\u00fd za hladk\u00fd chod r\u016fzn\u00fdch operac\u00ed.<\/p>\n<h2>Specifikace a modely produkt\u016f<\/h2>\n<p>N\u00e1hradn\u00ed v\u00e1lec TCA15165 Real Lift m\u00e1 standardn\u00ed velikost a konstrukci, d\u00edky \u010demu\u017e je kompatibiln\u00ed s r\u016fzn\u00fdmi modely za\u0159\u00edzen\u00ed. Jeho rozm\u011bry jsou v\u00fd\u0161ka 2,4 palce, \u0161\u00ed\u0159ka 2,6 palce a d\u00e9lka 13,2 palce. V\u00e1lec je kompatibiln\u00ed s modely za\u0159\u00edzen\u00ed, jako jsou 3225C, 3235C a 3245C, a mnoha dal\u0161\u00edmi.<\/p>\n<h2>Vlastnosti produktu<\/h2>\n<h3>Vylep\u0161en\u00fd v\u00fdkon za\u0159\u00edzen\u00ed<\/h3>\n<p>V\u00fdm\u011bnou po\u0161kozen\u00fdch nebo opot\u0159ebovan\u00fdch hydraulick\u00fdch v\u00e1lc\u016f za n\u00e1hradn\u00ed d\u00edl TCA15165 Real Lift Cylinder lze obnovit v\u00fdkon za\u0159\u00edzen\u00ed do p\u016fvodn\u00edho stavu, co\u017e zaji\u0161\u0165uje optim\u00e1ln\u00ed v\u00fdkon v r\u016fzn\u00fdch aplikac\u00edch.<\/p>\n<h3>Zv\u00fd\u0161en\u00e1 bezpe\u010dnost<\/h3>\n<p>Pravideln\u00e1 v\u00fdm\u011bna hydraulick\u00fdch v\u00e1lc\u016f m\u016f\u017ee sn\u00ed\u017eit bezpe\u010dnostn\u00ed rizika zp\u016fsoben\u00e1 jejich selh\u00e1n\u00edm a zajistit bezpe\u010dnost za\u0159\u00edzen\u00ed i person\u00e1lu, kter\u00fd jej obsluhuje.<\/p>\n<h3>Ochrana proti p\u0159et\u00ed\u017een\u00ed<\/h3>\n<p>Nov\u00e9 konstrukce v\u00e1lc\u016f jsou \u010dasto vybaveny lep\u0161\u00edmi mechanismy ochrany proti p\u0159et\u00ed\u017een\u00ed, co\u017e zvy\u0161uje bezpe\u010dnost b\u011bhem provozu.<\/p>\n<h3>Rychl\u00e1 instalace<\/h3>\n<p>Modern\u00ed hydraulick\u00e9 v\u00e1lce jsou navr\u017eeny pro snadnou instalaci a v\u00fdm\u011bnu, co\u017e sni\u017euje prostoje zp\u016fsoben\u00e9 v\u00fdm\u011bnou a instalac\u00ed.<\/p>\n<h3>Standardizovan\u00e9 komponenty<\/h3>\n<p>Mnoho hydraulick\u00fdch v\u00e1lc\u016f jsou standardizovan\u00e9 produkty, co\u017e usnad\u0148uje z\u00edsk\u00e1n\u00ed n\u00e1hradn\u00edch d\u00edl\u016f na trhu.<\/p>\n<h2>Aplikace produkt\u016f<\/h2>\n<p>N\u00e1hrada za skute\u010dn\u00fd zvedac\u00ed v\u00e1lec TCA15165 nach\u00e1z\u00ed uplatn\u011bn\u00ed v r\u016fzn\u00fdch modelech za\u0159\u00edzen\u00ed, jako nap\u0159\u00edklad:<\/p>\n<h3>Bagry<\/h3>\n<p>U bagr\u016f m\u016f\u017ee b\u00fdt nutn\u00e9 vym\u011bnit hydraulick\u00fd v\u00e1lec z d\u016fvodu opot\u0159eben\u00ed nebo p\u0159et\u00ed\u017een\u00ed, co\u017e m\u016f\u017ee br\u00e1nit norm\u00e1ln\u00edmu provozu.<\/p>\n<h3>Je\u0159\u00e1by<\/h3>\n<p>Hydraulick\u00fd v\u00e1lec v\u00fdlo\u017en\u00edku je\u0159\u00e1bu se m\u016f\u017ee v d\u016fsledku \u010dast\u00e9ho zved\u00e1n\u00ed a spou\u0161t\u011bn\u00ed opot\u0159ebovat, co\u017e vy\u017eaduje pravidelnou v\u00fdm\u011bnu z d\u016fvodu zaji\u0161t\u011bn\u00ed bezpe\u010dnosti.<\/p>\n<h3>Traktory<\/h3>\n<p>Hydraulick\u00fd v\u00e1lec \u010deln\u00edho naklada\u010de v traktorech m\u016f\u017ee v d\u016fsledku neust\u00e1l\u00e9ho zved\u00e1n\u00ed a nakl\u00e1p\u011bn\u00ed vykazovat net\u011bsnosti nebo sn\u00ed\u017een\u00fd v\u00fdkon, co\u017e vy\u017eaduje v\u00fdm\u011bnu.<\/p>\n<h3>Skl\u00edze\u010de<\/h3>\n<p>B\u011bhem sklizn\u011b je hydraulick\u00fd syst\u00e9m vystaven vysok\u00e9mu tlaku, co\u017e zp\u016fsobuje \u00fanavu a po\u0161kozen\u00ed v\u00e1lc\u016f. V\u010dasn\u00e1 v\u00fdm\u011bna v\u00e1lc\u016f m\u016f\u017ee udr\u017eet efektivitu pr\u00e1ce.<\/p>\n<h3>Automatizovan\u00e9 v\u00fdrobn\u00ed linky<\/h3>\n<p>Hydraulick\u00e9 v\u00e1lce se pou\u017e\u00edvaj\u00ed v automatizovan\u00fdch za\u0159\u00edzen\u00edch, jako jsou robotick\u00e1 ramena. Porucha v\u00e1lce m\u016f\u017ee ovlivnit efektivitu v\u00fdroby a vy\u017eadovat okam\u017eitou v\u00fdm\u011bnu.<\/p>\n<h3>Stroje na tlakov\u00e9 lit\u00ed<\/h3>\n<p>V prost\u0159ed\u00ed s vysok\u00fdm tlakem a vysokou teplotou m\u016f\u017ee doch\u00e1zet ke sn\u00ed\u017een\u00ed v\u00fdkonu hydraulick\u00fdch v\u00e1lc\u016f. Pravideln\u00e1 v\u00fdm\u011bna m\u016f\u017ee zajistit kvalitu produktu.<\/p>\n<h3>T\u011b\u017eebn\u00ed za\u0159\u00edzen\u00ed<\/h3>\n<p>Hydraulick\u00e9 v\u00e1lce se pou\u017e\u00edvaj\u00ed v d\u016fln\u00edch za\u0159\u00edzen\u00edch ke zved\u00e1n\u00ed a p\u0159emis\u0165ov\u00e1n\u00ed t\u011b\u017ek\u00fdch b\u0159emen. Vzhledem k drsn\u00e9mu pracovn\u00edmu prost\u0159ed\u00ed jsou nutn\u00e9 pravideln\u00e9 kontroly a v\u00fdm\u011bny, aby se p\u0159ede\u0161lo selh\u00e1n\u00ed za\u0159\u00edzen\u00ed.<\/p>\n<h3>Buldozery<\/h3>\n<p>Opot\u0159eben\u00ed hydraulick\u00e9ho v\u00e1lce na rameni radlice buldozeru m\u016f\u017ee zp\u016fsobit sn\u00ed\u017een\u00ed shrnovac\u00ed schopnosti. V\u010dasn\u00e1 v\u00fdm\u011bna je kl\u00ed\u010dov\u00e1 pro udr\u017een\u00ed efektivity pr\u00e1ce.<\/p>\n<h2>\u00dadr\u017eba a opravy<\/h2>\n<h3>Pravideln\u00e1 kontrola<\/h3>\n<p>Pravideln\u00e1 kontrola hydraulick\u00e9ho v\u00e1lce je nezbytn\u00e1 k odhalen\u00ed p\u0159\u00edpadn\u00fdch net\u011bsnost\u00ed nebo po\u0161kozen\u00ed. To m\u016f\u017ee zabr\u00e1nit z\u00e1va\u017en\u00fdm poruch\u00e1m a prodlou\u017eit \u017eivotnost v\u00e1lce.<\/p>\n<h3>Maz\u00e1n\u00ed<\/h3>\n<p>Pou\u017eit\u00ed vhodn\u00fdch maziv m\u016f\u017ee sn\u00ed\u017eit opot\u0159eben\u00ed a prodlou\u017eit \u017eivotnost hydraulick\u00e9ho v\u00e1lce.<\/p>\n<h3>V\u00fdm\u011bna t\u011bsn\u011bn\u00ed<\/h3>\n<p>Pravideln\u00e1 v\u00fdm\u011bna t\u011bsn\u011bn\u00ed p\u00edstu a p\u00edstnice m\u016f\u017ee zabr\u00e1nit net\u011bsnostem a zlep\u0161it v\u00fdkon hydraulick\u00e9ho v\u00e1lce.<\/p>\n<h2>Bezpe\u010dnostn\u00ed aspekty a faktory prost\u0159ed\u00ed<\/h2>\n<p>Hydraulick\u00e9 v\u00e1lce pracuj\u00ed pod vysok\u00fdm tlakem, tak\u017ee bezpe\u010dnost je b\u011bhem jejich provozu prvo\u0159ad\u00fdm d\u016frazem. Spr\u00e1vn\u00e1 \u00fadr\u017eba a v\u00fdm\u011bna mohou zabr\u00e1nit nehod\u00e1m a zran\u011bn\u00edm person\u00e1lu.<\/p>\n<h2>Diagnostika a odstra\u0148ov\u00e1n\u00ed z\u00e1vad<\/h2>\n<p>Nej\u010dast\u011bj\u0161\u00edmi probl\u00e9my s hydraulick\u00fdmi v\u00e1lci jsou net\u011bsnosti, nespr\u00e1vn\u00fd provoz a poruchy. Ty lze vy\u0159e\u0161it spr\u00e1vnou kontrolou, \u00fadr\u017ebou a v\u00fdm\u011bnou sou\u010d\u00e1st\u00ed.<\/p>\n<h2>Aspekty n\u00e1vrhu produktu a krit\u00e9ria v\u00fdb\u011bru<\/h2>\n<h3>\u00danosnost<\/h3>\n<p>Nosnost hydraulick\u00e9ho v\u00e1lce je kl\u00ed\u010dov\u00fdm faktorem p\u0159i v\u00fdb\u011bru vhodn\u00e9ho v\u00e1lce pro pou\u017eit\u00ed v za\u0159\u00edzen\u00ed.<\/p>\n<h3>T\u011bsn\u011bn\u00ed a trvanlivost<\/h3>\n<p>Hydraulick\u00fd v\u00e1lec mus\u00ed m\u00edt dostate\u010dn\u00e9 t\u011bsn\u011bn\u00ed a odolnost, aby odolal r\u016fzn\u00fdm provozn\u00edm podm\u00ednk\u00e1m.<\/p>\n<h3>Bezpe\u010dnost<\/h3>\n<p>Hydraulick\u00fd v\u00e1lec mus\u00ed spl\u0148ovat bezpe\u010dnostn\u00ed normy, aby se zabr\u00e1nilo nehod\u00e1m a zran\u011bn\u00edm person\u00e1lu.<\/p>\n<h3>\u00dadr\u017eba a opravy<\/h3>\n<p>Hydraulick\u00fd v\u00e1lec mus\u00ed b\u00fdt navr\u017een tak, aby se u n\u011bj dala snadno udr\u017eovat a opravovat, \u010d\u00edm\u017e se sn\u00ed\u017e\u00ed prostoje a n\u00e1klady na \u00fadr\u017ebu.<\/p>\n<h2>P\u0159edstaven\u00ed spole\u010dnosti<\/h2>\n<p>Jsme p\u0159edn\u00edm v\u00fdrobcem a velkoobchodn\u00edkem hydraulick\u00fdch v\u00e1lc\u016f a nab\u00edz\u00edme \u0161irokou \u0161k\u00e1lu produkt\u016f pro dom\u00e1c\u00ed i mezin\u00e1rodn\u00ed trh. Na\u0161e spole\u010dnost se zav\u00e1zala poskytovat vysoce kvalitn\u00ed produkty, slu\u017eby na m\u00edru a odbornou technickou podporu, abychom splnili pot\u0159eby na\u0161ich klient\u016f.<\/p>\n<h3>Profesionalita<\/h3>\n<p>N\u00e1\u0161 t\u00fdm se skl\u00e1d\u00e1 z odborn\u00edk\u016f na n\u00e1vrh a v\u00fdrobu hydraulick\u00fdch v\u00e1lc\u016f, co\u017e zaji\u0161\u0165uje nejvy\u0161\u0161\u00ed standardy profesionality v na\u0161ich operac\u00edch.<\/p>\n<h3>Mezin\u00e1rodn\u00ed certifikace<\/h3>\n<p>Na\u0161e v\u00fdrobky spl\u0148uj\u00ed mezin\u00e1rodn\u00ed standardy kvality a jsou certifikov\u00e1ny uzn\u00e1van\u00fdmi akredita\u010dn\u00edmi org\u00e1ny.<\/p>\n<h3>Slu\u017eby p\u0159izp\u016fsoben\u00ed<\/h3>\n<p>Na\u0161e spole\u010dnost nab\u00edz\u00ed slu\u017eby p\u0159izp\u016fsoben\u00ed dle specifick\u00fdch pot\u0159eb na\u0161ich klient\u016f.<\/p>\n<h3>V\u00fdrobn\u00ed za\u0159\u00edzen\u00ed<\/h3>\n<p>Na\u0161e spole\u010dnost je vybavena nejmodern\u011bj\u0161\u00edm v\u00fdrobn\u00edm za\u0159\u00edzen\u00edm, kter\u00e9 zaru\u010duje nejvy\u0161\u0161\u00ed kvalitu v\u00fdstupu a efektivn\u00ed v\u00fdrobn\u00ed procesy.<\/p>\n<h3>Poprodejn\u00ed slu\u017eby<\/h3>\n<p>Na\u0161e spole\u010dnost poskytuje poprodejn\u00ed slu\u017eby, v\u010detn\u011b oprav a v\u00fdm\u011bn, abychom zajistili dlouhou \u017eivotnost a efektivn\u00ed fungov\u00e1n\u00ed na\u0161ich produkt\u016f.<\/p>\n<p><img decoding=\"async\" src=\"https:\/\/www.hydraulic-cylinders.net\/wp-content\/uploads\/2024\/12\/Replacement-Of-John-Deere-Hydraulic-Cylinder-7.webp\" \/><\/p>\n<h2>Z\u00e1v\u011br<\/h2>\n<p>Z\u00e1v\u011brem lze \u0159\u00edci, \u017ee v\u00fdm\u011bna skute\u010dn\u00e9ho zvedac\u00edho v\u00e1lce TCA15165 je kritickou sou\u010d\u00e1st\u00ed r\u016fzn\u00fdch model\u016f za\u0159\u00edzen\u00ed a vy\u017eaduje pravidelnou \u00fadr\u017ebu pro zaji\u0161t\u011bn\u00ed optim\u00e1ln\u00edho v\u00fdkonu. Na\u0161e spole\u010dnost se zav\u00e1zala poskytovat vysoce kvalitn\u00ed hydraulick\u00e9 v\u00e1lce, kter\u00e9 spl\u0148uj\u00ed mezin\u00e1rodn\u00ed standardy, a nab\u00edz\u00edme slu\u017eby p\u0159izp\u016fsoben\u00ed specifick\u00fdm pot\u0159eb\u00e1m na\u0161ich klient\u016f.<\/p>\n<p>Autor: lyl<\/p>\n<p><img decoding=\"async\" src=\"https:\/\/www.hydraulic-cylinders.net\/wp-content\/uploads\/2024\/12\/Replacement-Of-John-Deere-Hydraulic-Cylinder-8.webp\" \/><\/p>","protected":false},"excerpt":{"rendered":"<p>Product Definition The Replacement Of TCA15165 Real Lift Cylinder is a hydraulic cylinder used in various equipment models such as 3225C, 3235C, and 3245C. It weighs 8.62 lb and has a height of 2.4 in, width of 2.6 in, and a length of 13.2 in. The cylinder is an integral part of the equipment and [&hellip;]<\/p>","protected":false},"featured_media":12438,"comment_status":"open","ping_status":"closed","template":"","meta":{"_et_pb_use_builder":"","_et_pb_old_content":"","_et_gb_content_width":""},"product_brand":[],"product_cat":[1489],"product_tag":[1380,1490,1491],"class_list":{"0":"post-14470","1":"product","2":"type-product","3":"status-publish","4":"has-post-thumbnail","6":"product_cat-replacement-of-john-deere-hydraulic-cylinder","7":"product_tag-hydraulic-cylinder","8":"product_tag-replacement-of-hydraulic-cylinder","9":"product_tag-replacemet-of-john-deere-hydraulic-cylinder","11":"first","12":"instock","13":"shipping-taxable","14":"product-type-simple"},"amp_enabled":true,"_links":{"self":[{"href":"https:\/\/www.hydraulic-cylinders.net\/cs\/wp-json\/wp\/v2\/product\/14470","targetHints":{"allow":["GET"]}}],"collection":[{"href":"https:\/\/www.hydraulic-cylinders.net\/cs\/wp-json\/wp\/v2\/product"}],"about":[{"href":"https:\/\/www.hydraulic-cylinders.net\/cs\/wp-json\/wp\/v2\/types\/product"}],"replies":[{"embeddable":true,"href":"https:\/\/www.hydraulic-cylinders.net\/cs\/wp-json\/wp\/v2\/comments?post=14470"}],"wp:featuredmedia":[{"embeddable":true,"href":"https:\/\/www.hydraulic-cylinders.net\/cs\/wp-json\/wp\/v2\/media\/12438"}],"wp:attachment":[{"href":"https:\/\/www.hydraulic-cylinders.net\/cs\/wp-json\/wp\/v2\/media?parent=14470"}],"wp:term":[{"taxonomy":"product_brand","embeddable":true,"href":"https:\/\/www.hydraulic-cylinders.net\/cs\/wp-json\/wp\/v2\/product_brand?post=14470"},{"taxonomy":"product_cat","embeddable":true,"href":"https:\/\/www.hydraulic-cylinders.net\/cs\/wp-json\/wp\/v2\/product_cat?post=14470"},{"taxonomy":"product_tag","embeddable":true,"href":"https:\/\/www.hydraulic-cylinders.net\/cs\/wp-json\/wp\/v2\/product_tag?post=14470"}],"curies":[{"name":"wp","href":"https:\/\/api.w.org\/{rel}","templated":true}]}}