{"id":14472,"date":"2024-12-12T08:47:01","date_gmt":"2024-12-12T08:47:01","guid":{"rendered":"https:\/\/www.hydraulic-cylinders.net\/product\/replacement-of-ah150044-steering-hydraulic-cylinder\/"},"modified":"2024-12-12T08:47:03","modified_gmt":"2024-12-12T08:47:03","slug":"replacement-of-ah150044-steering-hydraulic-cylinder","status":"publish","type":"product","link":"https:\/\/www.hydraulic-cylinders.net\/cs\/produkt\/replacement-of-ah150044-steering-hydraulic-cylinder\/","title":{"rendered":"V\u00fdm\u011bna hydraulick\u00e9ho v\u00e1lce \u0159\u00edzen\u00ed AH150044"},"content":{"rendered":"<h2>Zaveden\u00ed<\/h2>\n<p>V\u00fdm\u011bna hydraulick\u00e9ho v\u00e1lce \u0159\u00edzen\u00ed AH150044 je nezbytnou sou\u010d\u00e1st\u00ed stroj\u016f, jako jsou modely 544E, 544G, 624E a 624G. Tento hydraulick\u00fd v\u00e1lec je zodpov\u011bdn\u00fd za \u0159\u00edzen\u00ed a poskytuje pot\u0159ebnou s\u00edlu k ot\u00e1\u010den\u00ed stroje spr\u00e1vn\u00fdm sm\u011brem. V\u00e1lec v\u00e1\u017e\u00ed 20 kg, m\u00e1 v\u00fd\u0161ku 10 cm a d\u00e9lku 81 cm.<\/p>\n<h2>Specifikace a modely<\/h2>\n<p>N\u00e1hradn\u00ed d\u00edl hydraulick\u00e9ho v\u00e1lce \u0159\u00edzen\u00ed AH150044 je navr\u017een tak, aby pasoval na modely stroj\u016f 544E, 544G, 624E a 624G. Jeho rozm\u011bry jsou 4 palce na v\u00fd\u0161ku a 32,5 palce na d\u00e9lku s hmotnost\u00ed 44,3 libry. D\u00edky t\u011bmto specifikac\u00edm je perfektn\u011b vhodn\u00fd pro \u0161irokou \u0161k\u00e1lu model\u016f stroj\u016f.<\/p>\n<h2>Funkce<\/h2>\n<h3>Vylep\u0161en\u00fd v\u00fdkon za\u0159\u00edzen\u00ed<\/h3>\n<p>Replacing a damaged or worn-out hydraulic cylinder can restore the machinery&#8217;s normal operating ability, ensuring optimal performance in various applications.<\/p>\n<h3>Zv\u00fd\u0161en\u00e1 bezpe\u010dnost<\/h3>\n<p>Pravideln\u00e1 v\u00fdm\u011bna hydraulick\u00fdch v\u00e1lc\u016f m\u016f\u017ee sn\u00ed\u017eit bezpe\u010dnostn\u00ed rizika zp\u016fsoben\u00e1 jejich poruchou a zajistit bezpe\u010dnost obsluhy i stroj\u016f.<\/p>\n<h3>Ochrana proti p\u0159et\u00ed\u017een\u00ed<\/h3>\n<p>Nov\u00e9 konstrukce v\u00e1lc\u016f obvykle zohled\u0148uj\u00ed lep\u0161\u00ed mechanismy ochrany proti p\u0159et\u00ed\u017een\u00ed, co\u017e zvy\u0161uje bezpe\u010dnost.<\/p>\n<h3>Rychl\u00e1 instalace<\/h3>\n<p>Modern\u00ed hydraulick\u00e9 v\u00e1lce jsou navr\u017eeny tak, aby se snadno instalovaly a vym\u011b\u0148ovaly, co\u017e zkracuje prostoje.<\/p>\n<h3>Standardizovan\u00e9 komponenty<\/h3>\n<p>Mnoho hydraulick\u00fdch v\u00e1lc\u016f jsou standardizovan\u00e9 produkty, co\u017e usnad\u0148uje z\u00edsk\u00e1n\u00ed n\u00e1hradn\u00edch d\u00edl\u016f na trhu.<\/p>\n<h2>Aplikace<\/h2>\n<p>V\u00fdm\u011bna hydraulick\u00e9ho v\u00e1lce \u0159\u00edzen\u00ed AH150044 nach\u00e1z\u00ed uplatn\u011bn\u00ed v \u0159ad\u011b strojn\u00edch prost\u0159ed\u00ed. Mezi n\u011b pat\u0159\u00ed nap\u0159\u00edklad:<\/p>\n<h3>Bagry<\/h3>\n<p>V\u00fdlo\u017en\u00edk nebo l\u017e\u00edce rypadla m\u016f\u017ee vy\u017eadovat v\u00fdm\u011bnu hydraulick\u00e9ho v\u00e1lce z d\u016fvodu del\u0161\u00edho pou\u017e\u00edv\u00e1n\u00ed nebo p\u0159et\u00ed\u017een\u00ed, co\u017e vy\u017eaduje v\u00fdm\u011bnu pro obnoven\u00ed norm\u00e1ln\u00edho provozu.<\/p>\n<h3>Je\u0159\u00e1by<\/h3>\n<p>Hydraulick\u00fd v\u00e1lec v\u00fdlo\u017en\u00edku je\u0159\u00e1bu je n\u00e1chyln\u00fd k opot\u0159eben\u00ed p\u0159i \u010dast\u00e9m zved\u00e1n\u00ed a spou\u0161t\u011bn\u00ed, a proto je nutn\u00e9 jej pravideln\u011b vym\u011b\u0148ovat, aby byla zaji\u0161t\u011bna jeho bezpe\u010dnost.<\/p>\n<h3>Traktory<\/h3>\n<p>Hydraulick\u00fd v\u00e1lec \u010deln\u00edho naklada\u010de na traktoru m\u016f\u017ee b\u011bhem neust\u00e1l\u00e9ho zved\u00e1n\u00ed a nakl\u00e1p\u011bn\u00ed vykazovat net\u011bsnosti nebo probl\u00e9my s v\u00fdkonem, co\u017e vy\u017eaduje v\u00fdm\u011bnu.<\/p>\n<p>Mezi dal\u0161\u00ed aplikace pat\u0159\u00ed harvestory, automatick\u00e9 v\u00fdrobn\u00ed linky, lisy, t\u011b\u017eebn\u00ed za\u0159\u00edzen\u00ed, buldozery a dal\u0161\u00ed.<\/p>\n<h2>\u00dadr\u017eba<\/h2>\n<p>N\u00e1sleduj\u00ed b\u011b\u017en\u00e9 \u00fakony \u00fadr\u017eby hydraulick\u00fdch v\u00e1lc\u016f:<\/p>\n<h3>Pravideln\u00e1 kontrola<\/h3>\n<p>Hydraulick\u00e9 v\u00e1lce by m\u011bly b\u00fdt pravideln\u011b kontrolov\u00e1ny, aby se zajistil jejich dobr\u00fd stav a spr\u00e1vn\u00e1 funkce.<\/p>\n<h3>Maz\u00e1n\u00ed<\/h3>\n<p>Hydraulick\u00e9 v\u00e1lce vy\u017eaduj\u00ed pravideln\u00e9 maz\u00e1n\u00ed pro zaji\u0161t\u011bn\u00ed hladk\u00e9ho provozu. Maz\u00e1n\u00ed pom\u00e1h\u00e1 p\u0159edch\u00e1zet opot\u0159eben\u00ed, rzi a korozi.<\/p>\n<h3>V\u00fdm\u011bna t\u011bsn\u011bn\u00ed<\/h3>\n<p>Pokud je t\u011bsn\u011bn\u00ed v\u00e1lce opot\u0159ebovan\u00e9 nebo po\u0161kozen\u00e9, m\u011blo by b\u00fdt neprodlen\u011b vym\u011bn\u011bno, aby se zabr\u00e1nilo dal\u0161\u00edmu po\u0161kozen\u00ed a zajistila se spr\u00e1vn\u00e1 funkce.<\/p>\n<h2>Bezpe\u010dnostn\u00ed aspekty a faktory prost\u0159ed\u00ed<\/h2>\n<p>Bezpe\u010dnost je p\u0159i pr\u00e1ci s hydraulick\u00fdmi v\u00e1lci kl\u00ed\u010dov\u00fdm hlediskem. Je nezbytn\u00e9 p\u0159ijmout vhodn\u00e1 opat\u0159en\u00ed k prevenci zran\u011bn\u00ed nebo nehod. Pat\u0159\u00ed sem no\u0161en\u00ed ochrann\u00fdch pom\u016fcek, vyh\u00fdb\u00e1n\u00ed se n\u00e1hl\u00fdm pohyb\u016fm a dodr\u017eov\u00e1n\u00ed zaveden\u00fdch bezpe\u010dnostn\u00edch postup\u016f.<\/p>\n<h2>Odstra\u0148ov\u00e1n\u00ed probl\u00e9m\u016f a b\u011b\u017en\u00e9 probl\u00e9my<\/h2>\n<p>U hydraulick\u00fdch v\u00e1lc\u016f se m\u016f\u017ee \u010dasem vyskytnout \u0159ada probl\u00e9m\u016f. Mezi nej\u010dast\u011bj\u0161\u00ed pat\u0159\u00ed net\u011bsnosti, sn\u00ed\u017een\u00fd v\u00fdkon a po\u0161kozen\u00ed t\u011bsn\u011bn\u00ed nebo p\u00edst\u016f. \u0158e\u0161en\u00ed t\u011bchto probl\u00e9m\u016f obvykle zahrnuje demont\u00e1\u017e v\u00e1lce a kontrolu po\u0161kozen\u00ed nebo opot\u0159eben\u00ed sou\u010d\u00e1st\u00ed. Opravy mohou zahrnovat v\u00fdm\u011bnu po\u0161kozen\u00fdch sou\u010d\u00e1st\u00ed nebo repasi cel\u00e9ho v\u00e1lce.<\/p>\n<h2>Konstruk\u010dn\u00ed aspekty a krit\u00e9ria v\u00fdb\u011bru<\/h2>\n<h3>Nosnost<\/h3>\n<p>Hydraulick\u00fd v\u00e1lec mus\u00ed b\u00fdt schopen odolat zat\u00ed\u017een\u00ed, kter\u00e9mu bude vystaven b\u011bhem provozu. Jeho nosnost by m\u011bla b\u00fdt dostate\u010dn\u00e1 k zvl\u00e1dnut\u00ed p\u016fsob\u00edc\u00edch sil.<\/p>\n<h3>T\u011bsn\u011bn\u00ed<\/h3>\n<p>The cylinder&#8217;s seals must be able to withstand the high pressure and constant movement involved in hydraulic cylinder operation. They should be made of durable, wear-resistant materials to ensure they last for an extended period.<\/p>\n<h3>Trvanlivost<\/h3>\n<p>The cylinder&#8217;s durability is crucial to ensure it can withstand the harsh environmental conditions it may be exposed to during use. It should be made of high-quality materials and subjected to strict quality control standards during manufacturing.<\/p>\n<h3>Bezpe\u010dnost<\/h3>\n<p>V\u00e1lec mus\u00ed b\u00fdt navr\u017een s ohledem na bezpe\u010dnost, minimalizuje riziko nehod a zran\u011bn\u00ed b\u011bhem provozu. M\u011bl by obsahovat vhodn\u00e9 bezpe\u010dnostn\u00ed prvky a b\u00fdt vyroben podle p\u0159\u00edsn\u00fdch bezpe\u010dnostn\u00edch norem.<\/p>\n<h3>\u00dadr\u017eba<\/h3>\n<p>The cylinder should be designed for ease of maintenance, with components that are easy to access and replace when needed. This will help to prolong the cylinder&#8217;s life and ensure optimal performance.<\/p>\n<h2>Informace o spole\u010dnosti<\/h2>\n<p>Jsme v\u00fdrobcem n\u00e1hradn\u00edch hydraulick\u00fdch v\u00e1lc\u016f a nab\u00edz\u00edme \u0161irokou \u0161k\u00e1lu produkt\u016f, kter\u00e9 spl\u0148uj\u00ed pot\u0159eby r\u016fzn\u00fdch model\u016f stroj\u016f. Na\u0161e spole\u010dnost je proslul\u00e1 svou profesionalitou a z\u00e1vazkem ke kvalit\u011b, co\u017e potvrzuj\u00ed mezin\u00e1rodn\u00ed certifikace. Nab\u00edz\u00edme slu\u017eby na m\u00edru, abychom splnili jedine\u010dn\u00e9 pot\u0159eby na\u0161ich klient\u016f, a na\u0161e v\u00fdrobn\u00ed za\u0159\u00edzen\u00ed jsou vybavena nejmodern\u011bj\u0161\u00ed technologi\u00ed, abychom zajistili vysoce kvalitn\u00ed produkty. Na\u0161e spole\u010dnost tak\u00e9 poskytuje vynikaj\u00edc\u00ed poprodejn\u00ed servis s t\u00fdmem odborn\u00edk\u016f, kte\u0159\u00ed jsou k dispozici, aby na\u0161im klient\u016fm pomohli s instalac\u00ed, \u00fadr\u017ebou a opravami.<\/p>\n<p><img decoding=\"async\" src=\"https:\/\/www.hydraulic-cylinders.net\/wp-content\/uploads\/2024\/12\/hydraulic-cylinder-factory.webp\" alt=\"Image spole\u010dnosti\"><\/p>\n<p>Autor: lyl.<\/p>","protected":false},"excerpt":{"rendered":"<p>Introduction The Replacement Of AH150044 Steering Hydraulic Cylinder is an essential component for machinery such as the 544E, 544G, 624E, and 624G models. This hydraulic cylinder is responsible for steering operations, providing the necessary force to turn machinery in the right direction. The cylinder weighs 44.3 lbs, with a height of 4 inches and a [&hellip;]<\/p>","protected":false},"featured_media":10791,"comment_status":"open","ping_status":"closed","template":"","meta":{"_et_pb_use_builder":"","_et_pb_old_content":"","_et_gb_content_width":""},"product_brand":[],"product_cat":[1489],"product_tag":[1380,1490,1491],"class_list":{"0":"post-14472","1":"product","2":"type-product","3":"status-publish","4":"has-post-thumbnail","6":"product_cat-replacement-of-john-deere-hydraulic-cylinder","7":"product_tag-hydraulic-cylinder","8":"product_tag-replacement-of-hydraulic-cylinder","9":"product_tag-replacemet-of-john-deere-hydraulic-cylinder","11":"first","12":"instock","13":"shipping-taxable","14":"product-type-simple"},"amp_enabled":true,"_links":{"self":[{"href":"https:\/\/www.hydraulic-cylinders.net\/cs\/wp-json\/wp\/v2\/product\/14472","targetHints":{"allow":["GET"]}}],"collection":[{"href":"https:\/\/www.hydraulic-cylinders.net\/cs\/wp-json\/wp\/v2\/product"}],"about":[{"href":"https:\/\/www.hydraulic-cylinders.net\/cs\/wp-json\/wp\/v2\/types\/product"}],"replies":[{"embeddable":true,"href":"https:\/\/www.hydraulic-cylinders.net\/cs\/wp-json\/wp\/v2\/comments?post=14472"}],"wp:featuredmedia":[{"embeddable":true,"href":"https:\/\/www.hydraulic-cylinders.net\/cs\/wp-json\/wp\/v2\/media\/10791"}],"wp:attachment":[{"href":"https:\/\/www.hydraulic-cylinders.net\/cs\/wp-json\/wp\/v2\/media?parent=14472"}],"wp:term":[{"taxonomy":"product_brand","embeddable":true,"href":"https:\/\/www.hydraulic-cylinders.net\/cs\/wp-json\/wp\/v2\/product_brand?post=14472"},{"taxonomy":"product_cat","embeddable":true,"href":"https:\/\/www.hydraulic-cylinders.net\/cs\/wp-json\/wp\/v2\/product_cat?post=14472"},{"taxonomy":"product_tag","embeddable":true,"href":"https:\/\/www.hydraulic-cylinders.net\/cs\/wp-json\/wp\/v2\/product_tag?post=14472"}],"curies":[{"name":"wp","href":"https:\/\/api.w.org\/{rel}","templated":true}]}}