{"id":14492,"date":"2024-12-12T08:48:30","date_gmt":"2024-12-12T08:48:30","guid":{"rendered":"https:\/\/www.hydraulic-cylinders.net\/product\/replacement-of-an306638-cylinder\/"},"modified":"2024-12-12T08:48:32","modified_gmt":"2024-12-12T08:48:32","slug":"replacement-of-an306638-cylinder","status":"publish","type":"product","link":"https:\/\/www.hydraulic-cylinders.net\/cs\/produkt\/replacement-of-an306638-cylinder\/","title":{"rendered":"V\u00fdm\u011bna v\u00e1lce AN306638"},"content":{"rendered":"<p>V\u00fdm\u011bna v\u00e1lce AN306638<\/p>\n<p>Zaveden\u00ed:<br \/>\nN\u00e1hrada v\u00e1lce AN306638 je hydraulick\u00fd v\u00e1lec pou\u017e\u00edvan\u00fd pro r\u016fzn\u00e9 aplikace. Je to z\u00e1kladn\u00ed sou\u010d\u00e1st mnoha stroj\u016f, kter\u00e1 poskytuje pot\u0159ebnou s\u00edlu k pohybu b\u0159emen nebo k ovl\u00e1d\u00e1n\u00ed r\u016fzn\u00fdch syst\u00e9m\u016f.<\/p>\n<p>Specifikace a modely:<br \/>\nTento v\u00e1lec je kompatibiln\u00ed s modely 40I, 50I a 5430I. M\u00e1 robustn\u00ed konstrukci, kter\u00e1 zaru\u010duje spolehlivost a odolnost. Specifikace v\u00e1lce zahrnuje pr\u016fm\u011br vrt\u00e1n\u00ed 100 mm a d\u00e9lku zdvihu 350 mm.<\/p>\n<p>Vlastnosti:<br \/>\n1. Improved Equipment Performance: Replacing damaged or worn hydraulic cylinders can restore equipment&#8217;s normal operating capacity, ensuring its performance in various applications.<br \/>\n2. Zv\u00fd\u0161en\u00e1 bezpe\u010dnost: Pravideln\u00e1 v\u00fdm\u011bna hydraulick\u00fdch v\u00e1lc\u016f m\u016f\u017ee sn\u00ed\u017eit bezpe\u010dnostn\u00ed rizika zp\u016fsoben\u00e1 jejich poruchami a zajistit tak bezpe\u010dnost obsluhy a za\u0159\u00edzen\u00ed.<br \/>\n3. Ochrana proti p\u0159et\u00ed\u017een\u00ed: Nov\u00e9 konstrukce v\u00e1lc\u016f \u010dasto zohled\u0148uj\u00ed lep\u0161\u00ed mechanismy ochrany proti p\u0159et\u00ed\u017een\u00ed, co\u017e zvy\u0161uje bezpe\u010dnost.<br \/>\n4. Rychl\u00e1 instalace: Modern\u00ed hydraulick\u00e9 v\u00e1lce jsou navr\u017eeny pro snadnou instalaci a v\u00fdm\u011bnu, co\u017e zkracuje prostoje.<br \/>\n5. Standardizovan\u00e9 komponenty: Mnoho hydraulick\u00fdch v\u00e1lc\u016f jsou standardizovan\u00e9 produkty, co\u017e usnad\u0148uje z\u00edsk\u00e1n\u00ed n\u00e1hradn\u00edch d\u00edl\u016f na trhu.<\/p>\n<p>Aplikace:<br \/>\n1. Rypadla: Hydraulick\u00e9 v\u00e1lce v ramenech nebo l\u017e\u00edc\u00edch rypadla se mohou v d\u016fsledku dlouhodob\u00e9ho pou\u017e\u00edv\u00e1n\u00ed nebo p\u0159et\u00ed\u017een\u00ed po\u0161kodit a pro obnoven\u00ed norm\u00e1ln\u00edho provozu je nutn\u00e9 je vym\u011bnit.<br \/>\n2. Je\u0159\u00e1by: Hydraulick\u00e9 v\u00e1lce je\u0159\u00e1bov\u00e9ho v\u00fdlo\u017en\u00edku jsou n\u00e1chyln\u00e9 k opot\u0159eben\u00ed p\u0159i \u010dast\u00e9m zved\u00e1n\u00ed a spou\u0161t\u011bn\u00ed, a proto je nutn\u00e9 je pravideln\u011b vym\u011b\u0148ovat, aby byla zaji\u0161t\u011bna jejich bezpe\u010dnost.<br \/>\n3. Traktory: Hydraulick\u00fd v\u00e1lec na \u010deln\u00edm naklada\u010di traktoru m\u016f\u017ee b\u011bhem neust\u00e1l\u00e9ho zved\u00e1n\u00ed a nakl\u00e1p\u011bn\u00ed prosakovat nebo doch\u00e1zet ke sn\u00ed\u017een\u00ed jeho v\u00fdkonu, co\u017e vy\u017eaduje v\u00fdm\u011bnu.<br \/>\n4. Skl\u00edze\u010de: Vysok\u00fd tlak na hydraulick\u00fd syst\u00e9m b\u011bhem sklizn\u011b m\u016f\u017ee zp\u016fsobit \u00fanavu a po\u0161kozen\u00ed v\u00e1lc\u016f, co\u017e vy\u017eaduje v\u010dasnou v\u00fdm\u011bnu pro zachov\u00e1n\u00ed efektivity pr\u00e1ce.<br \/>\n5. Automatizovan\u00e9 v\u00fdrobn\u00ed linky: Hydraulick\u00e9 v\u00e1lce se pou\u017e\u00edvaj\u00ed k ovl\u00e1d\u00e1n\u00ed robotick\u00fdch ramen a dal\u0161\u00edch automatizovan\u00fdch za\u0159\u00edzen\u00ed. Porucha v\u00e1lce m\u016f\u017ee ovlivnit efektivitu v\u00fdroby a vy\u017eadovat okam\u017eitou v\u00fdm\u011bnu.<br \/>\n6. Stroje na tlakov\u00e9 lit\u00ed: V prost\u0159ed\u00ed s vysok\u00fdm tlakem a vysokou teplotou m\u016f\u017ee doch\u00e1zet ke sn\u00ed\u017een\u00ed v\u00fdkonu hydraulick\u00fdch v\u00e1lc\u016f. Pravideln\u00e1 v\u00fdm\u011bna m\u016f\u017ee zajistit kvalitu v\u00fdrobku.<br \/>\n7. D\u016fln\u00ed za\u0159\u00edzen\u00ed: Hydraulick\u00e9 v\u00e1lce se pou\u017e\u00edvaj\u00ed v d\u016fln\u00edch za\u0159\u00edzen\u00edch ke zved\u00e1n\u00ed a p\u0159emis\u0165ov\u00e1n\u00ed t\u011b\u017ek\u00fdch b\u0159emen. Vzhledem k n\u00e1ro\u010dn\u00fdm pracovn\u00edm podm\u00ednk\u00e1m je nutn\u00e1 jejich pravideln\u00e1 kontrola a v\u00fdm\u011bna.<br \/>\n8. Bulldozers: Cylinder wear on a bulldozer&#8217;s pushing arm can lead to a decrease in pushing capacity, requiring timely replacement to maintain work efficiency.<\/p>\n<p>\u00dadr\u017eba:<br \/>\n1. Pravideln\u00e1 kontrola: Pravideln\u00e9 kontroly mohou pomoci v\u010das odhalit probl\u00e9my a zabr\u00e1nit jejich rozvoji ve v\u00e1\u017en\u00e9 probl\u00e9my.<br \/>\n2. Spr\u00e1vn\u00e9 maz\u00e1n\u00ed: Dostate\u010dn\u00e9 maz\u00e1n\u00ed m\u016f\u017ee sn\u00ed\u017eit opot\u0159eben\u00ed a prodlou\u017eit \u017eivotnost v\u00e1lce.<br \/>\n3. Sealing Replacement and Calibration Check: Regular sealing replacement and calibration checks can ensure the cylinder&#8217;s proper operation.<\/p>\n<p>Bezpe\u010dnostn\u00ed aspekty:<br \/>\nP\u0159i pou\u017e\u00edv\u00e1n\u00ed hydraulick\u00fdch v\u00e1lc\u016f je nezbytn\u00e9 dodr\u017eovat bezpe\u010dnostn\u00ed opat\u0159en\u00ed, aby se p\u0159ede\u0161lo nehod\u00e1m a zran\u011bn\u00edm. Z\u00e1sadn\u00ed je \u0159\u00e1dn\u00e9 \u0161kolen\u00ed v obsluze a \u00fadr\u017eb\u011b v\u00e1lc\u016f.<\/p>\n<p>Diagnostika a odstra\u0148ov\u00e1n\u00ed z\u00e1vad:<br \/>\n1. Net\u011bsnosti: K net\u011bsnostem hydraulick\u00e9ho v\u00e1lce m\u016f\u017ee doch\u00e1zet v d\u016fsledku po\u0161kozen\u00ed t\u011bsn\u011bn\u00ed, nespr\u00e1vn\u00e9ho vyrovn\u00e1n\u00ed nebo opot\u0159ebovan\u00fdch p\u00edstn\u00edch ty\u010d\u00ed.<br \/>\n2. Ohnut\u00e9 ty\u010de: Ohnut\u00e9 ty\u010de mohou zp\u016fsobit selh\u00e1n\u00ed v\u00e1lce a m\u011bly by b\u00fdt okam\u017eit\u011b vym\u011bn\u011bny.<br \/>\n3. Pomal\u00fd pohyb v\u00e1lce: M\u016f\u017ee to b\u00fdt zp\u016fsobeno n\u00edzkou hladinou kapaliny, zablokovanou cestou proud\u011bn\u00ed nebo opot\u0159ebovan\u00fdm v\u00e1lcem.<br \/>\n4. Nadm\u011brn\u00e9 teplo: Nadm\u011brn\u00e9 teplo m\u016f\u017ee zp\u016fsobit po\u0161kozen\u00ed a selh\u00e1n\u00ed v\u00e1lce, co\u017e vy\u017eaduje okam\u017eit\u00fd z\u00e1sah.<\/p>\n<p>Standardy pro n\u00e1vrh a v\u00fdb\u011br produkt\u016f:<br \/>\nP\u0159i navrhov\u00e1n\u00ed hydraulick\u00fdch v\u00e1lc\u016f je t\u0159eba zohlednit faktory, jako je nosnost, t\u011bsn\u011bn\u00ed, trvanlivost, bezpe\u010dnost a \u00fadr\u017eba.<\/p>\n<p>T\u011bsn\u011bn\u00ed a maz\u00e1n\u00ed:<br \/>\nPou\u017eit\u00ed vhodn\u00fdch t\u011bsn\u011bn\u00ed, jako jsou t\u011bsnic\u00ed krou\u017eky p\u00edst\u016f a p\u00edstnic vyroben\u00e9 z materi\u00e1l\u016f odoln\u00fdch proti opot\u0159eben\u00ed, jako je polyuretan nebo nitrilov\u00e1 pry\u017e, m\u016f\u017ee sn\u00ed\u017eit opot\u0159eben\u00ed. Jemn\u00e9 opracov\u00e1n\u00ed t\u011blesa v\u00e1lce a povrchu z\u00e1vitov\u00e9ho konce m\u016f\u017ee zv\u00fd\u0161it odolnost proti opot\u0159eben\u00ed. Pravideln\u00e9 maz\u00e1n\u00ed je nezbytn\u00e9 pro maz\u00e1n\u00ed.<\/p>\n<p>Instalace a poprodejn\u00ed servis:<br \/>\nSpr\u00e1vn\u00e1 instalace, maz\u00e1n\u00ed a se\u0159\u00edzen\u00ed jsou pro provoz v\u00e1lce z\u00e1sadn\u00ed. Doporu\u010dujeme pou\u017eit\u00ed vhodn\u00fdch mont\u00e1\u017en\u00edch konzol k upevn\u011bn\u00ed v\u00e1lce a poskytnut\u00ed pokyn\u016f k jeho spr\u00e1vn\u00e9mu vyrovn\u00e1n\u00ed. Poskytujeme tak\u00e9 opravy a v\u00fdm\u011bny pro prodlou\u017een\u00ed \u017eivotnosti v\u00e1lc\u016f.<\/p>\n<p>P\u0159edstaven\u00ed spole\u010dnosti:<br \/>\nJsme p\u0159edn\u00edm v\u00fdrobcem a velkoobchodn\u00edm distributorem hydraulick\u00fdch v\u00e1lc\u016f na dom\u00e1c\u00edm i mezin\u00e1rodn\u00edm trhu. Nab\u00edz\u00edme kompletn\u00ed sortiment produkt\u016f a slu\u017eby na m\u00edru. Na\u0161e spole\u010dnost se zam\u011b\u0159uje na profesionalitu, mezin\u00e1rodn\u00ed certifikaci a poskytov\u00e1n\u00ed z\u00e1kaznicky orientovan\u00fdch v\u00fdrobn\u00edch za\u0159\u00edzen\u00ed a poprodejn\u00edho servisu.<\/p>\n<p>Z\u00e1v\u011br:<br \/>\nThe Replacement Of AN306638 Cylinder is an essential component in many machines, providing the necessary force to move loads or operate different systems. Proper maintenance and adherence to safety measures are crucial for cylinder operation. We offer a complete range of products and customized services to meet customers&#8217; needs, providing high-quality production equipment and after-sales service.<\/p>","protected":false},"excerpt":{"rendered":"<p>Replacement Of AN306638 Cylinder Introduction: The Replacement Of AN306638 Cylinder is a hydraulic cylinder used for various applications. It is an essential component in many machines, providing the necessary force to move loads or operate different systems. Specifications and Models: This cylinder is compatible with 40I, 50I, and 5430I models. It has a sturdy construction, [&hellip;]<\/p>","protected":false},"featured_media":12031,"comment_status":"open","ping_status":"closed","template":"","meta":{"_et_pb_use_builder":"","_et_pb_old_content":"","_et_gb_content_width":""},"product_brand":[],"product_cat":[1489],"product_tag":[1380,1490,1491],"class_list":{"0":"post-14492","1":"product","2":"type-product","3":"status-publish","4":"has-post-thumbnail","6":"product_cat-replacement-of-john-deere-hydraulic-cylinder","7":"product_tag-hydraulic-cylinder","8":"product_tag-replacement-of-hydraulic-cylinder","9":"product_tag-replacemet-of-john-deere-hydraulic-cylinder","11":"first","12":"instock","13":"shipping-taxable","14":"product-type-simple"},"amp_enabled":true,"_links":{"self":[{"href":"https:\/\/www.hydraulic-cylinders.net\/cs\/wp-json\/wp\/v2\/product\/14492","targetHints":{"allow":["GET"]}}],"collection":[{"href":"https:\/\/www.hydraulic-cylinders.net\/cs\/wp-json\/wp\/v2\/product"}],"about":[{"href":"https:\/\/www.hydraulic-cylinders.net\/cs\/wp-json\/wp\/v2\/types\/product"}],"replies":[{"embeddable":true,"href":"https:\/\/www.hydraulic-cylinders.net\/cs\/wp-json\/wp\/v2\/comments?post=14492"}],"wp:featuredmedia":[{"embeddable":true,"href":"https:\/\/www.hydraulic-cylinders.net\/cs\/wp-json\/wp\/v2\/media\/12031"}],"wp:attachment":[{"href":"https:\/\/www.hydraulic-cylinders.net\/cs\/wp-json\/wp\/v2\/media?parent=14492"}],"wp:term":[{"taxonomy":"product_brand","embeddable":true,"href":"https:\/\/www.hydraulic-cylinders.net\/cs\/wp-json\/wp\/v2\/product_brand?post=14492"},{"taxonomy":"product_cat","embeddable":true,"href":"https:\/\/www.hydraulic-cylinders.net\/cs\/wp-json\/wp\/v2\/product_cat?post=14492"},{"taxonomy":"product_tag","embeddable":true,"href":"https:\/\/www.hydraulic-cylinders.net\/cs\/wp-json\/wp\/v2\/product_tag?post=14492"}],"curies":[{"name":"wp","href":"https:\/\/api.w.org\/{rel}","templated":true}]}}