{"id":14497,"date":"2024-12-12T08:48:56","date_gmt":"2024-12-12T08:48:56","guid":{"rendered":"https:\/\/www.hydraulic-cylinders.net\/product\/replacement-of-at324956-front-suspension-cylinder\/"},"modified":"2024-12-12T08:48:57","modified_gmt":"2024-12-12T08:48:57","slug":"replacement-of-at324956-front-suspension-cylinder","status":"publish","type":"product","link":"https:\/\/www.hydraulic-cylinders.net\/cs\/produkt\/replacement-of-at324956-front-suspension-cylinder\/","title":{"rendered":"V\u00fdm\u011bna p\u0159edn\u00edho zav\u011b\u0161ovac\u00edho v\u00e1lce AT324956"},"content":{"rendered":"<h1>V\u00fdm\u011bna p\u0159edn\u00edho zav\u011b\u0161ovac\u00edho v\u00e1lce AT324956<\/h1>\n<p>N\u00e1hradn\u00ed v\u00e1lec p\u0159edn\u00edho zav\u011b\u0161en\u00ed AT324956 je hydraulick\u00fd v\u00e1lec ur\u010den\u00fd k v\u00fdm\u011bn\u011b po\u0161kozen\u00fdch nebo opot\u0159ebovan\u00fdch v\u00e1lc\u016f v t\u011b\u017ek\u00fdch stroj\u00edch. M\u00e1 hmotnost 21,46 lb, v\u00fd\u0161ku 3,5 palce, \u0161\u00ed\u0159ku 4,2 palce a d\u00e9lku 19 palc\u016f. Tento v\u00e1lec je kompatibiln\u00ed s modelem 764.<\/p>\n<h2>Specifikace produktu<\/h2>\n<p>N\u00e1hradn\u00ed v\u00e1lec p\u0159edn\u00edho zav\u011b\u0161en\u00ed AT324956 je speci\u00e1ln\u011b navr\u017een pro pot\u0159eby t\u011b\u017ek\u00fdch stroj\u016f. Je vyroben tak, aby odolal vysok\u00e9mu tlaku a trval\u00e9mu pou\u017e\u00edv\u00e1n\u00ed, co\u017e zaji\u0161\u0165uje dlouhou \u017eivotnost a vysok\u00fd v\u00fdkon za\u0159\u00edzen\u00ed. <\/p>\n<h3>Model produktu<\/h3>\n<p>Tato v\u00e1lec je kompatibiln\u00ed s modelem 764, co\u017e zaji\u0161\u0165uje, \u017ee dokonale pasuje na za\u0159\u00edzen\u00ed a nezp\u016fsob\u00ed \u017e\u00e1dn\u00e9 probl\u00e9my s funk\u010dnost\u00ed.<\/p>\n<h3>Vlastnosti produktu<\/h3>\n<ul>\n<li>Zlep\u0161en\u00fd v\u00fdkon za\u0159\u00edzen\u00ed: V\u00fdm\u011bna po\u0161kozen\u00fdch nebo opot\u0159ebovan\u00fdch hydraulick\u00fdch v\u00e1lc\u016f m\u016f\u017ee obnovit norm\u00e1ln\u00ed provozn\u00ed schopnosti za\u0159\u00edzen\u00ed a zajistit jeho v\u00fdkon v r\u016fzn\u00fdch aplikac\u00edch.<\/li>\n<li>Zv\u00fd\u0161en\u00e1 bezpe\u010dnost: Pravideln\u00e1 v\u00fdm\u011bna lahv\u00ed m\u016f\u017ee sn\u00ed\u017eit bezpe\u010dnostn\u00ed rizika zp\u016fsoben\u00e1 selh\u00e1n\u00edm lahv\u00ed a zajistit tak bezpe\u010dnost obsluhy a za\u0159\u00edzen\u00ed.<\/li>\n<li>Ochrana proti p\u0159et\u00ed\u017een\u00ed: Nov\u00e9 konstrukce v\u00e1lc\u016f obvykle obsahuj\u00ed lep\u0161\u00ed mechanismy ochrany proti p\u0159et\u00ed\u017een\u00ed, co\u017e zvy\u0161uje bezpe\u010dnost.<\/li>\n<li>Rychl\u00e1 instalace: Modern\u00ed hydraulick\u00e9 v\u00e1lce jsou navr\u017eeny pro snadnou instalaci a v\u00fdm\u011bnu, co\u017e zkracuje prostoje.<\/li>\n<li>Standardizovan\u00e9 d\u00edly: Mnoho hydraulick\u00fdch v\u00e1lc\u016f jsou standardizovan\u00e9 produkty, co\u017e usnad\u0148uje z\u00edsk\u00e1n\u00ed n\u00e1hradn\u00edch d\u00edl\u016f na trhu.<\/li>\n<\/ul>\n<p>Tento produkt dok\u00e1\u017eeme vyrobit a dokonale nahrad\u00ed tyto hydraulick\u00e9 v\u00e1lce.<\/p>\n<h2>Aplikace produkt\u016f<\/h2>\n<p>V\u00fdm\u011bna p\u0159edn\u00edho zav\u011b\u0161ovac\u00edho v\u00e1lce AT324956 se \u0161iroce pou\u017e\u00edv\u00e1 v r\u016fzn\u00fdch odv\u011btv\u00edch, jako nap\u0159\u00edklad:<\/p>\n<ul>\n<li>Rypadla: V\u00fdm\u011bna po\u0161kozen\u00fdch nebo p\u0159et\u00ed\u017een\u00fdch hydraulick\u00fdch v\u00e1lc\u016f v rameni nebo l\u017e\u00edci rypadla m\u016f\u017ee obnovit norm\u00e1ln\u00ed provoz.<\/li>\n<li>Je\u0159\u00e1by: Hydraulick\u00fd v\u00e1lec v\u00fdlo\u017en\u00edku je\u0159\u00e1bu je n\u00e1chyln\u00fd k opot\u0159eben\u00ed p\u0159i \u010dast\u00e9m zved\u00e1n\u00ed a spou\u0161t\u011bn\u00ed, a proto je nutn\u00e9 jej pravideln\u011b vym\u011b\u0148ovat, aby byla zaji\u0161t\u011bna bezpe\u010dnost.<\/li>\n<li>Traktory: Hydraulick\u00e9 v\u00e1lce \u010deln\u00edho naklada\u010de traktoru mohou v d\u016fsledku neust\u00e1l\u00e9ho zved\u00e1n\u00ed a nakl\u00e1p\u011bn\u00ed prosakovat nebo \u0161patn\u011b fungovat, co\u017e vy\u017eaduje v\u00fdm\u011bnu.<\/li>\n<li>Skl\u00edze\u010de: B\u011bhem sklizn\u011b je hydraulick\u00fd syst\u00e9m pod vysok\u00fdm tlakem a v\u00e1lce se mohou po\u0161kodit v d\u016fsledku \u00fanavy materi\u00e1lu, co\u017e vy\u017eaduje v\u010dasnou v\u00fdm\u011bnu pro zachov\u00e1n\u00ed efektivity pr\u00e1ce.<\/li>\n<li>Automatizovan\u00e9 v\u00fdrobn\u00ed linky: Hydraulick\u00e9 v\u00e1lce se pou\u017e\u00edvaj\u00ed k ovl\u00e1d\u00e1n\u00ed robotick\u00fdch ramen a dal\u0161\u00edch automatizovan\u00fdch za\u0159\u00edzen\u00ed. Porucha v\u00e1lce m\u016f\u017ee ovlivnit efektivitu v\u00fdroby a vy\u017eaduje okam\u017eitou v\u00fdm\u011bnu.<\/li>\n<li>Stroje na tlakov\u00e9 lit\u00ed: V prost\u0159ed\u00ed s vysok\u00fdm tlakem a vysokou teplotou m\u016f\u017ee doch\u00e1zet ke sn\u00ed\u017een\u00ed v\u00fdkonu hydraulick\u00fdch v\u00e1lc\u016f. Pravideln\u00e1 v\u00fdm\u011bna m\u016f\u017ee zajistit kvalitu v\u00fdrobku.<\/li>\n<li>D\u016fln\u00ed za\u0159\u00edzen\u00ed: Hydraulick\u00e9 v\u00e1lce se pou\u017e\u00edvaj\u00ed ke zved\u00e1n\u00ed a p\u0159emis\u0165ov\u00e1n\u00ed t\u011b\u017ek\u00fdch p\u0159edm\u011bt\u016f v d\u016fln\u00edch za\u0159\u00edzen\u00edch. Vzhledem k drsn\u00e9mu pracovn\u00edmu prost\u0159ed\u00ed je nezbytn\u00e1 pravideln\u00e1 kontrola a v\u00fdm\u011bna, aby se p\u0159ede\u0161lo selh\u00e1n\u00ed za\u0159\u00edzen\u00ed.<\/li>\n<li>Buldozery: Opot\u0159eben\u00ed hydraulick\u00fdch v\u00e1lc\u016f na radlici buldozeru m\u016f\u017ee zp\u016fsobit sn\u00ed\u017een\u00ed tla\u010dn\u00e9 s\u00edly, co\u017e vy\u017eaduje v\u010dasnou v\u00fdm\u011bnu pro zachov\u00e1n\u00ed provozn\u00ed \u00fa\u010dinnosti.<\/li>\n<\/ul>\n<h2>\u00dakoly \u00fadr\u017eby<\/h2>\n<p>Pro zaji\u0161t\u011bn\u00ed dlouh\u00e9 \u017eivotnosti a vysok\u00e9ho v\u00fdkonu v\u00fdm\u011bny p\u0159edn\u00edho zav\u011b\u0161ovac\u00edho v\u00e1lce AT324956 je nutn\u00e1 pravideln\u00e1 \u00fadr\u017eba. Zde jsou t\u0159i b\u011b\u017en\u00e9 \u00fakony \u00fadr\u017eby:<\/p>\n<h3>Pravideln\u00e1 kontrola<\/h3>\n<p>Pravideln\u00e1 kontrola pom\u00e1h\u00e1 identifikovat potenci\u00e1ln\u00ed probl\u00e9my d\u0159\u00edve, ne\u017e se stanou z\u00e1va\u017en\u00fdmi. Je d\u016fle\u017eit\u00e9 zkontrolovat l\u00e1hev a syst\u00e9m, ke kter\u00e9mu je p\u0159ipojena, zda nevykazuje net\u011bsnosti, praskliny nebo jin\u00e9 zn\u00e1mky po\u0161kozen\u00ed.<\/p>\n<h3>Maz\u00e1n\u00ed<\/h3>\n<p>Spr\u00e1vn\u00e9 maz\u00e1n\u00ed je kl\u00ed\u010dov\u00e9 pro hladk\u00fd chod v\u00e1lce. Je d\u016fle\u017eit\u00e9 pou\u017e\u00edvat spr\u00e1vn\u00e9 mazivo a aplikovat ho podle pokyn\u016f v\u00fdrobce.<\/p>\n<h3>V\u00fdm\u011bna t\u011bsn\u011bn\u00ed a kontrola kalibrace<\/h3>\n<p>T\u011bsn\u011bn\u00ed se mohou \u010dasem opot\u0159ebovat a je nutn\u00e9 je pravideln\u011b m\u011bnit. Kalibra\u010dn\u00ed kontroly zaji\u0161\u0165uj\u00ed, \u017ee v\u00e1lec funguje spr\u00e1vn\u011b a efektivn\u011b. Je d\u016fle\u017eit\u00e9 dodr\u017eovat doporu\u010den\u00ed v\u00fdrobce pro v\u00fdm\u011bnu t\u011bsn\u011bn\u00ed a kalibra\u010dn\u00ed kontroly.<\/p>\n<p>B\u011bhem instalace je d\u016fle\u017eit\u00e9 poskytnout spr\u00e1vn\u00e9 pokyny pro vyrovn\u00e1n\u00ed v\u00e1lce a doporu\u010dit pou\u017eit\u00ed vhodn\u00fdch mont\u00e1\u017en\u00edch konzol k jeho upevn\u011bn\u00ed. Nab\u00edz\u00edme tak\u00e9 slu\u017eby kontroly, opravy a v\u00fdm\u011bny a tak\u00e9 tipy, kter\u00e9 pomohou prodlou\u017eit \u017eivotnost produktu.<\/p>\n<h2>Bezpe\u010dnostn\u00ed aspekty a faktory prost\u0159ed\u00ed<\/h2>\n<p>V\u00fdm\u011bna p\u0159edn\u00edho zav\u011b\u0161ovac\u00edho v\u00e1lce AT324956 by m\u011bla b\u00fdt pou\u017e\u00edv\u00e1na s dodr\u017eov\u00e1n\u00edm vhodn\u00fdch bezpe\u010dnostn\u00edch opat\u0159en\u00ed, aby se zabr\u00e1nilo zran\u011bn\u00ed nebo po\u0161kozen\u00ed. B\u011bhem instalace, provozu a \u00fadr\u017eby je t\u0159eba pe\u010dliv\u011b zv\u00e1\u017eit bezpe\u010dnostn\u00ed opat\u0159en\u00ed.<\/p>\n<h2>Odstra\u0148ov\u00e1n\u00ed probl\u00e9m\u016f a b\u011b\u017en\u00e9 probl\u00e9my<\/h2>\n<p>Zde jsou n\u011bkter\u00e9 b\u011b\u017en\u00e9 probl\u00e9my, kter\u00e9 mohou nastat p\u0159i v\u00fdm\u011bn\u011b p\u0159edn\u00edho zav\u011b\u0161ovac\u00edho v\u00e1lce AT324956:<\/p>\n<ul>\n<li>\u00danik<\/li>\n<li>Sn\u00ed\u017een\u00fd v\u00fdkon<\/li>\n<li>Nadm\u011brn\u00fd hluk<\/li>\n<li>Selh\u00e1n\u00ed t\u011bsn\u011bn\u00ed<\/li>\n<li>Po\u0161kozen\u00ed v\u00e1lce<\/li>\n<\/ul>\n<p>Pokud se n\u011bkter\u00fd z t\u011bchto probl\u00e9m\u016f vyskytne, je d\u016fle\u017eit\u00e9 jej neprodlen\u011b diagnostikovat a \u0159e\u0161it. N\u00e1\u0161 t\u00fdm v\u00e1m m\u016f\u017ee poskytnout tipy a \u0159e\u0161en\u00ed pro odstra\u0148ov\u00e1n\u00ed probl\u00e9m\u016f a m\u016f\u017ee nab\u00eddnout preventivn\u00ed opat\u0159en\u00ed k minimalizaci potenci\u00e1ln\u00edch probl\u00e9m\u016f.<\/p>\n<p><img decoding=\"async\" src=\"https:\/\/www.hydraulic-cylinders.net\/wp-content\/uploads\/2024\/12\/Replacement-Of-John-Deere-Hydraulic-Cylinder-7.webp\" alt=\"V\u00fdm\u011bna hydraulick\u00e9ho v\u00e1lce John Deere\" \/><\/p>\n<h2>N\u00e1vrh produktu a krit\u00e9ria v\u00fdb\u011bru<\/h2>\n<p>V\u00fdm\u011bna p\u0159edn\u00edho zav\u011b\u0161ovac\u00edho v\u00e1lce AT324956 je navr\u017eena s ohledem na n\u011bkolik kl\u00ed\u010dov\u00fdch aspekt\u016f:<\/p>\n<ul>\n<li>\u00danosnost<\/li>\n<li>T\u011bsn\u011bn\u00ed<\/li>\n<li>Trvanlivost<\/li>\n<li>Bezpe\u010dnost<\/li>\n<li>Udr\u017eovatelnost<\/li>\n<\/ul>\n<p>V\u00e1lec pou\u017e\u00edv\u00e1 r\u016fzn\u00e9 t\u011bsnic\u00ed komponenty, jako jsou t\u011bsn\u011bn\u00ed p\u00edstu a p\u00edstnice, vyroben\u00e9 z materi\u00e1l\u016f odoln\u00fdch proti opot\u0159eben\u00ed, jako je polyuretan a nitrilov\u00fd kau\u010duk. T\u011bleso v\u00e1lce a z\u00e1vitov\u00fd konec jsou jemn\u011b opracov\u00e1ny pro zlep\u0161en\u00ed odolnosti proti opot\u0159eben\u00ed. Pro maz\u00e1n\u00ed je nutn\u00e9 pravideln\u011b dopl\u0148ovat hydraulick\u00fd olej. M\u011bly by b\u00fdt prov\u00e1d\u011bny pravideln\u00e9 kontroly a preventivn\u00ed \u00fadr\u017eba, jako je v\u00fdm\u011bna t\u011bsn\u011bn\u00ed.<\/p>\n<h2>P\u0159edstaven\u00ed spole\u010dnosti<\/h2>\n<p>Jsme v\u00fdrobcem n\u00e1hradn\u00edch hydraulick\u00fdch v\u00e1lc\u016f a jedn\u00edm z p\u0159edn\u00edch v\u00fdrobc\u016f a velkoobchodn\u00edch distributor\u016f hydraulick\u00fdch v\u00e1lc\u016f na dom\u00e1c\u00edm i mezin\u00e1rodn\u00edm trhu.<\/p>\n<h3>Profesionalita<\/h3>\n<p>N\u00e1\u0161 t\u00fdm odborn\u00edk\u016f m\u00e1 dlouholet\u00e9 zku\u0161enosti v oboru hydraulick\u00fdch v\u00e1lc\u016f a dok\u00e1\u017ee poskytnout \u0159e\u0161en\u00ed na m\u00edru, kter\u00e1 spln\u00ed specifick\u00e9 pot\u0159eby z\u00e1kazn\u00edka.<\/p>\n<h3>Mezin\u00e1rodn\u00ed certifikace<\/h3>\n<p>Na\u0161e produkty jsou certifikov\u00e1ny mezin\u00e1rodn\u00edmi organizacemi, co\u017e zaru\u010duje jejich vysokou kvalitu a spolehlivost. Nab\u00edz\u00edme tak\u00e9 slu\u017eby na m\u00edru, kter\u00e9 spl\u0148uj\u00ed specifick\u00e9 pot\u0159eby z\u00e1kazn\u00edk\u016f.<\/p>\n<h3>V\u00fdrobn\u00ed za\u0159\u00edzen\u00ed<\/h3>\n<p>Na\u0161e v\u00fdrobn\u00ed za\u0159\u00edzen\u00ed je nejmodern\u011bj\u0161\u00ed a zaru\u010duje nejvy\u0161\u0161\u00ed kvalitu na\u0161ich produkt\u016f.<\/p>\n<h3>Poprodejn\u00ed servis<\/h3>\n<p>Na\u0161im z\u00e1kazn\u00edk\u016fm nab\u00edz\u00edme komplexn\u00ed poprodejn\u00ed servis, pomoc s instalac\u00ed, \u00fadr\u017ebou a opravami. Nab\u00edz\u00edme tak\u00e9 n\u00e1hradn\u00ed d\u00edly a repase, kter\u00e9 pom\u00e1haj\u00ed prodlou\u017eit \u017eivotnost na\u0161ich produkt\u016f.<\/p>\n<p><img decoding=\"async\" src=\"https:\/\/www.hydraulic-cylinders.net\/wp-content\/uploads\/2024\/12\/hydraulic-cylinder-factory.webp\" alt=\"Tov\u00e1rna na hydraulick\u00e9 v\u00e1lce\" \/><\/p>\n<p>Autor: lyl<\/p>","protected":false},"excerpt":{"rendered":"<p>Replacement Of AT324956 Front Suspension Cylinder The Replacement of AT324956 Front Suspension Cylinder is a hydraulic cylinder designed to replace damaged or worn out cylinders in heavy machinery. It has a weight of 21.46 lb, height of 3.5 in, width of 4.2 in, and length of 19 in. This cylinder is compatible with model 764. [&hellip;]<\/p>","protected":false},"featured_media":12053,"comment_status":"open","ping_status":"closed","template":"","meta":{"_et_pb_use_builder":"","_et_pb_old_content":"","_et_gb_content_width":""},"product_brand":[],"product_cat":[1489],"product_tag":[1380,1490,1491],"class_list":{"0":"post-14497","1":"product","2":"type-product","3":"status-publish","4":"has-post-thumbnail","6":"product_cat-replacement-of-john-deere-hydraulic-cylinder","7":"product_tag-hydraulic-cylinder","8":"product_tag-replacement-of-hydraulic-cylinder","9":"product_tag-replacemet-of-john-deere-hydraulic-cylinder","11":"first","12":"instock","13":"shipping-taxable","14":"product-type-simple"},"amp_enabled":true,"_links":{"self":[{"href":"https:\/\/www.hydraulic-cylinders.net\/cs\/wp-json\/wp\/v2\/product\/14497","targetHints":{"allow":["GET"]}}],"collection":[{"href":"https:\/\/www.hydraulic-cylinders.net\/cs\/wp-json\/wp\/v2\/product"}],"about":[{"href":"https:\/\/www.hydraulic-cylinders.net\/cs\/wp-json\/wp\/v2\/types\/product"}],"replies":[{"embeddable":true,"href":"https:\/\/www.hydraulic-cylinders.net\/cs\/wp-json\/wp\/v2\/comments?post=14497"}],"wp:featuredmedia":[{"embeddable":true,"href":"https:\/\/www.hydraulic-cylinders.net\/cs\/wp-json\/wp\/v2\/media\/12053"}],"wp:attachment":[{"href":"https:\/\/www.hydraulic-cylinders.net\/cs\/wp-json\/wp\/v2\/media?parent=14497"}],"wp:term":[{"taxonomy":"product_brand","embeddable":true,"href":"https:\/\/www.hydraulic-cylinders.net\/cs\/wp-json\/wp\/v2\/product_brand?post=14497"},{"taxonomy":"product_cat","embeddable":true,"href":"https:\/\/www.hydraulic-cylinders.net\/cs\/wp-json\/wp\/v2\/product_cat?post=14497"},{"taxonomy":"product_tag","embeddable":true,"href":"https:\/\/www.hydraulic-cylinders.net\/cs\/wp-json\/wp\/v2\/product_tag?post=14497"}],"curies":[{"name":"wp","href":"https:\/\/api.w.org\/{rel}","templated":true}]}}