{"id":14683,"date":"2025-01-18T07:56:38","date_gmt":"2025-01-18T07:56:38","guid":{"rendered":"https:\/\/www.hydraulic-cylinders.net\/product\/replacement-of-dc216940-hydraulic-pick-up-lift-cylinder-2\/"},"modified":"2025-01-18T07:56:40","modified_gmt":"2025-01-18T07:56:40","slug":"replacement-of-dc216940-hydraulic-pick-up-lift-cylinder-2","status":"publish","type":"product","link":"https:\/\/www.hydraulic-cylinders.net\/cs\/produkt\/replacement-of-dc216940-hydraulic-pick-up-lift-cylinder-2\/","title":{"rendered":"V\u00fdm\u011bna hydraulick\u00e9ho zvedac\u00edho v\u00e1lce sb\u011bra\u010de DC216940"},"content":{"rendered":"<h2>V\u00fdm\u011bna hydraulick\u00e9ho zvedac\u00edho v\u00e1lce sb\u011bra\u010de DC216940<\/h2>\n<p>V\u00fdm\u011bna hydraulick\u00e9ho zvedac\u00edho v\u00e1lce DC216940 pro zved\u00e1n\u00ed je kl\u00ed\u010dovou sou\u010d\u00e1st\u00ed pou\u017e\u00edvanou v r\u016fzn\u00fdch stavebn\u00edch za\u0159\u00edzen\u00edch, jako jsou je\u0159\u00e1by, kladkostroje a v\u00fdtahy, kde je vy\u017eadov\u00e1no robustn\u00ed a bezpe\u010dn\u00e9 upevn\u011bn\u00ed t\u011b\u017ek\u00fdch p\u0159edm\u011bt\u016f.<\/p>\n<h3>Specifikace:<\/h3>\n<ul>\n<li>Hmotnost: 1,36 kg<\/li>\n<li>V\u00fd\u0161ka: 3,8 cm<\/li>\n<li>\u0160\u00ed\u0159ka: 2,5 palce<\/li>\n<li>D\u00e9lka: 25 cm<\/li>\n<\/ul>\n<h3>Kompatibiln\u00ed modely:<\/h3>\n<ul>\n<li>565<\/li>\n<li>570<\/li>\n<li>572<\/li>\n<li>575<\/li>\n<li>580<\/li>\n<li>582<\/li>\n<li>590<\/li>\n<li>592<\/li>\n<li>623<\/li>\n<li>644<\/li>\n<li>678<\/li>\n<li>744<\/li>\n<\/ul>\n<h2>Funkce<\/h2>\n<ul>\n<li>Vysok\u00e1 odolnost: N\u00e1hradn\u00ed v\u00e1lec hydraulick\u00e9ho zdvihu sb\u011bra\u010de DC216940 je navr\u017een tak, aby odolal vysok\u00fdm n\u00e1klad\u016fm a dlouhodob\u00e9mu pou\u017e\u00edv\u00e1n\u00ed.<\/li>\n<li>Vynikaj\u00edc\u00ed ut\u011bsn\u011bn\u00ed: D\u00edky pou\u017eit\u00ed vysoce kvalitn\u00edch p\u00edstn\u00edch a p\u00edstn\u00edch t\u011bsn\u011bn\u00ed zaji\u0161\u0165uje tento v\u00e1lec efektivn\u00ed provoz a zabra\u0148uje \u00fanik\u016fm.<\/li>\n<li>Snadn\u00e1 \u00fadr\u017eba: Pravideln\u00e9 maz\u00e1n\u00ed a kontrola jsou v\u0161e, co je pot\u0159eba k udr\u017een\u00ed v\u00e1lce v optim\u00e1ln\u00edm stavu.<\/li>\n<li>Bezpe\u010dn\u00e9 a spolehliv\u00e9: V\u00e1lec poskytuje spolehliv\u00e9 a stabiln\u00ed \u0159e\u0161en\u00ed pro zved\u00e1n\u00ed, kter\u00e9 zaji\u0161\u0165uje bezpe\u010dnost person\u00e1lu a za\u0159\u00edzen\u00ed.<\/li>\n<li>Dokonal\u00e1 n\u00e1hrada: N\u00e1\u0161 produkt je navr\u017een tak, aby bezprobl\u00e9mov\u011b nahradil p\u016fvodn\u00ed hydraulick\u00e9 v\u00e1lce a nab\u00eddl tak cenov\u011b v\u00fdhodn\u00e9 \u0159e\u0161en\u00ed bez kompromis\u016f ve v\u00fdkonu.<\/li>\n<\/ul>\n<h2>Aplikace<\/h2>\n<p>V\u00fdm\u011bna hydraulick\u00e9ho zvedac\u00edho v\u00e1lce DC216940 nach\u00e1z\u00ed \u0161irok\u00e9 uplatn\u011bn\u00ed v r\u016fzn\u00fdch odv\u011btv\u00edch:<\/p>\n<h3>Konstrukce:<\/h3>\n<p>B\u011b\u017en\u011b se pou\u017e\u00edv\u00e1 v je\u0159\u00e1bech, kladkostroj\u00edch a v\u00fdtaz\u00edch, kde bezpe\u010dn\u011b dr\u017e\u00ed t\u011b\u017ek\u00e9 p\u0159edm\u011bty na m\u00edst\u011b.<\/p>\n<h3>V\u00fdrobn\u00ed:<\/h3>\n<p>Pou\u017e\u00edv\u00e1 se v lisech k tv\u00e1\u0159en\u00ed materi\u00e1l\u016f pod vysok\u00fdm tlakem, kter\u00e9 vy\u017eaduj\u00ed pevn\u00e9 a stabiln\u00ed um\u00edst\u011bn\u00ed.<\/p>\n<h3>P\u0159eprava:<\/h3>\n<p>Pou\u017e\u00edv\u00e1 se ve stabiliz\u00e1torech a zved\u00e1c\u00edch vozidel pro zaji\u0161t\u011bn\u00ed bezpe\u010dnosti b\u011bhem \u00fadr\u017eby nebo p\u0159epravy.<\/p>\n<h3>Letectv\u00ed:<\/h3>\n<p>Pou\u017e\u00edv\u00e1 se v syst\u00e9mech podvozk\u016f k bezpe\u010dn\u00e9mu upevn\u011bn\u00ed podvozku ve spr\u00e1vn\u00e9 poloze b\u011bhem vzletu a p\u0159ist\u00e1n\u00ed.<\/p>\n<h2>Konstruk\u010dn\u00ed aspekty a krit\u00e9ria v\u00fdb\u011bru<\/h2>\n<p>Pokud jde o n\u00e1vrh a v\u00fdb\u011br n\u00e1hradn\u00edho hydraulick\u00e9ho zvedac\u00edho v\u00e1lce sb\u011bra\u010de DC216940, je t\u0159eba vz\u00edt v \u00favahu n\u011bkolik kl\u00ed\u010dov\u00fdch faktor\u016f:<\/p>\n<h3>Nosnost:<\/h3>\n<p>V\u00e1lec je navr\u017een tak, aby zvl\u00e1dl t\u011b\u017ek\u00e9 n\u00e1klady a poskytoval spolehliv\u00e9 zdvihac\u00ed schopnosti.<\/p>\n<h3>T\u011bsn\u011bn\u00ed:<\/h3>\n<p>R\u016fzn\u00e9 t\u011bsnic\u00ed komponenty, jako jsou t\u011bsn\u011bn\u00ed p\u00edst\u016f a p\u00edstnic, jsou pe\u010dliv\u011b vyb\u00edr\u00e1ny, aby bylo zaji\u0161t\u011bno \u00fa\u010dinn\u00e9 ut\u011bsn\u011bn\u00ed a zabr\u00e1nilo se \u00fanik\u016fm.<\/p>\n<h3>Trvanlivost:<\/h3>\n<p>V\u00e1lec je vyroben z vysoce kvalitn\u00edch materi\u00e1l\u016f a proch\u00e1z\u00ed pe\u010dlivou povrchovou \u00fapravou pro zv\u00fd\u0161en\u00ed jeho odolnosti proti opot\u0159eben\u00ed a trvanlivosti.<\/p>\n<h3>Bezpe\u010dnost:<\/h3>\n<p>B\u011bhem v\u00fdrobn\u00edho procesu jsou dodr\u017eov\u00e1ny p\u0159\u00edsn\u00e9 bezpe\u010dnostn\u00ed normy, aby byl zaru\u010den bezpe\u010dn\u00fd provoz v\u00e1lce.<\/p>\n<h3>\u00dadr\u017eba:<\/h3>\n<p>Pravideln\u00e9 maz\u00e1n\u00ed vhodn\u00fdm hydraulick\u00fdm olejem je nezbytn\u00e9 pro optim\u00e1ln\u00ed v\u00fdkon a dlouhou \u017eivotnost.<\/p>\n<h2>T\u011bsn\u011bn\u00ed a maz\u00e1n\u00ed<\/h2>\n<p>N\u00e1hradn\u00ed d\u00edl hydraulick\u00e9ho zvedac\u00edho v\u00e1lce DC216940 obsahuje r\u016fzn\u00e9 t\u011bsnic\u00ed prvky, v\u010detn\u011b t\u011bsn\u011bn\u00ed p\u00edstu a t\u011bsn\u011bn\u00ed p\u00edstnice. Tato t\u011bsn\u011bn\u00ed jsou vyrobena z odoln\u00fdch materi\u00e1l\u016f, jako je polyuretan a nitrilov\u00e1 pry\u017e, aby odolala opot\u0159eben\u00ed. T\u011bleso v\u00e1lce a z\u00e1vitov\u00e9 koncov\u00e9 plochy jsou pe\u010dliv\u011b o\u0161et\u0159eny pro zv\u00fd\u0161en\u00ed jejich odolnosti proti opot\u0159eben\u00ed. Pravideln\u00e9 maz\u00e1n\u00ed vhodn\u00fdm mno\u017estv\u00edm hydraulick\u00e9ho oleje je nezbytn\u00e9 pro zaji\u0161t\u011bn\u00ed plynul\u00e9ho provozu a dostate\u010dn\u00e9ho maz\u00e1n\u00ed.<\/p>\n<h2>Pravideln\u00e1 kontrola a preventivn\u00ed \u00fadr\u017eba<\/h2>\n<p>Pro udr\u017een\u00ed optim\u00e1ln\u00edho v\u00fdkonu a prodlou\u017een\u00ed \u017eivotnosti n\u00e1hradn\u00edho hydraulick\u00e9ho zvedac\u00edho v\u00e1lce pickupu DC216940 se doporu\u010duje pravideln\u00e1 kontrola a preventivn\u00ed \u00fadr\u017eba:<\/p>\n<ul>\n<li>Zkontrolujte v\u00e1lec, zda nevykazuje zn\u00e1mky opot\u0159eben\u00ed, po\u0161kozen\u00ed nebo net\u011bsnosti.<\/li>\n<li>B\u011bhem instalace zkontrolujte a se\u0159i\u010fte vyrovn\u00e1n\u00ed v\u00e1lce a poskytn\u011bte pokyny pro spr\u00e1vn\u00e9 vyrovn\u00e1n\u00ed.<\/li>\n<li>K upevn\u011bn\u00ed v\u00e1lce na m\u00edst\u011b pou\u017eijte vhodn\u00e9 mont\u00e1\u017en\u00ed konzoly.<\/li>\n<li>Dodr\u017eujte doporu\u010den\u00e9 postupy kontroly, opravy a v\u00fdm\u011bny.<\/li>\n<li>Nab\u00eddn\u011bte n\u00e1hradn\u00ed d\u00edly a slu\u017eby v oblasti renovace pro prodlou\u017een\u00ed \u017eivotnosti v\u00e1lce.<\/li>\n<li>Poskytn\u011bte tipy a techniky pro prodlou\u017een\u00ed \u017eivotnosti v\u00e1lce.<\/li>\n<\/ul>\n<h2>Bezpe\u010dnostn\u00ed aspekty a faktory prost\u0159ed\u00ed<\/h2>\n<p>P\u0159i pr\u00e1ci s v\u00fdm\u011bnou hydraulick\u00e9ho zvedac\u00edho v\u00e1lce sb\u011bra\u010de DC216940 je z\u00e1sadn\u00ed up\u0159ednostnit bezpe\u010dnostn\u00ed opat\u0159en\u00ed:<\/p>\n<p>P\u0159i manipulaci s hydraulick\u00fdmi v\u00e1lci jsou nezbytn\u00e1 spr\u00e1vn\u00e1 bezpe\u010dnostn\u00ed opat\u0159en\u00ed, jako je no\u0161en\u00ed ochrann\u00fdch pom\u016fcek a dodr\u017eov\u00e1n\u00ed zaveden\u00fdch protokol\u016f.<\/p>\n<h2>Diagnostika z\u00e1vad a b\u011b\u017en\u00e9 probl\u00e9my<\/h2>\n<p>I kdy\u017e je v\u00fdm\u011bna hydraulick\u00e9ho zvedac\u00edho v\u00e1lce sb\u011bra\u010de DC216940 navr\u017eena tak, aby byla spolehliv\u00e1, mohou nastat ur\u010dit\u00e9 probl\u00e9my:<\/p>\n<p>Mezi b\u011b\u017en\u00e9 probl\u00e9my pat\u0159\u00ed net\u011bsnost, nedostate\u010dn\u00e1 nosnost a abnorm\u00e1ln\u00ed provoz. Ty lze \u010dasto diagnostikovat vizu\u00e1ln\u00ed kontrolou a funk\u010dn\u00edm testov\u00e1n\u00edm.<\/p>\n<h2>\u0158e\u0161en\u00ed probl\u00e9m\u016f<\/h2>\n<p>Pro efektivn\u00ed diagnostiku a \u0159e\u0161en\u00ed probl\u00e9m\u016f s v\u00fdm\u011bnou hydraulick\u00e9ho zvedac\u00edho v\u00e1lce sb\u011bra\u010de DC216940 zva\u017ete n\u00e1sleduj\u00edc\u00ed tipy a \u0159e\u0161en\u00ed:<\/p>\n<ul>\n<li>Prov\u00e1d\u011bjte pravidelnou \u00fadr\u017ebu, jako je spr\u00e1vn\u00e9 maz\u00e1n\u00ed a v\u00fdm\u011bna t\u011bsn\u011bn\u00ed.<\/li>\n<li>Zd\u016frazn\u011bte d\u016fle\u017eitost spr\u00e1vn\u00e9 instalace, maz\u00e1n\u00ed a se\u0159\u00edzen\u00ed.<\/li>\n<li>Poskytn\u011bte pokyny pro spr\u00e1vn\u00e9 vyrovn\u00e1n\u00ed v\u00e1lce b\u011bhem instalace.<\/li>\n<li>Doporu\u010dte postupy kontroly, opravy a v\u00fdm\u011bny.<\/li>\n<li>Nab\u00eddn\u011bte tipy, jak prodlou\u017eit \u017eivotnost v\u00e1lce, nap\u0159\u00edklad jak se vyhnout nadm\u011brn\u00e9mu zat\u00ed\u017een\u00ed a udr\u017eovat spr\u00e1vn\u00e9 maz\u00e1n\u00ed.<\/li>\n<\/ul>\n<p><img decoding=\"async\" src=\"https:\/\/www.hydraulic-cylinders.net\/wp-content\/uploads\/2024\/12\/Replacement-Of-John-Deere-Hydraulic-Cylinder-7.webp\" alt=\"Obr\u00e1zek produktu\"><\/p>\n<h2>\u00dakoly \u00fadr\u017eby<\/h2>\n<p>Zde jsou t\u0159i b\u011b\u017en\u00e9 \u00fakony \u00fadr\u017eby pro v\u00fdm\u011bnu hydraulick\u00e9ho zvedac\u00edho v\u00e1lce sb\u011bra\u010de DC216940:<\/p>\n<ul>\n<li>Pravideln\u00e1 kontrola: Prov\u00e1d\u011bjte vizu\u00e1ln\u00ed a funk\u010dn\u00ed kontroly, abyste identifikovali jak\u00e9koli zn\u00e1mky opot\u0159eben\u00ed, po\u0161kozen\u00ed nebo net\u011bsnosti.<\/li>\n<li>Spr\u00e1vn\u00e9 maz\u00e1n\u00ed: Pro zaji\u0161t\u011bn\u00ed hladk\u00e9ho chodu zajist\u011bte, aby byl v\u00e1lec dostate\u010dn\u011b maz\u00e1n vhodn\u00fdm hydraulick\u00fdm olejem.<\/li>\n<li>V\u00fdm\u011bna t\u011bsn\u011bn\u00ed: V p\u0159\u00edpad\u011b pot\u0159eby vym\u011b\u0148te opot\u0159ebovan\u00e1 nebo po\u0161kozen\u00e1 t\u011bsn\u011bn\u00ed, abyste zachovali optim\u00e1ln\u00ed t\u011bsnic\u00ed v\u00fdkon.<\/li>\n<\/ul>\n<p>Spr\u00e1vn\u00e1 instalace, maz\u00e1n\u00ed a se\u0159\u00edzen\u00ed jsou z\u00e1sadn\u00ed pro efektivn\u00ed a bezpe\u010dn\u00fd provoz v\u00e1lce. Nezbytn\u00e9 je poskytnout spr\u00e1vn\u00e9 pokyny pro vyrovn\u00e1n\u00ed b\u011bhem instalace a doporu\u010dit pou\u017eit\u00ed vhodn\u00fdch mont\u00e1\u017en\u00edch konzol k zaji\u0161t\u011bn\u00ed v\u00e1lce. D\u00e1le navrhnout doporu\u010den\u00e9 postupy kontroly, opravy a v\u00fdm\u011bny a tak\u00e9 nab\u00eddnout n\u00e1hradn\u00ed d\u00edly a slu\u017eby renovace, aby se prodlou\u017eila \u017eivotnost v\u00fdm\u011bnn\u00e9ho v\u00e1lce hydraulick\u00e9ho zdvihac\u00edho za\u0159\u00edzen\u00ed DC216940.<\/p>\n<p><img decoding=\"async\" src=\"https:\/\/www.hydraulic-cylinders.net\/wp-content\/uploads\/2024\/12\/Replacement-Of-John-Deere-Hydraulic-Cylinder-8.webp\" alt=\"Obr\u00e1zek produktu\"><\/p>\n<p>Nezapome\u0148te \u010dl\u00e1nek logicky uspo\u0159\u00e1dat, pou\u017e\u00edvat podnadpisy pro snadnou navigaci, za\u010dlenit relevantn\u00ed obr\u00e1zky nebo grafy pro lep\u0161\u00ed pochopen\u00ed a zajistit, aby obsah byl jasn\u00fd, stru\u010dn\u00fd a vhodn\u00fd pro \u010dten\u00e1\u0159e s r\u016fznou \u00farovn\u00ed technick\u00fdch znalost\u00ed.<\/p>\n<h2>O na\u0161\u00ed spole\u010dnosti<\/h2>\n<p>Jsme p\u0159edn\u00edm v\u00fdrobcem a velkoobchodn\u00edm distributorem hydraulick\u00fdch v\u00e1lc\u016f, specializuj\u00edc\u00edm se na v\u00fdrobu n\u00e1hradn\u00edch v\u00e1lc\u016f. D\u00edky na\u0161emu komplexn\u00edmu sortimentu jsme se stali v\u00fdznamn\u00fdm hr\u00e1\u010dem na dom\u00e1c\u00edm i mezin\u00e1rodn\u00edm trhu.<\/p>\n<p>Na\u0161e spole\u010dnost vynik\u00e1 z n\u00e1sleduj\u00edc\u00edch d\u016fvod\u016f:<\/p>\n<ul>\n<li>Profesionalita: Ve v\u0161ech aspektech na\u0161\u00ed \u010dinnosti udr\u017eujeme vysok\u00e9 standardy profesionality.<\/li>\n<li>Mezin\u00e1rodn\u00ed certifikace: Na\u0161e produkty spl\u0148uj\u00ed mezin\u00e1rodn\u00ed standardy kvality a bezpe\u010dnosti, co\u017e zaru\u010duje spolehlivost a spokojenost z\u00e1kazn\u00edk\u016f.<\/li>\n<li>Slu\u017eby p\u0159izp\u016fsoben\u00ed: Nab\u00edz\u00edme \u0159e\u0161en\u00ed na m\u00edru, kter\u00e1 spl\u0148uj\u00ed specifick\u00e9 po\u017eadavky na\u0161ich klient\u016f.<\/li>\n<li>Nejmodern\u011bj\u0161\u00ed v\u00fdrobn\u00ed za\u0159\u00edzen\u00ed: Pou\u017e\u00edv\u00e1me pokro\u010dil\u00e9 v\u00fdrobn\u00ed za\u0159\u00edzen\u00ed, abychom zajistili p\u0159esnost a trvanlivost na\u0161ich hydraulick\u00fdch v\u00e1lc\u016f.<\/li>\n<li>Vynikaj\u00edc\u00ed poprodejn\u00ed servis: N\u00e1\u0161 specializovan\u00fd t\u00fdm z\u00e1kaznick\u00e9 podpory se zav\u00e1zal poskytovat rychlou pomoc a \u0159e\u0161it ve\u0161ker\u00e9 obavy nebo dotazy.<\/li>\n<\/ul>\n<p><img decoding=\"async\" src=\"https:\/\/www.hydraulic-cylinders.net\/wp-content\/uploads\/2024\/12\/hydraulic-cylinder-factory.webp\" alt=\"Image spole\u010dnosti\"><\/p>\n<p>Autor: lyl<\/p>","protected":false},"excerpt":{"rendered":"<p>Replacement Of DC216940 Hydraulic Pick-Up Lift Cylinder The Replacement Of DC216940 Hydraulic Pick-Up Lift Cylinder is a crucial component used in various construction equipment, such as cranes, hoists, and elevators, where a sturdy and secure fixation of heavy objects is required. Specifications: Weight: 3.15 lb Height: 1.5 in Width: 2.5 in Length: 10 in Compatible [&hellip;]<\/p>","protected":false},"featured_media":14682,"comment_status":"open","ping_status":"closed","template":"","meta":{"_et_pb_use_builder":"","_et_pb_old_content":"","_et_gb_content_width":""},"product_brand":[],"product_cat":[1489],"product_tag":[1490,1492],"class_list":{"0":"post-14683","1":"product","2":"type-product","3":"status-publish","4":"has-post-thumbnail","6":"product_cat-replacement-of-john-deere-hydraulic-cylinder","7":"product_tag-replacement-of-hydraulic-cylinder","8":"product_tag-replacement-of-john-deere-hydraulic-cylinder","10":"first","11":"instock","12":"shipping-taxable","13":"product-type-simple"},"amp_enabled":true,"_links":{"self":[{"href":"https:\/\/www.hydraulic-cylinders.net\/cs\/wp-json\/wp\/v2\/product\/14683","targetHints":{"allow":["GET"]}}],"collection":[{"href":"https:\/\/www.hydraulic-cylinders.net\/cs\/wp-json\/wp\/v2\/product"}],"about":[{"href":"https:\/\/www.hydraulic-cylinders.net\/cs\/wp-json\/wp\/v2\/types\/product"}],"replies":[{"embeddable":true,"href":"https:\/\/www.hydraulic-cylinders.net\/cs\/wp-json\/wp\/v2\/comments?post=14683"}],"wp:featuredmedia":[{"embeddable":true,"href":"https:\/\/www.hydraulic-cylinders.net\/cs\/wp-json\/wp\/v2\/media\/14682"}],"wp:attachment":[{"href":"https:\/\/www.hydraulic-cylinders.net\/cs\/wp-json\/wp\/v2\/media?parent=14683"}],"wp:term":[{"taxonomy":"product_brand","embeddable":true,"href":"https:\/\/www.hydraulic-cylinders.net\/cs\/wp-json\/wp\/v2\/product_brand?post=14683"},{"taxonomy":"product_cat","embeddable":true,"href":"https:\/\/www.hydraulic-cylinders.net\/cs\/wp-json\/wp\/v2\/product_cat?post=14683"},{"taxonomy":"product_tag","embeddable":true,"href":"https:\/\/www.hydraulic-cylinders.net\/cs\/wp-json\/wp\/v2\/product_tag?post=14683"}],"curies":[{"name":"wp","href":"https:\/\/api.w.org\/{rel}","templated":true}]}}