{"id":15118,"date":"2025-01-19T14:07:43","date_gmt":"2025-01-19T14:07:43","guid":{"rendered":"https:\/\/www.hydraulic-cylinders.net\/product\/bucket-cylinder-for-komatsu-small-excavator-pc40\/"},"modified":"2025-01-19T14:07:45","modified_gmt":"2025-01-19T14:07:45","slug":"bucket-cylinder-for-komatsu-small-excavator-pc40","status":"publish","type":"product","link":"https:\/\/www.hydraulic-cylinders.net\/cs\/produkt\/bucket-cylinder-for-komatsu-small-excavator-pc40\/","title":{"rendered":"V\u00e1lec l\u017e\u00edce pro mal\u00e9 rypadlo Komatsu PC40"},"content":{"rendered":"<h2>Zaveden\u00ed<\/h2>\n<h3>Co je v\u00e1lec kore\u010dkov\u00e9ho v\u00e1lce pro mal\u00e9 rypadlo Komatsu PC40?<\/h3>\n<p>Hydraulick\u00fd v\u00e1lec l\u017e\u00edce pro mal\u00e1 rypadla Komatsu PC40 je speci\u00e1ln\u011b navr\u017een\u00fd hydraulick\u00fd v\u00e1lec pou\u017e\u00edvan\u00fd k ovl\u00e1d\u00e1n\u00ed pohybu l\u017eic v t\u011b\u017ek\u00fdch stroj\u00edch, jako jsou rypadla, bagry a \u010deln\u00ed naklada\u010de. Jeho hlavn\u00ed funkc\u00ed je umo\u017enit zved\u00e1n\u00ed, spou\u0161t\u011bn\u00ed a nakl\u00e1p\u011bn\u00ed l\u017e\u00edce, co\u017e usnad\u0148uje r\u016fzn\u00e9 \u00fakoly manipulace s materi\u00e1lem. V hydraulick\u00e9m syst\u00e9mu dosahuje v\u00e1lec l\u017e\u00edce p\u0159esn\u00e9ho ovl\u00e1d\u00e1n\u00ed pohybu l\u017e\u00edce zm\u011bnami tlaku hydraulick\u00e9ho oleje, co\u017e umo\u017e\u0148uje obsluze efektivn\u011b manipulovat s t\u011b\u017ek\u00fdmi b\u0159emeny a p\u0159izp\u016fsobovat se slo\u017eit\u00fdm pracovn\u00edm prost\u0159ed\u00edm a rozmanit\u00fdm provozn\u00edm po\u017eadavk\u016fm.<\/p>\n<p><img decoding=\"async\" src=\"https:\/\/www.hydraulic-cylinders.net\/wp-content\/uploads\/2025\/01\/songte-company-2.webp\" alt=\"V\u00e1lec l\u017e\u00edce pro mal\u00e9 rypadlo Komatsu PC40\"><\/p>\n<h2>Funkce<\/h2>\n<ul>\n<li><strong>Vysok\u00e1 pevnost a trvanlivost:<\/strong> Obvykle je vyroben z vysokopevnostn\u00ed oceli nebo hlin\u00edku, odol\u00e1 vysok\u00e9mu tlaku a velk\u00e9mu zat\u00ed\u017een\u00ed, a p\u0159izp\u016fsob\u00ed se tak n\u00e1ro\u010dn\u00e9mu pracovn\u00edmu prost\u0159ed\u00ed. Jeho konstrukce zohled\u0148uje odolnost proti opot\u0159eben\u00ed a korozi, co\u017e prodlu\u017euje jeho \u017eivotnost.<\/li>\n<li><strong>Efektivn\u00ed hydraulick\u00fd provoz:<\/strong> Plynul\u00e9ho teleskopick\u00e9ho pohybu je dosa\u017eeno vyu\u017eit\u00edm tlaku hydraulick\u00e9ho oleje, co\u017e umo\u017e\u0148uje rychlou reakci na ovl\u00e1dac\u00ed povely, poskytuje silnou ta\u017enou s\u00edlu a je vhodn\u00e9 pro manipulaci s t\u011b\u017ek\u00fdmi b\u0159emeny a slo\u017eit\u00e9 provozn\u00ed \u00fakoly.<\/li>\n<li><strong>R\u016fzn\u00e9 typy:<\/strong> Podle provozn\u00edch po\u017eadavk\u016f lze zvolit jedno\u010dinn\u00e9 (hydraulicky ovl\u00e1dan\u00e9 pouze v jednom sm\u011bru) nebo dvoj\u010dinn\u00e9 (hydraulicky ovl\u00e1dan\u00e9 v obou sm\u011brech) v\u00e1lce. N\u011bkter\u00e9 modely jsou teleskopick\u00e9, co\u017e umo\u017e\u0148uje v\u011bt\u0161\u00ed vysunut\u00ed bez zv\u011bt\u0161en\u00ed vn\u011bj\u0161\u00edch rozm\u011br\u016f, vhodn\u00e9 pro aplikace s omezen\u00fdm prostorem.<\/li>\n<li><strong>Zak\u00e1zkov\u00e1 v\u00fdroba:<\/strong> M\u016f\u017eeme vyrobit tento produkt, kter\u00fd dok\u00e1\u017ee dokonale nahradit tyto hydraulick\u00e9 v\u00e1lce.<\/li>\n<\/ul>\n<p><img decoding=\"async\" src=\"https:\/\/www.hydraulic-cylinders.net\/wp-content\/uploads\/2025\/01\/songte-cylinder-head-with-all-kinds-excavator-models.webp\" alt=\"V\u00e1lec l\u017e\u00edce pro mal\u00e9 rypadlo Komatsu PC40\"><\/p>\n<h2>Aplikace<\/h2>\n<p>V\u00e1lec kore\u010dkov\u00e9ho v\u00e1lce pro mal\u00e1 rypadla Komatsu PC40 se \u0161iroce pou\u017e\u00edv\u00e1 v r\u016fzn\u00fdch odv\u011btv\u00edch, jako jsou stavebn\u00ed stroje, zem\u011bd\u011blsk\u00e9 stroje, rypadla a naklada\u010de. <\/p>\n<h3>Stavebn\u00ed vybaven\u00ed:<\/h3>\n<ul>\n<li>U bagr\u016f je nezbytn\u00fd pro v\u00fdkopov\u00e9 pr\u00e1ce, nakl\u00e1d\u00e1n\u00ed a p\u0159emis\u0165ov\u00e1n\u00ed zeminy nebo suti.<\/li>\n<li> U r\u00fdpadel typu bagr pom\u00e1h\u00e1 v\u00e1lec l\u017e\u00edce jak p\u0159i kop\u00e1n\u00ed, tak p\u0159i zved\u00e1n\u00ed.<\/li>\n<li> U \u010deln\u00edch naklada\u010d\u016f efektivn\u011b pom\u00e1h\u00e1 p\u0159i zved\u00e1n\u00ed a nakl\u00e1p\u011bn\u00ed zbo\u017e\u00ed.<\/li>\n<\/ul>\n<h3>Zem\u011bd\u011blsk\u00e9 stroje:<\/h3>\n<p>Pou\u017e\u00edv\u00e1 se pro \u010deln\u00ed naklada\u010de, nab\u00edr\u00e1n\u00ed, zved\u00e1n\u00ed a p\u0159epravu zeminy, sena a dal\u0161\u00edch materi\u00e1l\u016f.<\/p>\n<h3>Bagry:<\/h3>\n<p>V\u00e1lec l\u017e\u00edce umo\u017e\u0148uje v\u00fdkopovou \u010dinnost t\u00edm, \u017ee umo\u017e\u0148uje l\u017e\u00edci proniknout do p\u016fdy. <\/p>\n<p><img decoding=\"async\" src=\"https:\/\/www.hydraulic-cylinders.net\/wp-content\/uploads\/2025\/01\/songte-bushings-with-all-kinds-of-excavator-models.webp\" alt=\"V\u00e1lec l\u017e\u00edce pro mal\u00e9 rypadlo Komatsu PC40\"><\/p>\n<h2>\u00davahy o n\u00e1vrhu a standardy v\u00fdb\u011bru<\/h2>\n<ul>\n<li><strong>Nosnost:<\/strong> Kore\u010dkov\u00fd v\u00e1lec mus\u00ed odolat zat\u00ed\u017een\u00ed vysok\u00fdm tlakem.<\/li>\n<li><strong>T\u011bsn\u011bn\u00ed:<\/strong> R\u016fzn\u00e1 t\u011bsn\u011bn\u00ed, jako jsou p\u00edstn\u00ed t\u011bsn\u011bn\u00ed a t\u011bsn\u011bn\u00ed p\u00edstnice, by m\u011bla b\u00fdt vyrobena z materi\u00e1l\u016f odoln\u00fdch proti opot\u0159eben\u00ed, jako je polyuretan a nitrilov\u00e1 pry\u017e, aby byla zaji\u0161t\u011bna t\u011bsnic\u00ed v\u00fdkonnost.<\/li>\n<li><strong>Trvanlivost:<\/strong> T\u011bleso v\u00e1lce a z\u00e1vitov\u00fd konec by m\u011bly b\u00fdt jemn\u011b opracov\u00e1ny, aby se zlep\u0161ila odolnost proti opot\u0159eben\u00ed.<\/li>\n<li><strong>Bezpe\u010dnost:<\/strong> Konstrukce by m\u011bla br\u00e1t v \u00favahu bezpe\u010dnost provozu v\u00e1lce.<\/li>\n<li><strong>\u00dadr\u017eba:<\/strong> V\u00e1lec by m\u011bl b\u00fdt snadno opraviteln\u00fd a udr\u017eovateln\u00fd.<\/li>\n<\/ul>\n<p><img decoding=\"async\" src=\"https:\/\/www.hydraulic-cylinders.net\/wp-content\/uploads\/2025\/01\/songte-oil-pipes-and-spare-parts.webp\" alt=\"V\u00e1lec l\u017e\u00edce pro mal\u00e9 rypadlo Komatsu PC40\"><\/p>\n<h2>T\u011bsn\u011bn\u00ed a maz\u00e1n\u00ed<\/h2>\n<p>R\u016fzn\u00e9 t\u011bsnic\u00ed komponenty, jako jsou t\u011bsn\u011bn\u00ed p\u00edst\u016f a p\u00edstnic, by m\u011bly b\u00fdt vyrobeny z materi\u00e1l\u016f odoln\u00fdch proti opot\u0159eben\u00ed, jako je polyuretan a nitrilov\u00e1 pry\u017e, aby bylo zaji\u0161t\u011bno \u00fa\u010dinn\u00e9 ut\u011bsn\u011bn\u00ed. T\u011bleso v\u00e1lce a z\u00e1vitov\u00e1 \u010deln\u00ed plocha by m\u011bly b\u00fdt jemn\u011b opracov\u00e1ny pro zv\u00fd\u0161en\u00ed odolnosti proti opot\u0159eben\u00ed. Pro maz\u00e1n\u00ed je nutn\u00e9 pravideln\u011b p\u0159id\u00e1vat vhodn\u00fd hydraulick\u00fd olej.<\/p>\n<p><img decoding=\"async\" src=\"https:\/\/www.hydraulic-cylinders.net\/wp-content\/uploads\/2025\/01\/songte-chushion-collar.webp\" alt=\"V\u00e1lec l\u017e\u00edce pro mal\u00e9 rypadlo Komatsu PC40\"><\/p>\n<h2>\u00dadr\u017eba a opravy<\/h2>\n<p>Pravideln\u00e1 kontrola, vhodn\u00e9 maz\u00e1n\u00ed, v\u00fdm\u011bna t\u011bsn\u011bn\u00ed a kalibra\u010dn\u00ed kontroly pat\u0159\u00ed k b\u011b\u017en\u00fdm \u00fakon\u016fm \u00fadr\u017eby. Spr\u00e1vn\u00e1 instalace, maz\u00e1n\u00ed a se\u0159\u00edzen\u00ed jsou z\u00e1sadn\u00ed a b\u011bhem instalace by m\u011bly b\u00fdt poskytnuty pokyny pro spr\u00e1vn\u00e9 vyrovn\u00e1n\u00ed. Pro upevn\u011bn\u00ed v\u00e1lce by m\u011bly b\u00fdt doporu\u010deny vhodn\u00e9 mont\u00e1\u017en\u00ed konzole a pro prodlou\u017een\u00ed \u017eivotnosti v\u00e1lce by m\u011bly b\u00fdt poskytnuty postupy kontroly, opravy a v\u00fdm\u011bny.<\/p>\n<h2>Bezpe\u010dnostn\u00ed aspekty a faktory prost\u0159ed\u00ed<\/h2>\n<p>P\u0159i pou\u017e\u00edv\u00e1n\u00ed kore\u010dkov\u00fdch v\u00e1lc\u016f je nezbytn\u00e9 dodr\u017eovat bezpe\u010dnostn\u00ed opat\u0159en\u00ed, aby se p\u0159ede\u0161lo potenci\u00e1ln\u00edm rizik\u016fm. P\u0159i manipulaci s hydraulick\u00fdm olejem a dal\u0161\u00edmi materi\u00e1ly je t\u0159eba dodr\u017eovat environment\u00e1ln\u00ed p\u0159edpisy.<\/p>\n<h2>Diagnostika poruch a b\u011b\u017en\u00e9 probl\u00e9my<\/h2>\n<p>Mezi b\u011b\u017en\u00e9 probl\u00e9my s kore\u010dkov\u00fdmi v\u00e1lci pat\u0159\u00ed \u00fanik kapaliny, nedostate\u010dn\u00e1 s\u00edla a abnorm\u00e1ln\u00ed hluk. Diagnostika poruchy by m\u011bla b\u00fdt zalo\u017eena na d\u016fkladn\u00e9 kontrole v\u00e1lce a okoln\u00edch sou\u010d\u00e1st\u00ed. Aby se t\u011bmto probl\u00e9m\u016fm p\u0159ede\u0161lo, je nezbytn\u00e1 \u0159\u00e1dn\u00e1 \u00fadr\u017eba a v\u010dasn\u00e1 oprava.<\/p>\n<h2>P\u0159edstaven\u00ed spole\u010dnosti<\/h2>\n<p>Jsme v\u00fdrobcem n\u00e1hradn\u00edch hydraulick\u00fdch v\u00e1lc\u016f a nab\u00edz\u00edme kompletn\u00ed sortiment produkt\u016f. Jsme jedn\u00edm z p\u0159edn\u00edch v\u00fdrobc\u016f a velkoobchodn\u00edch distributor\u016f hydraulick\u00fdch v\u00e1lc\u016f na dom\u00e1c\u00edm i mezin\u00e1rodn\u00edm trhu. Usilujeme o vynikaj\u00edc\u00ed kvalitu a spol\u00e9h\u00e1me se na industrializovan\u00e9 strategie \u0159\u00edzen\u00ed v\u00fdroby v precizn\u011b vyroben\u00fdch d\u00edln\u00e1ch, neust\u00e1le vylep\u0161ujeme v\u00fdrobn\u00ed platformu, zdokonalujeme v\u00fdrobn\u00ed linku pro zaji\u0161t\u011bn\u00ed kvality produkt\u016f a disponujeme siln\u00fdmi v\u00fdrobn\u00edmi kapacitami. Na\u0161\u00edm c\u00edlem je spl\u0148ovat po\u017eadavky z\u00e1kazn\u00edk\u016f s vysokou efektivitou, vysokou p\u0159esnost\u00ed a principy vysok\u00e9 kvality.<\/p>\n<p><img decoding=\"async\" src=\"https:\/\/hzpt.com\/wp-content\/uploads\/2024\/11\/songte-company-1.webp\" alt=\"V\u00e1lec l\u017e\u00edce pro mal\u00e9 rypadlo Komatsu PC40\"><\/p>\n<h2>Profesionalita a mezin\u00e1rodn\u00ed certifikace<\/h2>\n<p>Na\u0161e spole\u010dnost se zavazuje k tomu, aby v\u0161ichni zam\u011bstnanci m\u011bli pot\u0159ebnou kvalifikaci a dovednosti k poskytov\u00e1n\u00ed profesion\u00e1ln\u00edch slu\u017eeb na\u0161im z\u00e1kazn\u00edk\u016fm. Z\u00edskali jsme p\u0159\u00edslu\u0161n\u00e9 mezin\u00e1rodn\u00ed certifikace, jako jsou ISO a CE, abychom zajistili, \u017ee na\u0161e produkty spl\u0148uj\u00ed mezin\u00e1rodn\u00ed standardy kvality.<\/p>\n<h2>Slu\u017eby na m\u00edru a v\u00fdrobn\u00ed za\u0159\u00edzen\u00ed<\/h2>\n<p>Nab\u00edz\u00edme slu\u017eby na m\u00edru, abychom poskytli \u0159e\u0161en\u00ed hydraulick\u00fdch v\u00e1lc\u016f na m\u00edru dle jedine\u010dn\u00fdch pot\u0159eb ka\u017ed\u00e9ho z\u00e1kazn\u00edka. Disponujeme modern\u00edm v\u00fdrobn\u00edm za\u0159\u00edzen\u00edm, jako jsou CNC stroje a profesion\u00e1ln\u00ed testovac\u00ed syst\u00e9my, abychom zajistili, \u017ee ka\u017ed\u00fd produkt je kvalifikovan\u00fd a spolehliv\u00fd.<\/p>\n<h2>Poprodejn\u00ed servis<\/h2>\n<p>Na\u0161e spole\u010dnost poskytuje kompletn\u00ed \u0161k\u00e1lu poprodejn\u00edch slu\u017eeb, v\u010detn\u011b oprav, v\u00fdm\u011bn a repas\u00ed produkt\u016f, kter\u00e9 nab\u00edz\u00edme. Zav\u00e1zali jsme se poskytovat na\u0161im z\u00e1kazn\u00edk\u016fm vysoce kvalitn\u00ed technick\u00e1 \u0159e\u0161en\u00ed a slu\u017eby, abychom zajistili, \u017ee za svou investici z\u00edskaj\u00ed nejlep\u0161\u00ed hodnotu.<\/p>\n<p>Autor: lyl<\/p>","protected":false},"excerpt":{"rendered":"<p>Introduction What is Bucket Cylinder for Komatsu Small Excavator PC40? Bucket Cylinder for Komatsu Small Excavator PC40 is a specially designed hydraulic cylinder used for controlling the movement of buckets in heavy machinery such as excavators, backhoe excavators, and front-end loaders. Its main function is to enable the bucket to lift, lower, and tilt, thus [&hellip;]<\/p>","protected":false},"featured_media":14788,"comment_status":"open","ping_status":"closed","template":"","meta":{"_et_pb_use_builder":"","_et_pb_old_content":"","_et_gb_content_width":""},"product_brand":[],"product_cat":[1494],"product_tag":[1495,1496],"class_list":{"0":"post-15118","1":"product","2":"type-product","3":"status-publish","4":"has-post-thumbnail","6":"product_cat-bucket-cylinders","7":"product_tag-bucket-cylinders","8":"product_tag-hydraulic-cylinders","10":"first","11":"instock","12":"shipping-taxable","13":"product-type-simple"},"amp_enabled":true,"_links":{"self":[{"href":"https:\/\/www.hydraulic-cylinders.net\/cs\/wp-json\/wp\/v2\/product\/15118","targetHints":{"allow":["GET"]}}],"collection":[{"href":"https:\/\/www.hydraulic-cylinders.net\/cs\/wp-json\/wp\/v2\/product"}],"about":[{"href":"https:\/\/www.hydraulic-cylinders.net\/cs\/wp-json\/wp\/v2\/types\/product"}],"replies":[{"embeddable":true,"href":"https:\/\/www.hydraulic-cylinders.net\/cs\/wp-json\/wp\/v2\/comments?post=15118"}],"wp:featuredmedia":[{"embeddable":true,"href":"https:\/\/www.hydraulic-cylinders.net\/cs\/wp-json\/wp\/v2\/media\/14788"}],"wp:attachment":[{"href":"https:\/\/www.hydraulic-cylinders.net\/cs\/wp-json\/wp\/v2\/media?parent=15118"}],"wp:term":[{"taxonomy":"product_brand","embeddable":true,"href":"https:\/\/www.hydraulic-cylinders.net\/cs\/wp-json\/wp\/v2\/product_brand?post=15118"},{"taxonomy":"product_cat","embeddable":true,"href":"https:\/\/www.hydraulic-cylinders.net\/cs\/wp-json\/wp\/v2\/product_cat?post=15118"},{"taxonomy":"product_tag","embeddable":true,"href":"https:\/\/www.hydraulic-cylinders.net\/cs\/wp-json\/wp\/v2\/product_tag?post=15118"}],"curies":[{"name":"wp","href":"https:\/\/api.w.org\/{rel}","templated":true}]}}