{"id":15120,"date":"2025-01-19T14:07:52","date_gmt":"2025-01-19T14:07:52","guid":{"rendered":"https:\/\/www.hydraulic-cylinders.net\/product\/bucket-cylinder-for-komatsu-small-excavator-pc75uu\/"},"modified":"2025-01-19T14:07:53","modified_gmt":"2025-01-19T14:07:53","slug":"bucket-cylinder-for-komatsu-small-excavator-pc75uu","status":"publish","type":"product","link":"https:\/\/www.hydraulic-cylinders.net\/cs\/produkt\/bucket-cylinder-for-komatsu-small-excavator-pc75uu\/","title":{"rendered":"V\u00e1lec l\u017e\u00edce pro mal\u00e9 rypadlo Komatsu PC75UU"},"content":{"rendered":"<h1>V\u00e1lec l\u017e\u00edce pro mal\u00e9 rypadlo Komatsu PC75UU<\/h1>\n<h2>Zaveden\u00ed<\/h2>\n<p>Hydraulick\u00fd v\u00e1lec kore\u010dkov\u00e9 l\u017e\u00edce je speci\u00e1ln\u011b navr\u017een\u00fd hydraulick\u00fd v\u00e1lec pou\u017e\u00edvan\u00fd k ovl\u00e1d\u00e1n\u00ed pohybu kore\u010dk\u016f v t\u011b\u017ek\u00fdch stroj\u00edch, jako jsou bagry, r\u00fdpadla-naklada\u010de a \u010deln\u00ed naklada\u010de. Jeho prim\u00e1rn\u00ed funkc\u00ed je umo\u017enit zved\u00e1n\u00ed, spou\u0161t\u011bn\u00ed a nakl\u00e1p\u011bn\u00ed kore\u010dkov\u00e9 l\u017e\u00edce, co\u017e usnad\u0148uje prov\u00e1d\u011bn\u00ed r\u016fzn\u00fdch \u00fakol\u016f manipulace s materi\u00e1lem. V hydraulick\u00e9m syst\u00e9mu dosahuje v\u00e1lec kore\u010dkov\u00e9 l\u017e\u00edce p\u0159esn\u00e9ho ovl\u00e1d\u00e1n\u00ed kore\u010dkov\u00e9 l\u017e\u00edce zm\u011bnou tlaku hydraulick\u00e9ho oleje, co\u017e umo\u017e\u0148uje obsluze efektivn\u011b manipulovat s t\u011b\u017ek\u00fdmi b\u0159emeny, p\u0159izp\u016fsobovat se slo\u017eit\u00e9mu pracovn\u00edmu prost\u0159ed\u00ed a rozmanit\u00fdm po\u017eadavk\u016fm na pr\u00e1ci.<\/p>\n<p><img decoding=\"async\" src=\"https:\/\/www.hydraulic-cylinders.net\/wp-content\/uploads\/2025\/01\/songte-company-2.webp\"><\/p>\n<h2>Funkce<\/h2>\n<ul>\n<li>Vysok\u00e1 pevnost a odolnost: obvykle vyrobeno z vysokopevnostn\u00ed oceli nebo hlin\u00edku, schopno odolat vysok\u00fdm tlak\u016fm a t\u011b\u017ek\u00fdm z\u00e1t\u011b\u017e\u00edm a navr\u017eeno s ohledem na odolnost proti opot\u0159eben\u00ed a korozi, co\u017e prodlu\u017euje jeho \u017eivotnost.<\/li>\n<li>Efektivn\u00ed hydraulick\u00fd provoz: vyu\u017e\u00edv\u00e1 tlak hydraulick\u00e9ho oleje k dosa\u017een\u00ed plynul\u00e9ho vysouv\u00e1n\u00ed a zasouv\u00e1n\u00ed, je schopen rychle reagovat na ovl\u00e1dac\u00ed povely, poskytuje silnou tla\u010dnou a ta\u017enou s\u00edlu, vhodn\u00fd pro manipulaci s t\u011b\u017ek\u00fdmi b\u0159emeny a slo\u017eit\u00e9 pracovn\u00ed \u00fakoly.<\/li>\n<li>R\u016fzn\u00e9 typy v\u00e1lc\u016f: jedno\u010dinn\u00e9 (hydraulicky ovl\u00e1dan\u00e9 pouze v jednom sm\u011bru) nebo dvoj\u010dinn\u00e9 (hydraulicky ovl\u00e1dan\u00e9 ve dvou sm\u011brech) lze vybrat na z\u00e1klad\u011b po\u017eadavk\u016f, aby spl\u0148ovaly r\u016fzn\u00e9 provozn\u00ed pot\u0159eby. N\u011bkter\u00e9 modely jsou teleskopick\u00e9, co\u017e umo\u017e\u0148uje v\u011bt\u0161\u00ed vysunut\u00ed bez zv\u011bt\u0161en\u00ed vn\u011bj\u0161\u00edch rozm\u011br\u016f, vhodn\u00e9 pro aplikace s omezen\u00fdm prostorem.<\/li>\n<li>P\u0159izp\u016fsobiteln\u00e9: n\u00e1\u0161 produkt dok\u00e1\u017ee tyto hydraulick\u00e9 v\u00e1lce dokonale nahradit.<\/li>\n<\/ul>\n<p><img decoding=\"async\" src=\"https:\/\/www.hydraulic-cylinders.net\/wp-content\/uploads\/2025\/01\/songte-cylinder-head-with-all-kinds-excavator-models.webp\"><\/p>\n<h2>Aplikace<\/h2>\n<p>Kore\u010dkov\u00e9 v\u00e1lce jsou nezbytn\u00e9 ve stavebn\u00edch stroj\u00edch, zem\u011bd\u011blsk\u00fdch stroj\u00edch, bagrech a \u010deln\u00edch naklada\u010d\u00edch. Pom\u00e1haj\u00ed p\u0159i v\u00fdkopu, nakl\u00e1d\u00e1n\u00ed a p\u0159emis\u0165ov\u00e1n\u00ed zeminy nebo suti v bagrech, pom\u00e1haj\u00ed p\u0159i kop\u00e1n\u00ed a zved\u00e1n\u00ed v rypadlech, pom\u00e1haj\u00ed p\u0159i zved\u00e1n\u00ed a vysyp\u00e1v\u00e1n\u00ed v \u010deln\u00edch naklada\u010d\u00edch a jsou nezbytn\u00e9 pro manipulaci s p\u016fdou, senem a dal\u0161\u00edmi materi\u00e1ly v zem\u011bd\u011blsk\u00fdch stroj\u00edch.<\/p>\n<h3>Stavebn\u00ed vybaven\u00ed:<\/h3>\n<ul>\n<li>Rypadla: v\u00e1lce l\u017e\u00edce umo\u017e\u0148uj\u00ed l\u017e\u00edci proniknout do p\u016fdy a dos\u00e1hnout tak kop\u00e1n\u00ed.<\/li>\n<li>Rypadla-rypadla: v\u00e1lec l\u017e\u00edce pom\u00e1h\u00e1 nejen p\u0159i kop\u00e1n\u00ed, ale i p\u0159i zved\u00e1n\u00ed.<\/li>\n<li>\u010celn\u00ed naklada\u010de: kore\u010dkov\u00e9 v\u00e1lce pom\u00e1haj\u00ed efektivn\u011b zvedat a vykl\u00e1dat zbo\u017e\u00ed.<\/li>\n<\/ul>\n<h3>Zem\u011bd\u011blsk\u00e9 stroje:<\/h3>\n<ul>\n<li>\u010celn\u00ed naklada\u010de: pro manipulaci s p\u016fdou, senem a dal\u0161\u00edmi materi\u00e1ly.<\/li>\n<\/ul>\n<h3>Bagry:<\/h3>\n<ul>\n<li>V\u00e1lce l\u017e\u00edce umo\u017e\u0148uj\u00ed l\u017e\u00edci proniknout do p\u016fdy a dos\u00e1hnout tak kop\u00e1n\u00ed.<\/li>\n<\/ul>\n<h2>Standard pro zv\u00e1\u017een\u00ed n\u00e1vrhu a v\u00fdb\u011br<\/h2>\n<p>P\u0159i n\u00e1vrhu kore\u010dkov\u00e9ho v\u00e1lce se zohled\u0148uj\u00ed nosnost, t\u011bsnic\u00ed vlastnosti, trvanlivost, bezpe\u010dnost a \u00fadr\u017eba. N\u00e1sleduj\u00ed kl\u00ed\u010dov\u00e9 aspekty n\u00e1vrhu a standardy v\u00fdb\u011bru:<\/p>\n<ul>\n<li>Nosnost: kore\u010dkov\u00fd v\u00e1lec obvykle pou\u017e\u00edv\u00e1 vysoce pevn\u00e9 materi\u00e1ly, aby odolal vysok\u00fdm tlak\u016fm a t\u011b\u017ek\u00fdm n\u00e1klad\u016fm.<\/li>\n<li>T\u011bsnic\u00ed v\u00fdkon: v\u00e1lec pou\u017e\u00edv\u00e1 r\u016fzn\u00e1 t\u011bsn\u011bn\u00ed, jako jsou p\u00edstn\u00ed t\u011bsn\u011bn\u00ed, t\u011bsn\u011bn\u00ed p\u00edstnice atd. vyroben\u00e1 z materi\u00e1l\u016f odoln\u00fdch proti opot\u0159eben\u00ed, jako je polyuretan a nitrilov\u00e1 pry\u017e, pro zv\u00fd\u0161en\u00ed t\u011bsnic\u00edho v\u00fdkonu, prodlou\u017een\u00ed \u017eivotnosti a sn\u00ed\u017een\u00ed \u00faniku oleje.<\/li>\n<li>Trvanlivost: T\u011bleso v\u00e1lce a z\u00e1vitov\u00fd povrch jsou p\u0159esn\u011b opracov\u00e1ny pro zlep\u0161en\u00ed odolnosti proti opot\u0159eben\u00ed a prodlou\u017een\u00ed \u017eivotnosti.<\/li>\n<li>Bezpe\u010dnost: konstrukce lahve by m\u011bla zohled\u0148ovat bezpe\u010dnostn\u00ed prvky, jako jsou p\u0159etlakov\u00e9 ventily, aby se sn\u00ed\u017eilo riziko nehod.<\/li>\n<li>\u00dadr\u017eba: Pravideln\u00e1 \u00fadr\u017eba, jako je v\u00fdm\u011bna oleje, v\u00fdm\u011bna t\u011bsn\u011bn\u00ed a kontrola kalibrace, m\u016f\u017ee prodlou\u017eit \u017eivotnost v\u00e1lce a udr\u017eet jeho v\u00fdkon.<\/li>\n<\/ul>\n<p><img decoding=\"async\" src=\"https:\/\/www.hydraulic-cylinders.net\/wp-content\/uploads\/2025\/01\/songte-oil-pipes-and-spare-parts.webp\"><\/p>\n<h2>T\u011bsn\u011bn\u00ed a maz\u00e1n\u00ed<\/h2>\n<p>Kore\u010dkov\u00fd v\u00e1lec pou\u017e\u00edv\u00e1 r\u016fzn\u00e1 t\u011bsn\u011bn\u00ed, jako jsou p\u00edstn\u00ed t\u011bsn\u011bn\u00ed, t\u011bsn\u011bn\u00ed p\u00edstnice atd. vyroben\u00e1 z materi\u00e1l\u016f odoln\u00fdch proti opot\u0159eben\u00ed, jako je polyuretan a nitrilov\u00e1 pry\u017e, pro zlep\u0161en\u00ed t\u011bsnic\u00edho v\u00fdkonu, prodlou\u017een\u00ed \u017eivotnosti a sn\u00ed\u017een\u00ed \u00fanik\u016f oleje. Pravideln\u00e9 maz\u00e1n\u00ed hydraulick\u00fdm olejem je nutn\u00e9 pro udr\u017een\u00ed v\u00fdkonu v\u00e1lce a prodlou\u017een\u00ed jeho \u017eivotnosti.<\/p>\n<h2>\u00dadr\u017eba a opravy<\/h2>\n<p>Pravideln\u00e1 \u00fadr\u017eba a opravy jsou nezbytn\u00e9 pro udr\u017een\u00ed bezprobl\u00e9mov\u00e9ho chodu v\u00e1lce ko\u0161\u00edku a prevenci potenci\u00e1ln\u00edch probl\u00e9m\u016f. N\u00e1sleduj\u00ed b\u011b\u017en\u00e9 \u00fakony \u00fadr\u017eby:<\/p>\n<ul>\n<li>Pravideln\u00e1 kontrola: zkontrolujte, zda nevykazuj\u00ed zn\u00e1mky opot\u0159eben\u00ed, \u00faniky oleje nebo jin\u00e9 po\u0161kozen\u00ed.<\/li>\n<li>Maz\u00e1n\u00ed: Nan\u00e1\u0161ejte mazivo na pohybliv\u00e9 \u010d\u00e1sti a pravideln\u011b kontrolujte hladinu hydraulick\u00e9ho oleje.<\/li>\n<li>V\u00fdm\u011bna t\u011bsn\u011bn\u00ed: vym\u011b\u0148te opot\u0159ebovan\u00e1 nebo po\u0161kozen\u00e1 t\u011bsn\u011bn\u00ed, abyste zabr\u00e1nili \u00faniku oleje.<\/li>\n<li>Kontrola kalibrace: zkontrolujte tlak a zdvih v\u00e1lce, abyste se ujistili, \u017ee spl\u0148uje po\u017eadovan\u00e9 specifikace.<\/li>\n<\/ul>\n<p><img decoding=\"async\" src=\"https:\/\/www.hydraulic-cylinders.net\/wp-content\/uploads\/2025\/01\/songte-chushion-collar.webp\"><\/p>\n<h2>Bezpe\u010dnostn\u00ed aspekty a faktory prost\u0159ed\u00ed<\/h2>\n<p>P\u0159i pou\u017e\u00edv\u00e1n\u00ed hydraulick\u00e9ho v\u00e1lce s kope\u010dkem je d\u016fle\u017eit\u00e9 dodr\u017eovat bezpe\u010dnostn\u00ed opat\u0159en\u00ed, jako je no\u0161en\u00ed ochrann\u00fdch pom\u016fcek a zaji\u0161t\u011bn\u00ed spr\u00e1vn\u00e9 instalace a pou\u017e\u00edv\u00e1n\u00ed. D\u00e1le je nezbytn\u00e9 zv\u00e1\u017eit faktory prost\u0159ed\u00ed, jako jsou \u00faniky nebo rozlit\u00ed oleje, a \u0159\u00e1dnou likvidaci pou\u017eit\u00e9ho hydraulick\u00e9ho oleje.<\/p>\n<h2>Odstra\u0148ov\u00e1n\u00ed probl\u00e9m\u016f a b\u011b\u017en\u00e9 probl\u00e9my<\/h2>\n<p>Mezi b\u011b\u017en\u00e9 probl\u00e9my s v\u00e1lcem kore\u010dkov\u00e9ho v\u00e1lce pat\u0159\u00ed \u00faniky oleje, po\u0161kozen\u00ed t\u011bsn\u011bn\u00ed a nemo\u017enost vysunut\u00ed nebo zasunut\u00ed. Kroky pro \u0159e\u0161en\u00ed probl\u00e9m\u016f mohou zahrnovat kontrolu hladiny oleje, kontrolu t\u011bsn\u011bn\u00ed a kontrolu po\u0161kozen\u00ed nebo uvoln\u011bn\u00fdch spoj\u016f. Pravideln\u00e1 \u00fadr\u017eba m\u016f\u017ee p\u0159edej\u00edt potenci\u00e1ln\u00edm probl\u00e9m\u016fm.<\/p>\n<h2>O na\u0161\u00ed spole\u010dnosti<\/h2>\n<p>Jsme v\u00fdrobcem n\u00e1hradn\u00edch hydraulick\u00fdch v\u00e1lc\u016f a nab\u00edz\u00edme kompletn\u00ed sortiment produkt\u016f. Stali jsme se jedn\u00edm z p\u0159edn\u00edch v\u00fdrobc\u016f a velkoobchodn\u00edch distributor\u016f hydraulick\u00fdch v\u00e1lc\u016f po cel\u00e9m sv\u011bt\u011b. \u0158\u00edd\u00edme se principem vynikaj\u00edc\u00ed kvality a spol\u00e9h\u00e1me na industrializovan\u00e9 strategie \u0159\u00edzen\u00ed v\u00fdroby zalo\u017een\u00e9 na zdokonalen\u00fdch v\u00fdrobn\u00edch d\u00edln\u00e1ch, technick\u00fdch talentech, digit\u00e1ln\u00edm \u0161pi\u010dkov\u00e9m v\u00fdrobn\u00edm za\u0159\u00edzen\u00ed a profesion\u00e1ln\u00edch kontroln\u00edch syst\u00e9mech. Neust\u00e1le vylep\u0161ujeme platformu v\u00fdroby v d\u00edln\u00e1ch, zdokonalujeme v\u00fdrobn\u00ed linku pro zaji\u0161t\u011bn\u00ed kvality produkt\u016f a m\u00e1me silnou kreativitu, abychom uspokojili rozmanit\u00e9 pot\u0159eby z\u00e1kazn\u00edk\u016f. Mimo jin\u00e9 poskytujeme profesion\u00e1ln\u00ed mezin\u00e1rodn\u00ed certifikaci, zak\u00e1zkov\u00e9 slu\u017eby, v\u00fdrobn\u00ed za\u0159\u00edzen\u00ed a poprodejn\u00ed servis.<\/p>\n<p><img decoding=\"async\" src=\"https:\/\/hzpt.com\/wp-content\/uploads\/2024\/11\/songte-company-1.webp\"><\/p>\n<p>Autor: lyl<\/p>","protected":false},"excerpt":{"rendered":"<p>Bucket Cylinder For Komatsu Small Excavator PC75UU Introduction A bucket cylinder is a specially designed hydraulic cylinder used to control the movement of buckets in heavy machinery such as excavators, backhoe excavators, and front-end loaders. Its primary function is to allow the bucket to lift, lower, and tilt, making it easier to handle various material [&hellip;]<\/p>","protected":false},"featured_media":14785,"comment_status":"open","ping_status":"closed","template":"","meta":{"_et_pb_use_builder":"","_et_pb_old_content":"","_et_gb_content_width":""},"product_brand":[],"product_cat":[1494],"product_tag":[1495,1496],"class_list":{"0":"post-15120","1":"product","2":"type-product","3":"status-publish","4":"has-post-thumbnail","6":"product_cat-bucket-cylinders","7":"product_tag-bucket-cylinders","8":"product_tag-hydraulic-cylinders","10":"first","11":"instock","12":"shipping-taxable","13":"product-type-simple"},"amp_enabled":true,"_links":{"self":[{"href":"https:\/\/www.hydraulic-cylinders.net\/cs\/wp-json\/wp\/v2\/product\/15120","targetHints":{"allow":["GET"]}}],"collection":[{"href":"https:\/\/www.hydraulic-cylinders.net\/cs\/wp-json\/wp\/v2\/product"}],"about":[{"href":"https:\/\/www.hydraulic-cylinders.net\/cs\/wp-json\/wp\/v2\/types\/product"}],"replies":[{"embeddable":true,"href":"https:\/\/www.hydraulic-cylinders.net\/cs\/wp-json\/wp\/v2\/comments?post=15120"}],"wp:featuredmedia":[{"embeddable":true,"href":"https:\/\/www.hydraulic-cylinders.net\/cs\/wp-json\/wp\/v2\/media\/14785"}],"wp:attachment":[{"href":"https:\/\/www.hydraulic-cylinders.net\/cs\/wp-json\/wp\/v2\/media?parent=15120"}],"wp:term":[{"taxonomy":"product_brand","embeddable":true,"href":"https:\/\/www.hydraulic-cylinders.net\/cs\/wp-json\/wp\/v2\/product_brand?post=15120"},{"taxonomy":"product_cat","embeddable":true,"href":"https:\/\/www.hydraulic-cylinders.net\/cs\/wp-json\/wp\/v2\/product_cat?post=15120"},{"taxonomy":"product_tag","embeddable":true,"href":"https:\/\/www.hydraulic-cylinders.net\/cs\/wp-json\/wp\/v2\/product_tag?post=15120"}],"curies":[{"name":"wp","href":"https:\/\/api.w.org\/{rel}","templated":true}]}}