{"id":15126,"date":"2025-01-19T14:08:16","date_gmt":"2025-01-19T14:08:16","guid":{"rendered":"https:\/\/www.hydraulic-cylinders.net\/product\/bucket-cylinder-for-komatsu-small-excavator-pc128-130-7\/"},"modified":"2025-01-19T14:08:18","modified_gmt":"2025-01-19T14:08:18","slug":"bucket-cylinder-for-komatsu-small-excavator-pc128-130-7","status":"publish","type":"product","link":"https:\/\/www.hydraulic-cylinders.net\/cs\/produkt\/bucket-cylinder-for-komatsu-small-excavator-pc128-130-7\/","title":{"rendered":"V\u00e1lec l\u017e\u00edce pro mal\u00e9 rypadlo Komatsu PC128\/130-7"},"content":{"rendered":"<h2>V\u00e1lec l\u017e\u00edce pro mal\u00e9 rypadlo Komatsu PC128\/130-7<\/h2>\n<h3>Zaveden\u00ed<\/h3>\n<p>Hydraulick\u00fd v\u00e1lec l\u017e\u00edce pro mal\u00e1 rypadla Komatsu PC128\/130-7 je speci\u00e1ln\u011b navr\u017een\u00fd hydraulick\u00fd v\u00e1lec, kter\u00fd se prim\u00e1rn\u011b pou\u017e\u00edv\u00e1 k ovl\u00e1d\u00e1n\u00ed pohybu l\u017eic v t\u011b\u017ek\u00fdch stroj\u00edch, jako jsou rypadla, bagry a \u010deln\u00ed naklada\u010de. Jeho hlavn\u00ed funkc\u00ed je umo\u017enit zved\u00e1n\u00ed, spou\u0161t\u011bn\u00ed a nakl\u00e1p\u011bn\u00ed l\u017e\u00edce, \u010d\u00edm\u017e usnad\u0148uje r\u016fzn\u00e9 \u00fakoly manipulace s materi\u00e1lem. V hydraulick\u00e9m syst\u00e9mu dosahuje v\u00e1lec l\u017e\u00edce p\u0159esn\u00e9ho ovl\u00e1d\u00e1n\u00ed l\u017e\u00edce zm\u011bnami tlaku hydraulick\u00e9ho oleje, co\u017e umo\u017e\u0148uje obsluze efektivn\u011b manipulovat s t\u011b\u017ek\u00fdmi b\u0159emeny a p\u0159izp\u016fsobovat se slo\u017eit\u00fdm pracovn\u00edm prost\u0159ed\u00edm a rozmanit\u00fdm provozn\u00edm po\u017eadavk\u016fm.<\/p>\n<p><img decoding=\"async\" src=\"https:\/\/www.hydraulic-cylinders.net\/wp-content\/uploads\/2025\/01\/songte-company-2.webp\" alt=\"V\u00e1lec l\u017e\u00edce pro mal\u00e9 rypadlo Komatsu PC128\/130-7 Obr\u00e1zek\"><\/p>\n<h3>Funkce<\/h3>\n<ul>\n<li>Vysok\u00e1 pevnost a odolnost: obvykle vyrobeny z vysokopevnostn\u00ed oceli nebo hlin\u00edku, schopn\u00e9 odolat vysok\u00e9mu tlaku a t\u011b\u017ek\u00e9mu zat\u00ed\u017een\u00ed, vhodn\u00e9 pro n\u00e1ro\u010dn\u00e9 pracovn\u00ed prost\u0159ed\u00ed, navr\u017een\u00e9 s ohledem na odolnost proti opot\u0159eben\u00ed a korozi, co\u017e prodlu\u017euje \u017eivotnost.<\/li>\n<li>Efektivn\u00ed hydraulick\u00fd provoz: vyu\u017e\u00edv\u00e1 tlak hydraulick\u00e9ho oleje k dosa\u017een\u00ed plynul\u00e9ho vysouv\u00e1n\u00ed a zasouv\u00e1n\u00ed, je schopen rychle reagovat na \u0159\u00eddic\u00ed povely a poskytuje siln\u00e9 tlakov\u00e9 a ta\u017en\u00e9 s\u00edly, vhodn\u00fd pro manipulaci s t\u011b\u017ek\u00fdmi b\u0159emeny a slo\u017eit\u00e9 provozn\u00ed \u00fakoly.<\/li>\n<li>R\u016fzn\u00e9 typy: typy v\u00e1lc\u016f lze volit podle pot\u0159eb, nap\u0159\u00edklad jedno\u010dinn\u00e9 (hydraulicky ovl\u00e1dan\u00e9 pouze v jednom sm\u011bru) nebo dvoj\u010dinn\u00e9 (hydraulicky ovl\u00e1dan\u00e9 v obou sm\u011brech) v\u00e1lce pro spln\u011bn\u00ed r\u016fzn\u00fdch provozn\u00edch pot\u0159eb, n\u011bkter\u00e9 modely jsou teleskopick\u00e9, co\u017e umo\u017e\u0148uje v\u011bt\u0161\u00ed v\u00fdsuv bez zv\u011bt\u0161en\u00ed vn\u011bj\u0161\u00edch rozm\u011br\u016f, vhodn\u00e9 pro aplikace s omezen\u00fdm prostorem.<\/li>\n<li>Snadn\u00e1 v\u00fdroba: na\u0161e produkty mohou tyto hydraulick\u00e9 v\u00e1lce dokonale nahradit.<\/li>\n<\/ul>\n<p><img decoding=\"async\" src=\"https:\/\/www.hydraulic-cylinders.net\/wp-content\/uploads\/2025\/01\/songte-cylinder-head-with-all-kinds-excavator-models.webp\" alt=\"V\u00e1lec l\u017e\u00edce pro mal\u00e9 rypadlo Komatsu PC128\/130-7 - obr\u00e1zek v\u00fdroby\"><\/p>\n<h3>Aplikace<\/h3>\n<p>V\u00e1lec kore\u010dkov\u00e9ho v\u00e1lce pro mal\u00e1 rypadla Komatsu PC128\/130-7 se \u0161iroce pou\u017e\u00edv\u00e1 v r\u016fzn\u00fdch aplikac\u00edch t\u011b\u017ek\u00fdch stroj\u016f, jako nap\u0159\u00edklad:<\/p>\n<ul>\n<li>Stavebn\u00ed stroje: u bagr\u016f jsou nezbytn\u00e9 pro kop\u00e1n\u00ed, nakl\u00e1d\u00e1n\u00ed a p\u0159emis\u0165ov\u00e1n\u00ed zeminy nebo suti. U r\u00fdpadel s r\u00fdpadly pom\u00e1haj\u00ed kore\u010dkov\u00e9 v\u00e1lce jak p\u0159i kop\u00e1n\u00ed, tak p\u0159i zved\u00e1n\u00ed. <\/li>\n<li>Zem\u011bd\u011blsk\u00e9 stroje: pou\u017e\u00edvaj\u00ed se v \u010deln\u00edch naklada\u010d\u00edch pro nab\u00edr\u00e1n\u00ed, zved\u00e1n\u00ed a p\u0159epravu p\u016fdy, sena a dal\u0161\u00edch materi\u00e1l\u016f.<\/li>\n<li>Rypadla: v\u00e1lce kore\u010dk\u016f umo\u017e\u0148uj\u00ed kop\u00e1n\u00ed t\u00edm, \u017ee umo\u017e\u0148uj\u00ed kore\u010dce proniknout do p\u016fdy.<\/li>\n<li>Naklada\u010de: u \u010deln\u00edch naklada\u010d\u016f pom\u00e1haj\u00ed efektivn\u011b zvedat a nakl\u00e1n\u011bt zbo\u017e\u00ed.<\/li>\n<\/ul>\n<h3>Konstruk\u010dn\u00ed aspekty a krit\u00e9ria v\u00fdb\u011bru<\/h3>\n<p>Mezi konstruk\u010dn\u00ed aspekty a krit\u00e9ria v\u00fdb\u011bru v\u00e1lce l\u017e\u00edce pro mal\u00e9 rypadlo Komatsu PC128\/130-7 pat\u0159\u00ed:<\/p>\n<ul>\n<li>\u00danosnost: schopnost odol\u00e1vat vysok\u00e9mu tlaku a t\u011b\u017ek\u00fdm z\u00e1t\u011b\u017e\u00edm.<\/li>\n<li>T\u011bsn\u011bn\u00ed: schopnost zabr\u00e1nit \u00faniku hydraulick\u00e9ho oleje a udr\u017eovat spr\u00e1vn\u00e9 maz\u00e1n\u00ed.<\/li>\n<li>Trvanlivost: schopnost odol\u00e1vat opot\u0159eben\u00ed a korozi, zejm\u00e9na v n\u00e1ro\u010dn\u00fdch pracovn\u00edch podm\u00ednk\u00e1ch.<\/li>\n<li>Bezpe\u010dnost: schopnost p\u0159edch\u00e1zet nehod\u00e1m a zran\u011bn\u00edm b\u011bhem provozu.<\/li>\n<li>\u00dadr\u017eovatelnost: schopnost snadn\u00e9 \u00fadr\u017eby a opravy.<\/li>\n<\/ul>\n<p><img decoding=\"async\" src=\"https:\/\/www.hydraulic-cylinders.net\/wp-content\/uploads\/2025\/01\/songte-oil-pipes-and-spare-parts.webp\" alt=\"V\u00e1lec l\u017e\u00edce pro mal\u00e9 rypadlo Komatsu PC128\/130-7, obr\u00e1zek n\u00e1hradn\u00edho d\u00edlu\"><\/p>\n<h3>T\u011bsn\u011bn\u00ed a maz\u00e1n\u00ed<\/h3>\n<p>Mezi aspekty t\u011bsn\u011bn\u00ed a maz\u00e1n\u00ed l\u017e\u00edce pro mal\u00e9 rypadlo Komatsu PC128\/130-7 pat\u0159\u00ed:<\/p>\n<ul>\n<li>Pou\u017eit\u00ed r\u016fzn\u00fdch t\u011bsn\u011bn\u00ed, jako jsou t\u011bsn\u011bn\u00ed p\u00edst\u016f a t\u011bsn\u011bn\u00ed p\u00edstnic, vyroben\u00fdch z materi\u00e1l\u016f odoln\u00fdch proti opot\u0159eben\u00ed, jako je polyuretan a nitrilov\u00e1 pry\u017e.<\/li>\n<li>T\u011bleso v\u00e1lce a povrch z\u00e1vitov\u00e9ho konce jsou jemn\u011b opracov\u00e1ny pro zlep\u0161en\u00ed odolnosti proti opot\u0159eben\u00ed.<\/li>\n<li>Pravideln\u00e9 dopl\u0148ov\u00e1n\u00ed hydraulick\u00e9ho oleje pro zaji\u0161t\u011bn\u00ed spr\u00e1vn\u00e9ho maz\u00e1n\u00ed.<\/li>\n<\/ul>\n<h3>\u00dadr\u017eba a opravy<\/h3>\n<p>\u00dadr\u017eba a opravy v\u00e1lce kore\u010dkov\u00e9ho r\u00fdpadla Komatsu PC128\/130-7 zahrnuj\u00ed:<\/p>\n<ul>\n<li>Pravideln\u00e9 kontroly v\u00e1lce, spr\u00e1vn\u00e9 maz\u00e1n\u00ed, v\u00fdm\u011bna t\u011bsn\u011bn\u00ed a kontroly kalibrace.<\/li>\n<li>D\u016fle\u017eitost spr\u00e1vn\u00e9 instalace, maz\u00e1n\u00ed a se\u0159\u00edzen\u00ed.<\/li>\n<li>Poskytov\u00e1n\u00ed pokyn\u016f pro spr\u00e1vn\u00e9 vyrovn\u00e1n\u00ed v\u00e1lce b\u011bhem instalace.<\/li>\n<li>Doporu\u010den\u00ed pro pou\u017eit\u00ed spr\u00e1vn\u00fdch mont\u00e1\u017en\u00edch konzol k upevn\u011bn\u00ed v\u00e1lc\u016f.<\/li>\n<li>Doporu\u010den\u00e9 postupy kontroly, opravy a v\u00fdm\u011bny.<\/li>\n<li>Poskytov\u00e1n\u00ed n\u00e1hradn\u00edch d\u00edl\u016f a repasn\u00edch slu\u017eeb pro prodlou\u017een\u00ed \u017eivotnosti v\u00e1lce l\u017e\u00edce pro mal\u00e1 rypadla Komatsu PC128\/130-7.<\/li>\n<\/ul>\n<p><img decoding=\"async\" src=\"https:\/\/www.hydraulic-cylinders.net\/wp-content\/uploads\/2025\/01\/songte-chushion-collar.webp\" alt=\"V\u00e1lec l\u017e\u00edce pro mal\u00e9 rypadlo Komatsu PC128\/130-7 Obr\u00e1zek l\u00edmce\"><\/p>\n<h3>Bezpe\u010dnostn\u00ed aspekty a faktory prost\u0159ed\u00ed<\/h3>\n<p>P\u0159i pou\u017eit\u00ed kore\u010dkov\u00e9ho v\u00e1lce pro mal\u00e1 rypadla Komatsu PC128\/130-7 jsou d\u016fle\u017eit\u00e1 bezpe\u010dnostn\u00ed opat\u0159en\u00ed. Doporu\u010duje se dodr\u017eovat v\u0161echny bezpe\u010dnostn\u00ed postupy a pokyny, aby se minimalizovala rizika a chr\u00e1nila obsluha a za\u0159\u00edzen\u00ed. Je t\u0159eba zohlednit tak\u00e9 faktory prost\u0159ed\u00ed, jako je teplota, vlhkost a zne\u010di\u0161t\u011bn\u00ed.<\/p>\n<h3>Odstra\u0148ov\u00e1n\u00ed probl\u00e9m\u016f a b\u011b\u017en\u00e9 probl\u00e9my<\/h3>\n<p>Mezi potenci\u00e1ln\u00ed probl\u00e9my s v\u00e1lcem l\u017e\u00edce pro mal\u00e9 rypadlo Komatsu PC128\/130-7 pat\u0159\u00ed \u00fanik oleje, po\u0161kozen\u00ed t\u011bsn\u011bn\u00ed a nedostate\u010dn\u00e9 maz\u00e1n\u00ed. Pro prevenci dal\u0161\u00edho po\u0161kozen\u00ed a prostoj\u016f za\u0159\u00edzen\u00ed je nezbytn\u00e9 rychl\u00e9 odstra\u0148ov\u00e1n\u00ed probl\u00e9m\u016f.<\/p>\n<h3>P\u0159edstaven\u00ed spole\u010dnosti<\/h3>\n<p>Na\u0161e spole\u010dnost je v\u00fdrobcem hydraulick\u00fdch v\u00e1lc\u016f, kter\u00e9 mohou nahradit p\u016fvodn\u00ed hydraulick\u00e9 v\u00e1lce. Nab\u00edz\u00edme \u0161irokou \u0161k\u00e1lu produkt\u016f a stali jsme se jedn\u00edm z p\u0159edn\u00edch v\u00fdrobc\u016f a velkoobchodn\u00edch distributor\u016f hydraulick\u00fdch v\u00e1lc\u016f na dom\u00e1c\u00edm i mezin\u00e1rodn\u00edm trhu. Dodr\u017eujeme princip vynikaj\u00edc\u00ed kvality a spol\u00e9h\u00e1me se na industrializovan\u00e9 strategie \u0159\u00edzen\u00ed v\u00fdroby v precizn\u011b vyroben\u00fdch d\u00edln\u00e1ch. Na\u0161e spole\u010dnost neust\u00e1le vylep\u0161uje v\u00fdrobn\u00ed platformu d\u00edlny, zlep\u0161uje kvalitu v\u00fdroby a m\u00e1 siln\u00e9 tv\u016fr\u010d\u00ed schopnosti. Na\u0161e produkty poskytuj\u00ed v\u00edcerozm\u011brn\u00e1 \u0159e\u0161en\u00ed, kter\u00e1 spl\u0148uj\u00ed pot\u0159eby z\u00e1kazn\u00edk\u016f s vysokou \u00fa\u010dinnost\u00ed, vysokou p\u0159esnost\u00ed a vysokou kvalitou.<\/p>\n<p><img decoding=\"async\" src=\"https:\/\/hzpt.com\/wp-content\/uploads\/2024\/11\/songte-company-1.webp\" alt=\"Image spole\u010dnosti\"><\/p>\n<h3>Profil spole\u010dnosti<\/h3>\n<ul>\n<li>Profesionalita: M\u00e1me t\u00fdm profesion\u00e1l\u016f s dlouholet\u00fdmi zku\u0161enostmi v oboru hydraulick\u00fdch v\u00e1lc\u016f, kte\u0159\u00ed v\u00e1m poskytnou prvot\u0159\u00eddn\u00ed slu\u017eby a technickou podporu.<\/li>\n<li>Mezin\u00e1rodn\u00ed certifikace: Na\u0161e v\u00fdrobky jsou certifikov\u00e1ny dle mezin\u00e1rodn\u00edch norem, aby byla zaji\u0161t\u011bna kvalita a bezpe\u010dnost.<\/li>\n<li>Slu\u017eby na m\u00edru: Poskytujeme slu\u017eby na m\u00edru, kter\u00e9 spl\u0148uj\u00ed individu\u00e1ln\u00ed pot\u0159eby z\u00e1kazn\u00edk\u016f.<\/li>\n<li>V\u00fdrobn\u00ed za\u0159\u00edzen\u00ed: Na\u0161e spole\u010dnost pou\u017e\u00edv\u00e1 modern\u00ed v\u00fdrobn\u00ed za\u0159\u00edzen\u00ed k zaji\u0161t\u011bn\u00ed kvality a efektivity v\u00fdrobk\u016f.<\/li>\n<li>Poprodejn\u00ed servis: Poskytujeme komplexn\u00ed poprodejn\u00ed servis, v\u010detn\u011b \u00fadr\u017eby, oprav a v\u00fdm\u011bny d\u00edl\u016f.<\/li>\n<\/ul>\n<p><img decoding=\"async\" src=\"https:\/\/www.hydraulic-cylinders.net\/wp-content\/uploads\/2025\/01\/songte-company-3.webp\" alt=\"Obr\u00e1zek profilu spole\u010dnosti\"><\/p>\n<p>Autor: lyl<\/p>","protected":false},"excerpt":{"rendered":"<p>Bucket Cylinder For Komatsu Small Excavator PC128\/130-7 Introduction The Bucket Cylinder For Komatsu Small Excavator PC128\/130-7 is a specially designed hydraulic cylinder primarily used for controlling the movement of buckets in heavy machinery such as excavators, backhoes, and front-end loaders. Its main function is to enable the bucket to lift, lower, and tilt, thereby facilitating [&hellip;]<\/p>","protected":false},"featured_media":14773,"comment_status":"open","ping_status":"closed","template":"","meta":{"_et_pb_use_builder":"","_et_pb_old_content":"","_et_gb_content_width":""},"product_brand":[],"product_cat":[1494],"product_tag":[1495,1496],"class_list":{"0":"post-15126","1":"product","2":"type-product","3":"status-publish","4":"has-post-thumbnail","6":"product_cat-bucket-cylinders","7":"product_tag-bucket-cylinders","8":"product_tag-hydraulic-cylinders","10":"first","11":"instock","12":"shipping-taxable","13":"product-type-simple"},"amp_enabled":true,"_links":{"self":[{"href":"https:\/\/www.hydraulic-cylinders.net\/cs\/wp-json\/wp\/v2\/product\/15126","targetHints":{"allow":["GET"]}}],"collection":[{"href":"https:\/\/www.hydraulic-cylinders.net\/cs\/wp-json\/wp\/v2\/product"}],"about":[{"href":"https:\/\/www.hydraulic-cylinders.net\/cs\/wp-json\/wp\/v2\/types\/product"}],"replies":[{"embeddable":true,"href":"https:\/\/www.hydraulic-cylinders.net\/cs\/wp-json\/wp\/v2\/comments?post=15126"}],"wp:featuredmedia":[{"embeddable":true,"href":"https:\/\/www.hydraulic-cylinders.net\/cs\/wp-json\/wp\/v2\/media\/14773"}],"wp:attachment":[{"href":"https:\/\/www.hydraulic-cylinders.net\/cs\/wp-json\/wp\/v2\/media?parent=15126"}],"wp:term":[{"taxonomy":"product_brand","embeddable":true,"href":"https:\/\/www.hydraulic-cylinders.net\/cs\/wp-json\/wp\/v2\/product_brand?post=15126"},{"taxonomy":"product_cat","embeddable":true,"href":"https:\/\/www.hydraulic-cylinders.net\/cs\/wp-json\/wp\/v2\/product_cat?post=15126"},{"taxonomy":"product_tag","embeddable":true,"href":"https:\/\/www.hydraulic-cylinders.net\/cs\/wp-json\/wp\/v2\/product_tag?post=15126"}],"curies":[{"name":"wp","href":"https:\/\/api.w.org\/{rel}","templated":true}]}}