{"id":15131,"date":"2025-01-19T14:08:35","date_gmt":"2025-01-19T14:08:35","guid":{"rendered":"https:\/\/www.hydraulic-cylinders.net\/product\/bucket-cylinder-for-komatsu-small-excavator-pc130-8mo-hb205-1mo-hb2152c-1mo\/"},"modified":"2025-01-19T14:08:43","modified_gmt":"2025-01-19T14:08:43","slug":"bucket-cylinder-for-komatsu-small-excavator-pc130-8mo-hb205-1mo-hb2152c-1mo","status":"publish","type":"product","link":"https:\/\/www.hydraulic-cylinders.net\/cs\/produkt\/bucket-cylinder-for-komatsu-small-excavator-pc130-8mo-hb205-1mo-hb2152c-1mo\/","title":{"rendered":"V\u00e1lec l\u017e\u00edce pro mal\u00e9 rypadlo Komatsu PC130-8MO.HB205-1MO.HB2152C-1MO"},"content":{"rendered":"<h1>V\u00e1lec l\u017e\u00edce pro mal\u00e9 rypadlo Komatsu PC130-8MO.HB205-1MO.HB2152C-1MO<\/h1>\n<h2>Zaveden\u00ed<\/h2>\n<p>Hydraulick\u00fd v\u00e1lec kope\u010dku je speci\u00e1ln\u011b navr\u017een\u00fd hydraulick\u00fd v\u00e1lec, kter\u00fd se pou\u017e\u00edv\u00e1 hlavn\u011b k ovl\u00e1d\u00e1n\u00ed pohybu kope\u010dk\u016f v t\u011b\u017ek\u00fdch stroj\u00edch, jako jsou bagry, rypadla-naklada\u010de a \u010deln\u00ed naklada\u010de. Jeho hlavn\u00ed funkc\u00ed je umo\u017enit zved\u00e1n\u00ed, spou\u0161t\u011bn\u00ed a nakl\u00e1p\u011bn\u00ed kope\u010dku, co\u017e usnad\u0148uje manipulaci s r\u016fzn\u00fdmi materi\u00e1ly. V hydraulick\u00e9m syst\u00e9mu dosahuje v\u00e1lec kope\u010dku p\u0159esn\u00e9ho ovl\u00e1d\u00e1n\u00ed kope\u010dku zm\u011bnou tlaku hydraulick\u00e9ho oleje, co\u017e umo\u017e\u0148uje obsluze efektivn\u011b manipulovat s t\u011b\u017ek\u00fdmi p\u0159edm\u011bty, p\u0159izp\u016fsobovat se slo\u017eit\u00e9mu pracovn\u00edmu prost\u0159ed\u00ed a rozmanit\u00fdm provozn\u00edm po\u017eadavk\u016fm.<\/p>\n<p><img decoding=\"async\" src=\"https:\/\/www.hydraulic-cylinders.net\/wp-content\/uploads\/2025\/01\/songte-company-2.webp\" alt=\"Obr\u00e1zek v\u00e1lce kbel\u00edku\"><\/p>\n<h2>Funkce<\/h2>\n<ul>\n<li>Vysok\u00e1 pevnost a odolnost: Obvykle je vyroben z vysokopevnostn\u00ed oceli nebo hlin\u00edku, odol\u00e1 vysok\u00e9mu tlaku a velk\u00e9mu zat\u00ed\u017een\u00ed a je navr\u017een s ohledem na odolnost proti opot\u0159eben\u00ed a korozi, co\u017e prodlu\u017euje jeho \u017eivotnost.<\/li>\n<li>Efektivn\u00ed hydraulick\u00fd provoz: D\u00edky vyu\u017eit\u00ed tlaku hydraulick\u00e9ho oleje k dosa\u017een\u00ed plynul\u00e9ho vysouv\u00e1n\u00ed a smr\u0161\u0165ov\u00e1n\u00ed dok\u00e1\u017ee rychle reagovat na \u0159\u00eddic\u00ed povely a poskytovat silnou tla\u010dnou a ta\u017enou s\u00edlu, vhodnou pro manipulaci s t\u011b\u017ek\u00fdmi p\u0159edm\u011bty a slo\u017eit\u00e9 pracovn\u00ed \u00fakoly.<\/li>\n<li>R\u016fzn\u00e9 typy: Jedno\u010dinn\u00e9 (hydraulika pou\u017eit\u00e1 pouze v jednom sm\u011bru) nebo dvoj\u010dinn\u00e9 (hydraulika pou\u017eit\u00e1 v obou sm\u011brech) v\u00e1lce lze volit podle pot\u0159eb a provozn\u00edch po\u017eadavk\u016f. N\u011bkter\u00e9 modely jsou teleskopick\u00e9, co\u017e umo\u017e\u0148uje v\u011bt\u0161\u00ed v\u00fdsuv bez zv\u011bt\u0161en\u00ed vn\u011bj\u0161\u00edch rozm\u011br\u016f, a proto jsou vhodn\u00e9 pro aplikace v omezen\u00e9m prostoru.<\/li>\n<li>Dokonal\u00e1 n\u00e1hrada: N\u00e1\u0161 produkt dok\u00e1\u017ee dokonale nahradit tyto hydraulick\u00e9 v\u00e1lce a nab\u00edz\u00ed \u0161irokou \u0161k\u00e1lu kompatibiln\u00edch model\u016f.<\/li>\n<\/ul>\n<p><img decoding=\"async\" src=\"https:\/\/www.hydraulic-cylinders.net\/wp-content\/uploads\/2025\/01\/songte-cylinder-head-with-all-kinds-excavator-models.webp\" alt=\"Obr\u00e1zek v\u00fdm\u011bny v\u00e1lce lopaty\"><\/p>\n<h2>Aplikace<\/h2>\n<p>Kore\u010dkov\u00e9 v\u00e1lce se \u0161iroce pou\u017e\u00edvaj\u00ed ve stavebn\u00edch, zem\u011bd\u011blsk\u00fdch a v\u00fdkopov\u00fdch stroj\u00edch. N\u00ed\u017ee uv\u00e1d\u00edme n\u011bkter\u00e9 z jejich d\u016fle\u017eit\u00fdch aplikac\u00ed:<\/p>\n<h3>Stavebn\u00ed stroje<\/h3>\n<p>Kore\u010dkov\u00e9 v\u00e1lce jsou nezbytn\u00e9 pro kop\u00e1n\u00ed, nakl\u00e1d\u00e1n\u00ed a p\u0159emis\u0165ov\u00e1n\u00ed zeminy nebo suti v bagrech. U rypadlo-naklada\u010d\u016f pom\u00e1haj\u00ed kore\u010dkov\u00e9 v\u00e1lce jak p\u0159i kop\u00e1n\u00ed, tak p\u0159i zved\u00e1n\u00ed. <\/p>\n<h3>Zem\u011bd\u011blsk\u00e9 stroje<\/h3>\n<p>Pou\u017e\u00edvaj\u00ed se pro \u010deln\u00ed naklada\u010de, pro nab\u00edr\u00e1n\u00ed, zved\u00e1n\u00ed a p\u0159epravu zeminy, sena a dal\u0161\u00edch materi\u00e1l\u016f.<\/p>\n<h3>Bagry<\/h3>\n<p>V\u00e1lce l\u017e\u00edce umo\u017e\u0148uj\u00ed kop\u00e1n\u00ed t\u00edm, \u017ee umo\u017e\u0148uj\u00ed l\u017e\u00edci proniknout do p\u016fdy.<\/p>\n<h3>Naklada\u010de<\/h3>\n<p>U \u010deln\u00edch naklada\u010d\u016f pom\u00e1haj\u00ed efektivn\u011b zvedat a vykl\u00e1dat n\u00e1klad.<\/p>\n<p><img decoding=\"async\" src=\"https:\/\/www.hydraulic-cylinders.net\/wp-content\/uploads\/2025\/01\/songte-bushings-with-all-kinds-of-excavator-models.webp\" alt=\"Obr\u00e1zek aplikace v\u00e1lce kore\u010dkov\u00e9ho v\u00e1lce\"><\/p>\n<h2>Konstruk\u010dn\u00ed aspekty a krit\u00e9ria v\u00fdb\u011bru<\/h2>\n<p>Kore\u010dkov\u00e9 v\u00e1lce jsou kl\u00ed\u010dov\u00fdmi sou\u010d\u00e1stmi t\u011b\u017ek\u00fdch stroj\u016f, proto je pro optim\u00e1ln\u00ed v\u00fdkon t\u0159eba zohlednit jejich konstrukci a v\u00fdb\u011brov\u00e1 krit\u00e9ria. Mezi d\u016fle\u017eit\u00e9 aspekty pat\u0159\u00ed:<\/p>\n<h3>\u00danosnost<\/h3>\n<p>V\u00e1lec by m\u011bl b\u00fdt schopen odolat velk\u00e9mu zat\u00ed\u017een\u00ed, kter\u00e9 je typick\u00e9 pro stavebn\u00ed a v\u00fdkopov\u00e9 stroje. <\/p>\n<h3>T\u011bsn\u011bn\u00ed a trvanlivost<\/h3>\n<p>T\u011bsn\u011bn\u00ed, jako jsou p\u00edstn\u00ed a p\u00edstn\u00ed t\u011bsn\u011bn\u00ed, vyroben\u00e1 z materi\u00e1l\u016f odoln\u00fdch proti opot\u0159eben\u00ed, jako je polyuretan a nitrilov\u00e1 pry\u017e, by m\u011bla b\u00fdt vybr\u00e1na pro zaji\u0161t\u011bn\u00ed trvanlivosti. T\u011bleso v\u00e1lce a z\u00e1vitov\u00e9 konce by tak\u00e9 m\u011bly b\u00fdt jemn\u011b opracov\u00e1ny pro zlep\u0161en\u00ed odolnosti proti opot\u0159eben\u00ed. <\/p>\n<h3>Bezpe\u010dnost a \u00fadr\u017eba<\/h3>\n<p>Sou\u010d\u00e1sti v\u00e1lce kore\u010dkov\u00e9ho v\u00e1lce by m\u011bly b\u00fdt smontov\u00e1ny a udr\u017eov\u00e1ny tak, aby byl zaji\u0161t\u011bn bezpe\u010dn\u00fd provoz a p\u0159ede\u0161lo se nehod\u00e1m. Pro zaji\u0161t\u011bn\u00ed optim\u00e1ln\u00edho v\u00fdkonu by m\u011bla b\u00fdt prov\u00e1d\u011bna pravideln\u00e1 \u00fadr\u017eba, jako je maz\u00e1n\u00ed, v\u00fdm\u011bna t\u011bsn\u011bn\u00ed a kalibra\u010dn\u00ed kontroly.<\/p>\n<p><img decoding=\"async\" src=\"https:\/\/www.hydraulic-cylinders.net\/wp-content\/uploads\/2025\/01\/songte-oil-pipes-and-spare-parts.webp\" alt=\"Obr\u00e1zek n\u00e1vrhu v\u00e1lce kbel\u00edku\"><\/p>\n<h2>T\u011bsn\u011bn\u00ed a maz\u00e1n\u00ed<\/h2>\n<p>Kore\u010dkov\u00e9 v\u00e1lce vy\u017eaduj\u00ed r\u016fzn\u00e9 t\u011bsnic\u00ed d\u00edly, jako jsou t\u011bsn\u011bn\u00ed p\u00edst\u016f a t\u011bsn\u011bn\u00ed p\u00edstnic, kter\u00e9 jsou vyrobeny z materi\u00e1l\u016f odoln\u00fdch proti opot\u0159eben\u00ed, jako je polyuretan a nitrilov\u00e1 pry\u017e. T\u011bleso v\u00e1lce a z\u00e1vitov\u00e9 koncov\u00e9 plochy jsou tak\u00e9 jemn\u011b opracov\u00e1ny pro zlep\u0161en\u00ed odolnosti proti opot\u0159eben\u00ed. Pravideln\u00e9 dopl\u0148ov\u00e1n\u00ed vhodn\u00e9ho hydraulick\u00e9ho oleje je d\u016fle\u017eit\u00e9 pro zaji\u0161t\u011bn\u00ed maz\u00e1n\u00ed.<\/p>\n<h2>\u00dadr\u017eba a opravy<\/h2>\n<p>Spr\u00e1vn\u00e1 \u00fadr\u017eba kore\u010dkov\u00fdch v\u00e1lc\u016f je z\u00e1sadn\u00ed pro jejich optim\u00e1ln\u00ed v\u00fdkon a dlouhou \u017eivotnost. Pro zaji\u0161t\u011bn\u00ed optim\u00e1ln\u00edho v\u00fdkonu by m\u011bly b\u00fdt prov\u00e1d\u011bny pravideln\u00e9 kontroly, maz\u00e1n\u00ed, v\u00fdm\u011bna t\u011bsn\u011bn\u00ed a kalibra\u010dn\u00ed kontroly. <\/p>\n<h2>Pokyny k instalaci<\/h2>\n<p>Spr\u00e1vn\u00e1 instalace je nezbytn\u00e1 pro spr\u00e1vn\u00fd provoz kore\u010dkov\u00fdch v\u00e1lc\u016f. Je t\u0159eba zv\u00e1\u017eit n\u00e1sleduj\u00edc\u00ed tipy:<\/p>\n<ul>\n<li>Zajist\u011bte spr\u00e1vn\u00e9 vyrovn\u00e1n\u00ed v\u00e1lce se za\u0159\u00edzen\u00edm<\/li>\n<li>Pro upevn\u011bn\u00ed v\u00e1lce pou\u017eijte vhodn\u00e9 mont\u00e1\u017en\u00ed konzoly<\/li>\n<li>Dodr\u017eujte doporu\u010den\u00e9 postupy kontroly, opravy a v\u00fdm\u011bny<\/li>\n<li>Pou\u017e\u00edvejte spr\u00e1vn\u00e9 d\u00edly a prov\u00e1d\u011bjte repase, abyste prodlou\u017eili \u017eivotnost v\u00e1lce.<\/li>\n<\/ul>\n<p><img decoding=\"async\" src=\"https:\/\/www.hydraulic-cylinders.net\/wp-content\/uploads\/2025\/01\/songte-chushion-collar.webp\" alt=\"Obr\u00e1zek instalace v\u00e1lce kope\u010dku\"><\/p>\n<h2>Bezpe\u010dnostn\u00ed aspekty a faktory prost\u0159ed\u00ed<\/h2>\n<p>Kbel\u00edkov\u00e9 v\u00e1lce by m\u011bly b\u00fdt instalov\u00e1ny a udr\u017eov\u00e1ny v souladu s pokyny v\u00fdrobce, aby byla zaji\u0161t\u011bna jejich bezpe\u010dnost. Faktory prost\u0159ed\u00ed, jako je po\u010das\u00ed, teplota a vlhkost, mohou ovlivnit v\u00fdkon v\u00e1lce, proto je t\u0159eba prov\u00e1d\u011bt pravideln\u00e9 kontroly \u00fadr\u017eby, aby byl zaji\u0161t\u011bn optim\u00e1ln\u00ed v\u00fdkon.<\/p>\n<h2>Odstra\u0148ov\u00e1n\u00ed probl\u00e9m\u016f a b\u011b\u017en\u00e9 probl\u00e9my<\/h2>\n<p>Mezi b\u011b\u017en\u00e9 probl\u00e9my, kter\u00fdm mohou \u010delit v\u00e1lce kore\u010dk\u016f, pat\u0159\u00ed net\u011bsnost, \u0161patn\u00fd v\u00fdkon a opot\u0159eben\u00ed. Pro \u0159e\u0161en\u00ed t\u011bchto probl\u00e9m\u016f je d\u016fle\u017eit\u00e9 spr\u00e1vn\u011b diagnostikovat probl\u00e9m a pou\u017e\u00edt vhodn\u00e9 metody opravy a v\u00fdm\u011bny. Preventivn\u00ed opat\u0159en\u00ed, jako je pravideln\u00e1 \u00fadr\u017eba a v\u00fdm\u011bna opot\u0159ebovan\u00fdch d\u00edl\u016f, mohou pomoci minimalizovat potenci\u00e1ln\u00ed probl\u00e9my.<\/p>\n<p><img decoding=\"async\" src=\"https:\/\/hzpt.com\/wp-content\/uploads\/2024\/11\/songte-company-1.webp\" alt=\"Obr\u00e1zek pro odstra\u0148ov\u00e1n\u00ed probl\u00e9m\u016f s v\u00e1lcem l\u017e\u00edce\"><\/p>\n<h2>O na\u0161\u00ed spole\u010dnosti<\/h2>\n<p>Jsme v\u00fdrobcem n\u00e1hradn\u00edch hydraulick\u00fdch v\u00e1lc\u016f a p\u0159edn\u00edm v\u00fdrobcem a velkoobchodn\u00edm distributorem hydraulick\u00fdch v\u00e1lc\u016f na dom\u00e1c\u00edm i mezin\u00e1rodn\u00edm trhu. \u0158\u00edd\u00edme se strategi\u00ed \u0159\u00edzen\u00ed pr\u016fmyslov\u00e9 v\u00fdroby zalo\u017eenou na vynikaj\u00edc\u00ed kvalit\u011b, spol\u00e9h\u00e1me se na vyu\u017eit\u00ed technick\u00fdch talent\u016f, \u0161pi\u010dkov\u00e9ho digit\u00e1ln\u00edho v\u00fdrobn\u00edho za\u0159\u00edzen\u00ed a profesion\u00e1ln\u00edch testovac\u00edch syst\u00e9m\u016f. Neust\u00e1le zdokonalujeme v\u00fdrobn\u00ed platformu d\u00edlny, zlep\u0161ujeme v\u00fdrobn\u00ed linku kvality produkt\u016f a m\u00e1me silnou tv\u016fr\u010d\u00ed schopnost uspokojovat rozmanit\u00e9 pot\u0159eby z\u00e1kazn\u00edk\u016f s principy vysok\u00e9 efektivity, vysok\u00e9 p\u0159esnosti a vysok\u00e9 kvality.<\/p>\n<p><img decoding=\"async\" src=\"https:\/\/www.hydraulic-cylinders.net\/wp-content\/uploads\/2025\/01\/songte-company-3.webp\" alt=\"O na\u0161\u00ed spole\u010dnosti Image\"><\/p>\n<h3>Profesionalita<\/h3>\n<p>M\u00e1me t\u00fdm profesion\u00e1l\u016f, kte\u0159\u00ed se v\u011bnuj\u00ed poskytov\u00e1n\u00ed kvalitn\u00edch slu\u017eeb a podpory.<\/p>\n<h3>Mezin\u00e1rodn\u00ed certifikace<\/h3>\n<p>Na\u0161e v\u00fdrobky z\u00edskaly mezin\u00e1rodn\u00ed certifikaci, co\u017e zaru\u010duje, \u017ee spl\u0148uj\u00ed nejvy\u0161\u0161\u00ed standardy kvality.<\/p>\n<h3>P\u0159izp\u016fsoben\u00ed<\/h3>\n<p>Jsme schopni se p\u0159izp\u016fsobit individu\u00e1ln\u00edm po\u017eadavk\u016fm z\u00e1kazn\u00edka.<\/p>\n<h3>V\u00fdrobn\u00ed za\u0159\u00edzen\u00ed<\/h3>\n<p>Pro v\u00fdrobu na\u0161ich produkt\u016f pou\u017e\u00edv\u00e1me \u0161pi\u010dkov\u00e9 vybaven\u00ed pro optim\u00e1ln\u00ed v\u00fdkon a dlouhou \u017eivotnost.<\/p>\n<h3>Poprodejn\u00ed servis<\/h3>\n<p>Poskytujeme poprodejn\u00ed servis, abychom zajistili spokojenost na\u0161ich z\u00e1kazn\u00edk\u016f s na\u0161imi produkty a slu\u017ebami.<\/p>\n<p>Autor: lyl<\/p>","protected":false},"excerpt":{"rendered":"<p>Bucket Cylinder For Komatsu Small Excavator PC130-8MO.HB205-1MO.HB2152C-1MO Introduction A bucket cylinder is a specially designed hydraulic cylinder, mainly used to control the movement of buckets in heavy machinery such as excavators, backhoe loaders, and front-end loaders. Its main function is to enable the bucket to lift, lower, and tilt, making it easier to handle various [&hellip;]<\/p>","protected":false},"featured_media":14761,"comment_status":"open","ping_status":"closed","template":"","meta":{"_et_pb_use_builder":"","_et_pb_old_content":"","_et_gb_content_width":""},"product_brand":[],"product_cat":[1494],"product_tag":[1495,1496],"class_list":{"0":"post-15131","1":"product","2":"type-product","3":"status-publish","4":"has-post-thumbnail","6":"product_cat-bucket-cylinders","7":"product_tag-bucket-cylinders","8":"product_tag-hydraulic-cylinders","10":"first","11":"instock","12":"shipping-taxable","13":"product-type-simple"},"amp_enabled":true,"_links":{"self":[{"href":"https:\/\/www.hydraulic-cylinders.net\/cs\/wp-json\/wp\/v2\/product\/15131","targetHints":{"allow":["GET"]}}],"collection":[{"href":"https:\/\/www.hydraulic-cylinders.net\/cs\/wp-json\/wp\/v2\/product"}],"about":[{"href":"https:\/\/www.hydraulic-cylinders.net\/cs\/wp-json\/wp\/v2\/types\/product"}],"replies":[{"embeddable":true,"href":"https:\/\/www.hydraulic-cylinders.net\/cs\/wp-json\/wp\/v2\/comments?post=15131"}],"wp:featuredmedia":[{"embeddable":true,"href":"https:\/\/www.hydraulic-cylinders.net\/cs\/wp-json\/wp\/v2\/media\/14761"}],"wp:attachment":[{"href":"https:\/\/www.hydraulic-cylinders.net\/cs\/wp-json\/wp\/v2\/media?parent=15131"}],"wp:term":[{"taxonomy":"product_brand","embeddable":true,"href":"https:\/\/www.hydraulic-cylinders.net\/cs\/wp-json\/wp\/v2\/product_brand?post=15131"},{"taxonomy":"product_cat","embeddable":true,"href":"https:\/\/www.hydraulic-cylinders.net\/cs\/wp-json\/wp\/v2\/product_cat?post=15131"},{"taxonomy":"product_tag","embeddable":true,"href":"https:\/\/www.hydraulic-cylinders.net\/cs\/wp-json\/wp\/v2\/product_tag?post=15131"}],"curies":[{"name":"wp","href":"https:\/\/api.w.org\/{rel}","templated":true}]}}