{"id":15139,"date":"2025-01-19T14:09:15","date_gmt":"2025-01-19T14:09:15","guid":{"rendered":"https:\/\/www.hydraulic-cylinders.net\/product\/bucket-cylinder-for-komatsu-middle-excavator-pc200-3-5-6-7-8-8mo\/"},"modified":"2025-01-19T14:09:17","modified_gmt":"2025-01-19T14:09:17","slug":"bucket-cylinder-for-komatsu-middle-excavator-pc200-3-5-6-7-8-8mo","status":"publish","type":"product","link":"https:\/\/www.hydraulic-cylinders.net\/cs\/produkt\/bucket-cylinder-for-komatsu-middle-excavator-pc200-3-5-6-7-8-8mo\/","title":{"rendered":"V\u00e1lec l\u017e\u00edce pro st\u0159edn\u00ed bagr Komatsu PC200-3-5-6-7-8-8MO"},"content":{"rendered":"<h1>V\u00e1lec l\u017e\u00edce pro st\u0159edn\u00ed bagr Komatsu PC200-3-5-6-7-8-8MO<\/h1>\n<h2>Zaveden\u00ed<\/h2>\n<h3>Definov\u00e1n\u00ed v\u00e1lce kope\u010dku<\/h3>\n<p>Hydraulick\u00fd v\u00e1lec l\u017e\u00edce pro st\u0159edov\u00fd bagr Komatsu PC200-3-5-6-7-8-8MO je specializovan\u00fd hydraulick\u00fd v\u00e1lec ur\u010den\u00fd pro ovl\u00e1d\u00e1n\u00ed pohybu l\u017e\u00edce v t\u011b\u017ek\u00fdch stroj\u00edch, jako jsou rypadla, bagry a \u010deln\u00ed naklada\u010de. Jeho prim\u00e1rn\u00ed funkc\u00ed je umo\u017enit zved\u00e1n\u00ed, spou\u0161t\u011bn\u00ed a nakl\u00e1p\u011bn\u00ed l\u017e\u00edce, co\u017e ji usnad\u0148uje p\u0159i r\u016fzn\u00fdch \u00fakonech manipulace s materi\u00e1lem. V hydraulick\u00e9m syst\u00e9mu v\u00e1lec l\u017e\u00edce vyu\u017e\u00edv\u00e1 zm\u011bny tlaku hydraulick\u00e9ho oleje k dosa\u017een\u00ed p\u0159esn\u00e9ho ovl\u00e1d\u00e1n\u00ed l\u017e\u00edce, co\u017e umo\u017e\u0148uje obsluze efektivn\u011b manipulovat s t\u011b\u017ek\u00fdmi b\u0159emeny a p\u0159izp\u016fsobovat se slo\u017eit\u00fdm pracovn\u00edm prost\u0159ed\u00edm a rozmanit\u00fdm provozn\u00edm po\u017eadavk\u016fm.<\/p>\n<p><img decoding=\"async\" src=\"https:\/\/www.hydraulic-cylinders.net\/wp-content\/uploads\/2025\/01\/songte-company-2.webp\"><\/p>\n<h3>Vlastnosti kore\u010dkov\u00e9ho v\u00e1lce<\/h3>\n<ul>\n<li><strong>Vysok\u00e1 pevnost a odolnost:<\/strong> Obvykle je vyroben z vysokopevnostn\u00ed oceli nebo hlin\u00edku, odol\u00e1 vysok\u00e9mu tlaku a velk\u00e9mu zat\u00ed\u017een\u00ed, a je tak vhodn\u00fd pro n\u00e1ro\u010dn\u00e9 pracovn\u00ed prost\u0159ed\u00ed. Konstrukce zohled\u0148uje odolnost proti opot\u0159eben\u00ed a korozi, co\u017e prodlu\u017euje \u017eivotnost.<\/li>\n<li><strong>Efektivn\u00ed hydraulick\u00fd provoz:<\/strong> Vyu\u017e\u00edv\u00e1 hydraulick\u00fd tlak oleje k dosa\u017een\u00ed plynul\u00e9ho vysouv\u00e1n\u00ed a zasouv\u00e1n\u00ed, rychle reaguje na ovl\u00e1dac\u00ed povely a poskytuje siln\u00e9 tla\u010dn\u00e9 a ta\u017en\u00e9 s\u00edly, vhodn\u00e9 pro manipulaci s t\u011b\u017ek\u00fdmi b\u0159emeny a slo\u017eit\u00fdmi \u00fakoly.<\/li>\n<li><strong>R\u016fzn\u00e9 typy:<\/strong> Podle po\u017eadavk\u016f lze pro spln\u011bn\u00ed r\u016fzn\u00fdch provozn\u00edch pot\u0159eb zvolit jedno\u010dinn\u00e9 (hydraulika pou\u017eit\u00e1 pouze v jednom sm\u011bru) nebo dvoj\u010dinn\u00e9 (hydraulika pou\u017eit\u00e1 ve dvou sm\u011brech) v\u00e1lce. N\u011bkter\u00e9 modely jsou teleskopick\u00e9, co\u017e umo\u017e\u0148uje v\u011bt\u0161\u00ed v\u00fdsuv bez zv\u011bt\u0161en\u00ed vn\u011bj\u0161\u00edch rozm\u011br\u016f, vhodn\u00e9 pro aplikace s omezen\u00fdm prostorem.<\/li>\n<li><strong>Perfektn\u00ed n\u00e1hrada:<\/strong> Na\u0161e produkty dok\u00e1\u017e\u00ed tyto hydraulick\u00e9 v\u00e1lce dokonale nahradit.<\/li>\n<\/ul>\n<p><img decoding=\"async\" src=\"https:\/\/www.hydraulic-cylinders.net\/wp-content\/uploads\/2025\/01\/songte-cylinder-head-with-all-kinds-excavator-models.webp\"><\/p>\n<h3>Aplikace kore\u010dkov\u00e9ho v\u00e1lce<\/h3>\n<ul>\n<li><strong>Stavebn\u00ed stroje:<\/strong> U bagr\u016f jsou nezbytn\u00e9 pro kop\u00e1n\u00ed, nakl\u00e1d\u00e1n\u00ed a p\u0159emis\u0165ov\u00e1n\u00ed zeminy nebo suti. U rypadlo-naklada\u010d\u016f pom\u00e1h\u00e1 v\u00e1lec kore\u010dk\u016f p\u0159i v\u00fdkopov\u00fdch prac\u00edch a zved\u00e1n\u00ed. <\/li>\n<li><strong>Zem\u011bd\u011blsk\u00e9 stroje:<\/strong> Pou\u017e\u00edv\u00e1 se v \u010deln\u00edch naklada\u010d\u00edch pro nab\u00edr\u00e1n\u00ed, zved\u00e1n\u00ed a p\u0159epravu zeminy, sena a dal\u0161\u00edch materi\u00e1l\u016f. <\/li>\n<li><strong>Bagry:<\/strong> V\u00e1lec l\u017e\u00edce umo\u017e\u0148uje v\u00fdkop t\u00edm, \u017ee umo\u017e\u0148uje l\u017e\u00edci proniknout do p\u016fdy.<\/li>\n<li><strong>Naklada\u010d:<\/strong> U \u010deln\u00edch naklada\u010d\u016f usnad\u0148uje efektivn\u00ed zved\u00e1n\u00ed a vykl\u00e1dku zbo\u017e\u00ed. <\/li>\n<\/ul>\n<h3>Konstruk\u010dn\u00ed aspekty a krit\u00e9ria v\u00fdb\u011bru<\/h3>\n<h4>\u00davahy o designu<\/h4>\n<ul>\n<li><strong>Nosnost:<\/strong> Nosnost kore\u010dkov\u00e9ho v\u00e1lce je kl\u00ed\u010dov\u00fdm faktorem, proto\u017ee ur\u010duje mno\u017estv\u00ed hmotnosti, kterou zvl\u00e1dne.<\/li>\n<li><strong>T\u011bsn\u011bn\u00ed:<\/strong> T\u011bsnic\u00ed syst\u00e9m hydraulick\u00e9ho v\u00e1lce kore\u010dkov\u00e9ho v\u00e1lce mus\u00ed zabr\u00e1nit \u00faniku hydraulick\u00e9ho oleje a zajistit efektivn\u00ed provoz syst\u00e9mu. <\/li>\n<li><strong>Trvanlivost:<\/strong> Trvanlivost kore\u010dkov\u00e9ho v\u00e1lce z\u00e1vis\u00ed na materi\u00e1lu pou\u017eit\u00e9m p\u0159i jeho konstrukci a na konstrukci sou\u010d\u00e1st\u00ed odoln\u00fdch proti opot\u0159eben\u00ed a korozi.<\/li>\n<li><strong>Bezpe\u010dnost:<\/strong> Konstrukce kore\u010dkov\u00e9ho v\u00e1lce mus\u00ed zohled\u0148ovat bezpe\u010dnostn\u00ed opat\u0159en\u00ed, jako je zabr\u00e1n\u011bn\u00ed n\u00e1hl\u00e9mu pohybu a zaji\u0161t\u011bn\u00ed stability v\u00e1lce b\u011bhem provozu.<\/li>\n<li><strong>\u00dadr\u017eba:<\/strong> V\u00e1lec kore\u010dkov\u00e9ho v\u00e1lce mus\u00ed b\u00fdt snadno udr\u017eovateln\u00fd a opravovateln\u00fd, s komponenty, kter\u00e9 jsou snadno p\u0159\u00edstupn\u00e9 a vym\u011bniteln\u00e9.<\/li>\n<\/ul>\n<h4>Krit\u00e9ria v\u00fdb\u011bru<\/h4>\n<ul>\n<li><strong>Nosnost:<\/strong> Nosnost kore\u010dkov\u00e9ho v\u00e1lce by m\u011bla odpov\u00eddat provozn\u00edm po\u017eadavk\u016fm strojn\u00edho za\u0159\u00edzen\u00ed. <\/li>\n<li><strong>D\u00e9lka zdvihu:<\/strong> D\u00e9lka zdvihu kore\u010dkov\u00e9ho v\u00e1lce by m\u011bla odpov\u00eddat po\u017eadovan\u00e9mu rozsahu pohybu stroje. <\/li>\n<li><strong>Pr\u016fm\u011br:<\/strong> Pr\u016fm\u011br v\u00e1lce l\u017e\u00edce by m\u011bl odpov\u00eddat pracovn\u00edmu tlaku hydraulick\u00e9ho syst\u00e9mu.<\/li>\n<\/ul>\n<p><img decoding=\"async\" src=\"https:\/\/www.hydraulic-cylinders.net\/wp-content\/uploads\/2025\/01\/songte-oil-pipes-and-spare-parts.webp\"><\/p>\n<h3>T\u011bsn\u011bn\u00ed a maz\u00e1n\u00ed v\u00e1lce kore\u010dkov\u00e9 l\u017e\u00edce<\/h3>\n<p>Kore\u010dkov\u00fd v\u00e1lec pou\u017e\u00edv\u00e1 r\u016fzn\u00e1 t\u011bsn\u011bn\u00ed, jako jsou p\u00edstn\u00ed t\u011bsn\u011bn\u00ed a t\u011bsn\u011bn\u00ed p\u00edstnice, vyroben\u00e1 z materi\u00e1l\u016f odoln\u00fdch proti opot\u0159eben\u00ed, jako je polyuretan a nitrilov\u00e1 pry\u017e. T\u011bleso v\u00e1lce a z\u00e1vitov\u00e9 koncov\u00e9 plochy proch\u00e1zej\u00ed jemn\u00fdm opracov\u00e1n\u00edm pro zlep\u0161en\u00ed odolnosti proti opot\u0159eben\u00ed. Kore\u010dkov\u00fd v\u00e1lec vy\u017eaduje pravideln\u00e9 maz\u00e1n\u00ed vhodn\u00fdm mno\u017estv\u00edm hydraulick\u00e9ho oleje pro zaji\u0161t\u011bn\u00ed hladk\u00e9ho provozu.<\/p>\n<h3>\u00dadr\u017eba a opravy<\/h3>\n<p>Kore\u010dkov\u00fd v\u00e1lec vy\u017eaduje pravideln\u00e9 kontroly a preventivn\u00ed \u00fadr\u017ebu, jako je spr\u00e1vn\u00e9 maz\u00e1n\u00ed, v\u00fdm\u011bna t\u011bsn\u011bn\u00ed a kontrola kalibrace. Spr\u00e1vn\u00e1 instalace je nezbytn\u00e1, v\u010detn\u011b spr\u00e1vn\u00e9ho vyrovn\u00e1n\u00ed v\u00e1lce a doporu\u010den\u00e9ho pou\u017eit\u00ed mont\u00e1\u017en\u00edch konzol k jeho zaji\u0161t\u011bn\u00ed. Pro prodlou\u017een\u00ed \u017eivotnosti kore\u010dkov\u00e9ho v\u00e1lce doporu\u010dujeme dodr\u017eovat uveden\u00e9 postupy kontroly, opravy a v\u00fdm\u011bny.<\/p>\n<p><img decoding=\"async\" src=\"https:\/\/www.hydraulic-cylinders.net\/wp-content\/uploads\/2025\/01\/songte-chushion-collar.webp\"><\/p>\n<h3>Bezpe\u010dnostn\u00ed a environment\u00e1ln\u00ed obavy<\/h3>\n<p>P\u0159i pou\u017e\u00edv\u00e1n\u00ed kore\u010dkov\u00e9ho v\u00e1lce je nutn\u00e9 v\u017edy dodr\u017eovat p\u0159\u00edslu\u0161n\u00e1 bezpe\u010dnostn\u00ed opat\u0159en\u00ed. Je nezbytn\u00e9 dodr\u017eovat doporu\u010den\u00e9 instala\u010dn\u00ed postupy a pou\u017e\u00edvat vhodn\u00e9 bezpe\u010dnostn\u00ed pom\u016fcky a vybaven\u00ed. Hydraulick\u00e9 kapaliny kore\u010dkov\u00e9ho v\u00e1lce je t\u0159eba \u0159\u00e1dn\u011b zlikvidovat v souladu s p\u0159edpisy na ochranu \u017eivotn\u00edho prost\u0159ed\u00ed.<\/p>\n<h3>Diagnostika poruch a b\u011b\u017en\u00e9 probl\u00e9my<\/h3>\n<p>Mezi b\u011b\u017en\u00e9 probl\u00e9my, kter\u00e9 mohou u kore\u010dkov\u00e9ho v\u00e1lce nastat, pat\u0159\u00ed selh\u00e1n\u00ed t\u011bsn\u011bn\u00ed, net\u011bsnost a nadm\u011brn\u00e9 opot\u0159eben\u00ed. Spr\u00e1vn\u00e1 \u00fadr\u017eba, v\u010detn\u011b pravideln\u00e9 kontroly, maz\u00e1n\u00ed a v\u00fdm\u011bny opot\u0159ebovan\u00fdch sou\u010d\u00e1st\u00ed, m\u016f\u017ee t\u011bmto probl\u00e9m\u016fm p\u0159edej\u00edt. V p\u0159\u00edpad\u011b poruchy je t\u0159eba prov\u00e9st diagnostiku a \u0159e\u0161en\u00ed probl\u00e9m\u016f, aby se zjistila p\u0159\u00ed\u010dina probl\u00e9mu a p\u0159ijala n\u00e1pravn\u00e1 opat\u0159en\u00ed.<\/p>\n<p><img decoding=\"async\" src=\"https:\/\/www.hydraulic-cylinders.net\/wp-content\/uploads\/2025\/01\/songte-bushings-with-all-kinds-of-excavator-models.webp\"><\/p>\n<h3>O na\u0161\u00ed spole\u010dnosti<\/h3>\n<p>Jsme v\u00fdrobcem n\u00e1hradn\u00edch hydraulick\u00fdch v\u00e1lc\u016f a poskytujeme kompletn\u00ed sortiment produkt\u016f a slu\u017eeb. Jsme jedn\u00edm z p\u0159edn\u00edch v\u00fdrobc\u016f a velkoobchodn\u00edk\u016f s hydraulick\u00fdmi v\u00e1lci na dom\u00e1c\u00edm i mezin\u00e1rodn\u00edm trhu. \u0158\u00edd\u00edme se principem vynikaj\u00edc\u00ed kvality a spol\u00e9h\u00e1me se na strategii \u0159\u00edzen\u00ed pr\u016fmyslov\u00e9 v\u00fdroby v jemn\u00fdch v\u00fdrobn\u00edch d\u00edln\u00e1ch. Na\u0161e spole\u010dnost neust\u00e1le vylep\u0161uje v\u00fdrobn\u00ed platformu d\u00edlny, zdokonaluje v\u00fdrobn\u00ed postupy pro dosa\u017een\u00ed kvality produkt\u016f a m\u00e1 siln\u00e9 tv\u016fr\u010d\u00ed schopnosti, spl\u0148uje rozmanit\u00e9 pot\u0159eby z\u00e1kazn\u00edk\u016f s vysokou efektivitou, p\u0159esnost\u00ed a principy vysok\u00e9 kvality.<\/p>\n<p><img decoding=\"async\" src=\"https:\/\/hzpt.com\/wp-content\/uploads\/2024\/11\/songte-company-1.webp\"><\/p>\n<h4>Profesionalita na\u0161\u00ed spole\u010dnosti<\/h4>\n<p>Na\u0161e spole\u010dnost m\u00e1 t\u00fdm technick\u00fdch expert\u016f a vyu\u017e\u00edv\u00e1 pokro\u010dil\u00e9 digit\u00e1ln\u00ed v\u00fdrobn\u00ed za\u0159\u00edzen\u00ed a profesion\u00e1ln\u00ed testovac\u00ed syst\u00e9my k poskytov\u00e1n\u00ed slu\u017eeb na m\u00edru na\u0161im z\u00e1kazn\u00edk\u016fm.<\/p>\n<h4>Mezin\u00e1rodn\u00ed certifikace na\u0161\u00ed spole\u010dnosti<\/h4>\n<p>Na\u0161e spole\u010dnost z\u00edskala mezin\u00e1rodn\u00ed certifikace, jako jsou CE a ISO9001, co\u017e dokazuje n\u00e1\u0161 z\u00e1vazek poskytovat vysoce kvalitn\u00ed produkty a slu\u017eby.<\/p>\n<h4>Slu\u017eby na\u0161\u00ed spole\u010dnosti v oblasti p\u0159izp\u016fsoben\u00ed<\/h4>\n<p>Na\u0161e spole\u010dnost poskytuje slu\u017eby v oblasti \u00faprav na m\u00edru, co\u017e n\u00e1m umo\u017e\u0148uje p\u0159izp\u016fsobit na\u0161e produkty tak, aby spl\u0148ovaly jedine\u010dn\u00e9 po\u017eadavky na\u0161ich z\u00e1kazn\u00edk\u016f.<\/p>\n<h4>V\u00fdrobn\u00ed za\u0159\u00edzen\u00ed na\u0161\u00ed spole\u010dnosti<\/h4>\n<p>Na\u0161e spole\u010dnost vyu\u017e\u00edv\u00e1 modern\u00ed v\u00fdrobn\u00ed za\u0159\u00edzen\u00ed, jako jsou CNC soustruhy, fr\u00e9zky a sv\u00e1\u0159ec\u00ed roboty, k zaji\u0161t\u011bn\u00ed kvality na\u0161ich v\u00fdrobk\u016f.<\/p>\n<h4>Poprodejn\u00ed slu\u017eby na\u0161\u00ed spole\u010dnosti<\/h4>\n<p>Na\u0161e spole\u010dnost poskytuje komplexn\u00ed poprodejn\u00ed slu\u017eby, v\u010detn\u011b v\u00fdm\u011bny komponent\u016f, repas\u00ed a technick\u00e9 podpory.<\/p>\n<p>Autor: lyl.<\/p>","protected":false},"excerpt":{"rendered":"<p>Bucket Cylinder For Komatsu Middle Excavator PC200-3-5-6-7-8-8MO Introduction Defining the Bucket Cylinder The Bucket Cylinder for Komatsu Middle Excavator PC200-3-5-6-7-8-8MO is a specialized hydraulic cylinder designed for controlling the movement of the bucket in heavy machinery, such as excavators, backhoes, and front loaders. Its primary function is to enable lifting, lowering, and tilting of the [&hellip;]<\/p>","protected":false},"featured_media":14778,"comment_status":"open","ping_status":"closed","template":"","meta":{"_et_pb_use_builder":"","_et_pb_old_content":"","_et_gb_content_width":""},"product_brand":[],"product_cat":[1494],"product_tag":[1495,1496],"class_list":{"0":"post-15139","1":"product","2":"type-product","3":"status-publish","4":"has-post-thumbnail","6":"product_cat-bucket-cylinders","7":"product_tag-bucket-cylinders","8":"product_tag-hydraulic-cylinders","10":"first","11":"instock","12":"shipping-taxable","13":"product-type-simple"},"amp_enabled":true,"_links":{"self":[{"href":"https:\/\/www.hydraulic-cylinders.net\/cs\/wp-json\/wp\/v2\/product\/15139","targetHints":{"allow":["GET"]}}],"collection":[{"href":"https:\/\/www.hydraulic-cylinders.net\/cs\/wp-json\/wp\/v2\/product"}],"about":[{"href":"https:\/\/www.hydraulic-cylinders.net\/cs\/wp-json\/wp\/v2\/types\/product"}],"replies":[{"embeddable":true,"href":"https:\/\/www.hydraulic-cylinders.net\/cs\/wp-json\/wp\/v2\/comments?post=15139"}],"wp:featuredmedia":[{"embeddable":true,"href":"https:\/\/www.hydraulic-cylinders.net\/cs\/wp-json\/wp\/v2\/media\/14778"}],"wp:attachment":[{"href":"https:\/\/www.hydraulic-cylinders.net\/cs\/wp-json\/wp\/v2\/media?parent=15139"}],"wp:term":[{"taxonomy":"product_brand","embeddable":true,"href":"https:\/\/www.hydraulic-cylinders.net\/cs\/wp-json\/wp\/v2\/product_brand?post=15139"},{"taxonomy":"product_cat","embeddable":true,"href":"https:\/\/www.hydraulic-cylinders.net\/cs\/wp-json\/wp\/v2\/product_cat?post=15139"},{"taxonomy":"product_tag","embeddable":true,"href":"https:\/\/www.hydraulic-cylinders.net\/cs\/wp-json\/wp\/v2\/product_tag?post=15139"}],"curies":[{"name":"wp","href":"https:\/\/api.w.org\/{rel}","templated":true}]}}