{"id":15142,"date":"2025-01-19T14:09:28","date_gmt":"2025-01-19T14:09:28","guid":{"rendered":"https:\/\/www.hydraulic-cylinders.net\/product\/bucket-cylinder-for-komatsu-large-excavator-pc270-c\/"},"modified":"2025-01-19T14:09:30","modified_gmt":"2025-01-19T14:09:30","slug":"bucket-cylinder-for-komatsu-large-excavator-pc270-c","status":"publish","type":"product","link":"https:\/\/www.hydraulic-cylinders.net\/cs\/produkt\/bucket-cylinder-for-komatsu-large-excavator-pc270-c\/","title":{"rendered":"V\u00e1lec l\u017e\u00edce pro velk\u00e9 rypadlo Komatsu PC270-C"},"content":{"rendered":"<h1>V\u00e1lec l\u017e\u00edce pro velk\u00e9 rypadlo Komatsu PC270-C<\/h1>\n<h2>Zaveden\u00ed<\/h2>\n<p>Hydraulick\u00fd v\u00e1lec l\u017e\u00edce pro velk\u00e9 rypadlo Komatsu PC270-C je speci\u00e1ln\u011b navr\u017een\u00fd hydraulick\u00fd v\u00e1lec pou\u017e\u00edvan\u00fd k ovl\u00e1d\u00e1n\u00ed pohybu l\u017e\u00edce v t\u011b\u017ek\u00fdch stroj\u00edch, jako jsou rypadla, r\u00fdpadlo-naklada\u010de a \u010deln\u00ed naklada\u010de. Jeho hlavn\u00ed funkc\u00ed je umo\u017enit zved\u00e1n\u00ed, spou\u0161t\u011bn\u00ed a nakl\u00e1p\u011bn\u00ed l\u017e\u00edce, co\u017e usnad\u0148uje manipulaci s r\u016fzn\u00fdmi materi\u00e1ly. V hydraulick\u00e9m syst\u00e9mu dosahuje v\u00e1lec l\u017e\u00edce p\u0159esn\u00e9ho ovl\u00e1d\u00e1n\u00ed l\u017e\u00edce pomoc\u00ed zm\u011bny tlaku hydraulick\u00e9ho oleje, co\u017e umo\u017e\u0148uje obsluze efektivn\u011b manipulovat s t\u011b\u017ek\u00fdmi b\u0159emeny a p\u0159izp\u016fsobovat se slo\u017eit\u00fdm pracovn\u00edm prost\u0159ed\u00edm a rozmanit\u00fdm provozn\u00edm po\u017eadavk\u016fm.<\/p>\n<p><img decoding=\"async\" src=\"https:\/\/www.hydraulic-cylinders.net\/wp-content\/uploads\/2025\/01\/songte-company-2.webp\" alt=\"Obr\u00e1zek v\u00e1lce kbel\u00edku\"><\/p>\n<h2>Funkce<\/h2>\n<ul>\n<li>Vysok\u00e1 pevnost a odolnost: V\u00e1lec kore\u010dkov\u00e9ho typu, obvykle vyroben\u00fd z vysokopevnostn\u00ed oceli nebo hlin\u00edku, odol\u00e1 vysok\u00e9mu tlaku a velk\u00e9mu zat\u00ed\u017een\u00ed, a p\u0159izp\u016fsob\u00ed se tak n\u00e1ro\u010dn\u00e9mu pracovn\u00edmu prost\u0159ed\u00ed. Jeho konstrukce zohled\u0148uje odolnost proti opot\u0159eben\u00ed a korozi, co\u017e prodlu\u017euje jeho \u017eivotnost.<\/li>\n<li>Efektivn\u00ed hydraulick\u00fd provoz: Vyu\u017eit\u00edm tlaku hydraulick\u00e9ho oleje dosahuje v\u00e1lec kore\u010dkov\u00e9ho v\u00e1lce plynul\u00e9ho vysouv\u00e1n\u00ed a zasouv\u00e1n\u00ed, rychle reaguje na ovl\u00e1dac\u00ed povely a poskytuje siln\u00e9 tla\u010dn\u00e9 a ta\u017en\u00e9 s\u00edly, vhodn\u00e9 pro manipulaci s t\u011b\u017ek\u00fdmi b\u0159emeny a slo\u017eit\u00fdmi \u00fakoly.<\/li>\n<li>R\u016fzn\u00e9 typy: Podle po\u017eadavk\u016f lze zvolit jedno\u010dinn\u00e9 (hydraulick\u00fd tlak p\u016fsob\u00edc\u00ed pouze v jednom sm\u011bru) nebo dvoj\u010dinn\u00e9 (hydraulick\u00fd tlak p\u016fsob\u00edc\u00ed v obou sm\u011brech) v\u00e1lce, p\u0159i\u010dem\u017e n\u011bkter\u00e9 modely jsou teleskopick\u00e9, co\u017e umo\u017e\u0148uje v\u011bt\u0161\u00ed v\u00fdsuv bez zv\u011bt\u0161en\u00ed vn\u011bj\u0161\u00edch rozm\u011br\u016f, vhodn\u00e9 pro aplikace s omezen\u00fdm prostorem.<\/li>\n<li>Dokonal\u00e1 n\u00e1hrada: Na\u0161e produkty dok\u00e1\u017e\u00ed dokonale nahradit tyto hydraulick\u00e9 v\u00e1lce.<\/li>\n<\/ul>\n<p><img decoding=\"async\" src=\"https:\/\/www.hydraulic-cylinders.net\/wp-content\/uploads\/2025\/01\/songte-cylinder-head-with-all-kinds-excavator-models.webp\" alt=\"Obr\u00e1zek produktu\"><\/p>\n<h2>Aplikace<\/h2>\n<h3>Stavebn\u00ed stroje<\/h3>\n<p>U bagr\u016f jsou nezbytn\u00e9 pro kop\u00e1n\u00ed, nakl\u00e1d\u00e1n\u00ed a p\u0159emis\u0165ov\u00e1n\u00ed zeminy nebo suti. U rypadlo-naklada\u010d\u016f pom\u00e1h\u00e1 v\u00e1lec l\u017e\u00edce p\u0159i kop\u00e1n\u00ed i zved\u00e1n\u00ed.<\/p>\n<h3>Zem\u011bd\u011blsk\u00e9 stroje<\/h3>\n<p>Pou\u017e\u00edv\u00e1 se v \u010deln\u00edch naklada\u010d\u00edch pro nab\u00edr\u00e1n\u00ed, zved\u00e1n\u00ed a p\u0159epravu zeminy, sena a dal\u0161\u00edch materi\u00e1l\u016f.<\/p>\n<h3>Bagry<\/h3>\n<p>V\u00e1lec l\u017e\u00edce umo\u017e\u0148uje v\u00fdkop t\u00edm, \u017ee umo\u017e\u0148uje l\u017e\u00edci proniknout do p\u016fdy.<\/p>\n<h3>Naklada\u010de<\/h3>\n<p>U \u010deln\u00edch naklada\u010d\u016f pom\u00e1haj\u00ed efektivn\u011b zvedat a vykl\u00e1dat zbo\u017e\u00ed.<\/p>\n<h2>Konstruk\u010dn\u00ed aspekty a krit\u00e9ria v\u00fdb\u011bru<\/h2>\n<ul>\n<li>\u00danosnost: Diskutujte o schopnosti odol\u00e1vat t\u011b\u017ek\u00fdm n\u00e1klad\u016fm.<\/li>\n<li>T\u011bsn\u011bn\u00ed: Popi\u0161te pou\u017eit\u00ed r\u016fzn\u00fdch t\u011bsn\u011bn\u00ed, jako jsou p\u00edstn\u00ed t\u011bsn\u011bn\u00ed a p\u00edstn\u00ed t\u011bsn\u011bn\u00ed, a v\u00fdb\u011br materi\u00e1l\u016f odoln\u00fdch proti opot\u0159eben\u00ed, jako je polyuretan a nitrilov\u00e1 pry\u017e.<\/li>\n<li>Trvanlivost: Diskutujte jemn\u00e9 o\u0161et\u0159en\u00ed t\u011bles v\u00e1lc\u016f a z\u00e1vitov\u00fdch konc\u016f pro zlep\u0161en\u00ed odolnosti proti opot\u0159eben\u00ed.<\/li>\n<li>Bezpe\u010dnost: P\u0159i n\u00e1vrhu, instalaci a provozu kore\u010dkov\u00e9ho v\u00e1lce zohledn\u011bte bezpe\u010dnostn\u00ed aspekty.<\/li>\n<li>\u00dadr\u017eba: Proberte d\u016fle\u017eitost pravideln\u00fdch kontrol, maz\u00e1n\u00ed a v\u00fdm\u011bny t\u011bsn\u011bn\u00ed, jako\u017e i kalibra\u010dn\u00edch kontrol.<\/li>\n<\/ul>\n<p><img decoding=\"async\" src=\"https:\/\/www.hydraulic-cylinders.net\/wp-content\/uploads\/2025\/01\/songte-oil-pipes-and-spare-parts.webp\" alt=\"Obr\u00e1zek produktu\"><\/p>\n<h2>T\u011bsn\u011bn\u00ed a maz\u00e1n\u00ed<\/h2>\n<p>Kore\u010dkov\u00fd v\u00e1lec vyu\u017e\u00edv\u00e1 r\u016fzn\u00e9 t\u011bsnic\u00ed komponenty, jako jsou t\u011bsn\u011bn\u00ed p\u00edstu a p\u00edstnice, vyroben\u00e9 z materi\u00e1l\u016f odoln\u00fdch proti opot\u0159eben\u00ed, jako je polyuretan a nitrilov\u00e1 pry\u017e. T\u011bleso v\u00e1lce a z\u00e1vitov\u00e9 konce jsou jemn\u011b o\u0161et\u0159eny pro zv\u00fd\u0161en\u00ed odolnosti proti opot\u0159eben\u00ed. Pro zaji\u0161t\u011bn\u00ed hladk\u00e9ho provozu je nezbytn\u00e9 pravideln\u00e9 maz\u00e1n\u00ed vhodn\u00fdm hydraulick\u00fdm olejem.<\/p>\n<h2>Pravideln\u00e1 kontrola a preventivn\u00ed \u00fadr\u017eba<\/h2>\n<ul>\n<li>Pravideln\u011b kontrolujte v\u00e1lec lopaty, zda nevykazuje zn\u00e1mky opot\u0159eben\u00ed, po\u0161kozen\u00ed nebo net\u011bsnosti.<\/li>\n<li>Zajist\u011bte spr\u00e1vn\u00e9 maz\u00e1n\u00ed v\u0161ech pohybliv\u00fdch \u010d\u00e1st\u00ed.<\/li>\n<li>Pro udr\u017een\u00ed optim\u00e1ln\u00edho v\u00fdkonu vym\u011b\u0148te t\u011bsn\u011bn\u00ed v p\u0159\u00edpad\u011b pot\u0159eby.<\/li>\n<\/ul>\n<p><img decoding=\"async\" src=\"https:\/\/www.hydraulic-cylinders.net\/wp-content\/uploads\/2025\/01\/songte-chushion-collar.webp\" alt=\"Obr\u00e1zek produktu\"><\/p>\n<h2>Bezpe\u010dnostn\u00ed aspekty a faktory prost\u0159ed\u00ed<\/h2>\n<p>P\u0159i pou\u017e\u00edv\u00e1n\u00ed kore\u010dkov\u00e9 lahve je d\u016fle\u017eit\u00e9 dodr\u017eovat bezpe\u010dnostn\u00ed opat\u0159en\u00ed, aby se p\u0159ede\u0161lo nehod\u00e1m a zajistila ochrana person\u00e1lu a za\u0159\u00edzen\u00ed. Pro zaji\u0161t\u011bn\u00ed dlouh\u00e9 \u017eivotnosti lahve je t\u0159eba zohlednit tak\u00e9 faktory prost\u0159ed\u00ed, jako jsou extr\u00e9mn\u00ed teploty a korozivn\u00ed l\u00e1tky.<\/p>\n<h2>Diagnostika z\u00e1vad a b\u011b\u017en\u00e9 probl\u00e9my<\/h2>\n<p>Mezi b\u011b\u017en\u00e9 probl\u00e9my s v\u00e1lcem kore\u010dkov\u00e9ho motoru pat\u0159\u00ed net\u011bsnost, nedostate\u010dn\u00fd v\u00fdkon nebo abnorm\u00e1ln\u00ed provoz. M\u011bly by b\u00fdt poskytnuty tipy a \u0159e\u0161en\u00ed probl\u00e9m\u016f, kter\u00e9 \u010dten\u00e1\u0159\u016fm pomohou efektivn\u011b diagnostikovat a \u0159e\u0161it probl\u00e9my. M\u011bla by b\u00fdt navr\u017eena preventivn\u00ed opat\u0159en\u00ed k minimalizaci potenci\u00e1ln\u00edch probl\u00e9m\u016f.<\/p>\n<p><img decoding=\"async\" src=\"https:\/\/www.hydraulic-cylinders.net\/wp-content\/uploads\/2025\/01\/songte-bushings-with-all-kinds-of-excavator-models.webp\" alt=\"Obr\u00e1zek produktu\"><\/p>\n<h2>\u00dakoly \u00fadr\u017eby<\/h2>\n<ul>\n<li>Pravideln\u011b kontrolujte v\u00e1lec lopaty, zda nen\u00ed opot\u0159ebovan\u00fd nebo po\u0161kozen\u00fd.<\/li>\n<li>Pro zaji\u0161t\u011bn\u00ed hladk\u00e9ho chodu zajist\u011bte spr\u00e1vn\u00e9 maz\u00e1n\u00ed.<\/li>\n<li>V p\u0159\u00edpad\u011b pot\u0159eby vym\u011b\u0148te t\u011bsn\u011bn\u00ed a prove\u010fte kalibra\u010dn\u00ed kontroly.<\/li>\n<\/ul>\n<p>Spr\u00e1vn\u00e1 instalace, maz\u00e1n\u00ed a se\u0159\u00edzen\u00ed jsou z\u00e1sadn\u00ed. Poskytn\u011bte pokyny pro spr\u00e1vn\u00e9 vyrovn\u00e1n\u00ed v\u00e1lce b\u011bhem instalace a doporu\u010dte pou\u017eit\u00ed vhodn\u00fdch mont\u00e1\u017en\u00edch konzol pro bezpe\u010dnou instalaci. Doporu\u010dte postupy kontroly, opravy a v\u00fdm\u011bny, jako\u017e i slu\u017eby repase pro prodlou\u017een\u00ed \u017eivotnosti kore\u010dkov\u00e9ho v\u00e1lce.<\/p>\n<h2>O na\u0161\u00ed spole\u010dnosti<\/h2>\n<p>Jsme v\u00fdrobcem n\u00e1hradn\u00edch hydraulick\u00fdch v\u00e1lc\u016f a nab\u00edz\u00edme \u0161irokou \u0161k\u00e1lu produkt\u016f. Stali jsme se jedn\u00edm z p\u0159edn\u00edch v\u00fdrobc\u016f a velkoobchodn\u00edch distributor\u016f hydraulick\u00fdch v\u00e1lc\u016f na dom\u00e1c\u00edm i mezin\u00e1rodn\u00edm trhu. Dodr\u017eujeme z\u00e1sady vynikaj\u00edc\u00ed kvality a spol\u00e9h\u00e1me na industrializovan\u00e9 strategie \u0159\u00edzen\u00ed v\u00fdroby v precizn\u011b zpracovan\u00fdch d\u00edln\u00e1ch. Se zam\u011b\u0159en\u00edm na technologick\u00e9 talenty, \u0161pi\u010dkov\u00e9 digit\u00e1ln\u00ed v\u00fdrobn\u00ed za\u0159\u00edzen\u00ed a profesion\u00e1ln\u00ed testovac\u00ed syst\u00e9my neust\u00e1le vylep\u0161ujeme na\u0161i v\u00fdrobn\u00ed platformu, optimalizujeme v\u00fdrobn\u00ed postupy pro zaji\u0161t\u011bn\u00ed kvality produkt\u016f a disponujeme siln\u00fdmi inovativn\u00edmi schopnostmi. Na\u0161\u00edm c\u00edlem je uspokojovat rozmanit\u00e9 pot\u0159eby z\u00e1kazn\u00edk\u016f s vysokou efektivitou, p\u0159esnost\u00ed a kvalitou.<\/p>\n<p><img decoding=\"async\" src=\"https:\/\/www.hydraulic-cylinders.net\/wp-content\/uploads\/2025\/01\/songte-company-3.webp\" alt=\"Image spole\u010dnosti\"><\/p>\n<p>Na\u0161e odborn\u00e9 znalosti, mezin\u00e1rodn\u00ed certifikace, zak\u00e1zkov\u00e9 slu\u017eby, v\u00fdrobn\u00ed za\u0159\u00edzen\u00ed a poprodejn\u00ed slu\u017eby jsou d\u00e1le diskutov\u00e1ny pro roz\u0161\u00ed\u0159en\u00ed profilu na\u0161\u00ed spole\u010dnosti.<\/p>\n<p>Autor: lyl<\/p>\n<p><img decoding=\"async\" src=\"https:\/\/hzpt.com\/wp-content\/uploads\/2024\/11\/songte-company-1.webp\" alt=\"Obr\u00e1zek produktu\"><\/p>","protected":false},"excerpt":{"rendered":"<p>Bucket Cylinder For Komatsu Large Excavator PC270-C Introduction The bucket cylinder for Komatsu large excavator PC270-C is a specially designed hydraulic cylinder used to control the movement of the bucket in heavy machinery such as excavators, backhoe loaders, and front loaders. Its main function is to enable the lifting, lowering, and tilting of the bucket, [&hellip;]<\/p>","protected":false},"featured_media":14771,"comment_status":"open","ping_status":"closed","template":"","meta":{"_et_pb_use_builder":"","_et_pb_old_content":"","_et_gb_content_width":""},"product_brand":[],"product_cat":[1494],"product_tag":[1495,1496],"class_list":{"0":"post-15142","1":"product","2":"type-product","3":"status-publish","4":"has-post-thumbnail","6":"product_cat-bucket-cylinders","7":"product_tag-bucket-cylinders","8":"product_tag-hydraulic-cylinders","10":"first","11":"instock","12":"shipping-taxable","13":"product-type-simple"},"amp_enabled":true,"_links":{"self":[{"href":"https:\/\/www.hydraulic-cylinders.net\/cs\/wp-json\/wp\/v2\/product\/15142","targetHints":{"allow":["GET"]}}],"collection":[{"href":"https:\/\/www.hydraulic-cylinders.net\/cs\/wp-json\/wp\/v2\/product"}],"about":[{"href":"https:\/\/www.hydraulic-cylinders.net\/cs\/wp-json\/wp\/v2\/types\/product"}],"replies":[{"embeddable":true,"href":"https:\/\/www.hydraulic-cylinders.net\/cs\/wp-json\/wp\/v2\/comments?post=15142"}],"wp:featuredmedia":[{"embeddable":true,"href":"https:\/\/www.hydraulic-cylinders.net\/cs\/wp-json\/wp\/v2\/media\/14771"}],"wp:attachment":[{"href":"https:\/\/www.hydraulic-cylinders.net\/cs\/wp-json\/wp\/v2\/media?parent=15142"}],"wp:term":[{"taxonomy":"product_brand","embeddable":true,"href":"https:\/\/www.hydraulic-cylinders.net\/cs\/wp-json\/wp\/v2\/product_brand?post=15142"},{"taxonomy":"product_cat","embeddable":true,"href":"https:\/\/www.hydraulic-cylinders.net\/cs\/wp-json\/wp\/v2\/product_cat?post=15142"},{"taxonomy":"product_tag","embeddable":true,"href":"https:\/\/www.hydraulic-cylinders.net\/cs\/wp-json\/wp\/v2\/product_tag?post=15142"}],"curies":[{"name":"wp","href":"https:\/\/api.w.org\/{rel}","templated":true}]}}