{"id":15148,"date":"2025-01-19T14:09:58","date_gmt":"2025-01-19T14:09:58","guid":{"rendered":"https:\/\/www.hydraulic-cylinders.net\/product\/bucket-cylinder-for-komatsu-large-excavator-pc650lc-8r-650lccse-8r\/"},"modified":"2025-01-19T14:10:00","modified_gmt":"2025-01-19T14:10:00","slug":"bucket-cylinder-for-komatsu-large-excavator-pc650lc-8r-650lccse-8r","status":"publish","type":"product","link":"https:\/\/www.hydraulic-cylinders.net\/cs\/produkt\/bucket-cylinder-for-komatsu-large-excavator-pc650lc-8r-650lccse-8r\/","title":{"rendered":"V\u00e1lec l\u017e\u00edce pro velk\u00e9 rypadlo Komatsu PC650LC-8R\/650LCCSE-8R"},"content":{"rendered":"<h1>V\u00e1lec l\u017e\u00edce pro velk\u00e9 rypadlo Komatsu PC650LC-8R\/650LCCSE-8R<\/h1>\n<h2>Zaveden\u00ed<\/h2>\n<p>Hydraulick\u00fd v\u00e1lec l\u017e\u00edce je speci\u00e1ln\u011b navr\u017een\u00fd hydraulick\u00fd v\u00e1lec pou\u017e\u00edvan\u00fd k ovl\u00e1d\u00e1n\u00ed pohybu l\u017e\u00edce v t\u011b\u017ek\u00fdch stroj\u00edch, jako jsou rypadla, r\u00fdpadlo-naklada\u010de a \u010deln\u00ed naklada\u010de. Jeho hlavn\u00ed funkc\u00ed je umo\u017enit zved\u00e1n\u00ed, spou\u0161t\u011bn\u00ed a nakl\u00e1p\u011bn\u00ed l\u017e\u00edce, d\u00edky \u010demu\u017e je vhodn\u00fd pro r\u016fzn\u00e9 \u00fakoly manipulace s materi\u00e1lem. V hydraulick\u00e9m syst\u00e9mu dosahuje v\u00e1lec l\u017e\u00edce p\u0159esn\u00e9ho ovl\u00e1d\u00e1n\u00ed l\u017e\u00edce zm\u011bnami tlaku hydraulick\u00e9ho oleje, co\u017e umo\u017e\u0148uje obsluze efektivn\u011b manipulovat s t\u011b\u017ek\u00fdmi b\u0159emeny a p\u0159izp\u016fsobovat se slo\u017eit\u00fdm pracovn\u00edm prost\u0159ed\u00edm a rozmanit\u00fdm provozn\u00edm po\u017eadavk\u016fm.<\/p>\n<p><img decoding=\"async\" src=\"https:\/\/www.hydraulic-cylinders.net\/wp-content\/uploads\/2025\/01\/songte-company-2.webp\"><\/p>\n<h2>Funkce<\/h2>\n<ul>\n<li>Vysok\u00e1 pevnost a odolnost: obvykle vyrobeno z vysokopevnostn\u00ed oceli nebo hlin\u00edku, schopno odolat vysok\u00e9mu tlaku a t\u011b\u017ek\u00e9mu zat\u00ed\u017een\u00ed, vhodn\u00e9 pro n\u00e1ro\u010dn\u00e9 pracovn\u00ed prost\u0159ed\u00ed, navr\u017eeno s ohledem na odolnost proti opot\u0159eben\u00ed a korozi, \u010d\u00edm\u017e se prodlu\u017euje \u017eivotnost.<\/li>\n<li>Efektivn\u00ed hydraulick\u00fd provoz: plynul\u00e9 vysouv\u00e1n\u00ed a smr\u0161\u0165ov\u00e1n\u00ed dosa\u017een\u00e9 tlakem hydraulick\u00e9ho oleje, schopnost rychl\u00e9 reakce na \u0159\u00eddic\u00ed povely, zaji\u0161t\u011bn\u00ed siln\u00e9 tla\u010dn\u00e9 a ta\u017en\u00e9 s\u00edly, vhodn\u00e9 pro manipulaci s t\u011b\u017ek\u00fdmi b\u0159emeny a slo\u017eit\u00e9 provozn\u00ed \u00fakoly.<\/li>\n<li>R\u016fzn\u00e9 typy v\u00e1lc\u016f: jedno\u010dinn\u00e9 (hydraulika pou\u017eit\u00e1 pouze v jednom sm\u011bru) nebo dvoj\u010dinn\u00e9 (hydraulika pou\u017eit\u00e1 v obou sm\u011brech) lze vybrat podle po\u017eadavk\u016f a splnit r\u016fzn\u00e9 provozn\u00ed pot\u0159eby. N\u011bkter\u00e9 modely jsou teleskopick\u00e9, co\u017e umo\u017e\u0148uje v\u011bt\u0161\u00ed vysunut\u00ed bez zv\u011bt\u0161en\u00ed vn\u011bj\u0161\u00edch rozm\u011br\u016f, vhodn\u00e9 pro aplikace s omezen\u00fdm prostorem.<\/li>\n<li>Snadno vym\u011bniteln\u00e9: na\u0161e produkty dok\u00e1\u017e\u00ed tyto hydraulick\u00e9 v\u00e1lce dokonale nahradit.<\/li>\n<\/ul>\n<p><img decoding=\"async\" src=\"https:\/\/www.hydraulic-cylinders.net\/wp-content\/uploads\/2025\/01\/songte-cylinder-head-with-all-kinds-excavator-models.webp\"><\/p>\n<h2>Aplikace<\/h2>\n<p>Kore\u010dkov\u00fd v\u00e1lec je nezbytn\u00fd pro v\u00fdkopov\u00e9 pr\u00e1ce, nakl\u00e1d\u00e1n\u00ed a p\u0159emis\u0165ov\u00e1n\u00ed zeminy nebo suti ve stavebn\u00edch stroj\u00edch, jako jsou bagry a rypadla-naklada\u010de. U \u010deln\u00edch naklada\u010d\u016f pom\u00e1haj\u00ed efektivn\u011b zvedat a nakl\u00e1n\u011bt zbo\u017e\u00ed. Pou\u017e\u00edvaj\u00ed se tak\u00e9 v zem\u011bd\u011blsk\u00fdch stroj\u00edch pro nakl\u00e1d\u00e1n\u00ed, zved\u00e1n\u00ed a p\u0159epravu zeminy, sena a dal\u0161\u00edch materi\u00e1l\u016f. Kore\u010dkov\u00e9 v\u00e1lce umo\u017e\u0148uj\u00ed bagr\u016fm pronikat do p\u016fdy pro v\u00fdkopov\u00e9 pr\u00e1ce. N\u00e1sleduje n\u011bkolik r\u016fzn\u00fdch aplikac\u00ed:<\/p>\n<h3>Stavebn\u00ed stroje<\/h3>\n<p>U bagr\u016f jsou kore\u010dkov\u00e9 v\u00e1lce nezbytn\u00e9 pro kop\u00e1n\u00ed, nakl\u00e1d\u00e1n\u00ed a p\u0159emis\u0165ov\u00e1n\u00ed zeminy nebo suti. U rypadlo-naklada\u010d\u016f pom\u00e1haj\u00ed kore\u010dkov\u00e9 v\u00e1lce jak p\u0159i v\u00fdkopov\u00fdch prac\u00edch, tak p\u0159i zved\u00e1n\u00ed. Jsou tak\u00e9 nezbytn\u00e9 u \u010deln\u00edch naklada\u010d\u016f, kde pom\u00e1haj\u00ed s efektivn\u00edm zved\u00e1n\u00edm a nakl\u00e1p\u011bn\u00edm zbo\u017e\u00ed.<\/p>\n<h3>Zem\u011bd\u011blsk\u00e9 stroje<\/h3>\n<p>Kore\u010dkov\u00e9 v\u00e1lce se pou\u017e\u00edvaj\u00ed v \u010deln\u00edch naklada\u010d\u00edch k nakl\u00e1d\u00e1n\u00ed, zved\u00e1n\u00ed a p\u0159eprav\u011b zeminy, sena a dal\u0161\u00edch materi\u00e1l\u016f. Pou\u017e\u00edvaj\u00ed se tak\u00e9 v r\u016fzn\u00fdch typech zem\u011bd\u011blsk\u00fdch stroj\u016f.<\/p>\n<h3>Bagry<\/h3>\n<p>Kore\u010dkov\u00e9 v\u00e1lce umo\u017e\u0148uj\u00ed rypadl\u016fm pronikat do zeminy pro v\u00fdkopov\u00e9 pr\u00e1ce, co\u017e je nezbytn\u00e9 v r\u016fzn\u00fdch stavebn\u00edch a v\u00fdkopov\u00fdch projektech.<\/p>\n<h3>\u010celn\u00ed naklada\u010de<\/h3>\n<p>U \u010deln\u00edch naklada\u010d\u016f pom\u00e1haj\u00ed kore\u010dkov\u00e9 v\u00e1lce efektivn\u011b zvedat a nakl\u00e1n\u011bt zbo\u017e\u00ed, co\u017e je nezbytn\u00e9 p\u0159i r\u016fzn\u00fdch nakl\u00e1dac\u00edch a vykl\u00e1dac\u00edch \u00fakonech.<\/p>\n<h3>R\u00fdpadlo-naklada\u010de<\/h3>\n<p>U r\u00fdpadlo-naklada\u010d\u016f pom\u00e1haj\u00ed kore\u010dkov\u00e9 v\u00e1lce jak s v\u00fdkopov\u00fdmi, tak se zdvihac\u00edmi \u00fakoly, co\u017e je \u010din\u00ed ide\u00e1ln\u00edmi pro r\u016fzn\u00e9 stavebn\u00ed a v\u00fdkopov\u00e9 projekty.<\/p>\n<p><img decoding=\"async\" src=\"https:\/\/www.hydraulic-cylinders.net\/wp-content\/uploads\/2025\/01\/songte-bushings-with-all-kinds-of-excavator-models.webp\"><\/p>\n<h2>\u00davahy o n\u00e1vrhu a standardy v\u00fdb\u011bru<\/h2>\n<p>Kore\u010dkov\u00e9 v\u00e1lce maj\u00ed mnoho konstruk\u010dn\u00edch aspekt\u016f a v\u00fdb\u011brov\u00fdch standard\u016f, kter\u00e9 zaji\u0161\u0165uj\u00ed jejich funk\u010dnost a trvanlivost.<\/p>\n<h3>\u00danosnost<\/h3>\n<p>\u00danosnost kore\u010dkov\u00fdch v\u00e1lc\u016f je d\u016fle\u017eit\u00fdm aspektem jejich konstrukce. V\u00e1lec mus\u00ed b\u00fdt schopen odolat velk\u00e9mu zat\u00ed\u017een\u00ed a vysok\u00e9mu tlaku, proto je nezbytn\u00e9 pou\u017e\u00edt p\u0159i konstrukci v\u00e1lce vysoce pevn\u00e9 materi\u00e1ly.<\/p>\n<h3>T\u011bsnic\u00ed vlastnosti<\/h3>\n<p>Hydraulick\u00fd v\u00e1lec mus\u00ed b\u00fdt schopen udr\u017eovat t\u011bsn\u00e9 ut\u011bsn\u011bn\u00ed, aby se zabr\u00e1nilo \u00faniku hydraulick\u00e9ho oleje. V\u00e1lec mus\u00ed pou\u017e\u00edvat vysoce kvalitn\u00ed t\u011bsnic\u00ed materi\u00e1ly, jako jsou t\u011bsn\u011bn\u00ed p\u00edst\u016f a p\u00edstnic vyroben\u00e1 z polyuretanu nebo nitrilov\u00e9 pry\u017ee. Spr\u00e1vn\u00e1 povrchov\u00e1 \u00faprava v\u00e1lce a p\u0159esn\u00e9 obr\u00e1b\u011bn\u00ed hlavy v\u00e1lce a p\u00edstnice mohou v\u00fdrazn\u011b zlep\u0161it t\u011bsnic\u00ed vlastnosti a zabr\u00e1nit \u00faniku oleje.<\/p>\n<h3>Trvanlivost<\/h3>\n<p>Kore\u010dkov\u00fd v\u00e1lec mus\u00ed b\u00fdt dostate\u010dn\u011b odoln\u00fd, aby vydr\u017eel n\u00e1ro\u010dn\u00e9 pracovn\u00ed podm\u00ednky a opot\u0159eben\u00ed. Mus\u00ed b\u00fdt navr\u017een z materi\u00e1l\u016f odoln\u00fdch proti opot\u0159eben\u00ed a s povlaky odoln\u00fdmi proti korozi, kter\u00e9 mohou prodlou\u017eit \u017eivotnost v\u00e1lce.<\/p>\n<h3>Bezpe\u010dnost<\/h3>\n<p>Kore\u010dkov\u00e9 v\u00e1lce mus\u00ed b\u00fdt navr\u017eeny s ohledem na bezpe\u010dnost. Mus\u00ed b\u00fdt schopny odolat vysok\u00e9mu tlaku a velk\u00e9mu zat\u00ed\u017een\u00ed a b\u00fdt vybaveny bezpe\u010dnostn\u00edmi prvky, jako jsou p\u0159etlakov\u00e9 ventily, aby se zabr\u00e1nilo nehod\u00e1m.<\/p>\n<h3>Udr\u017eovatelnost<\/h3>\n<p>Kore\u010dkov\u00e9 v\u00e1lce by m\u011bly b\u00fdt navr\u017eeny pro snadnou \u00fadr\u017ebu. Mus\u00ed b\u00fdt snadno rozeb\u00edrateln\u00e9 a znovu sestavovateln\u00e9 a mus\u00ed se pou\u017e\u00edvat snadno dostupn\u00e9 vym\u011bniteln\u00e9 d\u00edly. Povrchov\u00e1 \u00faprava v\u00e1lc\u016f a p\u0159esn\u00e9 obr\u00e1b\u011bn\u00ed mohou tak\u00e9 usnadnit \u00fadr\u017ebu, jako je v\u00fdm\u011bna a kalibrace t\u011bsn\u011bn\u00ed a lo\u017eisek.<\/p>\n<p><img decoding=\"async\" src=\"https:\/\/www.hydraulic-cylinders.net\/wp-content\/uploads\/2025\/01\/songte-oil-pipes-and-spare-parts.webp\"><\/p>\n<h2>T\u011bsn\u011bn\u00ed a maz\u00e1n\u00ed<\/h2>\n<p>Kore\u010dkov\u00e9 v\u00e1lce vy\u017eaduj\u00ed pro efektivn\u00ed provoz spr\u00e1vn\u00e9 t\u011bsn\u011bn\u00ed a maz\u00e1n\u00ed. T\u011bsn\u011bn\u00ed p\u00edstu a p\u00edstnice v\u00e1lce mus\u00ed b\u00fdt vyrobena z vysoce kvalitn\u00edch materi\u00e1l\u016f, jako je polyuretan nebo nitrilov\u00e1 pry\u017e, aby bylo zaji\u0161t\u011bno t\u011bsn\u00e9 ut\u011bsn\u011bn\u00ed a zabr\u00e1nilo se \u00faniku oleje. Povrchov\u00e1 \u00faprava v\u00e1lce a p\u0159esn\u00e9 obr\u00e1b\u011bn\u00ed hlavy v\u00e1lce a p\u00edstnice m\u016f\u017ee zlep\u0161it funkci t\u011bsn\u011bn\u00ed a zabr\u00e1nit \u00faniku oleje. V\u00e1lec mus\u00ed b\u00fdt maz\u00e1n vhodn\u00fdm hydraulick\u00fdm olejem, aby byl zaji\u0161t\u011bn spr\u00e1vn\u00fd provoz. Hydraulick\u00fd olej mus\u00ed b\u00fdt pravideln\u011b dopl\u0148ov\u00e1n, aby se udr\u017eel v\u00fdkon v\u00e1lce.<\/p>\n<h2>\u00dadr\u017eba a opravy<\/h2>\n<p>Pravideln\u00e1 kontrola, maz\u00e1n\u00ed, v\u00fdm\u011bna t\u011bsn\u011bn\u00ed a kalibra\u010dn\u00ed kontroly jsou nezbytn\u00e9 pro efektivn\u00ed provoz kore\u010dkov\u00e9ho v\u00e1lce. Spr\u00e1vn\u00e1 instalace, maz\u00e1n\u00ed a se\u0159\u00edzen\u00ed jsou kl\u00ed\u010dov\u00e9 pro prodlou\u017een\u00ed \u017eivotnosti v\u00e1lce. N\u00e1sleduje n\u011bkolik b\u011b\u017en\u00fdch \u00fakon\u016f \u00fadr\u017eby:<\/p>\n<h3>Inspekce<\/h3>\n<p>Pravideln\u00e9 kontroly mohou p\u0159edej\u00edt potenci\u00e1ln\u00edm probl\u00e9m\u016fm odhalen\u00edm opot\u0159eben\u00ed, net\u011bsnost\u00ed a dal\u0161\u00edch probl\u00e9m\u016f. Zkontrolujte vn\u011bj\u0161\u00ed povrch v\u00e1lce, zda nevykazuje zn\u00e1mky po\u0161kozen\u00ed, net\u011bsnost\u00ed nebo opot\u0159eben\u00ed. Zkontrolujte upev\u0148ovac\u00ed \u0161rouby v\u00e1lce, zda jsou pevn\u011b uta\u017een\u00e9 a bezpe\u010dn\u00e9.<\/p>\n<h3>Maz\u00e1n\u00ed<\/h3>\n<p>Maz\u00e1n\u00ed je nezbytn\u00e9 pro udr\u017een\u00ed v\u00fdkonu v\u00e1lce. Pou\u017e\u00edvejte vhodn\u00fd typ a mno\u017estv\u00ed hydraulick\u00e9ho oleje k maz\u00e1n\u00ed v\u00e1lce a zabr\u00e1n\u011bn\u00ed po\u0161kozen\u00ed v d\u016fsledku t\u0159en\u00ed a tepla.<\/p>\n<h3>V\u00fdm\u011bna t\u011bsn\u011bn\u00ed<\/h3>\n<p>Pravideln\u011b vym\u011b\u0148ujte t\u011bsn\u011bn\u00ed, abyste zabr\u00e1nili \u00faniku oleje a udr\u017eeli spr\u00e1vn\u00e9 ut\u011bsn\u011bn\u00ed. Pro optim\u00e1ln\u00ed v\u00fdkon a t\u011bsnic\u00ed vlastnosti pou\u017e\u00edvejte vysoce kvalitn\u00ed polyuretanov\u00e1 nebo nitrilov\u00e1 pry\u017eov\u00e1 t\u011bsn\u011bn\u00ed.<\/p>\n<h3>Kontrola kalibrace<\/h3>\n<p>Kalibra\u010dn\u00ed kontroly jsou nezbytn\u00e9 pro zaji\u0161t\u011bn\u00ed toho, aby v\u00fdkon v\u00e1lce byl v p\u0159ijateln\u00fdch mez\u00edch. Pro zaji\u0161t\u011bn\u00ed optim\u00e1ln\u00edho v\u00fdkonu zkontrolujte vzd\u00e1lenost vyta\u017een\u00ed a smr\u0161t\u011bn\u00ed v\u00e1lce, tlakov\u00e9 limity a dal\u0161\u00ed kritick\u00e9 parametry.<\/p>\n<p><img decoding=\"async\" src=\"https:\/\/www.hydraulic-cylinders.net\/wp-content\/uploads\/2025\/01\/songte-chushion-collar.webp\"><\/p>\n<h2>Bezpe\u010dnostn\u00ed aspekty a faktory prost\u0159ed\u00ed<\/h2>\n<p>Kore\u010dkov\u00e9 v\u00e1lce pracuj\u00ed pod vysok\u00fdm tlakem a p\u0159i nespr\u00e1vn\u00e9 manipulaci mohou p\u0159edstavovat v\u00e1\u017en\u00e1 bezpe\u010dnostn\u00ed rizika. Obsluha mus\u00ed p\u0159i manipulaci s kore\u010dkov\u00fdmi v\u00e1lci dodr\u017eovat p\u0159\u00edslu\u0161n\u00e9 bezpe\u010dnostn\u00ed pokyny a postupy. P\u0159\u00edsn\u00e9 dodr\u017eov\u00e1n\u00ed bezpe\u010dnostn\u00edch pokyn\u016f a pravideln\u00e1 \u00fadr\u017eba mohou sn\u00ed\u017eit riziko nehod a zran\u011bn\u00ed. V\u00fdkon a \u017eivotnost kore\u010dkov\u00fdch v\u00e1lc\u016f mohou ovlivnit tak\u00e9 faktory prost\u0159ed\u00ed, jako je teplota, vlhkost a korozivn\u00ed materi\u00e1ly. Spr\u00e1vn\u00fd v\u00fdb\u011br materi\u00e1l\u016f a povrchov\u00fdch \u00faprav m\u016f\u017ee zm\u00edrnit dopady faktor\u016f prost\u0159ed\u00ed.<\/p>\n<h2>Odstra\u0148ov\u00e1n\u00ed probl\u00e9m\u016f a b\u011b\u017en\u00e9 probl\u00e9my<\/h2>\n<p>V\u00e1lce kore\u010dk\u016f mohou m\u00edt r\u016fzn\u00e9 probl\u00e9my v d\u016fsledku opot\u0159eben\u00ed, net\u011bsnost\u00ed nebo jin\u00fdch probl\u00e9m\u016f. Mezi b\u011b\u017en\u00e9 probl\u00e9my pat\u0159\u00ed \u00fanik oleje, po\u0161kozen\u00e1 t\u011bsn\u011bn\u00ed a nefunk\u010dn\u00ed hydraulick\u00e9 komponenty. \u0158e\u0161en\u00ed probl\u00e9mu m\u016f\u017ee pomoci identifikovat jeho p\u0159\u00ed\u010dinu a p\u0159edej\u00edt budouc\u00edm probl\u00e9m\u016fm. Spr\u00e1vn\u00e1 \u00fadr\u017eba, oprava a v\u00fdm\u011bna po\u0161kozen\u00fdch d\u00edl\u016f m\u016f\u017ee pomoci obnovit funk\u010dnost v\u00e1lce. N\u00e1sleduje n\u011bkolik b\u011b\u017en\u00fdch krok\u016f pro \u0159e\u0161en\u00ed probl\u00e9m\u016f:<\/p>\n<h3>Diagnostika probl\u00e9mu<\/h3>\n<p>Identifikujte p\u0159\u00ed\u010dinu probl\u00e9mu kontrolou v\u00e1lce, zda nevykazuje zn\u00e1mky po\u0161kozen\u00ed, opot\u0159eben\u00ed, net\u011bsnost\u00ed nebo jin\u00fdch probl\u00e9m\u016f. Zkontrolujte hydraulick\u00fd syst\u00e9m, zda m\u00e1 spr\u00e1vn\u00fd tlak a hladinu kapaliny. Zkontrolujte upev\u0148ovac\u00ed \u0161rouby v\u00e1lce, zda nejsou uvoln\u011bn\u00e9 nebo po\u0161kozen\u00e9.<\/p>\n<h3>Oprava a v\u00fdm\u011bna<\/h3>\n<p>V p\u0159\u00edpad\u011b pot\u0159eby opravte nebo vym\u011b\u0148te po\u0161kozen\u00e9 d\u00edly. Opot\u0159ebovan\u00e1 nebo po\u0161kozen\u00e1 t\u011bsn\u011bn\u00ed vym\u011b\u0148te za vysoce kvalitn\u00ed polyuretanov\u00e1 nebo nitrilov\u00e1 pry\u017eov\u00e1 t\u011bsn\u011bn\u00ed. Zkontrolujte hydraulick\u00fd syst\u00e9m, zda v n\u011bm nejsou net\u011bsnosti nebo zda nedoch\u00e1z\u00ed k poru\u0161e, a opravte nebo vym\u011b\u0148te v\u0161echny po\u0161kozen\u00e9 sou\u010d\u00e1sti.<\/p>\n<h3>Preventivn\u00ed opat\u0159en\u00ed<\/h3>\n<p>Prov\u00e1d\u011bjte preventivn\u00ed opat\u0159en\u00ed ke sn\u00ed\u017een\u00ed rizika budouc\u00edch probl\u00e9m\u016f. Pravideln\u00e1 \u00fadr\u017eba, kontrola a opravy mohou pomoci p\u0159edch\u00e1zet net\u011bsnostem, opot\u0159eben\u00ed a dal\u0161\u00edm probl\u00e9m\u016fm. Spr\u00e1vn\u00e1 instalace, kalibrace a maz\u00e1n\u00ed mohou tak\u00e9 pomoci udr\u017eet optim\u00e1ln\u00ed v\u00fdkon a prodlou\u017eit \u017eivotnost v\u00e1lce.<\/p>\n<h1>O n\u00e1s<\/h1>\n<p>Jsme p\u0159edn\u00edm v\u00fdrobcem a velkoobchodn\u00edkem hydraulick\u00fdch v\u00e1lc\u016f se specializac\u00ed na n\u00e1hradn\u00ed v\u00e1lce. Na\u0161e rozs\u00e1hl\u00e1 produktov\u00e1 \u0159ada z n\u00e1s ud\u011blala p\u0159edn\u00edho v\u00fdrobce a velkoobchodn\u00edka hydraulick\u00fdch v\u00e1lc\u016f na dom\u00e1c\u00edm i mezin\u00e1rodn\u00edm trhu. Usilujeme o vynikaj\u00edc\u00ed kvalitu a v na\u0161ich propracovan\u00fdch v\u00fdrobn\u00edch d\u00edln\u00e1ch se spol\u00e9h\u00e1me na industrializovan\u00e9 strategie \u0159\u00edzen\u00ed v\u00fdroby. Neust\u00e1le vylep\u0161ujeme na\u0161i v\u00fdrobn\u00ed platformu, zdokonalujeme na\u0161e v\u00fdrobn\u00ed linky pro zv\u00fd\u0161en\u00ed kvality produkt\u016f a m\u00e1me siln\u00e9 tv\u016fr\u010d\u00ed schopnosti. Jsme odhodl\u00e1ni poskytovat z\u00e1kazn\u00edk\u016fm vysoce \u00fa\u010dinn\u00e9, vysoce p\u0159esn\u00e9 a vysoce kvalitn\u00ed produkty, kter\u00e9 spl\u0148uj\u00ed \u0161irokou \u0161k\u00e1lu pot\u0159eb.<\/p>\n<p><img decoding=\"async\" src=\"https:\/\/hzpt.com\/wp-content\/uploads\/2024\/11\/songte-company-1.webp\"><\/p>\n<h2>Profesionalita<\/h2>\n<p>N\u00e1\u0161 t\u00fdm se skl\u00e1d\u00e1 ze zku\u0161en\u00fdch in\u017een\u00fdr\u016f a technik\u016f, kte\u0159\u00ed se specializuj\u00ed na v\u00fdrobu hydraulick\u00fdch v\u00e1lc\u016f. Pou\u017e\u00edv\u00e1me pokro\u010dil\u00e9 technologie a za\u0159\u00edzen\u00ed k zaji\u0161t\u011bn\u00ed vysoce kvalitn\u00ed v\u00fdroby a p\u0159esn\u00e9ho obr\u00e1b\u011bn\u00ed.<\/p>\n<h2>Mezin\u00e1rodn\u00ed certifikace<\/h2>\n<p>Na\u0161e v\u00fdrobky spl\u0148uj\u00ed mezin\u00e1rodn\u00ed standardy kvality a jsou certifikov\u00e1ny dle normy ISO 9001:2015. Zav\u00e1zali jsme se poskytovat z\u00e1kazn\u00edk\u016fm vysoce kvalitn\u00ed v\u00fdrobky, kter\u00e9 spl\u0148uj\u00ed mezin\u00e1rodn\u00ed standardy.<\/p>\n<h2>Slu\u017eba p\u0159izp\u016fsoben\u00ed<\/h2>\n<p>Nab\u00edz\u00edme \u0159e\u0161en\u00ed hydraulick\u00fdch v\u00e1lc\u016f na m\u00edru, kter\u00e1 spl\u0148uj\u00ed specifick\u00e9 pot\u0159eby z\u00e1kazn\u00edk\u016f. Na\u0161i zku\u0161en\u00ed in\u017een\u00fd\u0159i \u00fazce spolupracuj\u00ed se z\u00e1kazn\u00edky na v\u00fdvoji \u0159e\u0161en\u00ed na m\u00edru, kter\u00e1 spl\u0148uj\u00ed jejich jedine\u010dn\u00e9 po\u017eadavky.<\/p>\n<h2>V\u00fdrobn\u00ed za\u0159\u00edzen\u00ed<\/h2>\n<p>Na\u0161e v\u00fdrobn\u00ed z\u00e1vody jsou vybaveny nejmodern\u011bj\u0161\u00edm vybaven\u00edm a technologiemi, co\u017e zaji\u0161\u0165uje efektivn\u00ed a vysoce kvalitn\u00ed v\u00fdrobn\u00ed procesy. Zav\u00e1zali jsme se k pou\u017e\u00edv\u00e1n\u00ed nejmodern\u011bj\u0161\u00edch technologi\u00ed a vybaven\u00ed k v\u00fdrob\u011b vysoce kvalitn\u00edch produkt\u016f.<\/p>\n<h2>Poprodejn\u00ed servis<\/h2>\n<p>Nab\u00edz\u00edme poprodejn\u00ed servis a podporu k zaji\u0161t\u011bn\u00ed spokojenosti z\u00e1kazn\u00edk\u016f. Poskytujeme \u0159adu slu\u017eeb, v\u010detn\u011b oprav, v\u00fdm\u011bn a \u00fadr\u017eby hydraulick\u00fdch v\u00e1lc\u016f.<\/p>\n<p><img decoding=\"async\" src=\"https:\/\/www.hydraulic-cylinders.net\/wp-content\/uploads\/2025\/01\/songte-company-3.webp\"><\/p>\n<p>Autor: lyl<\/p>","protected":false},"excerpt":{"rendered":"<p>Bucket Cylinder For Komatsu Large Excavator PC650LC-8R\/650LCCSE-8R Introduction The bucket cylinder is a specially designed hydraulic cylinder used to control the movement of the bucket in heavy machinery such as excavators, backhoe loaders, and front loaders. Its main function is to enable the bucket to be lifted, lowered, and tilted, making it suitable for various [&hellip;]<\/p>","protected":false},"featured_media":14788,"comment_status":"open","ping_status":"closed","template":"","meta":{"_et_pb_use_builder":"","_et_pb_old_content":"","_et_gb_content_width":""},"product_brand":[],"product_cat":[1494],"product_tag":[1495,1496],"class_list":{"0":"post-15148","1":"product","2":"type-product","3":"status-publish","4":"has-post-thumbnail","6":"product_cat-bucket-cylinders","7":"product_tag-bucket-cylinders","8":"product_tag-hydraulic-cylinders","10":"first","11":"instock","12":"shipping-taxable","13":"product-type-simple"},"amp_enabled":true,"_links":{"self":[{"href":"https:\/\/www.hydraulic-cylinders.net\/cs\/wp-json\/wp\/v2\/product\/15148","targetHints":{"allow":["GET"]}}],"collection":[{"href":"https:\/\/www.hydraulic-cylinders.net\/cs\/wp-json\/wp\/v2\/product"}],"about":[{"href":"https:\/\/www.hydraulic-cylinders.net\/cs\/wp-json\/wp\/v2\/types\/product"}],"replies":[{"embeddable":true,"href":"https:\/\/www.hydraulic-cylinders.net\/cs\/wp-json\/wp\/v2\/comments?post=15148"}],"wp:featuredmedia":[{"embeddable":true,"href":"https:\/\/www.hydraulic-cylinders.net\/cs\/wp-json\/wp\/v2\/media\/14788"}],"wp:attachment":[{"href":"https:\/\/www.hydraulic-cylinders.net\/cs\/wp-json\/wp\/v2\/media?parent=15148"}],"wp:term":[{"taxonomy":"product_brand","embeddable":true,"href":"https:\/\/www.hydraulic-cylinders.net\/cs\/wp-json\/wp\/v2\/product_brand?post=15148"},{"taxonomy":"product_cat","embeddable":true,"href":"https:\/\/www.hydraulic-cylinders.net\/cs\/wp-json\/wp\/v2\/product_cat?post=15148"},{"taxonomy":"product_tag","embeddable":true,"href":"https:\/\/www.hydraulic-cylinders.net\/cs\/wp-json\/wp\/v2\/product_tag?post=15148"}],"curies":[{"name":"wp","href":"https:\/\/api.w.org\/{rel}","templated":true}]}}