{"id":15150,"date":"2025-01-19T14:10:08","date_gmt":"2025-01-19T14:10:08","guid":{"rendered":"https:\/\/www.hydraulic-cylinders.net\/product\/bucket-cylinder-for-komatsu-large-excavator-pc350-5-6-7\/"},"modified":"2025-01-19T14:10:10","modified_gmt":"2025-01-19T14:10:10","slug":"bucket-cylinder-for-komatsu-large-excavator-pc350-5-6-7","status":"publish","type":"product","link":"https:\/\/www.hydraulic-cylinders.net\/cs\/produkt\/bucket-cylinder-for-komatsu-large-excavator-pc350-5-6-7\/","title":{"rendered":"V\u00e1lec l\u017e\u00edce pro velk\u00e9 rypadlo Komatsu PC350-5-6-7"},"content":{"rendered":"<h2>V\u00e1lec l\u017e\u00edce pro velk\u00e9 rypadlo Komatsu PC350-5-6-7<\/h2>\n<h3>Zaveden\u00ed<\/h3>\n<p>Hydraulick\u00fd v\u00e1lec kope\u010dku je speci\u00e1ln\u011b navr\u017een\u00fd hydraulick\u00fd v\u00e1lec pou\u017e\u00edvan\u00fd k ovl\u00e1d\u00e1n\u00ed pohybu kope\u010dku v t\u011b\u017ek\u00fdch stroj\u00edch, jako jsou bagry, r\u00fdpadla-rypadla a \u010deln\u00ed naklada\u010de. Jeho hlavn\u00ed funkc\u00ed je umo\u017enit zved\u00e1n\u00ed, spou\u0161t\u011bn\u00ed a nakl\u00e1p\u011bn\u00ed kope\u010dku, co\u017e usnad\u0148uje r\u016fzn\u00e9 \u00fakoly manipulace s materi\u00e1lem. V hydraulick\u00e9m syst\u00e9mu dosahuje v\u00e1lec kope\u010dku p\u0159esn\u00e9ho ovl\u00e1d\u00e1n\u00ed kope\u010dku zm\u011bnou tlaku hydraulick\u00e9ho oleje, co\u017e umo\u017e\u0148uje obsluze efektivn\u011b manipulovat s t\u011b\u017ek\u00fdmi p\u0159edm\u011bty, p\u0159izp\u016fsobovat se slo\u017eit\u00fdm pracovn\u00edm prost\u0159ed\u00edm a rozmanit\u00fdm provozn\u00edm po\u017eadavk\u016fm. <\/p>\n<p><img decoding=\"async\" src=\"https:\/\/www.hydraulic-cylinders.net\/wp-content\/uploads\/2025\/01\/songte-company-2.webp\" \/><\/p>\n<h3>Funkce<\/h3>\n<ul>\n<li>Vysok\u00e1 pevnost a odolnost: obvykle vyrobeny z vysokopevnostn\u00ed oceli nebo hlin\u00edku, schopny odolat vysok\u00e9mu tlaku a t\u011b\u017ek\u00e9mu zat\u00ed\u017een\u00ed, p\u0159izp\u016fsobit se n\u00e1ro\u010dn\u00e9mu pracovn\u00edmu prost\u0159ed\u00ed a navr\u017eeny s odolnost\u00ed proti opot\u0159eben\u00ed a korozi pro prodlou\u017een\u00ed \u017eivotnosti.<\/li>\n<li>Efektivn\u00ed hydraulick\u00fd provoz: vyu\u017e\u00edv\u00e1 tlak hydraulick\u00e9ho oleje k dosa\u017een\u00ed plynul\u00e9ho vysouv\u00e1n\u00ed a smr\u0161\u0165ov\u00e1n\u00ed, je schopen rychle reagovat na provozn\u00ed povely, poskytuje siln\u00e9 tla\u010dn\u00e9 a ta\u017en\u00e9 s\u00edly, vhodn\u00fd pro manipulaci s t\u011b\u017ek\u00fdmi p\u0159edm\u011bty a slo\u017eit\u00e9 provozn\u00ed \u00fakoly.<\/li>\n<li>Podle provozn\u00edch pot\u0159eb lze zvolit r\u016fzn\u00e9 typy v\u00e1lc\u016f: jedno\u010dinn\u00e9 (s hydraulick\u00fdm pohonem pouze v jednom sm\u011bru) nebo dvoj\u010dinn\u00e9 (s hydraulick\u00fdm pohonem v obou sm\u011brech). N\u011bkter\u00e9 modely jsou teleskopick\u00e9, co\u017e umo\u017e\u0148uje v\u011bt\u0161\u00ed vysunut\u00ed bez zv\u011bt\u0161en\u00ed vn\u011bj\u0161\u00ed velikosti, vhodn\u00e9 pro aplikace s omezen\u00fdm prostorem.<\/li>\n<li>Mohou nahradit jin\u00e9 hydraulick\u00e9 v\u00e1lce: na\u0161e v\u00e1lce dok\u00e1\u017e\u00ed dokonale nahradit jin\u00e9 hydraulick\u00e9 v\u00e1lce a poskytuj\u00ed tak cenov\u011b efektivn\u00ed \u0159e\u0161en\u00ed pro \u00fadr\u017ebu a opravy za\u0159\u00edzen\u00ed.<\/li>\n<\/ul>\n<p><img decoding=\"async\" src=\"https:\/\/www.hydraulic-cylinders.net\/wp-content\/uploads\/2025\/01\/songte-cylinder-head-with-all-kinds-excavator-models.webp\" \/><\/p>\n<h3>Aplikace<\/h3>\n<p>Kore\u010dkov\u00e9 v\u00e1lce se pou\u017e\u00edvaj\u00ed v r\u016fzn\u00fdch aplikac\u00edch t\u011b\u017ek\u00fdch stroj\u016f, v\u010detn\u011b:<\/p>\n<ul>\n<li>Stavebn\u00ed stroje: u bagr\u016f jsou kl\u00ed\u010dov\u00e9 pro v\u00fdkopov\u00e9 pr\u00e1ce, nakl\u00e1d\u00e1n\u00ed a p\u0159emis\u0165ov\u00e1n\u00ed zeminy nebo suti. U r\u00fdpadel s r\u00fdpadly pom\u00e1haj\u00ed kore\u010dkov\u00e9 v\u00e1lce jak p\u0159i v\u00fdkopov\u00fdch prac\u00edch, tak p\u0159i zved\u00e1n\u00ed. <\/li>\n<li>Zem\u011bd\u011blsk\u00e9 stroje: pou\u017e\u00edvaj\u00ed se v \u010deln\u00edch naklada\u010d\u00edch pro nab\u00edr\u00e1n\u00ed, zved\u00e1n\u00ed a p\u0159epravu p\u016fdy, sena a dal\u0161\u00edch materi\u00e1l\u016f. <\/li>\n<li>Rypadla: v\u00e1lce kore\u010dk\u016f umo\u017e\u0148uj\u00ed v\u00fdkopov\u00e9 pr\u00e1ce t\u00edm, \u017ee umo\u017e\u0148uj\u00ed kore\u010dce proniknout do p\u016fdy.<\/li>\n<li>Naklada\u010de: u \u010deln\u00edch naklada\u010d\u016f pom\u00e1haj\u00ed efektivn\u011b zvedat a vykl\u00e1dat n\u00e1klad.<\/li>\n<\/ul>\n<h3>Konstruk\u010dn\u00ed aspekty a krit\u00e9ria v\u00fdb\u011bru<\/h3>\n<p>Mezi konstruk\u010dn\u00ed aspekty pat\u0159\u00ed:<\/p>\n<ul>\n<li>\u00danosnost: kore\u010dkov\u00e9 v\u00e1lce jsou navr\u017eeny tak, aby odolaly vysok\u00e9mu tlaku a velk\u00e9mu zat\u00ed\u017een\u00ed.<\/li>\n<li>T\u011bsn\u011bn\u00ed: K zaji\u0161t\u011bn\u00ed proti \u00faniku hydraulick\u00e9 kapaliny z v\u00e1lce se pou\u017e\u00edvaj\u00ed r\u016fzn\u00e9 t\u011bsnic\u00ed prvky, jako jsou t\u011bsn\u011bn\u00ed p\u00edst\u016f a p\u00edstnic.<\/li>\n<li>Trvanlivost: kore\u010dkov\u00e9 v\u00e1lce jsou navr\u017eeny tak, aby byly odoln\u00e9 proti opot\u0159eben\u00ed, p\u0159i\u010dem\u017e n\u011bkter\u00e9 modely maj\u00ed eloxovan\u00e9 tvrd\u00e9 povlaky pro dodate\u010dnou ochranu.<\/li>\n<li>Bezpe\u010dnost: kore\u010dkov\u00e9 v\u00e1lce jsou navr\u017eeny tak, aby minimalizovaly riziko nehod, nap\u0159\u00edklad d\u00edky pou\u017eit\u00ed p\u0159etlakov\u00fdch ventil\u016f.<\/li>\n<li>\u00dadr\u017eba: kore\u010dkov\u00e9 v\u00e1lce jsou navr\u017eeny pro snadnou \u00fadr\u017ebu a servis, s funkcemi, jako jsou odn\u00edmateln\u00e9 koncov\u00e9 krytky a snadn\u00fd p\u0159\u00edstup k vnit\u0159n\u00edm sou\u010d\u00e1stem. <\/li>\n<\/ul>\n<p><img decoding=\"async\" src=\"https:\/\/www.hydraulic-cylinders.net\/wp-content\/uploads\/2025\/01\/songte-oil-pipes-and-spare-parts.webp\" \/><\/p>\n<p>Aspekty t\u011bsn\u011bn\u00ed a maz\u00e1n\u00ed:<\/p>\n<ul>\n<li>Pou\u017e\u00edvaj\u00ed se r\u016fzn\u00e9 t\u011bsnic\u00ed prvky, jako jsou t\u011bsn\u011bn\u00ed p\u00edst\u016f, t\u011bsn\u011bn\u00ed p\u00edstnic a st\u011bra\u010de, aby se zajistilo, \u017ee hydraulick\u00e1 kapalina neunik\u00e1 z v\u00e1lce.<\/li>\n<li>T\u011bsnic\u00ed komponenty jsou obvykle vyrobeny z materi\u00e1l\u016f odoln\u00fdch proti opot\u0159eben\u00ed, jako je polyuretan a nitrilov\u00e1 pry\u017e.<\/li>\n<li>T\u011bleso v\u00e1lce a z\u00e1vitov\u00e9 koncov\u00e9 plochy jsou jemn\u011b opracov\u00e1ny pro zlep\u0161en\u00ed odolnosti proti opot\u0159eben\u00ed.<\/li>\n<li>V\u00e1lec l\u017e\u00edce vy\u017eaduje pravideln\u00e9 maz\u00e1n\u00ed vhodn\u00fdm mno\u017estv\u00edm hydraulick\u00e9ho oleje.<\/li>\n<\/ul>\n<p>Pravideln\u00e1 \u00fadr\u017eba a preventivn\u00ed opat\u0159en\u00ed zahrnuj\u00ed:<\/p>\n<ul>\n<li>Pravideln\u00e1 kontrola t\u011blesa v\u00e1lce a p\u00edstu, zda nejsou po\u0161kozen\u00e9 nebo opot\u0159ebovan\u00e9.<\/li>\n<li>Pravideln\u00e9 maz\u00e1n\u00ed vhodn\u00fdm hydraulick\u00fdm olejem.<\/li>\n<li>Pravideln\u00e1 v\u00fdm\u011bna opot\u0159ebovan\u00fdch nebo po\u0161kozen\u00fdch t\u011bsnic\u00edch sou\u010d\u00e1st\u00ed.<\/li>\n<li>Pravideln\u00e9 kontroly kalibrace pro zaji\u0161t\u011bn\u00ed spr\u00e1vn\u00e9ho provozu v\u00e1lce.<\/li>\n<\/ul>\n<p><img decoding=\"async\" src=\"https:\/\/www.hydraulic-cylinders.net\/wp-content\/uploads\/2025\/01\/songte-chushion-collar.webp\" \/><\/p>\n<h3>Bezpe\u010dnostn\u00ed aspekty a faktory prost\u0159ed\u00ed<\/h3>\n<p>P\u0159i pou\u017e\u00edv\u00e1n\u00ed kybl\u00edkov\u00fdch v\u00e1lc\u016f je nezbytn\u00e9 dodr\u017eovat bezpe\u010dnostn\u00ed opat\u0159en\u00ed, jako nap\u0159\u00edklad:<\/p>\n<ul>\n<li>Ujist\u011bte se, \u017ee je v\u00e1lec spr\u00e1vn\u011b a bezpe\u010dn\u011b nainstalov\u00e1n.<\/li>\n<li>Zajist\u011bte, aby byl v\u00e1lec \u0159\u00e1dn\u011b maz\u00e1n a udr\u017eov\u00e1n.<\/li>\n<li>Pou\u017e\u00edvejte vhodn\u00e9 osobn\u00ed ochrann\u00e9 prost\u0159edky, jako jsou rukavice a ochrann\u00e9 br\u00fdle.<\/li>\n<li>Bu\u010fte si v\u011bdomi potenci\u00e1ln\u00edch nebezpe\u010d\u00ed, jako je vysok\u00fd tlak a t\u011b\u017ek\u00e9 n\u00e1klady.<\/li>\n<\/ul>\n<p>Kbel\u00edkov\u00e9 v\u00e1lce jsou obvykle vyrobeny z materi\u00e1l\u016f, kter\u00e9 jsou recyklovateln\u00e9 a \u0161etrn\u00e9 k \u017eivotn\u00edmu prost\u0159ed\u00ed. <\/p>\n<h3>Diagnostika a odstra\u0148ov\u00e1n\u00ed probl\u00e9m\u016f<\/h3>\n<p>Mezi b\u011b\u017en\u00e9 probl\u00e9my s v\u00e1lci kore\u010dk\u016f m\u016f\u017ee pat\u0159it \u00fanik hydraulick\u00e9 kapaliny, po\u0161kozen\u00ed p\u00edstn\u00edch ty\u010d\u00ed nebo t\u011bsn\u011bn\u00ed a nespr\u00e1vn\u00e9 nebo nedostate\u010dn\u00e9 maz\u00e1n\u00ed. <\/p>\n<p>Diagnostika a \u0159e\u0161en\u00ed probl\u00e9m\u016f s kore\u010dkov\u00fdmi v\u00e1lci:<\/p>\n<ul>\n<li>Zkontrolujte, zda nejev\u00ed zn\u00e1mky \u00faniku hydraulick\u00e9 kapaliny.<\/li>\n<li>Zkontrolujte p\u00edst a t\u011bsn\u011bn\u00ed, zda nejsou po\u0161kozen\u00e9 nebo opot\u0159ebovan\u00e9.<\/li>\n<li>Ujist\u011bte se, \u017ee je v\u00e1lec \u0159\u00e1dn\u011b promaz\u00e1n.<\/li>\n<li>Zkontrolujte hydraulick\u00fd syst\u00e9m, zda nevykazuje n\u011bjak\u00e9 probl\u00e9my.<\/li>\n<\/ul>\n<p>Preventivn\u00ed opat\u0159en\u00ed zahrnuj\u00ed pravidelnou \u00fadr\u017ebu a maz\u00e1n\u00ed a tak\u00e9 zaji\u0161t\u011bn\u00ed spr\u00e1vn\u00e9 instalace a kalibrace v\u00e1lce.<\/p>\n<p><img decoding=\"async\" src=\"https:\/\/www.hydraulic-cylinders.net\/wp-content\/uploads\/2025\/01\/songte-bushings-with-all-kinds-of-excavator-models.webp\" \/><\/p>\n<h3>O na\u0161\u00ed spole\u010dnosti<\/h3>\n<p>Jsme p\u0159edn\u00edm v\u00fdrobcem a velkoobchodn\u00edm distributorem hydraulick\u00fdch v\u00e1lc\u016f a poskytujeme cenov\u011b efektivn\u00ed \u0159e\u0161en\u00ed pro \u00fadr\u017ebu a opravy za\u0159\u00edzen\u00ed. Specializujeme se na v\u00fdrobu \u0161irok\u00e9 \u0161k\u00e1ly hydraulick\u00fdch v\u00e1lc\u016f a na\u0161i v\u00fdrobu podporuje t\u00fdm technick\u00fdch talent\u016f, nejmodern\u011bj\u0161\u00ed vybaven\u00ed a profesion\u00e1ln\u00ed testovac\u00ed syst\u00e9my. Na\u0161e v\u00fdrobn\u00ed platforma je neust\u00e1le vylep\u0161ov\u00e1na, aby spl\u0148ovala nejvy\u0161\u0161\u00ed standardy efektivity, p\u0159esnosti a kvality. Nab\u00edz\u00edme slu\u017eby na m\u00edru a m\u00e1me rozs\u00e1hl\u00e9 zku\u0161enosti s v\u00fdrobou hydraulick\u00fdch v\u00e1lc\u016f pro r\u016fzn\u00e9 aplikace. Klademe velk\u00fd d\u016fraz na spokojenost z\u00e1kazn\u00edk\u016f a sna\u017e\u00edme se poskytovat vynikaj\u00edc\u00ed slu\u017eby a podporu.<\/p>\n<ul>\n<li>Profesionalita: N\u00e1\u0161 t\u00fdm se skl\u00e1d\u00e1 z technick\u00fdch odborn\u00edk\u016f s rozs\u00e1hl\u00fdmi zku\u0161enostmi v oblasti n\u00e1vrhu a v\u00fdroby hydraulick\u00fdch v\u00e1lc\u016f.<\/li>\n<li>Mezin\u00e1rodn\u00ed certifikace: Na\u0161e v\u00fdrobky byly testov\u00e1ny a certifikov\u00e1ny mezin\u00e1rodn\u00edmi normaliza\u010dn\u00edmi organizacemi, jako je ISO.<\/li>\n<li>Slu\u017eby na m\u00edru: Nab\u00edz\u00edme \u0159e\u0161en\u00ed hydraulick\u00fdch v\u00e1lc\u016f na m\u00edru, kter\u00e1 spl\u0148uj\u00ed specifick\u00e9 pot\u0159eby na\u0161ich z\u00e1kazn\u00edk\u016f.<\/li>\n<li>V\u00fdrobn\u00ed za\u0159\u00edzen\u00ed: Na\u0161e v\u00fdrobn\u00ed za\u0159\u00edzen\u00ed jsou vybavena nejmodern\u011bj\u0161\u00edm vybaven\u00edm, v\u010detn\u011b CNC stroj\u016f a robotick\u00fdch sva\u0159ovac\u00edch syst\u00e9m\u016f.<\/li>\n<li>Poprodejn\u00ed servis: Nab\u00edz\u00edme komplexn\u00ed poprodejn\u00ed servis, v\u010detn\u011b n\u00e1hradn\u00edch d\u00edl\u016f a repas\u00ed, abychom zajistili dlouhou \u017eivotnost a spolehlivost na\u0161ich produkt\u016f.<\/li>\n<\/ul>\n<p><img decoding=\"async\" src=\"https:\/\/hzpt.com\/wp-content\/uploads\/2024\/11\/songte-company-1.webp\" \/><\/p>\n<p>Autor: lyl<\/p>","protected":false},"excerpt":{"rendered":"<p>Bucket Cylinder For Komatsu Large Excavator PC350-5-6-7 Introduction A bucket cylinder is a specially designed hydraulic cylinder used to control the movement of the bucket in heavy machinery such as excavators, backhoe excavators, and front-end loaders. Its main function is to enable the bucket to lift, lower, and tilt, making it easier for various materials [&hellip;]<\/p>","protected":false},"featured_media":14785,"comment_status":"open","ping_status":"closed","template":"","meta":{"_et_pb_use_builder":"","_et_pb_old_content":"","_et_gb_content_width":""},"product_brand":[],"product_cat":[1494],"product_tag":[1495,1496],"class_list":{"0":"post-15150","1":"product","2":"type-product","3":"status-publish","4":"has-post-thumbnail","6":"product_cat-bucket-cylinders","7":"product_tag-bucket-cylinders","8":"product_tag-hydraulic-cylinders","10":"first","11":"instock","12":"shipping-taxable","13":"product-type-simple"},"amp_enabled":true,"_links":{"self":[{"href":"https:\/\/www.hydraulic-cylinders.net\/cs\/wp-json\/wp\/v2\/product\/15150","targetHints":{"allow":["GET"]}}],"collection":[{"href":"https:\/\/www.hydraulic-cylinders.net\/cs\/wp-json\/wp\/v2\/product"}],"about":[{"href":"https:\/\/www.hydraulic-cylinders.net\/cs\/wp-json\/wp\/v2\/types\/product"}],"replies":[{"embeddable":true,"href":"https:\/\/www.hydraulic-cylinders.net\/cs\/wp-json\/wp\/v2\/comments?post=15150"}],"wp:featuredmedia":[{"embeddable":true,"href":"https:\/\/www.hydraulic-cylinders.net\/cs\/wp-json\/wp\/v2\/media\/14785"}],"wp:attachment":[{"href":"https:\/\/www.hydraulic-cylinders.net\/cs\/wp-json\/wp\/v2\/media?parent=15150"}],"wp:term":[{"taxonomy":"product_brand","embeddable":true,"href":"https:\/\/www.hydraulic-cylinders.net\/cs\/wp-json\/wp\/v2\/product_brand?post=15150"},{"taxonomy":"product_cat","embeddable":true,"href":"https:\/\/www.hydraulic-cylinders.net\/cs\/wp-json\/wp\/v2\/product_cat?post=15150"},{"taxonomy":"product_tag","embeddable":true,"href":"https:\/\/www.hydraulic-cylinders.net\/cs\/wp-json\/wp\/v2\/product_tag?post=15150"}],"curies":[{"name":"wp","href":"https:\/\/api.w.org\/{rel}","templated":true}]}}