{"id":15155,"date":"2025-01-19T14:10:28","date_gmt":"2025-01-19T14:10:28","guid":{"rendered":"https:\/\/www.hydraulic-cylinders.net\/product\/bucket-cylinder-for-komatsu-wheel-excavator-pw150es-6\/"},"modified":"2025-01-19T14:10:29","modified_gmt":"2025-01-19T14:10:29","slug":"bucket-cylinder-for-komatsu-wheel-excavator-pw150es-6","status":"publish","type":"product","link":"https:\/\/www.hydraulic-cylinders.net\/cs\/produkt\/bucket-cylinder-for-komatsu-wheel-excavator-pw150es-6\/","title":{"rendered":"V\u00e1lec kore\u010dkov\u00e9ho v\u00e1lce pro kolov\u00e9 rypadlo Komatsu PW150ES-6"},"content":{"rendered":"<h1>V\u00e1lec kore\u010dkov\u00e9ho v\u00e1lce pro kolov\u00e9 rypadlo Komatsu PW150ES-6<\/h1>\n<h2>Zaveden\u00ed<\/h2>\n<p>Hydraulick\u00fd v\u00e1lec kore\u010dkov\u00e9ho rypadla Komatsu PW150ES-6 je speci\u00e1ln\u011b navr\u017een\u00fd hydraulick\u00fd v\u00e1lec pou\u017e\u00edvan\u00fd k ovl\u00e1d\u00e1n\u00ed pohybu kore\u010dkov\u00e9ho rypadla v t\u011b\u017ek\u00fdch stroj\u00edch, jako jsou rypadla, r\u00fdpadlo-naklada\u010de a \u010deln\u00ed naklada\u010de. Jeho hlavn\u00ed funkc\u00ed je umo\u017enit zved\u00e1n\u00ed, spou\u0161t\u011bn\u00ed a nakl\u00e1p\u011bn\u00ed kore\u010dkov\u00e9ho rypadla, co\u017e jej \u010din\u00ed vhodn\u00fdm pro r\u016fzn\u00e9 \u00fakoly manipulace s materi\u00e1lem. V hydraulick\u00e9m syst\u00e9mu dosahuje v\u00e1lec kore\u010dkov\u00e9ho rypadla p\u0159esn\u00e9ho ovl\u00e1d\u00e1n\u00ed kore\u010dkov\u00e9ho rypadla prost\u0159ednictv\u00edm zm\u011bn tlaku hydraulick\u00e9ho oleje, co\u017e umo\u017e\u0148uje obsluze efektivn\u011b manipulovat s t\u011b\u017ek\u00fdmi b\u0159emeny a p\u0159izp\u016fsobovat se slo\u017eit\u00fdm pracovn\u00edm prost\u0159ed\u00edm a rozmanit\u00fdm provozn\u00edm po\u017eadavk\u016fm.<\/p>\n<p><img decoding=\"async\" src=\"https:\/\/www.hydraulic-cylinders.net\/wp-content\/uploads\/2025\/01\/songte-company-2.webp\" alt=\"Obr\u00e1zek v\u00e1lce kbel\u00edku\"><\/p>\n<h2>Funkce<\/h2>\n<ul>\n<li>Vysok\u00e1 pevnost a odolnost: Obvykle je vyroben z vysokopevnostn\u00ed oceli nebo hlin\u00edku, odol\u00e1 vysok\u00e9mu tlaku a velk\u00e9mu zat\u00ed\u017een\u00ed, a p\u0159izp\u016fsob\u00ed se tak n\u00e1ro\u010dn\u00e9mu pracovn\u00edmu prost\u0159ed\u00ed. Konstrukce zohled\u0148uje odolnost proti opot\u0159eben\u00ed a korozi, co\u017e prodlu\u017euje jeho \u017eivotnost.<\/li>\n<li>Efektivn\u00ed hydraulick\u00fd provoz: Vyu\u017e\u00edv\u00e1n\u00edm tlaku hydraulick\u00e9ho oleje dosahuje plynul\u00fdch pohyb\u016f vysouv\u00e1n\u00ed a smr\u0161\u0165ov\u00e1n\u00ed, rychle reaguje na \u0159\u00eddic\u00ed povely a poskytuje siln\u00e9 tla\u010dn\u00e9 a ta\u017en\u00e9 s\u00edly, vhodn\u00e9 pro manipulaci s t\u011b\u017ek\u00fdmi b\u0159emeny a slo\u017eit\u00e9 provozn\u00ed \u00fakoly.<\/li>\n<li>V\u0161estrann\u00e9 typy: Jedno\u010dinn\u00e9 (hydraulicky ovl\u00e1dan\u00e9 v jednom sm\u011bru) nebo dvoj\u010dinn\u00e9 (hydraulicky ovl\u00e1dan\u00e9 v obou sm\u011brech) v\u00e1lce lze zvolit podle pot\u0159eb a splnit r\u016fzn\u00e9 provozn\u00ed po\u017eadavky. N\u011bkter\u00e9 modely jsou teleskopick\u00e9, co\u017e umo\u017e\u0148uje v\u011bt\u0161\u00ed vysunut\u00ed bez zv\u011bt\u0161en\u00ed vn\u011bj\u0161\u00edch rozm\u011br\u016f, a jsou vhodn\u00e9 pro aplikace s omezen\u00fdm prostorem.<\/li>\n<li>Dokonal\u00e1 n\u00e1hrada: N\u00e1\u0161 produkt dok\u00e1\u017ee tyto hydraulick\u00e9 v\u00e1lce dokonale nahradit.<\/li>\n<\/ul>\n<p><img decoding=\"async\" src=\"https:\/\/www.hydraulic-cylinders.net\/wp-content\/uploads\/2025\/01\/songte-cylinder-head-with-all-kinds-excavator-models.webp\" alt=\"Obr\u00e1zek hydraulick\u00e9ho v\u00e1lce\"><\/p>\n<h2>Aplikace<\/h2>\n<p>\nKore\u010dkov\u00fd v\u00e1lec pro kolov\u00e9 rypadlo Komatsu PW150ES-6 se \u0161iroce pou\u017e\u00edv\u00e1 v r\u016fzn\u00fdch stavebn\u00edch stroj\u00edch, zem\u011bd\u011blsk\u00fdch stroj\u00edch, bagrech a naklada\u010d\u00edch:<\/p>\n<h3>Stavebn\u00ed vybaven\u00ed:<\/h3>\n<p>U bagr\u016f jsou nezbytn\u00e9 pro v\u00fdkopov\u00e9 pr\u00e1ce, nakl\u00e1d\u00e1n\u00ed a p\u0159emis\u0165ov\u00e1n\u00ed zeminy nebo suti. U rypadlo-naklada\u010d\u016f pom\u00e1h\u00e1 v\u00e1lec kore\u010dkov\u00e9ho v\u00e1lce jak p\u0159i v\u00fdkopov\u00fdch prac\u00edch, tak p\u0159i zved\u00e1n\u00ed.<\/p>\n<h3>Zem\u011bd\u011blsk\u00e9 stroje:<\/h3>\n<p>Pou\u017e\u00edv\u00e1 se v \u010deln\u00edch naklada\u010d\u00edch pro nab\u00edr\u00e1n\u00ed, zved\u00e1n\u00ed a p\u0159epravu zeminy, sena a dal\u0161\u00edch materi\u00e1l\u016f.<\/p>\n<h3>Bagry:<\/h3>\n<p>V\u00e1lec l\u017e\u00edce umo\u017e\u0148uje ryp\u00e1n\u00ed t\u00edm, \u017ee umo\u017e\u0148uje l\u017e\u00edci proniknout do p\u016fdy.<\/p>\n<h3>Naklada\u010de:<\/h3>\n<p>U \u010deln\u00edch naklada\u010d\u016f pom\u00e1haj\u00ed efektivn\u011b zvedat a nakl\u00e1n\u011bt zbo\u017e\u00ed.<\/p>\n<p><img decoding=\"async\" src=\"https:\/\/www.hydraulic-cylinders.net\/wp-content\/uploads\/2025\/01\/songte-oil-pipes-and-spare-parts.webp\" alt=\"Obr\u00e1zek hydraulick\u00e9ho v\u00e1lce\"><\/p>\n<h2>Konstruk\u010dn\u00ed aspekty a krit\u00e9ria v\u00fdb\u011bru<\/h2>\n<p>P\u0159i n\u00e1vrhu kore\u010dkov\u00e9ho v\u00e1lce se bere v \u00favahu n\u011bkolik kl\u00ed\u010dov\u00fdch faktor\u016f, jako je nosnost, t\u011bsn\u011bn\u00ed, trvanlivost, bezpe\u010dnost a \u00fadr\u017eba:<\/p>\n<p><img decoding=\"async\" src=\"https:\/\/www.hydraulic-cylinders.net\/wp-content\/uploads\/2025\/01\/songte-chushion-collar.webp\" alt=\"Obr\u00e1zek hydraulick\u00e9ho v\u00e1lce\"><\/p>\n<h2>T\u011bsn\u011bn\u00ed a maz\u00e1n\u00ed<\/h2>\n<p>Kore\u010dkov\u00fd v\u00e1lec vyu\u017e\u00edv\u00e1 r\u016fzn\u00e1 t\u011bsn\u011bn\u00ed, jako jsou p\u00edstn\u00ed t\u011bsn\u011bn\u00ed a t\u011bsn\u011bn\u00ed p\u00edstnice vyroben\u00e1 z materi\u00e1l\u016f odoln\u00fdch proti opot\u0159eben\u00ed, jako je polyuretan a nitrilov\u00e1 pry\u017e. T\u011bleso v\u00e1lce a z\u00e1vitov\u00e9 koncov\u00e9 plochy proch\u00e1zej\u00ed jemn\u00fdm opracov\u00e1n\u00edm pro zv\u00fd\u0161en\u00ed odolnosti proti opot\u0159eben\u00ed. Je nutn\u00e9 pravideln\u00e9 maz\u00e1n\u00ed vhodn\u00fdm mno\u017estv\u00edm hydraulick\u00e9ho oleje.<\/p>\n<h2>Pravideln\u00e1 kontrola a preventivn\u00ed \u00fadr\u017eba<\/h2>\n<ul>\n<li>Pravideln\u011b kontrolujte, zda nedoch\u00e1z\u00ed k net\u011bsnostem, prasklin\u00e1m nebo abnorm\u00e1ln\u00edmu opot\u0159eben\u00ed.<\/li>\n<li>Spr\u00e1vn\u00e9 maz\u00e1n\u00ed pro zaji\u0161t\u011bn\u00ed hladk\u00e9ho chodu.<\/li>\n<li>V p\u0159\u00edpad\u011b pot\u0159eby vym\u011b\u0148te t\u011bsn\u011bn\u00ed.<\/li>\n<li>Prov\u00e1d\u011bjte kalibra\u010dn\u00ed kontroly pro zachov\u00e1n\u00ed p\u0159esnosti.<\/li>\n<\/ul>\n<p><img decoding=\"async\" src=\"https:\/\/www.hydraulic-cylinders.net\/wp-content\/uploads\/2025\/01\/songte-bushings-with-all-kinds-of-excavator-models.webp\" alt=\"Obr\u00e1zek hydraulick\u00e9ho v\u00e1lce\"><\/p>\n<h2>Bezpe\u010dnostn\u00ed aspekty a faktory prost\u0159ed\u00ed<\/h2>\n<p>P\u0159i pou\u017e\u00edv\u00e1n\u00ed kbel\u00edkov\u00e9ho v\u00e1lce je dodr\u017eov\u00e1n\u00ed bezpe\u010dnostn\u00edch opat\u0159en\u00ed z\u00e1sadn\u00ed. Spr\u00e1vn\u00e1 instalace, provoz a \u00fadr\u017eba pom\u00e1haj\u00ed zajistit bezpe\u010dn\u00e9 pou\u017e\u00edv\u00e1n\u00ed, sn\u00ed\u017eit po\u010det nehod a dopad na \u017eivotn\u00ed prost\u0159ed\u00ed.<\/p>\n<h2>Odstra\u0148ov\u00e1n\u00ed probl\u00e9m\u016f a b\u011b\u017en\u00e9 probl\u00e9my<\/h2>\n<p>Mezi b\u011b\u017en\u00e9 probl\u00e9my, kter\u00e9 se mohou vyskytnout s v\u00e1lcem kore\u010dkov\u00e9ho motoru, pat\u0159\u00ed net\u011bsnosti, nespr\u00e1vn\u00fd provoz a abnorm\u00e1ln\u00ed hluk. Pro efektivn\u00ed diagnostiku a \u0159e\u0161en\u00ed probl\u00e9m\u016f je t\u0159eba dodr\u017eovat tipy a postupy pro odstra\u0148ov\u00e1n\u00ed probl\u00e9m\u016f. Pro minimalizaci potenci\u00e1ln\u00edch probl\u00e9m\u016f je t\u0159eba p\u0159ijmout tak\u00e9 preventivn\u00ed opat\u0159en\u00ed.<\/p>\n<p><img decoding=\"async\" src=\"https:\/\/www.hydraulic-cylinders.net\/wp-content\/uploads\/2025\/01\/songte-company-1.webp\" alt=\"Obr\u00e1zek hydraulick\u00e9ho v\u00e1lce\"><\/p>\n<h2>Z\u00e1v\u011br<\/h2>\n<p>Na\u0161e spole\u010dnost je p\u0159edn\u00edm v\u00fdrobcem a velkoobchodn\u00edm distributorem hydraulick\u00fdch v\u00e1lc\u016f na dom\u00e1c\u00edm i mezin\u00e1rodn\u00edm trhu. Nab\u00edz\u00edme \u0161irokou \u0161k\u00e1lu produkt\u016f a usilujeme o vynikaj\u00edc\u00ed kvalitu. D\u00edky modern\u00edm v\u00fdrobn\u00edm za\u0159\u00edzen\u00edm, profesion\u00e1ln\u00edm znalostem a zam\u011b\u0159en\u00ed na spokojenost z\u00e1kazn\u00edk\u016f jsme odhodl\u00e1ni uspokojovat jejich rozmanit\u00e9 pot\u0159eby. Na\u0161e produkty jsou uzn\u00e1v\u00e1ny pro svou profesionalitu, mezin\u00e1rodn\u00ed certifikace, slu\u017eby na m\u00edru, nejmodern\u011bj\u0161\u00ed v\u00fdrobn\u00ed za\u0159\u00edzen\u00ed a vynikaj\u00edc\u00ed poprodejn\u00ed podporu.<\/p>\n<p><img decoding=\"async\" src=\"https:\/\/www.hydraulic-cylinders.net\/wp-content\/uploads\/2025\/01\/songte-company-3.webp\" alt=\"Image spole\u010dnosti\"><\/p>\n<p>Autor: lyl<\/p>","protected":false},"excerpt":{"rendered":"<p>Bucket Cylinder For Komatsu Wheel Excavator PW150ES-6 Introduction The bucket cylinder for Komatsu wheel excavator PW150ES-6 is a specially designed hydraulic cylinder used to control the movement of the bucket in heavy machinery such as excavators, backhoe loaders, and front-end loaders. Its main function is to enable the bucket to lift, lower, and tilt, making [&hellip;]<\/p>","protected":false},"featured_media":14776,"comment_status":"open","ping_status":"closed","template":"","meta":{"_et_pb_use_builder":"","_et_pb_old_content":"","_et_gb_content_width":""},"product_brand":[],"product_cat":[1494],"product_tag":[1495,1496],"class_list":{"0":"post-15155","1":"product","2":"type-product","3":"status-publish","4":"has-post-thumbnail","6":"product_cat-bucket-cylinders","7":"product_tag-bucket-cylinders","8":"product_tag-hydraulic-cylinders","10":"first","11":"instock","12":"shipping-taxable","13":"product-type-simple"},"amp_enabled":true,"_links":{"self":[{"href":"https:\/\/www.hydraulic-cylinders.net\/cs\/wp-json\/wp\/v2\/product\/15155","targetHints":{"allow":["GET"]}}],"collection":[{"href":"https:\/\/www.hydraulic-cylinders.net\/cs\/wp-json\/wp\/v2\/product"}],"about":[{"href":"https:\/\/www.hydraulic-cylinders.net\/cs\/wp-json\/wp\/v2\/types\/product"}],"replies":[{"embeddable":true,"href":"https:\/\/www.hydraulic-cylinders.net\/cs\/wp-json\/wp\/v2\/comments?post=15155"}],"wp:featuredmedia":[{"embeddable":true,"href":"https:\/\/www.hydraulic-cylinders.net\/cs\/wp-json\/wp\/v2\/media\/14776"}],"wp:attachment":[{"href":"https:\/\/www.hydraulic-cylinders.net\/cs\/wp-json\/wp\/v2\/media?parent=15155"}],"wp:term":[{"taxonomy":"product_brand","embeddable":true,"href":"https:\/\/www.hydraulic-cylinders.net\/cs\/wp-json\/wp\/v2\/product_brand?post=15155"},{"taxonomy":"product_cat","embeddable":true,"href":"https:\/\/www.hydraulic-cylinders.net\/cs\/wp-json\/wp\/v2\/product_cat?post=15155"},{"taxonomy":"product_tag","embeddable":true,"href":"https:\/\/www.hydraulic-cylinders.net\/cs\/wp-json\/wp\/v2\/product_tag?post=15155"}],"curies":[{"name":"wp","href":"https:\/\/api.w.org\/{rel}","templated":true}]}}