{"id":15157,"date":"2025-01-19T14:10:35","date_gmt":"2025-01-19T14:10:35","guid":{"rendered":"https:\/\/www.hydraulic-cylinders.net\/product\/bucket-cylinder-for-komatsu-wheel-excavator-pw100s-3-5\/"},"modified":"2025-01-19T14:10:37","modified_gmt":"2025-01-19T14:10:37","slug":"bucket-cylinder-for-komatsu-wheel-excavator-pw100s-3-5","status":"publish","type":"product","link":"https:\/\/www.hydraulic-cylinders.net\/cs\/produkt\/bucket-cylinder-for-komatsu-wheel-excavator-pw100s-3-5\/","title":{"rendered":"V\u00e1lec kore\u010dkov\u00e9ho v\u00e1lce pro kolov\u00e9 rypadlo Komatsu PW100S-3-5"},"content":{"rendered":"<h2>V\u00e1lec kore\u010dkov\u00e9ho v\u00e1lce pro kolov\u00e9 rypadlo Komatsu PW100S-3-5<\/h2>\n<p>Hydraulick\u00fd v\u00e1lec l\u017e\u00edce je speci\u00e1ln\u011b navr\u017een\u00fd hydraulick\u00fd v\u00e1lec pou\u017e\u00edvan\u00fd k ovl\u00e1d\u00e1n\u00ed pohybu l\u017e\u00edce v t\u011b\u017ek\u00fdch stroj\u00edch, jako jsou rypadla, rypadla-naklada\u010de a kolov\u00e9 naklada\u010de. Jeho hlavn\u00ed funkc\u00ed je umo\u017enit zved\u00e1n\u00ed, spou\u0161t\u011bn\u00ed a nakl\u00e1p\u011bn\u00ed l\u017e\u00edce, co\u017e usnad\u0148uje r\u016fzn\u00e9 \u00fakoly manipulace s materi\u00e1lem. V hydraulick\u00e9m syst\u00e9mu dosahuje v\u00e1lec l\u017e\u00edce p\u0159esn\u00e9ho ovl\u00e1d\u00e1n\u00ed l\u017e\u00edce zm\u011bnami tlaku hydraulick\u00e9ho oleje, co\u017e umo\u017e\u0148uje obsluze efektivn\u011b manipulovat s t\u011b\u017ek\u00fdmi b\u0159emeny a p\u0159izp\u016fsobovat se slo\u017eit\u00fdm pracovn\u00edm prost\u0159ed\u00edm a rozmanit\u00fdm provozn\u00edm pot\u0159eb\u00e1m.<\/p>\n<p><img decoding=\"async\" src=\"https:\/\/www.hydraulic-cylinders.net\/wp-content\/uploads\/2025\/01\/songte-company-2.webp\" alt=\"Obr\u00e1zek v\u00e1lce kbel\u00edku\"><\/p>\n<h3>Vlastnosti kore\u010dkov\u00e9ho v\u00e1lce:<\/h3>\n<ol>\n<li>Vysok\u00e1 pevnost a odolnost: Obvykle je vyroben z vysokopevnostn\u00ed oceli nebo hlin\u00edku, odol\u00e1 vysok\u00e9mu tlaku a velk\u00e9mu zat\u00ed\u017een\u00ed a p\u0159izp\u016fsob\u00ed se n\u00e1ro\u010dn\u00e9mu pracovn\u00edmu prost\u0159ed\u00ed. Konstrukce zohled\u0148uje odolnost proti opot\u0159eben\u00ed a korozi, aby se prodlou\u017eila jeho \u017eivotnost.<\/li>\n<li>Efektivn\u00ed hydraulick\u00fd provoz: Vyu\u017e\u00edv\u00e1n\u00edm tlaku hydraulick\u00e9ho oleje dosahuje plynul\u00e9ho vysouv\u00e1n\u00ed a zasouv\u00e1n\u00ed, rychle reaguje na ovl\u00e1dac\u00ed povely a poskytuje siln\u00e9 tla\u010dn\u00e9 a ta\u017en\u00e9 s\u00edly, vhodn\u00e9 pro manipulaci s t\u011b\u017ek\u00fdmi b\u0159emeny a slo\u017eit\u00e9 provozn\u00ed \u00fakoly.<\/li>\n<li>R\u016fzn\u00e9 typy: Jedno\u010dinn\u00e9 (hydraulicky ovl\u00e1dan\u00e9 pouze v jednom sm\u011bru) nebo dvoj\u010dinn\u00e9 (hydraulicky ovl\u00e1dan\u00e9 v obou sm\u011brech) v\u00e1lce lze volit dle po\u017eadavk\u016f a spl\u0148ovat r\u016fzn\u00e9 provozn\u00ed pot\u0159eby. N\u011bkter\u00e9 modely jsou teleskopick\u00e9, co\u017e umo\u017e\u0148uje v\u011bt\u0161\u00ed v\u00fdsuv bez zv\u011bt\u0161en\u00ed vn\u011bj\u0161\u00edch rozm\u011br\u016f, a proto jsou vhodn\u00e9 pro aplikace s omezen\u00fdm prostorem.<\/li>\n<li>Dokonal\u00e1 n\u00e1hrada: N\u00e1\u0161 produkt dok\u00e1\u017ee tyto hydraulick\u00e9 v\u00e1lce dokonale nahradit.<\/li>\n<\/ol>\n<p><img decoding=\"async\" src=\"https:\/\/www.hydraulic-cylinders.net\/wp-content\/uploads\/2025\/01\/songte-cylinder-head-with-all-kinds-excavator-models.webp\" alt=\"Obr\u00e1zek v\u00fdm\u011bny v\u00e1lce lopaty\"><\/p>\n<h3>Pou\u017eit\u00ed kore\u010dkov\u00e9ho v\u00e1lce:<\/h3>\n<p><strong>Stavebn\u00ed stroje:<\/strong> Nach\u00e1zej\u00ed se v bagrech a jsou nezbytn\u00e9 pro v\u00fdkopov\u00e9 pr\u00e1ce, nakl\u00e1d\u00e1n\u00ed a p\u0159emis\u0165ov\u00e1n\u00ed zeminy nebo suti. U rypadlo-naklada\u010d\u016f pom\u00e1h\u00e1 v\u00e1lec l\u017e\u00edce jak p\u0159i kop\u00e1n\u00ed, tak p\u0159i zved\u00e1n\u00ed.<\/p>\n<p><strong>Zem\u011bd\u011blsk\u00e9 stroje:<\/strong> Pou\u017e\u00edv\u00e1 se v \u010deln\u00edch naklada\u010d\u00edch pro nab\u00edr\u00e1n\u00ed, zved\u00e1n\u00ed a p\u0159epravu zeminy, sena a dal\u0161\u00edch materi\u00e1l\u016f.<\/p>\n<p><strong>Bagry:<\/strong> V\u00e1lec l\u017e\u00edce umo\u017e\u0148uje ryt\u00ed t\u00edm, \u017ee umo\u017e\u0148uje l\u017e\u00edci proniknout do p\u016fdy.<\/p>\n<p><strong>Kolov\u00e9 naklada\u010de:<\/strong> U \u010deln\u00edch naklada\u010d\u016f pom\u00e1haj\u00ed efektivn\u011b zvedat a vykl\u00e1dat zbo\u017e\u00ed.<\/p>\n<h3>Konstruk\u010dn\u00ed aspekty a krit\u00e9ria v\u00fdb\u011bru:<\/h3>\n<p>P\u0159i navrhov\u00e1n\u00ed kore\u010dkov\u00fdch v\u00e1lc\u016f se bere v \u00favahu n\u011bkolik faktor\u016f:<\/p>\n<ol>\n<li>\u00danosnost: V\u00e1lec by m\u011bl b\u00fdt schopen odolat maxim\u00e1ln\u00edmu o\u010dek\u00e1van\u00e9mu zat\u00ed\u017een\u00ed, aby byl zaji\u0161t\u011bn bezpe\u010dn\u00fd a spolehliv\u00fd provoz.<\/li>\n<li>T\u011bsnic\u00ed schopnost: K zabr\u00e1n\u011bn\u00ed \u00faniku a zaji\u0161t\u011bn\u00ed efektivn\u00edho provozu se pou\u017e\u00edvaj\u00ed r\u016fzn\u00e9 t\u011bsnic\u00ed komponenty, jako jsou t\u011bsn\u011bn\u00ed p\u00edst\u016f a p\u00edstnic.<\/li>\n<li>Trvanlivost: V\u00e1lec a jeho z\u00e1vitov\u00e9 konce jsou jemn\u011b opracov\u00e1ny pro zlep\u0161en\u00ed odolnosti proti opot\u0159eben\u00ed a prodlou\u017een\u00ed \u017eivotnosti.<\/li>\n<li>Bezpe\u010dnost: Konstrukce zahrnuje bezpe\u010dnostn\u00ed prvky, kter\u00e9 zabra\u0148uj\u00ed nehod\u00e1m a zaji\u0161\u0165uj\u00ed ochranu obsluhy.<\/li>\n<li>\u00dadr\u017eba: Snadn\u00fd p\u0159\u00edstup pro \u00fadr\u017ebu, opravy a v\u00fdm\u011bnu sou\u010d\u00e1st\u00ed je pova\u017eov\u00e1n za faktor minimalizuj\u00edc\u00ed prostoje.<\/li>\n<\/ol>\n<p><img decoding=\"async\" src=\"https:\/\/www.hydraulic-cylinders.net\/wp-content\/uploads\/2025\/01\/songte-oil-pipes-and-spare-parts.webp\" alt=\"Obr\u00e1zek t\u011bsn\u011bn\u00ed a maz\u00e1n\u00ed\"><\/p>\n<p>Pro ut\u011bsn\u011bn\u00ed se pro jejich odolnost proti opot\u0159eben\u00ed pou\u017e\u00edvaj\u00ed r\u016fzn\u00e9 t\u011bsnic\u00ed prvky, jako je polyuretan a nitrilov\u00e1 pry\u017e. T\u011bleso v\u00e1lce a z\u00e1vitov\u00e9 konce proch\u00e1zej\u00ed pe\u010dlivou povrchovou \u00fapravou pro zv\u00fd\u0161en\u00ed odolnosti proti opot\u0159eben\u00ed. Pro zaji\u0161t\u011bn\u00ed hladk\u00e9ho provozu je nezbytn\u00e9 pravideln\u00e9 maz\u00e1n\u00ed vhodn\u00fdm mno\u017estv\u00edm hydraulick\u00e9ho oleje.<\/p>\n<p>Pravideln\u00e9 kontroly a preventivn\u00ed \u00fadr\u017eba jsou nezbytn\u00e9 pro dlouhou \u017eivotnost a optim\u00e1ln\u00ed v\u00fdkon kore\u010dkov\u00e9ho v\u00e1lce:<\/p>\n<ul>\n<li>Pravideln\u011b kontrolujte net\u011bsnosti, opot\u0159eben\u00ed a po\u0161kozen\u00ed.<\/li>\n<li>Zajist\u011bte spr\u00e1vn\u00e9 maz\u00e1n\u00ed v\u0161ech pohybliv\u00fdch \u010d\u00e1st\u00ed.<\/li>\n<li>Vym\u011b\u0148te t\u011bsn\u011bn\u00ed dle pot\u0159eby.<\/li>\n<li>Prov\u00e1d\u011bjte kalibra\u010dn\u00ed kontroly pro zachov\u00e1n\u00ed p\u0159esnosti.<\/li>\n<\/ul>\n<p><img decoding=\"async\" src=\"https:\/\/www.hydraulic-cylinders.net\/wp-content\/uploads\/2025\/01\/songte-chushion-collar.webp\" alt=\"Obr\u00e1zek \u00fakol\u016f \u00fadr\u017eby\"><\/p>\n<p>P\u0159i pr\u00e1ci s kore\u010dkov\u00fdmi v\u00e1lci jsou kl\u00ed\u010dov\u00e9 bezpe\u010dnostn\u00ed aspekty a faktory prost\u0159ed\u00ed. Dodr\u017eov\u00e1n\u00ed bezpe\u010dnostn\u00edch opat\u0159en\u00ed p\u0159i pou\u017e\u00edv\u00e1n\u00ed v\u00e1lce zaji\u0161\u0165uje prevenci nehod a pohodu obsluhy.<\/p>\n<p>Pokud jde o \u0159e\u0161en\u00ed probl\u00e9m\u016f a b\u011b\u017en\u00e9 probl\u00e9my, zde je n\u011bkolik tip\u016f a \u0159e\u0161en\u00ed, kter\u00e9 \u010dten\u00e1\u0159\u016fm pomohou efektivn\u011b diagnostikovat a \u0159e\u0161it probl\u00e9my spolu s preventivn\u00edmi opat\u0159en\u00edmi k minimalizaci potenci\u00e1ln\u00edch probl\u00e9m\u016f:<\/p>\n<p><img decoding=\"async\" src=\"https:\/\/www.hydraulic-cylinders.net\/wp-content\/uploads\/2025\/01\/songte-bushings-with-all-kinds-of-excavator-models.webp\" alt=\"Obr\u00e1zek pro \u0159e\u0161en\u00ed probl\u00e9m\u016f\"><\/p>\n<h3>O na\u0161\u00ed spole\u010dnosti:<\/h3>\n<p>Jsme p\u0159edn\u00edm v\u00fdrobcem a velkoobchodn\u00edm distributorem hydraulick\u00fdch v\u00e1lc\u016f na dom\u00e1c\u00edm i mezin\u00e1rodn\u00edm trhu. Na\u0161e spole\u010dnost nab\u00edz\u00ed \u0161irokou \u0161k\u00e1lu produkt\u016f, dodr\u017euje principy excelence v kvalit\u011b a vyu\u017e\u00edv\u00e1 strategie \u0159\u00edzen\u00ed pr\u016fmyslov\u00e9 v\u00fdroby v na\u0161ich propracovan\u00fdch v\u00fdrobn\u00edch d\u00edln\u00e1ch. S d\u016frazem na technologick\u00e9 talenty, pokro\u010dil\u00e9 digit\u00e1ln\u00ed v\u00fdrobn\u00ed za\u0159\u00edzen\u00ed a profesion\u00e1ln\u00ed testovac\u00ed syst\u00e9my neust\u00e1le vylep\u0161ujeme na\u0161i v\u00fdrobn\u00ed platformu a v\u00fdrobn\u00ed postupy zaji\u0161\u0165uj\u00edc\u00ed kvalitu produkt\u016f. Jsme schopni uspokojit rozmanit\u00e9 pot\u0159eby z\u00e1kazn\u00edk\u016f s vysokou efektivitou, p\u0159esnost\u00ed a kvalitou.<\/p>\n<p><img decoding=\"async\" src=\"https:\/\/www.hydraulic-cylinders.net\/wp-content\/uploads\/2025\/01\/songte-company-3.webp\" alt=\"Image spole\u010dnosti\"><\/p>\n<p>Na\u0161e spole\u010dnost je zn\u00e1m\u00e1 svou profesionalitou, mezin\u00e1rodn\u00edmi certifikacemi, slu\u017ebami na m\u00edru, v\u00fdrobn\u00edm vybaven\u00edm a poprodejn\u00ed podporou.<\/p>\n<h5>Autor: lyl<\/h5>","protected":false},"excerpt":{"rendered":"<p>Bucket Cylinder For Komatsu Wheel Excavator PW100S-3-5 Bucket cylinder is a specially designed hydraulic cylinder used to control the movement of the bucket in heavy machinery such as excavators, backhoe loaders, and wheel loaders. Its main function is to enable the bucket to lift, lower, and tilt, making it easier for various material handling tasks. [&hellip;]<\/p>","protected":false},"featured_media":14771,"comment_status":"open","ping_status":"closed","template":"","meta":{"_et_pb_use_builder":"","_et_pb_old_content":"","_et_gb_content_width":""},"product_brand":[],"product_cat":[1494],"product_tag":[1495,1496],"class_list":{"0":"post-15157","1":"product","2":"type-product","3":"status-publish","4":"has-post-thumbnail","6":"product_cat-bucket-cylinders","7":"product_tag-bucket-cylinders","8":"product_tag-hydraulic-cylinders","10":"first","11":"instock","12":"shipping-taxable","13":"product-type-simple"},"amp_enabled":true,"_links":{"self":[{"href":"https:\/\/www.hydraulic-cylinders.net\/cs\/wp-json\/wp\/v2\/product\/15157","targetHints":{"allow":["GET"]}}],"collection":[{"href":"https:\/\/www.hydraulic-cylinders.net\/cs\/wp-json\/wp\/v2\/product"}],"about":[{"href":"https:\/\/www.hydraulic-cylinders.net\/cs\/wp-json\/wp\/v2\/types\/product"}],"replies":[{"embeddable":true,"href":"https:\/\/www.hydraulic-cylinders.net\/cs\/wp-json\/wp\/v2\/comments?post=15157"}],"wp:featuredmedia":[{"embeddable":true,"href":"https:\/\/www.hydraulic-cylinders.net\/cs\/wp-json\/wp\/v2\/media\/14771"}],"wp:attachment":[{"href":"https:\/\/www.hydraulic-cylinders.net\/cs\/wp-json\/wp\/v2\/media?parent=15157"}],"wp:term":[{"taxonomy":"product_brand","embeddable":true,"href":"https:\/\/www.hydraulic-cylinders.net\/cs\/wp-json\/wp\/v2\/product_brand?post=15157"},{"taxonomy":"product_cat","embeddable":true,"href":"https:\/\/www.hydraulic-cylinders.net\/cs\/wp-json\/wp\/v2\/product_cat?post=15157"},{"taxonomy":"product_tag","embeddable":true,"href":"https:\/\/www.hydraulic-cylinders.net\/cs\/wp-json\/wp\/v2\/product_tag?post=15157"}],"curies":[{"name":"wp","href":"https:\/\/api.w.org\/{rel}","templated":true}]}}