{"id":15167,"date":"2025-01-19T14:11:23","date_gmt":"2025-01-19T14:11:23","guid":{"rendered":"https:\/\/www.hydraulic-cylinders.net\/product\/bucket-cylinder-for-sumitomo-small-excavator-sh75-75x-3b\/"},"modified":"2025-01-19T14:11:25","modified_gmt":"2025-01-19T14:11:25","slug":"bucket-cylinder-for-sumitomo-small-excavator-sh75-75x-3b","status":"publish","type":"product","link":"https:\/\/www.hydraulic-cylinders.net\/cs\/produkt\/bucket-cylinder-for-sumitomo-small-excavator-sh75-75x-3b\/","title":{"rendered":"V\u00e1lec l\u017e\u00edce pro mal\u00e9 rypadlo Sumitomo SH75\/75X-3B"},"content":{"rendered":"<p><!DOCTYPE html><br \/>\n<html><br \/>\n<head><br \/>\n<title>V\u00e1lec l\u017e\u00edce pro mal\u00e9 rypadlo Sumitomo SH75\/75X-3B<\/title><br \/>\n<\/head><br \/>\n<body><\/p>\n<h1>V\u00e1lec l\u017e\u00edce pro mal\u00e9 rypadlo Sumitomo SH75\/75X-3B<\/h1>\n<h2>Zaveden\u00ed<\/h2>\n<p>Hydraulick\u00fd v\u00e1lec l\u017e\u00edce je speci\u00e1ln\u011b navr\u017een\u00fd hydraulick\u00fd v\u00e1lec pou\u017e\u00edvan\u00fd k ovl\u00e1d\u00e1n\u00ed pohybu l\u017e\u00edce v t\u011b\u017ek\u00fdch stroj\u00edch, jako jsou rypadla, r\u00fdpadlo-naklada\u010de a \u010deln\u00ed naklada\u010de. Jeho hlavn\u00ed funkc\u00ed je umo\u017enit zved\u00e1n\u00ed, spou\u0161t\u011bn\u00ed a nakl\u00e1p\u011bn\u00ed l\u017e\u00edce, co\u017e usnad\u0148uje r\u016fzn\u00e9 \u00fakoly manipulace s materi\u00e1lem. V hydraulick\u00e9m syst\u00e9mu dosahuje v\u00e1lec l\u017e\u00edce p\u0159esn\u00e9ho ovl\u00e1d\u00e1n\u00ed l\u017e\u00edce zm\u011bnami tlaku hydraulick\u00e9ho oleje, co\u017e umo\u017e\u0148uje obsluze efektivn\u011b manipulovat s t\u011b\u017ek\u00fdmi b\u0159emeny a p\u0159izp\u016fsobovat se slo\u017eit\u00fdm pracovn\u00edm prost\u0159ed\u00edm a rozmanit\u00fdm provozn\u00edm pot\u0159eb\u00e1m.<\/p>\n<p><img decoding=\"async\" src=\"https:\/\/www.hydraulic-cylinders.net\/wp-content\/uploads\/2025\/01\/songte-company-2.webp\" alt=\"Obr\u00e1zek v\u00e1lce kbel\u00edku\"><\/p>\n<h2>Funkce<\/h2>\n<ul>\n<li>Vysok\u00e1 pevnost a odolnost: V\u00e1lec kore\u010dkov\u00e9ho typu, obvykle vyroben\u00fd z vysokopevnostn\u00ed oceli nebo hlin\u00edku, odol\u00e1 vysok\u00e9mu tlaku a velk\u00e9mu zat\u00ed\u017een\u00ed, a p\u0159izp\u016fsob\u00ed se tak n\u00e1ro\u010dn\u00e9mu pracovn\u00edmu prost\u0159ed\u00ed. Jeho konstrukce zohled\u0148uje odolnost proti opot\u0159eben\u00ed a korozi, co\u017e prodlu\u017euje jeho \u017eivotnost.<\/li>\n<li>Efektivn\u00ed hydraulick\u00fd provoz: Vyu\u017eit\u00edm tlaku hydraulick\u00e9ho oleje umo\u017e\u0148uje v\u00e1lec l\u017e\u00edce plynul\u00e9 vysouv\u00e1n\u00ed a zasouv\u00e1n\u00ed a poskytuje siln\u00e9 tla\u010dn\u00e9 a ta\u017en\u00e9 s\u00edly, vhodn\u00e9 pro manipulaci s t\u011b\u017ek\u00fdmi b\u0159emeny a slo\u017eit\u00e9 provozn\u00ed \u00fakoly.<\/li>\n<li>R\u016fzn\u00e9 typy: V\u00e1lec lze dle po\u017eadavk\u016f zvolit jako jedno\u010dinn\u00fd (hydraulicky ovl\u00e1dan\u00fd pouze v jednom sm\u011bru) nebo dvoj\u010dinn\u00fd (hydraulicky ovl\u00e1dan\u00fd v obou sm\u011brech), p\u0159i\u010dem\u017e n\u011bkter\u00e9 modely jsou teleskopick\u00e9, co\u017e umo\u017e\u0148uje v\u011bt\u0161\u00ed v\u00fdsuv bez zv\u011bt\u0161en\u00ed vn\u011bj\u0161\u00edch rozm\u011br\u016f, a je vhodn\u00e9 pro aplikace s omezen\u00fdm prostorem.<\/li>\n<li>Perfektn\u00ed n\u00e1hrada za hydraulick\u00e9 v\u00e1lce: N\u00e1\u0161 produkt dok\u00e1\u017ee dokonale nahradit st\u00e1vaj\u00edc\u00ed hydraulick\u00e9 v\u00e1lce se zv\u00fd\u0161en\u00fdm v\u00fdkonem a kompatibilitou.<\/li>\n<\/ul>\n<p><img decoding=\"async\" src=\"https:\/\/www.hydraulic-cylinders.net\/wp-content\/uploads\/2025\/01\/songte-cylinder-head-with-all-kinds-excavator-models.webp\" alt=\"Obr\u00e1zek produktu\"><\/p>\n<h2>Aplikace<\/h2>\n<ul>\n<li>Stavebn\u00ed za\u0159\u00edzen\u00ed: Nach\u00e1zej\u00ed se v bagrech a jsou nezbytn\u00e1 pro v\u00fdkopov\u00e9 pr\u00e1ce, nakl\u00e1d\u00e1n\u00ed a p\u0159emis\u0165ov\u00e1n\u00ed zeminy nebo suti. U rypadlo-naklada\u010d\u016f pom\u00e1h\u00e1 v\u00e1lec l\u017e\u00edce jak p\u0159i v\u00fdkopov\u00fdch prac\u00edch, tak p\u0159i zved\u00e1n\u00ed.<\/li>\n<li>Zem\u011bd\u011blsk\u00e9 stroje: Pou\u017e\u00edvaj\u00ed se v \u010deln\u00edch naklada\u010d\u00edch a pom\u00e1haj\u00ed p\u0159i nab\u00edr\u00e1n\u00ed, zved\u00e1n\u00ed a p\u0159eprav\u011b p\u016fdy, sena a dal\u0161\u00edch materi\u00e1l\u016f.<\/li>\n<li>Rypadla: V\u00e1lec l\u017e\u00edce umo\u017e\u0148uje v\u00fdkopov\u00e9 pr\u00e1ce t\u00edm, \u017ee umo\u017e\u0148uje l\u017e\u00edci proniknout do p\u016fdy.<\/li>\n<li>Naklada\u010de: U \u010deln\u00edch naklada\u010d\u016f p\u0159isp\u00edvaj\u00ed k efektivn\u00edmu zved\u00e1n\u00ed a vykl\u00e1dkov\u00e1n\u00ed zbo\u017e\u00ed.<\/li>\n<\/ul>\n<h2>Konstruk\u010dn\u00ed aspekty a krit\u00e9ria v\u00fdb\u011bru<\/h2>\n<ul>\n<li>\u00danosnost: Konstrukce v\u00e1lce zohled\u0148uje schopnost odol\u00e1vat vysok\u00e9mu zat\u00ed\u017een\u00ed a zachovat struktur\u00e1ln\u00ed integritu.<\/li>\n<li>T\u011bsn\u011bn\u00ed: Pou\u017e\u00edvaj\u00ed se r\u016fzn\u00e9 t\u011bsnic\u00ed komponenty, jako jsou t\u011bsn\u011bn\u00ed p\u00edst\u016f a p\u00edstnic, vyroben\u00e9 z materi\u00e1l\u016f odoln\u00fdch proti opot\u0159eben\u00ed, jako je polyuretan a nitrilov\u00e1 pry\u017e. T\u011bleso v\u00e1lce a z\u00e1vitov\u00e9 koncov\u00e9 plochy jsou jemn\u011b opracov\u00e1ny pro zv\u00fd\u0161en\u00ed odolnosti proti opot\u0159eben\u00ed.<\/li>\n<li>Trvanlivost: Konstrukce zaji\u0161\u0165uje, \u017ee lahev odol\u00e1 nep\u0159etr\u017eit\u00e9mu pou\u017e\u00edv\u00e1n\u00ed, vliv\u016fm prost\u0159ed\u00ed a potenci\u00e1ln\u00edm n\u00e1raz\u016fm.<\/li>\n<li>Bezpe\u010dnost: Bezpe\u010dnostn\u00ed prvky, jako jsou p\u0159etlakov\u00e9 ventily a ochrann\u00e9 kryty, jsou sou\u010d\u00e1st\u00ed za\u0159\u00edzen\u00ed, aby se zabr\u00e1nilo nehod\u00e1m a byla zaji\u0161t\u011bna bezpe\u010dnost obsluhy.<\/li>\n<li>\u00dadr\u017eba: Konstrukce v\u00e1lce umo\u017e\u0148uje snadnou \u00fadr\u017ebu a opravy s vhodn\u00fdmi p\u0159\u00edstupov\u00fdmi body a pokyny.<\/li>\n<\/ul>\n<p><img decoding=\"async\" src=\"https:\/\/www.hydraulic-cylinders.net\/wp-content\/uploads\/2025\/01\/songte-oil-pipes-and-spare-parts.webp\" alt=\"Sou\u010d\u00e1sti produktu\"><\/p>\n<h2>T\u011bsn\u011bn\u00ed a maz\u00e1n\u00ed<\/h2>\n<p>Kore\u010dkov\u00fd v\u00e1lec vyu\u017e\u00edv\u00e1 r\u016fzn\u00e9 t\u011bsnic\u00ed komponenty, jako jsou t\u011bsn\u011bn\u00ed p\u00edst\u016f a t\u011bsn\u011bn\u00ed p\u00edstnic, vyroben\u00e9 z materi\u00e1l\u016f odoln\u00fdch proti opot\u0159eben\u00ed, jako je polyuretan a nitrilov\u00e1 pry\u017e. T\u011bleso v\u00e1lce a z\u00e1vitov\u00e9 koncov\u00e9 plochy jsou jemn\u011b o\u0161et\u0159eny pro zv\u00fd\u0161en\u00ed odolnosti proti opot\u0159eben\u00ed. Pro zaji\u0161t\u011bn\u00ed optim\u00e1ln\u00edho v\u00fdkonu je nutn\u00e9 pravideln\u00e9 maz\u00e1n\u00ed. Pro maz\u00e1n\u00ed by m\u011blo b\u00fdt pravideln\u011b dopl\u0148ov\u00e1no dostate\u010dn\u00e9 mno\u017estv\u00ed hydraulick\u00e9ho oleje.<\/p>\n<h2>\u00dadr\u017eba a preventivn\u00ed opat\u0159en\u00ed<\/h2>\n<ul>\n<li>Pravideln\u00e9 kontroly: Pravideln\u011b kontrolujte v\u00e1lec, zda nevykazuje zn\u00e1mky opot\u0159eben\u00ed, po\u0161kozen\u00ed nebo net\u011bsnost\u00ed.<\/li>\n<li>Spr\u00e1vn\u00e9 maz\u00e1n\u00ed: Pro zaji\u0161t\u011bn\u00ed hladk\u00e9ho provozu dodr\u017eujte doporu\u010den\u00fd mazac\u00ed pl\u00e1n.<\/li>\n<li>V\u00fdm\u011bna t\u011bsn\u011bn\u00ed: Pokud jsou n\u011bkter\u00e1 t\u011bsn\u011bn\u00ed opot\u0159ebovan\u00e1 nebo po\u0161kozen\u00e1, neprodlen\u011b je vym\u011b\u0148te, abyste zabr\u00e1nili \u00faniku a zachovali \u00fa\u010dinnost t\u011bsn\u011bn\u00ed.<\/li>\n<li>Kalibra\u010dn\u00ed kontroly: Pravideln\u011b kontrolujte a kalibrujte v\u00e1lec, abyste zajistili p\u0159esn\u00fd a precizn\u00ed provoz.<\/li>\n<\/ul>\n<p><img decoding=\"async\" src=\"https:\/\/www.hydraulic-cylinders.net\/wp-content\/uploads\/2025\/01\/songte-chushion-collar.webp\" alt=\"Instala\u010dn\u00ed obr\u00e1zek\"><\/p>\n<h2>Aspekty bezpe\u010dnosti produkt\u016f a faktory prost\u0159ed\u00ed<\/h2>\n<p>P\u0159i pou\u017e\u00edv\u00e1n\u00ed kbel\u00edkov\u00e9ho v\u00e1lce je d\u016fle\u017eit\u00e9 dodr\u017eovat bezpe\u010dnostn\u00ed opat\u0159en\u00ed, aby se p\u0159ede\u0161lo nehod\u00e1m a zajistila se pohoda obsluhy. Konstrukce v\u00e1lce zohled\u0148uje bezpe\u010dnostn\u00ed normy a p\u0159edpisy pro minimalizaci rizik. D\u00e1le je t\u0159eba zv\u00e1\u017eit faktory prost\u0159ed\u00ed, jako jsou \u00faniky kapalin a spr\u00e1vn\u00e1 likvidace odpadu.<\/p>\n<h2>Odstra\u0148ov\u00e1n\u00ed probl\u00e9m\u016f a b\u011b\u017en\u00e9 probl\u00e9my<\/h2>\n<p>Mezi b\u011b\u017en\u00e9 probl\u00e9my, kter\u00e9 se mohou vyskytnout u v\u00e1lce l\u017e\u00edce, pat\u0159\u00ed net\u011bsnosti, nedostate\u010dn\u00fd v\u00fdkon a abnorm\u00e1ln\u00ed pohyby. Pro \u0159e\u0161en\u00ed t\u011bchto probl\u00e9m\u016f se doporu\u010duje zkontrolovat p\u0159\u00edpadn\u00e9 net\u011bsnosti, zajistit spr\u00e1vnou hladinu hydraulick\u00e9 kapaliny a zkontrolovat syst\u00e9m, zda nedo\u0161lo k poruch\u00e1m. Spr\u00e1vn\u00e1 preventivn\u00ed opat\u0159en\u00ed, jako je pravideln\u00e1 \u00fadr\u017eba a v\u010dasn\u00e9 opravy, mohou pomoci minimalizovat potenci\u00e1ln\u00ed probl\u00e9my.<\/p>\n<p><img decoding=\"async\" src=\"https:\/\/www.hydraulic-cylinders.net\/wp-content\/uploads\/2025\/01\/songte-bushings-with-all-kinds-of-excavator-models.webp\" alt=\"Obr\u00e1zek pro \u0159e\u0161en\u00ed probl\u00e9m\u016f\"><\/p>\n<h2>O na\u0161\u00ed spole\u010dnosti<\/h2>\n<p>Jsme v\u00fdrobcem n\u00e1hradn\u00edch hydraulick\u00fdch v\u00e1lc\u016f a nab\u00edz\u00edme \u0161irokou \u0161k\u00e1lu produkt\u016f. Stali jsme se jedn\u00edm z p\u0159edn\u00edch v\u00fdrobc\u016f a velkoobchodn\u00edk\u016f s hydraulick\u00fdmi v\u00e1lci na dom\u00e1c\u00edm i mezin\u00e1rodn\u00edm trhu. D\u00edky na\u0161emu z\u00e1vazku k excelenci a strategi\u00edm industrializovan\u00e9ho \u0159\u00edzen\u00ed v\u00fdroby implementovan\u00fdm v na\u0161\u00ed sofistikovan\u00e9 v\u00fdrobn\u00ed d\u00edln\u011b neust\u00e1le vylep\u0161ujeme na\u0161i v\u00fdrobn\u00ed platformu, zdokonalujeme na\u0161i v\u00fdrobn\u00ed linku pro zaji\u0161t\u011bn\u00ed kvality produkt\u016f a disponujeme siln\u00fdmi inova\u010dn\u00edmi schopnostmi. Sna\u017e\u00edme se uspokojovat rozmanit\u00e9 pot\u0159eby z\u00e1kazn\u00edk\u016f s vysokou efektivitou, p\u0159esnost\u00ed a principy kvality.<\/p>\n<p><img decoding=\"async\" src=\"https:\/\/www.hydraulic-cylinders.net\/wp-content\/uploads\/2025\/01\/songte-company-3.webp\" alt=\"Image spole\u010dnosti\"><\/p>\n<h3>Pro\u010d si vybrat n\u00e1s?<\/h3>\n<ul>\n<li>Odbornost: M\u00e1me t\u00fdm profesion\u00e1l\u016f s rozs\u00e1hl\u00fdmi znalostmi a zku\u0161enostmi ve v\u00fdrob\u011b hydraulick\u00fdch v\u00e1lc\u016f.<\/li>\n<li>Mezin\u00e1rodn\u00ed certifikace: Na\u0161e v\u00fdrobky spl\u0148uj\u00ed mezin\u00e1rodn\u00ed standardy kvality a bezpe\u010dnosti, co\u017e zaru\u010duje spolehlivost a v\u00fdkon.<\/li>\n<li>Slu\u017eby p\u0159izp\u016fsoben\u00ed: Nab\u00edz\u00edme \u0159e\u0161en\u00ed na m\u00edru, kter\u00e1 spl\u0148uj\u00ed specifick\u00e9 po\u017eadavky z\u00e1kazn\u00edka.<\/li>\n<li>Pokro\u010dil\u00e9 v\u00fdrobn\u00ed za\u0159\u00edzen\u00ed: Pro p\u0159esnou a efektivn\u00ed v\u00fdrobu vyu\u017e\u00edv\u00e1me nejmodern\u011bj\u0161\u00ed digit\u00e1ln\u00ed v\u00fdrobn\u00ed za\u0159\u00edzen\u00ed.<\/li>\n<li>Poprodejn\u00ed servis: Na\u0161e spole\u010dnost poskytuje komplexn\u00ed poprodejn\u00ed podporu, v\u010detn\u011b v\u00fdm\u011bny d\u00edl\u016f a repas\u00ed, s c\u00edlem prodlou\u017eit \u017eivotnost na\u0161ich produkt\u016f.<\/li>\n<\/ul>\n<p>Autor: lyl<\/p>\n<p><\/body><br \/>\n<\/html><\/p>","protected":false},"excerpt":{"rendered":"<p>Bucket Cylinder For Sumitomo Small Excavator SH75\/75X-3B Bucket Cylinder For Sumitomo Small Excavator SH75\/75X-3B Introduction A bucket cylinder is a specially designed hydraulic cylinder used to control the movement of the bucket in heavy machinery such as excavators, backhoe loaders, and front-end loaders. Its main function is to enable the bucket to lift, lower, and [&hellip;]<\/p>","protected":false},"featured_media":14782,"comment_status":"open","ping_status":"closed","template":"","meta":{"_et_pb_use_builder":"","_et_pb_old_content":"","_et_gb_content_width":""},"product_brand":[],"product_cat":[1494],"product_tag":[1495,1496],"class_list":{"0":"post-15167","1":"product","2":"type-product","3":"status-publish","4":"has-post-thumbnail","6":"product_cat-bucket-cylinders","7":"product_tag-bucket-cylinders","8":"product_tag-hydraulic-cylinders","10":"first","11":"instock","12":"shipping-taxable","13":"product-type-simple"},"amp_enabled":true,"_links":{"self":[{"href":"https:\/\/www.hydraulic-cylinders.net\/cs\/wp-json\/wp\/v2\/product\/15167","targetHints":{"allow":["GET"]}}],"collection":[{"href":"https:\/\/www.hydraulic-cylinders.net\/cs\/wp-json\/wp\/v2\/product"}],"about":[{"href":"https:\/\/www.hydraulic-cylinders.net\/cs\/wp-json\/wp\/v2\/types\/product"}],"replies":[{"embeddable":true,"href":"https:\/\/www.hydraulic-cylinders.net\/cs\/wp-json\/wp\/v2\/comments?post=15167"}],"wp:featuredmedia":[{"embeddable":true,"href":"https:\/\/www.hydraulic-cylinders.net\/cs\/wp-json\/wp\/v2\/media\/14782"}],"wp:attachment":[{"href":"https:\/\/www.hydraulic-cylinders.net\/cs\/wp-json\/wp\/v2\/media?parent=15167"}],"wp:term":[{"taxonomy":"product_brand","embeddable":true,"href":"https:\/\/www.hydraulic-cylinders.net\/cs\/wp-json\/wp\/v2\/product_brand?post=15167"},{"taxonomy":"product_cat","embeddable":true,"href":"https:\/\/www.hydraulic-cylinders.net\/cs\/wp-json\/wp\/v2\/product_cat?post=15167"},{"taxonomy":"product_tag","embeddable":true,"href":"https:\/\/www.hydraulic-cylinders.net\/cs\/wp-json\/wp\/v2\/product_tag?post=15167"}],"curies":[{"name":"wp","href":"https:\/\/api.w.org\/{rel}","templated":true}]}}