{"id":15174,"date":"2025-01-19T14:11:57","date_gmt":"2025-01-19T14:11:57","guid":{"rendered":"https:\/\/www.hydraulic-cylinders.net\/product\/bucket-cylinder-for-sumitomo-middle-excavator-sh200a1a2a3\/"},"modified":"2025-01-19T14:11:58","modified_gmt":"2025-01-19T14:11:58","slug":"bucket-cylinder-for-sumitomo-middle-excavator-sh200a1a2a3","status":"publish","type":"product","link":"https:\/\/www.hydraulic-cylinders.net\/cs\/produkt\/bucket-cylinder-for-sumitomo-middle-excavator-sh200a1a2a3\/","title":{"rendered":"V\u00e1lec l\u017e\u00edce pro st\u0159edn\u00ed bagr Sumitomo SH200A1A2A3"},"content":{"rendered":"<h1>V\u00e1lec l\u017e\u00edce pro st\u0159edn\u00ed bagr Sumitomo SH200A1A2A3<\/h1>\n<h2>Zaveden\u00ed<\/h2>\n<p>Hydraulick\u00fd v\u00e1lec l\u017e\u00edce pro st\u0159edn\u00ed rypadlo Sumitomo SH200A1A2A3 je specializovan\u00fd hydraulick\u00fd v\u00e1lec pou\u017e\u00edvan\u00fd k ovl\u00e1d\u00e1n\u00ed pohybu r\u00fdpadel v t\u011b\u017ek\u00fdch stroj\u00edch, jako jsou rypadla, bagry a \u010deln\u00ed naklada\u010de. Jeho hlavn\u00edm \u00fa\u010delem je usnadnit r\u016fzn\u00e9 \u00fakoly manipulace s materi\u00e1lem t\u00edm, \u017ee umo\u017e\u0148uje r\u00fdpadlu p\u0159esn\u00e9 zved\u00e1n\u00ed, spou\u0161t\u011bn\u00ed a nakl\u00e1p\u011bn\u00ed. V hydraulick\u00fdch syst\u00e9mech umo\u017e\u0148uje v\u00e1lec l\u017e\u00edce p\u0159esn\u00e9 ovl\u00e1d\u00e1n\u00ed r\u00fdpadla pomoc\u00ed zm\u011bn tlaku hydraulick\u00e9ho oleje, co\u017e umo\u017e\u0148uje obsluze efektivn\u011b manipulovat s t\u011b\u017ek\u00fdmi b\u0159emeny a p\u0159izp\u016fsobovat se slo\u017eit\u00e9mu pracovn\u00edmu prost\u0159ed\u00ed a rozmanit\u00fdm po\u017eadavk\u016fm na pr\u00e1ci.<\/p>\n<p><img decoding=\"async\" src=\"https:\/\/www.hydraulic-cylinders.net\/wp-content\/uploads\/2025\/01\/songte-company-2.webp\" alt=\"Obr\u00e1zek v\u00e1lce kbel\u00edku\"><\/p>\n<h2>Funkce<\/h2>\n<ul>\n<li>\n<h3>Vysok\u00e1 pevnost a trvanlivost<\/h3>\n<p>Kore\u010dkov\u00fd v\u00e1lec je obvykle vyroben z vysokopevnostn\u00ed oceli nebo hlin\u00edku, kter\u00fd je schopen odolat vysok\u00e9mu tlaku a velk\u00e9mu zat\u00ed\u017een\u00ed a je navr\u017een s ohledem na odolnost proti opot\u0159eben\u00ed a korozi, aby se prodlou\u017eila jeho \u017eivotnost.<\/p>\n<\/li>\n<li>\n<h3>Efektivn\u00ed hydraulick\u00fd provoz<\/h3>\n<p>V\u00e1lec kore\u010dkov\u00e9ho stroje vyu\u017e\u00edv\u00e1 hydraulick\u00fd tlak oleje k dosa\u017een\u00ed plynul\u00e9ho teleskopick\u00e9ho pohybu, rychl\u00e9 reakci na ovl\u00e1dac\u00ed povely, zaji\u0161t\u011bn\u00ed siln\u00fdch tla\u010dn\u00fdch a ta\u017en\u00fdch sil a je vhodn\u00fd pro manipulaci s t\u011b\u017ek\u00fdmi b\u0159emeny a slo\u017eit\u00e9 provozn\u00ed \u00fakoly.<\/p>\n<\/li>\n<li>\n<h3>V\u00edce typ\u016f<\/h3>\n<p>Hydraulick\u00fd v\u00e1lec kore\u010dkov\u00e9ho v\u00e1lce m\u016f\u017ee b\u00fdt v z\u00e1vislosti na pot\u0159eb\u00e1ch jedno\u010dinn\u00fd hydraulick\u00fd v\u00e1lec (s hydraulikou pouze v jednom sm\u011bru) nebo dvoj\u010dinn\u00fd hydraulick\u00fd v\u00e1lec (s hydraulikou ve dvou sm\u011brech) a n\u011bkter\u00e9 modely jsou teleskopick\u00e9, co\u017e umo\u017e\u0148uje v\u011bt\u0161\u00ed v\u00fdsuv bez zv\u011bt\u0161en\u00ed vn\u011bj\u0161\u00edch rozm\u011br\u016f, a je tak vhodn\u00e9 pro aplikace s omezen\u00fdm prostorem.<\/p>\n<\/li>\n<li>\n<h3>Vym\u011bniteln\u00e9<\/h3>\n<p>Na\u0161e spole\u010dnost dok\u00e1\u017ee tento produkt vyrobit a dok\u00e1\u017ee dokonale nahradit tyto hydraulick\u00e9 v\u00e1lce.<\/p>\n<\/li>\n<li>\n<h3>Aplikace<\/h3>\n<p>Kore\u010dkov\u00fd v\u00e1lec lze pou\u017e\u00edt pro r\u016fzn\u00e1 za\u0159\u00edzen\u00ed, jako nap\u0159\u00edklad:<\/p>\n<ul>\n<li>Stavebn\u00ed stroje: U bagr\u016f jsou nezbytn\u00e9 pro kop\u00e1n\u00ed, nakl\u00e1d\u00e1n\u00ed a p\u0159emis\u0165ov\u00e1n\u00ed zeminy nebo suti. U r\u00fdpadel s r\u00fdpadly pom\u00e1h\u00e1 v\u00e1lec lopaty p\u0159i kop\u00e1n\u00ed a zved\u00e1n\u00ed. <\/li>\n<li>Zem\u011bd\u011blsk\u00e9 stroje: Pou\u017e\u00edvaj\u00ed se pro \u010deln\u00ed naklada\u010de, zved\u00e1n\u00ed a p\u0159epravu zeminy, sena a dal\u0161\u00edch materi\u00e1l\u016f. <\/li>\n<li>Rypadla: V\u00e1lec r\u00fdpadla umo\u017e\u0148uje v\u00fdkop t\u00edm, \u017ee r\u00fdpadlo pronik\u00e1 do p\u016fdy. <\/li>\n<li>Naklada\u010de: \u010celn\u00ed naklada\u010de pom\u00e1haj\u00ed efektivn\u011b zvedat a nakl\u00e1n\u011bt zbo\u017e\u00ed. <\/li>\n<\/ul>\n<\/li>\n<\/ul>\n<h2>Konstruk\u010dn\u00ed aspekty a krit\u00e9ria v\u00fdb\u011bru<\/h2>\n<p>Z konstruk\u010dn\u00edho hlediska mus\u00ed v\u00e1lec kore\u010dkov\u00e9ho v\u00e1lce zohled\u0148ovat n\u00e1sleduj\u00edc\u00ed:<\/p>\n<ul>\n<li>\n<h3>\u00danosnost<\/h3>\n<p>V\u00e1lec kore\u010dkov\u00e9ho v\u00e1lce mus\u00ed m\u00edt dostate\u010dnou \u00fanosnost, aby odolal po\u017eadovan\u00e9mu zat\u00ed\u017een\u00ed, a aby se b\u011bhem provozu nedeformoval, nepraskal ani nerozbil. <\/p>\n<\/li>\n<li>\n<h3>T\u011bsn\u011bn\u00ed a trvanlivost<\/h3>\n<p>Kore\u010dkov\u00fd v\u00e1lec mus\u00ed m\u00edt vynikaj\u00edc\u00ed t\u011bsnic\u00ed vlastnosti, kter\u00e9 zabra\u0148uj\u00ed \u00faniku hydraulick\u00e9ho oleje a vniknut\u00ed vody\/bahna. V\u00e1lec mus\u00ed b\u00fdt vyroben z vysoce pevn\u00fdch a ot\u011bruvzdorn\u00fdch materi\u00e1l\u016f a t\u011bleso v\u00e1lce a z\u00e1vitov\u00fd konec mus\u00ed b\u00fdt jemn\u011b opracov\u00e1ny pro zlep\u0161en\u00ed odolnosti proti opot\u0159eben\u00ed.<\/p>\n<\/li>\n<li>\n<h3>Bezpe\u010dnost a \u00fadr\u017eba<\/h3>\n<p>Kore\u010dkov\u00fd v\u00e1lec mus\u00ed b\u00fdt navr\u017een s ohledem na bezpe\u010dnost a \u00fadr\u017ebu, aby bylo zaji\u0161t\u011bno, \u017ee v\u00e1lec b\u011bhem provozu nezp\u016fsob\u00ed nehody a \u017ee jej lze v p\u0159\u00edpad\u011b pot\u0159eby snadno rozebrat, zkontrolovat a opravit. <\/p>\n<\/li>\n<\/ul>\n<p><img decoding=\"async\" src=\"https:\/\/www.hydraulic-cylinders.net\/wp-content\/uploads\/2025\/01\/songte-oil-pipes-and-spare-parts.webp\" alt=\"Obr\u00e1zek d\u00edl\u016f\"><\/p>\n<h2>T\u011bsn\u011bn\u00ed a maz\u00e1n\u00ed<\/h2>\n<p>The bucket cylinder uses various types of seals, such as piston seals, rod seals, etc. The sealing materials are typically made of wear-resistant materials such as polyurethane and nitrile rubber. The cylinder body and threaded end surface are finely processed to improve wear resistance and prolong the service life of the cylinder. Regularly adding an appropriate amount of hydraulic oil is necessary to maintain the bucket cylinder&#8217;s lubrication for smooth operation.<\/p>\n<h2>\u00dadr\u017eba a opravy<\/h2>\n<p>Spr\u00e1vn\u00e1 \u00fadr\u017eba a opravy jsou z\u00e1sadn\u00ed pro zaji\u0161t\u011bn\u00ed efektivn\u00edho a bezpe\u010dn\u00e9ho provozu kore\u010dkov\u00e9ho v\u00e1lce. Pravideln\u00e9 kontroly, vhodn\u00e9 maz\u00e1n\u00ed, v\u00fdm\u011bna t\u011bsn\u011bn\u00ed a kalibra\u010dn\u00ed kontroly jsou b\u011b\u017en\u00e9 \u00fakoly \u00fadr\u017eby, kter\u00e9 by m\u011bly b\u00fdt prov\u00e1d\u011bny. Spr\u00e1vn\u00e9 vyrovn\u00e1n\u00ed v\u00e1lce b\u011bhem instalace je nezbytn\u00e9 a k jeho zaji\u0161t\u011bn\u00ed se doporu\u010duje pou\u017e\u00edt vhodn\u00e9 mont\u00e1\u017en\u00ed konzole. Pro maximalizaci \u017eivotnosti v\u00e1lce doporu\u010dujeme vyu\u017e\u00edt na\u0161e programy kontrol, oprav a v\u00fdm\u011bn.<\/p>\n<p><img decoding=\"async\" src=\"https:\/\/www.hydraulic-cylinders.net\/wp-content\/uploads\/2025\/01\/songte-chushion-collar.webp\" alt=\"Obr\u00e1zek pol\u0161t\u00e1\u0159ov\u00e9ho l\u00edmce\"><\/p>\n<h2>Bezpe\u010dnostn\u00ed aspekty a faktory prost\u0159ed\u00ed<\/h2>\n<p>P\u0159i pou\u017e\u00edv\u00e1n\u00ed kbel\u00edkov\u00e9ho v\u00e1lce je nezbytn\u00e9 dodr\u017eovat bezpe\u010dnostn\u00ed opat\u0159en\u00ed, jako je no\u0161en\u00ed ochrann\u00fdch pom\u016fcek a prov\u00e1d\u011bn\u00ed pravideln\u00e9 \u00fadr\u017eby. Je t\u0159eba tak\u00e9 zohlednit faktory prost\u0159ed\u00ed, jako je teplota, vlhkost a prach, a p\u0159ijmout vhodnou ochranu, aby se zabr\u00e1nilo po\u0161kozen\u00ed v\u00e1lce.<\/p>\n<h2>Diagnostick\u00e9 a b\u011b\u017en\u00e9 probl\u00e9my<\/h2>\n<p>Mezi b\u011b\u017en\u00e9 probl\u00e9my s kore\u010dkov\u00fdmi v\u00e1lci pat\u0159\u00ed \u00fanik oleje, pomal\u00e1 odezva, nedostate\u010dn\u00fd v\u00fdkon a abnorm\u00e1ln\u00ed hluk. Na\u0161e spole\u010dnost m\u016f\u017ee poskytnout tipy a \u0159e\u0161en\u00ed t\u011bchto probl\u00e9m\u016f, jako je v\u00fdm\u011bna t\u011bsn\u011bn\u00ed, \u010di\u0161t\u011bn\u00ed oleje a diagnostika a oprava struktur\u00e1ln\u00edch probl\u00e9m\u016f.<\/p>\n<p><img decoding=\"async\" src=\"https:\/\/www.hydraulic-cylinders.net\/wp-content\/uploads\/2025\/01\/songte-bushings-with-all-kinds-of-excavator-models.webp\" alt=\"Obr\u00e1zek pouzder\"><\/p>\n<h2>O na\u0161\u00ed spole\u010dnosti<\/h2>\n<p>Na\u0161e spole\u010dnost je v\u00fdrobcem n\u00e1hradn\u00edch hydraulick\u00fdch v\u00e1lc\u016f. D\u00edky kompletn\u00ed nab\u00eddce produkt\u016f jsme se stali jedn\u00edm z p\u0159edn\u00edch v\u00fdrobc\u016f a velkoobchodn\u00edch distributor\u016f hydraulick\u00fdch v\u00e1lc\u016f na dom\u00e1c\u00edm i mezin\u00e1rodn\u00edm trhu. Dodr\u017eujeme politiku vynikaj\u00edc\u00ed kvality, spol\u00e9h\u00e1me se na industrializovan\u00e9 \u0159\u00edzen\u00ed v\u00fdroby v propracovan\u00e9 v\u00fdrobn\u00ed d\u00edln\u011b, neust\u00e1le vylep\u0161ujeme v\u00fdrobn\u00ed platformu d\u00edlny, zdokonalujeme kvalitn\u00ed v\u00fdrobn\u00ed postupy produkt\u016f a m\u00e1me siln\u00e9 tv\u016fr\u010d\u00ed schopnosti. Nab\u00edz\u00edme efektivn\u00ed, p\u0159esn\u00e9 a vysoce kvalitn\u00ed produkty, kter\u00e9 spl\u0148uj\u00ed rozmanit\u00e9 pot\u0159eby na\u0161ich z\u00e1kazn\u00edk\u016f.<\/p>\n<p>Na\u0161e spole\u010dnost se specializuje na poskytov\u00e1n\u00ed profesion\u00e1ln\u00edch, mezin\u00e1rodn\u011b certifikovan\u00fdch, zak\u00e1zkov\u00fdch slu\u017eeb a v\u00fdrobn\u00edch za\u0159\u00edzen\u00ed. N\u00e1\u0161 poprodejn\u00ed servis zahrnuje pravidelnou \u00fadr\u017ebu, maz\u00e1n\u00ed, v\u00fdm\u011bnu t\u011bsn\u011bn\u00ed a kalibra\u010dn\u00ed kontroly. Pro maximalizaci \u017eivotnosti v\u00e1lce doporu\u010dujeme vyu\u017e\u00edt na\u0161e programy inspekce, oprav a v\u00fdm\u011bny.<\/p>\n<p><img decoding=\"async\" src=\"https:\/\/hzpt.com\/wp-content\/uploads\/2024\/11\/songte-company-1.webp\" alt=\"Image spole\u010dnosti\"><\/p>\n<p>Autor: lyl<\/p>","protected":false},"excerpt":{"rendered":"<p>Bucket Cylinder For Sumitomo Middle Excavator SH200A1A2A3 Introduction The bucket cylinder for Sumitomo middle excavator SH200A1A2A3 is a specialized hydraulic cylinder used to control the movement of shovels in heavy machinery such as excavators, backhoe excavators, and front loaders. Its main purpose is to facilitate various material handling tasks by enabling the shovel to lift, [&hellip;]<\/p>","protected":false},"featured_media":14765,"comment_status":"open","ping_status":"closed","template":"","meta":{"_et_pb_use_builder":"","_et_pb_old_content":"","_et_gb_content_width":""},"product_brand":[],"product_cat":[1494],"product_tag":[1495,1496],"class_list":{"0":"post-15174","1":"product","2":"type-product","3":"status-publish","4":"has-post-thumbnail","6":"product_cat-bucket-cylinders","7":"product_tag-bucket-cylinders","8":"product_tag-hydraulic-cylinders","10":"first","11":"instock","12":"shipping-taxable","13":"product-type-simple"},"amp_enabled":true,"_links":{"self":[{"href":"https:\/\/www.hydraulic-cylinders.net\/cs\/wp-json\/wp\/v2\/product\/15174","targetHints":{"allow":["GET"]}}],"collection":[{"href":"https:\/\/www.hydraulic-cylinders.net\/cs\/wp-json\/wp\/v2\/product"}],"about":[{"href":"https:\/\/www.hydraulic-cylinders.net\/cs\/wp-json\/wp\/v2\/types\/product"}],"replies":[{"embeddable":true,"href":"https:\/\/www.hydraulic-cylinders.net\/cs\/wp-json\/wp\/v2\/comments?post=15174"}],"wp:featuredmedia":[{"embeddable":true,"href":"https:\/\/www.hydraulic-cylinders.net\/cs\/wp-json\/wp\/v2\/media\/14765"}],"wp:attachment":[{"href":"https:\/\/www.hydraulic-cylinders.net\/cs\/wp-json\/wp\/v2\/media?parent=15174"}],"wp:term":[{"taxonomy":"product_brand","embeddable":true,"href":"https:\/\/www.hydraulic-cylinders.net\/cs\/wp-json\/wp\/v2\/product_brand?post=15174"},{"taxonomy":"product_cat","embeddable":true,"href":"https:\/\/www.hydraulic-cylinders.net\/cs\/wp-json\/wp\/v2\/product_cat?post=15174"},{"taxonomy":"product_tag","embeddable":true,"href":"https:\/\/www.hydraulic-cylinders.net\/cs\/wp-json\/wp\/v2\/product_tag?post=15174"}],"curies":[{"name":"wp","href":"https:\/\/api.w.org\/{rel}","templated":true}]}}