{"id":15175,"date":"2025-01-19T14:12:01","date_gmt":"2025-01-19T14:12:01","guid":{"rendered":"https:\/\/www.hydraulic-cylinders.net\/product\/bucket-cylinder-for-sumitomo-middle-excavator-sh210-5\/"},"modified":"2025-01-19T14:12:03","modified_gmt":"2025-01-19T14:12:03","slug":"bucket-cylinder-for-sumitomo-middle-excavator-sh210-5","status":"publish","type":"product","link":"https:\/\/www.hydraulic-cylinders.net\/cs\/produkt\/bucket-cylinder-for-sumitomo-middle-excavator-sh210-5\/","title":{"rendered":"V\u00e1lec l\u017e\u00edce pro st\u0159edn\u00ed bagr Sumitomo SH210-5"},"content":{"rendered":"<h1>V\u00e1lec l\u017e\u00edce pro st\u0159edn\u00ed bagr Sumitomo SH210-5<\/h1>\n<h2>Zaveden\u00ed<\/h2>\n<p>Hydraulick\u00fd v\u00e1lec l\u017e\u00edce pro st\u0159edn\u00ed rypadlo Sumitomo SH210-5 je speci\u00e1ln\u011b navr\u017een\u00fd hydraulick\u00fd v\u00e1lec pou\u017e\u00edvan\u00fd k ovl\u00e1d\u00e1n\u00ed pohybu l\u017e\u00edce v t\u011b\u017ek\u00fdch stroj\u00edch, jako jsou rypadla, bagry a \u010deln\u00ed naklada\u010de. Jeho hlavn\u00ed funkc\u00ed je umo\u017enit zved\u00e1n\u00ed, spou\u0161t\u011bn\u00ed a nakl\u00e1p\u011bn\u00ed l\u017e\u00edce, d\u00edky \u010demu\u017e je vhodn\u00e1 pro r\u016fzn\u00e9 \u00fakoly manipulace s materi\u00e1lem. V hydraulick\u00e9m syst\u00e9mu v\u00e1lec l\u017e\u00edce vyu\u017e\u00edv\u00e1 zm\u011bnu tlaku hydraulick\u00e9ho oleje k dosa\u017een\u00ed p\u0159esn\u00e9ho ovl\u00e1d\u00e1n\u00ed l\u017e\u00edce, co\u017e umo\u017e\u0148uje obsluze efektivn\u011b manipulovat s t\u011b\u017ek\u00fdmi b\u0159emeny a p\u0159izp\u016fsobovat se slo\u017eit\u00fdm pracovn\u00edm prost\u0159ed\u00edm a rozmanit\u00fdm po\u017eadavk\u016fm na pr\u00e1ci.<\/p>\n<p><img decoding=\"async\" src=\"https:\/\/www.hydraulic-cylinders.net\/wp-content\/uploads\/2025\/01\/songte-company-2.webp\" alt=\"V\u00e1lec l\u017e\u00edce pro st\u0159edn\u00ed bagr Sumitomo SH210-5\"><\/p>\n<h2>Funkce<\/h2>\n<ul>\n<li>\n<h3>Vysok\u00e1 pevnost a odolnost<\/h3>\n<p>Kore\u010dkov\u00fd v\u00e1lec je obvykle vyroben z vysokopevnostn\u00ed oceli nebo hlin\u00edku, je schopen odolat vysok\u00e9mu tlaku a t\u011b\u017ek\u00e9mu zat\u00ed\u017een\u00ed a p\u0159izp\u016fsobit se n\u00e1ro\u010dn\u00fdm pracovn\u00edm prost\u0159ed\u00edm. Jeho konstrukce zohled\u0148uje odolnost proti opot\u0159eben\u00ed a korozi, co\u017e prodlu\u017euje jeho \u017eivotnost.<\/p>\n<\/li>\n<li>\n<h3>Efektivn\u00ed hydraulick\u00fd provoz<\/h3>\n<p>D\u00edky tlaku hydraulick\u00e9ho oleje k dosa\u017een\u00ed plynul\u00e9ho vysouv\u00e1n\u00ed a smr\u0161\u0165ov\u00e1n\u00ed dok\u00e1\u017ee v\u00e1lec kore\u010dkov\u00e9ho v\u00e1lce rychle reagovat na ovl\u00e1dac\u00ed povely a poskytovat silnou tla\u010dnou a ta\u017enou s\u00edlu, vhodnou pro manipulaci s t\u011b\u017ek\u00fdmi b\u0159emeny a slo\u017eit\u00e9 \u00fakoly.<\/p>\n<\/li>\n<li>\n<h3>R\u016fznorod\u00e9 typy<\/h3>\n<p>V\u00e1lec kore\u010dkov\u00e9ho v\u00e1lce lze volit jako jedno\u010dinn\u00fd (hydraulick\u00fd pohon pouze v jednom sm\u011bru) nebo dvoj\u010dinn\u00fd (hydraulick\u00fd pohon v obou sm\u011brech) podle pot\u0159eb a po\u017eadavk\u016f na spln\u011bn\u00ed r\u016fzn\u00fdch provozn\u00edch po\u017eadavk\u016f. N\u011bkter\u00e9 modely jsou teleskopick\u00e9, co\u017e umo\u017e\u0148uje v\u011bt\u0161\u00ed vysunut\u00ed bez zv\u011bt\u0161en\u00ed vn\u011bj\u0161\u00edch rozm\u011br\u016f, a jsou vhodn\u00e9 pro aplikace s omezen\u00fdm prostorem.<\/p>\n<\/li>\n<li>\n<h3>Vym\u011bniteln\u00e9<\/h3>\n<p>Na\u0161e produkty dok\u00e1\u017e\u00ed tyto hydraulick\u00e9 v\u00e1lce dokonale nahradit a my je dok\u00e1\u017eeme i vyrobit.<\/p>\n<\/li>\n<\/ul>\n<p><img decoding=\"async\" src=\"https:\/\/www.hydraulic-cylinders.net\/wp-content\/uploads\/2025\/01\/songte-cylinder-head-with-all-kinds-excavator-models.webp\" alt=\"V\u00e1lec l\u017e\u00edce pro st\u0159edn\u00ed bagr Sumitomo SH210-5\"><\/p>\n<h2>Aplikace<\/h2>\n<p>Kore\u010dkov\u00fd v\u00e1lec se \u0161iroce pou\u017e\u00edv\u00e1 v r\u016fzn\u00fdch t\u011b\u017ek\u00fdch stroj\u00edch, mezi typick\u00e9 aplikace pat\u0159\u00ed:<\/p>\n<ul>\n<li>\n<h3>Stavebn\u00ed stroje<\/h3>\n<p>Jsou kl\u00ed\u010dov\u00e9 pro v\u00fdkopov\u00e9 pr\u00e1ce, nakl\u00e1d\u00e1n\u00ed a p\u0159emis\u0165ov\u00e1n\u00ed zeminy nebo suti v bagrech a rypadlech s r\u00fdpadly. U rypadla s r\u00fdpadlem pom\u00e1h\u00e1 v\u00e1lec kore\u010dkov\u00e9ho v\u00e1lce p\u0159i kop\u00e1n\u00ed a zved\u00e1n\u00ed.<\/p>\n<\/li>\n<li>\n<h3>Zem\u011bd\u011blsk\u00e9 stroje<\/h3>\n<p>Pou\u017e\u00edv\u00e1 se u \u010deln\u00edch naklada\u010d\u016f k nab\u00edr\u00e1n\u00ed, zved\u00e1n\u00ed a p\u0159eprav\u011b zeminy, sena a dal\u0161\u00edch materi\u00e1l\u016f. U bagr\u016f umo\u017e\u0148uje v\u00e1lec l\u017e\u00edce kop\u00e1n\u00ed t\u00edm, \u017ee umo\u017e\u0148uje l\u017e\u00edci proniknout do p\u016fdy.<\/p>\n<\/li>\n<li>\n<h3>Naklada\u010d<\/h3>\n<p>U \u010deln\u00edch naklada\u010d\u016f pom\u00e1haj\u00ed efektivn\u011b zvedat a nakl\u00e1n\u011bt b\u0159emena.<\/p>\n<\/li>\n<\/ul>\n<h2>Standardy n\u00e1vrhu a v\u00fdb\u011bru<\/h2>\n<ul>\n<li>\n<h3>\u00danosnost<\/h3>\n<p>Nosnost kore\u010dkov\u00e9ho v\u00e1lce je z\u00e1sadn\u00edm konstruk\u010dn\u00edm hlediskem. Mus\u00ed un\u00e9st hmotnost t\u011b\u017ek\u00fdch b\u0159emen a odol\u00e1vat vnit\u0159n\u00edm i vn\u011bj\u0161\u00edm sil\u00e1m b\u011bhem provozu.<\/p>\n<\/li>\n<li>\n<h3>T\u011bsn\u011bn\u00ed<\/h3>\n<p>T\u011bsn\u011bn\u00ed v\u00e1lce je nezbytn\u00e9 pro prevenci \u00faniku oleje a kontaminace hydraulick\u00e9ho syst\u00e9mu. Pou\u017e\u00edvaj\u00ed se r\u016fzn\u00e9 t\u011bsnic\u00ed krou\u017eky, jako jsou t\u011bsnic\u00ed krou\u017eky p\u00edst\u016f, t\u011bsnic\u00ed krou\u017eky p\u00edstnic a t\u011bsn\u011bn\u00ed vyroben\u00e1 z materi\u00e1l\u016f odoln\u00fdch proti opot\u0159eben\u00ed, jako je polyuretan a nitrilov\u00e1 pry\u017e. T\u011bleso v\u00e1lce a povrch z\u00e1vitu proch\u00e1zej\u00ed jemn\u00fdm opracov\u00e1n\u00edm pro zlep\u0161en\u00ed odolnosti proti opot\u0159eben\u00ed. V\u00e1lec vy\u017eaduje pravideln\u00e9 pln\u011bn\u00ed odpov\u00eddaj\u00edc\u00edm mno\u017estv\u00edm hydraulick\u00e9ho oleje pro maz\u00e1n\u00ed.<\/p>\n<\/li>\n<li>\n<h3>Trvanlivost a bezpe\u010dnost<\/h3>\n<p>V\u00e1lec kore\u010dkov\u00e9ho v\u00e1lce mus\u00ed b\u00fdt odoln\u00fd, aby vydr\u017eel n\u00e1ro\u010dn\u00e9 pracovn\u00ed podm\u00ednky a vysok\u00e9 zat\u00ed\u017een\u00ed. Vy\u017eaduje tak\u00e9 bezpe\u010dnostn\u00ed opat\u0159en\u00ed, aby bylo zaji\u0161t\u011bno, \u017ee b\u011bhem provozu spl\u0148uje bezpe\u010dnostn\u00ed normy. <\/p>\n<\/li>\n<li>\n<h3>\u00dadr\u017eba<\/h3>\n<p>V\u00e1lec vy\u017eaduje pravidelnou kontrolu, pravideln\u00e9 maz\u00e1n\u00ed a v\u00fdm\u011bnu t\u011bsn\u011bn\u00ed, aby byl zaji\u0161t\u011bn optim\u00e1ln\u00ed v\u00fdkon. Vy\u017eaduje tak\u00e9 p\u0159esn\u00e9 zarovn\u00e1n\u00ed instalace s pou\u017eit\u00edm vhodn\u00fdch mont\u00e1\u017en\u00edch konzol k zaji\u0161t\u011bn\u00ed v\u00e1lce.<\/p>\n<\/li>\n<\/ul>\n<p><img decoding=\"async\" src=\"https:\/\/www.hydraulic-cylinders.net\/wp-content\/uploads\/2025\/01\/songte-oil-pipes-and-spare-parts.webp\" alt=\"V\u00e1lec l\u017e\u00edce pro st\u0159edn\u00ed bagr Sumitomo SH210-5\"><\/p>\n<h2>Pr\u016fvodce \u00fadr\u017ebou<\/h2>\n<p>N\u00e1sleduj\u00ed b\u011b\u017en\u00e9 \u00fakony \u00fadr\u017eby kore\u010dkov\u00fdch v\u00e1lc\u016f:<\/p>\n<ul>\n<li>\n<h3>Pravideln\u00e1 kontrola<\/h3>\n<p>Pravideln\u011b kontrolujte v\u00e1lec, abyste zjistili p\u0159\u00edpadn\u00e9 opot\u0159eben\u00ed nebo net\u011bsnosti.<\/p>\n<\/li>\n<li>\n<h3>Maz\u00e1n\u00ed<\/h3>\n<p>Pro zaji\u0161t\u011bn\u00ed hladk\u00e9ho chodu v\u00e1lec pravideln\u011b promaz\u00e1vejte.<\/p>\n<\/li>\n<li>\n<h3>V\u00fdm\u011bna t\u011bsn\u011bn\u00ed a kontrola kalibrace<\/h3>\n<p>Pravideln\u011b vym\u011b\u0148ujte opot\u0159ebovan\u00e1 t\u011bsn\u011bn\u00ed a kontrolujte kalibraci.<\/p>\n<\/li>\n<\/ul>\n<p>Pro zaji\u0161t\u011bn\u00ed optim\u00e1ln\u00edho v\u00fdkonu je d\u016fle\u017eit\u00e9 v\u00e1lec b\u011bhem instalace spr\u00e1vn\u011b nainstalovat, promazat a se\u0159\u00eddit. B\u011bhem instalace by m\u011blo b\u00fdt zaji\u0161t\u011bno spr\u00e1vn\u00e9 veden\u00ed pro vyrovn\u00e1n\u00ed a k upevn\u011bn\u00ed v\u00e1lce by m\u011bly b\u00fdt pou\u017eity vhodn\u00e9 mont\u00e1\u017en\u00ed konzole. Pro prodlou\u017een\u00ed \u017eivotnosti kore\u010dkov\u00e9ho v\u00e1lce doporu\u010dujeme doporu\u010den\u00e9 postupy kontroly, opravy a v\u00fdm\u011bny.<\/p>\n<p><img decoding=\"async\" src=\"https:\/\/www.hydraulic-cylinders.net\/wp-content\/uploads\/2025\/01\/songte-chushion-collar.webp\" alt=\"V\u00e1lec l\u017e\u00edce pro st\u0159edn\u00ed bagr Sumitomo SH210-5\"><\/p>\n<h2>Bezpe\u010dnostn\u00ed a environment\u00e1ln\u00ed aspekty<\/h2>\n<p>P\u0159i pou\u017e\u00edv\u00e1n\u00ed hydraulick\u00e9ho v\u00e1lce s kope\u010dkem by m\u011bla b\u00fdt p\u0159ijata p\u0159\u00edslu\u0161n\u00e1 bezpe\u010dnostn\u00ed opat\u0159en\u00ed, aby se p\u0159ede\u0161lo zran\u011bn\u00edm. V\u00e1lec by m\u011bl b\u00fdt pou\u017e\u00edv\u00e1n pouze vy\u0161kolen\u00fdm person\u00e1lem s vhodn\u00fdm bezpe\u010dnostn\u00edm vybaven\u00edm a v souladu s bezpe\u010dnostn\u00edmi p\u0159edpisy. Mezi environment\u00e1ln\u00ed aspekty pat\u0159\u00ed spr\u00e1vn\u00e1 likvidace pou\u017eit\u00e9ho hydraulick\u00e9ho oleje a dodr\u017eov\u00e1n\u00ed environment\u00e1ln\u00edch p\u0159edpis\u016f b\u011bhem v\u00fdroby a provozu.<\/p>\n<p><img decoding=\"async\" src=\"https:\/\/hzpt.com\/wp-content\/uploads\/2024\/11\/songte-company-1.webp\" alt=\"V\u00e1lec l\u017e\u00edce pro st\u0159edn\u00ed bagr Sumitomo SH210-5\"><\/p>\n<h2>Diagnostika poruch a b\u011b\u017en\u00e9 probl\u00e9my<\/h2>\n<p>V\u00e1lec kore\u010dkov\u00e9ho v\u00e1lce m\u016f\u017ee m\u00edt n\u011bkter\u00e9 b\u011b\u017en\u00e9 probl\u00e9my, v\u010detn\u011b \u00faniku oleje, \u0161patn\u00e9ho v\u00fdkonu a abnorm\u00e1ln\u00edho hluku. Nedostate\u010dn\u00e9 maz\u00e1n\u00ed a opot\u0159eben\u00ed t\u011bsn\u011bn\u00ed jsou \u010dast\u00fdmi p\u0159\u00ed\u010dinami t\u011bchto probl\u00e9m\u016f. Pro diagnostiku a \u0159e\u0161en\u00ed probl\u00e9m\u016f doporu\u010dujeme konzultaci s profesion\u00e1ln\u00edm technikem, kter\u00fd zajist\u00ed spr\u00e1vnou diagn\u00f3zu a \u00fa\u010dinn\u00e1 \u0159e\u0161en\u00ed. Abyste p\u0159ede\u0161li potenci\u00e1ln\u00edm probl\u00e9m\u016fm, doporu\u010dujeme p\u0159ijmout preventivn\u00ed opat\u0159en\u00ed, jako je pravideln\u00e1 kontrola, spr\u00e1vn\u00e9 maz\u00e1n\u00ed a v\u00fdm\u011bna opot\u0159ebovan\u00fdch t\u011bsn\u011bn\u00ed.<\/p>\n<p><img decoding=\"async\" src=\"https:\/\/www.hydraulic-cylinders.net\/wp-content\/uploads\/2025\/01\/songte-bushings-with-all-kinds-of-excavator-models.webp\" alt=\"V\u00e1lec l\u017e\u00edce pro st\u0159edn\u00ed bagr Sumitomo SH210-5\"><\/p>\n<h2>O na\u0161\u00ed spole\u010dnosti<\/h2>\n<p>Jsme v\u00fdrobcem n\u00e1hradn\u00edch hydraulick\u00fdch v\u00e1lc\u016f s kompletn\u00ed nab\u00eddkou produkt\u016f a stali jsme se jedn\u00edm z p\u0159edn\u00edch v\u00fdrobc\u016f a velkoobchodn\u00edch distributor\u016f hydraulick\u00fdch v\u00e1lc\u016f na dom\u00e1c\u00edm i mezin\u00e1rodn\u00edm trhu. Dodr\u017eujeme vynikaj\u00edc\u00ed kvalitu, spol\u00e9h\u00e1me se na industrializovan\u00e9 strategie \u0159\u00edzen\u00ed v\u00fdroby podporovan\u00e9 sofistikovan\u00fdmi v\u00fdrobn\u00edmi d\u00edlnami a neust\u00e1le vylep\u0161ujeme platformu d\u00edlensk\u00e9 v\u00fdroby, zlep\u0161ujeme kvalitu v\u00fdroby a disponujeme silnou kreativitou. Na\u0161\u00edm c\u00edlem je uspokojovat rozmanit\u00e9 pot\u0159eby z\u00e1kazn\u00edk\u016f s vysokou efektivitou, vysokou p\u0159esnost\u00ed a principy vysok\u00e9 kvality.<\/p>\n<p>Na\u0161e spole\u010dnost se specializuje na poskytov\u00e1n\u00ed profesion\u00e1ln\u00edch slu\u017eeb, slu\u017eeb na m\u00edru a mezin\u00e1rodn\u00edch certifikac\u00ed. Pou\u017e\u00edv\u00e1me modern\u00ed v\u00fdrobn\u00ed za\u0159\u00edzen\u00ed a profesion\u00e1ln\u00ed testovac\u00ed syst\u00e9my ke zlep\u0161en\u00ed kvality produkt\u016f a poskytujeme komplexn\u00ed poprodejn\u00ed slu\u017eby. Neust\u00e1le zlep\u0161ujeme na\u0161i v\u00fdrobn\u00ed kapacitu a kvalitu produkt\u016f a d\u00edky na\u0161im vynikaj\u00edc\u00edm produkt\u016fm a slu\u017eb\u00e1m jsme si z\u00edskali d\u016fv\u011bru a chv\u00e1lu na\u0161ich z\u00e1kazn\u00edk\u016f.<\/p>\n<p><img decoding=\"async\" src=\"https:\/\/www.hydraulic-cylinders.net\/wp-content\/uploads\/2025\/01\/songte-company-3.webp\" alt=\"V\u00e1lec l\u017e\u00edce pro st\u0159edn\u00ed bagr Sumitomo SH210-5\"><\/p>\n<p>Autor: lyl.<\/p>","protected":false},"excerpt":{"rendered":"<p>Bucket Cylinder For Sumitomo Middle Excavator SH210-5 Introduction The bucket cylinder for Sumitomo middle excavator SH210-5 is a specially designed hydraulic cylinder used to control the movement of the bucket in heavy machinery such as excavators, backhoe excavators, and front-end loaders. Its main function is to enable the bucket to lift, lower, and tilt, making [&hellip;]<\/p>","protected":false},"featured_media":14762,"comment_status":"open","ping_status":"closed","template":"","meta":{"_et_pb_use_builder":"","_et_pb_old_content":"","_et_gb_content_width":""},"product_brand":[],"product_cat":[1494],"product_tag":[1495,1496],"class_list":{"0":"post-15175","1":"product","2":"type-product","3":"status-publish","4":"has-post-thumbnail","6":"product_cat-bucket-cylinders","7":"product_tag-bucket-cylinders","8":"product_tag-hydraulic-cylinders","10":"first","11":"instock","12":"shipping-taxable","13":"product-type-simple"},"amp_enabled":true,"_links":{"self":[{"href":"https:\/\/www.hydraulic-cylinders.net\/cs\/wp-json\/wp\/v2\/product\/15175","targetHints":{"allow":["GET"]}}],"collection":[{"href":"https:\/\/www.hydraulic-cylinders.net\/cs\/wp-json\/wp\/v2\/product"}],"about":[{"href":"https:\/\/www.hydraulic-cylinders.net\/cs\/wp-json\/wp\/v2\/types\/product"}],"replies":[{"embeddable":true,"href":"https:\/\/www.hydraulic-cylinders.net\/cs\/wp-json\/wp\/v2\/comments?post=15175"}],"wp:featuredmedia":[{"embeddable":true,"href":"https:\/\/www.hydraulic-cylinders.net\/cs\/wp-json\/wp\/v2\/media\/14762"}],"wp:attachment":[{"href":"https:\/\/www.hydraulic-cylinders.net\/cs\/wp-json\/wp\/v2\/media?parent=15175"}],"wp:term":[{"taxonomy":"product_brand","embeddable":true,"href":"https:\/\/www.hydraulic-cylinders.net\/cs\/wp-json\/wp\/v2\/product_brand?post=15175"},{"taxonomy":"product_cat","embeddable":true,"href":"https:\/\/www.hydraulic-cylinders.net\/cs\/wp-json\/wp\/v2\/product_cat?post=15175"},{"taxonomy":"product_tag","embeddable":true,"href":"https:\/\/www.hydraulic-cylinders.net\/cs\/wp-json\/wp\/v2\/product_tag?post=15175"}],"curies":[{"name":"wp","href":"https:\/\/api.w.org\/{rel}","templated":true}]}}