{"id":15183,"date":"2025-01-19T14:12:32","date_gmt":"2025-01-19T14:12:32","guid":{"rendered":"https:\/\/www.hydraulic-cylinders.net\/product\/bucket-cylinder-for-sumitomo-large-excavator-sh300a1a2a3\/"},"modified":"2025-01-19T14:12:34","modified_gmt":"2025-01-19T14:12:34","slug":"bucket-cylinder-for-sumitomo-large-excavator-sh300a1a2a3","status":"publish","type":"product","link":"https:\/\/www.hydraulic-cylinders.net\/cs\/produkt\/bucket-cylinder-for-sumitomo-large-excavator-sh300a1a2a3\/","title":{"rendered":"V\u00e1lec kore\u010dkov\u00e9ho v\u00e1lce pro velk\u00e9 rypadlo Sumitomo SH300A1A2A3"},"content":{"rendered":"<h1>V\u00e1lec kore\u010dkov\u00e9ho v\u00e1lce pro velk\u00e9 rypadlo Sumitomo SH300A1A2A3<\/h1>\n<h2>Zaveden\u00ed<\/h2>\n<p>Hydraulick\u00fd v\u00e1lec l\u017e\u00edce, zn\u00e1m\u00fd tak\u00e9 jako hydraulick\u00fd v\u00e1lec, je speci\u00e1ln\u011b navr\u017een\u00fd v\u00e1lec pou\u017e\u00edvan\u00fd k ovl\u00e1d\u00e1n\u00ed pohybu l\u017e\u00edce v t\u011b\u017ek\u00fdch stroj\u00edch, jako jsou rypadla, bagry a \u010deln\u00ed naklada\u010de. Jeho hlavn\u00ed funkc\u00ed je umo\u017enit zved\u00e1n\u00ed, spou\u0161t\u011bn\u00ed a nakl\u00e1p\u011bn\u00ed l\u017e\u00edce, co\u017e usnad\u0148uje manipulaci s r\u016fzn\u00fdmi materi\u00e1ly. V hydraulick\u00e9m syst\u00e9mu v\u00e1lec l\u017e\u00edce \u0159\u00edd\u00ed p\u0159esn\u00fd pohyb l\u017e\u00edce pomoc\u00ed zm\u011bn tlaku hydraulick\u00e9ho oleje, co\u017e umo\u017e\u0148uje obsluze efektivn\u011b manipulovat s t\u011b\u017ek\u00fdmi b\u0159emeny a p\u0159izp\u016fsobovat se slo\u017eit\u00e9mu pracovn\u00edmu prost\u0159ed\u00ed a rozmanit\u00fdm po\u017eadavk\u016fm na pr\u00e1ci.<\/p>\n<p><img decoding=\"async\" src=\"https:\/\/www.hydraulic-cylinders.net\/wp-content\/uploads\/2025\/01\/songte-company-2.webp\" alt=\"Obr\u00e1zek v\u00e1lce kbel\u00edku\"><\/p>\n<h2>Funkce<\/h2>\n<ul>\n<li>Vysok\u00e1 pevnost a odolnost: Obvykle je vyroben z vysokopevnostn\u00ed oceli nebo hlin\u00edku, odol\u00e1 vysok\u00e9mu tlaku a t\u011b\u017ek\u00e9mu zat\u00ed\u017een\u00ed, p\u0159izp\u016fsob\u00ed se n\u00e1ro\u010dn\u00e9mu pracovn\u00edmu prost\u0159ed\u00ed a je navr\u017een s ohledem na odolnost proti opot\u0159eben\u00ed a korozi pro prodlou\u017een\u00ed \u017eivotnosti.<\/li>\n<li>Efektivn\u00ed hydraulick\u00fd provoz: Vyu\u017e\u00edv\u00e1 tlak hydraulick\u00e9ho oleje k dosa\u017een\u00ed plynul\u00e9ho vysouv\u00e1n\u00ed a zasouv\u00e1n\u00ed, rychle reaguje na \u0159\u00eddic\u00ed povely, poskytuje siln\u00fd posuv a tah a je vhodn\u00fd pro manipulaci s t\u011b\u017ek\u00fdmi b\u0159emeny a slo\u017eit\u00e9 provozn\u00ed \u00fakoly.<\/li>\n<li>V\u00edce typ\u016f: Podle pot\u0159eby lze zvolit jedno\u010dinn\u00e9 (hydraulicky ovl\u00e1dan\u00e9 v jednom sm\u011bru) nebo dvoj\u010dinn\u00e9 (hydraulicky ovl\u00e1dan\u00e9 v obou sm\u011brech) v\u00e1lce, aby se splnily r\u016fzn\u00e9 provozn\u00ed po\u017eadavky. N\u011bkter\u00e9 modely jsou teleskopick\u00e9, co\u017e umo\u017e\u0148uje v\u011bt\u0161\u00ed v\u00fdsuv bez zv\u011bt\u0161en\u00ed vn\u011bj\u0161\u00edch rozm\u011br\u016f, a proto jsou vhodn\u00e9 pro aplikace s omezen\u00fdm prostorem.<\/li>\n<li>Snadn\u00e1 v\u00fdm\u011bna: N\u00e1\u0161 produkt je perfektn\u00ed n\u00e1hradou za tyto hydraulick\u00e9 v\u00e1lce. <\/li>\n<\/ul>\n<p><img decoding=\"async\" src=\"https:\/\/www.hydraulic-cylinders.net\/wp-content\/uploads\/2025\/01\/songte-cylinder-head-with-all-kinds-excavator-models.webp\" alt=\"Modely v\u00e1lc\u016f s kope\u010dkem\"><\/p>\n<h2>Aplikace<\/h2>\n<p>Kore\u010dkov\u00fd v\u00e1lec je nezbytnou sou\u010d\u00e1st\u00ed t\u011b\u017ek\u00fdch stroj\u016f pou\u017e\u00edvan\u00fdch v r\u016fzn\u00fdch aplikac\u00edch, jako nap\u0159\u00edklad:<\/p>\n<ul>\n<li>Stavebn\u00ed stroje: U bagr\u016f jsou kl\u00ed\u010dov\u00e9 pro v\u00fdkopov\u00e9 pr\u00e1ce, nakl\u00e1d\u00e1n\u00ed a p\u0159emis\u0165ov\u00e1n\u00ed zeminy nebo suti. U rypadlo-naklada\u010d\u016f pom\u00e1h\u00e1 v\u00e1lec kore\u010dkov\u00e9 lopaty jak p\u0159i v\u00fdkopov\u00fdch prac\u00edch, tak p\u0159i zved\u00e1n\u00ed. <\/li>\n<li>Zem\u011bd\u011blsk\u00e9 stroje: Pou\u017e\u00edvaj\u00ed se v \u010deln\u00edch naklada\u010d\u00edch k nab\u00edr\u00e1n\u00ed, zved\u00e1n\u00ed a p\u0159eprav\u011b p\u016fdy, sena a dal\u0161\u00edch materi\u00e1l\u016f. <\/li>\n<li>Rypadla: V\u00e1lec l\u017e\u00edce umo\u017e\u0148uje kop\u00e1n\u00ed t\u00edm, \u017ee umo\u017e\u0148uje l\u017e\u00edci proniknout do p\u016fdy. <\/li>\n<li>Naklada\u010de: \u010celn\u00ed naklada\u010de pom\u00e1haj\u00ed efektivn\u011b zvedat a nakl\u00e1n\u011bt zbo\u017e\u00ed. <\/li>\n<\/ul>\n<p>Ka\u017ed\u00e1 aplikace je d\u00e1le pops\u00e1na n\u00ed\u017ee:<\/p>\n<h3>Stavebn\u00ed stroje<\/h3>\n<p>U bagr\u016f je v\u00e1lec l\u017e\u00edce nezbytn\u00fd pro v\u00fdkopov\u00e9 pr\u00e1ce, nakl\u00e1d\u00e1n\u00ed a p\u0159emis\u0165ov\u00e1n\u00ed zeminy nebo suti. Pou\u017e\u00edv\u00e1 se tak\u00e9 u rypadlo-naklada\u010d\u016f, kde v\u00e1lec pom\u00e1h\u00e1 jak p\u0159i v\u00fdkopov\u00fdch prac\u00edch, tak p\u0159i zved\u00e1n\u00ed. Schopnost v\u00e1lce l\u017e\u00edce ovl\u00e1dat pohyb l\u017e\u00edce je v t\u011bchto aplikac\u00edch z\u00e1sadn\u00ed, proto\u017ee umo\u017e\u0148uje obsluze efektivn\u011b manipulovat se strojem. <\/p>\n<p><img decoding=\"async\" src=\"https:\/\/hzpt.com\/wp-content\/uploads\/2024\/11\/songte-company-1.webp\" alt=\"Obr\u00e1zek stavebn\u00edch stroj\u016f\"><\/p>\n<h3>Zem\u011bd\u011blsk\u00e9 stroje<\/h3>\n<p>V\u00e1lce l\u017e\u00edce se pou\u017e\u00edvaj\u00ed v \u010deln\u00edch naklada\u010d\u00edch k nab\u00edr\u00e1n\u00ed, zved\u00e1n\u00ed a p\u0159eprav\u011b zeminy, sena a dal\u0161\u00edch materi\u00e1l\u016f. D\u00edky plynul\u00e9mu chodu a siln\u00e9mu tahu je v\u00e1lec l\u017e\u00edce ide\u00e1ln\u00ed pro manipulaci s t\u011b\u017ek\u00fdmi b\u0159emeny. <\/p>\n<h3>Bagry<\/h3>\n<p>V\u00e1lec l\u017e\u00edce hraje v rypadlech z\u00e1sadn\u00ed roli, proto\u017ee umo\u017e\u0148uje l\u017e\u00edci proniknout do p\u016fdy a prov\u00e9st kop\u00e1n\u00ed. Obsluha m\u016f\u017ee p\u0159esn\u011b ovl\u00e1dat pohyb l\u017e\u00edce, co\u017e usnad\u0148uje efektivn\u00ed v\u00fdkop.<\/p>\n<h3>Naklada\u010de<\/h3>\n<p>U \u010deln\u00edch naklada\u010d\u016f pom\u00e1haj\u00ed v\u00e1lce kore\u010dk\u016f efektivn\u011b zvedat a nakl\u00e1n\u011bt zbo\u017e\u00ed. Ovl\u00e1d\u00e1n\u00ed pohybu kore\u010dk\u016f v\u00e1lcem umo\u017e\u0148uje p\u0159esn\u00e9 polohov\u00e1n\u00ed zbo\u017e\u00ed, co\u017e obsluze umo\u017e\u0148uje bezpe\u010dnou a efektivn\u00ed pr\u00e1ci.<\/p>\n<h2>Konstruk\u010dn\u00ed aspekty a krit\u00e9ria v\u00fdb\u011bru<\/h2>\n<p>Konstrukce kore\u010dkov\u00e9ho v\u00e1lce je kl\u00ed\u010dov\u00e1 pro zaji\u0161t\u011bn\u00ed jeho \u00fa\u010dinnosti a \u017eivotnosti. Je t\u0159eba vz\u00edt v \u00favahu n\u00e1sleduj\u00edc\u00ed konstruk\u010dn\u00ed aspekty:<\/p>\n<ul>\n<li>\u00danosnost<\/li>\n<li>T\u011bsnic\u00ed schopnost<\/li>\n<li>Trvanlivost<\/li>\n<li>Bezpe\u010dnost<\/li>\n<li>Udr\u017eovatelnost<\/li>\n<\/ul>\n<p><img decoding=\"async\" src=\"https:\/\/www.hydraulic-cylinders.net\/wp-content\/uploads\/2025\/01\/songte-oil-pipes-and-spare-parts.webp\" alt=\"Olejov\u00e9 trubky a n\u00e1hradn\u00ed d\u00edly\"><\/p>\n<h3>\u00danosnost<\/h3>\n<p>Kore\u010dkov\u00fd v\u00e1lec mus\u00ed b\u00fdt navr\u017een tak, aby odolal vysok\u00e9mu tlaku a velk\u00e9mu zat\u00ed\u017een\u00ed. Pro zaji\u0161t\u011bn\u00ed jeho trvanlivosti se obvykle pou\u017e\u00edv\u00e1 vysokopevnostn\u00ed ocel nebo hlin\u00edk a jeho konstrukce mus\u00ed zohled\u0148ovat odolnost proti opot\u0159eben\u00ed a korozi, aby se prodlou\u017eila jeho \u017eivotnost.<\/p>\n<h3>T\u011bsnic\u00ed schopnost<\/h3>\n<p>T\u011bsnic\u00ed schopnost v\u00e1lce je z\u00e1sadn\u00ed pro udr\u017een\u00ed hydraulick\u00e9ho tlaku a prevenci \u00faniku oleje. Pro udr\u017een\u00ed provozn\u00ed \u00fa\u010dinnosti v\u00e1lce je nutn\u00e9 pou\u017e\u00edt vysoce kvalitn\u00ed t\u011bsnic\u00ed komponenty, jako jsou t\u011bsn\u011bn\u00ed p\u00edst\u016f a p\u00edstnic.<\/p>\n<h3>Trvanlivost<\/h3>\n<p>Trvanlivost v\u00e1lce je kl\u00ed\u010dov\u00e1 pro p\u0159izp\u016fsoben\u00ed se n\u00e1ro\u010dn\u00e9mu pracovn\u00edmu prost\u0159ed\u00ed a zaji\u0161t\u011bn\u00ed jeho dlouh\u00e9 \u017eivotnosti. Konstrukce v\u00e1lce mus\u00ed zohled\u0148ovat odolnost proti opot\u0159eben\u00ed, korozi a dal\u0161\u00ed faktory, aby se prodlou\u017eila jeho \u017eivotnost.<\/p>\n<h3>Bezpe\u010dnost<\/h3>\n<p>Kore\u010dkov\u00fd v\u00e1lec mus\u00ed b\u00fdt navr\u017een s ohledem na bezpe\u010dnost. Mus\u00ed b\u00fdt schopen odolat vysok\u00e9mu tlaku, ani\u017e by p\u0159edstavoval bezpe\u010dnostn\u00ed riziko pro obsluhu. Pro zaji\u0161t\u011bn\u00ed bezpe\u010dn\u00e9ho provozu je nutn\u00e9 dodr\u017eet spr\u00e1vn\u00e9 postupy mont\u00e1\u017ee a instalace.<\/p>\n<h3>Udr\u017eovatelnost<\/h3>\n<p>V\u00e1lec kore\u010dkov\u00e9ho v\u00e1lce mus\u00ed b\u00fdt navr\u017een pro snadnou \u00fadr\u017ebu. Pravideln\u00e1 \u00fadr\u017eba, v\u010detn\u011b kontrol, maz\u00e1n\u00ed a v\u00fdm\u011bny t\u011bsn\u011bn\u00ed, je z\u00e1sadn\u00ed pro prodlou\u017een\u00ed jeho \u017eivotnosti.<\/p>\n<p><img decoding=\"async\" src=\"https:\/\/www.hydraulic-cylinders.net\/wp-content\/uploads\/2025\/01\/songte-chushion-collar.webp\" alt=\"Pol\u0161t\u00e1\u0159ov\u00fd l\u00edmec\"><\/p>\n<h2>T\u011bsn\u011bn\u00ed a maz\u00e1n\u00ed<\/h2>\n<p>Pro zaji\u0161t\u011bn\u00ed spr\u00e1vn\u00e9 funkce v\u00e1lce l\u017e\u00edce je nutn\u00e9 udr\u017eovat jeho t\u011bsn\u011bn\u00ed a maz\u00e1n\u00ed. Je t\u0159eba vz\u00edt v \u00favahu n\u00e1sleduj\u00edc\u00ed kroky:<\/p>\n<ul>\n<li>Pro \u00fa\u010dinn\u00e9 ut\u011bsn\u011bn\u00ed je nutn\u00e9 pou\u017e\u00edt r\u016fzn\u00e9 t\u011bsnic\u00ed prvky, jako jsou t\u011bsn\u011bn\u00ed p\u00edst\u016f a t\u011bsn\u011bn\u00ed p\u00edstnic. <\/li>\n<li>Pro zaji\u0161t\u011bn\u00ed trvanlivosti mus\u00ed b\u00fdt pou\u017eity t\u011bsnic\u00ed komponenty vyroben\u00e9 z materi\u00e1l\u016f odoln\u00fdch proti opot\u0159eben\u00ed, jako je polyuretan a nitrilov\u00e1 pry\u017e.<\/li>\n<li>T\u011bleso v\u00e1lce a z\u00e1vitov\u00fd povrch mus\u00ed b\u00fdt pe\u010dliv\u011b opracov\u00e1ny, aby se zlep\u0161ila jejich odolnost proti opot\u0159eben\u00ed.<\/li>\n<li>V\u00e1lec mus\u00ed b\u00fdt pravideln\u011b maz\u00e1n vhodn\u00fdm hydraulick\u00fdm olejem, aby byl zaji\u0161t\u011bn jeho hladk\u00fd chod.<\/li>\n<\/ul>\n<h2>\u00dadr\u017eba a opravy<\/h2>\n<p>Pro zaji\u0161t\u011bn\u00ed dlouh\u00e9 \u017eivotnosti v\u00e1lce kore\u010dkov\u00e9ho v\u00e1lce je nutn\u00e1 pravideln\u00e1 \u00fadr\u017eba a opravy. Je nutn\u00e9 prov\u00e1d\u011bt n\u00e1sleduj\u00edc\u00ed \u00fakony:<\/p>\n<ul>\n<li>Pravideln\u00e9 kontroly za \u00fa\u010delem zji\u0161t\u011bn\u00ed jak\u00fdchkoli zn\u00e1mek opot\u0159eben\u00ed nebo po\u0161kozen\u00ed, jako je \u00fanik oleje nebo abnorm\u00e1ln\u00ed zvuky.<\/li>\n<li>Pravideln\u00e9 maz\u00e1n\u00ed pro zaji\u0161t\u011bn\u00ed hladk\u00e9ho provozu.<\/li>\n<li>V\u00fdm\u011bna t\u011bsn\u011bn\u00ed dle pot\u0159eby pro zachov\u00e1n\u00ed spr\u00e1vn\u00e9ho ut\u011bsn\u011bn\u00ed.<\/li>\n<li>Kalibra\u010dn\u00ed kontroly pro zaji\u0161t\u011bn\u00ed spr\u00e1vn\u00e9ho provozu.<\/li>\n<\/ul>\n<p><img decoding=\"async\" src=\"https:\/\/www.hydraulic-cylinders.net\/wp-content\/uploads\/2025\/01\/songte-bushings-with-all-kinds-of-excavator-models.webp\" alt=\"Pouzdra s modely bagr\u016f\"><\/p>\n<h2>Bezpe\u010dnostn\u00ed aspekty a faktory prost\u0159ed\u00ed<\/h2>\n<p>P\u0159i obsluze hydraulick\u00e9ho v\u00e1lce s kope\u010dkem dodr\u017eujte bezpe\u010dnostn\u00ed postupy. Hydraulick\u00e9 v\u00e1lce jsou pod vysok\u00fdm tlakem a p\u0159i nespr\u00e1vn\u00e9m zach\u00e1zen\u00ed mohou b\u00fdt nebezpe\u010dn\u00e9. Aby se p\u0159ede\u0161lo nehod\u00e1m, mus\u00ed b\u00fdt instalov\u00e1ny a provozov\u00e1ny podle pokyn\u016f a pokyn\u016f v\u00fdrobce.<\/p>\n<h2>Diagnostika z\u00e1vad a \u0159e\u0161en\u00ed probl\u00e9m\u016f<\/h2>\n<p>P\u0159i pou\u017e\u00edv\u00e1n\u00ed kore\u010dkov\u00fdch v\u00e1lc\u016f se mohou vyskytnout n\u00e1sleduj\u00edc\u00ed b\u011b\u017en\u00e9 probl\u00e9my:<\/p>\n<ul>\n<li>\u00danik oleje<\/li>\n<li>Abnorm\u00e1ln\u00ed zvuky b\u011bhem provozu<\/li>\n<li>\u0160patn\u00fd provoz v\u00e1lce nebo nepln\u011bn\u00ed \u00fakol\u016f<\/li>\n<\/ul>\n<p>Pro diagnostiku a \u0159e\u0161en\u00ed t\u011bchto probl\u00e9m\u016f:<\/p>\n<ul>\n<li>Pokyny naleznete v n\u00e1vodu k obsluze od v\u00fdrobce.<\/li>\n<li>Prov\u00e1d\u011bjte pravideln\u00e9 kontroly a \u00fadr\u017ebu.<\/li>\n<li>V p\u0159\u00edpad\u011b pot\u0159eby vym\u011b\u0148te vadn\u00e9 d\u00edly.<\/li>\n<\/ul>\n<h2>P\u0159edstaven\u00ed spole\u010dnosti<\/h2>\n<p>Jsme v\u00fdrobcem hydraulick\u00fdch v\u00e1lc\u016f a nab\u00edz\u00edme kompletn\u00ed sortiment produkt\u016f. Jsme jedn\u00edm z p\u0159edn\u00edch v\u00fdrobc\u016f a velkoobchodn\u00edk\u016f s hydraulick\u00fdmi v\u00e1lci na dom\u00e1c\u00edm i zahrani\u010dn\u00edm trhu. \u0158\u00edd\u00edme se principem vynikaj\u00edc\u00ed kvality a spol\u00e9h\u00e1me na industrializovan\u00e9 strategie \u0159\u00edzen\u00ed v\u00fdroby v precizn\u00ed v\u00fdrobn\u00ed d\u00edln\u011b. Neust\u00e1le vylep\u0161ujeme v\u00fdrobn\u00ed platformu d\u00edlny, zlep\u0161ujeme kvalitu v\u00fdrobn\u00edch postup\u016f a m\u00e1me siln\u00e9 v\u00fdrobn\u00ed kapacity, kter\u00e9 uspokojuj\u00ed rozmanit\u00e9 pot\u0159eby z\u00e1kazn\u00edk\u016f s vysokou efektivitou, vysokou p\u0159esnost\u00ed a vysokou kvalitou. <\/p>\n<p><img decoding=\"async\" src=\"https:\/\/www.hydraulic-cylinders.net\/wp-content\/uploads\/2025\/01\/songte-company-3.webp\" alt=\"Image spole\u010dnosti\"><\/p>\n<h3>Profesionalita<\/h3>\n<p>M\u00e1me t\u00fdm profesion\u00e1l\u016f, kte\u0159\u00ed maj\u00ed znalosti v oblasti n\u00e1vrhu a v\u00fdroby hydraulick\u00fdch v\u00e1lc\u016f. Pou\u017e\u00edv\u00e1me pokro\u010dil\u00e9 technologie a v\u00fdrobn\u00ed za\u0159\u00edzen\u00ed, abychom zajistili nejvy\u0161\u0161\u00ed kvalitu na\u0161ich produkt\u016f.<\/p>\n<h3>Mezin\u00e1rodn\u00ed certifikace<\/h3>\n<p>Z\u00edskali jsme mezin\u00e1rodn\u00ed certifikace, jako jsou ISO9001, CE a SGS. Tyto certifikace prokazuj\u00ed n\u00e1\u0161 z\u00e1vazek ke kvalit\u011b a spokojenosti na\u0161ich z\u00e1kazn\u00edk\u016f.<\/p>\n<h3>Slu\u017eby p\u0159izp\u016fsoben\u00ed<\/h3>\n<p>Nab\u00edz\u00edme slu\u017eby p\u0159izp\u016fsoben\u00ed, abychom splnili specifick\u00e9 pot\u0159eby na\u0161ich z\u00e1kazn\u00edk\u016f. N\u00e1\u0161 t\u00fdm \u00fazce spolupracuje se z\u00e1kazn\u00edky na vytv\u00e1\u0159en\u00ed \u0159e\u0161en\u00ed na m\u00edru, kter\u00e1 spl\u0148uj\u00ed jejich jedine\u010dn\u00e9 po\u017eadavky.<\/p>\n<h3>V\u00fdrobn\u00ed za\u0159\u00edzen\u00ed<\/h3>\n<p>Pou\u017e\u00edv\u00e1me modern\u00ed v\u00fdrobn\u00ed za\u0159\u00edzen\u00ed a technologie, abychom zajistili kvalitu a konzistenci na\u0161ich hydraulick\u00fdch v\u00e1lc\u016f. Na\u0161e vybaven\u00ed zahrnuje CNC soustruhy, CNC obr\u00e1b\u011bc\u00ed centra a automatizovan\u00e9 v\u00fdrobn\u00ed linky na hydraulick\u00e9 v\u00e1lce.<\/p>\n<h3>Poprodejn\u00ed servis<\/h3>\n<p>M\u00e1me specializovan\u00fd t\u00fdm poprodejn\u00edch slu\u017eeb, kter\u00fd poskytuje technickou podporu a pomoc na\u0161im z\u00e1kazn\u00edk\u016fm. N\u00e1\u0161 t\u00fdm je k dispozici, aby zodpov\u011bd\u011bl ve\u0161ker\u00e9 dotazy a nab\u00eddl \u0159e\u0161en\u00ed jak\u00fdchkoli probl\u00e9m\u016f, kter\u00e9 mohou nastat.<\/p>\n<p>????: lyl.<\/p>","protected":false},"excerpt":{"rendered":"<p>Bucket Cylinder For Sumitomo Large Excavator SH300A1A2A3 Introduction The bucket cylinder, also known as a hydraulic cylinder, is a specially designed cylinder used to control the movement of the bucket in heavy machinery such as excavators, backhoes, and front-end loaders. Its main function is to enable the bucket to be lifted, lowered, and tilted, making [&hellip;]<\/p>","protected":false},"featured_media":14780,"comment_status":"open","ping_status":"closed","template":"","meta":{"_et_pb_use_builder":"","_et_pb_old_content":"","_et_gb_content_width":""},"product_brand":[],"product_cat":[1494],"product_tag":[1495,1496],"class_list":{"0":"post-15183","1":"product","2":"type-product","3":"status-publish","4":"has-post-thumbnail","6":"product_cat-bucket-cylinders","7":"product_tag-bucket-cylinders","8":"product_tag-hydraulic-cylinders","10":"first","11":"instock","12":"shipping-taxable","13":"product-type-simple"},"amp_enabled":true,"_links":{"self":[{"href":"https:\/\/www.hydraulic-cylinders.net\/cs\/wp-json\/wp\/v2\/product\/15183","targetHints":{"allow":["GET"]}}],"collection":[{"href":"https:\/\/www.hydraulic-cylinders.net\/cs\/wp-json\/wp\/v2\/product"}],"about":[{"href":"https:\/\/www.hydraulic-cylinders.net\/cs\/wp-json\/wp\/v2\/types\/product"}],"replies":[{"embeddable":true,"href":"https:\/\/www.hydraulic-cylinders.net\/cs\/wp-json\/wp\/v2\/comments?post=15183"}],"wp:featuredmedia":[{"embeddable":true,"href":"https:\/\/www.hydraulic-cylinders.net\/cs\/wp-json\/wp\/v2\/media\/14780"}],"wp:attachment":[{"href":"https:\/\/www.hydraulic-cylinders.net\/cs\/wp-json\/wp\/v2\/media?parent=15183"}],"wp:term":[{"taxonomy":"product_brand","embeddable":true,"href":"https:\/\/www.hydraulic-cylinders.net\/cs\/wp-json\/wp\/v2\/product_brand?post=15183"},{"taxonomy":"product_cat","embeddable":true,"href":"https:\/\/www.hydraulic-cylinders.net\/cs\/wp-json\/wp\/v2\/product_cat?post=15183"},{"taxonomy":"product_tag","embeddable":true,"href":"https:\/\/www.hydraulic-cylinders.net\/cs\/wp-json\/wp\/v2\/product_tag?post=15183"}],"curies":[{"name":"wp","href":"https:\/\/api.w.org\/{rel}","templated":true}]}}