{"id":15184,"date":"2025-01-19T14:12:36","date_gmt":"2025-01-19T14:12:36","guid":{"rendered":"https:\/\/www.hydraulic-cylinders.net\/product\/bucket-cylinder-for-sumitomo-large-excavator-sh330a3\/"},"modified":"2025-01-19T14:12:38","modified_gmt":"2025-01-19T14:12:38","slug":"bucket-cylinder-for-sumitomo-large-excavator-sh330a3","status":"publish","type":"product","link":"https:\/\/www.hydraulic-cylinders.net\/cs\/produkt\/bucket-cylinder-for-sumitomo-large-excavator-sh330a3\/","title":{"rendered":"V\u00e1lec kore\u010dkov\u00e9ho v\u00e1lce pro velk\u00e9 rypadlo Sumitomo SH330A3"},"content":{"rendered":"<h1>V\u00e1lec kore\u010dkov\u00e9ho v\u00e1lce pro velk\u00e9 rypadlo Sumitomo SH330A3<\/h1>\n<h2>Zaveden\u00ed<\/h2>\n<p>Hydraulick\u00fd v\u00e1lec l\u017e\u00edce pro velk\u00e9 rypadlo Sumitomo SH330A3 je speci\u00e1ln\u011b navr\u017een\u00fd hydraulick\u00fd v\u00e1lec, kter\u00fd se prim\u00e1rn\u011b pou\u017e\u00edv\u00e1 k ovl\u00e1d\u00e1n\u00ed pohybu l\u017e\u00edce v t\u011b\u017ek\u00fdch stroj\u00edch, jako jsou rypadla, bagry a kolov\u00e9 naklada\u010de. Jeho hlavn\u00ed funkc\u00ed je umo\u017enit zved\u00e1n\u00ed, spou\u0161t\u011bn\u00ed a nakl\u00e1p\u011bn\u00ed l\u017e\u00edce, co\u017e usnad\u0148uje r\u016fzn\u00e9 \u00fakoly manipulace s materi\u00e1lem. V hydraulick\u00e9m syst\u00e9mu dosahuje v\u00e1lec l\u017e\u00edce p\u0159esn\u00e9ho ovl\u00e1d\u00e1n\u00ed l\u017e\u00edce vyu\u017eit\u00edm zm\u011bn tlaku hydraulick\u00e9ho oleje, co\u017e umo\u017e\u0148uje obsluze efektivn\u011b manipulovat s t\u011b\u017ek\u00fdmi b\u0159emeny a p\u0159izp\u016fsobovat se slo\u017eit\u00fdm pracovn\u00edm prost\u0159ed\u00edm a rozmanit\u00fdm po\u017eadavk\u016fm na pr\u00e1ci.<\/p>\n<p><img decoding=\"async\" src=\"https:\/\/www.hydraulic-cylinders.net\/wp-content\/uploads\/2025\/01\/songte-company-2.webp\"><\/p>\n<h2>Funkce<\/h2>\n<ul>\n<li>Vysok\u00e1 pevnost a trvanlivost: Obvykle je vyroben z vysokopevnostn\u00ed oceli nebo hlin\u00edku, odol\u00e1 vysok\u00e9mu tlaku a velk\u00e9mu zat\u00ed\u017een\u00ed, a p\u0159izp\u016fsob\u00ed se tak n\u00e1ro\u010dn\u00fdm pracovn\u00edm prost\u0159ed\u00edm. Konstrukce zohled\u0148uje odolnost proti opot\u0159eben\u00ed a korozi, \u010d\u00edm\u017e prodlu\u017euje \u017eivotnost.<\/li>\n<li>Efektivn\u00ed hydraulick\u00fd provoz: Vyu\u017e\u00edv\u00e1 tlak hydraulick\u00e9ho oleje k dosa\u017een\u00ed plynul\u00e9ho teleskopick\u00e9ho pohybu, je schopen rychl\u00e9 reakce na ovl\u00e1dac\u00ed povely a poskytuje siln\u00e9 tla\u010dn\u00e9 a ta\u017en\u00e9 s\u00edly, vhodn\u00e9 pro manipulaci s t\u011b\u017ek\u00fdmi b\u0159emeny a slo\u017eit\u00e9 pracovn\u00ed \u00fakoly.<\/li>\n<li>R\u016fzn\u00e9 typy: Podle po\u017eadavk\u016f si m\u016f\u017eete vybrat mezi jedno\u010dinn\u00fdmi (hydraulicky ovl\u00e1dan\u00e9 pouze v jednom sm\u011bru) nebo dvoj\u010dinn\u00fdmi (hydraulicky ovl\u00e1dan\u00e9 v obou sm\u011brech) v\u00e1lci. N\u011bkter\u00e9 modely jsou teleskopick\u00e9, co\u017e umo\u017e\u0148uje v\u011bt\u0161\u00ed v\u00fdsuv bez zv\u011bt\u0161en\u00ed vn\u011bj\u0161\u00edch rozm\u011br\u016f, vhodn\u00e9 pro aplikace s omezen\u00fdm prostorem.<\/li>\n<li>Dokonal\u00e1 n\u00e1hrada: N\u00e1\u0161 produkt dok\u00e1\u017ee tyto hydraulick\u00e9 v\u00e1lce dokonale nahradit.<\/li>\n<\/ul>\n<p><img decoding=\"async\" src=\"https:\/\/www.hydraulic-cylinders.net\/wp-content\/uploads\/2025\/01\/songte-cylinder-head-with-all-kinds-excavator-models.webp\"><\/p>\n<h2>Aplikace<\/h2>\n<p>V\u00e1lec kore\u010dkov\u00e9ho v\u00e1lce pro velk\u00e9 rypadlo Sumitomo SH330A3 se \u0161iroce pou\u017e\u00edv\u00e1 v r\u016fzn\u00fdch aplikac\u00edch, v\u010detn\u011b:<\/p>\n<ul>\n<li>Stavebn\u00ed za\u0159\u00edzen\u00ed: Nach\u00e1zej\u00ed se v bagrech a jsou kl\u00ed\u010dov\u00e9 pro kop\u00e1n\u00ed, nakl\u00e1d\u00e1n\u00ed a p\u0159emis\u0165ov\u00e1n\u00ed zeminy nebo suti. U r\u00fdpadel typu \u201ebagr\u201c pom\u00e1h\u00e1 v\u00e1lec kore\u010dkov\u00e9ho v\u00e1lce jak p\u0159i kop\u00e1n\u00ed, tak p\u0159i zved\u00e1n\u00ed.<\/li>\n<li>Zem\u011bd\u011blsk\u00e9 stroje: Pou\u017e\u00edvaj\u00ed se v \u010deln\u00edch naklada\u010d\u00edch pro nab\u00edr\u00e1n\u00ed, zved\u00e1n\u00ed a p\u0159epravu p\u016fdy, sena a dal\u0161\u00edch materi\u00e1l\u016f.<\/li>\n<li>Rypadla: V\u00e1lec l\u017e\u00edce umo\u017e\u0148uje kop\u00e1n\u00ed t\u00edm, \u017ee umo\u017e\u0148uje l\u017e\u00edci proniknout do p\u016fdy.<\/li>\n<li>Kolov\u00e9 naklada\u010de: Kolov\u00e9 naklada\u010de pom\u00e1haj\u00ed s efektivn\u00edm zved\u00e1n\u00edm a vykl\u00e1dkou zbo\u017e\u00ed.<\/li>\n<\/ul>\n<h2>Konstruk\u010dn\u00ed aspekty a krit\u00e9ria v\u00fdb\u011bru<\/h2>\n<p>P\u0159i n\u00e1vrhu kore\u010dkov\u00e9ho v\u00e1lce se bere v \u00favahu n\u011bkolik faktor\u016f, jako nap\u0159\u00edklad:<\/p>\n<ul>\n<li>\u00danosnost<\/li>\n<li>T\u011bsnic\u00ed schopnost<\/li>\n<li>Trvanlivost<\/li>\n<li>Bezpe\u010dnost<\/li>\n<li>Udr\u017eovatelnost<\/li>\n<\/ul>\n<p><img decoding=\"async\" src=\"https:\/\/www.hydraulic-cylinders.net\/wp-content\/uploads\/2025\/01\/songte-oil-pipes-and-spare-parts.webp\"><\/p>\n<h2>T\u011bsn\u011bn\u00ed a maz\u00e1n\u00ed<\/h2>\n<p>Kore\u010dkov\u00fd v\u00e1lec vyu\u017e\u00edv\u00e1 r\u016fzn\u00e9 t\u011bsnic\u00ed komponenty, jako jsou t\u011bsn\u011bn\u00ed p\u00edstu a t\u011bsn\u011bn\u00ed p\u00edstnice, kter\u00e9 jsou vyrobeny z materi\u00e1l\u016f odoln\u00fdch proti opot\u0159eben\u00ed, jako je polyuretan a nitrilov\u00e1 pry\u017e. T\u011bleso v\u00e1lce a z\u00e1vitov\u00e9 konce jsou jemn\u011b o\u0161et\u0159eny pro zv\u00fd\u0161en\u00ed odolnosti proti opot\u0159eben\u00ed. Pro zaji\u0161t\u011bn\u00ed hladk\u00e9ho provozu je nezbytn\u00e9 pravideln\u00e9 maz\u00e1n\u00ed vhodn\u00fdm mno\u017estv\u00edm hydraulick\u00e9ho oleje.<\/p>\n<h2>Pravideln\u00e1 kontrola a preventivn\u00ed \u00fadr\u017eba<\/h2>\n<p>Pro zaji\u0161t\u011bn\u00ed dlouh\u00e9 \u017eivotnosti kore\u010dkov\u00e9ho v\u00e1lce se doporu\u010duj\u00ed pravideln\u00e9 kontroly a preventivn\u00ed \u00fadr\u017eba. Mezi tato opat\u0159en\u00ed pat\u0159\u00ed:<\/p>\n<ul>\n<li>Kontrola net\u011bsnost\u00ed a po\u0161kozen\u00ed<\/li>\n<li>Spr\u00e1vn\u00e9 maz\u00e1n\u00ed<\/li>\n<li>V\u00fdm\u011bna t\u011bsn\u011bn\u00ed<\/li>\n<li>Kalibra\u010dn\u00ed kontroly<\/li>\n<\/ul>\n<p><img decoding=\"async\" src=\"https:\/\/www.hydraulic-cylinders.net\/wp-content\/uploads\/2025\/01\/songte-chushion-collar.webp\"><\/p>\n<h2>Bezpe\u010dnostn\u00ed aspekty a faktory prost\u0159ed\u00ed<\/h2>\n<p>P\u0159i pou\u017e\u00edv\u00e1n\u00ed kybl\u00edkov\u00e9 lahve je nezbytn\u00e9 up\u0159ednostnit bezpe\u010dnostn\u00ed opat\u0159en\u00ed. To zahrnuje dodr\u017eov\u00e1n\u00ed spr\u00e1vn\u00fdch instala\u010dn\u00edch postup\u016f, pou\u017eit\u00ed vhodn\u00fdch mont\u00e1\u017en\u00edch konzol k zaji\u0161t\u011bn\u00ed lahve a dodr\u017eov\u00e1n\u00ed doporu\u010den\u00fdch postup\u016f pro kontrolu, opravy a v\u00fdm\u011bnu. Je tak\u00e9 d\u016fle\u017eit\u00e9 zv\u00e1\u017eit faktory prost\u0159ed\u00ed, aby se minimalizoval jak\u00fdkoli potenci\u00e1ln\u00ed dopad nebo po\u0161kozen\u00ed.<\/p>\n<h2>Diagnostika z\u00e1vad a b\u011b\u017en\u00e9 probl\u00e9my<\/h2>\n<p>Pokud se setk\u00e1te s poruchami nebo probl\u00e9my s v\u00e1lcem kore\u010dkov\u00e9ho motoru, je z\u00e1sadn\u00ed prov\u00e9st jejich efektivn\u00ed diagnostiku a \u0159e\u0161en\u00ed. Mezi b\u011b\u017en\u00e9 probl\u00e9my pat\u0159\u00ed net\u011bsnosti, nedostate\u010dn\u00fd v\u00fdkon nebo nereaguj\u00edc\u00ed pohyby. Tipy a \u0159e\u0161en\u00ed probl\u00e9m\u016f mohou \u010dten\u00e1\u0159\u016fm pomoci s \u0159e\u0161en\u00edm probl\u00e9m\u016f a nab\u00eddnout preventivn\u00ed opat\u0159en\u00ed k minimalizaci potenci\u00e1ln\u00edch probl\u00e9m\u016f.<\/p>\n<p><img decoding=\"async\" src=\"https:\/\/www.hydraulic-cylinders.net\/wp-content\/uploads\/2025\/01\/songte-bushings-with-all-kinds-of-excavator-models.webp\"><\/p>\n<p>Nezapome\u0148te \u010dl\u00e1nek logicky uspo\u0159\u00e1dat, pou\u017e\u00edvat podnadpisy pro snadnou navigaci, za\u010dlenit relevantn\u00ed obr\u00e1zky nebo grafy pro lep\u0161\u00ed pochopen\u00ed a zajistit srozumitelnost, stru\u010dnost a vhodnost obsahu pro \u010dten\u00e1\u0159e s r\u016fznou \u00farovn\u00ed technick\u00fdch znalost\u00ed.<\/p>\n<h2>O na\u0161\u00ed spole\u010dnosti<\/h2>\n<p>Jsme v\u00fdrobcem n\u00e1hradn\u00edch hydraulick\u00fdch v\u00e1lc\u016f. Na\u0161e spole\u010dnost nab\u00edz\u00ed \u0161irokou \u0161k\u00e1lu produkt\u016f a stala se jedn\u00edm z p\u0159edn\u00edch v\u00fdrobc\u016f a velkoobchodn\u00edch distributor\u016f hydraulick\u00fdch v\u00e1lc\u016f na dom\u00e1c\u00edm i mezin\u00e1rodn\u00edm trhu. Dodr\u017eujeme principy excelence v kvalit\u011b a v na\u0161ich sofistikovan\u00fdch v\u00fdrobn\u00edch d\u00edln\u00e1ch se spol\u00e9h\u00e1me na strategie \u0159\u00edzen\u00ed pr\u016fmyslov\u00e9 v\u00fdroby. D\u00edky zam\u011b\u0159en\u00ed na technologick\u00e9 talenty, pokro\u010dil\u00e1 digitalizovan\u00e1 v\u00fdrobn\u00ed za\u0159\u00edzen\u00ed a profesion\u00e1ln\u00ed testovac\u00ed syst\u00e9my neust\u00e1le vylep\u0161ujeme na\u0161e v\u00fdrobn\u00ed platformy, zdokonalujeme v\u00fdrobn\u00ed postupy pro dosa\u017een\u00ed kvality produkt\u016f a disponujeme zna\u010dn\u00fdm inova\u010dn\u00edm potenci\u00e1lem. Na\u0161\u00edm c\u00edlem je uspokojovat pot\u0159eby z\u00e1kazn\u00edk\u016f s vysokou efektivitou, p\u0159esnost\u00ed a kvalitou.<\/p>\n<p><img decoding=\"async\" src=\"https:\/\/www.hydraulic-cylinders.net\/wp-content\/uploads\/2025\/01\/songte-company-3.webp\"><\/p>\n<h3>Dal\u0161\u00ed informace<\/h3>\n<p>Na\u0161e spole\u010dnost je zn\u00e1m\u00e1 pro:<\/p>\n<ul>\n<li>Profesionalita<\/li>\n<li>Mezin\u00e1rodn\u00ed certifikace<\/li>\n<li>Slu\u017eby na m\u00edru<\/li>\n<li>Pokro\u010dil\u00e9 v\u00fdrobn\u00ed za\u0159\u00edzen\u00ed<\/li>\n<li>Poprodejn\u00ed slu\u017eby<\/li>\n<\/ul>\n<p>Autor: lyl<\/p>","protected":false},"excerpt":{"rendered":"<p>Bucket Cylinder For Sumitomo Large Excavator SH330A3 Introduction The bucket cylinder for Sumitomo large excavator SH330A3 is a specially designed hydraulic cylinder that is primarily used to control the movement of the bucket in heavy machinery such as excavators, backhoe excavators, and wheel loaders. Its main function is to enable the lifting, lowering, and tilting [&hellip;]<\/p>","protected":false},"featured_media":14778,"comment_status":"open","ping_status":"closed","template":"","meta":{"_et_pb_use_builder":"","_et_pb_old_content":"","_et_gb_content_width":""},"product_brand":[],"product_cat":[1494],"product_tag":[1495,1496],"class_list":{"0":"post-15184","1":"product","2":"type-product","3":"status-publish","4":"has-post-thumbnail","6":"product_cat-bucket-cylinders","7":"product_tag-bucket-cylinders","8":"product_tag-hydraulic-cylinders","10":"first","11":"instock","12":"shipping-taxable","13":"product-type-simple"},"amp_enabled":true,"_links":{"self":[{"href":"https:\/\/www.hydraulic-cylinders.net\/cs\/wp-json\/wp\/v2\/product\/15184","targetHints":{"allow":["GET"]}}],"collection":[{"href":"https:\/\/www.hydraulic-cylinders.net\/cs\/wp-json\/wp\/v2\/product"}],"about":[{"href":"https:\/\/www.hydraulic-cylinders.net\/cs\/wp-json\/wp\/v2\/types\/product"}],"replies":[{"embeddable":true,"href":"https:\/\/www.hydraulic-cylinders.net\/cs\/wp-json\/wp\/v2\/comments?post=15184"}],"wp:featuredmedia":[{"embeddable":true,"href":"https:\/\/www.hydraulic-cylinders.net\/cs\/wp-json\/wp\/v2\/media\/14778"}],"wp:attachment":[{"href":"https:\/\/www.hydraulic-cylinders.net\/cs\/wp-json\/wp\/v2\/media?parent=15184"}],"wp:term":[{"taxonomy":"product_brand","embeddable":true,"href":"https:\/\/www.hydraulic-cylinders.net\/cs\/wp-json\/wp\/v2\/product_brand?post=15184"},{"taxonomy":"product_cat","embeddable":true,"href":"https:\/\/www.hydraulic-cylinders.net\/cs\/wp-json\/wp\/v2\/product_cat?post=15184"},{"taxonomy":"product_tag","embeddable":true,"href":"https:\/\/www.hydraulic-cylinders.net\/cs\/wp-json\/wp\/v2\/product_tag?post=15184"}],"curies":[{"name":"wp","href":"https:\/\/api.w.org\/{rel}","templated":true}]}}