{"id":15194,"date":"2025-01-19T14:13:23","date_gmt":"2025-01-19T14:13:23","guid":{"rendered":"https:\/\/www.hydraulic-cylinders.net\/product\/bucket-cylinder-for-jcb-small-excavator-js13lc\/"},"modified":"2025-01-19T14:13:25","modified_gmt":"2025-01-19T14:13:25","slug":"bucket-cylinder-for-jcb-small-excavator-js13lc","status":"publish","type":"product","link":"https:\/\/www.hydraulic-cylinders.net\/cs\/produkt\/bucket-cylinder-for-jcb-small-excavator-js13lc\/","title":{"rendered":"V\u00e1lec l\u017e\u00edce pro mal\u00e9 rypadlo JCB JS13LC"},"content":{"rendered":"<p><!DOCTYPE html><br \/>\n<html><br \/>\n<head><br \/>\n<meta charset=\"UTF-8\"><br \/>\n<title>V\u00e1lec l\u017e\u00edce pro mal\u00e9 rypadlo JCB JS13LC<\/title><br \/>\n<\/head><br \/>\n<body><\/p>\n<h1>V\u00e1lec l\u017e\u00edce pro mal\u00e9 rypadlo JCB JS13LC<\/h1>\n<h2>Zaveden\u00ed<\/h2>\n<p>Hydraulick\u00fd v\u00e1lec l\u017e\u00edce je speci\u00e1ln\u011b navr\u017een\u00fd hydraulick\u00fd v\u00e1lec pou\u017e\u00edvan\u00fd k ovl\u00e1d\u00e1n\u00ed pohybu l\u017e\u00edce v t\u011b\u017ek\u00fdch stroj\u00edch, jako jsou rypadla, r\u00fdpadlo-naklada\u010de a \u010deln\u00ed naklada\u010de. Jeho hlavn\u00ed funkc\u00ed je umo\u017enit zved\u00e1n\u00ed, spou\u0161t\u011bn\u00ed a nakl\u00e1p\u011bn\u00ed l\u017e\u00edce, co\u017e usnad\u0148uje r\u016fzn\u00e9 \u00fakoly manipulace s materi\u00e1lem. V hydraulick\u00e9m syst\u00e9mu dosahuje v\u00e1lec l\u017e\u00edce p\u0159esn\u00e9ho ovl\u00e1d\u00e1n\u00ed l\u017e\u00edce vyu\u017eit\u00edm zm\u011bn tlaku v hydraulick\u00e9m oleji, co\u017e umo\u017e\u0148uje obsluze efektivn\u011b manipulovat s t\u011b\u017ek\u00fdmi b\u0159emeny a p\u0159izp\u016fsobovat se slo\u017eit\u00fdm pracovn\u00edm prost\u0159ed\u00edm a rozmanit\u00fdm po\u017eadavk\u016fm na pr\u00e1ci.<\/p>\n<p><img decoding=\"async\" src=\"https:\/\/www.hydraulic-cylinders.net\/wp-content\/uploads\/2025\/01\/songte-company-2.webp\" alt=\"Obr\u00e1zek v\u00e1lce kbel\u00edku\"><\/p>\n<h2>Funkce<\/h2>\n<ul>\n<li>Vysok\u00e1 pevnost a odolnost: V\u00e1lec kore\u010dkov\u00e9ho typu, obvykle vyroben\u00fd z vysokopevnostn\u00ed oceli nebo hlin\u00edku, odol\u00e1 vysok\u00e9mu tlaku a velk\u00e9mu zat\u00ed\u017een\u00ed, a p\u0159izp\u016fsob\u00ed se tak n\u00e1ro\u010dn\u00e9mu pracovn\u00edmu prost\u0159ed\u00ed. Jeho konstrukce zohled\u0148uje odolnost proti opot\u0159eben\u00ed a korozi, \u010d\u00edm\u017e prodlu\u017euje jeho \u017eivotnost.<\/li>\n<li>Efektivn\u00ed hydraulick\u00fd provoz: Vyu\u017eit\u00edm tlaku hydraulick\u00e9ho oleje dosahuje v\u00e1lec kore\u010dkov\u00e9ho v\u00e1lce plynul\u00e9ho teleskopick\u00e9ho pohybu, co\u017e umo\u017e\u0148uje rychlou reakci na ovl\u00e1dac\u00ed povely a poskytuje siln\u00e9 tla\u010dn\u00e9 a ta\u017en\u00e9 s\u00edly, vhodn\u00e9 pro manipulaci s t\u011b\u017ek\u00fdmi b\u0159emeny a slo\u017eit\u00e9 provozn\u00ed \u00fakoly.<\/li>\n<li>R\u016fzn\u00e9 typy: V\u00e1lec kore\u010dkov\u00e9ho v\u00e1lce lze volit jako jedno\u010dinn\u00fd (hydraulick\u00fd pohon se pou\u017e\u00edv\u00e1 pouze v jednom sm\u011bru) nebo dvoj\u010dinn\u00fd (hydraulick\u00fd pohon se pou\u017e\u00edv\u00e1 v obou sm\u011brech) dle pot\u0159eb a spl\u0148uje r\u016fzn\u00e9 provozn\u00ed po\u017eadavky. N\u011bkter\u00e9 modely jsou teleskopick\u00e9, co\u017e umo\u017e\u0148uje v\u011bt\u0161\u00ed vysunut\u00ed bez zv\u011bt\u0161en\u00ed vn\u011bj\u0161\u00edch rozm\u011br\u016f, a jsou vhodn\u00e9 pro aplikace s omezen\u00fdm prostorem.<\/li>\n<li>N\u00e1hrada produktu: N\u00e1\u0161 v\u00e1lec kore\u010dkov\u00e9ho v\u00e1lce dok\u00e1\u017ee tyto hydraulick\u00e9 v\u00e1lce dokonale nahradit.<\/li>\n<\/ul>\n<p><img decoding=\"async\" src=\"https:\/\/www.hydraulic-cylinders.net\/wp-content\/uploads\/2025\/01\/songte-cylinder-head-with-all-kinds-excavator-models.webp\" alt=\"Obr\u00e1zek produktu\"><\/p>\n<h2>Aplikace<\/h2>\n<p>Kore\u010dkov\u00fd v\u00e1lec nach\u00e1z\u00ed uplatn\u011bn\u00ed v r\u016fzn\u00fdch za\u0159\u00edzen\u00edch:<\/p>\n<ul>\n<li>Stavebn\u00ed stroje: Nach\u00e1zej\u00ed se v bagrech a jsou kl\u00ed\u010dov\u00e9 pro kop\u00e1n\u00ed, nakl\u00e1d\u00e1n\u00ed a p\u0159emis\u0165ov\u00e1n\u00ed zeminy nebo suti. U rypadlo-naklada\u010d\u016f pom\u00e1h\u00e1 v\u00e1lec l\u017e\u00edce p\u0159i kop\u00e1n\u00ed i zved\u00e1n\u00ed.<\/li>\n<li>Zem\u011bd\u011blsk\u00e9 stroje: Pou\u017e\u00edvaj\u00ed se v \u010deln\u00edch naklada\u010d\u00edch a pom\u00e1haj\u00ed p\u0159i nab\u00edr\u00e1n\u00ed, zved\u00e1n\u00ed a p\u0159eprav\u011b p\u016fdy, sena a dal\u0161\u00edch materi\u00e1l\u016f.<\/li>\n<li>Rypadla: V\u00e1lec l\u017e\u00edce umo\u017e\u0148uje kop\u00e1n\u00ed t\u00edm, \u017ee umo\u017e\u0148uje l\u017e\u00edci proniknout do p\u016fdy.<\/li>\n<li>Naklada\u010de: \u010celn\u00ed naklada\u010de pom\u00e1haj\u00ed efektivn\u011b zvedat a nakl\u00e1n\u011bt zbo\u017e\u00ed.<\/li>\n<\/ul>\n<h2>Konstruk\u010dn\u00ed aspekty a krit\u00e9ria v\u00fdb\u011bru<\/h2>\n<p>P\u0159i navrhov\u00e1n\u00ed kore\u010dkov\u00fdch v\u00e1lc\u016f se bere v \u00favahu n\u011bkolik faktor\u016f:<\/p>\n<ul>\n<li>\u00danosnost: V\u00e1lec by m\u011bl b\u00fdt schopen odolat po\u017eadovan\u00e9mu zat\u00ed\u017een\u00ed bez poruchy.<\/li>\n<li>T\u011bsn\u011bn\u00ed: Pro zaji\u0161t\u011bn\u00ed spr\u00e1vn\u00e9ho ut\u011bsn\u011bn\u00ed se pou\u017e\u00edvaj\u00ed r\u016fzn\u00e9 t\u011bsnic\u00ed komponenty, jako jsou t\u011bsn\u011bn\u00ed p\u00edst\u016f a p\u00edstnic. Tato t\u011bsn\u011bn\u00ed jsou vyrobena z materi\u00e1l\u016f odoln\u00fdch proti opot\u0159eben\u00ed, jako je polyuretan a nitrilov\u00e1 pry\u017e.<\/li>\n<li>Trvanlivost: T\u011bleso v\u00e1lce a z\u00e1vitov\u00e9 konce proch\u00e1zej\u00ed p\u0159esn\u00fdm zpracov\u00e1n\u00edm pro zlep\u0161en\u00ed odolnosti proti opot\u0159eben\u00ed.<\/li>\n<li>Bezpe\u010dnost: Pro zaji\u0161t\u011bn\u00ed bezpe\u010dn\u00e9ho provozu kore\u010dkov\u00e9ho v\u00e1lce jsou zva\u017eov\u00e1na bezpe\u010dnostn\u00ed opat\u0159en\u00ed.<\/li>\n<li>\u00dadr\u017eba: Kore\u010dkov\u00e9 v\u00e1lce jsou navr\u017eeny pro snadnou \u00fadr\u017ebu a opravy.<\/li>\n<\/ul>\n<p><img decoding=\"async\" src=\"https:\/\/www.hydraulic-cylinders.net\/wp-content\/uploads\/2025\/01\/songte-oil-pipes-and-spare-parts.webp\" alt=\"Obr\u00e1zek produktu\"><\/p>\n<h2>T\u011bsn\u011bn\u00ed a maz\u00e1n\u00ed<\/h2>\n<p>Kore\u010dkov\u00e9 v\u00e1lce pou\u017e\u00edvaj\u00ed r\u016fzn\u00e9 t\u011bsnic\u00ed komponenty, jako jsou t\u011bsn\u011bn\u00ed p\u00edst\u016f a p\u00edstnic, vyroben\u00e9 z materi\u00e1l\u016f odoln\u00fdch proti opot\u0159eben\u00ed, jako je polyuretan a nitrilov\u00e1 pry\u017e. T\u011bleso v\u00e1lce a z\u00e1vitov\u00e9 konce proch\u00e1zej\u00ed p\u0159esn\u00fdm zpracov\u00e1n\u00edm pro zlep\u0161en\u00ed odolnosti proti opot\u0159eben\u00ed. Pro hladk\u00fd provoz je nezbytn\u00e9 pravideln\u00e9 maz\u00e1n\u00ed vhodn\u00fdm mno\u017estv\u00edm hydraulick\u00e9ho oleje.<\/p>\n<h2>Pravideln\u00e1 kontrola a preventivn\u00ed \u00fadr\u017eba<\/h2>\n<p>Pravideln\u00e1 kontrola a preventivn\u00ed \u00fadr\u017eba jsou nezbytn\u00e9 pro dlouhou \u017eivotnost kore\u010dkov\u00e9ho v\u00e1lce. Mezi doporu\u010den\u00e1 opat\u0159en\u00ed pat\u0159\u00ed:<\/p>\n<ul>\n<li>Kontrola p\u0159\u00edpadn\u00fdch net\u011bsnost\u00ed nebo po\u0161kozen\u00ed<\/li>\n<li>Spr\u00e1vn\u00e9 maz\u00e1n\u00ed v\u0161ech pohybliv\u00fdch \u010d\u00e1st\u00ed<\/li>\n<li>Pravideln\u00e1 v\u00fdm\u011bna t\u011bsn\u011bn\u00ed a t\u011bsn\u011bn\u00ed<\/li>\n<li>Kalibra\u010dn\u00ed kontroly pro zaji\u0161t\u011bn\u00ed p\u0159esn\u00e9ho provozu<\/li>\n<\/ul>\n<p><img decoding=\"async\" src=\"https:\/\/www.hydraulic-cylinders.net\/wp-content\/uploads\/2025\/01\/songte-chushion-collar.webp\" alt=\"Obr\u00e1zek produktu\"><\/p>\n<h2>Bezpe\u010dnostn\u00ed aspekty a faktory prost\u0159ed\u00ed<\/h2>\n<p>P\u0159i pou\u017e\u00edv\u00e1n\u00ed kore\u010dkov\u00fdch v\u00e1lc\u016f je nanejv\u00fd\u0161 d\u016fle\u017eit\u00e9 dodr\u017eovat bezpe\u010dnostn\u00ed opat\u0159en\u00ed. Bezpe\u010dnostn\u00ed opat\u0159en\u00ed by m\u011bla b\u00fdt dodr\u017eov\u00e1na, aby se p\u0159ede\u0161lo nehod\u00e1m a zajistila se pohoda obsluhy a okoln\u00edho prost\u0159ed\u00ed.<\/p>\n<h2>Diagnostika z\u00e1vad a b\u011b\u017en\u00e9 probl\u00e9my<\/h2>\n<p>Mezi b\u011b\u017en\u00e9 probl\u00e9my, kter\u00e9 se mohou vyskytnout s kore\u010dkov\u00fdmi v\u00e1lci, pat\u0159\u00ed:<\/p>\n<ul>\n<li>\u00danik hydraulick\u00e9ho oleje<\/li>\n<li>Sn\u00ed\u017een\u00fd v\u00fdkon nebo ztr\u00e1ta energie<\/li>\n<li>Abnorm\u00e1ln\u00ed zvuky b\u011bhem provozu<\/li>\n<\/ul>\n<p>Pro \u0159e\u0161en\u00ed t\u011bchto probl\u00e9m\u016f v\u00e1m n\u00e1sleduj\u00edc\u00ed tipy a \u0159e\u0161en\u00ed mohou pomoci diagnostikovat a efektivn\u011b vy\u0159e\u0161it probl\u00e9my. Krom\u011b toho lze zav\u00e9st preventivn\u00ed opat\u0159en\u00ed k minimalizaci potenci\u00e1ln\u00edch probl\u00e9m\u016f.<\/p>\n<p><img decoding=\"async\" src=\"https:\/\/www.hydraulic-cylinders.net\/wp-content\/uploads\/2025\/01\/songte-bushings-with-all-kinds-of-excavator-models.webp\" alt=\"Obr\u00e1zek produktu\"><\/p>\n<h2>\u00dakoly \u00fadr\u017eby<\/h2>\n<p>Mezi t\u0159i b\u011b\u017en\u00e9 \u00fakony \u00fadr\u017eby kore\u010dkov\u00fdch v\u00e1lc\u016f pat\u0159\u00ed:<\/p>\n<ul>\n<li>Pravideln\u00e9 kontroly<\/li>\n<li>Spr\u00e1vn\u00e9 maz\u00e1n\u00ed<\/li>\n<li>V\u00fdm\u011bna t\u011bsn\u011bn\u00ed a kontrola kalibrace<\/li>\n<\/ul>\n<p>Spr\u00e1vn\u00e1 instalace, maz\u00e1n\u00ed a se\u0159\u00edzen\u00ed jsou z\u00e1sadn\u00ed a b\u011bhem instalace je poskytov\u00e1no spr\u00e1vn\u00e9 veden\u00ed pro zarovn\u00e1n\u00ed. K upevn\u011bn\u00ed v\u00e1lce se doporu\u010duje pou\u017e\u00edt vhodn\u00e9 mont\u00e1\u017en\u00ed konzoly. Pro prodlou\u017een\u00ed \u017eivotnosti kore\u010dkov\u00e9ho v\u00e1lce jsou uvedeny doporu\u010den\u00e9 postupy pro kontrolu, opravu a v\u00fdm\u011bnu.<\/p>\n<h2>O na\u0161\u00ed spole\u010dnosti<\/h2>\n<p>Jsme v\u00fdrobcem n\u00e1hradn\u00edch hydraulick\u00fdch v\u00e1lc\u016f a nab\u00edz\u00edme \u0161irokou \u0161k\u00e1lu produkt\u016f. Jsme jedn\u00edm z p\u0159edn\u00edch v\u00fdrobc\u016f a velkoobchodn\u00edch distributor\u016f hydraulick\u00fdch v\u00e1lc\u016f na dom\u00e1c\u00edm i mezin\u00e1rodn\u00edm trhu. Se zam\u011b\u0159en\u00edm na vynikaj\u00edc\u00ed kvalitu a industrializovan\u00e9 strategie \u0159\u00edzen\u00ed v\u00fdroby v na\u0161ich sofistikovan\u00fdch v\u00fdrobn\u00edch d\u00edln\u00e1ch neust\u00e1le vylep\u0161ujeme na\u0161i v\u00fdrobn\u00ed platformu a zdokonalujeme v\u00fdrobn\u00ed postupy pro dosa\u017een\u00ed kvality produkt\u016f. M\u00e1me siln\u00e9 tv\u016fr\u010d\u00ed schopnosti a sna\u017e\u00edme se uspokojovat rozmanit\u00e9 pot\u0159eby z\u00e1kazn\u00edk\u016f s vysokou efektivitou, p\u0159esnost\u00ed a kvalitou.<\/p>\n<p><img decoding=\"async\" src=\"https:\/\/www.hydraulic-cylinders.net\/wp-content\/uploads\/2025\/01\/songte-company-3.webp\" alt=\"Image spole\u010dnosti\"><\/p>\n<h2>P\u0159ehled spole\u010dnosti<\/h2>\n<ul>\n<li>Profesionalita: Disponujeme technick\u00fdmi znalostmi a \u0159\u00edd\u00edme se mezin\u00e1rodn\u00edmi certifikacemi.<\/li>\n<li>P\u0159izp\u016fsoben\u00ed: Nab\u00edz\u00edme slu\u017eby na m\u00edru, kter\u00e9 spl\u0148uj\u00ed specifick\u00e9 po\u017eadavky.<\/li>\n<li>V\u00fdrobn\u00ed za\u0159\u00edzen\u00ed: Pou\u017e\u00edv\u00e1me modern\u00ed v\u00fdrobn\u00ed za\u0159\u00edzen\u00ed.<\/li>\n<li>Poprodejn\u00ed servis: Poskytujeme komplexn\u00ed poprodejn\u00ed servis.<\/li>\n<\/ul>\n<p>Autor: lyl<\/p>\n<p><img decoding=\"async\" src=\"https:\/\/hzpt.com\/wp-content\/uploads\/2024\/11\/songte-company-1.webp\" alt=\"Image spole\u010dnosti\"><\/p>\n<p><\/body><br \/>\n<\/html><\/p>","protected":false},"excerpt":{"rendered":"<p>Bucket Cylinder For JCB Small Excavator JS13LC Bucket Cylinder For JCB Small Excavator JS13LC Introduction A bucket cylinder is a specially designed hydraulic cylinder used to control the movement of the bucket in heavy machinery such as excavators, backhoe loaders, and front loaders. Its main function is to enable the lifting, lowering, and tilting of [&hellip;]<\/p>","protected":false},"featured_media":14787,"comment_status":"open","ping_status":"closed","template":"","meta":{"_et_pb_use_builder":"","_et_pb_old_content":"","_et_gb_content_width":""},"product_brand":[],"product_cat":[1494],"product_tag":[1495,1496],"class_list":{"0":"post-15194","1":"product","2":"type-product","3":"status-publish","4":"has-post-thumbnail","6":"product_cat-bucket-cylinders","7":"product_tag-bucket-cylinders","8":"product_tag-hydraulic-cylinders","10":"first","11":"instock","12":"shipping-taxable","13":"product-type-simple"},"amp_enabled":true,"_links":{"self":[{"href":"https:\/\/www.hydraulic-cylinders.net\/cs\/wp-json\/wp\/v2\/product\/15194","targetHints":{"allow":["GET"]}}],"collection":[{"href":"https:\/\/www.hydraulic-cylinders.net\/cs\/wp-json\/wp\/v2\/product"}],"about":[{"href":"https:\/\/www.hydraulic-cylinders.net\/cs\/wp-json\/wp\/v2\/types\/product"}],"replies":[{"embeddable":true,"href":"https:\/\/www.hydraulic-cylinders.net\/cs\/wp-json\/wp\/v2\/comments?post=15194"}],"wp:featuredmedia":[{"embeddable":true,"href":"https:\/\/www.hydraulic-cylinders.net\/cs\/wp-json\/wp\/v2\/media\/14787"}],"wp:attachment":[{"href":"https:\/\/www.hydraulic-cylinders.net\/cs\/wp-json\/wp\/v2\/media?parent=15194"}],"wp:term":[{"taxonomy":"product_brand","embeddable":true,"href":"https:\/\/www.hydraulic-cylinders.net\/cs\/wp-json\/wp\/v2\/product_brand?post=15194"},{"taxonomy":"product_cat","embeddable":true,"href":"https:\/\/www.hydraulic-cylinders.net\/cs\/wp-json\/wp\/v2\/product_cat?post=15194"},{"taxonomy":"product_tag","embeddable":true,"href":"https:\/\/www.hydraulic-cylinders.net\/cs\/wp-json\/wp\/v2\/product_tag?post=15194"}],"curies":[{"name":"wp","href":"https:\/\/api.w.org\/{rel}","templated":true}]}}