{"id":15198,"date":"2025-01-19T14:13:39","date_gmt":"2025-01-19T14:13:39","guid":{"rendered":"https:\/\/www.hydraulic-cylinders.net\/product\/bucket-cylinder-for-jcb-small-excavator-js290lc\/"},"modified":"2025-01-19T14:13:41","modified_gmt":"2025-01-19T14:13:41","slug":"bucket-cylinder-for-jcb-small-excavator-js290lc","status":"publish","type":"product","link":"https:\/\/www.hydraulic-cylinders.net\/cs\/produkt\/bucket-cylinder-for-jcb-small-excavator-js290lc\/","title":{"rendered":"V\u00e1lec l\u017e\u00edce pro mal\u00e9 rypadlo JCB JS290LC"},"content":{"rendered":"<p><!DOCTYPE html><br \/>\n<html><\/p>\n<p><head><br \/>\n    <title>V\u00e1lec l\u017e\u00edce pro mal\u00e9 rypadlo JCB JS290LC<\/title><br \/>\n<\/head><\/p>\n<p><body><\/p>\n<h1>V\u00e1lec l\u017e\u00edce pro mal\u00e9 rypadlo JCB JS290LC<\/h1>\n<h2>Zaveden\u00ed<\/h2>\n<p>Hydraulick\u00fd v\u00e1lec l\u017e\u00edce je speci\u00e1ln\u011b navr\u017een\u00fd hydraulick\u00fd v\u00e1lec pou\u017e\u00edvan\u00fd k ovl\u00e1d\u00e1n\u00ed pohybu l\u017e\u00edce v t\u011b\u017ek\u00fdch stroj\u00edch, jako jsou rypadla, rypadla-naklada\u010de a kolov\u00e9 naklada\u010de. Jeho hlavn\u00ed funkc\u00ed je umo\u017enit zved\u00e1n\u00ed, spou\u0161t\u011bn\u00ed a nakl\u00e1p\u011bn\u00ed l\u017e\u00edce, co\u017e usnad\u0148uje r\u016fzn\u00e9 \u00fakoly manipulace s materi\u00e1lem. V hydraulick\u00e9m syst\u00e9mu dosahuje v\u00e1lec l\u017e\u00edce p\u0159esn\u00e9ho ovl\u00e1d\u00e1n\u00ed l\u017e\u00edce vyu\u017eit\u00edm zm\u011bn tlaku hydraulick\u00e9ho oleje, co\u017e umo\u017e\u0148uje obsluze efektivn\u011b manipulovat s t\u011b\u017ek\u00fdmi b\u0159emeny a p\u0159izp\u016fsobovat se slo\u017eit\u00fdm pracovn\u00edm prost\u0159ed\u00edm a rozmanit\u00fdm provozn\u00edm po\u017eadavk\u016fm.<\/p>\n<p>    <img decoding=\"async\" src=\"https:\/\/www.hydraulic-cylinders.net\/wp-content\/uploads\/2025\/01\/songte-company-2.webp\"><\/p>\n<h2>Funkce<\/h2>\n<ul>\n<li>Vysok\u00e1 pevnost a trvanlivost: Obvykle jsou vyrobeny z vysokopevnostn\u00ed oceli nebo hlin\u00edku, jsou schopny odolat vysok\u00e9mu tlaku a t\u011b\u017ek\u00e9mu zat\u00ed\u017een\u00ed, p\u0159izp\u016fsobuj\u00ed se n\u00e1ro\u010dn\u00fdm pracovn\u00edm prost\u0159ed\u00edm a jsou navr\u017eeny s ohledem na odolnost proti opot\u0159eben\u00ed a korozi pro prodlou\u017een\u00ed \u017eivotnosti.<\/li>\n<li>Efektivn\u00ed hydraulick\u00fd provoz: Vyu\u017e\u00edv\u00e1 tlak hydraulick\u00e9ho oleje k dosa\u017een\u00ed plynul\u00e9ho vysouv\u00e1n\u00ed a zasouv\u00e1n\u00ed, je schopen rychl\u00e9 reakce na \u0159\u00eddic\u00ed povely a poskytuje siln\u00e9 tla\u010dn\u00e9 a ta\u017en\u00e9 s\u00edly, vhodn\u00e9 pro manipulaci s t\u011b\u017ek\u00fdmi b\u0159emeny a slo\u017eit\u00e9 provozn\u00ed \u00fakoly.<\/li>\n<li>R\u016fzn\u00e9 typy: Podle pot\u0159eby lze zvolit jako jedno\u010dinn\u00e9 (hydraulicky ovl\u00e1dan\u00e9 pouze v jednom sm\u011bru) nebo dvoj\u010dinn\u00e9 (hydraulicky ovl\u00e1dan\u00e9 ve dvou sm\u011brech) v\u00e1lce, n\u011bkter\u00e9 modely jsou teleskopick\u00e9, co\u017e umo\u017e\u0148uje v\u011bt\u0161\u00ed v\u00fdsuv bez zv\u011bt\u0161en\u00ed vn\u011bj\u0161\u00edch rozm\u011br\u016f, vhodn\u00e9 pro aplikace s omezen\u00fdm prostorem.<\/li>\n<\/ul>\n<p>    <img decoding=\"async\" src=\"https:\/\/www.hydraulic-cylinders.net\/wp-content\/uploads\/2025\/01\/songte-cylinder-head-with-all-kinds-excavator-models.webp\"><\/p>\n<h2>Aplikace<\/h2>\n<ul>\n<li>Stavebn\u00ed za\u0159\u00edzen\u00ed: Nach\u00e1zej\u00ed se v bagrech a jsou kl\u00ed\u010dov\u00e9 pro kop\u00e1n\u00ed, nakl\u00e1d\u00e1n\u00ed a p\u0159emis\u0165ov\u00e1n\u00ed zeminy nebo suti. U rypadlo-naklada\u010d\u016f pom\u00e1h\u00e1 v\u00e1lec l\u017e\u00edce p\u0159i kop\u00e1n\u00ed i zved\u00e1n\u00ed.<\/li>\n<li>Zem\u011bd\u011blsk\u00e9 stroje: Pou\u017e\u00edvaj\u00ed se v \u010deln\u00edch naklada\u010d\u00edch pro nab\u00edr\u00e1n\u00ed, zved\u00e1n\u00ed a p\u0159epravu p\u016fdy, sena a dal\u0161\u00edch materi\u00e1l\u016f.<\/li>\n<li>Rypadla: V\u00e1lec l\u017e\u00edce umo\u017e\u0148uje kop\u00e1n\u00ed t\u00edm, \u017ee umo\u017e\u0148uje l\u017e\u00edci proniknout do p\u016fdy.<\/li>\n<li>Kolov\u00e9 naklada\u010de: Kolov\u00e9 naklada\u010de pom\u00e1haj\u00ed s efektivn\u00edm zved\u00e1n\u00edm a vykl\u00e1dkou zbo\u017e\u00ed.<\/li>\n<\/ul>\n<h2>\u00davahy o n\u00e1vrhu a standardy v\u00fdb\u011bru<\/h2>\n<ul>\n<li>\u00danosnost: V\u00e1lec kore\u010dkov\u00e9ho v\u00e1lce je navr\u017een tak, aby odolal specifick\u00e9mu zat\u00ed\u017een\u00ed, a mus\u00ed b\u00fdt vybr\u00e1n na z\u00e1klad\u011b zam\u00fd\u0161len\u00e9ho pou\u017eit\u00ed.<\/li>\n<li>T\u011bsn\u011bn\u00ed: K zaji\u0161t\u011bn\u00ed spr\u00e1vn\u00e9ho ut\u011bsn\u011bn\u00ed a zabr\u00e1n\u011bn\u00ed \u00faniku se pou\u017e\u00edvaj\u00ed r\u016fzn\u00e9 t\u011bsnic\u00ed komponenty, jako jsou t\u011bsn\u011bn\u00ed p\u00edst\u016f a t\u011bsn\u011bn\u00ed p\u00edstnic.<\/li>\n<li>Trvanlivost: Konstruk\u010dn\u00ed materi\u00e1ly a povrchov\u00e1 \u00faprava v\u00e1lce jsou zvoleny tak, aby se zv\u00fd\u0161ila odolnost proti opot\u0159eben\u00ed.<\/li>\n<li>Bezpe\u010dnost: Pro prevenci nehod jsou zabudov\u00e1ny bezpe\u010dnostn\u00ed prvky, jako jsou p\u0159etlakov\u00e9 ventily.<\/li>\n<li>\u00dadr\u017eba: Je t\u0159eba db\u00e1t na snadn\u00fd p\u0159\u00edstup ke komponent\u016fm pro \u00fa\u010dely \u00fadr\u017eby a oprav.<\/li>\n<\/ul>\n<p>    <img decoding=\"async\" src=\"https:\/\/www.hydraulic-cylinders.net\/wp-content\/uploads\/2025\/01\/songte-oil-pipes-and-spare-parts.webp\"><\/p>\n<h2>T\u011bsn\u011bn\u00ed a maz\u00e1n\u00ed<\/h2>\n<p>Kore\u010dkov\u00fd v\u00e1lec vyu\u017e\u00edv\u00e1 r\u016fzn\u00e1 t\u011bsn\u011bn\u00ed, jako jsou p\u00edstn\u00ed t\u011bsn\u011bn\u00ed a t\u011bsn\u011bn\u00ed p\u00edstnice, vyroben\u00e1 z materi\u00e1l\u016f odoln\u00fdch proti opot\u0159eben\u00ed, jako je polyuretan a nitrilov\u00e1 pry\u017e. T\u011bleso v\u00e1lce a z\u00e1vitov\u00e9 konce proch\u00e1zej\u00ed p\u0159esn\u00fdm zpracov\u00e1n\u00edm pro zlep\u0161en\u00ed odolnosti proti opot\u0159eben\u00ed. Pro zaji\u0161t\u011bn\u00ed plynul\u00e9ho provozu je nezbytn\u00e9 pravideln\u00e9 maz\u00e1n\u00ed vhodn\u00fdm mno\u017estv\u00edm hydraulick\u00e9ho oleje.<\/p>\n<h2>Pravideln\u00e1 kontrola a preventivn\u00ed \u00fadr\u017eba<\/h2>\n<ul>\n<li>Pravideln\u00e9 kontroly by m\u011bly b\u00fdt prov\u00e1d\u011bny, aby se zjistily p\u0159\u00edpadn\u00e9 zn\u00e1mky opot\u0159eben\u00ed, po\u0161kozen\u00ed nebo net\u011bsnosti.<\/li>\n<li>Aby se zabr\u00e1nilo nadm\u011brn\u00e9mu t\u0159en\u00ed a p\u0159ed\u010dasn\u00e9mu opot\u0159eben\u00ed, je t\u0159eba udr\u017eovat spr\u00e1vn\u00e9 maz\u00e1n\u00ed.<\/li>\n<li>T\u011bsn\u011bn\u00ed by m\u011bla b\u00fdt vym\u011bn\u011bna, pokud jsou zji\u0161t\u011bny zn\u00e1mky opot\u0159eben\u00ed nebo po\u0161kozen\u00ed.<\/li>\n<li>Pro zaji\u0161t\u011bn\u00ed p\u0159esn\u00e9ho provozu by m\u011bly b\u00fdt provedeny kalibra\u010dn\u00ed kontroly.<\/li>\n<\/ul>\n<h2>Pr\u016fvodce spr\u00e1vnou instalac\u00ed produktu<\/h2>\n<p>Spr\u00e1vn\u00e1 instalace kore\u010dkov\u00e9ho v\u00e1lce je nezbytn\u00e1 pro jeho optim\u00e1ln\u00ed v\u00fdkon. B\u011bhem instalace je d\u016fle\u017eit\u00e9 v\u00e1lec spr\u00e1vn\u011b vyrovnat. Pro zaji\u0161t\u011bn\u00ed v\u00e1lce na m\u00edst\u011b se doporu\u010duje pou\u017eit\u00ed vhodn\u00fdch mont\u00e1\u017en\u00edch konzol. Dodr\u017eov\u00e1n\u00ed doporu\u010den\u00fdch postup\u016f kontroly, opravy a v\u00fdm\u011bny pom\u016f\u017ee prodlou\u017eit \u017eivotnost v\u00e1lce.<\/p>\n<p>    <img decoding=\"async\" src=\"https:\/\/www.hydraulic-cylinders.net\/wp-content\/uploads\/2025\/01\/songte-chushion-collar.webp\"><\/p>\n<h2>Bezpe\u010dnostn\u00ed aspekty a faktory prost\u0159ed\u00ed<\/h2>\n<p>P\u0159i pou\u017e\u00edv\u00e1n\u00ed kore\u010dkov\u00e9ho v\u00e1lce je d\u016fle\u017eit\u00e9 up\u0159ednostnit bezpe\u010dnostn\u00ed opat\u0159en\u00ed, aby se p\u0159ede\u0161lo nehod\u00e1m a zajistila se pohoda obsluhy a okoln\u00edho person\u00e1lu. Dodr\u017eov\u00e1n\u00ed bezpe\u010dnostn\u00edch protokol\u016f a pokyn\u016f je z\u00e1sadn\u00ed.<\/p>\n<h2>Diagnostika z\u00e1vad a b\u011b\u017en\u00e9 probl\u00e9my<\/h2>\n<p>Mezi b\u011b\u017en\u00e9 probl\u00e9my s v\u00e1lcem kore\u010dkov\u00e9ho motoru pat\u0159\u00ed net\u011bsnost, nedostate\u010dn\u00fd v\u00fdkon a abnorm\u00e1ln\u00ed pohyby. M\u011bly by b\u00fdt poskytnuty tipy a \u0159e\u0161en\u00ed probl\u00e9m\u016f, kter\u00e9 \u010dten\u00e1\u0159\u016fm pomohou tyto probl\u00e9my efektivn\u011b diagnostikovat a \u0159e\u0161it. D\u016fraz na preventivn\u00ed opat\u0159en\u00ed m\u016f\u017ee pomoci minimalizovat potenci\u00e1ln\u00ed probl\u00e9my.<\/p>\n<p>    <img decoding=\"async\" src=\"https:\/\/www.hydraulic-cylinders.net\/wp-content\/uploads\/2025\/01\/songte-bushings-with-all-kinds-of-excavator-models.webp\"><\/p>\n<h2>Z\u00e1v\u011br<\/h2>\n<p>Z\u00e1v\u011brem lze \u0159\u00edci, \u017ee v\u00e1lec kope\u010dku pro mal\u00e9 rypadlo JCB JS290LC hraje z\u00e1sadn\u00ed roli v efektivn\u00edm provozu t\u011b\u017ek\u00fdch stroj\u016f. Nab\u00edz\u00ed vysokou pevnost, odolnost a efektivn\u00ed hydraulick\u00e9 ovl\u00e1d\u00e1n\u00ed, d\u00edky \u010demu\u017e je vhodn\u00fd pro r\u016fzn\u00e9 aplikace ve stavebnictv\u00ed, zem\u011bd\u011blstv\u00ed a v\u00fdkopov\u00fdch prac\u00edch. Spr\u00e1vn\u00e9 konstruk\u010dn\u00ed aspekty, t\u011bsn\u011bn\u00ed, maz\u00e1n\u00ed, \u00fadr\u017eba a bezpe\u010dnostn\u00ed opat\u0159en\u00ed jsou kl\u00ed\u010dov\u00e9 pro optim\u00e1ln\u00ed v\u00fdkon a dlouhou \u017eivotnost. Jako p\u0159edn\u00ed v\u00fdrobce a velkoobchodn\u00edk s hydraulick\u00fdmi v\u00e1lci se na\u0161e spole\u010dnost zavazuje poskytovat \u0161irokou \u0161k\u00e1lu vysoce kvalitn\u00edch produkt\u016f, slu\u017eby na m\u00edru a spolehlivou poprodejn\u00ed podporu.<\/p>\n<p>    <img decoding=\"async\" src=\"https:\/\/www.hydraulic-cylinders.net\/wp-content\/uploads\/2025\/01\/songte-company-3.webp\"><\/p>\n<p>Autor: lyl<\/p>\n<p><\/body><\/p>\n<p><\/html><\/p>","protected":false},"excerpt":{"rendered":"<p>Bucket Cylinder For JCB Small Excavator JS290LC Bucket Cylinder For JCB Small Excavator JS290LC Introduction The bucket cylinder is a specifically designed hydraulic cylinder used to control the movement of the bucket in heavy machinery such as excavators, backhoe loaders, and wheel loaders. Its main function is to enable the lifting, lowering, and tilting of [&hellip;]<\/p>","protected":false},"featured_media":14780,"comment_status":"open","ping_status":"closed","template":"","meta":{"_et_pb_use_builder":"","_et_pb_old_content":"","_et_gb_content_width":""},"product_brand":[],"product_cat":[1494],"product_tag":[1495,1496],"class_list":{"0":"post-15198","1":"product","2":"type-product","3":"status-publish","4":"has-post-thumbnail","6":"product_cat-bucket-cylinders","7":"product_tag-bucket-cylinders","8":"product_tag-hydraulic-cylinders","10":"first","11":"instock","12":"shipping-taxable","13":"product-type-simple"},"amp_enabled":true,"_links":{"self":[{"href":"https:\/\/www.hydraulic-cylinders.net\/cs\/wp-json\/wp\/v2\/product\/15198","targetHints":{"allow":["GET"]}}],"collection":[{"href":"https:\/\/www.hydraulic-cylinders.net\/cs\/wp-json\/wp\/v2\/product"}],"about":[{"href":"https:\/\/www.hydraulic-cylinders.net\/cs\/wp-json\/wp\/v2\/types\/product"}],"replies":[{"embeddable":true,"href":"https:\/\/www.hydraulic-cylinders.net\/cs\/wp-json\/wp\/v2\/comments?post=15198"}],"wp:featuredmedia":[{"embeddable":true,"href":"https:\/\/www.hydraulic-cylinders.net\/cs\/wp-json\/wp\/v2\/media\/14780"}],"wp:attachment":[{"href":"https:\/\/www.hydraulic-cylinders.net\/cs\/wp-json\/wp\/v2\/media?parent=15198"}],"wp:term":[{"taxonomy":"product_brand","embeddable":true,"href":"https:\/\/www.hydraulic-cylinders.net\/cs\/wp-json\/wp\/v2\/product_brand?post=15198"},{"taxonomy":"product_cat","embeddable":true,"href":"https:\/\/www.hydraulic-cylinders.net\/cs\/wp-json\/wp\/v2\/product_cat?post=15198"},{"taxonomy":"product_tag","embeddable":true,"href":"https:\/\/www.hydraulic-cylinders.net\/cs\/wp-json\/wp\/v2\/product_tag?post=15198"}],"curies":[{"name":"wp","href":"https:\/\/api.w.org\/{rel}","templated":true}]}}