{"id":15200,"date":"2025-01-19T14:13:46","date_gmt":"2025-01-19T14:13:46","guid":{"rendered":"https:\/\/www.hydraulic-cylinders.net\/product\/bucket-cylinder-for-caterpillar-small-excavator-e70-70b\/"},"modified":"2025-01-19T14:13:54","modified_gmt":"2025-01-19T14:13:54","slug":"bucket-cylinder-for-caterpillar-small-excavator-e70-70b","status":"publish","type":"product","link":"https:\/\/www.hydraulic-cylinders.net\/cs\/produkt\/bucket-cylinder-for-caterpillar-small-excavator-e70-70b\/","title":{"rendered":"V\u00e1lec kope\u010dku pro mal\u00e9 rypadlo Caterpillar E70\/70B"},"content":{"rendered":"<h1>V\u00e1lec kope\u010dku pro mal\u00e9 rypadlo Caterpillar E70\/70B<\/h1>\n<h2>Zaveden\u00ed<\/h2>\n<p>Hydraulick\u00fd v\u00e1lec kope\u010dku je speci\u00e1ln\u011b navr\u017een\u00fd hydraulick\u00fd v\u00e1lec, kter\u00fd se prim\u00e1rn\u011b pou\u017e\u00edv\u00e1 k ovl\u00e1d\u00e1n\u00ed pohybu kope\u010dku v t\u011b\u017ek\u00fdch stroj\u00edch, jako jsou bagry, rypadla a \u010deln\u00ed naklada\u010de. Jeho hlavn\u00ed funkc\u00ed je umo\u017enit kope\u010dku prov\u00e1d\u011bt zdvihac\u00ed, spou\u0161t\u011bc\u00ed a nakl\u00e1p\u011bc\u00ed operace, co\u017e usnad\u0148uje r\u016fzn\u00e9 \u00fakoly manipulace s materi\u00e1lem. V hydraulick\u00e9m syst\u00e9mu dosahuje v\u00e1lec kope\u010dku p\u0159esn\u00e9ho ovl\u00e1d\u00e1n\u00ed kope\u010dku zm\u011bnami tlaku hydraulick\u00e9ho oleje, co\u017e umo\u017e\u0148uje obsluze efektivn\u011b manipulovat s t\u011b\u017ek\u00fdmi b\u0159emeny a p\u0159izp\u016fsobovat se slo\u017eit\u00fdm pracovn\u00edm prost\u0159ed\u00edm a rozmanit\u00fdm provozn\u00edm po\u017eadavk\u016fm.<\/p>\n<p><img decoding=\"async\" src=\"https:\/\/www.hydraulic-cylinders.net\/wp-content\/uploads\/2025\/01\/songte-company-2.webp\" alt=\"Kbel\u00edkov\u00fd v\u00e1lec\"><\/p>\n<h2>Funkce<\/h2>\n<ul>\n<li>Vysok\u00e1 pevnost a odolnost: Obvykle vyrobeno z vysokopevnostn\u00ed oceli nebo hlin\u00edku, odol\u00e1v\u00e1 vysok\u00e9mu tlaku a t\u011b\u017ek\u00e9mu zat\u00ed\u017een\u00ed, vhodn\u00e9 pro n\u00e1ro\u010dn\u00e9 pracovn\u00ed prost\u0159ed\u00ed, navr\u017eeno s ohledem na odolnost proti opot\u0159eben\u00ed a korozi, \u010d\u00edm\u017e se prodlu\u017euje \u017eivotnost.<\/li>\n<li>Efektivn\u00ed hydraulick\u00fd provoz: Plynul\u00e9ho vysouv\u00e1n\u00ed a zasouv\u00e1n\u00ed se dosahuje vyu\u017eit\u00edm tlaku hydraulick\u00e9ho oleje, co\u017e umo\u017e\u0148uje rychlou reakci na \u0159\u00eddic\u00ed povely, poskytuje siln\u00e9 tla\u010dn\u00e9 a ta\u017en\u00e9 s\u00edly a je vhodn\u00e9 pro manipulaci s t\u011b\u017ek\u00fdmi b\u0159emeny a slo\u017eit\u00e9 provozn\u00ed \u00fakoly.<\/li>\n<li>R\u016fzn\u00e9 typy: Jedno\u010dinn\u00e9 (hydraulicky ovl\u00e1dan\u00e9 pouze v jednom sm\u011bru) nebo dvoj\u010dinn\u00e9 (hydraulicky ovl\u00e1dan\u00e9 v obou sm\u011brech) v\u00e1lce lze zvolit dle pot\u0159eb a provozn\u00edch po\u017eadavk\u016f. N\u011bkter\u00e9 modely jsou teleskopick\u00e9, co\u017e umo\u017e\u0148uje v\u011bt\u0161\u00ed v\u00fdsuv bez zv\u011bt\u0161en\u00ed vn\u011bj\u0161\u00edch rozm\u011br\u016f, a jsou vhodn\u00e9 pro aplikace s omezen\u00fdm prostorem.<\/li>\n<li>Snadn\u00e1 instalace: Lze snadno nainstalovat m\u00edsto p\u016fvodn\u00edho v\u00e1lce, co\u017e \u0161et\u0159\u00ed \u010das a n\u00e1klady na pr\u00e1ci. P\u0159izp\u016fsobiteln\u00e9 dle po\u017eadavk\u016f z\u00e1kazn\u00edka.<\/li>\n<li>Univerz\u00e1ln\u00ed kompatibilita: M\u016f\u017ee nahradit r\u016fzn\u00e9 hydraulick\u00e9 v\u00e1lce a poskytuje tak cenov\u011b efektivn\u00ed \u0159e\u0161en\u00ed pro \u00fadr\u017ebu a opravy za\u0159\u00edzen\u00ed.<\/li>\n<\/ul>\n<p><img decoding=\"async\" src=\"https:\/\/www.hydraulic-cylinders.net\/wp-content\/uploads\/2025\/01\/songte-cylinder-head-with-all-kinds-excavator-models.webp\" alt=\"Hlava v\u00e1lc\u016f\"><\/p>\n<h2>Aplikace<\/h2>\n<p>Kore\u010dkov\u00fd v\u00e1lec se \u0161iroce pou\u017e\u00edv\u00e1 v r\u016fzn\u00fdch t\u011b\u017ek\u00fdch stroj\u00edch, v\u010detn\u011b:<\/p>\n<ul>\n<li>Stavebn\u00ed stroje: U bagr\u016f jsou nezbytn\u00e9 pro kop\u00e1n\u00ed, nakl\u00e1d\u00e1n\u00ed a p\u0159emis\u0165ov\u00e1n\u00ed zeminy nebo suti. U rypadlo-naklada\u010d\u016f pom\u00e1haj\u00ed kore\u010dkov\u00e9 v\u00e1lce p\u0159i kop\u00e1n\u00ed a zved\u00e1n\u00ed. <\/li>\n<li>Zem\u011bd\u011blsk\u00e9 stroje: Pou\u017e\u00edvaj\u00ed se v \u010deln\u00edch naklada\u010d\u00edch pro nab\u00edr\u00e1n\u00ed, zved\u00e1n\u00ed a p\u0159epravu p\u016fdy, sena a dal\u0161\u00edch materi\u00e1l\u016f. <\/li>\n<li>Za\u0159\u00edzen\u00ed pro manipulaci s materi\u00e1lem: Pou\u017e\u00edv\u00e1 se ve vysokozdvi\u017en\u00fdch voz\u00edc\u00edch a jin\u00fdch pr\u016fmyslov\u00fdch vozidlech ke zved\u00e1n\u00ed, p\u0159eprav\u011b a stohov\u00e1n\u00ed zbo\u017e\u00ed.<\/li>\n<\/ul>\n<h2>Konstruk\u010dn\u00ed aspekty a krit\u00e9ria v\u00fdb\u011bru<\/h2>\n<p>Konstrukce kore\u010dkov\u00e9ho v\u00e1lce je kl\u00ed\u010dov\u00e1 pro jeho v\u00fdkon a trvanlivost. Mezi kl\u00ed\u010dov\u00e9 aspekty pat\u0159\u00ed:<\/p>\n<ul>\n<li>\u00danosnost: V\u00e1lec mus\u00ed b\u00fdt schopen zvl\u00e1dnout o\u010dek\u00e1van\u00e9 zat\u00ed\u017een\u00ed bez poruchy nebo po\u0161kozen\u00ed.<\/li>\n<li>T\u011bsn\u011bn\u00ed: V\u00e1lec mus\u00ed b\u00fdt ut\u011bsn\u011bn, aby se zabr\u00e1nilo \u00fanik\u016fm a kontaminaci.<\/li>\n<li>Trvanlivost: V\u00e1lec mus\u00ed b\u00fdt schopen odolat o\u010dek\u00e1van\u00e9mu opot\u0159eben\u00ed v d\u016fsledku pou\u017e\u00edv\u00e1n\u00ed v n\u00e1ro\u010dn\u00fdch podm\u00ednk\u00e1ch.<\/li>\n<li>Bezpe\u010dnost: V\u00e1lec mus\u00ed b\u00fdt navr\u017een s bezpe\u010dnostn\u00edmi prvky, aby se zabr\u00e1nilo nehod\u00e1m a zran\u011bn\u00edm.<\/li>\n<li>\u00dadr\u017eba: V\u00e1lec mus\u00ed b\u00fdt navr\u017een pro snadnou \u00fadr\u017ebu a opravy.<\/li>\n<\/ul>\n<p><img decoding=\"async\" src=\"https:\/\/www.hydraulic-cylinders.net\/wp-content\/uploads\/2025\/01\/songte-oil-pipes-and-spare-parts.webp\" alt=\"Olejov\u00e9 trubky a n\u00e1hradn\u00ed d\u00edly\"><\/p>\n<h2>T\u011bsn\u011bn\u00ed a maz\u00e1n\u00ed<\/h2>\n<p>Kore\u010dkov\u00fd v\u00e1lec pou\u017e\u00edv\u00e1 r\u016fzn\u00e9 t\u011bsnic\u00ed komponenty, jako jsou t\u011bsnic\u00ed krou\u017eky p\u00edstu a p\u00edstnice, vyroben\u00e9 z materi\u00e1l\u016f odoln\u00fdch proti opot\u0159eben\u00ed, jako je polyuretan a nitrilov\u00e1 pry\u017e. T\u011bleso v\u00e1lce a z\u00e1vitov\u00e9 koncov\u00e9 plochy jsou jemn\u011b opracov\u00e1ny pro zlep\u0161en\u00ed odolnosti proti opot\u0159eben\u00ed. Pravideln\u00e9 maz\u00e1n\u00ed vhodn\u00fdm hydraulick\u00fdm olejem je nezbytn\u00e9 pro zaji\u0161t\u011bn\u00ed plynul\u00e9ho provozu a prodlou\u017een\u00ed \u017eivotnosti v\u00e1lce.<\/p>\n<h2>\u00dadr\u017eba a opravy<\/h2>\n<p>Regular inspection, lubrication, and replacement of seals are essential for maintaining the bucket cylinder&#8217;s performance and extending its service life. Proper installation, lubrication, and adjustment are critical to ensure the cylinder&#8217;s efficient operation and prevent damage or failure. It is recommended to use appropriate installation brackets to fix the cylinder in place and follow the recommended inspection, repair, and replacement procedures to ensure proper function and safety.<\/p>\n<p><img decoding=\"async\" src=\"https:\/\/www.hydraulic-cylinders.net\/wp-content\/uploads\/2025\/01\/songte-chushion-collar.webp\" alt=\"Chr\u00e1ni\u010dov\u00fd obojek\"><\/p>\n<h2>Bezpe\u010dnostn\u00ed a environment\u00e1ln\u00ed aspekty<\/h2>\n<p>P\u0159i pou\u017e\u00edv\u00e1n\u00ed kbel\u00edkov\u00e9ho v\u00e1lce je nezbytn\u00e9 dodr\u017eovat spr\u00e1vn\u00e9 bezpe\u010dnostn\u00ed postupy, aby se p\u0159ede\u0161lo nehod\u00e1m a zran\u011bn\u00edm. Pravideln\u00e1 \u00fadr\u017eba a kontrola mohou tak\u00e9 pomoci zabr\u00e1nit kontaminaci \u017eivotn\u00edho prost\u0159ed\u00ed v d\u016fsledku \u00faniku kapalin nebo jin\u00e9ho po\u0161kozen\u00ed v\u00e1lce.<\/p>\n<h2>Odstra\u0148ov\u00e1n\u00ed probl\u00e9m\u016f a b\u011b\u017en\u00e9 probl\u00e9my<\/h2>\n<p>Mezi b\u011b\u017en\u00e9 probl\u00e9my s v\u00e1lcem kore\u010dkov\u00e9ho v\u00e1lce pat\u0159\u00ed net\u011bsnost, sn\u00ed\u017een\u00fd v\u00fdkon a nespr\u00e1vn\u00fd provoz. Spr\u00e1vn\u00e1 diagnostika a oprava t\u011bchto probl\u00e9m\u016f vy\u017eaduje zku\u0161enosti a odborn\u00e9 znalosti a m\u011bli by je prov\u00e1d\u011bt pouze vy\u0161kolen\u00ed odborn\u00edci. Pravideln\u00e1 \u00fadr\u017eba a kontroly mohou pomoci t\u011bmto probl\u00e9m\u016fm p\u0159edej\u00edt.<\/p>\n<p><img decoding=\"async\" src=\"https:\/\/www.hydraulic-cylinders.net\/wp-content\/uploads\/2025\/01\/songte-bushings-with-all-kinds-of-excavator-models.webp\" alt=\"Pouzdra\"><\/p>\n<h2>O na\u0161\u00ed spole\u010dnosti<\/h2>\n<p>Jsme v\u00fdrobcem n\u00e1hradn\u00edch hydraulick\u00fdch v\u00e1lc\u016f a p\u0159edn\u00edm v\u00fdrobcem a velkoobchodn\u00edkem hydraulick\u00fdch v\u00e1lc\u016f na dom\u00e1c\u00edm i mezin\u00e1rodn\u00edm trhu. \u0158\u00edd\u00edme se principem excelence v kvalit\u011b a spol\u00e9h\u00e1me na industrializovan\u00e9 strategie \u0159\u00edzen\u00ed v\u00fdroby v jemn\u00fdch v\u00fdrobn\u00edch d\u00edln\u00e1ch. Na\u0161e spole\u010dnost neust\u00e1le vylep\u0161uje v\u00fdrobn\u00ed platformu d\u00edlny od vyu\u017eit\u00ed technick\u00fdch talent\u016f, \u0161pi\u010dkov\u00e9ho digit\u00e1ln\u00edho v\u00fdrobn\u00edho za\u0159\u00edzen\u00ed a\u017e po profesion\u00e1ln\u00ed testovac\u00ed syst\u00e9my s c\u00edlem zlep\u0161it kvalitu v\u00fdrobn\u00edho procesu produktu. Na\u0161e spole\u010dnost m\u00e1 siln\u00e9 tv\u016fr\u010d\u00ed schopnosti a je zalo\u017eena na principech vysok\u00e9 efektivity, vysok\u00e9 p\u0159esnosti a vysok\u00e9 kvality, aby uspokojila rozmanit\u00e9 pot\u0159eby z\u00e1kazn\u00edk\u016f.<\/p>\n<ul>\n<li>Profesionalita: N\u00e1\u0161 t\u00fdm odborn\u00edk\u016f poskytuje profesion\u00e1ln\u00ed slu\u017eby a technickou podporu z\u00e1kazn\u00edk\u016fm z r\u016fzn\u00fdch odv\u011btv\u00ed.<\/li>\n<li>Mezin\u00e1rodn\u00ed certifikace: Na\u0161e v\u00fdrobky pro\u0161ly r\u016fzn\u00fdmi mezin\u00e1rodn\u00edmi certifikacemi, jako jsou ISO a CE.<\/li>\n<li>Slu\u017eby \u00fapravy na m\u00edru: Nab\u00edz\u00edme hydraulick\u00e9 v\u00e1lce na m\u00edru dle po\u017eadavk\u016f a specifikac\u00ed z\u00e1kazn\u00edka.<\/li>\n<li>V\u00fdrobn\u00ed za\u0159\u00edzen\u00ed: Pou\u017e\u00edv\u00e1me modern\u00ed v\u00fdrobn\u00ed za\u0159\u00edzen\u00ed, abychom zajistili kvalitu a p\u0159esnost v\u00fdrobk\u016f.<\/li>\n<li>Poprodejn\u00ed servis: Poskytujeme v\u010dasn\u00fd a efektivn\u00ed poprodejn\u00ed servis, abychom zajistili spokojenost z\u00e1kazn\u00edk\u016f.<\/li>\n<\/ul>\n<p><img decoding=\"async\" src=\"https:\/\/www.hydraulic-cylinders.net\/wp-content\/uploads\/2025\/01\/songte-company-3.webp\" alt=\"Spole\u010dnost\"><\/p>\n<p>Autor: lyl<\/p>","protected":false},"excerpt":{"rendered":"<p>Bucket Cylinder For Caterpillar Small Excavator E70\/70B Introduction A bucket cylinder is a specially designed hydraulic cylinder primarily used to control the movement of the bucket in heavy machinery such as excavators, backhoes, and front-end loaders. Its main function is to enable the bucket to perform lifting, lowering, and tilting operations, making it convenient for [&hellip;]<\/p>","protected":false},"featured_media":14776,"comment_status":"open","ping_status":"closed","template":"","meta":{"_et_pb_use_builder":"","_et_pb_old_content":"","_et_gb_content_width":""},"product_brand":[],"product_cat":[1494],"product_tag":[1495,1496],"class_list":{"0":"post-15200","1":"product","2":"type-product","3":"status-publish","4":"has-post-thumbnail","6":"product_cat-bucket-cylinders","7":"product_tag-bucket-cylinders","8":"product_tag-hydraulic-cylinders","10":"first","11":"instock","12":"shipping-taxable","13":"product-type-simple"},"amp_enabled":true,"_links":{"self":[{"href":"https:\/\/www.hydraulic-cylinders.net\/cs\/wp-json\/wp\/v2\/product\/15200","targetHints":{"allow":["GET"]}}],"collection":[{"href":"https:\/\/www.hydraulic-cylinders.net\/cs\/wp-json\/wp\/v2\/product"}],"about":[{"href":"https:\/\/www.hydraulic-cylinders.net\/cs\/wp-json\/wp\/v2\/types\/product"}],"replies":[{"embeddable":true,"href":"https:\/\/www.hydraulic-cylinders.net\/cs\/wp-json\/wp\/v2\/comments?post=15200"}],"wp:featuredmedia":[{"embeddable":true,"href":"https:\/\/www.hydraulic-cylinders.net\/cs\/wp-json\/wp\/v2\/media\/14776"}],"wp:attachment":[{"href":"https:\/\/www.hydraulic-cylinders.net\/cs\/wp-json\/wp\/v2\/media?parent=15200"}],"wp:term":[{"taxonomy":"product_brand","embeddable":true,"href":"https:\/\/www.hydraulic-cylinders.net\/cs\/wp-json\/wp\/v2\/product_brand?post=15200"},{"taxonomy":"product_cat","embeddable":true,"href":"https:\/\/www.hydraulic-cylinders.net\/cs\/wp-json\/wp\/v2\/product_cat?post=15200"},{"taxonomy":"product_tag","embeddable":true,"href":"https:\/\/www.hydraulic-cylinders.net\/cs\/wp-json\/wp\/v2\/product_tag?post=15200"}],"curies":[{"name":"wp","href":"https:\/\/api.w.org\/{rel}","templated":true}]}}