{"id":15202,"date":"2025-01-19T14:14:00","date_gmt":"2025-01-19T14:14:00","guid":{"rendered":"https:\/\/www.hydraulic-cylinders.net\/product\/bucket-cylinder-for-caterpillar-small-excavator-e305ecr\/"},"modified":"2025-01-19T14:14:02","modified_gmt":"2025-01-19T14:14:02","slug":"bucket-cylinder-for-caterpillar-small-excavator-e305ecr","status":"publish","type":"product","link":"https:\/\/www.hydraulic-cylinders.net\/cs\/produkt\/bucket-cylinder-for-caterpillar-small-excavator-e305ecr\/","title":{"rendered":"V\u00e1lec kore\u010dkov\u00e9ho v\u00e1lce pro mal\u00e9 rypadlo Caterpillar E305ECR"},"content":{"rendered":"<h1>V\u00e1lec kore\u010dkov\u00e9ho v\u00e1lce pro mal\u00e9 rypadlo Caterpillar E305ECR<\/h1>\n<h2>Zaveden\u00ed<\/h2>\n<p>Hydraulick\u00fd v\u00e1lec kore\u010dkov\u00e9ho v\u00e1lce pro mal\u00e9 rypadlo Caterpillar E305ECR je speci\u00e1ln\u011b navr\u017een\u00fd hydraulick\u00fd v\u00e1lec pou\u017e\u00edvan\u00fd k ovl\u00e1d\u00e1n\u00ed pohyb\u016f kore\u010dk\u016f v t\u011b\u017ek\u00fdch stroj\u00edch, jako jsou rypadla, bagry a \u010deln\u00ed naklada\u010de. Jeho hlavn\u00ed funkc\u00ed je umo\u017enit zved\u00e1n\u00ed, spou\u0161t\u011bn\u00ed a nakl\u00e1p\u011bn\u00ed kore\u010dkov\u00e9ho v\u00e1lce, co\u017e jej usnad\u0148uje p\u0159i r\u016fzn\u00fdch \u00fakonech manipulace s materi\u00e1lem. V hydraulick\u00fdch syst\u00e9mech dosahuj\u00ed kore\u010dkov\u00e9 v\u00e1lce p\u0159esn\u00e9ho ovl\u00e1d\u00e1n\u00ed pohybu kore\u010dkov\u00e9ho v\u00e1lce prost\u0159ednictv\u00edm zm\u011bn tlaku hydraulick\u00e9ho oleje, co\u017e umo\u017e\u0148uje obsluze efektivn\u011b manipulovat s t\u011b\u017ek\u00fdmi b\u0159emeny a p\u0159izp\u016fsobovat se slo\u017eit\u00fdm pracovn\u00edm prost\u0159ed\u00edm a rozmanit\u00fdm provozn\u00edm pot\u0159eb\u00e1m.<\/p>\n<p><img decoding=\"async\" src=\"https:\/\/www.hydraulic-cylinders.net\/wp-content\/uploads\/2025\/01\/songte-company-2.webp\" alt=\"V\u00e1lec kore\u010dkov\u00e9ho v\u00e1lce pro mal\u00e9 rypadlo Caterpillar E305ECR\"><\/p>\n<h2>Vlastnosti produktu<\/h2>\n<ul>\n<li>Vysok\u00e1 pevnost a odolnost: Vyrobeno z vysokopevnostn\u00ed oceli nebo hlin\u00edku, odol\u00e1v\u00e1 vysok\u00e9mu tlaku a t\u011b\u017ek\u00e9mu zat\u00ed\u017een\u00ed, p\u0159izp\u016fsob\u00ed se n\u00e1ro\u010dn\u00e9mu pracovn\u00edmu prost\u0159ed\u00ed a je navr\u017eeno pro odolnost proti opot\u0159eben\u00ed a korozi, aby se prodlou\u017eila jeho \u017eivotnost.<\/li>\n<li>Efektivn\u00ed hydraulick\u00fd provoz: Vyu\u017e\u00edv\u00e1 tlak hydraulick\u00e9ho oleje k dosa\u017een\u00ed plynul\u00e9ho teleskopick\u00e9ho pohybu, dok\u00e1\u017ee rychle reagovat na ovl\u00e1dac\u00ed povely, poskytuje silnou tla\u010dnou a ta\u017enou s\u00edlu a je vhodn\u00fd pro manipulaci s t\u011b\u017ek\u00fdmi b\u0159emeny a slo\u017eit\u00e9 provozn\u00ed \u00fakoly.<\/li>\n<li>R\u016fzn\u00e9 typy: Podle provozn\u00edch pot\u0159eb lze zvolit jedno\u010dinn\u00e9 (hydraulicky ovl\u00e1dan\u00e9 pouze v jednom sm\u011bru) nebo dvoj\u010dinn\u00e9 (hydraulicky ovl\u00e1dan\u00e9 ve dvou sm\u011brech) v\u00e1lce. N\u011bkter\u00e9 modely jsou teleskopick\u00e9, co\u017e umo\u017e\u0148uje v\u011bt\u0161\u00ed vysunut\u00ed bez zv\u011bt\u0161en\u00ed vn\u011bj\u0161\u00edch rozm\u011br\u016f, a jsou vhodn\u00e9 pro aplikace v omezen\u00e9m prostoru.<\/li>\n<li>Vym\u011bniteln\u00e9: N\u00e1\u0161 produkt dok\u00e1\u017ee tyto hydraulick\u00e9 v\u00e1lce dokonale nahradit.<\/li>\n<\/ul>\n<p><img decoding=\"async\" src=\"https:\/\/www.hydraulic-cylinders.net\/wp-content\/uploads\/2025\/01\/songte-cylinder-head-with-all-kinds-excavator-models.webp\" alt=\"V\u00e1lec kore\u010dkov\u00e9ho v\u00e1lce pro mal\u00e9 rypadlo Caterpillar E305ECR\"><\/p>\n<h2>Sc\u00e9n\u00e1\u0159e aplikac\u00ed<\/h2>\n<h3>Stavebn\u00ed stroje<\/h3>\n<p>V bagrech jsou nezbytn\u00e9 pro kop\u00e1n\u00ed, nakl\u00e1d\u00e1n\u00ed a p\u0159emis\u0165ov\u00e1n\u00ed zeminy nebo suti. U r\u00fdpadel typu \u201erypadlo-naklada\u010d\u201c pom\u00e1haj\u00ed kore\u010dkov\u00e9 v\u00e1lce jak p\u0159i kop\u00e1n\u00ed, tak p\u0159i zved\u00e1n\u00ed. Pou\u017e\u00edvaj\u00ed se u \u010deln\u00edch naklada\u010d\u016f k nab\u00edr\u00e1n\u00ed, zved\u00e1n\u00ed a p\u0159eprav\u011b zeminy, sena a dal\u0161\u00edch materi\u00e1l\u016f.<\/p>\n<h3>Zem\u011bd\u011blsk\u00e9 stroje<\/h3>\n<p>Pou\u017e\u00edv\u00e1 se pro \u010deln\u00ed naklada\u010de k \u200b\u200bnab\u00edr\u00e1n\u00ed, zved\u00e1n\u00ed a p\u0159eprav\u011b zeminy, sena a dal\u0161\u00edch materi\u00e1l\u016f.<\/p>\n<h3>Bagry<\/h3>\n<p>V\u00e1lce l\u017e\u00edce dosahuj\u00ed kop\u00e1n\u00ed t\u00edm, \u017ee umo\u017e\u0148uj\u00ed l\u017e\u00edci proniknout do p\u016fdy.<\/p>\n<h3>Naklada\u010de<\/h3>\n<p>U \u010deln\u00edch naklada\u010d\u016f pom\u00e1haj\u00ed efektivn\u011b zvedat a vykl\u00e1dat n\u00e1klad.<\/p>\n<h2>Konstruk\u010dn\u00ed aspekty a krit\u00e9ria v\u00fdb\u011bru<\/h2>\n<p>Kore\u010dkov\u00e9 v\u00e1lce mus\u00ed b\u00fdt navr\u017eeny tak, aby unesly t\u011b\u017ek\u00e9 zat\u00ed\u017een\u00ed, mus\u00ed b\u00fdt ut\u011bsn\u011bny, aby se zabr\u00e1nilo \u00fanik\u016fm, a mus\u00ed b\u00fdt odoln\u00e9, aby vydr\u017eely n\u00e1ro\u010dn\u00e9 pracovn\u00ed podm\u00ednky. Mus\u00ed b\u00fdt tak\u00e9 bezpe\u010dn\u00e9 a snadno se udr\u017eovat.<\/p>\n<h3>\u00danosnost<\/h3>\n<p>Kore\u010dkov\u00e9 v\u00e1lce jsou vyrobeny z vysoce pevn\u00fdch materi\u00e1l\u016f, aby odolaly vysok\u00e9mu tlaku a velk\u00e9mu zat\u00ed\u017een\u00ed. P\u00edstn\u00ed ty\u010d mus\u00ed b\u00fdt vyrobena z vysokopevnostn\u00ed oceli.<\/p>\n<h3>T\u011bsn\u011bn\u00ed<\/h3>\n<p>K zabr\u00e1n\u011bn\u00ed \u00faniku hydraulick\u00e9 kapaliny se pou\u017e\u00edvaj\u00ed r\u016fzn\u00e1 t\u011bsn\u011bn\u00ed, jako nap\u0159\u00edklad t\u011bsn\u011bn\u00ed p\u00edst\u016f a t\u011bsn\u011bn\u00ed p\u00edstnic. Pro t\u011bsn\u011bn\u00ed se b\u011b\u017en\u011b pou\u017e\u00edv\u00e1 polyuretan a nitrilov\u00e1 pry\u017e kv\u016fli jejich odolnosti proti opot\u0159eben\u00ed. T\u011bleso v\u00e1lce a \u010deln\u00ed plocha se z\u00e1vitem jsou jemn\u011b opracov\u00e1ny pro zlep\u0161en\u00ed odolnosti proti opot\u0159eben\u00ed. Pravideln\u00e9 maz\u00e1n\u00ed je nezbytn\u00e9 pro prevenci opot\u0159eben\u00ed a zaji\u0161t\u011bn\u00ed plynul\u00e9ho provozu.<\/p>\n<h3>Trvanlivost<\/h3>\n<p>Kore\u010dkov\u00e9 v\u00e1lce mus\u00ed b\u00fdt navr\u017eeny tak, aby odolaly n\u00e1ro\u010dn\u00fdm pracovn\u00edm podm\u00ednk\u00e1m a korozi. Pro zaji\u0161t\u011bn\u00ed dlouh\u00e9 \u017eivotnosti mus\u00ed b\u00fdt pou\u017eity vysoce kvalitn\u00ed materi\u00e1ly a n\u00e1t\u011bry.<\/p>\n<h3>Bezpe\u010dnost<\/h3>\n<p>V\u00e1lce s kore\u010dkami mus\u00ed b\u00fdt navr\u017eeny tak, aby byla zaji\u0161t\u011bna bezpe\u010dnost obsluhy. Mus\u00ed b\u00fdt instalov\u00e1ny pojistn\u00e9 ventily, aby se zabr\u00e1nilo p\u0159etlaku a p\u0159et\u00ed\u017een\u00ed.<\/p>\n<h3>\u00dadr\u017eba<\/h3>\n<p>Pravideln\u00e1 kontrola a \u00fadr\u017eba jsou nezbytn\u00e9 pro zaji\u0161t\u011bn\u00ed bezpe\u010dn\u00e9ho a efektivn\u00edho provozu v\u00e1lc\u016f kore\u010dk\u016f. Pat\u0159\u00ed sem kontrola t\u011bsnosti, zaji\u0161t\u011bn\u00ed spr\u00e1vn\u00e9ho maz\u00e1n\u00ed, v\u00fdm\u011bna opot\u0159ebovan\u00fdch t\u011bsn\u011bn\u00ed a kontroly kalibrace.<\/p>\n<p><img decoding=\"async\" src=\"https:\/\/www.hydraulic-cylinders.net\/wp-content\/uploads\/2025\/01\/songte-oil-pipes-and-spare-parts.webp\" alt=\"V\u00e1lec kore\u010dkov\u00e9ho v\u00e1lce pro mal\u00e9 rypadlo Caterpillar E305ECR\"><\/p>\n<h2>Instala\u010dn\u00ed p\u0159\u00edru\u010dka<\/h2>\n<p>Pro instalaci kore\u010dkov\u00e9ho v\u00e1lce je nezbytn\u00e9 jej spr\u00e1vn\u011b vyrovnat. Pro zaji\u0161t\u011bn\u00ed v\u00e1lce se doporu\u010duje pou\u017e\u00edt vhodn\u00e9 mont\u00e1\u017en\u00ed konzoly. Doporu\u010duj\u00ed se n\u00e1sleduj\u00edc\u00ed \u00fadr\u017eb\u00e1\u0159sk\u00e9 pr\u00e1ce:<\/p>\n<ul>\n<li>Pravideln\u00e1 kontrola<\/li>\n<li>Spr\u00e1vn\u00e9 maz\u00e1n\u00ed<\/li>\n<li>V\u00fdm\u011bna t\u011bsn\u011bn\u00ed<\/li>\n<li>Kalibra\u010dn\u00ed kontroly<\/li>\n<\/ul>\n<p><img decoding=\"async\" src=\"https:\/\/www.hydraulic-cylinders.net\/wp-content\/uploads\/2025\/01\/songte-chushion-collar.webp\" alt=\"V\u00e1lec kore\u010dkov\u00e9ho v\u00e1lce pro mal\u00e9 rypadlo Caterpillar E305ECR\"><\/p>\n<h2>Bezpe\u010dnostn\u00ed a environment\u00e1ln\u00ed aspekty<\/h2>\n<p>P\u0159i pou\u017e\u00edv\u00e1n\u00ed kore\u010dkov\u00fdch v\u00e1lc\u016f je nezbytn\u00e9 dodr\u017eovat bezpe\u010dnostn\u00ed opat\u0159en\u00ed, aby se p\u0159ede\u0161lo nehod\u00e1m a zran\u011bn\u00edm. Spr\u00e1vn\u00e9 pou\u017e\u00edv\u00e1n\u00ed a \u00fadr\u017eba v\u00e1lce m\u016f\u017ee zabr\u00e1nit po\u0161kozen\u00ed \u017eivotn\u00edho prost\u0159ed\u00ed a zajistit jeho dlouhou \u017eivotnost.<\/p>\n<h2>Odstra\u0148ov\u00e1n\u00ed probl\u00e9m\u016f a b\u011b\u017en\u00e9 probl\u00e9my<\/h2>\n<p>Pokud dojde k probl\u00e9m\u016fm s v\u00e1lci kore\u010dk\u016f, m\u016f\u017ee to zp\u016fsobit zpo\u017ed\u011bn\u00ed a v\u00e9st k bezpe\u010dnostn\u00edm probl\u00e9m\u016fm. Mezi nej\u010dast\u011bj\u0161\u00ed probl\u00e9my pat\u0159\u00ed net\u011bsnosti, posun v\u00e1lc\u016f a n\u00edzk\u00fd v\u00fdkon. Pravideln\u00e1 kontrola a \u00fadr\u017eba mohou t\u011bmto probl\u00e9m\u016fm pomoci p\u0159edej\u00edt.<\/p>\n<h2>O na\u0161\u00ed spole\u010dnosti<\/h2>\n<p>Jsme p\u0159edn\u00edm v\u00fdrobcem a velkoobchodn\u00edm distributorem hydraulick\u00fdch v\u00e1lc\u016f na dom\u00e1c\u00edm i mezin\u00e1rodn\u00edm trhu. \u0158\u00edd\u00edme se strategi\u00ed v\u00fdrobn\u00ed excelence a spol\u00e9h\u00e1me se na propracovan\u00e9 strategie \u0159\u00edzen\u00ed pr\u016fmyslov\u00e9 v\u00fdroby, technologick\u00e9 talenty, \u0161pi\u010dkov\u00e9 digit\u00e1ln\u00ed v\u00fdrobn\u00ed za\u0159\u00edzen\u00ed a profesion\u00e1ln\u00ed testovac\u00ed syst\u00e9my, abychom neust\u00e1le zlep\u0161ovali na\u0161i v\u00fdrobn\u00ed platformu. Dod\u00e1v\u00e1me vysoce kvalitn\u00ed produkty, kter\u00e9 spl\u0148uj\u00ed rozmanit\u00e9 pot\u0159eby z\u00e1kazn\u00edk\u016f a zvy\u0161uj\u00ed jejich provozn\u00ed efektivitu. Nab\u00edz\u00edme profesion\u00e1ln\u00ed slu\u017eby a \u0159e\u0161en\u00ed na m\u00edru, kter\u00e1 spl\u0148uj\u00ed jejich specifick\u00e9 pot\u0159eby.<\/p>\n<ul>\n<li>Profesionalita<\/li>\n<li>Mezin\u00e1rodn\u00ed certifikace<\/li>\n<li>Slu\u017eby na m\u00edru<\/li>\n<li>V\u00fdrobn\u00ed za\u0159\u00edzen\u00ed<\/li>\n<li>Poprodejn\u00ed slu\u017eby<\/li>\n<\/ul>\n<p><img decoding=\"async\" src=\"https:\/\/hzpt.com\/wp-content\/uploads\/2024\/11\/songte-company-1.webp\" alt=\"V\u00e1lec kore\u010dkov\u00e9ho v\u00e1lce pro mal\u00e9 rypadlo Caterpillar E305ECR\"><\/p>\n<p>Autor: lyl.<\/p>","protected":false},"excerpt":{"rendered":"<p>Bucket Cylinder For Caterpillar Small Excavator E305ECR Introduction A bucket cylinder for Caterpillar small excavator E305ECR is a specially designed hydraulic cylinder used to control the movements of buckets in heavy machinery such as excavators, backhoe excavators, and front-end loaders. Its main function is to enable the bucket to lift, lower, and tilt, making it [&hellip;]<\/p>","protected":false},"featured_media":14771,"comment_status":"open","ping_status":"closed","template":"","meta":{"_et_pb_use_builder":"","_et_pb_old_content":"","_et_gb_content_width":""},"product_brand":[],"product_cat":[1494],"product_tag":[1495,1496],"class_list":{"0":"post-15202","1":"product","2":"type-product","3":"status-publish","4":"has-post-thumbnail","6":"product_cat-bucket-cylinders","7":"product_tag-bucket-cylinders","8":"product_tag-hydraulic-cylinders","10":"first","11":"instock","12":"shipping-taxable","13":"product-type-simple"},"amp_enabled":true,"_links":{"self":[{"href":"https:\/\/www.hydraulic-cylinders.net\/cs\/wp-json\/wp\/v2\/product\/15202","targetHints":{"allow":["GET"]}}],"collection":[{"href":"https:\/\/www.hydraulic-cylinders.net\/cs\/wp-json\/wp\/v2\/product"}],"about":[{"href":"https:\/\/www.hydraulic-cylinders.net\/cs\/wp-json\/wp\/v2\/types\/product"}],"replies":[{"embeddable":true,"href":"https:\/\/www.hydraulic-cylinders.net\/cs\/wp-json\/wp\/v2\/comments?post=15202"}],"wp:featuredmedia":[{"embeddable":true,"href":"https:\/\/www.hydraulic-cylinders.net\/cs\/wp-json\/wp\/v2\/media\/14771"}],"wp:attachment":[{"href":"https:\/\/www.hydraulic-cylinders.net\/cs\/wp-json\/wp\/v2\/media?parent=15202"}],"wp:term":[{"taxonomy":"product_brand","embeddable":true,"href":"https:\/\/www.hydraulic-cylinders.net\/cs\/wp-json\/wp\/v2\/product_brand?post=15202"},{"taxonomy":"product_cat","embeddable":true,"href":"https:\/\/www.hydraulic-cylinders.net\/cs\/wp-json\/wp\/v2\/product_cat?post=15202"},{"taxonomy":"product_tag","embeddable":true,"href":"https:\/\/www.hydraulic-cylinders.net\/cs\/wp-json\/wp\/v2\/product_tag?post=15202"}],"curies":[{"name":"wp","href":"https:\/\/api.w.org\/{rel}","templated":true}]}}