{"id":15204,"date":"2025-01-19T14:14:09","date_gmt":"2025-01-19T14:14:09","guid":{"rendered":"https:\/\/www.hydraulic-cylinders.net\/product\/bucket-cylinder-for-caterpillar-small-excavator-e312dl\/"},"modified":"2025-01-19T14:14:11","modified_gmt":"2025-01-19T14:14:11","slug":"bucket-cylinder-for-caterpillar-small-excavator-e312dl","status":"publish","type":"product","link":"https:\/\/www.hydraulic-cylinders.net\/cs\/produkt\/bucket-cylinder-for-caterpillar-small-excavator-e312dl\/","title":{"rendered":"V\u00e1lec kore\u010dkov\u00e9ho v\u00e1lce pro mal\u00e9 rypadlo Caterpillar E312DL"},"content":{"rendered":"<p><!DOCTYPE html><br \/>\n<html><br \/>\n<head><br \/>\n<title>V\u00e1lec kore\u010dkov\u00e9ho v\u00e1lce pro mal\u00e9 rypadlo Caterpillar E312DL<\/title><br \/>\n<\/head><br \/>\n<body><\/p>\n<h1>V\u00e1lec kore\u010dkov\u00e9ho v\u00e1lce pro mal\u00e9 rypadlo Caterpillar E312DL<\/h1>\n<h2>Zaveden\u00ed<\/h2>\n<p>Hydraulick\u00fd v\u00e1lec l\u017e\u00edce pro mal\u00e9 rypadlo Caterpillar E312DL je speci\u00e1ln\u011b navr\u017een\u00fd hydraulick\u00fd v\u00e1lec, kter\u00fd \u0159\u00edd\u00ed pohyb l\u017e\u00edce v t\u011b\u017ek\u00fdch stroj\u00edch, jako jsou rypadla, r\u00fdpadlo-naklada\u010de a \u010deln\u00ed naklada\u010de. Jeho hlavn\u00ed funkc\u00ed je umo\u017enit zved\u00e1n\u00ed, spou\u0161t\u011bn\u00ed a nakl\u00e1p\u011bn\u00ed l\u017e\u00edce, co\u017e usnad\u0148uje r\u016fzn\u00e9 \u00fakoly manipulace s materi\u00e1lem. V hydraulick\u00e9m syst\u00e9mu dosahuje v\u00e1lec l\u017e\u00edce p\u0159esn\u00e9ho ovl\u00e1d\u00e1n\u00ed l\u017e\u00edce zm\u011bnou tlaku hydraulick\u00e9ho oleje, co\u017e umo\u017e\u0148uje obsluze efektivn\u011b manipulovat s t\u011b\u017ek\u00fdmi b\u0159emeny a p\u0159izp\u016fsobovat se slo\u017eit\u00fdm pracovn\u00edm prost\u0159ed\u00edm a rozmanit\u00fdm po\u017eadavk\u016fm na pr\u00e1ci.<\/p>\n<p><img decoding=\"async\" src=\"https:\/\/www.hydraulic-cylinders.net\/wp-content\/uploads\/2025\/01\/songte-company-2.webp\" alt=\"Obr\u00e1zek v\u00e1lce kbel\u00edku\"><\/p>\n<h2>Funkce<\/h2>\n<ul>\n<li>Vysok\u00e1 pevnost a odolnost: Obvykle je vyroben z vysokopevnostn\u00ed oceli nebo hlin\u00edku, odol\u00e1 vysok\u00e9mu tlaku a velk\u00e9mu zat\u00ed\u017een\u00ed a p\u0159izp\u016fsob\u00ed se n\u00e1ro\u010dn\u00e9mu pracovn\u00edmu prost\u0159ed\u00ed. Konstrukce zohled\u0148uje odolnost proti opot\u0159eben\u00ed a korozi, aby se prodlou\u017eila jeho \u017eivotnost.<\/li>\n<li>Efektivn\u00ed hydraulick\u00fd provoz: Vyu\u017e\u00edv\u00e1n\u00edm tlaku hydraulick\u00e9ho oleje dosahuje plynul\u00e9ho vysouv\u00e1n\u00ed a zasouv\u00e1n\u00ed, rychle reaguje na ovl\u00e1dac\u00ed povely, poskytuje siln\u00e9 tla\u010dn\u00e9 a ta\u017en\u00e9 s\u00edly a je vhodn\u00fd pro manipulaci s t\u011b\u017ek\u00fdmi b\u0159emeny a slo\u017eit\u00fdmi pracovn\u00edmi \u00fakoly.<\/li>\n<li>R\u016fzn\u00e9 typy: Podle pot\u0159eby lze zvolit jedno\u010dinn\u00e9 (hydraulicky ovl\u00e1dan\u00e9 pouze v jednom sm\u011bru) nebo dvoj\u010dinn\u00e9 (hydraulicky ovl\u00e1dan\u00e9 v obou sm\u011brech) v\u00e1lce a n\u011bkter\u00e9 modely jsou teleskopick\u00e9, co\u017e umo\u017e\u0148uje v\u011bt\u0161\u00ed v\u00fdsuv bez zv\u011bt\u0161en\u00ed vn\u011bj\u0161\u00edch rozm\u011br\u016f, tak\u017ee jsou vhodn\u00e9 pro aplikace s omezen\u00fdm prostorem.<\/li>\n<li>P\u0159\u00edm\u00e1 n\u00e1hrada: N\u00e1\u0161 produkt dok\u00e1\u017ee dokonale nahradit tyto hydraulick\u00e9 v\u00e1lce.<\/li>\n<\/ul>\n<p><img decoding=\"async\" src=\"https:\/\/www.hydraulic-cylinders.net\/wp-content\/uploads\/2025\/01\/songte-cylinder-head-with-all-kinds-excavator-models.webp\" alt=\"Obr\u00e1zek produktu\"><\/p>\n<h2>Aplikace<\/h2>\n<ul>\n<li>Stavebn\u00ed za\u0159\u00edzen\u00ed: Nach\u00e1zej\u00ed se v bagrech a jsou nezbytn\u00e9 pro kop\u00e1n\u00ed, nakl\u00e1d\u00e1n\u00ed a p\u0159emis\u0165ov\u00e1n\u00ed zeminy nebo suti. U rypadlo-naklada\u010d\u016f pom\u00e1h\u00e1 v\u00e1lec l\u017e\u00edce p\u0159i v\u00fdkopu i zved\u00e1n\u00ed.<\/li>\n<li>Zem\u011bd\u011blsk\u00e9 stroje: Pou\u017e\u00edvaj\u00ed se v \u010deln\u00edch naklada\u010d\u00edch pro nab\u00edr\u00e1n\u00ed, zved\u00e1n\u00ed a p\u0159epravu p\u016fdy, sena a dal\u0161\u00edch materi\u00e1l\u016f.<\/li>\n<li>Rypadla: V\u00e1lec l\u017e\u00edce umo\u017e\u0148uje kop\u00e1n\u00ed t\u00edm, \u017ee umo\u017e\u0148uje l\u017e\u00edci proniknout do p\u016fdy.<\/li>\n<li>Naklada\u010de: U \u010deln\u00edch naklada\u010d\u016f pom\u00e1haj\u00ed s efektivn\u00edm zved\u00e1n\u00edm a vykl\u00e1dkov\u00e1n\u00edm zbo\u017e\u00ed.<\/li>\n<\/ul>\n<h2>Konstruk\u010dn\u00ed aspekty a krit\u00e9ria v\u00fdb\u011bru<\/h2>\n<ul>\n<li>\u00danosnost: Diskutujte schopnost v\u00e1lce odol\u00e1vat zat\u00ed\u017een\u00ed.<\/li>\n<li>T\u011bsn\u011bn\u00ed: Vysv\u011btlete d\u016fle\u017eitost \u00fa\u010dinn\u00e9ho ut\u011bsn\u011bn\u00ed k prevenci \u00fanik\u016f.<\/li>\n<li>Trvanlivost: Diskutujte odolnost v\u00e1lce v\u016f\u010di opot\u0159eben\u00ed a korozi.<\/li>\n<li>Bezpe\u010dnost: P\u0159i n\u00e1vrhu zohledn\u011bte bezpe\u010dnostn\u00ed aspekty.<\/li>\n<li>\u00dadr\u017eba: Diskutujte o snadnosti \u00fadr\u017eby a oprav.<\/li>\n<\/ul>\n<p><img decoding=\"async\" src=\"https:\/\/www.hydraulic-cylinders.net\/wp-content\/uploads\/2025\/01\/songte-oil-pipes-and-spare-parts.webp\" alt=\"Obr\u00e1zek produktu\"><\/p>\n<h2>T\u011bsn\u011bn\u00ed a maz\u00e1n\u00ed<\/h2>\n<p>Kore\u010dkov\u00fd v\u00e1lec vyu\u017e\u00edv\u00e1 r\u016fzn\u00e9 t\u011bsnic\u00ed prvky, jako jsou t\u011bsn\u011bn\u00ed p\u00edstu a p\u00edstnice vyroben\u00e9 z odoln\u00fdch materi\u00e1l\u016f, jako je polyuretan a nitrilov\u00e1 pry\u017e. T\u011bleso v\u00e1lce a z\u00e1vitov\u00e9 konce jsou jemn\u011b o\u0161et\u0159eny pro zlep\u0161en\u00ed odolnosti proti opot\u0159eben\u00ed. Pravideln\u00e9 maz\u00e1n\u00ed vhodn\u00fdm mno\u017estv\u00edm hydraulick\u00e9ho oleje je nezbytn\u00e9 pro zaji\u0161t\u011bn\u00ed plynul\u00e9ho provozu a prodlou\u017een\u00ed \u017eivotnosti v\u00e1lce.<\/p>\n<h2>Pravideln\u00e1 kontrola a preventivn\u00ed \u00fadr\u017eba<\/h2>\n<ul>\n<li>Pravideln\u011b kontrolujte v\u00e1lec, zda nevykazuje zn\u00e1mky po\u0161kozen\u00ed nebo opot\u0159eben\u00ed.<\/li>\n<li>Zajist\u011bte spr\u00e1vn\u00e9 maz\u00e1n\u00ed.<\/li>\n<li>V p\u0159\u00edpad\u011b pot\u0159eby vym\u011b\u0148te t\u011bsn\u011bn\u00ed.<\/li>\n<li>Prov\u00e1d\u011bjte kalibra\u010dn\u00ed kontroly pro udr\u017een\u00ed optim\u00e1ln\u00edho v\u00fdkonu.<\/li>\n<\/ul>\n<h2>Pokyny k instalaci<\/h2>\n<p>Spr\u00e1vn\u00e1 instalace je z\u00e1sadn\u00ed pro v\u00fdkon kore\u010dkov\u00e9ho v\u00e1lce. Poskytn\u011bte pokyny pro spr\u00e1vn\u00e9 vyrovn\u00e1n\u00ed v\u00e1lce a doporu\u010dte pou\u017eit\u00ed vhodn\u00fdch mont\u00e1\u017en\u00edch konzol k jeho upevn\u011bn\u00ed. Uve\u010fte podrobn\u00e9 pokyny, doporu\u010den\u00e9 postupy kontroly, opravy a v\u00fdm\u011bny a tak\u00e9 tipy pro prodlou\u017een\u00ed \u017eivotnosti v\u00e1lce.<\/p>\n<p><img decoding=\"async\" src=\"https:\/\/www.hydraulic-cylinders.net\/wp-content\/uploads\/2025\/01\/songte-chushion-collar.webp\" alt=\"Obr\u00e1zek produktu\"><\/p>\n<h2>Bezpe\u010dnostn\u00ed aspekty a faktory prost\u0159ed\u00ed<\/h2>\n<p>Diskutujte o d\u016fle\u017eitosti bezpe\u010dnostn\u00edch opat\u0159en\u00ed p\u0159i pou\u017e\u00edv\u00e1n\u00ed kore\u010dkov\u00e9ho v\u00e1lce a zm\u00edn\u011bte se o v\u0161ech environment\u00e1ln\u00edch probl\u00e9mech souvisej\u00edc\u00edch s jeho provozem.<\/p>\n<h2>Odstra\u0148ov\u00e1n\u00ed probl\u00e9m\u016f a b\u011b\u017en\u00e9 probl\u00e9my<\/h2>\n<p>Identifikujte b\u011b\u017en\u00e9 probl\u00e9my, kter\u00e9 mohou nastat s v\u00e1lcem kore\u010dkov\u00e9ho v\u00e1lce, a poskytn\u011bte tipy a \u0159e\u0161en\u00ed probl\u00e9m\u016f, kter\u00e9 \u010dten\u00e1\u0159\u016fm pomohou diagnostikovat a efektivn\u011b \u0159e\u0161it probl\u00e9my. Nab\u00eddn\u011bte preventivn\u00ed opat\u0159en\u00ed k minimalizaci potenci\u00e1ln\u00edch probl\u00e9m\u016f.<\/p>\n<p><img decoding=\"async\" src=\"https:\/\/www.hydraulic-cylinders.net\/wp-content\/uploads\/2025\/01\/songte-bushings-with-all-kinds-of-excavator-models.webp\" alt=\"Obr\u00e1zek produktu\"><\/p>\n<p>Nezapome\u0148te \u010dl\u00e1nek logicky uspo\u0159\u00e1dat, pro snadnou navigaci pou\u017e\u00edvat podnadpisy, pro lep\u0161\u00ed pochopen\u00ed zahrnout relevantn\u00ed obr\u00e1zky nebo grafy a zajistit, aby obsah byl jasn\u00fd, stru\u010dn\u00fd a vhodn\u00fd pro \u010dten\u00e1\u0159e s r\u016fznou \u00farovn\u00ed technick\u00fdch znalost\u00ed.<\/p>\n<h2>O na\u0161\u00ed spole\u010dnosti<\/h2>\n<p>Na\u0161e spole\u010dnost je v\u00fdrobcem n\u00e1hradn\u00edch hydraulick\u00fdch v\u00e1lc\u016f. Nab\u00edz\u00edme \u0161irokou \u0161k\u00e1lu produkt\u016f a stali jsme se jedn\u00edm z p\u0159edn\u00edch v\u00fdrobc\u016f a velkoobchodn\u00edch distributor\u016f hydraulick\u00fdch v\u00e1lc\u016f na dom\u00e1c\u00edm i mezin\u00e1rodn\u00edm trhu. V na\u0161ich propracovan\u00fdch v\u00fdrobn\u00edch d\u00edln\u00e1ch klademe d\u016fraz na vynikaj\u00edc\u00ed kvalitu a spol\u00e9h\u00e1me se na strategie \u0159\u00edzen\u00ed pr\u016fmyslov\u00e9 v\u00fdroby. D\u00edky siln\u00e9 kreativit\u011b uspokojujeme rozmanit\u00e9 pot\u0159eby z\u00e1kazn\u00edk\u016f s vysokou efektivitou, p\u0159esnost\u00ed a kvalitou. Na\u0161e spole\u010dnost je zn\u00e1m\u00e1 pro profesionalitu, mezin\u00e1rodn\u00ed certifikace, slu\u017eby na m\u00edru, modern\u00ed v\u00fdrobn\u00ed za\u0159\u00edzen\u00ed a vynikaj\u00edc\u00ed poprodejn\u00ed servis.<\/p>\n<p><img decoding=\"async\" src=\"https:\/\/www.hydraulic-cylinders.net\/wp-content\/uploads\/2025\/01\/songte-company-3.webp\" alt=\"Image spole\u010dnosti\"><\/p>\n<p>Autor: lyl<\/p>\n<p><\/body><br \/>\n<\/html><\/p>","protected":false},"excerpt":{"rendered":"<p>Bucket Cylinder For Caterpillar Small Excavator E312DL Bucket Cylinder For Caterpillar Small Excavator E312DL Introduction The bucket cylinder for Caterpillar small excavator E312DL is a specially designed hydraulic cylinder that controls the movement of the bucket in heavy machinery such as excavators, backhoe loaders, and front-end loaders. Its main function is to enable the lifting, [&hellip;]<\/p>","protected":false},"featured_media":14765,"comment_status":"open","ping_status":"closed","template":"","meta":{"_et_pb_use_builder":"","_et_pb_old_content":"","_et_gb_content_width":""},"product_brand":[],"product_cat":[1494],"product_tag":[1495,1496],"class_list":{"0":"post-15204","1":"product","2":"type-product","3":"status-publish","4":"has-post-thumbnail","6":"product_cat-bucket-cylinders","7":"product_tag-bucket-cylinders","8":"product_tag-hydraulic-cylinders","10":"first","11":"instock","12":"shipping-taxable","13":"product-type-simple"},"amp_enabled":true,"_links":{"self":[{"href":"https:\/\/www.hydraulic-cylinders.net\/cs\/wp-json\/wp\/v2\/product\/15204","targetHints":{"allow":["GET"]}}],"collection":[{"href":"https:\/\/www.hydraulic-cylinders.net\/cs\/wp-json\/wp\/v2\/product"}],"about":[{"href":"https:\/\/www.hydraulic-cylinders.net\/cs\/wp-json\/wp\/v2\/types\/product"}],"replies":[{"embeddable":true,"href":"https:\/\/www.hydraulic-cylinders.net\/cs\/wp-json\/wp\/v2\/comments?post=15204"}],"wp:featuredmedia":[{"embeddable":true,"href":"https:\/\/www.hydraulic-cylinders.net\/cs\/wp-json\/wp\/v2\/media\/14765"}],"wp:attachment":[{"href":"https:\/\/www.hydraulic-cylinders.net\/cs\/wp-json\/wp\/v2\/media?parent=15204"}],"wp:term":[{"taxonomy":"product_brand","embeddable":true,"href":"https:\/\/www.hydraulic-cylinders.net\/cs\/wp-json\/wp\/v2\/product_brand?post=15204"},{"taxonomy":"product_cat","embeddable":true,"href":"https:\/\/www.hydraulic-cylinders.net\/cs\/wp-json\/wp\/v2\/product_cat?post=15204"},{"taxonomy":"product_tag","embeddable":true,"href":"https:\/\/www.hydraulic-cylinders.net\/cs\/wp-json\/wp\/v2\/product_tag?post=15204"}],"curies":[{"name":"wp","href":"https:\/\/api.w.org\/{rel}","templated":true}]}}