{"id":15215,"date":"2025-01-19T14:14:58","date_gmt":"2025-01-19T14:14:58","guid":{"rendered":"https:\/\/www.hydraulic-cylinders.net\/product\/bucket-cylinder-for-caterpillar-small-excavator-e307e\/"},"modified":"2025-01-19T14:14:59","modified_gmt":"2025-01-19T14:14:59","slug":"bucket-cylinder-for-caterpillar-small-excavator-e307e","status":"publish","type":"product","link":"https:\/\/www.hydraulic-cylinders.net\/cs\/produkt\/bucket-cylinder-for-caterpillar-small-excavator-e307e\/","title":{"rendered":"V\u00e1lec kore\u010dkov\u00e9ho v\u00e1lce pro mal\u00e9 rypadlo Caterpillar E307E"},"content":{"rendered":"<h2>V\u00e1lec kore\u010dkov\u00e9ho v\u00e1lce pro mal\u00e9 rypadlo Caterpillar E307E<\/h2>\n<h3>Zaveden\u00ed<\/h3>\n<p>Hydraulick\u00fd v\u00e1lec kope\u010dku je speci\u00e1ln\u011b navr\u017een\u00fd hydraulick\u00fd v\u00e1lec, kter\u00fd se prim\u00e1rn\u011b pou\u017e\u00edv\u00e1 k ovl\u00e1d\u00e1n\u00ed pohybu kope\u010dk\u016f v t\u011b\u017ek\u00fdch stroj\u00edch, jako jsou bagry, rypadla a \u010deln\u00ed naklada\u010de. Jeho hlavn\u00ed funkc\u00ed je umo\u017enit zved\u00e1n\u00ed, spou\u0161t\u011bn\u00ed a nakl\u00e1p\u011bn\u00ed kope\u010dku, co\u017e usnad\u0148uje prov\u00e1d\u011bn\u00ed r\u016fzn\u00fdch \u00fakol\u016f manipulace s materi\u00e1lem. V hydraulick\u00e9m syst\u00e9mu dosahuje v\u00e1lec kope\u010dku p\u0159esn\u00e9ho ovl\u00e1d\u00e1n\u00ed kope\u010dku zm\u011bnami tlaku hydraulick\u00e9ho oleje, co\u017e umo\u017e\u0148uje obsluze efektivn\u011b manipulovat s t\u011b\u017ek\u00fdmi p\u0159edm\u011bty a p\u0159izp\u016fsobovat se slo\u017eit\u00fdm pracovn\u00edm prost\u0159ed\u00edm a rozmanit\u00fdm provozn\u00edm pot\u0159eb\u00e1m.<\/p>\n<p><img decoding=\"async\" src=\"https:\/\/www.hydraulic-cylinders.net\/wp-content\/uploads\/2025\/01\/songte-company-2.webp\"><\/p>\n<h3>Vlastnosti produktu<\/h3>\n<ul>\n<li>Vysok\u00e1 pevnost a trvanlivost: Obvykle se vyr\u00e1b\u00ed z vysokopevnostn\u00ed oceli nebo hlin\u00edku, kter\u00e9 odol\u00e1vaj\u00ed vysok\u00e9mu tlaku a t\u011b\u017ek\u00e9mu zat\u00ed\u017een\u00ed, p\u0159izp\u016fsobuj\u00ed se n\u00e1ro\u010dn\u00fdm pracovn\u00edm prost\u0159ed\u00edm a jsou navr\u017eeny s ohledem na odolnost proti opot\u0159eben\u00ed a korozi, co\u017e prodlu\u017euje jejich \u017eivotnost.<\/li>\n<li>Efektivn\u00ed hydraulick\u00fd provoz: Vyu\u017e\u00edv\u00e1 tlak hydraulick\u00e9ho oleje k dosa\u017een\u00ed plynul\u00e9ho vysouv\u00e1n\u00ed a smr\u0161\u0165ov\u00e1n\u00ed, rychle reaguje na provozn\u00ed povely, poskytuje silnou tla\u010dnou a ta\u017enou s\u00edlu a je vhodn\u00fd pro manipulaci s t\u011b\u017ek\u00fdmi p\u0159edm\u011bty a slo\u017eit\u00e9 provozn\u00ed \u00fakoly.<\/li>\n<li>R\u016fzn\u00e9 typy: Jedno\u010dinn\u00fd (hydraulicky ovl\u00e1dan\u00fd pouze v jednom sm\u011bru) nebo dvoj\u010dinn\u00fd (hydraulicky ovl\u00e1dan\u00fd v obou sm\u011brech) v\u00e1lec lze zvolit podle pot\u0159eb a provozn\u00edch po\u017eadavk\u016f. N\u011bkter\u00e9 modely jsou teleskopick\u00e9, co\u017e umo\u017e\u0148uje v\u011bt\u0161\u00ed v\u00fdsuv bez zv\u011bt\u0161en\u00ed vn\u011bj\u0161\u00edch rozm\u011br\u016f, a proto jsou vhodn\u00e9 pro aplikace s omezen\u00fdm prostorem.<\/li>\n<li>Snadn\u00e1 v\u00fdm\u011bna: Na\u0161e produkty dok\u00e1\u017e\u00ed tyto hydraulick\u00e9 v\u00e1lce dokonale nahradit.<\/li>\n<li>P\u0159izp\u016fsobiteln\u00e9: Na\u0161e produkty lze p\u0159izp\u016fsobit tak, aby spl\u0148ovaly specifick\u00e9 pot\u0159eby klient\u016f.<\/li>\n<\/ul>\n<p><img decoding=\"async\" src=\"https:\/\/www.hydraulic-cylinders.net\/wp-content\/uploads\/2025\/01\/songte-cylinder-head-with-all-kinds-excavator-models.webp\"><\/p>\n<h3>Aplikace<\/h3>\n<p>Kore\u010dkov\u00fd v\u00e1lec lze \u0161iroce pou\u017e\u00edvat v r\u016fzn\u00fdch t\u011b\u017ek\u00fdch stroj\u00edch, v\u010detn\u011b:<\/p>\n<ul>\n<li>Stavebn\u00ed stroje: Rypadla, rypadla-naklada\u010de a \u010deln\u00ed naklada\u010de se p\u0159i kop\u00e1n\u00ed, nakl\u00e1d\u00e1n\u00ed a p\u0159emis\u0165ov\u00e1n\u00ed zeminy nebo suti spol\u00e9haj\u00ed na kore\u010dkov\u00e9 v\u00e1lce. U rypadlo-naklada\u010d\u016f pom\u00e1h\u00e1 kore\u010dkov\u00fd v\u00e1lec jak p\u0159i v\u00fdkopu, tak p\u0159i zved\u00e1n\u00ed.<\/li>\n<li>Zem\u011bd\u011blsk\u00e9 stroje: Pou\u017e\u00edvaj\u00ed se v \u010deln\u00edch naklada\u010d\u00edch k nab\u00edr\u00e1n\u00ed, zved\u00e1n\u00ed a p\u0159eprav\u011b zeminy, sena a dal\u0161\u00edch materi\u00e1l\u016f. U bagr\u016f umo\u017e\u0148uje v\u00e1lec l\u017e\u00edce kop\u00e1n\u00ed t\u00edm, \u017ee umo\u017e\u0148uje l\u017e\u00edci proniknout do p\u016fdy. U \u010deln\u00edch naklada\u010d\u016f pom\u00e1haj\u00ed s efektivn\u00edm zved\u00e1n\u00edm a nakl\u00e1p\u011bn\u00edm zbo\u017e\u00ed.<\/li>\n<\/ul>\n<h3>Konstruk\u010dn\u00ed aspekty a krit\u00e9ria v\u00fdb\u011bru<\/h3>\n<p>Konstrukce kore\u010dkov\u00e9ho v\u00e1lce zohled\u0148uje n\u00e1sleduj\u00edc\u00ed faktory:<\/p>\n<ul>\n<li>\u00danosnost: V\u00e1lec mus\u00ed odolat vysok\u00e9mu tlaku a velk\u00e9mu zat\u00ed\u017een\u00ed.<\/li>\n<li>T\u011bsn\u011bn\u00ed: R\u016fzn\u00e9 t\u011bsnic\u00ed d\u00edly, jako jsou t\u011bsn\u011bn\u00ed p\u00edst\u016f a t\u011bsn\u011bn\u00ed p\u00edstnic, by m\u011bly b\u00fdt vybr\u00e1ny na z\u00e1klad\u011b aplikace, aby bylo zaji\u0161t\u011bno \u00fa\u010dinn\u00e9 ut\u011bsn\u011bn\u00ed.<\/li>\n<li>Trvanlivost: V\u00e1lec mus\u00ed b\u00fdt navr\u017een s ohledem na odolnost proti opot\u0159eben\u00ed a korozi, aby se prodlou\u017eila jeho \u017eivotnost.<\/li>\n<li>Bezpe\u010dnost: V\u00e1lec by m\u011bl b\u00fdt navr\u017een tak, aby se zabr\u00e1nilo nehod\u00e1m a chr\u00e1nil obsluhu p\u0159ed zran\u011bn\u00edm.<\/li>\n<li>\u00dadr\u017eba: V\u00e1lec by m\u011bl b\u00fdt snadno udr\u017eovateln\u00fd a v p\u0159\u00edpad\u011b pot\u0159eby opraviteln\u00fd.<\/li>\n<\/ul>\n<p><img decoding=\"async\" src=\"https:\/\/www.hydraulic-cylinders.net\/wp-content\/uploads\/2025\/01\/songte-oil-pipes-and-spare-parts.webp\"><\/p>\n<h3>T\u011bsn\u011bn\u00ed a maz\u00e1n\u00ed<\/h3>\n<p>Kore\u010dkov\u00fd v\u00e1lec pou\u017e\u00edv\u00e1 r\u016fzn\u00e9 t\u011bsnic\u00ed d\u00edly, jako jsou t\u011bsn\u011bn\u00ed p\u00edstu a t\u011bsn\u011bn\u00ed p\u00edstnice, kter\u00e9 by m\u011bly b\u00fdt vybr\u00e1ny na z\u00e1klad\u011b aplikace, aby bylo zaji\u0161t\u011bno \u00fa\u010dinn\u00e9 ut\u011bsn\u011bn\u00ed. T\u011bsnic\u00ed d\u00edly by m\u011bly b\u00fdt vyrobeny z materi\u00e1l\u016f odoln\u00fdch proti opot\u0159eben\u00ed, jako je polyuretan a nitrilov\u00e1 pry\u017e. T\u011bleso v\u00e1lce a z\u00e1vitov\u00fd konec by m\u011bly b\u00fdt jemn\u011b opracov\u00e1ny pro zlep\u0161en\u00ed odolnosti proti opot\u0159eben\u00ed. Pravideln\u00e9 maz\u00e1n\u00ed hydraulick\u00fdm olejem je nezbytn\u00e9 pro zaji\u0161t\u011bn\u00ed plynul\u00e9ho provozu a prodlou\u017een\u00ed \u017eivotnosti v\u00fdrobku.<\/p>\n<h3>\u00dadr\u017eba a opravy<\/h3>\n<p>Pravideln\u00e1 \u00fadr\u017eba a kontrola kore\u010dkov\u00e9ho v\u00e1lce je nezbytn\u00e1 pro prodlou\u017een\u00ed jeho \u017eivotnosti. N\u00e1sleduj\u00ed b\u011b\u017en\u00e9 \u00fakony \u00fadr\u017eby:<\/p>\n<ul>\n<li>Pravideln\u00e1 kontrola<\/li>\n<li>Spr\u00e1vn\u00e9 maz\u00e1n\u00ed<\/li>\n<li>V\u00fdm\u011bna t\u011bsn\u011bn\u00ed<\/li>\n<li>Kontrola kalibrace<\/li>\n<\/ul>\n<p>Spr\u00e1vn\u00e1 instalace je tak\u00e9 z\u00e1sadn\u00ed pro zaji\u0161t\u011bn\u00ed optim\u00e1ln\u00edho v\u00fdkonu v\u00e1lce. N\u00e1sleduj\u00ed doporu\u010den\u00e9 postupy instalace:<\/p>\n<ul>\n<li>Spr\u00e1vn\u00e9 vyrovn\u00e1n\u00ed v\u00e1lce<\/li>\n<li>Pou\u017eit\u00ed vhodn\u00fdch mont\u00e1\u017en\u00edch konzol k upevn\u011bn\u00ed v\u00e1lce<\/li>\n<li>Pravideln\u00e1 kontrola, opravy a v\u00fdm\u011bna d\u00edl\u016f<\/li>\n<\/ul>\n<p><img decoding=\"async\" src=\"https:\/\/www.hydraulic-cylinders.net\/wp-content\/uploads\/2025\/01\/songte-chushion-collar.webp\"><\/p>\n<h3>Bezpe\u010dnostn\u00ed aspekty a faktory prost\u0159ed\u00ed<\/h3>\n<p>P\u0159i pou\u017e\u00edv\u00e1n\u00ed kore\u010dkov\u00fdch v\u00e1lc\u016f je d\u016fle\u017eit\u00e9 dodr\u017eovat bezpe\u010dnostn\u00ed opat\u0159en\u00ed, jako je no\u0161en\u00ed ochrann\u00fdch pom\u016fcek a dodr\u017eov\u00e1n\u00ed spr\u00e1vn\u00fdch provozn\u00edch postup\u016f, aby se p\u0159ede\u0161lo nehod\u00e1m a zajistila bezpe\u010dnost pracovn\u00edk\u016f. Pro zaji\u0161t\u011bn\u00ed optim\u00e1ln\u00edho v\u00fdkonu je t\u0159eba zohlednit tak\u00e9 faktory prost\u0159ed\u00ed, jako je teplota a vlhkost.<\/p>\n<h3>Odstra\u0148ov\u00e1n\u00ed probl\u00e9m\u016f a b\u011b\u017en\u00e9 probl\u00e9my<\/h3>\n<p>N\u00e1sleduj\u00ed b\u011b\u017en\u00e9 probl\u00e9my, kter\u00e9 se mohou vyskytnout p\u0159i pou\u017e\u00edv\u00e1n\u00ed kore\u010dkov\u00fdch v\u00e1lc\u016f:<\/p>\n<ul>\n<li>\u00danik<\/li>\n<li>Lepen\u00ed<\/li>\n<li>N\u00edzk\u00e1 \u00fa\u010dinnost<\/li>\n<li>Abnorm\u00e1ln\u00ed hluk<\/li>\n<\/ul>\n<p>Pro \u0159e\u0161en\u00ed t\u011bchto probl\u00e9m\u016f se doporu\u010duje zkontrolovat t\u011bsnic\u00ed d\u00edly, maz\u00e1n\u00ed a dal\u0161\u00ed faktory, kter\u00e9 mohou ovlivnit v\u00fdkon v\u00e1lce. Spr\u00e1vn\u00e1 \u00fadr\u017eba a kontrola mohou tak\u00e9 sn\u00ed\u017eit pravd\u011bpodobnost v\u00fdskytu t\u011bchto probl\u00e9m\u016f.<\/p>\n<p><img decoding=\"async\" src=\"https:\/\/www.hydraulic-cylinders.net\/wp-content\/uploads\/2025\/01\/songte-bushings-with-all-kinds-of-excavator-models.webp\"><\/p>\n<h3>O na\u0161\u00ed spole\u010dnosti<\/h3>\n<p>Na\u0161e spole\u010dnost je p\u0159edn\u00edm v\u00fdrobcem a velkoobchodn\u00edkem hydraulick\u00fdch v\u00e1lc\u016f na dom\u00e1c\u00edm i mezin\u00e1rodn\u00edm trhu. \u0158\u00edd\u00edme se principem vynikaj\u00edc\u00ed kvality a spol\u00e9h\u00e1me se na strategii \u0159\u00edzen\u00ed pr\u016fmyslov\u00e9 v\u00fdroby v jemn\u00fdch v\u00fdrobn\u00edch d\u00edln\u00e1ch. Neust\u00e1le vylep\u0161ujeme v\u00fdrobn\u00ed platformu d\u00edlny, zlep\u0161ujeme postupy kvality v\u00fdroby a m\u00e1me silnou tv\u016fr\u010d\u00ed schopnost uspokojovat rozmanit\u00e9 pot\u0159eby z\u00e1kazn\u00edk\u016f. Na\u0161e produkty jsou p\u0159izp\u016fsobiteln\u00e9 a lze je p\u0159izp\u016fsobit specifick\u00fdm po\u017eadavk\u016fm klienta. Poskytujeme profesion\u00e1ln\u00ed a zak\u00e1zkov\u00e9 slu\u017eby a na\u0161e produkty jsou mezin\u00e1rodn\u011b certifikov\u00e1ny. Pou\u017e\u00edv\u00e1me \u0161pi\u010dkov\u00e9 digit\u00e1ln\u00ed v\u00fdrobn\u00ed za\u0159\u00edzen\u00ed a profesion\u00e1ln\u00ed testovac\u00ed syst\u00e9my, abychom zajistili co nejlep\u0161\u00ed kvalitu produkt\u016f. Nab\u00edz\u00edme tak\u00e9 \u00fadr\u017ebu, opravy a renovace, abychom prodlou\u017eili \u017eivotnost na\u0161ich produkt\u016f. Jsme hrd\u00ed na n\u00e1\u0161 z\u00e1vazek dod\u00e1vat vysoce kvalitn\u00ed produkty a vynikaj\u00edc\u00ed z\u00e1kaznick\u00fd servis.<\/p>\n<p><img decoding=\"async\" src=\"https:\/\/hzpt.com\/wp-content\/uploads\/2024\/11\/songte-company-1.webp\"><\/p>\n<p>Autor: lyl<\/p>","protected":false},"excerpt":{"rendered":"<p>Bucket Cylinder For Caterpillar Small Excavator E307E Introduction A bucket cylinder is a specially designed hydraulic cylinder primarily used to control the movement of buckets in heavy machinery such as excavators, backhoes, and front-end loaders. Its main function is to enable the bucket to lift, lower, and tilt, making it easier to perform various material [&hellip;]<\/p>","protected":false},"featured_media":14776,"comment_status":"open","ping_status":"closed","template":"","meta":{"_et_pb_use_builder":"","_et_pb_old_content":"","_et_gb_content_width":""},"product_brand":[],"product_cat":[1494],"product_tag":[1495,1496],"class_list":{"0":"post-15215","1":"product","2":"type-product","3":"status-publish","4":"has-post-thumbnail","6":"product_cat-bucket-cylinders","7":"product_tag-bucket-cylinders","8":"product_tag-hydraulic-cylinders","10":"first","11":"instock","12":"shipping-taxable","13":"product-type-simple"},"amp_enabled":true,"_links":{"self":[{"href":"https:\/\/www.hydraulic-cylinders.net\/cs\/wp-json\/wp\/v2\/product\/15215","targetHints":{"allow":["GET"]}}],"collection":[{"href":"https:\/\/www.hydraulic-cylinders.net\/cs\/wp-json\/wp\/v2\/product"}],"about":[{"href":"https:\/\/www.hydraulic-cylinders.net\/cs\/wp-json\/wp\/v2\/types\/product"}],"replies":[{"embeddable":true,"href":"https:\/\/www.hydraulic-cylinders.net\/cs\/wp-json\/wp\/v2\/comments?post=15215"}],"wp:featuredmedia":[{"embeddable":true,"href":"https:\/\/www.hydraulic-cylinders.net\/cs\/wp-json\/wp\/v2\/media\/14776"}],"wp:attachment":[{"href":"https:\/\/www.hydraulic-cylinders.net\/cs\/wp-json\/wp\/v2\/media?parent=15215"}],"wp:term":[{"taxonomy":"product_brand","embeddable":true,"href":"https:\/\/www.hydraulic-cylinders.net\/cs\/wp-json\/wp\/v2\/product_brand?post=15215"},{"taxonomy":"product_cat","embeddable":true,"href":"https:\/\/www.hydraulic-cylinders.net\/cs\/wp-json\/wp\/v2\/product_cat?post=15215"},{"taxonomy":"product_tag","embeddable":true,"href":"https:\/\/www.hydraulic-cylinders.net\/cs\/wp-json\/wp\/v2\/product_tag?post=15215"}],"curies":[{"name":"wp","href":"https:\/\/api.w.org\/{rel}","templated":true}]}}