{"id":15220,"date":"2025-01-19T14:15:22","date_gmt":"2025-01-19T14:15:22","guid":{"rendered":"https:\/\/www.hydraulic-cylinders.net\/product\/bucket-cylinder-for-caterpillar-small-excavator-e305-5e\/"},"modified":"2025-01-19T14:15:24","modified_gmt":"2025-01-19T14:15:24","slug":"bucket-cylinder-for-caterpillar-small-excavator-e305-5e","status":"publish","type":"product","link":"https:\/\/www.hydraulic-cylinders.net\/cs\/produkt\/bucket-cylinder-for-caterpillar-small-excavator-e305-5e\/","title":{"rendered":"V\u00e1lec kope\u010dku pro mal\u00e9 rypadlo Caterpillar E305.5E"},"content":{"rendered":"<h1>V\u00e1lec kope\u010dku pro mal\u00e9 rypadlo Caterpillar E305.5E<\/h1>\n<h2>Zaveden\u00ed<\/h2>\n<h3>Definov\u00e1n\u00ed v\u00e1lce ko\u0161\u00edku<\/h3>\n<p>Hydraulick\u00fd v\u00e1lec kore\u010dkov\u00e9 l\u017e\u00edce je speci\u00e1ln\u011b navr\u017een\u00fd hydraulick\u00fd v\u00e1lec, kter\u00fd se pou\u017e\u00edv\u00e1 hlavn\u011b k ovl\u00e1d\u00e1n\u00ed pohybu r\u00fdpadel nebo l\u017eic v t\u011b\u017ek\u00fdch stroj\u00edch, jako jsou rypadla, r\u00fdpadlo-naklada\u010de a \u010deln\u00ed naklada\u010de. Jeho prim\u00e1rn\u00ed funkc\u00ed je umo\u017enit zved\u00e1n\u00ed, spou\u0161t\u011bn\u00ed a nakl\u00e1p\u011bn\u00ed l\u017e\u00edce, co\u017e usnad\u0148uje prov\u00e1d\u011bn\u00ed r\u016fzn\u00fdch manipula\u010dn\u00edch \u00fakon\u016f s materi\u00e1lem. V hydraulick\u00e9m syst\u00e9mu ovl\u00e1daj\u00ed hydraulick\u00e9 v\u00e1lce kore\u010dkov\u00e9 l\u017e\u00edce p\u0159esn\u00e9 pohyby l\u017e\u00edce zm\u011bnami tlaku hydraulick\u00e9ho oleje, co\u017e umo\u017e\u0148uje obsluze efektivn\u011b manipulovat s t\u011b\u017ek\u00fdmi b\u0159emeny a p\u0159izp\u016fsobovat se slo\u017eit\u00fdm pracovn\u00edm prost\u0159ed\u00edm a rozmanit\u00fdm provozn\u00edm pot\u0159eb\u00e1m.<\/p>\n<p><img decoding=\"async\" src=\"https:\/\/www.hydraulic-cylinders.net\/wp-content\/uploads\/2025\/01\/songte-company-2.webp\"\/><\/p>\n<h3>Funkce<\/h3>\n<ul>\n<li>Vysok\u00e1 pevnost a odolnost: Obvykle se vyr\u00e1b\u00ed z vysokopevnostn\u00ed oceli nebo hlin\u00edku, odol\u00e1v\u00e1 vysok\u00e9mu tlaku a t\u011b\u017ek\u00e9mu zat\u00ed\u017een\u00ed, p\u0159izp\u016fsobuje se n\u00e1ro\u010dn\u00fdm pracovn\u00edm prost\u0159ed\u00edm a p\u0159i konstrukci zohled\u0148uje odolnost proti opot\u0159eben\u00ed a korozi, \u010d\u00edm\u017e prodlu\u017euje \u017eivotnost.<\/li>\n<li>Efektivn\u00ed hydraulick\u00fd provoz: Plynul\u00e9 vysouv\u00e1n\u00ed a zasouv\u00e1n\u00ed je dosa\u017eeno hydraulick\u00fdm tlakem, kter\u00fd dok\u00e1\u017ee rychle reagovat na \u0159\u00eddic\u00ed povely, poskytuje siln\u00e9 tla\u010dn\u00e9 a ta\u017en\u00e9 s\u00edly a je vhodn\u00fd pro manipulaci s t\u011b\u017ek\u00fdmi b\u0159emeny a slo\u017eit\u00fdmi \u00fakoly.<\/li>\n<li>R\u016fzn\u00e9 typy: Podle provozn\u00edch pot\u0159eb lze zvolit jedno\u010dinn\u00e9 (hydraulick\u00fd pohon se pou\u017e\u00edv\u00e1 pouze v jednom sm\u011bru) nebo dvoj\u010dinn\u00e9 (hydraulick\u00fd pohon se pou\u017e\u00edv\u00e1 v obou sm\u011brech) v\u00e1lce. N\u011bkter\u00e9 modely jsou teleskopick\u00e9, co\u017e umo\u017e\u0148uje v\u011bt\u0161\u00ed v\u00fdsuv bez zv\u011bt\u0161en\u00ed vn\u011bj\u0161\u00edch rozm\u011br\u016f, a proto jsou ide\u00e1ln\u00ed pro aplikace s omezen\u00fdm prostorem.<\/li>\n<li>Snadn\u00e1 v\u00fdroba: Na\u0161e produkty mohou tyto hydraulick\u00e9 v\u00e1lce dokonale nahradit.<\/li>\n<\/ul>\n<p><img decoding=\"async\" src=\"https:\/\/www.hydraulic-cylinders.net\/wp-content\/uploads\/2025\/01\/songte-cylinder-head-with-all-kinds-excavator-models.webp\"\/><\/p>\n<h3>Aplikace<\/h3>\n<p>Kore\u010dkov\u00e9 v\u00e1lce se d\u00edky sv\u00e9mu vynikaj\u00edc\u00edmu v\u00fdkonu \u0161iroce pou\u017e\u00edvaj\u00ed v r\u016fzn\u00fdch pr\u016fmyslov\u00fdch odv\u011btv\u00edch. Zde jsou n\u011bkter\u00e9 z b\u011b\u017en\u00fdch aplikac\u00ed:<\/p>\n<h4>Stavebn\u00ed stroje<\/h4>\n<p>U bagr\u016f jsou nezbytn\u00e9 pro kop\u00e1n\u00ed, nakl\u00e1d\u00e1n\u00ed a p\u0159emis\u0165ov\u00e1n\u00ed zeminy nebo suti. U rypadlo-naklada\u010d\u016f pom\u00e1haj\u00ed kore\u010dkov\u00e9 v\u00e1lce jak p\u0159i kop\u00e1n\u00ed, tak p\u0159i zved\u00e1n\u00ed. <\/p>\n<h4>Zem\u011bd\u011blsk\u00e9 stroje<\/h4>\n<p>Pou\u017e\u00edv\u00e1 se v \u010deln\u00edch naklada\u010d\u00edch pro nab\u00edr\u00e1n\u00ed, zved\u00e1n\u00ed a p\u0159epravu zeminy, sena a dal\u0161\u00edch materi\u00e1l\u016f.<\/p>\n<h4>Bagry<\/h4>\n<p>K tomu, aby lopata mohla proniknout do p\u016fdy, se pou\u017e\u00edvaj\u00ed v\u00e1lce s lopatou.<\/p>\n<h4>Naklada\u010de<\/h4>\n<p>U \u010deln\u00edch naklada\u010d\u016f pom\u00e1haj\u00ed efektivn\u011b zvedat a vykl\u00e1dat zbo\u017e\u00ed.<\/p>\n<h3>\u00davahy o n\u00e1vrhu a standardy v\u00fdb\u011bru<\/h3>\n<p>Hydraulick\u00e9 v\u00e1lce kore\u010dk\u016f jsou z\u00e1kladn\u00edmi sou\u010d\u00e1stmi hydraulick\u00fdch syst\u00e9m\u016f a jejich n\u00e1vrh a v\u00fdb\u011br jsou kl\u00ed\u010dov\u00e9. Zde je n\u011bkolik kl\u00ed\u010dov\u00fdch faktor\u016f, kter\u00e9 je t\u0159eba zv\u00e1\u017eit:<\/p>\n<h4>Nosnost<\/h4>\n<p>Kore\u010dkov\u00e9 v\u00e1lce mus\u00ed b\u00fdt navr\u017eeny tak, aby odolaly zat\u00ed\u017een\u00ed vyvolan\u00e9mu za\u0159\u00edzen\u00edm a p\u0159epravovan\u00fdm materi\u00e1lem.<\/p>\n<h4>T\u011bsn\u011bn\u00ed<\/h4>\n<p>T\u011bsn\u011bn\u00ed p\u00edstu a p\u00edstnice mus\u00ed b\u00fdt pe\u010dliv\u011b vybr\u00e1na, aby se zabr\u00e1nilo \u00faniku a kontaminaci. Jako materi\u00e1l se \u010dasto pou\u017e\u00edv\u00e1 polyuretan nebo nitrilov\u00e1 pry\u017e kv\u016fli jejich odolnosti proti opot\u0159eben\u00ed a antikorozn\u00edm vlastnostem.<\/p>\n<h4>Trvanlivost<\/h4>\n<p>V\u00e1lec mus\u00ed b\u00fdt navr\u017een tak, aby odolal n\u00e1ro\u010dn\u00e9mu provozn\u00edmu prost\u0159ed\u00ed a dlouhodob\u011b odol\u00e1val opot\u0159eben\u00ed a korozi.<\/p>\n<h4>Bezpe\u010dnost<\/h4>\n<p>N\u00e1vrh mus\u00ed zohled\u0148ovat bezpe\u010dnostn\u00ed aspekty, aby se minimalizovalo riziko nehod.<\/p>\n<h4>\u00dadr\u017eba<\/h4>\n<p>V\u00e1lec mus\u00ed b\u00fdt navr\u017een tak, aby umo\u017e\u0148oval kontroly, \u00fadr\u017ebu a opravy a aby se dal snadno rozebrat a slo\u017eit.<\/p>\n<p><img decoding=\"async\" src=\"https:\/\/www.hydraulic-cylinders.net\/wp-content\/uploads\/2025\/01\/songte-oil-pipes-and-spare-parts.webp\"\/><\/p>\n<h3>T\u011bsn\u011bn\u00ed a maz\u00e1n\u00ed<\/h3>\n<p>V\u00e1lce kore\u010dk\u016f vy\u017eaduj\u00ed spr\u00e1vn\u00e9 ut\u011bsn\u011bn\u00ed a maz\u00e1n\u00ed, aby byl zaji\u0161t\u011bn optim\u00e1ln\u00ed v\u00fdkon a prodlou\u017een\u00e1 \u017eivotnost. N\u00e1sleduj\u00edc\u00ed kroky jsou nezbytn\u00e9:<\/p>\n<ul>\n<li>R\u016fzn\u00e9 t\u011bsnic\u00ed prvky, jako jsou t\u011bsn\u011bn\u00ed p\u00edst\u016f, t\u011bsn\u011bn\u00ed p\u00edstnic atd., by m\u011bly b\u00fdt pravideln\u011b kontrolov\u00e1ny a v p\u0159\u00edpad\u011b pot\u0159eby vym\u011b\u0148ov\u00e1ny.<\/li>\n<li>T\u011bleso v\u00e1lce a povrch z\u00e1vitu by m\u011bly b\u00fdt p\u0159esn\u011b opracov\u00e1ny, aby se zlep\u0161ila odolnost proti opot\u0159eben\u00ed.<\/li>\n<li>Pravideln\u011b promaz\u00e1vejte hydraulick\u00fd v\u00e1lec vhodn\u00fdm hydraulick\u00fdm olejem, abyste zajistili hladk\u00fd chod a prodlou\u017eili jeho \u017eivotnost.<\/li>\n<\/ul>\n<p><img decoding=\"async\" src=\"https:\/\/www.hydraulic-cylinders.net\/wp-content\/uploads\/2025\/01\/songte-chushion-collar.webp\"\/><\/p>\n<h3>Pravideln\u00e1 \u00fadr\u017eba a preventivn\u00ed opat\u0159en\u00ed<\/h3>\n<ul>\n<li>Pravideln\u00e9 kontroly a spr\u00e1vn\u00e9 maz\u00e1n\u00ed jsou nezbytn\u00e9 pro zaji\u0161t\u011bn\u00ed optim\u00e1ln\u00edho v\u00fdkonu v\u00e1lce.<\/li>\n<li>Co nejd\u0159\u00edve vym\u011b\u0148te v\u0161echny opot\u0159ebovan\u00e9 nebo po\u0161kozen\u00e9 d\u00edly.<\/li>\n<li>Spr\u00e1vn\u00e9 zarovn\u00e1n\u00ed b\u011bhem instalace je z\u00e1sadn\u00ed pro zaji\u0161t\u011bn\u00ed optim\u00e1ln\u00edho v\u00fdkonu.<\/li>\n<li>Spr\u00e1vn\u00e9 vyrovn\u00e1n\u00ed v\u00e1lce a pou\u017eit\u00ed vhodn\u00fdch mont\u00e1\u017en\u00edch konzol m\u016f\u017ee zlep\u0161it jeho \u017eivotnost a sn\u00ed\u017eit riziko po\u0161kozen\u00ed.<\/li>\n<li>Jsou uvedena doporu\u010den\u00ed t\u00fdkaj\u00edc\u00ed se postup\u016f kontroly, opravy a v\u00fdm\u011bny, aby se prodlou\u017eila \u017eivotnost kore\u010dkov\u00e9ho v\u00e1lce.<\/li>\n<\/ul>\n<p><img decoding=\"async\" src=\"https:\/\/www.hydraulic-cylinders.net\/wp-content\/uploads\/2025\/01\/songte-bushings-with-all-kinds-of-excavator-models.webp\"\/><\/p>\n<h3>Bezpe\u010dnostn\u00ed aspekty a faktory prost\u0159ed\u00ed<\/h3>\n<p>P\u0159i pou\u017e\u00edv\u00e1n\u00ed kore\u010dkov\u00fdch v\u00e1lc\u016f jsou bezpe\u010dnostn\u00ed opat\u0159en\u00ed z\u00e1sadn\u00ed pro minimalizaci rizika nehod. Je nezbytn\u00e9 dodr\u017eovat bezpe\u010dnostn\u00ed p\u0159edpisy a provozn\u00ed pokyny.<\/p>\n<h3>Diagnostika poruch a b\u011b\u017en\u00e9 probl\u00e9my<\/h3>\n<p>N\u00e1sleduje n\u011bkolik b\u011b\u017en\u00fdch probl\u00e9m\u016f s kore\u010dkov\u00fdmi v\u00e1lci:<\/p>\n<ul>\n<li>\u00danik hydraulick\u00e9ho oleje.<\/li>\n<li>Un\u00e1\u0161en\u00ed nebo neudr\u017een\u00ed tlaku.<\/li>\n<li>Pomal\u00fd nebo nepravideln\u00fd provoz.<\/li>\n<\/ul>\n<p>Kdy\u017e se tyto probl\u00e9my objev\u00ed, lze k jejich \u0159e\u0161en\u00ed podniknout n\u00e1sleduj\u00edc\u00ed kroky:<\/p>\n<ul>\n<li>Zkontrolujte a vym\u011b\u0148te v\u0161echna opot\u0159ebovan\u00e1 nebo po\u0161kozen\u00e1 t\u011bsn\u011bn\u00ed nebo jin\u00e9 sou\u010d\u00e1sti.<\/li>\n<li>Zkontrolujte, zda nen\u00ed hydraulick\u00fd olej zne\u010di\u0161t\u011bn\u00fd, a v p\u0159\u00edpad\u011b pot\u0159eby jej vym\u011b\u0148te.<\/li>\n<li>Ujist\u011bte se, \u017ee v\u0161echna hydraulick\u00e1 potrub\u00ed a spoje jsou bezpe\u010dn\u011b upevn\u011bn\u00e1 a v dobr\u00e9m stavu.<\/li>\n<\/ul>\n<p><img decoding=\"async\" src=\"https:\/\/hzpt.com\/wp-content\/uploads\/2024\/11\/songte-company-1.webp\"\/><\/p>\n<h2>O n\u00e1s<\/h2>\n<p>Jsme v\u00fdrobcem n\u00e1hradn\u00edch d\u00edl\u016f pro hydraulick\u00e9 v\u00e1lce s \u0161irokou \u0161k\u00e1lou produkt\u016f, co\u017e z n\u00e1s d\u011bl\u00e1 jednoho z p\u0159edn\u00edch v\u00fdrobc\u016f a velkoobchodn\u00edch distributor\u016f hydraulick\u00fdch v\u00e1lc\u016f na dom\u00e1c\u00edm i mezin\u00e1rodn\u00edm trhu. Dodr\u017eujeme princip vynikaj\u00edc\u00ed kvality a spol\u00e9h\u00e1me se na strategie \u0159\u00edzen\u00ed pr\u016fmyslov\u00e9 v\u00fdroby, kter\u00e9 se op\u00edraj\u00ed o p\u0159esn\u00e9 v\u00fdrobn\u00ed d\u00edlny, technick\u00e9 talenty, \u0161pi\u010dkov\u00e9 digit\u00e1ln\u00ed v\u00fdrobn\u00ed za\u0159\u00edzen\u00ed a profesion\u00e1ln\u00ed kontroln\u00ed syst\u00e9my, abychom neust\u00e1le zlep\u0161ovali v\u00fdrobn\u00ed platformu na\u0161\u00ed d\u00edlny, zlep\u0161ovali kvalitu v\u00fdrobn\u00ed linky a m\u011bli silnou kreativitu. Vyv\u00edj\u00edme a vyr\u00e1b\u00edme produkty, kter\u00e9 spl\u0148uj\u00ed po\u017eadavky z\u00e1kazn\u00edk\u016f na z\u00e1klad\u011b princip\u016f vysok\u00e9 \u00fa\u010dinnosti, vysok\u00e9 p\u0159esnosti a vysok\u00e9 kvality.<\/p>\n<p><img decoding=\"async\" src=\"https:\/\/www.hydraulic-cylinders.net\/wp-content\/uploads\/2025\/01\/songte-company-3.webp\"\/><\/p>\n<h3>Profesionalita<\/h3>\n<p>M\u00e1me t\u00fdm technick\u00fdch odborn\u00edk\u016f s bohat\u00fdmi zku\u0161enostmi s v\u00fdrobou, testov\u00e1n\u00edm a kontrolou hydraulick\u00fdch v\u00e1lc\u016f, co\u017e zaji\u0161\u0165uje, \u017ee na\u0161e v\u00fdrobky spl\u0148uj\u00ed mezin\u00e1rodn\u00ed standardy kvality.<\/p>\n<h3>Mezin\u00e1rodn\u00ed certifikace<\/h3>\n<p>Na\u0161e v\u00fdrobky pro\u0161ly r\u016fzn\u00fdmi mezin\u00e1rodn\u00edmi certifikacemi, jako jsou ISO9001:2015, CE, RoHS, UL a dal\u0161\u00ed, co\u017e zaji\u0161\u0165uje, \u017ee na\u0161i z\u00e1kazn\u00edci maj\u00ed v na\u0161e produkty vysokou m\u00edru d\u016fv\u011bry.<\/p>\n<h3>Slu\u017eby p\u0159izp\u016fsoben\u00ed<\/h3>\n<p>Produkt dok\u00e1\u017eeme p\u0159izp\u016fsobit specifick\u00fdm po\u017eadavk\u016fm na\u0161ich z\u00e1kazn\u00edk\u016f a zajistit tak spln\u011bn\u00ed jejich individu\u00e1ln\u00edch pot\u0159eb.<\/p>\n<h3>V\u00fdrobn\u00ed za\u0159\u00edzen\u00ed<\/h3>\n<p>Pou\u017e\u00edv\u00e1me modern\u00ed v\u00fdrobn\u00ed za\u0159\u00edzen\u00ed a kontroln\u00ed syst\u00e9my, abychom zajistili, \u017ee na\u0161e v\u00fdrobky jsou nejvy\u0161\u0161\u00ed kvality a spl\u0148uj\u00ed po\u017eadavky z\u00e1kazn\u00edk\u016f.<\/p>\n<h3>Poprodejn\u00ed slu\u017eby<\/h3>\n<p>Poskytujeme vynikaj\u00edc\u00ed poprodejn\u00ed servis, kter\u00fd zaji\u0161\u0165uje spokojenost na\u0161ich z\u00e1kazn\u00edk\u016f s na\u0161imi produkty a slu\u017ebami. Nab\u00edz\u00edme n\u00e1hradn\u00ed d\u00edly a repase, tipy na prodlou\u017een\u00ed \u017eivotnosti hydraulick\u00fdch v\u00e1lc\u016f a dal\u0161\u00ed.<\/p>\n<h4>Autor: lyl<\/h4>","protected":false},"excerpt":{"rendered":"<p>Bucket Cylinder For Caterpillar Small Excavator E305.5E Introduction Defining Bucket Cylinder A bucket cylinder is a specially designed hydraulic cylinder mainly used to control the movement of shovels or buckets in heavy machinery such as excavators, backhoe loaders, and front-end loaders. Its primary function is to enable the bucket to lift, lower, and tilt, making [&hellip;]<\/p>","protected":false},"featured_media":14762,"comment_status":"open","ping_status":"closed","template":"","meta":{"_et_pb_use_builder":"","_et_pb_old_content":"","_et_gb_content_width":""},"product_brand":[],"product_cat":[1494],"product_tag":[1495,1496],"class_list":{"0":"post-15220","1":"product","2":"type-product","3":"status-publish","4":"has-post-thumbnail","6":"product_cat-bucket-cylinders","7":"product_tag-bucket-cylinders","8":"product_tag-hydraulic-cylinders","10":"first","11":"instock","12":"shipping-taxable","13":"product-type-simple"},"amp_enabled":true,"_links":{"self":[{"href":"https:\/\/www.hydraulic-cylinders.net\/cs\/wp-json\/wp\/v2\/product\/15220","targetHints":{"allow":["GET"]}}],"collection":[{"href":"https:\/\/www.hydraulic-cylinders.net\/cs\/wp-json\/wp\/v2\/product"}],"about":[{"href":"https:\/\/www.hydraulic-cylinders.net\/cs\/wp-json\/wp\/v2\/types\/product"}],"replies":[{"embeddable":true,"href":"https:\/\/www.hydraulic-cylinders.net\/cs\/wp-json\/wp\/v2\/comments?post=15220"}],"wp:featuredmedia":[{"embeddable":true,"href":"https:\/\/www.hydraulic-cylinders.net\/cs\/wp-json\/wp\/v2\/media\/14762"}],"wp:attachment":[{"href":"https:\/\/www.hydraulic-cylinders.net\/cs\/wp-json\/wp\/v2\/media?parent=15220"}],"wp:term":[{"taxonomy":"product_brand","embeddable":true,"href":"https:\/\/www.hydraulic-cylinders.net\/cs\/wp-json\/wp\/v2\/product_brand?post=15220"},{"taxonomy":"product_cat","embeddable":true,"href":"https:\/\/www.hydraulic-cylinders.net\/cs\/wp-json\/wp\/v2\/product_cat?post=15220"},{"taxonomy":"product_tag","embeddable":true,"href":"https:\/\/www.hydraulic-cylinders.net\/cs\/wp-json\/wp\/v2\/product_tag?post=15220"}],"curies":[{"name":"wp","href":"https:\/\/api.w.org\/{rel}","templated":true}]}}