{"id":15230,"date":"2025-01-19T14:16:10","date_gmt":"2025-01-19T14:16:10","guid":{"rendered":"https:\/\/www.hydraulic-cylinders.net\/product\/bucket-cylinder-for-caterpillar-middle-excavator-e240bl\/"},"modified":"2025-01-19T14:16:12","modified_gmt":"2025-01-19T14:16:12","slug":"bucket-cylinder-for-caterpillar-middle-excavator-e240bl","status":"publish","type":"product","link":"https:\/\/www.hydraulic-cylinders.net\/cs\/produkt\/bucket-cylinder-for-caterpillar-middle-excavator-e240bl\/","title":{"rendered":"V\u00e1lec l\u017e\u00edce pro st\u0159edn\u00ed bagr Caterpillar E240BL"},"content":{"rendered":"<h1>V\u00e1lec l\u017e\u00edce pro st\u0159edn\u00ed bagr Caterpillar E240BL<\/h1>\n<h2>Zaveden\u00ed<\/h2>\n<p>Hydraulick\u00fd v\u00e1lec kore\u010dk\u016f je speci\u00e1ln\u011b navr\u017een\u00fd hydraulick\u00fd v\u00e1lec pou\u017e\u00edvan\u00fd k ovl\u00e1d\u00e1n\u00ed pohybu kore\u010dk\u016f v t\u011b\u017ek\u00fdch stroj\u00edch, jako jsou bagry, rypadla a \u010deln\u00ed naklada\u010de. Jeho hlavn\u00ed funkc\u00ed je umo\u017enit kore\u010dce zved\u00e1n\u00ed, spou\u0161t\u011bn\u00ed a nakl\u00e1p\u011bn\u00ed, co\u017e usnad\u0148uje manipulaci s r\u016fzn\u00fdmi materi\u00e1ly. V hydraulick\u00e9m syst\u00e9mu dosahuje v\u00e1lec kore\u010dk\u016f p\u0159esn\u00e9ho ovl\u00e1d\u00e1n\u00ed pohybu kore\u010dk\u016f zm\u011bnami tlaku hydraulick\u00e9ho oleje, co\u017e umo\u017e\u0148uje obsluze efektivn\u011b manipulovat s t\u011b\u017ek\u00fdmi b\u0159emeny a p\u0159izp\u016fsobovat se slo\u017eit\u00fdm pracovn\u00edm prost\u0159ed\u00edm a rozmanit\u00fdm provozn\u00edm po\u017eadavk\u016fm.<\/p>\n<p><img decoding=\"async\" src=\"https:\/\/www.hydraulic-cylinders.net\/wp-content\/uploads\/2025\/01\/songte-company-2.webp\" alt=\"Obr\u00e1zek v\u00e1lce kbel\u00edku\"><\/p>\n<h2>Funkce<\/h2>\n<ul>\n<li>Vysok\u00e1 pevnost a odolnost: Obvykle je vyroben z vysokopevnostn\u00ed oceli nebo hlin\u00edku, odol\u00e1 vysok\u00e9mu tlaku a t\u011b\u017ek\u00e9mu zat\u00ed\u017een\u00ed, p\u0159izp\u016fsob\u00ed se n\u00e1ro\u010dn\u00e9mu pracovn\u00edmu prost\u0159ed\u00ed a je navr\u017een s ohledem na odolnost proti opot\u0159eben\u00ed a korozi, \u010d\u00edm\u017e se prodlu\u017euje jeho \u017eivotnost.<\/li>\n<li>Efektivn\u00ed hydraulick\u00fd provoz: Plynul\u00e9 vysouv\u00e1n\u00ed a smr\u0161\u0165ov\u00e1n\u00ed se dosahuje vyu\u017eit\u00edm tlaku hydraulick\u00e9ho oleje a syst\u00e9m dok\u00e1\u017ee rychle reagovat na \u0159\u00eddic\u00ed povely a poskytovat siln\u00e9 tla\u010dn\u00e9 a ta\u017en\u00e9 s\u00edly, d\u00edky \u010demu\u017e je vhodn\u00fd pro manipulaci s t\u011b\u017ek\u00fdmi b\u0159emeny a slo\u017eit\u00e9 pracovn\u00ed \u00fakoly.<\/li>\n<li>R\u016fzn\u00e9 typy: Jedno\u010dinn\u00e9 (hydraulicky ovl\u00e1dan\u00e9 v jednom sm\u011bru) nebo dvoj\u010dinn\u00e9 (hydraulicky ovl\u00e1dan\u00e9 ve dvou sm\u011brech) v\u00e1lce lze volit dle po\u017eadavk\u016f a spl\u0148ovat r\u016fzn\u00e9 provozn\u00ed pot\u0159eby. N\u011bkter\u00e9 modely jsou teleskopick\u00e9, co\u017e umo\u017e\u0148uje v\u011bt\u0161\u00ed vysunut\u00ed bez zv\u011bt\u0161en\u00ed vn\u011bj\u0161\u00edch rozm\u011br\u016f, a proto jsou vhodn\u00e9 pro aplikace s omezen\u00fdm prostorem.<\/li>\n<li>N\u00e1\u0161 produkt dok\u00e1\u017ee tyto hydraulick\u00e9 v\u00e1lce dokonale nahradit.<\/li>\n<\/ul>\n<p><img decoding=\"async\" src=\"https:\/\/www.hydraulic-cylinders.net\/wp-content\/uploads\/2025\/01\/songte-cylinder-head-with-all-kinds-excavator-models.webp\" alt=\"Obr\u00e1zek v\u00e1lce kbel\u00edku\"><\/p>\n<h2>Aplikace<\/h2>\n<p>Kore\u010dkov\u00fd v\u00e1lec se pou\u017e\u00edv\u00e1 v r\u016fzn\u00fdch t\u011b\u017ek\u00fdch stroj\u00edch:<\/p>\n<ul>\n<li>Stavebn\u00ed stroje: Jsou nezbytn\u00e9 pro bagry p\u0159i kop\u00e1n\u00ed, nakl\u00e1d\u00e1n\u00ed a p\u0159emis\u0165ov\u00e1n\u00ed zeminy nebo suti. U rypadlo-naklada\u010d\u016f pom\u00e1h\u00e1 v\u00e1lec l\u017e\u00edce jak p\u0159i v\u00fdkopu, tak p\u0159i zved\u00e1n\u00ed. <\/li>\n<li>Zem\u011bd\u011blsk\u00e9 stroje: Pou\u017e\u00edvaj\u00ed se v \u010deln\u00edch naklada\u010d\u00edch pro nab\u00edr\u00e1n\u00ed, zved\u00e1n\u00ed a p\u0159epravu p\u016fdy, sena a dal\u0161\u00edch materi\u00e1l\u016f. <\/li>\n<li>Rypadla: V\u00e1lce l\u017e\u00edce umo\u017e\u0148uj\u00ed kop\u00e1n\u00ed t\u00edm, \u017ee umo\u017e\u0148uj\u00ed l\u017e\u00edci proniknout do p\u016fdy. <\/li>\n<li>Naklada\u010de: \u010celn\u00ed naklada\u010de pom\u00e1haj\u00ed efektivn\u011b zvedat a nakl\u00e1n\u011bt zbo\u017e\u00ed. <\/li>\n<\/ul>\n<h2>Konstruk\u010dn\u00ed aspekty a krit\u00e9ria v\u00fdb\u011bru<\/h2>\n<p>Konstrukce kore\u010dkov\u00e9ho v\u00e1lce je z\u00e1sadn\u00ed pro zaji\u0161t\u011bn\u00ed jeho spolehliv\u00e9ho v\u00fdkonu v n\u00e1ro\u010dn\u00fdch pracovn\u00edch podm\u00ednk\u00e1ch. N\u00e1sleduje n\u011bkolik kritick\u00fdch konstruk\u010dn\u00edch aspekt\u016f a krit\u00e9ri\u00ed v\u00fdb\u011bru:<\/p>\n<ul>\n<li>\u00danosnost: Mus\u00ed b\u00fdt schopna odolat vysok\u00e9mu tlaku a t\u011b\u017ek\u00fdm z\u00e1t\u011b\u017e\u00edm. <\/li>\n<li>T\u011bsn\u011bn\u00ed: Mus\u00ed m\u00edt vysoce kvalitn\u00ed t\u011bsnic\u00ed prvky, jako jsou t\u011bsn\u011bn\u00ed p\u00edst\u016f a p\u00edstnic, kter\u00e9 jsou vyrobeny z materi\u00e1l\u016f odoln\u00fdch proti opot\u0159eben\u00ed, jako je polyuretan a nitrilov\u00e1 pry\u017e. <\/li>\n<li>Trvanlivost: T\u011bleso v\u00e1lce a z\u00e1vitov\u00e9 koncov\u00e9 plochy mus\u00ed b\u00fdt jemn\u011b opracov\u00e1ny, aby se zlep\u0161ila odolnost proti opot\u0159eben\u00ed. <\/li>\n<li>Bezpe\u010dnost: Mus\u00ed m\u00edt bezpe\u010dnostn\u00ed prvky, jako jsou obtokov\u00e9 ventily a p\u0159etlakov\u00e9 ventily, aby se zabr\u00e1nilo p\u0159et\u00ed\u017een\u00ed. <\/li>\n<li>\u00dadr\u017eba: Mus\u00ed m\u00edt snadno vym\u011bniteln\u00e9 opot\u0159ebiteln\u00e9 d\u00edly a snadno rozeb\u00edratelnou konstrukci pro \u00fadr\u017ebu. <\/li>\n<\/ul>\n<p><img decoding=\"async\" src=\"https:\/\/www.hydraulic-cylinders.net\/wp-content\/uploads\/2025\/01\/songte-oil-pipes-and-spare-parts.webp\" alt=\"Obr\u00e1zek v\u00e1lce kbel\u00edku\"><\/p>\n<h2>T\u011bsn\u011bn\u00ed a maz\u00e1n\u00ed<\/h2>\n<p>V\u00e1lec kore\u010dkov\u00e9ho v\u00e1lce vy\u017eaduje r\u016fzn\u00e9 t\u011bsnic\u00ed prvky, aby se zabr\u00e1nilo \u00faniku oleje a zajistilo se spr\u00e1vn\u00e9 maz\u00e1n\u00ed. Zde je n\u011bkolik d\u016fle\u017eit\u00fdch bod\u016f, kter\u00e9 je t\u0159eba zv\u00e1\u017eit:<\/p>\n<ul>\n<li>Pou\u017e\u00edvejte r\u016fzn\u00e9 t\u011bsnic\u00ed prvky, jako jsou t\u011bsn\u011bn\u00ed p\u00edst\u016f a t\u011bsn\u011bn\u00ed p\u00edstnic<\/li>\n<li>Vyberte t\u011bsnic\u00ed prvky vyroben\u00e9 z materi\u00e1l\u016f odoln\u00fdch proti opot\u0159eben\u00ed, jako je polyuretan a nitrilov\u00e1 pry\u017e<\/li>\n<li>Ujist\u011bte se, \u017ee t\u011bleso v\u00e1lce a z\u00e1vitov\u00e9 koncov\u00e9 plochy jsou jemn\u011b opracov\u00e1ny pro zlep\u0161en\u00ed odolnosti proti opot\u0159eben\u00ed.<\/li>\n<li>Pravideln\u011b dopl\u0148ujte vhodn\u00fd hydraulick\u00fd olej pro maz\u00e1n\u00ed<\/li>\n<\/ul>\n<h2>\u00dadr\u017eba a opravy<\/h2>\n<p>V\u00e1lec kore\u010dkov\u00e9ho v\u00e1lce vy\u017eaduje pravidelnou kontrolu a preventivn\u00ed \u00fadr\u017ebu, aby byl zaji\u0161t\u011bn jeho optim\u00e1ln\u00ed v\u00fdkon a trvanlivost. N\u00e1sleduje n\u011bkolik b\u011b\u017en\u00fdch \u00fakon\u016f \u00fadr\u017eby:<\/p>\n<ul>\n<li>Pravideln\u00e1 kontrola<\/li>\n<li>Spr\u00e1vn\u00e9 maz\u00e1n\u00ed<\/li>\n<li>V\u00fdm\u011bna t\u011bsn\u011bn\u00ed<\/li>\n<li>Kontrola kalibrace<\/li>\n<\/ul>\n<p><img decoding=\"async\" src=\"https:\/\/www.hydraulic-cylinders.net\/wp-content\/uploads\/2025\/01\/songte-chushion-collar.webp\" alt=\"Obr\u00e1zek v\u00e1lce kbel\u00edku\"><\/p>\n<h2>Bezpe\u010dnostn\u00ed a environment\u00e1ln\u00ed aspekty<\/h2>\n<p>P\u0159i pou\u017e\u00edv\u00e1n\u00ed kore\u010dkov\u00e9ho v\u00e1lce je t\u0159eba dodr\u017eovat bezpe\u010dnostn\u00ed opat\u0159en\u00ed k zaji\u0161t\u011bn\u00ed bezpe\u010dn\u00e9ho provozu. D\u00e1le je t\u0159eba zohlednit i environment\u00e1ln\u00ed aspekty, jako je \u00fanik oleje.<\/p>\n<h2>Diagnostick\u00e9 a b\u011b\u017en\u00e9 probl\u00e9my<\/h2>\n<p>N\u00e1sleduje n\u011bkolik b\u011b\u017en\u00fdch probl\u00e9m\u016f, kter\u00e9 se mohou vyskytnout p\u0159i pou\u017e\u00edv\u00e1n\u00ed kore\u010dkov\u00e9ho v\u00e1lce:<\/p>\n<ul>\n<li>\u00danik oleje<\/li>\n<li>Nedostate\u010dn\u00fd tlak<\/li>\n<li>Pomal\u00fd pohyb<\/li>\n<li>Nadm\u011brn\u00e9 vibrace<\/li>\n<\/ul>\n<h2>P\u0159edstaven\u00ed spole\u010dnosti<\/h2>\n<p>Jsme v\u00fdrobcem hydraulick\u00fdch v\u00e1lc\u016f, kter\u00e9 mohou nahradit p\u016fvodn\u00ed v\u00e1lce. Produkty na\u0161\u00ed spole\u010dnosti jsou rozmanit\u00e9 a stala se jedn\u00edm z p\u0159edn\u00edch v\u00fdrobc\u016f a velkoobchodn\u00edch distributor\u016f hydraulick\u00fdch v\u00e1lc\u016f na dom\u00e1c\u00edm i mezin\u00e1rodn\u00edm trhu. \u0158\u00edd\u00edme se principem vynikaj\u00edc\u00ed kvality a spol\u00e9h\u00e1me na strategie \u0159\u00edzen\u00ed pr\u016fmyslov\u00e9 v\u00fdroby v precizn\u011b zpracovan\u00fdch d\u00edln\u00e1ch. Neust\u00e1le vylep\u0161ujeme na\u0161e v\u00fdrobn\u00ed platformy a zdokonalujeme na\u0161e v\u00fdrobn\u00ed linky pro zv\u00fd\u0161en\u00ed kvality produkt\u016f a m\u00e1me siln\u00e9 v\u00fdrobn\u00ed kapacity. Rozmanit\u00e9 pot\u0159eby na\u0161ich z\u00e1kazn\u00edk\u016f uspokojujeme na z\u00e1klad\u011b na\u0161ich princip\u016f vysok\u00e9 efektivity, vysok\u00e9 p\u0159esnosti a vysok\u00e9 kvality.<\/p>\n<p>Na\u0161e spole\u010dnost tak\u00e9 poskytuje zak\u00e1zkov\u00e9 slu\u017eby a mezin\u00e1rodn\u00ed certifikace, v\u010detn\u011b ISO9001, ISO14001 a CE. Disponujeme profesion\u00e1ln\u00edm v\u00fdrobn\u00edm za\u0159\u00edzen\u00edm a poprodejn\u00edm servisem, v\u010detn\u011b v\u00fdm\u011bny n\u00e1hradn\u00edch d\u00edl\u016f a repas\u00ed, abychom zajistili dlouhou \u017eivotnost na\u0161ich produkt\u016f.<\/p>\n<p><img decoding=\"async\" src=\"https:\/\/hzpt.com\/wp-content\/uploads\/2024\/11\/songte-company-1.webp\" alt=\"Obr\u00e1zek v\u00e1lce kbel\u00edku\"><\/p>\n<p>Autor: lyl<\/p>","protected":false},"excerpt":{"rendered":"<p>Bucket Cylinder For Caterpillar Middle Excavator E240BL Introduction A bucket cylinder is a specially designed hydraulic cylinder used to control the movement of buckets in heavy-duty machinery such as excavators, backhoes, and front loaders. Its main function is to enable the bucket to perform lifting, lowering, and tilting actions, making it easier to handle various [&hellip;]<\/p>","protected":false},"featured_media":14776,"comment_status":"open","ping_status":"closed","template":"","meta":{"_et_pb_use_builder":"","_et_pb_old_content":"","_et_gb_content_width":""},"product_brand":[],"product_cat":[1494],"product_tag":[1495,1496],"class_list":{"0":"post-15230","1":"product","2":"type-product","3":"status-publish","4":"has-post-thumbnail","6":"product_cat-bucket-cylinders","7":"product_tag-bucket-cylinders","8":"product_tag-hydraulic-cylinders","10":"first","11":"instock","12":"shipping-taxable","13":"product-type-simple"},"amp_enabled":true,"_links":{"self":[{"href":"https:\/\/www.hydraulic-cylinders.net\/cs\/wp-json\/wp\/v2\/product\/15230","targetHints":{"allow":["GET"]}}],"collection":[{"href":"https:\/\/www.hydraulic-cylinders.net\/cs\/wp-json\/wp\/v2\/product"}],"about":[{"href":"https:\/\/www.hydraulic-cylinders.net\/cs\/wp-json\/wp\/v2\/types\/product"}],"replies":[{"embeddable":true,"href":"https:\/\/www.hydraulic-cylinders.net\/cs\/wp-json\/wp\/v2\/comments?post=15230"}],"wp:featuredmedia":[{"embeddable":true,"href":"https:\/\/www.hydraulic-cylinders.net\/cs\/wp-json\/wp\/v2\/media\/14776"}],"wp:attachment":[{"href":"https:\/\/www.hydraulic-cylinders.net\/cs\/wp-json\/wp\/v2\/media?parent=15230"}],"wp:term":[{"taxonomy":"product_brand","embeddable":true,"href":"https:\/\/www.hydraulic-cylinders.net\/cs\/wp-json\/wp\/v2\/product_brand?post=15230"},{"taxonomy":"product_cat","embeddable":true,"href":"https:\/\/www.hydraulic-cylinders.net\/cs\/wp-json\/wp\/v2\/product_cat?post=15230"},{"taxonomy":"product_tag","embeddable":true,"href":"https:\/\/www.hydraulic-cylinders.net\/cs\/wp-json\/wp\/v2\/product_tag?post=15230"}],"curies":[{"name":"wp","href":"https:\/\/api.w.org\/{rel}","templated":true}]}}