{"id":15244,"date":"2025-01-19T14:17:12","date_gmt":"2025-01-19T14:17:12","guid":{"rendered":"https:\/\/www.hydraulic-cylinders.net\/product\/bucket-cylinder-for-caterpillar-large-excavator-e349dz\/"},"modified":"2025-01-19T14:17:14","modified_gmt":"2025-01-19T14:17:14","slug":"bucket-cylinder-for-caterpillar-large-excavator-e349dz","status":"publish","type":"product","link":"https:\/\/www.hydraulic-cylinders.net\/cs\/produkt\/bucket-cylinder-for-caterpillar-large-excavator-e349dz\/","title":{"rendered":"V\u00e1lec l\u017e\u00edce pro velk\u00e9 rypadlo Caterpillar E349DZ"},"content":{"rendered":"<h1>V\u00e1lec l\u017e\u00edce pro velk\u00e9 rypadlo Caterpillar E349DZ<\/h1>\n<h2>Zaveden\u00ed<\/h2>\n<p>A bucket cylinder is a specially designed hydraulic cylinder that controls the movement of buckets in heavy machinery such as excavators, backhoe loaders, and front-end loaders. Its main function is to allow the bucket to lift, lower, and tilt, making it easier to handle various materials. In the hydraulic system, the bucket cylinder achieves precise control of the bucket&#8217;s movement through changes in hydraulic oil pressure, enabling operators to efficiently handle heavy loads and adapt to complex work environments and diverse operational needs.<\/p>\n<p><img decoding=\"async\" src=\"https:\/\/www.hydraulic-cylinders.net\/wp-content\/uploads\/2025\/01\/songte-company-2.webp\"><\/p>\n<h2>Funkce<\/h2>\n<ul>\n<li>\n<h3>Vysok\u00e1 pevnost a trvanlivost<\/h3>\n<\/li>\n<p>Kore\u010dkov\u00e9 v\u00e1lce se obvykle vyr\u00e1b\u011bj\u00ed z vysokopevnostn\u00ed oceli nebo hlin\u00edku, kter\u00e9 odol\u00e1vaj\u00ed vysok\u00e9mu tlaku a t\u011b\u017ek\u00e9mu zat\u00ed\u017een\u00ed, p\u0159izp\u016fsobuj\u00ed se n\u00e1ro\u010dn\u00e9mu pracovn\u00edmu prost\u0159ed\u00ed a jsou navr\u017eeny s ohledem na odolnost proti opot\u0159eben\u00ed a korozi, aby se prodlou\u017eila jejich \u017eivotnost.<\/p>\n<li>\n<h3>Efektivn\u00ed hydraulick\u00fd provoz<\/h3>\n<\/li>\n<p>Kore\u010dkov\u00e9 v\u00e1lce vyu\u017e\u00edvaj\u00ed hydraulick\u00fd tlak oleje k dosa\u017een\u00ed plynul\u00e9ho vysouv\u00e1n\u00ed a smr\u0161\u0165ov\u00e1n\u00ed a dok\u00e1\u017e\u00ed rychle reagovat na \u0159\u00eddic\u00ed povely a poskytovat siln\u00e9 tla\u010dn\u00e9 a ta\u017en\u00e9 s\u00edly, d\u00edky \u010demu\u017e jsou vhodn\u00e9 pro manipulaci s t\u011b\u017ek\u00fdmi b\u0159emeny a slo\u017eit\u00e9 provozn\u00ed \u00fakoly.<\/p>\n<li>\n<h3>R\u016fzn\u00e9 typy<\/h3>\n<\/li>\n<p>Kore\u010dkov\u00e9 v\u00e1lce lze volit podle provozn\u00edch pot\u0159eb, nap\u0159\u00edklad jako jedno\u010dinn\u00e9 (hydraulika se pou\u017e\u00edv\u00e1 pouze v jednom sm\u011bru) nebo dvoj\u010dinn\u00e9 (hydraulika se pou\u017e\u00edv\u00e1 v obou sm\u011brech). N\u011bkter\u00e9 modely jsou teleskopick\u00e9, co\u017e umo\u017e\u0148uje v\u011bt\u0161\u00ed vysunut\u00ed bez zv\u011bt\u0161en\u00ed vn\u011bj\u0161\u00edch rozm\u011br\u016f, a proto jsou vhodn\u00e9 pro aplikace s omezen\u00fdm prostorem.<\/p>\n<li>\n<h3>Kompatibiln\u00ed n\u00e1hrada<\/h3>\n<\/li>\n<p>Na\u0161e produkty dok\u00e1\u017e\u00ed tyto hydraulick\u00e9 v\u00e1lce dokonale nahradit.<\/p>\n<\/ul>\n<p><img decoding=\"async\" src=\"https:\/\/www.hydraulic-cylinders.net\/wp-content\/uploads\/2025\/01\/songte-cylinder-head-with-all-kinds-excavator-models.webp\"><\/p>\n<h2>Aplikace<\/h2>\n<p>Kore\u010dkov\u00e9 v\u00e1lce se \u0161iroce pou\u017e\u00edvaj\u00ed v r\u016fzn\u00fdch pr\u016fmyslov\u00fdch odv\u011btv\u00edch, jako jsou stavebn\u00ed stroje, zem\u011bd\u011blsk\u00e9 stroje, bagry a naklada\u010de. Zde je n\u011bkolik p\u0159\u00edklad\u016f:<\/p>\n<ul>\n<li>\n<h3>Stavebn\u00ed stroje<\/h3>\n<\/li>\n<p>V\u00e1lce kore\u010dk\u016f jsou nezbytn\u00e9 pro kop\u00e1n\u00ed, nakl\u00e1d\u00e1n\u00ed a p\u0159emis\u0165ov\u00e1n\u00ed zeminy nebo suti v bagrech a rypadlo-naklada\u010d\u00edch. U \u010deln\u00edch naklada\u010d\u016f pom\u00e1haj\u00ed efektivn\u011b zvedat a nakl\u00e1n\u011bt zbo\u017e\u00ed.<\/p>\n<li>\n<h3>Zem\u011bd\u011blsk\u00e9 stroje<\/h3>\n<\/li>\n<p>Kore\u010dkov\u00e9 v\u00e1lce se pou\u017e\u00edvaj\u00ed u \u010deln\u00edch naklada\u010d\u016f ke zved\u00e1n\u00ed, nab\u00edr\u00e1n\u00ed a p\u0159eprav\u011b zeminy, sena a dal\u0161\u00edch materi\u00e1l\u016f.<\/p>\n<li>\n<h3>Bagry<\/h3>\n<\/li>\n<p>V\u00e1lce kore\u010dk\u016f umo\u017e\u0148uj\u00ed v\u00fdkop t\u00edm, \u017ee umo\u017e\u0148uj\u00ed kore\u010dce proniknout do p\u016fdy.<\/p>\n<li>\n<h3>Naklada\u010de<\/h3>\n<\/li>\n<p>V\u00e1lce kore\u010dk\u016f pom\u00e1haj\u00ed efektivn\u011b zvedat a nakl\u00e1n\u011bt zbo\u017e\u00ed v \u010deln\u00edch naklada\u010d\u00edch.<\/p>\n<\/ul>\n<h2>Konstruk\u010dn\u00ed aspekty a krit\u00e9ria v\u00fdb\u011bru<\/h2>\n<p>P\u0159i v\u00fdb\u011bru kore\u010dkov\u00fdch v\u00e1lc\u016f je t\u0159eba zv\u00e1\u017eit r\u016fzn\u00e9 faktory, jako je nosnost, t\u011bsn\u011bn\u00ed, trvanlivost, bezpe\u010dnost a \u00fadr\u017eba. Zde jsou n\u011bkter\u00e9 konstruk\u010dn\u00ed aspekty a krit\u00e9ria v\u00fdb\u011bru:<\/p>\n<ul>\n<li>\n<h3>Nosnost<\/h3>\n<\/li>\n<p>V\u00e1lec kore\u010dkov\u00e9ho v\u00e1lce mus\u00ed b\u00fdt schopen odolat maxim\u00e1ln\u00edmu zat\u00ed\u017een\u00ed, kter\u00e9 m\u016f\u017ee b\u011bhem provozu vzniknout.<\/p>\n<li>\n<h3>T\u011bsn\u011bn\u00ed<\/h3>\n<\/li>\n<p>V\u00e1lec lopaty by m\u011bl m\u00edt dobr\u00e9 t\u011bsn\u011bn\u00ed, aby se zabr\u00e1nilo \u00faniku oleje a zajistil se plynul\u00fd provoz.<\/p>\n<li>\n<h3>Trvanlivost<\/h3>\n<\/li>\n<p>V\u00e1lec kore\u010dkov\u00e9ho v\u00e1lce by m\u011bl b\u00fdt vyroben z vysoce kvalitn\u00edch a odoln\u00fdch materi\u00e1l\u016f, aby odolal n\u00e1ro\u010dn\u00e9mu pracovn\u00edmu prost\u0159ed\u00ed a zajistil dlouhou \u017eivotnost.<\/p>\n<li>\n<h3>Bezpe\u010dnost<\/h3>\n<\/li>\n<p>V\u00e1lec s kope\u010dkem by m\u011bl m\u00edt bezpe\u010dnostn\u00ed prvky, jako jsou pojistn\u00e9 ventily a tlakom\u011bry, aby se zabr\u00e1nilo p\u0159et\u00ed\u017een\u00ed a zajistil se bezpe\u010dn\u00fd provoz.<\/p>\n<li>\n<h3>Udr\u017eovatelnost<\/h3>\n<\/li>\n<p>\u00dadr\u017eba a opravy v\u00e1lce kore\u010dkov\u00e9ho v\u00e1lce by m\u011bly b\u00fdt snadn\u00e9 a n\u00e1hradn\u00ed d\u00edly by m\u011bly b\u00fdt snadno dostupn\u00e9.<\/p>\n<\/ul>\n<p><img decoding=\"async\" src=\"https:\/\/www.hydraulic-cylinders.net\/wp-content\/uploads\/2025\/01\/songte-oil-pipes-and-spare-parts.webp\"><\/p>\n<h2>T\u011bsn\u011bn\u00ed a maz\u00e1n\u00ed<\/h2>\n<p>V kore\u010dkov\u00fdch v\u00e1lc\u00edch by se m\u011bly pou\u017e\u00edvat r\u016fzn\u00e9 t\u011bsnic\u00ed prvky, jako jsou p\u00edstn\u00ed t\u011bsn\u011bn\u00ed a t\u011bsn\u011bn\u00ed p\u00edstnice, aby se zabr\u00e1nilo \u00faniku oleje a zajistil se hladk\u00fd chod. T\u011bsn\u011bn\u00ed by m\u011bla b\u00fdt vyrobena z materi\u00e1l\u016f odoln\u00fdch proti opot\u0159eben\u00ed, jako je polyuretan a nitrilov\u00e1 pry\u017e. T\u011bleso v\u00e1lce a z\u00e1vitov\u00e9 konce by m\u011bly b\u00fdt jemn\u011b opracov\u00e1ny pro zlep\u0161en\u00ed odolnosti proti opot\u0159eben\u00ed. Kore\u010dkov\u00fd v\u00e1lec vy\u017eaduje pravideln\u00e9 maz\u00e1n\u00ed hydraulick\u00fdm olejem, aby byl zaji\u0161t\u011bn hladk\u00fd chod. <\/p>\n<h2>\u00dadr\u017eba a opravy<\/h2>\n<p>Pravideln\u00e1 kontrola a preventivn\u00ed \u00fadr\u017eba mohou pomoci p\u0159edch\u00e1zet potenci\u00e1ln\u00edm probl\u00e9m\u016fm a prodlou\u017eit \u017eivotnost kore\u010dkov\u00e9ho v\u00e1lce. Zde jsou t\u0159i b\u011b\u017en\u00e9 \u00fakony \u00fadr\u017eby:<\/p>\n<ul>\n<li>Pravideln\u00e1 kontrola<\/li>\n<p>Pravideln\u011b kontrolujte \u00faniky oleje, opot\u0159eben\u00ed a dal\u0161\u00ed probl\u00e9my.<\/p>\n<li>Vhodn\u00e9 maz\u00e1n\u00ed<\/li>\n<p>Ujist\u011bte se, \u017ee je v\u00e1lec lopaty \u0159\u00e1dn\u011b promaz\u00e1n hydraulick\u00fdm olejem.<\/p>\n<li>V\u00fdm\u011bna t\u011bsn\u011bn\u00ed a kontrola kalibrace<\/li>\n<p>Pravideln\u011b vym\u011b\u0148ujte opot\u0159ebovan\u00e1 t\u011bsn\u011bn\u00ed a kontrolujte kalibraci, abyste zajistili optim\u00e1ln\u00ed v\u00fdkon.<\/p>\n<\/ul>\n<p><img decoding=\"async\" src=\"https:\/\/www.hydraulic-cylinders.net\/wp-content\/uploads\/2025\/01\/songte-chushion-collar.webp\"><\/p>\n<h2>Bezpe\u010dnostn\u00ed a environment\u00e1ln\u00ed aspekty<\/h2>\n<p>P\u0159i pou\u017e\u00edv\u00e1n\u00ed kore\u010dkov\u00fdch v\u00e1lc\u016f je t\u0159eba dodr\u017eovat bezpe\u010dnostn\u00ed opat\u0159en\u00ed, aby se p\u0159ede\u0161lo nehod\u00e1m. Je nezbytn\u00e9 dodr\u017eovat bezpe\u010dnostn\u00ed pokyny a pou\u017e\u00edvat vhodn\u00e9 osobn\u00ed ochrann\u00e9 prost\u0159edky. Je t\u0159eba zohlednit i aspekty ochrany \u017eivotn\u00edho prost\u0159ed\u00ed, jako je spr\u00e1vn\u00e1 likvidace hydraulick\u00e9ho oleje a dal\u0161\u00edho odpadu.<\/p>\n<h2>Odstra\u0148ov\u00e1n\u00ed probl\u00e9m\u016f a b\u011b\u017en\u00e9 probl\u00e9my<\/h2>\n<p>Zde jsou n\u011bkter\u00e9 b\u011b\u017en\u00e9 probl\u00e9my, kter\u00e9 se mohou vyskytnout p\u0159i pou\u017e\u00edv\u00e1n\u00ed kore\u010dkov\u00fdch v\u00e1lc\u016f, a n\u011bkolik n\u00e1vrh\u016f pro \u0159e\u0161en\u00ed probl\u00e9m\u016f:<\/p>\n<ul>\n<li>\n<h3>\u00danik oleje<\/h3>\n<\/li>\n<p>Zkontrolujte, zda nejsou t\u011bsn\u011bn\u00ed po\u0161kozen\u00e1, a v p\u0159\u00edpad\u011b pot\u0159eby je vym\u011b\u0148te.<\/p>\n<li>\n<h3>Pomal\u00fd provoz<\/h3>\n<\/li>\n<p>Zkontrolujte, zda nen\u00ed dostatek hydraulick\u00e9ho oleje, a v p\u0159\u00edpad\u011b pot\u0159eby jej dopl\u0148te.<\/p>\n<li>\n<h3>Nadm\u011brn\u00fd hluk<\/h3>\n<\/li>\n<p>Zkontrolujte, zda nejsou po\u0161kozen\u00e9 nebo opot\u0159ebovan\u00e9 sou\u010d\u00e1sti, a v p\u0159\u00edpad\u011b pot\u0159eby je vym\u011b\u0148te.<\/p>\n<\/ul>\n<p><img decoding=\"async\" src=\"https:\/\/www.hydraulic-cylinders.net\/wp-content\/uploads\/2025\/01\/songte-bushings-with-all-kinds-of-excavator-models.webp\"><\/p>\n<h2>O na\u0161\u00ed spole\u010dnosti<\/h2>\n<p>Jsme v\u00fdrobcem n\u00e1hradn\u00edch hydraulick\u00fdch v\u00e1lc\u016f s kompletn\u00ed nab\u00eddkou produkt\u016f a stali jsme se jedn\u00edm z p\u0159edn\u00edch v\u00fdrobc\u016f a velkoobchodn\u00edch distributor\u016f hydraulick\u00fdch v\u00e1lc\u016f na dom\u00e1c\u00edm i mezin\u00e1rodn\u00edm trhu. Dodr\u017eujeme princip excelence v kvalit\u011b a spol\u00e9h\u00e1me na strategie \u0159\u00edzen\u00ed pr\u016fmyslov\u00e9 v\u00fdroby v jemn\u00fdch v\u00fdrobn\u00edch d\u00edln\u00e1ch. Na\u0161e spole\u010dnost neust\u00e1le vylep\u0161uje v\u00fdrobn\u00ed platformu d\u00edlny, zdokonaluje v\u00fdrobn\u00ed linku kvality produkt\u016f a m\u00e1 siln\u00fd tv\u016fr\u010d\u00ed potenci\u00e1l. Spl\u0148ujeme rozmanit\u00e9 pot\u0159eby na\u0161ich z\u00e1kazn\u00edk\u016f s vysokou efektivitou, vysokou p\u0159esnost\u00ed a vysok\u00fdmi standardy kvality.<\/p>\n<p><img decoding=\"async\" src=\"https:\/\/hzpt.com\/wp-content\/uploads\/2024\/11\/songte-company-1.webp\"><\/p>\n<h2>Na\u0161e slu\u017eby<\/h2>\n<ul>\n<li>\n<h3>Profesionalita<\/h3>\n<\/li>\n<p>M\u00e1me t\u00fdm profesion\u00e1ln\u00edch in\u017een\u00fdr\u016f a technik\u016f, kte\u0159\u00ed dok\u00e1\u017e\u00ed poskytnout \u0159e\u0161en\u00ed na m\u00edru pro va\u0161e pot\u0159eby v oblasti hydraulick\u00fdch v\u00e1lc\u016f.<\/p>\n<li>\n<h3>Mezin\u00e1rodn\u00ed certifikace<\/h3>\n<\/li>\n<p>Z\u00edskali jsme mezin\u00e1rodn\u00ed certifikace jako ISO9001, CE a SGS, kter\u00e9 zaru\u010duj\u00ed, \u017ee kvalita na\u0161ich v\u00fdrobk\u016f spl\u0148uje mezin\u00e1rodn\u00ed standardy.<\/p>\n<li>\n<h3>Slu\u017eby p\u0159izp\u016fsoben\u00ed<\/h3>\n<\/li>\n<p>Nab\u00edz\u00edme slu\u017eby p\u0159izp\u016fsoben\u00ed, abychom splnili specifick\u00e9 pot\u0159eby na\u0161ich z\u00e1kazn\u00edk\u016f.<\/p>\n<li>\n<h3>Pokro\u010dil\u00e9 v\u00fdrobn\u00ed za\u0159\u00edzen\u00ed<\/h3>\n<\/li>\n<p>Pou\u017e\u00edv\u00e1me modern\u00ed v\u00fdrobn\u00ed za\u0159\u00edzen\u00ed a testovac\u00ed syst\u00e9my, abychom zajistili kvalitu na\u0161ich produkt\u016f.<\/p>\n<li>\n<h3>Poprodejn\u00ed servis<\/h3>\n<\/li>\n<p>Poskytujeme poprodejn\u00ed servis a technickou podporu, abychom zajistili dlouhodob\u00fd v\u00fdkon na\u0161ich produkt\u016f.<\/p>\n<\/ul>\n<p>Autor: lyl<\/p>","protected":false},"excerpt":{"rendered":"<p>Bucket Cylinder For Caterpillar Large Excavator E349DZ Introduction A bucket cylinder is a specially designed hydraulic cylinder that controls the movement of buckets in heavy machinery such as excavators, backhoe loaders, and front-end loaders. Its main function is to allow the bucket to lift, lower, and tilt, making it easier to handle various materials. In [&hellip;]<\/p>","protected":false},"featured_media":14778,"comment_status":"open","ping_status":"closed","template":"","meta":{"_et_pb_use_builder":"","_et_pb_old_content":"","_et_gb_content_width":""},"product_brand":[],"product_cat":[1494],"product_tag":[1495,1496],"class_list":{"0":"post-15244","1":"product","2":"type-product","3":"status-publish","4":"has-post-thumbnail","6":"product_cat-bucket-cylinders","7":"product_tag-bucket-cylinders","8":"product_tag-hydraulic-cylinders","10":"first","11":"instock","12":"shipping-taxable","13":"product-type-simple"},"amp_enabled":true,"_links":{"self":[{"href":"https:\/\/www.hydraulic-cylinders.net\/cs\/wp-json\/wp\/v2\/product\/15244","targetHints":{"allow":["GET"]}}],"collection":[{"href":"https:\/\/www.hydraulic-cylinders.net\/cs\/wp-json\/wp\/v2\/product"}],"about":[{"href":"https:\/\/www.hydraulic-cylinders.net\/cs\/wp-json\/wp\/v2\/types\/product"}],"replies":[{"embeddable":true,"href":"https:\/\/www.hydraulic-cylinders.net\/cs\/wp-json\/wp\/v2\/comments?post=15244"}],"wp:featuredmedia":[{"embeddable":true,"href":"https:\/\/www.hydraulic-cylinders.net\/cs\/wp-json\/wp\/v2\/media\/14778"}],"wp:attachment":[{"href":"https:\/\/www.hydraulic-cylinders.net\/cs\/wp-json\/wp\/v2\/media?parent=15244"}],"wp:term":[{"taxonomy":"product_brand","embeddable":true,"href":"https:\/\/www.hydraulic-cylinders.net\/cs\/wp-json\/wp\/v2\/product_brand?post=15244"},{"taxonomy":"product_cat","embeddable":true,"href":"https:\/\/www.hydraulic-cylinders.net\/cs\/wp-json\/wp\/v2\/product_cat?post=15244"},{"taxonomy":"product_tag","embeddable":true,"href":"https:\/\/www.hydraulic-cylinders.net\/cs\/wp-json\/wp\/v2\/product_tag?post=15244"}],"curies":[{"name":"wp","href":"https:\/\/api.w.org\/{rel}","templated":true}]}}