{"id":15255,"date":"2025-01-19T14:18:02","date_gmt":"2025-01-19T14:18:02","guid":{"rendered":"https:\/\/www.hydraulic-cylinders.net\/product\/bucket-cylinder-for-caterpillar-large-excavator-e330d-330l\/"},"modified":"2025-01-19T14:18:04","modified_gmt":"2025-01-19T14:18:04","slug":"bucket-cylinder-for-caterpillar-large-excavator-e330d-330l","status":"publish","type":"product","link":"https:\/\/www.hydraulic-cylinders.net\/cs\/produkt\/bucket-cylinder-for-caterpillar-large-excavator-e330d-330l\/","title":{"rendered":"V\u00e1lec kore\u010dkov\u00e9ho v\u00e1lce pro velk\u00e9 rypadlo Caterpillar E330D\/330L"},"content":{"rendered":"<h1>V\u00e1lec kore\u010dkov\u00e9ho v\u00e1lce pro velk\u00e9 rypadlo Caterpillar E330D\/330L<\/h1>\n<h2>Zaveden\u00ed<\/h2>\n<p>Hydraulick\u00fd v\u00e1lec l\u017e\u00edce pro velk\u00e1 rypadla Caterpillar E330D\/330L je speci\u00e1ln\u011b navr\u017een\u00fd hydraulick\u00fd v\u00e1lec, kter\u00fd se pou\u017e\u00edv\u00e1 hlavn\u011b k ovl\u00e1d\u00e1n\u00ed pohybu l\u017e\u00edce v t\u011b\u017ek\u00fdch stroj\u00edch, jako jsou rypadla, rypadla a \u010deln\u00ed naklada\u010de. Jeho hlavn\u00ed funkc\u00ed je umo\u017enit zved\u00e1n\u00ed, spou\u0161t\u011bn\u00ed a nakl\u00e1p\u011bn\u00ed l\u017e\u00edce, co\u017e usnad\u0148uje manipulaci s r\u016fzn\u00fdmi materi\u00e1ly. V hydraulick\u00e9m syst\u00e9mu v\u00e1lec l\u017e\u00edce \u0159\u00edd\u00ed p\u0159esn\u00fd pohyb l\u017e\u00edce zm\u011bnami tlaku hydraulick\u00e9ho oleje, co\u017e umo\u017e\u0148uje obsluze efektivn\u011b manipulovat s t\u011b\u017ek\u00fdmi b\u0159emeny a p\u0159izp\u016fsobovat se slo\u017eit\u00fdm pracovn\u00edm prost\u0159ed\u00edm a rozmanit\u00fdm provozn\u00edm po\u017eadavk\u016fm.<\/p>\n<p><img decoding=\"async\" src=\"https:\/\/www.hydraulic-cylinders.net\/wp-content\/uploads\/2025\/01\/songte-company-2.webp\" \/><\/p>\n<h2>Funkce<\/h2>\n<ul>\n<li>\n<h3>Vysok\u00e1 pevnost a trvanlivost<\/h3>\n<p>Kore\u010dkov\u00fd v\u00e1lec je obvykle vyroben z vysokopevnostn\u00ed oceli nebo hlin\u00edku, kter\u00e9 odol\u00e1vaj\u00ed vysok\u00e9mu tlaku a t\u011b\u017ek\u00e9mu zat\u00ed\u017een\u00ed, p\u0159izp\u016fsob\u00ed se n\u00e1ro\u010dn\u00e9mu pracovn\u00edmu prost\u0159ed\u00ed a jsou navr\u017eeny pro odolnost proti opot\u0159eben\u00ed a korozi, co\u017e prodlu\u017euje jejich \u017eivotnost.<\/p>\n<\/li>\n<li>\n<h3>Efektivn\u00ed hydraulick\u00fd provoz<\/h3>\n<p>V\u00e1lec kore\u010dkov\u00e9ho v\u00e1lce vyu\u017e\u00edv\u00e1 tlak hydraulick\u00e9ho oleje k dosa\u017een\u00ed plynul\u00e9ho vysouv\u00e1n\u00ed a smr\u0161\u0165ov\u00e1n\u00ed, dok\u00e1\u017ee rychle reagovat na \u0159\u00eddic\u00ed povely, poskytuje siln\u00e9 tla\u010dn\u00e9 a ta\u017en\u00e9 s\u00edly a je vhodn\u00fd pro manipulaci s t\u011b\u017ek\u00fdmi b\u0159emeny a slo\u017eit\u00e9 provozn\u00ed \u00fakoly.<\/p>\n<\/li>\n<li>\n<h3>R\u016fzn\u00e9 typy<\/h3>\n<p>V\u00e1lec kore\u010dkov\u00e9ho v\u00e1lce lze zvolit jako jedno\u010dinn\u00fd (hydraulick\u00fd pohon se pou\u017e\u00edv\u00e1 pouze v jednom sm\u011bru) nebo dvoj\u010dinn\u00fd (hydraulick\u00fd pohon se pou\u017e\u00edv\u00e1 v obou sm\u011brech) dle pot\u0159eb a provozn\u00edch po\u017eadavk\u016f. N\u011bkter\u00e9 modely jsou teleskopick\u00e9, co\u017e umo\u017e\u0148uje v\u011bt\u0161\u00ed v\u00fdsuv bez zv\u011bt\u0161en\u00ed vn\u011bj\u0161\u00edch rozm\u011br\u016f, a jsou vhodn\u00e9 pro aplikace s omezen\u00fdm prostorem.<\/p>\n<\/li>\n<li>\n<h3>Dokonal\u00e1 n\u00e1hrada<\/h3>\n<p>Na\u0161e produkty dok\u00e1\u017e\u00ed tyto hydraulick\u00e9 v\u00e1lce dokonale nahradit. Nab\u00edz\u00edme r\u016fzn\u00e9 typy a modely kore\u010dkov\u00fdch v\u00e1lc\u016f a m\u016f\u017eeme je p\u0159izp\u016fsobit po\u017eadavk\u016fm z\u00e1kazn\u00edk\u016f.<\/p>\n<\/li>\n<li>\n<h3>\u0160irok\u00e9 pou\u017eit\u00ed<\/h3>\n<p>Kore\u010dkov\u00fd v\u00e1lec se \u0161iroce pou\u017e\u00edv\u00e1 v r\u016fzn\u00fdch stavebn\u00edch stroj\u00edch, jako jsou bagry, rypadla, \u010deln\u00ed naklada\u010de, a v zem\u011bd\u011blsk\u00fdch stroj\u00edch, jako jsou naklada\u010de, bagry atd. Pou\u017e\u00edv\u00e1 se tak\u00e9 v jin\u00fdch manipula\u010dn\u00edch za\u0159\u00edzen\u00edch, jako jsou vysokozdvi\u017en\u00e9 voz\u00edky.<\/p>\n<\/li>\n<\/ul>\n<h2>Konstruk\u010dn\u00ed aspekty a krit\u00e9ria v\u00fdb\u011bru<\/h2>\n<ul>\n<li>\n<h3>\u00danosnost<\/h3>\n<p>Kore\u010dkov\u00fd v\u00e1lec mus\u00ed b\u00fdt schopen odolat zat\u00ed\u017een\u00ed a tlaku manipulovan\u00e9ho materi\u00e1lu a \u00fanosnost v\u00e1lce by m\u011bla b\u00fdt stanovena podle specifick\u00fdch provozn\u00edch po\u017eadavk\u016f.<\/p>\n<\/li>\n<li>\n<h3>T\u011bsnic\u00ed v\u00fdkon<\/h3>\n<p>Kore\u010dkov\u00fd v\u00e1lec pou\u017e\u00edv\u00e1 r\u016fzn\u00e9 t\u011bsnic\u00ed prvky, jako jsou t\u011bsn\u011bn\u00ed p\u00edstu a t\u011bsn\u011bn\u00ed p\u00edstnice, vyroben\u00e9 z materi\u00e1l\u016f odoln\u00fdch proti opot\u0159eben\u00ed, jako je polyuretan a nitrilov\u00e1 pry\u017e, aby se zajistil dobr\u00fd t\u011bsnic\u00ed v\u00fdkon a zabr\u00e1nilo se \u00faniku oleje. T\u011bleso v\u00e1lce a povrch z\u00e1vitu jsou jemn\u011b opracov\u00e1ny pro zlep\u0161en\u00ed odolnosti proti opot\u0159eben\u00ed.<\/p>\n<\/li>\n<li>\n<h3>Trvanlivost<\/h3>\n<p>Kbel\u00edkov\u00fd v\u00e1lec by m\u011bl b\u00fdt vyroben z vysoce kvalitn\u00edch materi\u00e1l\u016f a v\u00fdb\u011br materi\u00e1l\u016f a v\u00fdrobn\u00edch proces\u016f by m\u011bl zajistit dobrou odolnost a prodlou\u017eit \u017eivotnost v\u00e1lce.<\/p>\n<\/li>\n<li>\n<h3>Bezpe\u010dnost<\/h3>\n<p>Kore\u010dkov\u00fd v\u00e1lec by m\u011bl b\u00fdt navr\u017een a vyroben s ohledem na bezpe\u010dnost a jeho bezpe\u010dnostn\u00ed vlastnosti by m\u011bly spl\u0148ovat p\u0159\u00edslu\u0161n\u00e9 n\u00e1rodn\u00ed a mezin\u00e1rodn\u00ed normy.<\/p>\n<\/li>\n<li>\n<h3>\u00dadr\u017eba<\/h3>\n<p>V\u00e1lec kore\u010dkov\u00e9ho v\u00e1lce by m\u011bl b\u00fdt snadno udr\u017eovateln\u00fd a opravovateln\u00fd a jeho sou\u010d\u00e1sti by m\u011bly b\u00fdt snadno demontovateln\u00e9 a vym\u011bniteln\u00e9. M\u011bly by b\u00fdt prov\u00e1d\u011bny pravideln\u00e9 kontroly a \u00fadr\u017eba, aby se zajistilo, \u017ee v\u00e1lec je v dobr\u00e9m provozn\u00edm stavu.<\/p>\n<\/li>\n<\/ul>\n<p><img decoding=\"async\" src=\"https:\/\/www.hydraulic-cylinders.net\/wp-content\/uploads\/2025\/01\/songte-oil-pipes-and-spare-parts.webp\" \/><\/p>\n<h2>Instalace a \u00fadr\u017eba<\/h2>\n<p>Spr\u00e1vn\u00e1 instalace a \u00fadr\u017eba kore\u010dkov\u00e9ho v\u00e1lce m\u016f\u017ee pomoci zajistit jeho dlouhodob\u00fd a spolehliv\u00fd provoz. N\u00e1sleduj\u00ed b\u011b\u017en\u00e9 \u00fakony \u00fadr\u017eby:<\/p>\n<h3>Pravideln\u00e1 kontrola<\/h3>\n<p>Pravideln\u00e1 kontrola v\u00e1lce l\u017e\u00edce m\u016f\u017ee pomoci odhalit potenci\u00e1ln\u00ed probl\u00e9my a p\u0159edch\u00e1zet poruch\u00e1m. Zahrnuje kontrolu hladiny hydraulick\u00e9ho oleje, kontrolu t\u011bsn\u011bn\u00ed a t\u011bsn\u011bn\u00ed, zda nejsou opot\u0159ebovan\u00e1 a po\u0161kozen\u00e1, a kontrolu v\u00e1lce, zda nen\u00ed praskl\u00fd nebo jinak po\u0161kozen\u00fd.<\/p>\n<h3>Maz\u00e1n\u00ed<\/h3>\n<p>V\u00e1lec l\u017e\u00edce vy\u017eaduje pravideln\u00e9 maz\u00e1n\u00ed, aby byl zaji\u0161t\u011bn hladk\u00fd a efektivn\u00ed provoz. Vhodn\u00fd hydraulick\u00fd olej by m\u011bl b\u00fdt vybr\u00e1n a dopln\u011bn podle doporu\u010den\u00ed v\u00fdrobce.<\/p>\n<h3>V\u00fdm\u011bna t\u011bsn\u011bn\u00ed a kontrola kalibrace<\/h3>\n<p>T\u011bsn\u011bn\u00ed kore\u010dkov\u00e9ho v\u00e1lce by m\u011bla b\u00fdt pravideln\u011b vym\u011b\u0148ov\u00e1na, aby se zabr\u00e1nilo \u00faniku oleje. D\u00e1le by m\u011bly b\u00fdt prov\u00e1d\u011bny kalibra\u010dn\u00ed kontroly, aby se zajistilo, \u017ee v\u00e1lec funguje spr\u00e1vn\u011b.<\/p>\n<h2>Bezpe\u010dnostn\u00ed aspekty a faktory prost\u0159ed\u00ed<\/h2>\n<p>P\u0159i pou\u017e\u00edv\u00e1n\u00ed kbel\u00edkov\u00e9ho v\u00e1lce je d\u016fle\u017eit\u00e9 dodr\u017eovat bezpe\u010dnostn\u00ed opat\u0159en\u00ed, aby se p\u0159ede\u0161lo nehod\u00e1m. Mezi b\u011b\u017en\u00e1 bezpe\u010dnostn\u00ed opat\u0159en\u00ed pat\u0159\u00ed no\u0161en\u00ed ochrann\u00e9ho od\u011bvu a vybaven\u00ed, dodr\u017eov\u00e1n\u00ed provozn\u00edch a \u00fadr\u017eb\u00e1\u0159sk\u00fdch postup\u016f a pou\u017e\u00edv\u00e1n\u00ed vhodn\u00e9ho p\u0159\u00edslu\u0161enstv\u00ed a n\u00e1stavc\u016f.<\/p>\n<p><img decoding=\"async\" src=\"https:\/\/www.hydraulic-cylinders.net\/wp-content\/uploads\/2025\/01\/songte-bushings-with-all-kinds-of-excavator-models.webp\" \/><\/p>\n<h2>Odstra\u0148ov\u00e1n\u00ed probl\u00e9m\u016f a b\u011b\u017en\u00e9 probl\u00e9my<\/h2>\n<p>B\u011bhem provozu se m\u016f\u017ee u v\u00e1lce kore\u010dkov\u00e9ho v\u00e1lce vyskytnout \u0159ada probl\u00e9m\u016f, jako je \u00fanik oleje, nedostate\u010dn\u00e1 s\u00edla a abnorm\u00e1ln\u00ed hluk. Pro diagnostiku a \u0159e\u0161en\u00ed t\u011bchto probl\u00e9m\u016f je nutn\u00e9 identifikovat p\u0159\u00ed\u010dinu a podniknout p\u0159\u00edslu\u0161n\u00e9 kroky. Mezi b\u011b\u017en\u00e1 \u0159e\u0161en\u00ed pat\u0159\u00ed \u00faprava hydraulick\u00e9ho tlaku, v\u00fdm\u011bna t\u011bsn\u011bn\u00ed a oprava nebo v\u00fdm\u011bna po\u0161kozen\u00fdch d\u00edl\u016f.<\/p>\n<h2>O na\u0161\u00ed spole\u010dnosti<\/h2>\n<p>Jsme v\u00fdrobcem hydraulick\u00fdch v\u00e1lc\u016f a p\u0159edn\u00edm v\u00fdrobcem a velkoobchodn\u00edkem hydraulick\u00fdch v\u00e1lc\u016f na dom\u00e1c\u00edm i mezin\u00e1rodn\u00edm trhu. \u0158\u00edd\u00edme se principem vynikaj\u00edc\u00ed kvality a spol\u00e9h\u00e1me na strategii industrializovan\u00e9ho \u0159\u00edzen\u00ed v\u00fdroby v r\u00e1mci jemn\u00fdch v\u00fdrobn\u00edch d\u00edlen. Na\u0161e spole\u010dnost neust\u00e1le vylep\u0161uje v\u00fdrobn\u00ed platformu d\u00edlny, zlep\u0161uje kvalitu v\u00fdrobn\u00ed linky a disponuje silnou kreativitou, vysokou efektivitou, vysokou p\u0159esnost\u00ed a vysoce kvalitn\u00edmi produkty, abychom splnili rozmanit\u00e9 pot\u0159eby z\u00e1kazn\u00edk\u016f.<\/p>\n<ul>\n<li>\n<h3>Profesionalita<\/h3>\n<p>Na\u0161e spole\u010dnost m\u00e1 profesion\u00e1ln\u00ed t\u00fdm in\u017een\u00fdr\u016f a technik\u016f s bohat\u00fdmi zku\u0161enostmi v oblasti n\u00e1vrhu a v\u00fdroby hydraulick\u00fdch v\u00e1lc\u016f. Dok\u00e1\u017eou z\u00e1kazn\u00edk\u016fm poskytnout \u0159e\u0161en\u00ed na m\u00edru a technickou podporu.<\/p>\n<\/li>\n<li>\n<h3>Mezin\u00e1rodn\u00ed certifikace<\/h3>\n<p>Produkty na\u0161\u00ed spole\u010dnosti z\u00edskaly r\u016fzn\u00e9 mezin\u00e1rodn\u00ed certifikace, jako jsou CE, ISO a SGS, kter\u00e9 zaru\u010duj\u00ed, \u017ee na\u0161e produkty spl\u0148uj\u00ed mezin\u00e1rodn\u00ed standardy a po\u017eadavky z\u00e1kazn\u00edk\u016f.<\/p>\n<\/li>\n<li>\n<h3>Slu\u017eba p\u0159izp\u016fsoben\u00ed<\/h3>\n<p>Na\u0161e spole\u010dnost dok\u00e1\u017ee p\u0159izp\u016fsobit hydraulick\u00e9 v\u00e1lce po\u017eadavk\u016fm z\u00e1kazn\u00edk\u016f, jako je velikost, tlak a materi\u00e1l.<\/p>\n<\/li>\n<li>\n<h3>V\u00fdrobn\u00ed za\u0159\u00edzen\u00ed<\/h3>\n<p>Na\u0161e spole\u010dnost disponuje modern\u00edm v\u00fdrobn\u00edm vybaven\u00edm, jako jsou CNC obr\u00e1b\u011bc\u00ed centra, sv\u00e1\u0159ec\u00ed roboty a testovac\u00ed za\u0159\u00edzen\u00ed, kter\u00e9 zaji\u0161\u0165uj\u00ed vysokou kvalitu a p\u0159esnost na\u0161ich v\u00fdrobk\u016f.<\/p>\n<\/li>\n<li>\n<h3>Poprodejn\u00ed servis<\/h3>\n<p>Na\u0161e spole\u010dnost poskytuje z\u00e1kazn\u00edk\u016fm komplexn\u00ed poprodejn\u00ed servis, jako je technick\u00e1 podpora, \u00fadr\u017eba produkt\u016f a opravy, aby z\u00e1kazn\u00edci mohli na\u0161e produkty pou\u017e\u00edvat s d\u016fv\u011brou.<\/p>\n<\/li>\n<\/ul>\n<p><img decoding=\"async\" src=\"https:\/\/hzpt.com\/wp-content\/uploads\/2024\/11\/songte-company-1.webp\" \/><\/p>\n<p>Autor: lyl<\/p>","protected":false},"excerpt":{"rendered":"<p>Bucket Cylinder For Caterpillar Large Excavator E330D\/330L Introduction The bucket cylinder for Caterpillar large excavator E330D\/330L is a specially designed hydraulic cylinder that is mainly used to control the movement of the bucket in heavy machinery such as excavators, backhoes, and front-end loaders. Its main function is to allow the bucket to lift, lower, and [&hellip;]<\/p>","protected":false},"featured_media":14785,"comment_status":"open","ping_status":"closed","template":"","meta":{"_et_pb_use_builder":"","_et_pb_old_content":"","_et_gb_content_width":""},"product_brand":[],"product_cat":[1494],"product_tag":[1495,1496],"class_list":{"0":"post-15255","1":"product","2":"type-product","3":"status-publish","4":"has-post-thumbnail","6":"product_cat-bucket-cylinders","7":"product_tag-bucket-cylinders","8":"product_tag-hydraulic-cylinders","10":"first","11":"instock","12":"shipping-taxable","13":"product-type-simple"},"amp_enabled":true,"_links":{"self":[{"href":"https:\/\/www.hydraulic-cylinders.net\/cs\/wp-json\/wp\/v2\/product\/15255","targetHints":{"allow":["GET"]}}],"collection":[{"href":"https:\/\/www.hydraulic-cylinders.net\/cs\/wp-json\/wp\/v2\/product"}],"about":[{"href":"https:\/\/www.hydraulic-cylinders.net\/cs\/wp-json\/wp\/v2\/types\/product"}],"replies":[{"embeddable":true,"href":"https:\/\/www.hydraulic-cylinders.net\/cs\/wp-json\/wp\/v2\/comments?post=15255"}],"wp:featuredmedia":[{"embeddable":true,"href":"https:\/\/www.hydraulic-cylinders.net\/cs\/wp-json\/wp\/v2\/media\/14785"}],"wp:attachment":[{"href":"https:\/\/www.hydraulic-cylinders.net\/cs\/wp-json\/wp\/v2\/media?parent=15255"}],"wp:term":[{"taxonomy":"product_brand","embeddable":true,"href":"https:\/\/www.hydraulic-cylinders.net\/cs\/wp-json\/wp\/v2\/product_brand?post=15255"},{"taxonomy":"product_cat","embeddable":true,"href":"https:\/\/www.hydraulic-cylinders.net\/cs\/wp-json\/wp\/v2\/product_cat?post=15255"},{"taxonomy":"product_tag","embeddable":true,"href":"https:\/\/www.hydraulic-cylinders.net\/cs\/wp-json\/wp\/v2\/product_tag?post=15255"}],"curies":[{"name":"wp","href":"https:\/\/api.w.org\/{rel}","templated":true}]}}