{"id":15282,"date":"2025-01-19T14:20:06","date_gmt":"2025-01-19T14:20:06","guid":{"rendered":"https:\/\/www.hydraulic-cylinders.net\/product\/bucket-cylinder-for-doosan-middle-excavator-dh225lc-9\/"},"modified":"2025-01-19T14:20:09","modified_gmt":"2025-01-19T14:20:09","slug":"bucket-cylinder-for-doosan-middle-excavator-dh225lc-9","status":"publish","type":"product","link":"https:\/\/www.hydraulic-cylinders.net\/cs\/produkt\/bucket-cylinder-for-doosan-middle-excavator-dh225lc-9\/","title":{"rendered":"V\u00e1lec l\u017e\u00edce pro st\u0159edn\u00ed bagr Doosan DH225LC-9"},"content":{"rendered":"<h1>V\u00e1lec l\u017e\u00edce pro st\u0159edn\u00ed bagr Doosan DH225LC-9<\/h1>\n<h2>Zaveden\u00ed<\/h2>\n<p>Hydraulick\u00fd v\u00e1lec l\u017e\u00edce pro st\u0159edov\u00fd bagr Doosan DH225LC-9 je specializovan\u00fd hydraulick\u00fd v\u00e1lec ur\u010den\u00fd p\u0159edev\u0161\u00edm pro ovl\u00e1d\u00e1n\u00ed pohyb\u016f l\u017e\u00edce v t\u011b\u017ek\u00fdch stroj\u00edch, jako jsou rypadla, r\u00fdpadlo-naklada\u010de a \u010deln\u00ed naklada\u010de. Jeho hlavn\u00ed funkc\u00ed je umo\u017enit zved\u00e1n\u00ed, spou\u0161t\u011bn\u00ed a nakl\u00e1p\u011bn\u00ed l\u017e\u00edce, co\u017e usnad\u0148uje prov\u00e1d\u011bn\u00ed r\u016fzn\u00fdch \u00fakol\u016f manipulace s materi\u00e1lem. V hydraulick\u00e9m syst\u00e9mu v\u00e1lec l\u017e\u00edce vyu\u017e\u00edv\u00e1 zm\u011bny tlaku hydraulick\u00e9ho oleje k p\u0159esn\u00e9mu ovl\u00e1d\u00e1n\u00ed l\u017e\u00edce, co\u017e umo\u017e\u0148uje obsluze efektivn\u011b manipulovat s t\u011b\u017ek\u00fdmi b\u0159emeny a p\u0159izp\u016fsobovat se slo\u017eit\u00fdm pracovn\u00edm prost\u0159ed\u00edm a rozmanit\u00fdm provozn\u00edm po\u017eadavk\u016fm.<\/p>\n<p><img decoding=\"async\" src=\"https:\/\/www.hydraulic-cylinders.net\/wp-content\/uploads\/2025\/01\/songte-company-2.webp\"\/><\/p>\n<h2>Funkce<\/h2>\n<ul>\n<li>Vysok\u00e1 pevnost a odolnost: Obvykle je vyroben z vysokopevnostn\u00ed oceli nebo hlin\u00edku, odol\u00e1 vysok\u00e9mu tlaku a t\u011b\u017ek\u00e9mu zat\u00ed\u017een\u00ed, p\u0159izp\u016fsob\u00ed se n\u00e1ro\u010dn\u00e9mu pracovn\u00edmu prost\u0159ed\u00ed a je navr\u017een s ohledem na odolnost proti opot\u0159eben\u00ed a korozi, aby se prodlou\u017eila jeho \u017eivotnost. <\/li>\n<li>Efektivn\u00ed hydraulick\u00fd provoz: Plynul\u00e9ho roztahov\u00e1n\u00ed a smr\u0161\u0165ov\u00e1n\u00ed se dosahuje vyu\u017eit\u00edm tlaku hydraulick\u00e9ho oleje, kter\u00fd dok\u00e1\u017ee rychle reagovat na \u0159\u00eddic\u00ed povely, poskytuje siln\u00e9 tla\u010dn\u00e9 a ta\u017en\u00e9 s\u00edly a je vhodn\u00fd pro manipulaci s t\u011b\u017ek\u00fdmi b\u0159emeny a slo\u017eit\u00e9 provozn\u00ed \u00fakoly. <\/li>\n<li>R\u016fzn\u00e9 typy: Podle provozn\u00edch pot\u0159eb lze zvolit jedno\u010dinn\u00e9 (hydraulika pou\u017eit\u00e1 pouze v jednom sm\u011bru) nebo dvoj\u010dinn\u00e9 (hydraulika pou\u017eit\u00e1 ve dvou sm\u011brech) v\u00e1lce. N\u011bkter\u00e9 modely jsou teleskopick\u00e9, co\u017e umo\u017e\u0148uje v\u011bt\u0161\u00ed v\u00fdsuv bez zv\u011bt\u0161en\u00ed vn\u011bj\u0161\u00edch rozm\u011br\u016f, co\u017e je vhodn\u00e9 pro aplikace s omezen\u00fdm prostorem. <\/li>\n<li>M\u016f\u017ee b\u00fdt vyrobeno na\u0161\u00ed spole\u010dnost\u00ed: Na\u0161e produkty mohou tyto hydraulick\u00e9 v\u00e1lce dokonale nahradit.<\/li>\n<\/ul>\n<p><img decoding=\"async\" src=\"https:\/\/www.hydraulic-cylinders.net\/wp-content\/uploads\/2025\/01\/songte-cylinder-head-with-all-kinds-excavator-models.webp\"\/><\/p>\n<h2>Aplikace<\/h2>\n<p>V\u00e1lec l\u017e\u00edce pro st\u0159edn\u00ed bagr Doosan DH225LC-9 se \u0161iroce pou\u017e\u00edv\u00e1 v r\u016fzn\u00fdch oblastech, v\u010detn\u011b:<\/p>\n<ul>\n<li>Stavebn\u00ed stroje: Je nezbytn\u00fd pro rypadla p\u0159i kop\u00e1n\u00ed, nakl\u00e1d\u00e1n\u00ed a p\u0159emis\u0165ov\u00e1n\u00ed zeminy nebo suti. U rypadlo-naklada\u010d\u016f pom\u00e1h\u00e1 v\u00e1lec l\u017e\u00edce p\u0159i kop\u00e1n\u00ed a zved\u00e1n\u00ed. <\/li>\n<li>Zem\u011bd\u011blsk\u00e9 stroje: Pou\u017e\u00edvaj\u00ed se pro \u010deln\u00ed naklada\u010de k \u200b\u200bnab\u00edr\u00e1n\u00ed, zved\u00e1n\u00ed a p\u0159eprav\u011b p\u016fdy, sena a dal\u0161\u00edch materi\u00e1l\u016f. <\/li>\n<li>Rypadla: V\u00e1lec l\u017e\u00edce umo\u017e\u0148uje l\u017e\u00edci proniknout do p\u016fdy a dos\u00e1hnout tak kop\u00e1n\u00ed. <\/li>\n<li>Naklada\u010de: U \u010deln\u00edch naklada\u010d\u016f pom\u00e1h\u00e1 efektivn\u011b zvedat a nakl\u00e1n\u011bt zbo\u017e\u00ed. <\/li>\n<\/ul>\n<p>Ka\u017ed\u00e1 aplikace je rozbalena n\u00ed\u017ee:<\/p>\n<h3>Stavebn\u00ed stroje<\/h3>\n<p>V\u00e1lec kore\u010dkov\u00e9ho v\u00e1lce hraje v rypadlech d\u016fle\u017eitou roli p\u0159i kop\u00e1n\u00ed, nakl\u00e1d\u00e1n\u00ed a p\u0159emis\u0165ov\u00e1n\u00ed zeminy nebo suti. Pom\u00e1h\u00e1 tak\u00e9 rypadlov\u00fdm naklada\u010d\u016fm p\u0159i kop\u00e1n\u00ed a zved\u00e1n\u00ed.<\/p>\n<h3>Zem\u011bd\u011blsk\u00e9 stroje<\/h3>\n<p>V\u00e1lec l\u017e\u00edce se pou\u017e\u00edv\u00e1 v \u010deln\u00edch naklada\u010d\u00edch k nab\u00edr\u00e1n\u00ed, zved\u00e1n\u00ed a p\u0159eprav\u011b zeminy, sena a dal\u0161\u00edch materi\u00e1l\u016f.<\/p>\n<h3>Bagry<\/h3>\n<p>V\u00e1lec l\u017e\u00edce se pou\u017e\u00edv\u00e1 k tomu, aby l\u017e\u00edce mohla proniknout do p\u016fdy a dos\u00e1hnout tak kop\u00e1n\u00ed.<\/p>\n<h3>Naklada\u010de<\/h3>\n<p>U \u010deln\u00edch naklada\u010d\u016f pom\u00e1h\u00e1 v\u00e1lec l\u017e\u00edce efektivn\u011b zvedat a nakl\u00e1n\u011bt zbo\u017e\u00ed.<\/p>\n<h2>Konstruk\u010dn\u00ed aspekty a krit\u00e9ria v\u00fdb\u011bru<\/h2>\n<p>P\u0159i v\u00fdb\u011bru v\u00e1lce l\u017e\u00edce pro st\u0159edov\u00fd bagr Doosan DH225LC-9 je t\u0159eba vz\u00edt v \u00favahu r\u016fzn\u00e9 konstruk\u010dn\u00ed aspekty a krit\u00e9ria v\u00fdb\u011bru. Pat\u0159\u00ed mezi n\u011b:<\/p>\n<ul>\n<li>\u00danosnost<\/li>\n<li>T\u011bsn\u011bn\u00ed<\/li>\n<li>Trvanlivost<\/li>\n<li>Bezpe\u010dnost<\/li>\n<li>Udr\u017eovatelnost<\/li>\n<\/ul>\n<p><img decoding=\"async\" src=\"https:\/\/www.hydraulic-cylinders.net\/wp-content\/uploads\/2025\/01\/songte-oil-pipes-and-spare-parts.webp\"\/><\/p>\n<h2>T\u011bsn\u011bn\u00ed a maz\u00e1n\u00ed<\/h2>\n<p>Hydraulick\u00fd v\u00e1lec pro st\u0159edn\u00ed bagr Doosan DH225LC-9 pou\u017e\u00edv\u00e1 r\u016fzn\u00e9 t\u011bsnic\u00ed komponenty, jako jsou t\u011bsn\u011bn\u00ed p\u00edst\u016f a t\u011bsn\u011bn\u00ed p\u00edstnic, kter\u00e9 jsou vyrobeny z materi\u00e1l\u016f odoln\u00fdch proti opot\u0159eben\u00ed, jako je polyuretan a nitrilov\u00e1 pry\u017e. T\u011bleso v\u00e1lce a z\u00e1vitov\u00fd konec jsou jemn\u011b opracov\u00e1ny pro zlep\u0161en\u00ed odolnosti proti opot\u0159eben\u00ed. Pro maz\u00e1n\u00ed je nutn\u00e9 pravideln\u011b p\u0159id\u00e1vat vhodn\u00fd hydraulick\u00fd olej.<\/p>\n<h2>\u00dadr\u017eba a preventivn\u00ed opat\u0159en\u00ed<\/h2>\n<p>Pravideln\u00e9 kontroly a preventivn\u00ed \u00fadr\u017eba jsou nezbytn\u00e9 pro spr\u00e1vn\u00e9 fungov\u00e1n\u00ed kore\u010dkov\u00e9ho v\u00e1lce. Mezi tato opat\u0159en\u00ed pat\u0159\u00ed:<\/p>\n<ul>\n<li>Pravideln\u00e9 kontroly<\/li>\n<li>Spr\u00e1vn\u00e9 maz\u00e1n\u00ed<\/li>\n<li>V\u00fdm\u011bna t\u011bsn\u011bn\u00ed a kontrola kalibrace<\/li>\n<\/ul>\n<p>B\u011bhem instalace je d\u016fle\u017eit\u00e9 zajistit spr\u00e1vn\u00e9 veden\u00ed pro vyrovn\u00e1n\u00ed a k zaji\u0161t\u011bn\u00ed v\u00e1lce na m\u00edst\u011b pou\u017e\u00edt vhodn\u00e9 mont\u00e1\u017en\u00ed konzoly. Pro prodlou\u017een\u00ed \u017eivotnosti kore\u010dkov\u00e9ho v\u00e1lce pro st\u0159edov\u00fd bagr Doosan DH225LC-9 doporu\u010dujeme dodr\u017eovat doporu\u010den\u00e9 postupy kontroly, opravy a v\u00fdm\u011bny.<\/p>\n<p><img decoding=\"async\" src=\"https:\/\/www.hydraulic-cylinders.net\/wp-content\/uploads\/2025\/01\/songte-chushion-collar.webp\"\/><\/p>\n<h2>Bezpe\u010dnostn\u00ed aspekty a faktory prost\u0159ed\u00ed<\/h2>\n<p>P\u0159i pou\u017eit\u00ed kore\u010dkov\u00e9ho v\u00e1lce pro st\u0159edov\u00fd bagr Doosan DH225LC-9 je d\u016fle\u017eit\u00e9 dodr\u017eovat bezpe\u010dnostn\u00ed opat\u0159en\u00ed, aby se p\u0159ede\u0161lo nehod\u00e1m, a br\u00e1t v \u00favahu faktory prost\u0159ed\u00ed, kter\u00e9 mohou ovlivnit provoz v\u00e1lce.<\/p>\n<h2>Odstra\u0148ov\u00e1n\u00ed probl\u00e9m\u016f a b\u011b\u017en\u00e9 probl\u00e9my<\/h2>\n<p>P\u0159i pou\u017e\u00edv\u00e1n\u00ed v\u00e1lce l\u017e\u00edce pro st\u0159edov\u00fd bagr Doosan DH225LC-9 se mohou vyskytnout r\u016fzn\u00e9 pot\u00ed\u017ee a b\u011b\u017en\u00e9 probl\u00e9my. Zde je n\u011bkolik \u0159e\u0161en\u00ed:<\/p>\n<ul>\n<li>V\u00fdm\u011bna t\u011bsn\u011bn\u00ed<\/li>\n<li>Kontrola net\u011bsnost\u00ed<\/li>\n<li>Kontrola deformac\u00ed a po\u0161kozen\u00ed <\/li>\n<\/ul>\n<p>Doporu\u010duj\u00ed se preventivn\u00ed opat\u0159en\u00ed, aby se minimalizovaly potenci\u00e1ln\u00ed probl\u00e9my.<\/p>\n<p><img decoding=\"async\" src=\"https:\/\/www.hydraulic-cylinders.net\/wp-content\/uploads\/2025\/01\/songte-bushings-with-all-kinds-of-excavator-models.webp\"\/><\/p>\n<h2>O na\u0161\u00ed spole\u010dnosti<\/h2>\n<p>Jsme p\u0159edn\u00edm v\u00fdrobcem a velkoobchodn\u00edkem hydraulick\u00fdch v\u00e1lc\u016f na dom\u00e1c\u00edm i mezin\u00e1rodn\u00edm trhu a nab\u00edz\u00edme kompletn\u00ed sortiment produkt\u016f, kter\u00e9 nahrazuj\u00ed hydraulick\u00e9 v\u00e1lce. \u0158\u00edd\u00edme se z\u00e1sadami vynikaj\u00edc\u00ed kvality, spol\u00e9h\u00e1me na strategii industrializovan\u00e9ho \u0159\u00edzen\u00ed v\u00fdroby v r\u00e1mci jemn\u00e9 v\u00fdrobn\u00ed d\u00edlny a neust\u00e1le vylep\u0161ujeme v\u00fdrobn\u00ed platformu d\u00edlny, zdokonalujeme v\u00fdrobn\u00ed postupy pro zaji\u0161t\u011bn\u00ed kvality produkt\u016f a m\u00e1me siln\u00e9 tv\u016fr\u010d\u00ed schopnosti. <\/p>\n<p>Krom\u011b technologick\u00fdch talent\u016f, \u0161pi\u010dkov\u00e9ho digit\u00e1ln\u00edho v\u00fdrobn\u00edho za\u0159\u00edzen\u00ed a profesion\u00e1ln\u00edch inspek\u010dn\u00edch syst\u00e9m\u016f poskytujeme tak\u00e9 slu\u017eby na m\u00edru, v\u00fdrobn\u00ed za\u0159\u00edzen\u00ed a poprodejn\u00ed slu\u017eby, abychom splnili rozmanit\u00e9 pot\u0159eby z\u00e1kazn\u00edk\u016f, s ohledem na vysokou efektivitu, vysokou p\u0159esnost a vysokou kvalitu.<\/p>\n<p>Na\u0161e spole\u010dnost tak\u00e9 poskytuje \u0159adu slu\u017eeb, jako jsou specializovan\u00e9 \u00fapravy, repase a n\u00e1hradn\u00ed d\u00edly, kter\u00e9 pom\u00e1haj\u00ed z\u00e1kazn\u00edk\u016fm prodlou\u017eit \u017eivotnost jejich za\u0159\u00edzen\u00ed.<\/p>\n<p><img decoding=\"async\" src=\"https:\/\/hzpt.com\/wp-content\/uploads\/2024\/11\/songte-company-1.webp\"\/><\/p>\n<h2>Autor<\/h2>\n<p>lyl<\/p>","protected":false},"excerpt":{"rendered":"<p>Bucket Cylinder For Doosan Middle Excavator DH225LC-9 Introduction The Bucket Cylinder for Doosan Middle Excavator DH225LC-9 is a specialized hydraulic cylinder designed primarily for controlling the movements of the bucket in heavy machinery, such as excavators, backhoe loaders, and front loaders. Its main function is to enable lifting, lowering, and tilting of the bucket, making [&hellip;]<\/p>","protected":false},"featured_media":14789,"comment_status":"open","ping_status":"closed","template":"","meta":{"_et_pb_use_builder":"","_et_pb_old_content":"","_et_gb_content_width":""},"product_brand":[],"product_cat":[1494],"product_tag":[1495,1496],"class_list":{"0":"post-15282","1":"product","2":"type-product","3":"status-publish","4":"has-post-thumbnail","6":"product_cat-bucket-cylinders","7":"product_tag-bucket-cylinders","8":"product_tag-hydraulic-cylinders","10":"first","11":"instock","12":"shipping-taxable","13":"product-type-simple"},"amp_enabled":true,"_links":{"self":[{"href":"https:\/\/www.hydraulic-cylinders.net\/cs\/wp-json\/wp\/v2\/product\/15282","targetHints":{"allow":["GET"]}}],"collection":[{"href":"https:\/\/www.hydraulic-cylinders.net\/cs\/wp-json\/wp\/v2\/product"}],"about":[{"href":"https:\/\/www.hydraulic-cylinders.net\/cs\/wp-json\/wp\/v2\/types\/product"}],"replies":[{"embeddable":true,"href":"https:\/\/www.hydraulic-cylinders.net\/cs\/wp-json\/wp\/v2\/comments?post=15282"}],"wp:featuredmedia":[{"embeddable":true,"href":"https:\/\/www.hydraulic-cylinders.net\/cs\/wp-json\/wp\/v2\/media\/14789"}],"wp:attachment":[{"href":"https:\/\/www.hydraulic-cylinders.net\/cs\/wp-json\/wp\/v2\/media?parent=15282"}],"wp:term":[{"taxonomy":"product_brand","embeddable":true,"href":"https:\/\/www.hydraulic-cylinders.net\/cs\/wp-json\/wp\/v2\/product_brand?post=15282"},{"taxonomy":"product_cat","embeddable":true,"href":"https:\/\/www.hydraulic-cylinders.net\/cs\/wp-json\/wp\/v2\/product_cat?post=15282"},{"taxonomy":"product_tag","embeddable":true,"href":"https:\/\/www.hydraulic-cylinders.net\/cs\/wp-json\/wp\/v2\/product_tag?post=15282"}],"curies":[{"name":"wp","href":"https:\/\/api.w.org\/{rel}","templated":true}]}}