{"id":15285,"date":"2025-01-19T14:20:20","date_gmt":"2025-01-19T14:20:20","guid":{"rendered":"https:\/\/www.hydraulic-cylinders.net\/product\/bucket-cylinder-for-doosan-large-excavator-dh290\/"},"modified":"2025-01-19T14:20:22","modified_gmt":"2025-01-19T14:20:22","slug":"bucket-cylinder-for-doosan-large-excavator-dh290","status":"publish","type":"product","link":"https:\/\/www.hydraulic-cylinders.net\/cs\/produkt\/bucket-cylinder-for-doosan-large-excavator-dh290\/","title":{"rendered":"V\u00e1lec l\u017e\u00edce pro velk\u00e9 rypadlo Doosan DH290"},"content":{"rendered":"<h1>V\u00e1lec l\u017e\u00edce pro velk\u00e9 rypadlo Doosan DH290<\/h1>\n<h2>Zaveden\u00ed<\/h2>\n<p>Hydraulick\u00fd v\u00e1lec l\u017e\u00edce pro velk\u00e9 rypadlo Doosan DH290 je speci\u00e1ln\u011b navr\u017een\u00fd hydraulick\u00fd v\u00e1lec pou\u017e\u00edvan\u00fd k ovl\u00e1d\u00e1n\u00ed pohybu l\u017e\u00edce v t\u011b\u017ek\u00fdch stroj\u00edch, jako jsou rypadla, bagry a \u010deln\u00ed naklada\u010de. Jeho hlavn\u00ed funkc\u00ed je umo\u017enit zved\u00e1n\u00ed, spou\u0161t\u011bn\u00ed a nakl\u00e1p\u011bn\u00ed l\u017e\u00edce, co\u017e usnad\u0148uje manipulaci s r\u016fzn\u00fdmi materi\u00e1ly. V hydraulick\u00e9m syst\u00e9mu v\u00e1lec l\u017e\u00edce \u0159\u00edd\u00ed p\u0159esn\u00fd pohyb l\u017e\u00edce zm\u011bnami tlaku hydraulick\u00e9ho oleje, co\u017e umo\u017e\u0148uje obsluze efektivn\u011b manipulovat s t\u011b\u017ek\u00fdmi b\u0159emeny a p\u0159izp\u016fsobovat se slo\u017eit\u00fdm pracovn\u00edm prost\u0159ed\u00edm a rozmanit\u00fdm po\u017eadavk\u016fm na pr\u00e1ci.<\/p>\n<p><img decoding=\"async\" src=\"https:\/\/www.hydraulic-cylinders.net\/wp-content\/uploads\/2025\/01\/songte-company-2.webp\" alt=\"Obr\u00e1zek v\u00e1lce kbel\u00edku\" \/><\/p>\n<h2>Funkce<\/h2>\n<ul>\n<li>\n<h3>Vysok\u00e1 pevnost a trvanlivost<\/h3>\n<p>Kore\u010dkov\u00fd v\u00e1lec je obvykle vyroben z vysokopevnostn\u00ed oceli nebo hlin\u00edku, kter\u00e9 odol\u00e1vaj\u00ed vysok\u00e9mu tlaku a t\u011b\u017ek\u00e9mu zat\u00ed\u017een\u00ed, p\u0159izp\u016fsob\u00ed se n\u00e1ro\u010dn\u00e9mu pracovn\u00edmu prost\u0159ed\u00ed a jsou navr\u017eeny s ohledem na odolnost proti opot\u0159eben\u00ed a korozi, aby se prodlou\u017eila jejich \u017eivotnost.<\/p>\n<\/li>\n<li>\n<h3>Efektivn\u00ed hydraulick\u00fd provoz<\/h3>\n<p>V\u00e1lec kore\u010dkov\u00e9ho v\u00e1lce vyu\u017e\u00edv\u00e1 hydraulick\u00fd tlak oleje k dosa\u017een\u00ed plynul\u00e9ho vysouv\u00e1n\u00ed a smr\u0161\u0165ov\u00e1n\u00ed, rychle reaguje na \u0159\u00eddic\u00ed povely, poskytuje silnou tla\u010dnou a ta\u017enou s\u00edlu a je vhodn\u00fd pro manipulaci s t\u011b\u017ek\u00fdmi b\u0159emeny a slo\u017eit\u00e9 pracovn\u00ed \u00fakoly.<\/p>\n<\/li>\n<li>\n<h3>R\u016fzn\u00e9 typy<\/h3>\n<p>V\u00e1lec kore\u010dkov\u00e9ho v\u00e1lce lze dle po\u017eadavk\u016f zvolit jako jedno\u010dinn\u00fd (hydraulick\u00fd pohon se pou\u017e\u00edv\u00e1 pouze v jednom sm\u011bru) nebo dvoj\u010dinn\u00fd (hydraulick\u00fd pohon se pou\u017e\u00edv\u00e1 v obou sm\u011brech) v\u00e1lec a n\u011bkter\u00e9 modely jsou teleskopick\u00e9, co\u017e umo\u017e\u0148uje v\u011bt\u0161\u00ed v\u00fdsuv bez zv\u011bt\u0161en\u00ed vn\u011bj\u0161\u00edch rozm\u011br\u016f, vhodn\u00e9 pro aplikace s omezen\u00fdm prostorem.<\/p>\n<\/li>\n<li>\n<h3>Dokonal\u00e1 n\u00e1hrada<\/h3>\n<p>N\u00e1\u0161 produkt dok\u00e1\u017ee tyto hydraulick\u00e9 v\u00e1lce dokonale nahradit.<\/p>\n<\/li>\n<\/ul>\n<p><img decoding=\"async\" src=\"https:\/\/www.hydraulic-cylinders.net\/wp-content\/uploads\/2025\/01\/songte-cylinder-head-with-all-kinds-excavator-models.webp\" alt=\"Obr\u00e1zek v\u00fdm\u011bny v\u00e1lce lopaty\" \/><\/p>\n<h2>Aplikace<\/h2>\n<p>Kore\u010dkov\u00fd v\u00e1lec se \u0161iroce pou\u017e\u00edv\u00e1 v r\u016fzn\u00fdch t\u011b\u017ek\u00fdch stroj\u00edch, v\u010detn\u011b:<\/p>\n<ul>\n<li>\n<h3>Stavebn\u00ed stroje<\/h3>\n<p>U bagr\u016f jsou nezbytn\u00e9 pro kop\u00e1n\u00ed, nakl\u00e1d\u00e1n\u00ed a p\u0159emis\u0165ov\u00e1n\u00ed zeminy nebo suti. U rypadel s r\u00fdpadly pom\u00e1h\u00e1 v\u00e1lec kore\u010dkov\u00e9ho v\u00e1lce p\u0159i kop\u00e1n\u00ed a zved\u00e1n\u00ed. U \u010deln\u00edch naklada\u010d\u016f \u00fa\u010dinn\u011b usnad\u0148uj\u00ed zved\u00e1n\u00ed a nakl\u00e1p\u011bn\u00ed zbo\u017e\u00ed.<\/p>\n<\/li>\n<li>\n<h3>Zem\u011bd\u011blsk\u00e9 stroje<\/h3>\n<p>Pou\u017e\u00edv\u00e1 se pro \u010deln\u00ed naklada\u010de, zved\u00e1n\u00ed a p\u0159epravu zeminy, sena a dal\u0161\u00edch materi\u00e1l\u016f.<\/p>\n<\/li>\n<li>\n<h3>Bagry<\/h3>\n<p>V\u00e1lec l\u017e\u00edce umo\u017e\u0148uje l\u017e\u00edci proniknout do p\u016fdy a dos\u00e1hnout tak ryc\u00edho \u00fa\u010dinku.<\/p>\n<\/li>\n<\/ul>\n<h2>Konstruk\u010dn\u00ed aspekty a krit\u00e9ria v\u00fdb\u011bru<\/h2>\n<p>Konstrukce kore\u010dkov\u00e9ho v\u00e1lce zohled\u0148uje jeho \u00fanosnost, t\u011bsn\u011bn\u00ed, trvanlivost, bezpe\u010dnost a \u00fadr\u017ebu. N\u00e1sleduj\u00ed kl\u00ed\u010dov\u00e9 konstruk\u010dn\u00ed aspekty:<\/p>\n<ul>\n<li>\n<h3>Nosnost<\/h3>\n<p>Kore\u010dkov\u00fd v\u00e1lec je navr\u017een a vyroben tak, aby odolal maxim\u00e1ln\u00ed s\u00edle a hmotnosti pot\u0159ebn\u00e9 pro jeho zam\u00fd\u0161len\u00e9 pou\u017eit\u00ed.<\/p>\n<\/li>\n<li>\n<h3>T\u011bsn\u011bn\u00ed<\/h3>\n<p>Kore\u010dkov\u00fd v\u00e1lec pou\u017e\u00edv\u00e1 r\u016fzn\u00e9 t\u011bsnic\u00ed komponenty, jako jsou t\u011bsn\u011bn\u00ed p\u00edst\u016f, t\u011bsn\u011bn\u00ed p\u00edstnic atd., s materi\u00e1ly odoln\u00fdmi proti opot\u0159eben\u00ed, jako je polyuretan a nitrilov\u00e1 pry\u017e, aby se zajistilo dobr\u00e9 ut\u011bsn\u011bn\u00ed a zabr\u00e1nilo se \u00faniku kapaliny.<\/p>\n<\/li>\n<li>\n<h3>Trvanlivost<\/h3>\n<p>T\u011bleso v\u00e1lce a z\u00e1vitov\u00fd konec jsou jemn\u011b opracov\u00e1ny pro zv\u00fd\u0161en\u00ed odolnosti proti opot\u0159eben\u00ed. Kore\u010dkov\u00fd v\u00e1lec je tak\u00e9 navr\u017een s pou\u017eit\u00edm korozivzdorn\u00fdch materi\u00e1l\u016f a povlak\u016f pro prodlou\u017een\u00ed jeho \u017eivotnosti.<\/p>\n<\/li>\n<li>\n<h3>Bezpe\u010dnost<\/h3>\n<p>Kore\u010dkov\u00fd v\u00e1lec je vybaven bezpe\u010dnostn\u00edmi za\u0159\u00edzen\u00edmi, jako jsou pojistn\u00e9 ventily a ochrana proti p\u0159et\u00ed\u017een\u00ed, aby se zabr\u00e1nilo zran\u011bn\u00ed nebo po\u0161kozen\u00ed v\u00e1lce nebo strojn\u00edho za\u0159\u00edzen\u00ed.<\/p>\n<\/li>\n<li>\n<h3>Udr\u017eovatelnost<\/h3>\n<p>V\u00e1lec l\u017e\u00edce vy\u017eaduje pravidelnou kontrolu a preventivn\u00ed \u00fadr\u017ebu, aby byl zaji\u0161t\u011bn optim\u00e1ln\u00ed v\u00fdkon. Hydraulick\u00fd olej je t\u0159eba pravideln\u011b m\u011bnit a dopl\u0148ovat a t\u011bsn\u011bn\u00ed je t\u0159eba kontrolovat a v p\u0159\u00edpad\u011b pot\u0159eby vym\u011b\u0148ovat.<\/p>\n<\/li>\n<\/ul>\n<p><img decoding=\"async\" src=\"https:\/\/www.hydraulic-cylinders.net\/wp-content\/uploads\/2025\/01\/songte-oil-pipes-and-spare-parts.webp\" alt=\"Obr\u00e1zek n\u00e1hradn\u00edch d\u00edl\u016f pro v\u00e1lec lopaty\" \/><\/p>\n<h2>T\u011bsn\u011bn\u00ed a maz\u00e1n\u00ed<\/h2>\n<p>Kore\u010dkov\u00fd v\u00e1lec pou\u017e\u00edv\u00e1 r\u016fzn\u00e9 t\u011bsnic\u00ed komponenty, jako jsou t\u011bsn\u011bn\u00ed p\u00edstu, t\u011bsn\u011bn\u00ed p\u00edstnice atd., z materi\u00e1l\u016f odoln\u00fdch proti opot\u0159eben\u00ed, jako je polyuretan a nitrilov\u00e1 pry\u017e, aby bylo zaji\u0161t\u011bno dobr\u00e9 ut\u011bsn\u011bn\u00ed a zabr\u00e1nilo se \u00faniku kapaliny. T\u011bleso v\u00e1lce a z\u00e1vitov\u00fd konec jsou jemn\u011b opracov\u00e1ny pro zv\u00fd\u0161en\u00ed odolnosti proti opot\u0159eben\u00ed. Pro udr\u017een\u00ed optim\u00e1ln\u00edho v\u00fdkonu je nutn\u00e9 je pravideln\u011b mazat vhodn\u00fdm mno\u017estv\u00edm hydraulick\u00e9ho oleje.<\/p>\n<h2>\u00dadr\u017eba a opravy<\/h2>\n<p>N\u00e1sleduje n\u011bkolik b\u011b\u017en\u00fdch \u00fakon\u016f \u00fadr\u017eby kore\u010dkov\u00e9ho v\u00e1lce:<\/p>\n<ul>\n<li>\n<h3>Pravideln\u00e1 kontrola<\/h3>\n<p>V\u00e1lec ko\u0161\u00edku je t\u0159eba pravideln\u011b kontrolovat, aby se zajistilo jeho spr\u00e1vn\u00e9 fungov\u00e1n\u00ed a aby se v\u010das odhalily potenci\u00e1ln\u00ed probl\u00e9my.<\/p>\n<\/li>\n<li>\n<h3>Maz\u00e1n\u00ed<\/h3>\n<p>V\u00e1lec l\u017e\u00edce je t\u0159eba mazat vhodn\u00fdm mno\u017estv\u00edm hydraulick\u00e9ho oleje, aby se zachoval optim\u00e1ln\u00ed v\u00fdkon.<\/p>\n<\/li>\n<li>\n<h3>V\u00fdm\u011bna t\u011bsn\u011bn\u00ed<\/h3>\n<p>T\u011bsn\u011bn\u00ed je t\u0159eba zkontrolovat a v p\u0159\u00edpad\u011b pot\u0159eby vym\u011bnit, aby se zachovalo dobr\u00e9 ut\u011bsn\u011bn\u00ed a zabr\u00e1nilo se \u00faniku kapaliny.<\/p>\n<\/li>\n<li>\n<h3>Kontrola zarovn\u00e1n\u00ed<\/h3>\n<p>B\u011bhem instalace je nutn\u00e9 spr\u00e1vn\u011b vyrovnat v\u00e1lec lopaty, aby byla zaji\u0161t\u011bna jeho spr\u00e1vn\u00e1 funkce.<\/p>\n<\/li>\n<\/ul>\n<p>Spr\u00e1vn\u00e1 instalace, maz\u00e1n\u00ed a se\u0159\u00edzen\u00ed jsou nezbytn\u00e9 pro zaji\u0161t\u011bn\u00ed dlouh\u00e9 \u017eivotnosti kore\u010dkov\u00e9ho v\u00e1lce. Pro zaji\u0161t\u011bn\u00ed v\u00e1lce se doporu\u010duje pou\u017eit\u00ed vhodn\u00fdch mont\u00e1\u017en\u00edch konzol. Pro prodlou\u017een\u00ed \u017eivotnosti kore\u010dkov\u00e9ho v\u00e1lce poskytujeme doporu\u010den\u00fd postup kontroly, opravy a v\u00fdm\u011bny.<\/p>\n<p><img decoding=\"async\" src=\"https:\/\/www.hydraulic-cylinders.net\/wp-content\/uploads\/2025\/01\/songte-chushion-collar.webp\" alt=\"Obr\u00e1zek l\u00edmce v\u00e1lce kbel\u00edku\" \/><\/p>\n<h2>Bezpe\u010dnostn\u00ed aspekty a faktory prost\u0159ed\u00ed<\/h2>\n<p>P\u0159i pou\u017e\u00edv\u00e1n\u00ed kore\u010dkov\u00e9ho v\u00e1lce je nezbytn\u00e9 dodr\u017eovat p\u0159\u00edslu\u0161n\u00e9 bezpe\u010dnostn\u00ed postupy, aby se zabr\u00e1nilo zran\u011bn\u00ed nebo po\u0161kozen\u00ed v\u00e1lce \u010di strojn\u00edho za\u0159\u00edzen\u00ed. Pravideln\u00e1 kontrola, \u00fadr\u017eba a opravy mohou pomoci sn\u00ed\u017eit potenci\u00e1ln\u00ed rizika pro \u017eivotn\u00ed prost\u0159ed\u00ed.<\/p>\n<h2>Odstra\u0148ov\u00e1n\u00ed probl\u00e9m\u016f a b\u011b\u017en\u00e9 probl\u00e9my<\/h2>\n<p>N\u00e1sleduje n\u011bkolik b\u011b\u017en\u00fdch probl\u00e9m\u016f, kter\u00e9 se mohou vyskytnout s v\u00e1lcem kore\u010dkov\u00e9ho v\u00e1lce:<\/p>\n<ul>\n<li>\n<h3>\u00danik<\/h3>\n<p>V\u00e1lec m\u016f\u017ee net\u011bsnit kv\u016fli po\u0161kozen\u00fdm t\u011bsn\u011bn\u00edm, kontaminovan\u00e9mu hydraulick\u00e9mu oleji nebo uvoln\u011bn\u00fdm spoj\u016fm.<\/p>\n<\/li>\n<li>\n<h3>Pomal\u00fd provoz<\/h3>\n<p>V\u00e1lec m\u016f\u017ee pracovat pomalu kv\u016fli nedostate\u010dn\u00e9mu mno\u017estv\u00ed hydraulick\u00e9ho oleje, opot\u0159ebovan\u00fdm t\u011bsn\u011bn\u00edm nebo po\u0161kozen\u00fdm p\u00edstn\u00edm ty\u010d\u00edm.<\/p>\n<\/li>\n<li>\n<h3>P\u0159eh\u0159\u00e1t\u00ed<\/h3>\n<p>V\u00e1lec se m\u016f\u017ee p\u0159eh\u0159\u00e1t v d\u016fsledku n\u00edzk\u00e9 hladiny oleje, ucpan\u00fdch olejov\u00fdch kan\u00e1l\u016f nebo po\u0161kozen\u00fdch pojistn\u00fdch ventil\u016f.<\/p>\n<\/li>\n<\/ul>\n<p>Pro vy\u0159e\u0161en\u00ed t\u011bchto probl\u00e9m\u016f je nutn\u00e9 identifikovat p\u0159\u00ed\u010dinu a prov\u00e9st vhodn\u00e1 n\u00e1pravn\u00e1 opat\u0159en\u00ed, jako je v\u00fdm\u011bna po\u0161kozen\u00fdch t\u011bsn\u011bn\u00ed, \u010di\u0161t\u011bn\u00ed hydraulick\u00e9ho oleje nebo oprava \u010di v\u00fdm\u011bna po\u0161kozen\u00fdch sou\u010d\u00e1st\u00ed.<\/p>\n<p><img decoding=\"async\" src=\"https:\/\/www.hydraulic-cylinders.net\/wp-content\/uploads\/2025\/01\/songte-bushings-with-all-kinds-of-excavator-models.webp\" alt=\"Obr\u00e1zek pouzder v\u00e1lc\u016f lopaty\" \/><\/p>\n<h2>O n\u00e1s<\/h2>\n<p>Na\u0161e spole\u010dnost je v\u00fdrobcem n\u00e1hradn\u00edch hydraulick\u00fdch v\u00e1lc\u016f s kompletn\u00ed \u0159adou produkt\u016f a stala se jedn\u00edm z p\u0159edn\u00edch v\u00fdrobc\u016f a velkoobchodn\u00edk\u016f s hydraulick\u00fdmi v\u00e1lci na dom\u00e1c\u00edm i mezin\u00e1rodn\u00edm trhu. \u0158\u00edd\u00edme se principy vynikaj\u00edc\u00ed kvality, spol\u00e9h\u00e1me se na industrializovan\u00e9 strategie \u0159\u00edzen\u00ed v\u00fdroby v jemn\u00fdch v\u00fdrobn\u00edch d\u00edln\u00e1ch a neust\u00e1le vylep\u0161ujeme na\u0161i v\u00fdrobn\u00ed platformu, zdokonalujeme v\u00fdrobn\u00ed linky pro kvalitu produkt\u016f a m\u00e1me silnou schopnost vytv\u00e1\u0159et vysoce \u00fa\u010dinn\u00e9, vysoce p\u0159esn\u00e9 a kvalitn\u00ed produkty, kter\u00e9 spl\u0148uj\u00ed rozmanit\u00e9 pot\u0159eby na\u0161ich z\u00e1kazn\u00edk\u016f.<\/p>\n<p><img decoding=\"async\" src=\"https:\/\/hzpt.com\/wp-content\/uploads\/2024\/11\/songte-company-1.webp\" alt=\"Image spole\u010dnosti\" \/><\/p>\n<h3>Profesionalita<\/h3>\n<p>Na\u0161e spole\u010dnost m\u00e1 t\u00fdm profesion\u00e1ln\u00edch technik\u016f a in\u017een\u00fdr\u016f s dlouholet\u00fdmi zku\u0161enostmi s n\u00e1vrhem a v\u00fdrobou hydraulick\u00fdch v\u00e1lc\u016f a souvisej\u00edc\u00edho za\u0159\u00edzen\u00ed.<\/p>\n<h3>Mezin\u00e1rodn\u00ed certifikace<\/h3>\n<p>Na\u0161e v\u00fdrobky pro\u0161ly mezin\u00e1rodn\u00edmi certifikacemi, jako jsou ISO9001, CE a SGS, co\u017e zaji\u0161\u0165uje, \u017ee na\u0161e v\u00fdrobky spl\u0148uj\u00ed mezin\u00e1rodn\u00ed standardy kvality.<\/p>\n<h3>Slu\u017eby p\u0159izp\u016fsoben\u00ed<\/h3>\n<p>Nab\u00edz\u00edme slu\u017eby v oblasti \u00faprav hydraulick\u00fdch v\u00e1lc\u016f na m\u00edru, abychom splnili specifick\u00e9 pot\u0159eby na\u0161ich z\u00e1kazn\u00edk\u016f.<\/p>\n<h3>V\u00fdrobn\u00ed za\u0159\u00edzen\u00ed<\/h3>\n<p>Na\u0161e spole\u010dnost disponuje modern\u00edm v\u00fdrobn\u00edm vybaven\u00edm, jako jsou CNC obr\u00e1b\u011bc\u00ed stroje, obr\u00e1b\u011bc\u00ed centra a testovac\u00ed za\u0159\u00edzen\u00ed, kter\u00e9 zaji\u0161\u0165uj\u00ed vysoce kvalitn\u00ed a efektivn\u00ed v\u00fdrobu.<\/p>\n<h3>Poprodejn\u00ed servis<\/h3>\n<p>Na\u0161im z\u00e1kazn\u00edk\u016fm poskytujeme vynikaj\u00edc\u00ed poprodejn\u00ed servis, v\u010detn\u011b technick\u00e9 podpory, \u00fadr\u017eby a oprav.<\/p>\n<p>Autor: lyl<\/p>","protected":false},"excerpt":{"rendered":"<p>Bucket Cylinder For Doosan Large Excavator DH290 Introduction The bucket cylinder for Doosan large excavator DH290 is a specially designed hydraulic cylinder used to control the movement of the bucket in heavy machinery such as excavators, backhoe excavators, and front-end loaders. Its main function is to enable the bucket to lift, lower, and tilt, making [&hellip;]<\/p>","protected":false},"featured_media":14785,"comment_status":"open","ping_status":"closed","template":"","meta":{"_et_pb_use_builder":"","_et_pb_old_content":"","_et_gb_content_width":""},"product_brand":[],"product_cat":[1494],"product_tag":[1495,1496],"class_list":{"0":"post-15285","1":"product","2":"type-product","3":"status-publish","4":"has-post-thumbnail","6":"product_cat-bucket-cylinders","7":"product_tag-bucket-cylinders","8":"product_tag-hydraulic-cylinders","10":"first","11":"instock","12":"shipping-taxable","13":"product-type-simple"},"amp_enabled":true,"_links":{"self":[{"href":"https:\/\/www.hydraulic-cylinders.net\/cs\/wp-json\/wp\/v2\/product\/15285","targetHints":{"allow":["GET"]}}],"collection":[{"href":"https:\/\/www.hydraulic-cylinders.net\/cs\/wp-json\/wp\/v2\/product"}],"about":[{"href":"https:\/\/www.hydraulic-cylinders.net\/cs\/wp-json\/wp\/v2\/types\/product"}],"replies":[{"embeddable":true,"href":"https:\/\/www.hydraulic-cylinders.net\/cs\/wp-json\/wp\/v2\/comments?post=15285"}],"wp:featuredmedia":[{"embeddable":true,"href":"https:\/\/www.hydraulic-cylinders.net\/cs\/wp-json\/wp\/v2\/media\/14785"}],"wp:attachment":[{"href":"https:\/\/www.hydraulic-cylinders.net\/cs\/wp-json\/wp\/v2\/media?parent=15285"}],"wp:term":[{"taxonomy":"product_brand","embeddable":true,"href":"https:\/\/www.hydraulic-cylinders.net\/cs\/wp-json\/wp\/v2\/product_brand?post=15285"},{"taxonomy":"product_cat","embeddable":true,"href":"https:\/\/www.hydraulic-cylinders.net\/cs\/wp-json\/wp\/v2\/product_cat?post=15285"},{"taxonomy":"product_tag","embeddable":true,"href":"https:\/\/www.hydraulic-cylinders.net\/cs\/wp-json\/wp\/v2\/product_tag?post=15285"}],"curies":[{"name":"wp","href":"https:\/\/api.w.org\/{rel}","templated":true}]}}