{"id":15286,"date":"2025-01-19T14:20:24","date_gmt":"2025-01-19T14:20:24","guid":{"rendered":"https:\/\/www.hydraulic-cylinders.net\/product\/bucket-cylinder-for-doosan-large-excavator-dh320\/"},"modified":"2025-01-19T14:20:26","modified_gmt":"2025-01-19T14:20:26","slug":"bucket-cylinder-for-doosan-large-excavator-dh320","status":"publish","type":"product","link":"https:\/\/www.hydraulic-cylinders.net\/cs\/produkt\/bucket-cylinder-for-doosan-large-excavator-dh320\/","title":{"rendered":"V\u00e1lec l\u017e\u00edce pro velk\u00e9 rypadlo Doosan DH320"},"content":{"rendered":"<h1>V\u00e1lec l\u017e\u00edce pro velk\u00e9 rypadlo Doosan DH320<\/h1>\n<h2>Zaveden\u00ed<\/h2>\n<p>Hydraulick\u00fd v\u00e1lec l\u017e\u00edce pro velk\u00e9 rypadlo Doosan DH320 je specializovan\u00fd typ hydraulick\u00e9ho v\u00e1lce pou\u017e\u00edvan\u00e9ho k ovl\u00e1d\u00e1n\u00ed pohybu l\u017e\u00edce v t\u011b\u017ek\u00fdch stroj\u00edch, jako jsou rypadla, bagry a \u010deln\u00ed naklada\u010de. Jeho hlavn\u00ed funkc\u00ed je zved\u00e1n\u00ed, spou\u0161t\u011bn\u00ed a nakl\u00e1p\u011bn\u00ed l\u017e\u00edce pro snadnou manipulaci s materi\u00e1lem. V hydraulick\u00e9m syst\u00e9mu v\u00e1lec l\u017e\u00edce vyu\u017e\u00edv\u00e1 tlak hydraulick\u00e9ho oleje k dosa\u017een\u00ed p\u0159esn\u00e9ho ovl\u00e1d\u00e1n\u00ed l\u017e\u00edce, co\u017e umo\u017e\u0148uje obsluze efektivn\u011b manipulovat s t\u011b\u017ek\u00fdmi p\u0159edm\u011bty a p\u0159izp\u016fsobovat se slo\u017eit\u00fdm pracovn\u00edm prost\u0159ed\u00edm a rozmanit\u00fdm po\u017eadavk\u016fm na pr\u00e1ci.<\/p>\n<p><img decoding=\"async\" src=\"https:\/\/www.hydraulic-cylinders.net\/wp-content\/uploads\/2025\/01\/songte-company-2.webp\"><\/p>\n<h2>Funkce<\/h2>\n<ul>\n<li>\n<h3>Vysok\u00e1 pevnost a trvanlivost<\/h3>\n<p>Kore\u010dkov\u00e9 v\u00e1lce se obvykle vyr\u00e1b\u011bj\u00ed z vysokopevnostn\u00ed oceli nebo hlin\u00edku, kter\u00e9 odol\u00e1vaj\u00ed vysok\u00e9mu tlaku a velk\u00e9mu zat\u00ed\u017een\u00ed. Jsou navr\u017eeny tak, aby byly odoln\u00e9 proti opot\u0159eben\u00ed a korozi, \u010d\u00edm\u017e se prodlu\u017euje jejich \u017eivotnost.<\/p>\n<\/li>\n<li>\n<h3>Efektivn\u00ed hydraulick\u00fd provoz<\/h3>\n<p>Kore\u010dkov\u00e9 v\u00e1lce vyu\u017e\u00edvaj\u00ed tlak hydraulick\u00e9ho oleje k dosa\u017een\u00ed plynul\u00fdch roztahovac\u00edch a smr\u0161\u0165ovac\u00edch pohyb\u016f, rychle reaguj\u00ed na \u0159\u00eddic\u00ed povely a poskytuj\u00ed siln\u00e9 tla\u010dn\u00e9 a ta\u017en\u00e9 s\u00edly, d\u00edky \u010demu\u017e jsou vhodn\u00e9 pro manipulaci s t\u011b\u017ek\u00fdmi p\u0159edm\u011bty a slo\u017eit\u00e9 pracovn\u00ed \u00fakoly.<\/p>\n<\/li>\n<li>\n<h3>R\u016fzn\u00e9 typy<\/h3>\n<p>V\u00e1lce kore\u010dk\u016f mohou b\u00fdt jedno\u010dinn\u00e9 (hydraulick\u00fd tlak se pou\u017e\u00edv\u00e1 pouze v jednom sm\u011bru) nebo dvoj\u010dinn\u00e9 (hydraulick\u00fd tlak se pou\u017e\u00edv\u00e1 v obou sm\u011brech) v z\u00e1vislosti na provozn\u00edch po\u017eadavc\u00edch. N\u011bkter\u00e9 modely jsou teleskopick\u00e9, co\u017e umo\u017e\u0148uje v\u011bt\u0161\u00ed vysunut\u00ed bez zv\u011bt\u0161en\u00ed vn\u011bj\u0161\u00edho rozm\u011bru, a proto jsou vhodn\u00e9 pro aplikace s omezen\u00fdm prostorem.<\/p>\n<\/li>\n<li>\n<h3>Perfektn\u00ed n\u00e1hrada za hydraulick\u00e9 v\u00e1lce<\/h3>\n<p>Na\u0161e produkty dok\u00e1\u017e\u00ed tyto hydraulick\u00e9 v\u00e1lce dokonale nahradit a my je dok\u00e1\u017eeme vyrobit.<\/p>\n<\/li>\n<\/ul>\n<p><img decoding=\"async\" src=\"https:\/\/www.hydraulic-cylinders.net\/wp-content\/uploads\/2025\/01\/songte-cylinder-head-with-all-kinds-excavator-models.webp\"><\/p>\n<h2>Aplikace<\/h2>\n<p>Kore\u010dkov\u00e9 v\u00e1lce maj\u00ed r\u016fzn\u00e1 uplatn\u011bn\u00ed v r\u016fzn\u00fdch pr\u016fmyslov\u00fdch odv\u011btv\u00edch, v\u010detn\u011b stavebn\u00edch stroj\u016f, zem\u011bd\u011blsk\u00fdch stroj\u016f, bagr\u016f a naklada\u010d\u016f:<\/p>\n<ul>\n<li>\n<h3>Stavebn\u00ed stroje<\/h3>\n<p>U bagr\u016f jsou kore\u010dkov\u00e9 v\u00e1lce nezbytn\u00e9 pro kop\u00e1n\u00ed, nakl\u00e1d\u00e1n\u00ed a p\u0159emis\u0165ov\u00e1n\u00ed zeminy nebo suti. U rypadel-bagr\u016f pom\u00e1haj\u00ed kore\u010dkov\u00e9 v\u00e1lce jak p\u0159i kop\u00e1n\u00ed, tak p\u0159i zved\u00e1n\u00ed. U naklada\u010d\u016f pom\u00e1haj\u00ed efektivn\u011b zvedat a nakl\u00e1n\u011bt zbo\u017e\u00ed.<\/p>\n<\/li>\n<li>\n<h3>Zem\u011bd\u011blsk\u00e9 stroje<\/h3>\n<p>Kore\u010dkov\u00e9 v\u00e1lce se pou\u017e\u00edvaj\u00ed pro \u010deln\u00ed naklada\u010de, kter\u00e9 nab\u00edraj\u00ed, zvedaj\u00ed a p\u0159epravuj\u00ed zeminu, seno a dal\u0161\u00ed materi\u00e1ly.<\/p>\n<\/li>\n<li>\n<h3>Bagry<\/h3>\n<p>V\u00e1lec l\u017e\u00edce umo\u017e\u0148uje l\u017e\u00edci proniknout do p\u016fdy a dos\u00e1hnout tak kop\u00e1n\u00ed.<\/p>\n<\/li>\n<li>\n<h3>Naklada\u010de<\/h3>\n<p>V\u00e1lce kore\u010dk\u016f efektivn\u011b pom\u00e1haj\u00ed p\u0159i zved\u00e1n\u00ed a vykl\u00e1p\u011bn\u00ed zbo\u017e\u00ed v \u010deln\u00edch naklada\u010d\u00edch.<\/p>\n<\/li>\n<\/ul>\n<h2>Konstruk\u010dn\u00ed aspekty a krit\u00e9ria v\u00fdb\u011bru<\/h2>\n<p>P\u0159i zva\u017eov\u00e1n\u00ed konstrukce a v\u00fdb\u011bru kore\u010dkov\u00fdch v\u00e1lc\u016f je t\u0159eba zv\u00e1\u017eit n\u00e1sleduj\u00edc\u00ed faktory:<\/p>\n<ul>\n<li>\n<h3>Nosnost<\/h3>\n<p>V\u00e1lec by m\u011bl b\u00fdt navr\u017een tak, aby odolal o\u010dek\u00e1van\u00e9mu zat\u00ed\u017een\u00ed a tlaku.<\/p>\n<\/li>\n<li>\n<h3>T\u011bsn\u011bn\u00ed a trvanlivost<\/h3>\n<p>V\u00e1lec by m\u011bl b\u00fdt navr\u017een s odpov\u00eddaj\u00edc\u00edmi t\u011bsnic\u00edmi a trvanliv\u00fdmi vlastnostmi, aby byla zaji\u0161t\u011bna dlouh\u00e1 \u017eivotnost.<\/p>\n<\/li>\n<li>\n<h3>Bezpe\u010dnost a \u00fadr\u017eba<\/h3>\n<p>V\u00e1lec by m\u011bl b\u00fdt navr\u017een tak, aby byla zaji\u0161t\u011bna bezpe\u010dnost b\u011bhem provozu a snadn\u00e1 \u00fadr\u017eba.<\/p>\n<\/li>\n<\/ul>\n<p><img decoding=\"async\" src=\"https:\/\/www.hydraulic-cylinders.net\/wp-content\/uploads\/2025\/01\/songte-oil-pipes-and-spare-parts.webp\"><\/p>\n<h2>T\u011bsn\u011bn\u00ed a maz\u00e1n\u00ed<\/h2>\n<p>Kore\u010dkov\u00e9 v\u00e1lce pou\u017e\u00edvaj\u00ed r\u016fzn\u00e9 t\u011bsnic\u00ed prvky, jako jsou p\u00edstn\u00ed t\u011bsn\u011bn\u00ed a t\u011bsn\u011bn\u00ed p\u00edstnice vyroben\u00e9 z materi\u00e1l\u016f odoln\u00fdch proti opot\u0159eben\u00ed, jako je polyuretan a nitrilov\u00e1 pry\u017e. Hlava v\u00e1lce a z\u00e1vitov\u00e9 \u010deln\u00ed plochy jsou p\u0159esn\u011b opracov\u00e1ny pro zlep\u0161en\u00ed odolnosti proti opot\u0159eben\u00ed. Pravideln\u00e9 maz\u00e1n\u00ed vhodn\u00fdm hydraulick\u00fdm olejem je nezbytn\u00e9 pro zaji\u0161t\u011bn\u00ed plynul\u00e9ho provozu a dlouh\u00e9 \u017eivotnosti.<\/p>\n<h2>\u00dadr\u017eba a instalace<\/h2>\n<p>Pravideln\u00e1 \u00fadr\u017eba a instalace jsou nezbytn\u00e9 pro zaji\u0161t\u011bn\u00ed spr\u00e1vn\u00e9 funkce a dlouh\u00e9 \u017eivotnosti kore\u010dkov\u00e9ho v\u00e1lce. Doporu\u010duj\u00ed se n\u00e1sleduj\u00edc\u00ed \u00fakony \u00fadr\u017eby:<\/p>\n<ul>\n<li>\n<h3>Pravideln\u00e1 kontrola<\/h3>\n<p>Pravideln\u00e1 kontrola t\u011bsn\u011bn\u00ed, armatur a dal\u0161\u00edch sou\u010d\u00e1st\u00ed v\u00e1lce je nezbytn\u00e1 pro zaji\u0161t\u011bn\u00ed jejich dobr\u00e9ho stavu a spr\u00e1vn\u00e9 funkce.<\/p>\n<\/li>\n<li>\n<h3>Maz\u00e1n\u00ed<\/h3>\n<p>Pravideln\u00e9 maz\u00e1n\u00ed v\u00e1lce vhodn\u00fdm hydraulick\u00fdm olejem je nezbytn\u00e9 pro zaji\u0161t\u011bn\u00ed hladk\u00e9ho provozu a dlouh\u00e9 \u017eivotnosti.<\/p>\n<\/li>\n<li>\n<h3>V\u00fdm\u011bna t\u011bsn\u011bn\u00ed a kontrola kalibrace<\/h3>\n<p>T\u011bsn\u011bn\u00ed m\u016f\u017ee b\u00fdt nutn\u00e9 pravideln\u011b vym\u011b\u0148ovat a pro zaji\u0161t\u011bn\u00ed spr\u00e1vn\u00e9 funkce v\u00e1lce m\u016f\u017ee b\u00fdt nutn\u00e1 kontrola kalibrace.<\/p>\n<\/li>\n<\/ul>\n<p><img decoding=\"async\" src=\"https:\/\/www.hydraulic-cylinders.net\/wp-content\/uploads\/2025\/01\/songte-chushion-collar.webp\"><\/p>\n<h2>Bezpe\u010dnostn\u00ed a environment\u00e1ln\u00ed aspekty<\/h2>\n<p>Kore\u010dkov\u00e9 v\u00e1lce by m\u011bly b\u00fdt instalov\u00e1ny a provozov\u00e1ny v souladu s doporu\u010den\u00fdmi bezpe\u010dnostn\u00edmi postupy, aby byla zaji\u0161t\u011bna bezpe\u010dnost obsluhy a \u017eivotn\u00edho prost\u0159ed\u00ed. M\u011bla by b\u00fdt p\u0159ijata odpov\u00eddaj\u00edc\u00ed bezpe\u010dnostn\u00ed opat\u0159en\u00ed, aby se zabr\u00e1nilo n\u00e1hodn\u00e9mu po\u0161kozen\u00ed a \u00faniku nebo rozlit\u00ed oleje.<\/p>\n<h2>Diagnostika a odstra\u0148ov\u00e1n\u00ed probl\u00e9m\u016f<\/h2>\n<p>Pokud v\u00e1lec nefunguje spr\u00e1vn\u011b, mohou b\u00fdt diagnostikov\u00e1ny n\u00e1sleduj\u00edc\u00ed probl\u00e9my:<\/p>\n<ul>\n<li>\n<h3>Net\u011bsn\u00edc\u00ed t\u011bsn\u011bn\u00ed<\/h3>\n<p>Pokud z v\u00e1lce unik\u00e1 olej, m\u016f\u017ee to b\u00fdt zp\u016fsobeno opot\u0159ebovan\u00fdmi t\u011bsn\u011bn\u00edmi, kter\u00e1 je t\u0159eba vym\u011bnit.<\/p>\n<\/li>\n<li>\n<h3>Hlu\u010dn\u00fd provoz<\/h3>\n<p>Pokud je provoz v\u00e1lce hlu\u010dn\u00fd, m\u016f\u017ee to znamenat vzduchov\u00e9 kapsy v hydraulick\u00e9m syst\u00e9mu nebo nedostate\u010dn\u00e9 maz\u00e1n\u00ed.<\/p>\n<\/li>\n<li>\n<h3>Pomal\u00fd provoz<\/h3>\n<p>Pokud je provoz v\u00e1lce pomal\u00fd, m\u016f\u017ee to znamenat nedostate\u010dn\u00fd hydraulick\u00fd tlak nebo ucpan\u00fd p\u0159\u00edvod oleje.<\/p>\n<\/li>\n<\/ul>\n<p>N\u00e1sleduj\u00edc\u00ed tipy a \u0159e\u0161en\u00ed probl\u00e9m\u016f mohou b\u00fdt u\u017eite\u010dn\u00e9:<\/p>\n<ul>\n<li>\n<h3>V\u00fdm\u011bna t\u011bsn\u011bn\u00ed<\/h3>\n<p>Opot\u0159ebovan\u00e1 t\u011bsn\u011bn\u00ed by m\u011bla b\u00fdt vym\u011bn\u011bna za nov\u00e1.<\/p>\n<\/li>\n<li>\n<h3>Odvzdu\u0161n\u011bn\u00ed hydraulick\u00e9ho syst\u00e9mu<\/h3>\n<p>Vzduchov\u00e9 kapsy v hydraulick\u00e9m syst\u00e9mu by m\u011bly b\u00fdt odvzdu\u0161n\u011bny.<\/p>\n<\/li>\n<li>\n<h3>Maz\u00e1n\u00ed<\/h3>\n<p>V\u00e1lec by m\u011bl b\u00fdt maz\u00e1n vhodn\u00fdm hydraulick\u00fdm olejem.<\/p>\n<\/li>\n<\/ul>\n<p><img decoding=\"async\" src=\"https:\/\/www.hydraulic-cylinders.net\/wp-content\/uploads\/2025\/01\/songte-bushings-with-all-kinds-of-excavator-models.webp\"><\/p>\n<h2>O na\u0161\u00ed spole\u010dnosti<\/h2>\n<p>Jsme p\u0159edn\u00edm v\u00fdrobcem a velkoobchodn\u00edkem hydraulick\u00fdch v\u00e1lc\u016f na dom\u00e1c\u00edm i mezin\u00e1rodn\u00edm trhu. Nab\u00edz\u00edme kompletn\u00ed sortiment produkt\u016f a \u0159\u00edd\u00edme se strategi\u00ed \u0159\u00edzen\u00ed pr\u016fmyslov\u00e9 v\u00fdroby s vynikaj\u00edc\u00ed kvalitou, spol\u00e9h\u00e1me se na precizn\u00ed v\u00fdrobn\u00ed d\u00edlny, technologick\u00e9 talenty, \u0161pi\u010dkov\u00e9 digit\u00e1ln\u00ed v\u00fdrobn\u00ed za\u0159\u00edzen\u00ed a profesion\u00e1ln\u00ed testovac\u00ed syst\u00e9my. Na\u0161e platforma pro v\u00fdrobu v d\u00edln\u00e1ch se neust\u00e1le zlep\u0161uje, v\u00fdrobn\u00ed linka pro zaji\u0161t\u011bn\u00ed kvality produkt\u016f je perfektn\u00ed a m\u00e1me silnou inova\u010dn\u00ed schopnost, abychom splnili rozmanit\u00e9 pot\u0159eby z\u00e1kazn\u00edk\u016f s vysokou efektivitou, p\u0159esnost\u00ed a kvalitou.<\/p>\n<h3>Profesionalita<\/h3>\n<p>Na\u0161e spole\u010dnost disponuje profesion\u00e1ln\u00edmi technick\u00fdmi znalostmi a p\u0159\u00edsn\u00fdmi opat\u0159en\u00edmi kontroly kvality, abychom zajistili, \u017ee na\u0161e produkty spl\u0148uj\u00ed pr\u016fmyslov\u00e9 standardy a po\u017eadavky z\u00e1kazn\u00edk\u016f.<\/p>\n<h3>Mezin\u00e1rodn\u00ed certifikace<\/h3>\n<p>Na\u0161e v\u00fdrobky jsou certifikovan\u00e9 a spl\u0148uj\u00ed mezin\u00e1rodn\u00ed normy, jako jsou ISO, CE a SGS.<\/p>\n<h3>Slu\u017eby na m\u00edru<\/h3>\n<p>Poskytujeme slu\u017eby na m\u00edru, abychom splnili specifick\u00e9 po\u017eadavky z\u00e1kazn\u00edk\u016f.<\/p>\n<h3>V\u00fdrobn\u00ed za\u0159\u00edzen\u00ed<\/h3>\n<p>Na\u0161e spole\u010dnost vyu\u017e\u00edv\u00e1 pokro\u010dil\u00e9 digit\u00e1ln\u00ed \u0161pi\u010dkov\u00e9 v\u00fdrobn\u00ed za\u0159\u00edzen\u00ed, jako jsou CNC obr\u00e1b\u011bc\u00ed centra, p\u0159esn\u00e9 brusky a automatick\u00e9 sva\u0159ovac\u00ed stroje, k zaji\u0161t\u011bn\u00ed nejvy\u0161\u0161\u00ed kvality na\u0161ich v\u00fdrobk\u016f.<\/p>\n<h3>Poprodejn\u00ed servis<\/h3>\n<p>Na\u0161e spole\u010dnost poskytuje komplexn\u00ed poprodejn\u00ed servis, v\u010detn\u011b \u00fadr\u017eby produkt\u016f, oprav a v\u00fdm\u011bny d\u00edl\u016f.<\/p>\n<p><img decoding=\"async\" src=\"https:\/\/hzpt.com\/wp-content\/uploads\/2024\/11\/songte-company-1.webp\"><\/p>\n<p>Autor: lyl<\/p>","protected":false},"excerpt":{"rendered":"<p>Bucket Cylinder For Doosan Large Excavator DH320 Introduction A bucket cylinder for Doosan large excavator DH320 is a specialized type of hydraulic cylinder used to control the movement of the bucket in heavy machinery such as excavators, backhoe excavators, and front-end loaders. Its main function is to lift, lower, and tilt the bucket for easy [&hellip;]<\/p>","protected":false},"featured_media":14784,"comment_status":"open","ping_status":"closed","template":"","meta":{"_et_pb_use_builder":"","_et_pb_old_content":"","_et_gb_content_width":""},"product_brand":[],"product_cat":[1494],"product_tag":[1495,1496],"class_list":{"0":"post-15286","1":"product","2":"type-product","3":"status-publish","4":"has-post-thumbnail","6":"product_cat-bucket-cylinders","7":"product_tag-bucket-cylinders","8":"product_tag-hydraulic-cylinders","10":"first","11":"instock","12":"shipping-taxable","13":"product-type-simple"},"amp_enabled":true,"_links":{"self":[{"href":"https:\/\/www.hydraulic-cylinders.net\/cs\/wp-json\/wp\/v2\/product\/15286","targetHints":{"allow":["GET"]}}],"collection":[{"href":"https:\/\/www.hydraulic-cylinders.net\/cs\/wp-json\/wp\/v2\/product"}],"about":[{"href":"https:\/\/www.hydraulic-cylinders.net\/cs\/wp-json\/wp\/v2\/types\/product"}],"replies":[{"embeddable":true,"href":"https:\/\/www.hydraulic-cylinders.net\/cs\/wp-json\/wp\/v2\/comments?post=15286"}],"wp:featuredmedia":[{"embeddable":true,"href":"https:\/\/www.hydraulic-cylinders.net\/cs\/wp-json\/wp\/v2\/media\/14784"}],"wp:attachment":[{"href":"https:\/\/www.hydraulic-cylinders.net\/cs\/wp-json\/wp\/v2\/media?parent=15286"}],"wp:term":[{"taxonomy":"product_brand","embeddable":true,"href":"https:\/\/www.hydraulic-cylinders.net\/cs\/wp-json\/wp\/v2\/product_brand?post=15286"},{"taxonomy":"product_cat","embeddable":true,"href":"https:\/\/www.hydraulic-cylinders.net\/cs\/wp-json\/wp\/v2\/product_cat?post=15286"},{"taxonomy":"product_tag","embeddable":true,"href":"https:\/\/www.hydraulic-cylinders.net\/cs\/wp-json\/wp\/v2\/product_tag?post=15286"}],"curies":[{"name":"wp","href":"https:\/\/api.w.org\/{rel}","templated":true}]}}