{"id":15290,"date":"2025-01-19T14:20:40","date_gmt":"2025-01-19T14:20:40","guid":{"rendered":"https:\/\/www.hydraulic-cylinders.net\/product\/bucket-cylinder-for-doosan-large-excavator-dh300-5\/"},"modified":"2025-01-19T14:20:42","modified_gmt":"2025-01-19T14:20:42","slug":"bucket-cylinder-for-doosan-large-excavator-dh300-5","status":"publish","type":"product","link":"https:\/\/www.hydraulic-cylinders.net\/cs\/produkt\/bucket-cylinder-for-doosan-large-excavator-dh300-5\/","title":{"rendered":"V\u00e1lec l\u017e\u00edce pro velk\u00e9 rypadlo Doosan DH300-5"},"content":{"rendered":"<h1>V\u00e1lec l\u017e\u00edce pro velk\u00e9 rypadlo Doosan DH300-5<\/h1>\n<h2>Zaveden\u00ed<\/h2>\n<p>Hydraulick\u00fd v\u00e1lec l\u017e\u00edce pro velk\u00e9 rypadlo Doosan DH300-5 je specializovan\u00fd hydraulick\u00fd v\u00e1lec pou\u017e\u00edvan\u00fd k ovl\u00e1d\u00e1n\u00ed pohybu l\u017e\u00edce v t\u011b\u017ek\u00fdch stroj\u00edch, jako jsou rypadla, r\u00fdpadlo-naklada\u010de a \u010deln\u00ed naklada\u010de. Jeho hlavn\u00edm \u00fa\u010delem je umo\u017enit zved\u00e1n\u00ed, spou\u0161t\u011bn\u00ed a nakl\u00e1p\u011bn\u00ed l\u017e\u00edce, co\u017e usnad\u0148uje manipulaci s r\u016fzn\u00fdmi materi\u00e1ly. V hydraulick\u00e9m syst\u00e9mu v\u00e1lec l\u017e\u00edce p\u0159esn\u011b \u0159\u00edd\u00ed pohyb l\u017e\u00edce zm\u011bnami tlaku hydraulick\u00e9ho oleje, co\u017e umo\u017e\u0148uje obsluze efektivn\u011b manipulovat s t\u011b\u017ek\u00fdmi b\u0159emeny a p\u0159izp\u016fsobovat se slo\u017eit\u00fdm pracovn\u00edm prost\u0159ed\u00edm a rozmanit\u00fdm provozn\u00edm pot\u0159eb\u00e1m.<\/p>\n<p><img decoding=\"async\" src=\"https:\/\/www.hydraulic-cylinders.net\/wp-content\/uploads\/2025\/01\/songte-company-2.webp\" alt=\"Obr\u00e1zek v\u00e1lce kbel\u00edku\"><\/p>\n<h2>Funkce<\/h2>\n<ul>\n<li><strong>Vysok\u00e1 pevnost a trvanlivost:<\/strong> Obvykle je vyroben z vysokopevnostn\u00ed oceli nebo hlin\u00edku, odol\u00e1 vysok\u00e9mu tlaku a t\u011b\u017ek\u00e9mu zat\u00ed\u017een\u00ed, p\u0159izp\u016fsob\u00ed se n\u00e1ro\u010dn\u00e9mu pracovn\u00edmu prost\u0159ed\u00ed a byl navr\u017een s ohledem na odolnost proti opot\u0159eben\u00ed a korozi, aby se prodlou\u017eila jeho \u017eivotnost.<\/li>\n<li><strong>Efektivn\u00ed hydraulick\u00e9 operace:<\/strong> Vyu\u017e\u00edv\u00e1 hydraulick\u00fd tlak oleje k dosa\u017een\u00ed plynul\u00e9ho teleskopick\u00e9ho pohybu, dok\u00e1\u017ee rychle reagovat na ovl\u00e1dac\u00ed povely, poskytuje siln\u00e9 tla\u010dn\u00e9 a ta\u017en\u00e9 s\u00edly a je vhodn\u00fd pro manipulaci s t\u011b\u017ek\u00fdmi b\u0159emeny a slo\u017eit\u00e9 provozn\u00ed \u00fakoly.<\/li>\n<li><strong>R\u016fzn\u00e9 typy:<\/strong> Podle po\u017eadavk\u016f lze pro spln\u011bn\u00ed r\u016fzn\u00fdch provozn\u00edch pot\u0159eb zvolit jedno\u010dinn\u00e9 (hydraulika pou\u017e\u00edvan\u00e1 pouze v jednom sm\u011bru) nebo dvoj\u010dinn\u00e9 (hydraulika pou\u017e\u00edvan\u00e1 ve dvou sm\u011brech) v\u00e1lce. N\u011bkter\u00e9 modely jsou teleskopick\u00e9, co\u017e umo\u017e\u0148uje v\u011bt\u0161\u00ed v\u00fdsuv bez zv\u011bt\u0161en\u00ed vn\u011bj\u0161\u00edch rozm\u011br\u016f, a proto jsou vhodn\u00e9 pro aplikace s omezen\u00fdm prostorem.<\/li>\n<li><strong>Dokonal\u00e1 n\u00e1hrada:<\/strong> N\u00e1\u0161 v\u00e1lec kore\u010dkov\u00e9ho v\u00e1lce dok\u00e1\u017ee dokonale nahradit origin\u00e1ln\u00ed hydraulick\u00fd v\u00e1lec od v\u00fdrobce.<\/li>\n<\/ul>\n<p><img decoding=\"async\" src=\"https:\/\/www.hydraulic-cylinders.net\/wp-content\/uploads\/2025\/01\/songte-cylinder-head-with-all-kinds-excavator-models.webp\" alt=\"Obr\u00e1zek n\u00e1hradn\u00edho v\u00e1lce\"><\/p>\n<h2>Aplikace<\/h2>\n<p>Kore\u010dkov\u00fd v\u00e1lec m\u00e1 \u0161irokou \u0161k\u00e1lu uplatn\u011bn\u00ed v r\u016fzn\u00fdch pr\u016fmyslov\u00fdch odv\u011btv\u00edch. Mezi p\u0159\u00edklady pat\u0159\u00ed:<\/p>\n<ul>\n<li><strong>Stavebn\u00ed vybaven\u00ed:<\/strong> U bagr\u016f jsou nezbytn\u00e9 pro kop\u00e1n\u00ed, nakl\u00e1d\u00e1n\u00ed a p\u0159emis\u0165ov\u00e1n\u00ed zeminy nebo suti. U rypadlo-naklada\u010d\u016f pom\u00e1h\u00e1 v\u00e1lec l\u017e\u00edce jak p\u0159i v\u00fdkopu, tak p\u0159i zved\u00e1n\u00ed. <\/li>\n<li><strong>Zem\u011bd\u011blsk\u00e9 stroje:<\/strong> Pou\u017e\u00edv\u00e1 se v \u010deln\u00edch naklada\u010d\u00edch pro nab\u00edr\u00e1n\u00ed, zved\u00e1n\u00ed a p\u0159epravu zeminy, sena a dal\u0161\u00edch materi\u00e1l\u016f. <\/li>\n<li><strong>Bagry:<\/strong> V\u00e1lec l\u017e\u00edce umo\u017e\u0148uje l\u017e\u00edci proniknout do p\u016fdy a prov\u00e1d\u011bt v\u00fdkopov\u00e9 pr\u00e1ce. <\/li>\n<li><strong>\u010celn\u00ed naklada\u010de:<\/strong> U \u010deln\u00edch naklada\u010d\u016f pom\u00e1haj\u00ed s efektivn\u00edm zved\u00e1n\u00edm a nakl\u00e1p\u011bn\u00edm n\u00e1kladu. <\/li>\n<\/ul>\n<h2>Konstruk\u010dn\u00ed aspekty a krit\u00e9ria v\u00fdb\u011bru<\/h2>\n<p>Pro zaji\u0161t\u011bn\u00ed spr\u00e1vn\u00e9ho provozu a dlouh\u00e9 \u017eivotnosti kore\u010dkov\u00e9ho v\u00e1lce jsou nezbytn\u00e9 konstruk\u010dn\u00ed aspekty a krit\u00e9ria v\u00fdb\u011bru. Mezi tyto aspekty pat\u0159\u00ed nap\u0159\u00edklad:<\/p>\n<h3>Nosnost<\/h3>\n<p>Kore\u010dkov\u00fd v\u00e1lec mus\u00ed b\u00fdt schopen zvl\u00e1dnout nosnost stroje, ve kter\u00e9m je instalov\u00e1n. Je d\u016fle\u017eit\u00e9 vybrat v\u00e1lec, kter\u00fd vydr\u017e\u00ed maxim\u00e1ln\u00ed nosnost stroje, s ohledem na p\u0159\u00edpadn\u00e9 p\u0159et\u00ed\u017een\u00ed, ke kter\u00e9mu m\u016f\u017ee doj\u00edt.<\/p>\n<h3>T\u011bsn\u011bn\u00ed<\/h3>\n<p>V\u00e1lec l\u017e\u00edce mus\u00ed b\u00fdt \u0159\u00e1dn\u011b ut\u011bsn\u011bn, aby se zabr\u00e1nilo \u00faniku hydraulick\u00e9 kapaliny. Je d\u016fle\u017eit\u00e9 zvolit t\u011bsn\u011bn\u00ed, kter\u00e1 jsou vyrobena z odoln\u00fdch materi\u00e1l\u016f a jsou navr\u017eena tak, aby odolala opot\u0159eben\u00ed.<\/p>\n<h3>Trvanlivost<\/h3>\n<p>Kore\u010dkov\u00fd v\u00e1lec mus\u00ed b\u00fdt odoln\u00fd a navr\u017een tak, aby odolal n\u00e1ro\u010dn\u00fdm podm\u00ednk\u00e1m. T\u011bleso v\u00e1lce a koncov\u00e9 uz\u00e1v\u011bry by m\u011bly b\u00fdt vyrobeny z vysoce pevn\u00fdch materi\u00e1l\u016f, kter\u00e9 jsou odoln\u00e9 v\u016f\u010di korozi a opot\u0159eben\u00ed.<\/p>\n<h3>Bezpe\u010dnost<\/h3>\n<p>Kbel\u00edkov\u00e1 l\u00e1hev mus\u00ed b\u00fdt navr\u017eena s ohledem na bezpe\u010dnost. Je d\u016fle\u017eit\u00e9 vybrat l\u00e1hev, kter\u00e1 m\u00e1 bezpe\u010dnostn\u00ed prvky, jako jsou p\u0159etlakov\u00e9 ventily a bezpe\u010dnostn\u00ed z\u00e1mky, aby se zabr\u00e1nilo nehod\u00e1m.<\/p>\n<h3>\u00dadr\u017eba<\/h3>\n<p>\u00dadr\u017eba v\u00e1lec kore\u010dkov\u00e9ho v\u00e1lce mus\u00ed b\u00fdt snadn\u00e1. Je d\u016fle\u017eit\u00e9 vybrat v\u00e1lec, kter\u00fd lze snadno rozebrat a znovu slo\u017eit pro \u00fa\u010dely \u00fadr\u017eby. Pravideln\u00e1 \u00fadr\u017eba, jako je maz\u00e1n\u00ed a v\u00fdm\u011bna t\u011bsn\u011bn\u00ed, je nezbytn\u00e1 pro prodlou\u017een\u00ed jeho \u017eivotnosti.<\/p>\n<p><img decoding=\"async\" src=\"https:\/\/www.hydraulic-cylinders.net\/wp-content\/uploads\/2025\/01\/songte-oil-pipes-and-spare-parts.webp\" alt=\"Obr\u00e1zek d\u00edl\u016f hydraulick\u00e9ho v\u00e1lce\"><\/p>\n<h2>T\u011bsn\u011bn\u00ed a maz\u00e1n\u00ed<\/h2>\n<p>Kore\u010dkov\u00fd v\u00e1lec pou\u017e\u00edv\u00e1 r\u016fzn\u00e9 t\u011bsnic\u00ed komponenty, jako jsou t\u011bsn\u011bn\u00ed p\u00edstu a t\u011bsn\u011bn\u00ed p\u00edstnice, vyroben\u00e9 z materi\u00e1l\u016f, jako je polyuretan a nitrilov\u00fd kau\u010duk, aby se zabr\u00e1nilo \u00faniku kapaliny. T\u011bleso v\u00e1lce a koncov\u00e9 v\u00ed\u010dka jsou jemn\u011b opracov\u00e1ny pro zlep\u0161en\u00ed odolnosti proti opot\u0159eben\u00ed. Pravideln\u00e9 maz\u00e1n\u00ed hydraulick\u00fdm olejem je nezbytn\u00e9 pro udr\u017een\u00ed plynul\u00e9ho provozu a sn\u00ed\u017een\u00ed opot\u0159eben\u00ed.<\/p>\n<h2>Inspekce a preventivn\u00ed \u00fadr\u017eba<\/h2>\n<p>Pravideln\u00e1 kontrola a preventivn\u00ed \u00fadr\u017eba jsou nezbytn\u00e9 pro prodlou\u017een\u00ed \u017eivotnosti kore\u010dkov\u00e9ho v\u00e1lce. Mezi b\u011b\u017en\u00e9 \u00fakony \u00fadr\u017eby pat\u0159\u00ed:<\/p>\n<ul>\n<li><strong>Pravideln\u00e1 kontrola:<\/strong> Zkontrolujte v\u00e1lec, zda nen\u00ed opot\u0159ebovan\u00fd nebo po\u0161kozen\u00fd, zkontrolujte t\u011bsn\u011bn\u00ed a prov\u011b\u0159te, zda v\u0161echny spoje net\u011bsn\u00ed.<\/li>\n<li><strong>Maz\u00e1n\u00ed:<\/strong> Pravideln\u011b promaz\u00e1vejte v\u00e1lec hydraulick\u00fdm olejem, abyste sn\u00ed\u017eili t\u0159en\u00ed a opot\u0159eben\u00ed.<\/li>\n<li><strong>V\u00fdm\u011bna t\u011bsn\u011bn\u00ed:<\/strong> Vym\u011b\u0148te v\u0161echna po\u0161kozen\u00e1 t\u011bsn\u011bn\u00ed, abyste zabr\u00e1nili \u00faniku hydraulick\u00e9 kapaliny.<\/li>\n<li><strong>Kontrola kalibrace:<\/strong> Zkontrolujte kalibraci v\u00e1lce, abyste se ujistili, \u017ee funguje spr\u00e1vn\u011b.<\/li>\n<\/ul>\n<p>Je d\u016fle\u017eit\u00e9 spr\u00e1vn\u011b nainstalovat kore\u010dkov\u00fd v\u00e1lec, aby se p\u0159ede\u0161lo mo\u017en\u00e9mu po\u0161kozen\u00ed a zajistil se bezpe\u010dn\u00fd provoz. V\u017edy dodr\u017eujte pokyny v\u00fdrobce a pou\u017e\u00edvejte vhodn\u00e9 instala\u010dn\u00ed n\u00e1stroje a vybaven\u00ed. Spr\u00e1vn\u00e9 vyrovn\u00e1n\u00ed a pou\u017eit\u00ed vhodn\u00fdch mont\u00e1\u017en\u00edch konzol m\u016f\u017ee pomoci v\u00e1lec stabilizovat. Pokud je t\u0159eba v\u00e1lec opravit nebo repasovat, doporu\u010duje se pou\u017e\u00edt origin\u00e1ln\u00ed d\u00edly a \u0159\u00eddit se pokyny v\u00fdrobce.<\/p>\n<p><img decoding=\"async\" src=\"https:\/\/www.hydraulic-cylinders.net\/wp-content\/uploads\/2025\/01\/songte-chushion-collar.webp\" alt=\"Obr\u00e1zek pol\u0161t\u00e1\u0159ov\u00e9ho l\u00edmce\"><\/p>\n<h2>Bezpe\u010dnostn\u00ed a environment\u00e1ln\u00ed aspekty<\/h2>\n<p>P\u0159i pou\u017e\u00edv\u00e1n\u00ed r\u00fdpac\u00edho v\u00e1lce je nutn\u00e9 dodr\u017eovat bezpe\u010dnostn\u00ed opat\u0159en\u00ed, aby se p\u0159ede\u0161lo nehod\u00e1m. Je nezbytn\u00e9 dodr\u017eovat bezpe\u010dnostn\u00ed pokyny a p\u0159edpisy, jako je no\u0161en\u00ed vhodn\u00fdch ochrann\u00fdch pom\u016fcek a zaji\u0161t\u011bn\u00ed spr\u00e1vn\u00e9 \u00fadr\u017eby a provozu stroje. Je t\u0159eba zohlednit i aspekty ochrany \u017eivotn\u00edho prost\u0159ed\u00ed, jako je spr\u00e1vn\u00e1 likvidace hydraulick\u00fdch kapalin a ve\u0161ker\u00fdch dal\u0161\u00edch materi\u00e1l\u016f, kter\u00e9 mohou b\u00fdt \u0161kodliv\u00e9 pro \u017eivotn\u00ed prost\u0159ed\u00ed.<\/p>\n<h2>B\u011b\u017en\u00e9 probl\u00e9my a jejich \u0159e\u0161en\u00ed<\/h2>\n<p>B\u011bhem provozu se u v\u00e1lce kope\u010dku mohou vyskytnout r\u016fzn\u00e9 probl\u00e9my. Mezi b\u011b\u017en\u00e9 probl\u00e9my pat\u0159\u00ed:<\/p>\n<ul>\n<li><strong>\u00daniky kapalin:<\/strong> To m\u016f\u017ee b\u00fdt zp\u016fsobeno po\u0161kozen\u00fdmi t\u011bsn\u011bn\u00edmi nebo spoji.<\/li>\n<li><strong>Pomal\u00fd provoz:<\/strong> To m\u016f\u017ee b\u00fdt zp\u016fsobeno n\u00edzkou hladinou hydraulick\u00e9 kapaliny nebo opot\u0159ebovan\u00fdmi t\u011bsn\u011bn\u00edmi.<\/li>\n<li><strong>Nadm\u011brn\u00fd hluk:<\/strong> To m\u016f\u017ee b\u00fdt zp\u016fsobeno opot\u0159ebovan\u00fdmi lo\u017eisky nebo jin\u00fdmi pohybliv\u00fdmi \u010d\u00e1stmi.<\/li>\n<\/ul>\n<p>Pro \u0159e\u0161en\u00ed t\u011bchto probl\u00e9m\u016f je d\u016fle\u017eit\u00e9 dodr\u017eovat pokyny v\u00fdrobce a pou\u017e\u00edvat vhodn\u00e9 metody \u0159e\u0161en\u00ed probl\u00e9m\u016f. Doporu\u010duje se prov\u00e1d\u011bt pravidelnou \u00fadr\u017ebu, aby se t\u011bmto probl\u00e9m\u016fm p\u0159ede\u0161lo.<\/p>\n<p><img decoding=\"async\" src=\"https:\/\/www.hydraulic-cylinders.net\/wp-content\/uploads\/2025\/01\/songte-bushings-with-all-kinds-of-excavator-models.webp\" alt=\"Obr\u00e1zek pouzder hydraulick\u00fdch v\u00e1lc\u016f\"><\/p>\n<h2>O na\u0161\u00ed spole\u010dnosti<\/h2>\n<p>Jsme p\u0159edn\u00edm v\u00fdrobcem a velkoobchodn\u00edm distributorem hydraulick\u00fdch v\u00e1lc\u016f se specializac\u00ed na v\u00fdm\u011bnu hydraulick\u00fdch v\u00e1lc\u016f. Na\u0161e spole\u010dnost nab\u00edz\u00ed komplexn\u00ed sortiment produkt\u016f, v\u010detn\u011b r\u016fzn\u00fdch typ\u016f hydraulick\u00fdch v\u00e1lc\u016f, kter\u00e9 se staly jedn\u00edm z p\u0159edn\u00edch produkt\u016f na dom\u00e1c\u00edm i zahrani\u010dn\u00edm trhu. Na\u0161e spole\u010dnost se dr\u017e\u00ed principu vynikaj\u00edc\u00ed kvality a spol\u00e9h\u00e1 na specifick\u00e9 strategie \u0159\u00edzen\u00ed v\u00fdroby v d\u00edln\u00e1ch s precizn\u00ed v\u00fdrobou, stejn\u011b jako na technick\u00e9 talenty, \u0161pi\u010dkov\u00e9 digit\u00e1ln\u00ed v\u00fdrobn\u00ed za\u0159\u00edzen\u00ed a profesion\u00e1ln\u00ed testovac\u00ed syst\u00e9my, \u010d\u00edm\u017e neust\u00e1le zlep\u0161ujeme v\u00fdrobn\u00ed platformu v d\u00edln\u011b a zlep\u0161ujeme kvalitu v\u00fdroby produkt\u016f. M\u00e1me siln\u00e9 tv\u016fr\u010d\u00ed schopnosti a dok\u00e1\u017eeme uspokojit rozmanit\u00e9 pot\u0159eby z\u00e1kazn\u00edk\u016f na principech vysok\u00e9 efektivity, vysok\u00e9 p\u0159esnosti a vysok\u00e9 kvality.<\/p>\n<p><img decoding=\"async\" src=\"https:\/\/hzpt.com\/wp-content\/uploads\/2024\/11\/songte-company-1.webp\" alt=\"Image spole\u010dnosti\"><\/p>\n<h3>Profesionalita<\/h3>\n<p>Na\u0161e spole\u010dnost m\u00e1 vysoce specializovan\u00fd t\u00fdm profesion\u00e1l\u016f s dlouholet\u00fdmi zku\u0161enostmi v oboru. Od n\u00e1vrhu p\u0159es v\u00fdrobu a\u017e po prodej m\u00e1me t\u00fdm odborn\u00edk\u016f, kte\u0159\u00ed zaji\u0161\u0165uj\u00ed kvalitu a efektivitu.<\/p>\n<h3>Mezin\u00e1rodn\u00ed certifikace<\/h3>\n<p>Na\u0161e spole\u010dnost z\u00edskala \u0159adu mezin\u00e1rodn\u00edch certifikac\u00ed, jako nap\u0159\u00edklad ISO9001 a CE, co\u017e zaru\u010duje, \u017ee na\u0161e v\u00fdrobky spl\u0148uj\u00ed mezin\u00e1rodn\u00ed standardy kvality a bezpe\u010dnosti.<\/p>\n<h3>Slu\u017eby na m\u00edru<\/h3>\n<p>Na\u0161e spole\u010dnost poskytuje slu\u017eby na m\u00edru, kter\u00e9 spl\u0148uj\u00ed specifick\u00e9 pot\u0159eby z\u00e1kazn\u00edk\u016f, v\u010detn\u011b zak\u00e1zkov\u00fdch n\u00e1vrh\u016f, velikost\u00ed a materi\u00e1l\u016f.<\/p>\n<h3>V\u00fdrobn\u00ed za\u0159\u00edzen\u00ed<\/h3>\n<p>Na\u0161e spole\u010dnost investovala do modern\u00edho v\u00fdrobn\u00edho za\u0159\u00edzen\u00ed, v\u010detn\u011b CNC stroj\u016f a testovac\u00edch za\u0159\u00edzen\u00ed, aby byla zaji\u0161t\u011bna p\u0159esnost a efektivita v\u00fdroby.<\/p>\n<h3>Poprodejn\u00ed servis<\/h3>\n<p>Na\u0161e spole\u010dnost poskytuje komplexn\u00ed poprodejn\u00ed slu\u017eby, v\u010detn\u011b \u00fadr\u017eby a oprav, abychom zajistili spokojenost z\u00e1kazn\u00edk\u016f a prodlou\u017eili \u017eivotnost produkt\u016f.<\/p>\n<h4>Autor: lyl<\/h4>","protected":false},"excerpt":{"rendered":"<p>Bucket Cylinder For Doosan Large Excavator DH300-5 Introduction The bucket cylinder for Doosan large excavator DH300-5 is a specialized hydraulic cylinder used to control the movement of the bucket in heavy machinery such as excavators, backhoe loaders, and front-end loaders. Its main purpose is to allow the bucket to be raised, lowered, and tilted, making [&hellip;]<\/p>","protected":false},"featured_media":14776,"comment_status":"open","ping_status":"closed","template":"","meta":{"_et_pb_use_builder":"","_et_pb_old_content":"","_et_gb_content_width":""},"product_brand":[],"product_cat":[1494],"product_tag":[1495,1496],"class_list":{"0":"post-15290","1":"product","2":"type-product","3":"status-publish","4":"has-post-thumbnail","6":"product_cat-bucket-cylinders","7":"product_tag-bucket-cylinders","8":"product_tag-hydraulic-cylinders","10":"first","11":"instock","12":"shipping-taxable","13":"product-type-simple"},"amp_enabled":true,"_links":{"self":[{"href":"https:\/\/www.hydraulic-cylinders.net\/cs\/wp-json\/wp\/v2\/product\/15290","targetHints":{"allow":["GET"]}}],"collection":[{"href":"https:\/\/www.hydraulic-cylinders.net\/cs\/wp-json\/wp\/v2\/product"}],"about":[{"href":"https:\/\/www.hydraulic-cylinders.net\/cs\/wp-json\/wp\/v2\/types\/product"}],"replies":[{"embeddable":true,"href":"https:\/\/www.hydraulic-cylinders.net\/cs\/wp-json\/wp\/v2\/comments?post=15290"}],"wp:featuredmedia":[{"embeddable":true,"href":"https:\/\/www.hydraulic-cylinders.net\/cs\/wp-json\/wp\/v2\/media\/14776"}],"wp:attachment":[{"href":"https:\/\/www.hydraulic-cylinders.net\/cs\/wp-json\/wp\/v2\/media?parent=15290"}],"wp:term":[{"taxonomy":"product_brand","embeddable":true,"href":"https:\/\/www.hydraulic-cylinders.net\/cs\/wp-json\/wp\/v2\/product_brand?post=15290"},{"taxonomy":"product_cat","embeddable":true,"href":"https:\/\/www.hydraulic-cylinders.net\/cs\/wp-json\/wp\/v2\/product_cat?post=15290"},{"taxonomy":"product_tag","embeddable":true,"href":"https:\/\/www.hydraulic-cylinders.net\/cs\/wp-json\/wp\/v2\/product_tag?post=15290"}],"curies":[{"name":"wp","href":"https:\/\/api.w.org\/{rel}","templated":true}]}}