{"id":15307,"date":"2025-01-19T14:21:53","date_gmt":"2025-01-19T14:21:53","guid":{"rendered":"https:\/\/www.hydraulic-cylinders.net\/product\/bucket-cylinder-for-hyundai-small-excavator-r80-7\/"},"modified":"2025-01-19T14:21:55","modified_gmt":"2025-01-19T14:21:55","slug":"bucket-cylinder-for-hyundai-small-excavator-r80-7","status":"publish","type":"product","link":"https:\/\/www.hydraulic-cylinders.net\/cs\/produkt\/bucket-cylinder-for-hyundai-small-excavator-r80-7\/","title":{"rendered":"V\u00e1lec kore\u010dkov\u00e9ho v\u00e1lce pro mal\u00e9 rypadlo Hyundai R80-7"},"content":{"rendered":"<p><!DOCTYPE html><br \/>\n<html><br \/>\n<head><br \/>\n\t<title>V\u00e1lec kore\u010dkov\u00e9ho v\u00e1lce pro mal\u00e9 rypadlo Hyundai R80-7<\/title><br \/>\n<\/head><br \/>\n<body><\/p>\n<h1>V\u00e1lec kore\u010dkov\u00e9ho v\u00e1lce pro mal\u00e9 rypadlo Hyundai R80-7<\/h1>\n<h2>Zaveden\u00ed<\/h2>\n<p>Hydraulick\u00fd v\u00e1lec l\u017e\u00edce pro mal\u00e9 rypadlo Hyundai R80-7 je speci\u00e1ln\u011b navr\u017een\u00fd hydraulick\u00fd v\u00e1lec pou\u017e\u00edvan\u00fd k ovl\u00e1d\u00e1n\u00ed pohybu l\u017e\u00edce v t\u011b\u017ek\u00fdch stroj\u00edch, jako jsou rypadla, r\u00fdpadlo-naklada\u010de a \u010deln\u00ed naklada\u010de. Jeho hlavn\u00ed funkc\u00ed je umo\u017enit zved\u00e1n\u00ed, spou\u0161t\u011bn\u00ed a nakl\u00e1p\u011bn\u00ed l\u017e\u00edce, d\u00edky \u010demu\u017e je vhodn\u00fd pro r\u016fzn\u00e9 \u00fakoly manipulace s materi\u00e1lem. V hydraulick\u00e9m syst\u00e9mu dosahuje v\u00e1lec l\u017e\u00edce p\u0159esn\u00e9ho ovl\u00e1d\u00e1n\u00ed l\u017e\u00edce vyu\u017eit\u00edm zm\u011bn tlaku hydraulick\u00e9ho oleje, co\u017e umo\u017e\u0148uje obsluze efektivn\u011b manipulovat s t\u011b\u017ek\u00fdmi b\u0159emeny a p\u0159izp\u016fsobovat se slo\u017eit\u00fdm pracovn\u00edm prost\u0159ed\u00edm a rozmanit\u00fdm provozn\u00edm pot\u0159eb\u00e1m.<\/p>\n<p>\t<img decoding=\"async\" src=\"https:\/\/www.hydraulic-cylinders.net\/wp-content\/uploads\/2025\/01\/songte-company-2.webp\" alt=\"Obr\u00e1zek produktu\"><\/p>\n<h2>Funkce<\/h2>\n<ul>\n<li>Vysok\u00e1 pevnost a trvanlivost: Obvykle vyrobeny z vysokopevnostn\u00ed oceli nebo hlin\u00edku, schopny odolat vysok\u00e9mu tlaku a t\u011b\u017ek\u00e9mu zat\u00ed\u017een\u00ed, p\u0159izp\u016fsobiteln\u00e9 n\u00e1ro\u010dn\u00fdm pracovn\u00edm prost\u0159ed\u00edm, navr\u017een\u00e9 s ohledem na odolnost proti opot\u0159eben\u00ed a korozi, \u010d\u00edm\u017e se prodlu\u017euje \u017eivotnost.<\/li>\n<li>Efektivn\u00ed hydraulick\u00fd provoz: Vyu\u017e\u00edv\u00e1 tlak hydraulick\u00e9ho oleje k dosa\u017een\u00ed plynul\u00e9ho vysouv\u00e1n\u00ed a zasouv\u00e1n\u00ed, je schopen rychle reagovat na \u0159\u00eddic\u00ed povely a poskytuje siln\u00e9 tla\u010dn\u00e9 a ta\u017en\u00e9 s\u00edly, vhodn\u00e9 pro manipulaci s t\u011b\u017ek\u00fdmi b\u0159emeny a slo\u017eit\u00e9 provozn\u00ed \u00fakoly.<\/li>\n<li>R\u016fzn\u00e9 typy: Lze zvolit jako jedno\u010dinn\u00e9 (hydraulicky ovl\u00e1dan\u00e9 pouze v jednom sm\u011bru) nebo dvoj\u010dinn\u00e9 (hydraulicky ovl\u00e1dan\u00e9 v obou sm\u011brech) v\u00e1lce dle specifick\u00fdch provozn\u00edch po\u017eadavk\u016f, p\u0159i\u010dem\u017e n\u011bkter\u00e9 modely jsou teleskopick\u00e9, co\u017e umo\u017e\u0148uje v\u011bt\u0161\u00ed v\u00fdsuv bez zv\u011bt\u0161en\u00ed vn\u011bj\u0161\u00edch rozm\u011br\u016f, vhodn\u00e9 pro aplikace s omezen\u00fdm prostorem.<\/li>\n<li>Dokonal\u00e1 n\u00e1hrada: Na\u0161e produkty dok\u00e1\u017e\u00ed tyto hydraulick\u00e9 v\u00e1lce dokonale nahradit. <\/li>\n<\/ul>\n<p>\t<img decoding=\"async\" src=\"https:\/\/www.hydraulic-cylinders.net\/wp-content\/uploads\/2025\/01\/songte-cylinder-head-with-all-kinds-excavator-models.webp\" alt=\"Obr\u00e1zek produktu\"><\/p>\n<h2>Aplikace<\/h2>\n<ul>\n<li>Stavebn\u00ed za\u0159\u00edzen\u00ed: Nach\u00e1zej\u00ed se v bagrech a jsou kl\u00ed\u010dov\u00e9 pro kop\u00e1n\u00ed, nakl\u00e1d\u00e1n\u00ed a p\u0159emis\u0165ov\u00e1n\u00ed zeminy nebo suti. U rypadlo-naklada\u010d\u016f pom\u00e1h\u00e1 v\u00e1lec l\u017e\u00edce p\u0159i kop\u00e1n\u00ed i zved\u00e1n\u00ed.<\/li>\n<li>Zem\u011bd\u011blsk\u00e9 stroje: Pou\u017e\u00edvaj\u00ed se v \u010deln\u00edch naklada\u010d\u00edch pro nab\u00edr\u00e1n\u00ed, zved\u00e1n\u00ed a p\u0159epravu p\u016fdy, sena a dal\u0161\u00edch materi\u00e1l\u016f.<\/li>\n<li>Rypadla: V\u00e1lec l\u017e\u00edce umo\u017e\u0148uje kop\u00e1n\u00ed t\u00edm, \u017ee umo\u017e\u0148uje l\u017e\u00edci proniknout do p\u016fdy.<\/li>\n<li>Naklada\u010de: \u010celn\u00ed naklada\u010de efektivn\u011b pom\u00e1haj\u00ed p\u0159i zved\u00e1n\u00ed a vykl\u00e1dce zbo\u017e\u00ed.<\/li>\n<\/ul>\n<h2>Konstruk\u010dn\u00ed aspekty a krit\u00e9ria v\u00fdb\u011bru<\/h2>\n<ul>\n<li>\u00danosnost: Popi\u0161te schopnost v\u00e1lce odol\u00e1vat t\u011b\u017ek\u00fdm zat\u00ed\u017een\u00edm.<\/li>\n<li>T\u011bsn\u011bn\u00ed: Proberte d\u016fle\u017eitost spr\u00e1vn\u00e9ho ut\u011bsn\u011bn\u00ed, aby se zabr\u00e1nilo \u00faniku oleje a zajistil spolehliv\u00fd v\u00fdkon.<\/li>\n<li>Trvanlivost: Prozkoumejte trvanlivost v\u00e1lce s ohledem na faktory, jako je odolnost proti opot\u0159eben\u00ed a korozi.<\/li>\n<li>Bezpe\u010dnost: Prodiskutujte bezpe\u010dnostn\u00ed aspekty n\u00e1vrhu, v\u010detn\u011b opat\u0159en\u00ed k prevenci nehod.<\/li>\n<li>\u00dadr\u017eba: Diskutujte o snadnosti a dostupnosti \u00fadr\u017eby v\u00e1lce.<\/li>\n<\/ul>\n<p>\t<img decoding=\"async\" src=\"https:\/\/www.hydraulic-cylinders.net\/wp-content\/uploads\/2025\/01\/songte-oil-pipes-and-spare-parts.webp\" alt=\"Obr\u00e1zek produktu\"><\/p>\n<h2>T\u011bsn\u011bn\u00ed a maz\u00e1n\u00ed<\/h2>\n<p>Kore\u010dkov\u00fd v\u00e1lec vyu\u017e\u00edv\u00e1 r\u016fzn\u00e1 t\u011bsn\u011bn\u00ed, jako jsou p\u00edstn\u00ed t\u011bsn\u011bn\u00ed a t\u011bsn\u011bn\u00ed p\u00edstnice, vyroben\u00e1 z materi\u00e1l\u016f odoln\u00fdch proti opot\u0159eben\u00ed, jako je polyuretan a nitrilov\u00e1 pry\u017e. T\u011bleso v\u00e1lce a z\u00e1vitov\u00e9 konce proch\u00e1zej\u00ed jemn\u00fdm o\u0161et\u0159en\u00edm pro zv\u00fd\u0161en\u00ed odolnosti proti opot\u0159eben\u00ed. Pro zaji\u0161t\u011bn\u00ed hladk\u00e9ho provozu je nezbytn\u00e9 pravideln\u00e9 maz\u00e1n\u00ed vhodn\u00fdm mno\u017estv\u00edm hydraulick\u00e9ho oleje.<\/p>\n<h2>Pravideln\u00e1 kontrola a preventivn\u00ed \u00fadr\u017eba<\/h2>\n<ul>\n<li>Pravideln\u011b kontrolujte v\u00e1lec, zda nevykazuje zn\u00e1mky opot\u0159eben\u00ed, po\u0161kozen\u00ed nebo net\u011bsnost\u00ed.<\/li>\n<li>Zajist\u011bte spr\u00e1vn\u00e9 maz\u00e1n\u00ed v\u0161ech pohybliv\u00fdch \u010d\u00e1st\u00ed.<\/li>\n<li>Pro udr\u017een\u00ed optim\u00e1ln\u00edho v\u00fdkonu vym\u011b\u0148ujte t\u011bsn\u011bn\u00ed dle pot\u0159eby.<\/li>\n<li>Pro zaji\u0161t\u011bn\u00ed p\u0159esn\u00e9ho provozu prove\u010fte kalibra\u010dn\u00ed kontroly.<\/li>\n<\/ul>\n<h2>Pr\u016fvodce spr\u00e1vnou instalac\u00ed produktu<\/h2>\n<p>Spr\u00e1vn\u00e1 instalace je z\u00e1sadn\u00ed pro optim\u00e1ln\u00ed v\u00fdkon a dlouhou \u017eivotnost kore\u010dkov\u00e9ho v\u00e1lce. Dodr\u017eujte tyto pokyny:<\/p>\n<ul>\n<li>B\u011bhem instalace zajist\u011bte spr\u00e1vn\u00e9 veden\u00ed k zarovn\u00e1n\u00ed.<\/li>\n<li>Pro upevn\u011bn\u00ed v\u00e1lce doporu\u010dujeme pou\u017eit\u00ed vhodn\u00fdch mont\u00e1\u017en\u00edch konzol.<\/li>\n<li>Uve\u010fte doporu\u010den\u00e9 postupy pro kontrolu, opravu a v\u00fdm\u011bnu.<\/li>\n<li>Nab\u00eddn\u011bte tipy, jak prodlou\u017eit \u017eivotnost v\u00e1lce ko\u0161\u00edku.<\/li>\n<\/ul>\n<p>\t<img decoding=\"async\" src=\"https:\/\/www.hydraulic-cylinders.net\/wp-content\/uploads\/2025\/01\/songte-chushion-collar.webp\" alt=\"Obr\u00e1zek produktu\"><\/p>\n<h2>Bezpe\u010dnostn\u00ed aspekty a faktory prost\u0159ed\u00ed<\/h2>\n<p>P\u0159i pou\u017e\u00edv\u00e1n\u00ed kore\u010dkov\u00e9ho v\u00e1lce je nezbytn\u00e9 zav\u00e9st bezpe\u010dnostn\u00ed opat\u0159en\u00ed k zaji\u0161t\u011bn\u00ed bezpe\u010dnosti obsluhy a prevenci nehod. Zva\u017ete n\u00e1sleduj\u00edc\u00ed faktory:<\/p>\n<ul>\n<li>\u0158\u00e1dn\u00e9 \u0161kolen\u00ed obsluhy pro bezpe\u010dnou manipulaci se za\u0159\u00edzen\u00edm.<\/li>\n<li>Dodr\u017eov\u00e1n\u00ed bezpe\u010dnostn\u00edch norem a p\u0159edpis\u016f.<\/li>\n<li>Zav\u00e1d\u011bn\u00ed ekologick\u00fdch postup\u016f p\u0159i pou\u017e\u00edv\u00e1n\u00ed a likvidaci hydraulick\u00fdch kapalin.<\/li>\n<\/ul>\n<p>\t<img decoding=\"async\" src=\"https:\/\/www.hydraulic-cylinders.net\/wp-content\/uploads\/2025\/01\/songte-bushings-with-all-kinds-of-excavator-models.webp\" alt=\"Obr\u00e1zek produktu\"><\/p>\n<h2>Odstra\u0148ov\u00e1n\u00ed probl\u00e9m\u016f a b\u011b\u017en\u00e9 probl\u00e9my<\/h2>\n<ul>\n<li>\u00danik: Poskytn\u011bte tipy a \u0159e\u0161en\u00ed pro \u0159e\u0161en\u00ed \u00fanik\u016f oleje.<\/li>\n<li>\u0160patn\u00fd v\u00fdkon: Diskutujte mo\u017en\u00e9 p\u0159\u00ed\u010diny sn\u00ed\u017een\u00e9ho v\u00fdkonu a jak je napravit.<\/li>\n<li>Hluk nebo vibrace: Vysv\u011btlete mo\u017en\u00e9 p\u0159\u00ed\u010diny hluku nebo vibrac\u00ed a nab\u00eddn\u011bte metody \u0159e\u0161en\u00ed probl\u00e9m\u016f.<\/li>\n<\/ul>\n<h2>Tipy a \u0159e\u0161en\u00ed pro \u00fadr\u017ebu<\/h2>\n<p>Nab\u00eddn\u011bte rady ohledn\u011b \u00fadr\u017eby, v\u010detn\u011b pravideln\u00fdch kontrol, spr\u00e1vn\u00e9ho maz\u00e1n\u00ed, v\u00fdm\u011bny t\u011bsn\u011bn\u00ed a kontrol kalibrace. Zd\u016frazn\u011bte d\u016fle\u017eitost spr\u00e1vn\u00e9 instalace, maz\u00e1n\u00ed a se\u0159\u00edzen\u00ed. Poskytn\u011bte rady ohledn\u011b spr\u00e1vn\u00e9ho vyrovn\u00e1n\u00ed v\u00e1lce b\u011bhem instalace. Doporu\u010dte postupy kontroly, opravy a v\u00fdm\u011bny. Pod\u011blte se o tipy pro prodlou\u017een\u00ed \u017eivotnosti kore\u010dkov\u00e9ho v\u00e1lce.<\/p>\n<p>\t<img decoding=\"async\" src=\"https:\/\/hzpt.com\/wp-content\/uploads\/2024\/11\/songte-company-1.webp\" alt=\"Obr\u00e1zek produktu\"><\/p>\n<h2>O na\u0161\u00ed spole\u010dnosti<\/h2>\n<p>Jsme v\u00fdrobcem n\u00e1hradn\u00edch hydraulick\u00fdch v\u00e1lc\u016f a jedn\u00edm z p\u0159edn\u00edch v\u00fdrobc\u016f a velkoobchodn\u00edch distributor\u016f na dom\u00e1c\u00edm i mezin\u00e1rodn\u00edm trhu. Dodr\u017eujeme z\u00e1sady vynikaj\u00edc\u00ed kvality a v na\u0161\u00ed propracovan\u00e9 v\u00fdrobn\u00ed d\u00edln\u011b se spol\u00e9h\u00e1me na industrializovan\u00e9 strategie \u0159\u00edzen\u00ed v\u00fdroby. D\u00edky vyu\u017eit\u00ed technologick\u00fdch talent\u016f, pokro\u010dil\u00e9ho digit\u00e1ln\u00edho v\u00fdrobn\u00edho za\u0159\u00edzen\u00ed a profesion\u00e1ln\u00edch testovac\u00edch syst\u00e9m\u016f neust\u00e1le vylep\u0161ujeme na\u0161i v\u00fdrobn\u00ed platformu, zdokonalujeme na\u0161e v\u00fdrobn\u00ed postupy pro kvalitu produkt\u016f a disponujeme siln\u00fdmi inovativn\u00edmi schopnostmi. Sna\u017e\u00edme se uspokojovat rozmanit\u00e9 pot\u0159eby z\u00e1kazn\u00edk\u016f s vysokou efektivitou, vysokou p\u0159esnost\u00ed a principy vysok\u00e9 kvality.<\/p>\n<p>\t<img decoding=\"async\" src=\"https:\/\/www.hydraulic-cylinders.net\/wp-content\/uploads\/2025\/01\/songte-company-3.webp\" alt=\"Obr\u00e1zek produktu\"><\/p>\n<h2>Hlavn\u00ed body na\u0161\u00ed spole\u010dnosti<\/h2>\n<ul>\n<li>Profesionalita: Zd\u016frazn\u011bte odbornost a specializaci spole\u010dnosti v oblasti hydraulick\u00fdch v\u00e1lc\u016f.<\/li>\n<li>Mezin\u00e1rodn\u00ed certifikace: Uve\u010fte ve\u0161ker\u00e9 relevantn\u00ed certifikace nebo normy, kter\u00e9 spole\u010dnost z\u00edskala.<\/li>\n<li>Slu\u017eby p\u0159izp\u016fsoben\u00ed: Diskutujte o schopnosti spole\u010dnosti poskytovat \u0159e\u0161en\u00ed na m\u00edru pro specifick\u00e9 po\u017eadavky z\u00e1kazn\u00edk\u016f.<\/li>\n<li>V\u00fdrobn\u00ed za\u0159\u00edzen\u00ed: Zd\u016frazn\u011bte modern\u00ed v\u00fdrobn\u00ed za\u0159\u00edzen\u00ed, kter\u00e9 spole\u010dnost pou\u017e\u00edv\u00e1.<\/li>\n<li>Poprodejn\u00ed servis: Vysv\u011btlete z\u00e1vazek spole\u010dnosti poskytovat vynikaj\u00edc\u00ed poprodejn\u00ed servis a podporu.<\/li>\n<\/ul>\n<p>Autor: lyl<\/p>\n<p><\/body><br \/>\n<\/html><\/p>","protected":false},"excerpt":{"rendered":"<p>Bucket Cylinder For Hyundai Small Excavator R80-7 Bucket Cylinder For Hyundai Small Excavator R80-7 Introduction The bucket cylinder for Hyundai small excavator R80-7 is a specially designed hydraulic cylinder used to control the movement of the bucket in heavy machinery such as excavators, backhoe loaders, and front-end loaders. Its main function is to enable the [&hellip;]<\/p>","protected":false},"featured_media":14771,"comment_status":"open","ping_status":"closed","template":"","meta":{"_et_pb_use_builder":"","_et_pb_old_content":"","_et_gb_content_width":""},"product_brand":[],"product_cat":[1494],"product_tag":[1495,1496],"class_list":{"0":"post-15307","1":"product","2":"type-product","3":"status-publish","4":"has-post-thumbnail","6":"product_cat-bucket-cylinders","7":"product_tag-bucket-cylinders","8":"product_tag-hydraulic-cylinders","10":"first","11":"instock","12":"shipping-taxable","13":"product-type-simple"},"amp_enabled":true,"_links":{"self":[{"href":"https:\/\/www.hydraulic-cylinders.net\/cs\/wp-json\/wp\/v2\/product\/15307","targetHints":{"allow":["GET"]}}],"collection":[{"href":"https:\/\/www.hydraulic-cylinders.net\/cs\/wp-json\/wp\/v2\/product"}],"about":[{"href":"https:\/\/www.hydraulic-cylinders.net\/cs\/wp-json\/wp\/v2\/types\/product"}],"replies":[{"embeddable":true,"href":"https:\/\/www.hydraulic-cylinders.net\/cs\/wp-json\/wp\/v2\/comments?post=15307"}],"wp:featuredmedia":[{"embeddable":true,"href":"https:\/\/www.hydraulic-cylinders.net\/cs\/wp-json\/wp\/v2\/media\/14771"}],"wp:attachment":[{"href":"https:\/\/www.hydraulic-cylinders.net\/cs\/wp-json\/wp\/v2\/media?parent=15307"}],"wp:term":[{"taxonomy":"product_brand","embeddable":true,"href":"https:\/\/www.hydraulic-cylinders.net\/cs\/wp-json\/wp\/v2\/product_brand?post=15307"},{"taxonomy":"product_cat","embeddable":true,"href":"https:\/\/www.hydraulic-cylinders.net\/cs\/wp-json\/wp\/v2\/product_cat?post=15307"},{"taxonomy":"product_tag","embeddable":true,"href":"https:\/\/www.hydraulic-cylinders.net\/cs\/wp-json\/wp\/v2\/product_tag?post=15307"}],"curies":[{"name":"wp","href":"https:\/\/api.w.org\/{rel}","templated":true}]}}