{"id":15309,"date":"2025-01-19T14:22:01","date_gmt":"2025-01-19T14:22:01","guid":{"rendered":"https:\/\/www.hydraulic-cylinders.net\/product\/bucket-cylinder-for-hyundai-small-excavator-r60-7-9\/"},"modified":"2025-01-19T14:22:09","modified_gmt":"2025-01-19T14:22:09","slug":"bucket-cylinder-for-hyundai-small-excavator-r60-7-9","status":"publish","type":"product","link":"https:\/\/www.hydraulic-cylinders.net\/cs\/produkt\/bucket-cylinder-for-hyundai-small-excavator-r60-7-9\/","title":{"rendered":"V\u00e1lec kope\u010dku pro mal\u00e9 rypadlo Hyundai R60-7-9"},"content":{"rendered":"<h1>V\u00e1lec kope\u010dku pro mal\u00e9 rypadlo Hyundai R60-7-9<\/h1>\n<h2>Zaveden\u00ed<\/h2>\n<h3>Definov\u00e1n\u00ed v\u00e1lce ko\u0161\u00edku<\/h3>\n<p>A bucket cylinder is a specialized hydraulic cylinder designed primarily to control the movement of a bucket in heavy machinery such as excavators, backhoes, and front loaders. Its main function is to enable the bucket to perform lifting, lowering, and tilting, making it easier to carry out various material handling tasks. In the hydraulic system, the bucket cylinder achieves precise control of the bucket&#8217;s movement through changes in hydraulic oil pressure, allowing operators to efficiently handle heavy loads, adapt to complex work environments, and diverse operational needs.<\/p>\n<p><img decoding=\"async\" src=\"https:\/\/www.hydraulic-cylinders.net\/wp-content\/uploads\/2025\/01\/songte-company-2.webp\" alt=\"Obr\u00e1zek v\u00e1lce kbel\u00edku\"><\/p>\n<h3>Vlastnosti kore\u010dkov\u00e9ho v\u00e1lce<\/h3>\n<ul>\n<li><strong>Vysok\u00e1 pevnost a trvanlivost:<\/strong> Obvykle je vyroben z vysokopevnostn\u00ed oceli nebo hlin\u00edku, odol\u00e1 vysok\u00e9mu tlaku a velk\u00e9mu zat\u00ed\u017een\u00ed, a p\u0159izp\u016fsob\u00ed se tak n\u00e1ro\u010dn\u00fdm pracovn\u00edm podm\u00ednk\u00e1m. Konstrukce zohled\u0148uje odolnost proti opot\u0159eben\u00ed a korozi, co\u017e prodlu\u017euje \u017eivotnost.<\/li>\n<li><strong>Efektivn\u00ed hydraulick\u00fd provoz:<\/strong> D\u00edky hydraulick\u00e9mu tlaku oleje k dosa\u017een\u00ed plynul\u00e9ho vysouv\u00e1n\u00ed a zasouv\u00e1n\u00ed dok\u00e1\u017ee rychle reagovat na \u0159\u00eddic\u00ed povely a poskytovat silnou tla\u010dnou a ta\u017enou s\u00edlu, vhodnou pro manipulaci s t\u011b\u017ek\u00fdmi b\u0159emeny a slo\u017eit\u00e9 provozn\u00ed \u00fakoly.<\/li>\n<li><strong>R\u016fzn\u00e9 typy:<\/strong> Podle pot\u0159eby lze pro spln\u011bn\u00ed r\u016fzn\u00fdch provozn\u00edch po\u017eadavk\u016f zvolit jedno\u010dinn\u00e9 (hydraulick\u00e9 pouze v jednom sm\u011bru) nebo dvoj\u010dinn\u00e9 (hydraulick\u00e9 v obou sm\u011brech). N\u011bkter\u00e9 modely jsou teleskopick\u00e9, co\u017e umo\u017e\u0148uje v\u011bt\u0161\u00ed v\u00fdsuv bez zv\u011bt\u0161en\u00ed vn\u011bj\u0161\u00edch rozm\u011br\u016f, a jsou vhodn\u00e9 pro aplikace s omezen\u00fdm prostorem.<\/li>\n<li><strong>Snadn\u00e1 v\u00fdm\u011bna:<\/strong> N\u00e1\u0161 produkt dok\u00e1\u017ee tyto hydraulick\u00e9 v\u00e1lce dokonale nahradit.<\/li>\n<\/ul>\n<p><img decoding=\"async\" src=\"https:\/\/www.hydraulic-cylinders.net\/wp-content\/uploads\/2025\/01\/songte-cylinder-head-with-all-kinds-excavator-models.webp\" alt=\"Obr\u00e1zek v\u00fdm\u011bny v\u00e1lce lopaty\"><\/p>\n<h3>Aplikace kore\u010dkov\u00e9ho v\u00e1lce<\/h3>\n<p>Kore\u010dkov\u00fd v\u00e1lec m\u00e1 \u0161irokou \u0161k\u00e1lu uplatn\u011bn\u00ed v r\u016fzn\u00fdch stroj\u00edch, v\u010detn\u011b:<\/p>\n<ul>\n<li><strong>Stavebn\u00ed vybaven\u00ed:<\/strong> U bagr\u016f jsou nezbytn\u00e9 pro kop\u00e1n\u00ed, nakl\u00e1d\u00e1n\u00ed a p\u0159emis\u0165ov\u00e1n\u00ed zeminy nebo suti. U rypadlo-naklada\u010d\u016f pom\u00e1h\u00e1 v\u00e1lec l\u017e\u00edce jak p\u0159i kop\u00e1n\u00ed, tak p\u0159i zved\u00e1n\u00ed. <\/li>\n<li><strong>Zem\u011bd\u011blsk\u00e9 stroje:<\/strong> Pou\u017e\u00edv\u00e1 se v \u010deln\u00edch naklada\u010d\u00edch pro kop\u00e1n\u00ed, zved\u00e1n\u00ed a p\u0159epravu zeminy, sena a dal\u0161\u00edch materi\u00e1l\u016f. <\/li>\n<li><strong>Bagry:<\/strong> V\u00e1lec l\u017e\u00edce dosahuje ryc\u00edho \u00fa\u010dinku t\u00edm, \u017ee umo\u017e\u0148uje l\u017e\u00edci proniknout do p\u016fdy. <\/li>\n<li><strong>Naklada\u010de:<\/strong> U \u010deln\u00edch naklada\u010d\u016f pom\u00e1haj\u00ed efektivn\u011b zvedat a vykl\u00e1dat zbo\u017e\u00ed. <\/li>\n<\/ul>\n<p>Poj\u010fme se podrobn\u011bji pod\u00edvat na n\u011bkter\u00e9 hlavn\u00ed aplikace:<\/p>\n<h4>Stavebn\u00ed stroje<\/h4>\n<p>In excavators, the bucket cylinder is essential for digging, loading, and moving soil or debris. The bucket cylinder helps not only in digging but also in lifting. In backhoes, the bucket cylinder is used to operate the backhoe&#8217;s digging bucket and lift it.<\/p>\n<h4>Zem\u011bd\u011blsk\u00e9 stroje<\/h4>\n<p>V\u00e1lec l\u017e\u00edce hraje d\u016fle\u017eitou roli v r\u016fzn\u00fdch zem\u011bd\u011blsk\u00fdch stroj\u00edch. U \u010deln\u00edch naklada\u010d\u016f v\u00e1lec pom\u00e1h\u00e1 p\u0159i kop\u00e1n\u00ed, zved\u00e1n\u00ed a p\u0159eprav\u011b p\u016fdy, sena a dal\u0161\u00edch materi\u00e1l\u016f. Zem\u011bd\u011blsk\u00e9 naklada\u010de se pou\u017e\u00edvaj\u00ed k p\u0159eprav\u011b materi\u00e1l\u016f na farm\u00e1ch, jako je hn\u016fj, krmivo pro hospod\u00e1\u0159sk\u00e1 zv\u00ed\u0159ata a p\u016fda. <\/p>\n<h4>Bagry<\/h4>\n<p>U bagr\u016f umo\u017e\u0148uje v\u00e1lec kore\u010dkov\u00e9 l\u017e\u00edce proniknout do p\u016fdy a pot\u00e9 se pou\u017e\u00edv\u00e1 ke zved\u00e1n\u00ed zeminy a horninov\u00fdch materi\u00e1l\u016f. <\/p>\n<h4>Naklada\u010de<\/h4>\n<p>U naklada\u010d\u016f se v\u00e1lec kope\u010dku pou\u017e\u00edv\u00e1 k efektivn\u00edmu zved\u00e1n\u00ed a vykl\u00e1dkov\u00e1n\u00ed zbo\u017e\u00ed. <\/p>\n<h3>Konstruk\u010dn\u00ed aspekty a krit\u00e9ria v\u00fdb\u011bru<\/h3>\n<p>Kore\u010dkov\u00e9 v\u00e1lce jsou nezbytnou sou\u010d\u00e1st\u00ed t\u011b\u017ek\u00fdch stroj\u016f a vy\u017eaduj\u00ed pe\u010dliv\u00e9 zv\u00e1\u017een\u00ed a v\u00fdb\u011br. P\u0159i v\u00fdb\u011bru kore\u010dkov\u00e9ho v\u00e1lce je t\u0159eba vz\u00edt v \u00favahu faktory, jako je nosnost, t\u011bsn\u011bn\u00ed, trvanlivost, bezpe\u010dnost a \u00fadr\u017eba. Mezi konstruk\u010dn\u00ed aspekty a krit\u00e9ria v\u00fdb\u011bru pat\u0159\u00ed:<\/p>\n<ul>\n<li><strong>Nosnost:<\/strong> V\u00e1lec kore\u010dkov\u00e9ho v\u00e1lce mus\u00ed m\u00edt odpov\u00eddaj\u00edc\u00ed kapacitu pro zved\u00e1n\u00ed a p\u0159esun po\u017eadovan\u00fdch b\u0159emen. V\u00e1lec by m\u011bl b\u00fdt navr\u017een tak, aby odolal n\u00e1raz\u016fm a nam\u00e1h\u00e1n\u00ed t\u011b\u017ek\u00fdch b\u0159emen a zachoval si stabilitu b\u011bhem provozu.<\/li>\n<li><strong>T\u011bsn\u011bn\u00ed:<\/strong> V\u00e1lec mus\u00ed b\u00fdt ut\u011bsn\u011bn, aby se zabr\u00e1nilo \u00fanik\u016fm a zajistil se hladk\u00fd chod. Pro zachov\u00e1n\u00ed trvanlivosti je nutn\u00e9 pou\u017e\u00edt r\u016fzn\u00e9 t\u011bsnic\u00ed prvky, jako jsou t\u011bsn\u011bn\u00ed p\u00edst\u016f a p\u00edstnic, vyroben\u00e9 z materi\u00e1l\u016f odoln\u00fdch proti opot\u0159eben\u00ed, jako je polyuretan a nitrilov\u00e1 pry\u017e. <\/li>\n<li><strong>Trvanlivost:<\/strong> The bucket cylinder must be designed to withstand the harsh operating conditions of heavy machinery. The cylinder&#8217;s surface must be treated to increase wear resistance, corrosion resistance, and extend the service life. <\/li>\n<li><strong>Bezpe\u010dnost:<\/strong> Bezpe\u010dnostn\u00ed aspekty jsou v\u00fdznamn\u00fdm faktorem p\u0159i v\u00fdb\u011bru kore\u010dkov\u00e9ho v\u00e1lce. V\u00e1lec mus\u00ed b\u00fdt navr\u017een tak, aby se zabr\u00e1nilo nehod\u00e1m, jako je n\u00e1hl\u00e9 selh\u00e1n\u00ed v\u00e1lce a net\u011bsnosti, kter\u00e9 mohou zp\u016fsobit zran\u011bn\u00ed obsluhy a po\u0161kozen\u00ed stroj\u016f. <\/li>\n<li><strong>\u00dadr\u017eba:<\/strong> V\u00e1lec kore\u010dkov\u00e9ho v\u00e1lce by m\u011bl b\u00fdt navr\u017een pro snadnou \u00fadr\u017ebu. Sou\u010d\u00e1sti v\u00e1lce by m\u011bly b\u00fdt snadno p\u0159\u00edstupn\u00e9 a vym\u011bniteln\u00e9 a postupy \u00fadr\u017eby by m\u011bly b\u00fdt jasn\u011b definov\u00e1ny. <\/li>\n<\/ul>\n<p><img decoding=\"async\" src=\"https:\/\/www.hydraulic-cylinders.net\/wp-content\/uploads\/2025\/01\/songte-oil-pipes-and-spare-parts.webp\" alt=\"Obr\u00e1zek n\u00e1vrhu v\u00e1lce kbel\u00edku\"><\/p>\n<h3>T\u011bsn\u011bn\u00ed a maz\u00e1n\u00ed v\u00e1lce kore\u010dkov\u00e9 l\u017e\u00edce<\/h3>\n<p>Sealing and lubrication are essential for the smooth operation of the bucket cylinder. Various sealing components such as piston seals and rod seals made of wear-resistant materials such as polyurethane and nitrile rubber must be used to maintain durability. The cylinder&#8217;s surface must be treated to increase wear resistance, corrosion resistance, and extend the service life. The cylinder requires regular lubrication with the appropriate hydraulic oil to ensure smooth operation and prevent damage.<\/p>\n<h3>Pravideln\u00e1 kontrola a preventivn\u00ed \u00fadr\u017eba<\/h3>\n<p>Kbel\u00edkov\u00fd v\u00e1lec vy\u017eaduje pravidelnou kontrolu a \u00fadr\u017ebu, aby byl zaji\u0161t\u011bn bezpe\u010dn\u00fd a efektivn\u00ed provoz. N\u011bkter\u00e1 preventivn\u00ed opat\u0159en\u00ed \u00fadr\u017eby jsou:<\/p>\n<ul>\n<li><strong>Pravideln\u00e1 kontrola:<\/strong> V\u00e1lec kore\u010dkov\u00e9ho v\u00e1lce by m\u011bl b\u00fdt pravideln\u011b kontrolov\u00e1n na opot\u0159eben\u00ed a po\u0161kozen\u00ed. Sou\u010d\u00e1sti v\u00e1lce, jako jsou t\u011bsn\u011bn\u00ed p\u00edstu, t\u011bsn\u011bn\u00ed p\u00edstnice a v\u00e1lec v\u00e1lce, by m\u011bly b\u00fdt kontrolov\u00e1ny na t\u011bsnost a opot\u0159eben\u00ed alespo\u0148 jednou ro\u010dn\u011b. <\/li>\n<li><strong>Spr\u00e1vn\u00e9 maz\u00e1n\u00ed:<\/strong> V\u00e1lec l\u017e\u00edce by m\u011bl b\u00fdt pravideln\u011b maz\u00e1n vhodn\u00fdm hydraulick\u00fdm olejem, aby byl zaji\u0161t\u011bn hladk\u00fd chod a zabr\u00e1nilo se po\u0161kozen\u00ed. <\/li>\n<li><strong>V\u00fdm\u011bna t\u011bsn\u011bn\u00ed:<\/strong> T\u011bsn\u011bn\u00ed by m\u011bla b\u00fdt pravideln\u011b vym\u011b\u0148ov\u00e1na, aby se zabr\u00e1nilo \u00fanik\u016fm a zajistil se hladk\u00fd provoz. <\/li>\n<li><strong>Kontrola kalibrace:<\/strong> V\u00e1lec kore\u010dkov\u00e9ho v\u00e1lce by m\u011bl b\u00fdt pravideln\u011b kalibrov\u00e1n, aby byl zaji\u0161t\u011bn p\u0159esn\u00fd provoz. <\/li>\n<\/ul>\n<p>Spr\u00e1vn\u00e1 instalace je z\u00e1sadn\u00ed pro bezpe\u010dn\u00fd a efektivn\u00ed provoz kore\u010dkov\u00e9ho v\u00e1lce. V\u00e1lec by m\u011bl b\u00fdt spr\u00e1vn\u011b vyrovn\u00e1n a k jeho upevn\u011bn\u00ed by m\u011bly b\u00fdt pou\u017eity vhodn\u00e9 mont\u00e1\u017en\u00ed konzole. Pro prodlou\u017een\u00ed \u017eivotnosti v\u00e1lce by m\u011bly b\u00fdt dodr\u017eov\u00e1ny doporu\u010den\u00e9 postupy kontroly, opravy a v\u00fdm\u011bny. <\/p>\n<p><img decoding=\"async\" src=\"https:\/\/www.hydraulic-cylinders.net\/wp-content\/uploads\/2025\/01\/songte-chushion-collar.webp\" alt=\"Obr\u00e1zek \u00fadr\u017eby v\u00e1lce lopaty\"><\/p>\n<h3>Bezpe\u010dnostn\u00ed a environment\u00e1ln\u00ed aspekty<\/h3>\n<p>Bezpe\u010dnost je z\u00e1sadn\u00edm aspektem pou\u017e\u00edv\u00e1n\u00ed kore\u010dkov\u00fdch v\u00e1lc\u016f. Obsluha mus\u00ed p\u0159i obsluze t\u011b\u017ek\u00fdch stroj\u016f s kore\u010dkov\u00fdmi v\u00e1lci dodr\u017eovat pokyny a pokyny. M\u011bly by se zohlednit i environment\u00e1ln\u00ed aspekty, jako je prevence \u00faniku oleje a spr\u00e1vn\u00e1 likvidace hydraulick\u00e9ho oleje. <\/p>\n<h3>Diagnostika poruch a b\u011b\u017en\u00e9 probl\u00e9my<\/h3>\n<p>Mezi b\u011b\u017en\u00e9 probl\u00e9my s kore\u010dkov\u00fdmi v\u00e1lci pat\u0159\u00ed net\u011bsnosti t\u011bsn\u011bn\u00ed, po\u0161kozen\u00ed p\u00edstnice a obecn\u00e9 opot\u0159eben\u00ed. Pro diagnostiku probl\u00e9m\u016f by obsluha m\u011bla prov\u00e9st vizu\u00e1ln\u00ed kontrolu v\u00e1lce a tlakovou zkou\u0161ku. Pokud je v\u00e1lec po\u0161kozen, m\u011bla by b\u00fdt okam\u017eit\u011b opravena nebo vym\u011bn\u011bna, aby se zabr\u00e1nilo dal\u0161\u00edmu po\u0161kozen\u00ed a zajistil se bezpe\u010dn\u00fd provoz.<\/p>\n<h3>Z\u00e1v\u011br<\/h3>\n<p>Hydraulick\u00e9 v\u00e1lce kore\u010dk\u016f jsou z\u00e1kladn\u00edmi sou\u010d\u00e1stmi t\u011b\u017ek\u00fdch stroj\u016f a umo\u017e\u0148uj\u00ed efektivn\u00ed manipulaci s materi\u00e1lem a jeho p\u0159esun. Na\u0161e spole\u010dnost nab\u00edz\u00ed \u0161irokou \u0161k\u00e1lu n\u00e1hradn\u00edch hydraulick\u00fdch v\u00e1lc\u016f s vynikaj\u00edc\u00ed kvalitou, odolnou konstrukc\u00ed a slu\u017ebami na m\u00edru. Na\u0161e spole\u010dnost se zav\u00e1zala poskytovat vysoce kvalitn\u00ed produkty a slu\u017eby a spol\u00e9h\u00e1 se na sofistikovanou v\u00fdrobn\u00ed d\u00edlnu, modern\u00ed v\u00fdrobn\u00ed za\u0159\u00edzen\u00ed a profesion\u00e1ln\u00ed testovac\u00ed syst\u00e9my. Dodr\u017eujeme z\u00e1sady vysok\u00e9 \u00fa\u010dinnosti, vysok\u00e9 p\u0159esnosti a vysok\u00e9 kvality, abychom splnili rozmanit\u00e9 pot\u0159eby z\u00e1kazn\u00edk\u016f. <\/p>\n<p><img decoding=\"async\" src=\"https:\/\/hzpt.com\/wp-content\/uploads\/2024\/11\/songte-company-1.webp\" alt=\"Image spole\u010dnosti\"><\/p>\n<h3>O autorovi<\/h3>\n<p>Autor: lyl<\/p>","protected":false},"excerpt":{"rendered":"<p>Bucket Cylinder For Hyundai Small Excavator R60-7-9 Introduction Defining Bucket Cylinder A bucket cylinder is a specialized hydraulic cylinder designed primarily to control the movement of a bucket in heavy machinery such as excavators, backhoes, and front loaders. Its main function is to enable the bucket to perform lifting, lowering, and tilting, making it easier [&hellip;]<\/p>","protected":false},"featured_media":14765,"comment_status":"open","ping_status":"closed","template":"","meta":{"_et_pb_use_builder":"","_et_pb_old_content":"","_et_gb_content_width":""},"product_brand":[],"product_cat":[1494],"product_tag":[1495,1496],"class_list":{"0":"post-15309","1":"product","2":"type-product","3":"status-publish","4":"has-post-thumbnail","6":"product_cat-bucket-cylinders","7":"product_tag-bucket-cylinders","8":"product_tag-hydraulic-cylinders","10":"first","11":"instock","12":"shipping-taxable","13":"product-type-simple"},"amp_enabled":true,"_links":{"self":[{"href":"https:\/\/www.hydraulic-cylinders.net\/cs\/wp-json\/wp\/v2\/product\/15309","targetHints":{"allow":["GET"]}}],"collection":[{"href":"https:\/\/www.hydraulic-cylinders.net\/cs\/wp-json\/wp\/v2\/product"}],"about":[{"href":"https:\/\/www.hydraulic-cylinders.net\/cs\/wp-json\/wp\/v2\/types\/product"}],"replies":[{"embeddable":true,"href":"https:\/\/www.hydraulic-cylinders.net\/cs\/wp-json\/wp\/v2\/comments?post=15309"}],"wp:featuredmedia":[{"embeddable":true,"href":"https:\/\/www.hydraulic-cylinders.net\/cs\/wp-json\/wp\/v2\/media\/14765"}],"wp:attachment":[{"href":"https:\/\/www.hydraulic-cylinders.net\/cs\/wp-json\/wp\/v2\/media?parent=15309"}],"wp:term":[{"taxonomy":"product_brand","embeddable":true,"href":"https:\/\/www.hydraulic-cylinders.net\/cs\/wp-json\/wp\/v2\/product_brand?post=15309"},{"taxonomy":"product_cat","embeddable":true,"href":"https:\/\/www.hydraulic-cylinders.net\/cs\/wp-json\/wp\/v2\/product_cat?post=15309"},{"taxonomy":"product_tag","embeddable":true,"href":"https:\/\/www.hydraulic-cylinders.net\/cs\/wp-json\/wp\/v2\/product_tag?post=15309"}],"curies":[{"name":"wp","href":"https:\/\/api.w.org\/{rel}","templated":true}]}}