{"id":1531,"date":"2023-09-28T03:14:41","date_gmt":"2023-09-28T03:14:41","guid":{"rendered":"https:\/\/hydraulic-cylinders.net\/?post_type=product&#038;p=1531"},"modified":"2025-04-11T03:25:57","modified_gmt":"2025-04-11T03:25:57","slug":"aerial-work-platform-luffing-cylinder","status":"publish","type":"product","link":"https:\/\/www.hydraulic-cylinders.net\/cs\/produkt\/aerial-work-platform-luffing-cylinder\/","title":{"rendered":"V\u00e1lec pro v\u00fdkyvn\u00e9 plo\u0161iny"},"content":{"rendered":"<h1 style=\"text-align: center;\"><strong>V\u00e1lec pro v\u00fdkyvn\u00e9 plo\u0161iny<\/strong><\/h1>\n<p><img loading=\"lazy\" decoding=\"async\" class=\"wp-image-1532 aligncenter\" src=\"https:\/\/hydraulic-cylinders.net\/wp-content\/uploads\/2023\/09\/luffing-cylinder-1-300x300.webp\" alt=\"\" width=\"400\" height=\"400\" \/><\/p>\n<p>Hydraulick\u00fd v\u00e1lec pro zdvih\u00e1n\u00ed plo\u0161iny je kl\u00ed\u010dovou sou\u010d\u00e1st\u00ed plo\u0161in pro zdvih\u00e1n\u00ed a spou\u0161t\u011bn\u00ed plo\u0161in. Je navr\u017een tak, aby zvy\u0161oval bezpe\u010dnost a efektivitu ve vyv\u00fd\u0161en\u00fdch pracovn\u00edch prost\u0159ed\u00edch. Tento inovativn\u00ed hydraulick\u00fd v\u00e1lec zaji\u0161\u0165uje \u0159\u00edzen\u00fd vertik\u00e1ln\u00ed pohyb, co\u017e umo\u017e\u0148uje p\u0159esn\u00e9 zved\u00e1n\u00ed a spou\u0161t\u011bn\u00ed plo\u0161iny.<\/p>\n<p>V\u00e1lec pro vykl\u00e1p\u011bn\u00ed plo\u0161iny je kl\u00ed\u010dovou sou\u010d\u00e1st\u00ed plo\u0161in pro pr\u00e1ci ve v\u00fd\u0161k\u00e1ch. Zaji\u0161\u0165uje \u0159\u00edzen\u00fd vertik\u00e1ln\u00ed pohyb a zvy\u0161uje bezpe\u010dnost a efektivitu ve v\u00fd\u0161k\u00e1ch. D\u00edky p\u0159esn\u00fdm zvedac\u00edm schopnostem, vysok\u00e9 nosnosti a integrovan\u00fdm bezpe\u010dnostn\u00edm prvk\u016fm umo\u017e\u0148uje tento v\u00e1lec obsluze s jistotou pracovat v r\u016fzn\u00fdch v\u00fd\u0161k\u00e1ch. Dodr\u017eov\u00e1n\u00edm doporu\u010den\u00fdch metod pou\u017e\u00edv\u00e1n\u00ed a postup\u016f \u00fadr\u017eby mohou obsluhy maximalizovat \u017eivotnost a v\u00fdkon v\u00e1lce pro vykl\u00e1p\u011bn\u00ed plo\u0161iny, co\u017e vede ke zv\u00fd\u0161en\u00ed produktivity, zkr\u00e1cen\u00ed prostoj\u016f a zv\u00fd\u0161en\u00ed bezpe\u010dnosti p\u0159i pr\u00e1ci ve v\u00fd\u0161k\u00e1ch. Investujte do t\u00e9to pokro\u010dil\u00e9 hydraulick\u00e9 sou\u010d\u00e1sti, abyste pozvedli schopnosti va\u0161\u00ed plo\u0161iny a posunuli svou pr\u00e1ci na novou \u00farove\u0148 \u00fasp\u011bchu.<\/p>\n<p>Kl\u00ed\u010dov\u00e9 vlastnosti v\u00fdkyvn\u00e9ho v\u00e1lce pro pracovn\u00ed plo\u0161inu:<\/p>\n<ol>\n<li>\u0158\u00edzen\u00fd vertik\u00e1ln\u00ed pohyb:<\/li>\n<\/ol>\n<ul>\n<li>V\u00e1lec pro vykl\u00e1p\u011bn\u00ed plo\u0161iny nab\u00edz\u00ed p\u0159esn\u00fd a kontrolovan\u00fd vertik\u00e1ln\u00ed pohyb, co\u017e umo\u017e\u0148uje obsluze p\u0159esn\u011b a snadno nastavit pracovn\u00ed v\u00fd\u0161ku plo\u0161iny.<\/li>\n<li>Zaji\u0161\u0165uje plynul\u00e9 a stabiln\u00ed zved\u00e1n\u00ed a spou\u0161t\u011bn\u00ed, \u010d\u00edm\u017e zaji\u0161\u0165uje bezpe\u010dn\u00e9 a pohodln\u00e9 pracovn\u00ed prost\u0159ed\u00ed v r\u016fzn\u00fdch v\u00fd\u0161k\u00e1ch.<\/li>\n<\/ul>\n<ol start=\"2\">\n<li>Vysok\u00e1 nosnost:<\/li>\n<\/ol>\n<ul>\n<li>Tento v\u00e1lec se py\u0161n\u00ed vysokou nosnost\u00ed, kter\u00e1 mu umo\u017e\u0148uje un\u00e9st t\u011b\u017ek\u00e9 n\u00e1klady a pojmout na pracovn\u00ed plo\u0161in\u011b v\u00edce pracovn\u00edk\u016f, n\u00e1stroj\u016f a vybaven\u00ed.<\/li>\n<li>Poskytuje spolehliv\u00fd zdvihac\u00ed v\u00fdkon a udr\u017euje stabilitu a bezpe\u010dnost i p\u0159i zna\u010dn\u00e9m u\u017eite\u010dn\u00e9m zat\u00ed\u017een\u00ed.<\/li>\n<\/ul>\n<ol start=\"3\">\n<li>Kompaktn\u00ed a robustn\u00ed konstrukce:<\/li>\n<\/ol>\n<ul>\n<li>V\u00e1lec pro vykl\u00e1p\u011bn\u00ed plo\u0161iny se vyzna\u010duje kompaktn\u00ed konstrukc\u00ed, kter\u00e1 minimalizuje celkovou hmotnost a zastav\u011bnou plochu.<\/li>\n<li>Jeho robustn\u00ed konstrukce zaru\u010duje odolnost a dlouhou \u017eivotnost, a to i v n\u00e1ro\u010dn\u00fdch podm\u00ednk\u00e1ch zv\u00fd\u0161en\u00fdch pracovn\u00edch prost\u0159ed\u00ed.<\/li>\n<\/ul>\n<ol start=\"4\">\n<li>Integrovan\u00e9 bezpe\u010dnostn\u00ed prvky:<\/li>\n<\/ol>\n<ul>\n<li>Tato v\u00e1lec m\u00e1 integrovan\u00e9 bezpe\u010dnostn\u00ed prvky, jako je ochrana proti p\u0159et\u00ed\u017een\u00ed a syst\u00e9my nouzov\u00e9ho spou\u0161t\u011bn\u00ed.<\/li>\n<li>Tyto bezpe\u010dnostn\u00ed mechanismy poskytuj\u00ed dodate\u010dn\u00fd klid, chr\u00e1n\u00ed p\u0159ed potenci\u00e1ln\u00edmi nehodami a usnad\u0148uj\u00ed rychlou reakci v nouzov\u00fdch situac\u00edch.<\/li>\n<\/ul>\n<h2><strong>Parametr v\u00fdkyvn\u00e9ho v\u00e1lce plo\u0161iny pro leteckou pr\u00e1ci:<\/strong><\/h2>\n<table border=\"1\" cellspacing=\"0\" cellpadding=\"0\">\n<tbody>\n<tr>\n<td>N\u00e1zev produktu<\/td>\n<td>V\u00e1lec pro v\u00fdkyvn\u00e9 plo\u0161iny<\/td>\n<\/tr>\n<tr>\n<td>Vlastnosti:<\/td>\n<td>Uv\u011bdom\u011bn\u00ed si, \u017ee rotace v\u00fdlo\u017en\u00edku nahoru a dol\u016f je hlavn\u00ed hnac\u00ed silou pro zved\u00e1n\u00ed<\/td>\n<\/tr>\n<tr>\n<td>Pr\u016fm\u011br otvoru:<\/td>\n<td>50 mm\uff5e350 mm<\/td>\n<\/tr>\n<tr>\n<td>Pr\u016fm\u011br ty\u010de:<\/td>\n<td>30 mm\uff5e300 mm<br \/>\nZdvih \u2264 3000 mm<\/td>\n<\/tr>\n<tr>\n<td>Tlak:<\/td>\n<td>30 MPa (maxim\u00e1ln\u00ed tlak)<\/td>\n<\/tr>\n<tr>\n<td>Aplikace v\u00fdkyvn\u00e9ho v\u00e1lce:<\/td>\n<td>Pracovn\u00ed plo\u0161ina pro lety<\/td>\n<\/tr>\n<\/tbody>\n<\/table>\n<h2><strong>Sch\u00e9ma identifikace plo\u0161iny pro leteck\u00e9 pr\u00e1ce:<\/strong><\/h2>\n<p><img loading=\"lazy\" decoding=\"async\" class=\"alignnone wp-image-1517 size-full\" src=\"https:\/\/hydraulic-cylinders.net\/wp-content\/uploads\/2023\/09\/aerial-work-platform-cylinder-construct.webp\" alt=\"\" width=\"600\" height=\"400\" srcset=\"https:\/\/hydraulic-cylinders.net\/wp-content\/uploads\/2023\/09\/aerial-work-platform-cylinder-construct.webp 600w, https:\/\/hydraulic-cylinders.net\/wp-content\/uploads\/2023\/09\/aerial-work-platform-cylinder-construct-480x320.webp 480w\" sizes=\"(min-width: 0px) and (max-width: 480px) 480px, (min-width: 481px) 600px, 100vw\" \/><\/p>\n<h2><strong>Zp\u016fsob pou\u017eit\u00ed <\/strong><strong>V\u00e1lec pro v\u00fdkyvn\u00e9 plo\u0161iny<\/strong><strong>:<\/strong><\/h2>\n<ol>\n<li><strong>Instalace v\u00e1lce:<\/strong><\/li>\n<\/ol>\n<ul>\n<li>Pro spr\u00e1vnou instalaci vykl\u00e1p\u011bc\u00edho v\u00e1lce pracovn\u00ed plo\u0161iny dodr\u017eujte pokyny v\u00fdrobce.<\/li>\n<li>Zajist\u011bte, aby byl v\u00e1lec bezpe\u010dn\u011b p\u0159ipevn\u011bn ke konstrukci pracovn\u00ed plo\u0161iny a aby bylo zaji\u0161t\u011bno stabiln\u00ed a spolehliv\u00e9 spojen\u00ed.<\/li>\n<\/ul>\n<ol start=\"2\">\n<li><strong>Hydraulick\u00e9 p\u0159ipojen\u00ed:<\/strong><\/li>\n<\/ol>\n<ul>\n<li>P\u0159ipojte v\u00e1lec k hydraulick\u00e9mu syst\u00e9mu pracovn\u00ed plo\u0161iny podle poskytnut\u00fdch pokyn\u016f.<\/li>\n<li>Ujist\u011bte se, \u017ee v\u0161echny hydraulick\u00e9 spoje jsou bezpe\u010dn\u00e9 a \u0159\u00e1dn\u011b ut\u011bsn\u011bn\u00e9, aby se zabr\u00e1nilo \u00fanik\u016fm nebo ztr\u00e1t\u011b hydraulick\u00e9 kapaliny.<\/li>\n<\/ul>\n<ol start=\"3\">\n<li><strong>Aktivace ovl\u00e1d\u00e1n\u00ed:<\/strong><\/li>\n<\/ol>\n<ul>\n<li>K aktivaci v\u00e1lce pro vykl\u00e1p\u011bn\u00ed plo\u0161iny pou\u017eijte ovl\u00e1dac\u00ed panel nebo rozhran\u00ed plo\u0161iny.<\/li>\n<li>Pro zved\u00e1n\u00ed nebo spou\u0161t\u011bn\u00ed plo\u0161iny do po\u017eadovan\u00e9 v\u00fd\u0161ky dodr\u017eujte doporu\u010den\u00e9 provozn\u00ed postupy.<\/li>\n<\/ul>\n<ol start=\"4\">\n<li><strong>Bezpe\u010dnostn\u00ed opat\u0159en\u00ed:<\/strong><\/li>\n<\/ol>\n<ul>\n<li>P\u0159ed obsluhou pracovn\u00ed plo\u0161iny se seznamte s bezpe\u010dnostn\u00edmi prvky a nouzov\u00fdmi postupy.<\/li>\n<li>Zajist\u011bte, aby v\u0161ichni oper\u00e1to\u0159i absolvovali \u0159\u00e1dn\u00e9 \u0161kolen\u00ed o bezpe\u010dn\u00e9m provozu plo\u0161iny a zdvihac\u00edho v\u00e1lce plo\u0161iny.<\/li>\n<\/ul>\n<h2><strong>Jak dostat vodu z hydraulick\u00e9ho syst\u00e9mu traktoru?<\/strong><\/h2>\n<p>Odstran\u011bn\u00ed vody z hydraulick\u00e9ho syst\u00e9mu traktoru je nezbytn\u00e9 pro udr\u017een\u00ed v\u00fdkonu syst\u00e9mu a prevenci po\u0161kozen\u00ed. Zde je podrobn\u00fd n\u00e1vod, jak odstranit vodu z hydraulick\u00e9ho syst\u00e9mu traktoru:<\/p>\n<ol>\n<li><strong>Identifikujte kontaminaci vody:<\/strong><\/li>\n<\/ol>\n<ul>\n<li>Zkontrolujte, zda se v n\u00e1dr\u017ece nevyskytuj\u00ed zn\u00e1mky kontaminace vodou, jako je ml\u00e9\u010dn\u00e1 nebo zakalen\u00e1 hydraulick\u00e1 kapalina, sn\u00ed\u017een\u00fd v\u00fdkon syst\u00e9mu nebo kapky vody.<\/li>\n<li>Potvr\u010fte, \u017ee p\u0159\u00ed\u010dinou probl\u00e9mu je voda, vylou\u010den\u00edm dal\u0161\u00edch potenci\u00e1ln\u00edch probl\u00e9m\u016f.<\/li>\n<\/ul>\n<ol start=\"2\">\n<li><strong>Vypus\u0165te hydraulick\u00fd syst\u00e9m:<\/strong><\/li>\n<\/ol>\n<ul>\n<li>Vyhledejte vypou\u0161t\u011bc\u00ed z\u00e1tku nebo ventil na hydraulick\u00e9 n\u00e1dr\u017ei nebo n\u00e1dr\u017ei.<\/li>\n<li>Pod vypou\u0161t\u011bc\u00ed z\u00e1tku um\u00edst\u011bte vhodnou n\u00e1dobu nebo vanu pro zachycen\u00ed kapaliny.<\/li>\n<\/ul>\n<ol start=\"3\">\n<li><strong>Otev\u0159ete vypou\u0161t\u011bc\u00ed z\u00e1tku:<\/strong><\/li>\n<\/ol>\n<ul>\n<li>Opatrn\u011b povolte a vyjm\u011bte vypou\u0161t\u011bc\u00ed z\u00e1tku nebo otev\u0159ete ventil pomoc\u00ed vhodn\u00e9ho kl\u00ed\u010de nebo n\u00e1stroje.<\/li>\n<li>Nechte kontaminovanou hydraulickou kapalinu ze syst\u00e9mu zcela vyt\u00e9ct.<\/li>\n<li>Kontaminovanou kapalinu zlikvidujte v souladu s m\u00edstn\u00edmi p\u0159edpisy.<\/li>\n<\/ul>\n<ol start=\"4\">\n<li><strong>Propl\u00e1chn\u011bte syst\u00e9m:<\/strong><\/li>\n<\/ol>\n<ul>\n<li>Po vypu\u0161t\u011bn\u00ed hydraulick\u00e9 kapaliny propl\u00e1chn\u011bte syst\u00e9m vhodn\u00fdm proplachovac\u00edm prost\u0159edkem nebo \u010distou hydraulickou kapalinou.<\/li>\n<li>Dodr\u017eujte doporu\u010den\u00ed v\u00fdrobce ohledn\u011b vhodn\u00e9ho proplachovac\u00edho prost\u0159edku a postupu.<\/li>\n<li>P\u0159ipojte hadici k vstupu hydraulick\u00e9ho syst\u00e9mu a pou\u017eijte ji k \u010derp\u00e1n\u00ed proplachovac\u00edho prost\u0159edku nebo \u010dist\u00e9 kapaliny syst\u00e9mem.<\/li>\n<li>Nechte proplachovac\u00ed prost\u0159edek dostate\u010dn\u011b procirkulovat syst\u00e9mem, aby se uvolnila ve\u0161ker\u00e1 zb\u00fdvaj\u00edc\u00ed voda.<\/li>\n<\/ul>\n<ol start=\"5\">\n<li><strong>Vypus\u0165te proplachovac\u00ed prost\u0159edek:<\/strong><\/li>\n<\/ol>\n<ul>\n<li>Znovu otev\u0159ete vypou\u0161t\u011bc\u00ed z\u00e1tku nebo ventil, abyste ze syst\u00e9mu vypus\u0165li proplachovac\u00ed prost\u0159edek.<\/li>\n<li>Nechte proplachovac\u00ed prost\u0159edek zcela vyt\u00e9ct do n\u00e1doby nebo z\u00e1chytn\u00e9 vany.<\/li>\n<\/ul>\n<ol start=\"6\">\n<li><strong>Dopln\u011bn\u00ed \u010dist\u00e9 hydraulick\u00e9 kapaliny:<\/strong><\/li>\n<\/ol>\n<ul>\n<li>Po vypu\u0161t\u011bn\u00ed ve\u0161ker\u00e9ho proplachovac\u00edho prost\u0159edku uzav\u0159ete vypou\u0161t\u011bc\u00ed z\u00e1tku nebo ventil.<\/li>\n<li>Dopl\u0148te hydraulick\u00fd syst\u00e9m \u010distou, doporu\u010denou hydraulickou kapalinou.<\/li>\n<li>Dodr\u017eujte pokyny v\u00fdrobce ohledn\u011b vhodn\u00e9ho typu kapaliny a hladiny napln\u011bn\u00ed.<\/li>\n<\/ul>\n<ol start=\"7\">\n<li><strong>Odvzdu\u0161n\u011bn\u00ed syst\u00e9mu:<\/strong><\/li>\n<\/ol>\n<ul>\n<li>Odvzdu\u0161n\u011bte hydraulick\u00fd syst\u00e9m podle pokyn\u016f v\u00fdrobce nebo odvzdu\u0161\u0148ovac\u00edch postup\u016f specifick\u00fdch pro v\u00e1\u0161 model traktoru.<\/li>\n<li>Tento krok zaji\u0161\u0165uje spr\u00e1vn\u00fd provoz hydraulick\u00e9ho syst\u00e9mu a eliminuje p\u0159\u00edpadn\u00e9 vzduchov\u00e9 kapsy.<\/li>\n<\/ul>\n<ol start=\"8\">\n<li><strong>Otestujte syst\u00e9m:<\/strong><\/li>\n<\/ol>\n<ul>\n<li>Nastartujte traktor a zapn\u011bte hydraulick\u00fd syst\u00e9m.<\/li>\n<li>Zkontrolujte, zda se nevyskytuj\u00ed abnorm\u00e1ln\u00ed zvuky, net\u011bsnosti nebo probl\u00e9my s v\u00fdkonem.<\/li>\n<li>Prove\u010fte provoz hydraulick\u00e9ho syst\u00e9mu a ov\u011b\u0159te, zda funguje hladce a bez probl\u00e9m\u016f souvisej\u00edc\u00edch s vodou.<\/li>\n<\/ul>\n<h2><strong>Schopnosti a kapacita tov\u00e1rny:<\/strong><\/h2>\n<h3>(1) Mont\u00e1\u017e<\/h3>\n<p>Disponujeme prvot\u0159\u00eddn\u00ed nez\u00e1vislou v\u00fdzkumnou a v\u00fdvojovou mont\u00e1\u017en\u00ed platformou. D\u00edlna na v\u00fdrobu hydraulick\u00fdch v\u00e1lc\u016f m\u00e1 \u010dty\u0159i poloautomatick\u00e9 mont\u00e1\u017en\u00ed linky pro zvedac\u00ed v\u00e1lce a jednu automatickou mont\u00e1\u017en\u00ed linku pro nakl\u00e1p\u011bc\u00ed v\u00e1lce s projektovanou ro\u010dn\u00ed v\u00fdrobn\u00ed kapacitou 1 milion kus\u016f. D\u00edlna na speci\u00e1ln\u00ed v\u00e1lce je vybavena poloautomatick\u00fdm \u010distic\u00edm mont\u00e1\u017en\u00edm syst\u00e9mem s r\u016fzn\u00fdmi specifikacemi a projektovanou ro\u010dn\u00ed v\u00fdrobn\u00ed kapacitou 200 000 kus\u016f a je vybavena zn\u00e1m\u00fdm CNC obr\u00e1b\u011bc\u00edm za\u0159\u00edzen\u00edm, obr\u00e1b\u011bc\u00edm centrem, vysoce p\u0159esn\u00fdm speci\u00e1ln\u00edm za\u0159\u00edzen\u00edm pro zpracov\u00e1n\u00ed v\u00e1lc\u016f, robotick\u00fdm sva\u0159ovac\u00edm strojem, automatick\u00fdm \u010distic\u00edm strojem, automatick\u00fdm mont\u00e1\u017en\u00edm strojem pro v\u00e1lce a automatickou lakovac\u00ed v\u00fdrobn\u00ed linkou. St\u00e1vaj\u00edc\u00ed kritick\u00e9 vybaven\u00ed m\u00e1 v\u00edce ne\u017e 300 sad. Optim\u00e1ln\u00ed alokace a efektivn\u00ed vyu\u017eit\u00ed zdroj\u016f za\u0159\u00edzen\u00ed zaji\u0161\u0165uje po\u017eadavky na p\u0159esnost v\u00fdrobk\u016f a spl\u0148uje po\u017eadavky na vysokou kvalitu v\u00fdrobk\u016f.<\/p>\n<p><img loading=\"lazy\" decoding=\"async\" class=\"alignnone wp-image-626\" src=\"https:\/\/hydraulic-cylinders.net\/wp-content\/uploads\/2023\/08\/hydraulic-cylinder-product-1-300x158.webp\" alt=\"\" width=\"495\" height=\"260\" srcset=\"https:\/\/hydraulic-cylinders.net\/wp-content\/uploads\/2023\/08\/hydraulic-cylinder-product-1-300x158.webp 495w, https:\/\/hydraulic-cylinders.net\/wp-content\/uploads\/2023\/08\/hydraulic-cylinder-product-1-480x252.webp 480w\" sizes=\"(min-width: 0px) and (max-width: 480px) 480px, (min-width: 481px) 495px, 100vw\" \/> <img loading=\"lazy\" decoding=\"async\" class=\"alignnone wp-image-627\" src=\"https:\/\/hydraulic-cylinders.net\/wp-content\/uploads\/2023\/08\/hydraulic-cylinder-product-2-300x189.webp\" alt=\"\" width=\"413\" height=\"260\" \/><\/p>\n<h3>(2) Obr\u00e1b\u011bn\u00ed<\/h3>\n<p>Obrobna je vybavena zak\u00e1zkov\u00fdm soustru\u017enick\u00fdm centrem pro \u0161ikm\u00e9 kolejnice, obr\u00e1b\u011bc\u00edm centrem, vysokorychlostn\u00edm honovac\u00edm strojem, sva\u0159ovac\u00edm robotem a dal\u0161\u00edm souvisej\u00edc\u00edm za\u0159\u00edzen\u00edm, kter\u00e9 zvl\u00e1dne obr\u00e1b\u011bn\u00ed v\u00e1lcov\u00fdch trubek s maxim\u00e1ln\u00edm vnit\u0159n\u00edm pr\u016fm\u011brem 400 mm a maxim\u00e1ln\u00ed d\u00e9lkou 6 metr\u016f.<\/p>\n<p><img loading=\"lazy\" decoding=\"async\" class=\"alignnone wp-image-628 size-large\" src=\"https:\/\/hydraulic-cylinders.net\/wp-content\/uploads\/2023\/08\/hydraulic-cylinder-product-3-1024x391.webp\" alt=\"\" width=\"1024\" height=\"391\" srcset=\"https:\/\/hydraulic-cylinders.net\/wp-content\/uploads\/2023\/08\/hydraulic-cylinder-product-3-980x374.webp 980w, https:\/\/hydraulic-cylinders.net\/wp-content\/uploads\/2023\/08\/hydraulic-cylinder-product-3-480x183.webp 480w\" sizes=\"(min-width: 0px) and (max-width: 480px) 480px, (min-width: 481px) and (max-width: 980px) 980px, (min-width: 981px) 1024px, 100vw\" \/><\/p>\n<h3>(3) Sva\u0159ov\u00e1n\u00ed<\/h3>\n<p><img loading=\"lazy\" decoding=\"async\" class=\"alignnone wp-image-629 size-large\" src=\"https:\/\/hydraulic-cylinders.net\/wp-content\/uploads\/2023\/08\/hydraulic-cylinder-product-4-1024x510.webp\" alt=\"\" width=\"1024\" height=\"510\" srcset=\"https:\/\/hydraulic-cylinders.net\/wp-content\/uploads\/2023\/08\/hydraulic-cylinder-product-4-980x488.webp 980w, https:\/\/hydraulic-cylinders.net\/wp-content\/uploads\/2023\/08\/hydraulic-cylinder-product-4-480x239.webp 480w\" sizes=\"(min-width: 0px) and (max-width: 480px) 480px, (min-width: 481px) and (max-width: 980px) 980px, (min-width: 981px) 1024px, 100vw\" \/><\/p>\n<h3>(4) Lakov\u00e1n\u00ed a n\u00e1t\u011bry<\/h3>\n<p>S mal\u00fdmi a st\u0159edn\u00edmi v\u00e1lcov\u00fdmi automatick\u00fdmi linkami na nan\u00e1\u0161en\u00ed barev na vodn\u00ed b\u00e1zi, pro dosa\u017een\u00ed automatick\u00e9ho robotick\u00e9ho nakl\u00e1d\u00e1n\u00ed a vykl\u00e1d\u00e1n\u00ed a automatick\u00e9ho st\u0159\u00edk\u00e1n\u00ed, je konstruk\u010dn\u00ed kapacita 4000 kus\u016f za sm\u011bnu;<br \/>\nM\u00e1me tak\u00e9 poloautomatickou linku na v\u00fdrobu barev pro velk\u00e9 tlakov\u00e9 lahve poh\u00e1n\u011bn\u00e9 \u0159et\u011bzem s konstruk\u010dn\u00ed kapacitou 60 lahv\u00ed za sm\u011bnu.<\/p>\n<p><img loading=\"lazy\" decoding=\"async\" class=\"alignnone wp-image-630\" src=\"https:\/\/hydraulic-cylinders.net\/wp-content\/uploads\/2023\/08\/hydraulic-cylinder-product-5-300x213.webp\" alt=\"\" width=\"366\" height=\"260\" \/> <img loading=\"lazy\" decoding=\"async\" class=\"alignnone wp-image-631\" src=\"https:\/\/hydraulic-cylinders.net\/wp-content\/uploads\/2023\/08\/hydraulic-cylinder-product-6-300x225.webp\" alt=\"\" width=\"347\" height=\"260\" \/><\/p>\n<h3>(5) Testov\u00e1n\u00ed<\/h3>\n<p>Disponujeme prvot\u0159\u00eddn\u00edmi inspek\u010dn\u00edmi za\u0159\u00edzen\u00edmi a zku\u0161ebn\u00edmi laborato\u0159emi, abychom zajistili, \u017ee v\u00fdkon v\u00e1lce spl\u0148uje po\u017eadavky.<\/p>\n<p><img loading=\"lazy\" decoding=\"async\" class=\"alignnone wp-image-632\" src=\"https:\/\/hydraulic-cylinders.net\/wp-content\/uploads\/2023\/08\/hydraulic-cylinder-product-8-300x200.webp\" alt=\"\" width=\"389\" height=\"260\" \/><\/p>\n<p>&nbsp;<\/p>\n<p>&nbsp;<\/p>\n<p>Jsme jedn\u00edm z nejlep\u0161\u00edch v\u00fdrobc\u016f hydraulick\u00fdch v\u00e1lc\u016f. Nab\u00edz\u00edme komplexn\u00ed hydraulick\u00e9 v\u00e1lce. Dod\u00e1v\u00e1me tak\u00e9 odpov\u00eddaj\u00edc\u00ed <a href=\"https:\/\/hzpt.com\/agricultural-pto-gearbox\/\" target=\"_blank\" rel=\"noopener\">zem\u011bd\u011blsk\u00e9 p\u0159evodovky<\/a>Na\u0161e v\u00fdrobky jsme exportovali klient\u016fm po cel\u00e9m sv\u011bt\u011b a d\u00edky vynikaj\u00edc\u00ed kvalit\u011b v\u00fdrobk\u016f a poprodejn\u00edmu servisu jsme si z\u00edskali dobrou pov\u011bst. V\u00edt\u00e1me z\u00e1kazn\u00edky doma i v zahrani\u010d\u00ed, kte\u0159\u00ed n\u00e1s kontaktuj\u00ed za \u00fa\u010delem vyjedn\u00e1v\u00e1n\u00ed obchodn\u00edch p\u0159\u00edle\u017eitost\u00ed, v\u00fdm\u011bny informac\u00ed a <a href=\"https:\/\/www.hydraulic-cylinders.net\/cs\/contact-us\/\">spolupracujte s n\u00e1mi<\/a>!<\/p>","protected":false},"excerpt":{"rendered":"<p>Aerial Work Platform Luffing Cylinder The aerial work platform luffing cylinder is a vital component in aerial work platforms, designed to enhance safety and efficiency in elevated work environments. This innovative hydraulic cylinder provides controlled vertical movement, allowing for precise lifting and lowering of the platform. The aerial work platform luffing cylinder is a crucial [&hellip;]<\/p>","protected":false},"featured_media":1533,"comment_status":"open","ping_status":"closed","template":"","meta":{"_et_pb_use_builder":"","_et_pb_old_content":"","_et_gb_content_width":""},"product_brand":[],"product_cat":[1500,1550],"product_tag":[1380],"class_list":{"0":"post-1531","1":"product","2":"type-product","3":"status-publish","4":"has-post-thumbnail","6":"product_cat-aerial-work-vehicle-hydraulic-cylinder","7":"product_cat-double-acting-hydraulic-cylinder","8":"product_tag-hydraulic-cylinder","10":"first","11":"instock","12":"shipping-taxable","13":"product-type-simple"},"amp_enabled":true,"_links":{"self":[{"href":"https:\/\/www.hydraulic-cylinders.net\/cs\/wp-json\/wp\/v2\/product\/1531","targetHints":{"allow":["GET"]}}],"collection":[{"href":"https:\/\/www.hydraulic-cylinders.net\/cs\/wp-json\/wp\/v2\/product"}],"about":[{"href":"https:\/\/www.hydraulic-cylinders.net\/cs\/wp-json\/wp\/v2\/types\/product"}],"replies":[{"embeddable":true,"href":"https:\/\/www.hydraulic-cylinders.net\/cs\/wp-json\/wp\/v2\/comments?post=1531"}],"wp:featuredmedia":[{"embeddable":true,"href":"https:\/\/www.hydraulic-cylinders.net\/cs\/wp-json\/wp\/v2\/media\/1533"}],"wp:attachment":[{"href":"https:\/\/www.hydraulic-cylinders.net\/cs\/wp-json\/wp\/v2\/media?parent=1531"}],"wp:term":[{"taxonomy":"product_brand","embeddable":true,"href":"https:\/\/www.hydraulic-cylinders.net\/cs\/wp-json\/wp\/v2\/product_brand?post=1531"},{"taxonomy":"product_cat","embeddable":true,"href":"https:\/\/www.hydraulic-cylinders.net\/cs\/wp-json\/wp\/v2\/product_cat?post=1531"},{"taxonomy":"product_tag","embeddable":true,"href":"https:\/\/www.hydraulic-cylinders.net\/cs\/wp-json\/wp\/v2\/product_tag?post=1531"}],"curies":[{"name":"wp","href":"https:\/\/api.w.org\/{rel}","templated":true}]}}