{"id":15310,"date":"2025-01-19T14:22:11","date_gmt":"2025-01-19T14:22:11","guid":{"rendered":"https:\/\/www.hydraulic-cylinders.net\/product\/bucket-cylinder-for-hyundai-small-excavator-r110-7-9\/"},"modified":"2025-01-19T14:22:13","modified_gmt":"2025-01-19T14:22:13","slug":"bucket-cylinder-for-hyundai-small-excavator-r110-7-9","status":"publish","type":"product","link":"https:\/\/www.hydraulic-cylinders.net\/cs\/produkt\/bucket-cylinder-for-hyundai-small-excavator-r110-7-9\/","title":{"rendered":"V\u00e1lec kope\u010dku pro mal\u00e9 rypadlo Hyundai R110-7-9"},"content":{"rendered":"<h1>V\u00e1lec kope\u010dku pro mal\u00e9 rypadlo Hyundai R110-7-9<\/h1>\n<h2>Zaveden\u00ed<\/h2>\n<h3>Definov\u00e1n\u00ed v\u00e1lce ko\u0161\u00edku<\/h3>\n<p>Hydraulick\u00fd v\u00e1lec l\u017e\u00edce je speci\u00e1ln\u011b navr\u017een\u00fd hydraulick\u00fd v\u00e1lec pou\u017e\u00edvan\u00fd k ovl\u00e1d\u00e1n\u00ed pohybu l\u017e\u00edce v t\u011b\u017ek\u00fdch stroj\u00edch, jako jsou rypadla, bagry a \u010deln\u00ed naklada\u010de. Jeho hlavn\u00ed funkc\u00ed je umo\u017enit zved\u00e1n\u00ed, spou\u0161t\u011bn\u00ed a nakl\u00e1p\u011bn\u00ed l\u017e\u00edce, co\u017e usnad\u0148uje r\u016fzn\u00e9 \u00fakoly manipulace s materi\u00e1lem. V hydraulick\u00e9m syst\u00e9mu dosahuje v\u00e1lec l\u017e\u00edce p\u0159esn\u00e9ho ovl\u00e1d\u00e1n\u00ed l\u017e\u00edce zm\u011bnou tlaku hydraulick\u00e9ho oleje, co\u017e umo\u017e\u0148uje obsluze efektivn\u011b manipulovat s t\u011b\u017ek\u00fdmi p\u0159edm\u011bty a p\u0159izp\u016fsobovat se slo\u017eit\u00fdm pracovn\u00edm prost\u0159ed\u00edm a rozmanit\u00fdm po\u017eadavk\u016fm na pr\u00e1ci.<\/p>\n<p><img decoding=\"async\" src=\"https:\/\/www.hydraulic-cylinders.net\/wp-content\/uploads\/2025\/01\/songte-company-2.webp\" alt=\"Obr\u00e1zek v\u00e1lce kbel\u00edku\"><\/p>\n<h3>Charakteristiky kore\u010dkov\u00e9ho v\u00e1lce<\/h3>\n<ul>\n<li>Vysok\u00e1 pevnost a trvanlivost: Obvykle je vyroben z vysokopevnostn\u00ed oceli nebo hlin\u00edku, odol\u00e1 vysok\u00e9mu tlaku a t\u011b\u017ek\u00e9mu zat\u00ed\u017een\u00ed, p\u0159izp\u016fsob\u00ed se n\u00e1ro\u010dn\u00e9mu pracovn\u00edmu prost\u0159ed\u00ed a je navr\u017een s odolnost\u00ed proti opot\u0159eben\u00ed a korozi pro prodlou\u017een\u00ed \u017eivotnosti.<\/li>\n<li>Efektivn\u00ed hydraulick\u00fd provoz: Plynul\u00e9 pohyby vysouv\u00e1n\u00ed a smr\u0161\u0165ov\u00e1n\u00ed jsou dosa\u017eeny pomoc\u00ed tlaku hydraulick\u00e9ho oleje, kter\u00fd dok\u00e1\u017ee rychle reagovat na ovl\u00e1dac\u00ed povely, poskytuje silnou tla\u010dnou a ta\u017enou s\u00edlu a je vhodn\u00fd pro manipulaci s t\u011b\u017ek\u00fdmi p\u0159edm\u011bty a slo\u017eit\u00e9 pracovn\u00ed \u00fakoly.<\/li>\n<li>R\u016fzn\u00e9 typy: Pro spln\u011bn\u00ed r\u016fzn\u00fdch provozn\u00edch po\u017eadavk\u016f lze zvolit jedno\u010dinn\u00e9 (hydraulick\u00e9 pouze v jednom sm\u011bru) nebo dvoj\u010dinn\u00e9 (hydraulick\u00e9 ve dvou sm\u011brech) v\u00e1lce. N\u011bkter\u00e9 modely jsou teleskopick\u00e9, co\u017e umo\u017e\u0148uje v\u011bt\u0161\u00ed rozta\u017een\u00ed bez zv\u011bt\u0161en\u00ed vn\u011bj\u0161\u00edch rozm\u011br\u016f, a proto jsou vhodn\u00e9 pro aplikace s omezen\u00fdm prostorem.<\/li>\n<li>Cenov\u011b v\u00fdhodn\u00e9: Na\u0161e produkty dok\u00e1\u017e\u00ed dokonale nahradit tyto hydraulick\u00e9 v\u00e1lce a jsou navr\u017eeny tak, aby z\u00e1kazn\u00edk\u016fm poskytovaly cenov\u011b dostupnou mo\u017enost sn\u00ed\u017een\u00ed n\u00e1klad\u016f.<\/li>\n<li>Flexibilita: Tento produkt dok\u00e1\u017eeme vyrobit dle po\u017eadavk\u016f z\u00e1kazn\u00edka s ohledem na specifick\u00e9 pot\u0159eby a po\u017eadavky ka\u017ed\u00e9ho z\u00e1kazn\u00edka.<\/li>\n<\/ul>\n<p><img decoding=\"async\" src=\"https:\/\/www.hydraulic-cylinders.net\/wp-content\/uploads\/2025\/01\/songte-cylinder-head-with-all-kinds-excavator-models.webp\" alt=\"Obr\u00e1zek model\u016f v\u00e1lc\u016f kore\u010dk\u016f\"><\/p>\n<h3>Aplikace kore\u010dkov\u00e9ho v\u00e1lce<\/h3>\n<p>Kore\u010dkov\u00e9 v\u00e1lce se pou\u017e\u00edvaj\u00ed v \u0161irok\u00e9 \u0161k\u00e1le pr\u016fmyslov\u00fdch odv\u011btv\u00ed a aplikac\u00ed, v\u010detn\u011b:<\/p>\n<ul>\n<li>Stavebn\u00ed stroje: U bagr\u016f jsou kl\u00ed\u010dov\u00e9 pro kop\u00e1n\u00ed, nakl\u00e1d\u00e1n\u00ed a p\u0159emis\u0165ov\u00e1n\u00ed zeminy nebo suti. U r\u00fdpadel s r\u00fdpadly pom\u00e1haj\u00ed kore\u010dkov\u00e9 v\u00e1lce jak p\u0159i v\u00fdkopu, tak p\u0159i zved\u00e1n\u00ed. <\/li>\n<li>Zem\u011bd\u011blsk\u00e9 stroje: Pou\u017e\u00edvaj\u00ed se v \u010deln\u00edch naklada\u010d\u00edch pro nab\u00edr\u00e1n\u00ed, zved\u00e1n\u00ed a p\u0159epravu p\u016fdy, sena a dal\u0161\u00edch materi\u00e1l\u016f. <\/li>\n<li>Rypadla: V\u00e1lec l\u017e\u00edce umo\u017e\u0148uje kop\u00e1n\u00ed t\u00edm, \u017ee umo\u017e\u0148uje l\u017e\u00edci proniknout do p\u016fdy. <\/li>\n<li>Naklada\u010de: U \u010deln\u00edch naklada\u010d\u016f pom\u00e1haj\u00ed efektivn\u011b zvedat a nakl\u00e1n\u011bt n\u00e1klad.<\/li>\n<\/ul>\n<p>N\u00ed\u017ee uv\u00e1d\u00edme n\u011bkter\u00e9 konkr\u00e9tn\u00ed p\u0159\u00edklady pou\u017eit\u00ed kore\u010dkov\u00fdch v\u00e1lc\u016f:<\/p>\n<h4>Stavebn\u00ed stroje<\/h4>\n<p>U bagr\u016f se kore\u010dkov\u00e9 v\u00e1lce pou\u017e\u00edvaj\u00ed k kop\u00e1n\u00ed, nakl\u00e1d\u00e1n\u00ed a p\u0159emis\u0165ov\u00e1n\u00ed zeminy nebo suti. S pomoc\u00ed kore\u010dkov\u00e9ho v\u00e1lce m\u016f\u017ee bagr dos\u00e1hnout p\u0159esn\u00e9 hloubky a \u00fahlu kop\u00e1n\u00ed a obsluha m\u016f\u017ee snadno ovl\u00e1dat pohyb l\u017e\u00edce. Podobn\u011b u r\u00fdpadel s r\u00fdpadly umo\u017e\u0148uje kore\u010dkov\u00fd v\u00e1lec l\u017e\u00edci proniknout do zeminy a usnad\u0148uje zved\u00e1n\u00ed a vykl\u00e1dkov\u00e1n\u00ed suti.<\/p>\n<h4>Zem\u011bd\u011blsk\u00e9 stroje<\/h4>\n<p>V\u00e1lec l\u017e\u00edce se pou\u017e\u00edv\u00e1 u \u010deln\u00edch naklada\u010d\u016f k nab\u00edr\u00e1n\u00ed, zved\u00e1n\u00ed a p\u0159eprav\u011b zeminy, sena a dal\u0161\u00edch materi\u00e1l\u016f. Plynul\u00e9 vysouv\u00e1n\u00ed a zasouv\u00e1n\u00ed v\u00e1lce umo\u017e\u0148uje efektivn\u00ed manipulaci s t\u011b\u017ek\u00fdmi materi\u00e1ly a obsluha m\u016f\u017ee pohyb l\u017e\u00edce ovl\u00e1dat joystickem.<\/p>\n<h4>Bagry<\/h4>\n<p>V\u00e1lec l\u017e\u00edce umo\u017e\u0148uje ryp\u00e1n\u00ed t\u00edm, \u017ee umo\u017e\u0148uje l\u017e\u00edci proniknout do p\u016fdy. V\u00e1lec dok\u00e1\u017ee ovl\u00e1dat hloubku i \u00fahel v\u00fdkopu, co\u017e z n\u011bj \u010din\u00ed nezbytnou sou\u010d\u00e1st rypadla.<\/p>\n<h4>Naklada\u010de<\/h4>\n<p>U \u010deln\u00edch naklada\u010d\u016f pom\u00e1haj\u00ed v\u00e1lce kore\u010dk\u016f efektivn\u011b zvedat a nakl\u00e1n\u011bt n\u00e1klad. Vysouvac\u00ed a smr\u0161\u0165ovac\u00ed pohyby v\u00e1lc\u016f umo\u017e\u0148uj\u00ed plynul\u00e9 zved\u00e1n\u00ed a obsluha m\u016f\u017ee l\u017e\u00edci snadno ovl\u00e1dat.<\/p>\n<h3>Konstruk\u010dn\u00ed aspekty a krit\u00e9ria v\u00fdb\u011bru<\/h3>\n<p>P\u0159i v\u00fdb\u011bru kore\u010dkov\u00e9ho v\u00e1lce je d\u016fle\u017eit\u00e9 zv\u00e1\u017eit n\u00e1sleduj\u00edc\u00ed konstruk\u010dn\u00ed a v\u00fdb\u011brov\u00e1 krit\u00e9ria:<\/p>\n<ul>\n<li>\u00danosnost: V\u00e1lec by m\u011bl b\u00fdt schopen odolat po\u017eadovan\u00e9 nosnosti a tlaku hydraulick\u00e9ho oleje.<\/li>\n<li>T\u011bsn\u011bn\u00ed: V\u00e1lec by m\u011bl b\u00fdt \u0159\u00e1dn\u011b ut\u011bsn\u011bn, aby se zabr\u00e1nilo \u00faniku oleje a kontaminaci.<\/li>\n<li>Trvanlivost: V\u00e1lec by m\u011bl b\u00fdt vyroben z vysoce kvalitn\u00edch materi\u00e1l\u016f, kter\u00e9 odol\u00e1vaj\u00ed n\u00e1ro\u010dn\u00e9mu pracovn\u00edmu prost\u0159ed\u00ed a prodlu\u017euj\u00ed \u017eivotnost.<\/li>\n<li>Bezpe\u010dnost: Konstrukce v\u00e1lce by m\u011bla zohled\u0148ovat bezpe\u010dnostn\u00ed aspekty, aby se zabr\u00e1nilo nehod\u00e1m nebo po\u0161kozen\u00ed za\u0159\u00edzen\u00ed.<\/li>\n<li>\u00dadr\u017eba: V\u00e1lec by m\u011bl b\u00fdt navr\u017een tak, aby umo\u017e\u0148oval snadnou \u00fadr\u017ebu, opravy a v\u00fdm\u011bnu d\u00edl\u016f.<\/li>\n<\/ul>\n<p><img decoding=\"async\" src=\"https:\/\/www.hydraulic-cylinders.net\/wp-content\/uploads\/2025\/01\/songte-oil-pipes-and-spare-parts.webp\" alt=\"Obr\u00e1zek n\u00e1hradn\u00edch d\u00edl\u016f pro v\u00e1lec lopaty\"><\/p>\n<h3>T\u011bsn\u011bn\u00ed a maz\u00e1n\u00ed<\/h3>\n<p>Hydraulick\u00fd v\u00e1lec kore\u010dkov\u00e9ho v\u00e1lce pou\u017e\u00edv\u00e1 r\u016fzn\u00e9 t\u011bsnic\u00ed prvky, jako jsou t\u011bsn\u011bn\u00ed p\u00edstu, t\u011bsn\u011bn\u00ed p\u00edstnice atd., vyroben\u00e9 z materi\u00e1l\u016f odoln\u00fdch proti opot\u0159eben\u00ed, jako je polyuretan a nitrilov\u00fd kau\u010duk, aby se zabr\u00e1nilo \u00faniku hydraulick\u00e9ho oleje. T\u011bleso v\u00e1lce a z\u00e1vitov\u00e9 konce jsou jemn\u011b opracov\u00e1ny, co\u017e zvy\u0161uje odolnost proti opot\u0159eben\u00ed a korozi. Pro zaji\u0161t\u011bn\u00ed spr\u00e1vn\u00e9ho maz\u00e1n\u00ed v\u00e1lce je d\u016fle\u017eit\u00e9 pravideln\u011b dopl\u0148ovat odpov\u00eddaj\u00edc\u00ed mno\u017estv\u00ed hydraulick\u00e9ho oleje.<\/p>\n<h3>\u00dadr\u017eba a opravy<\/h3>\n<p>Pravideln\u00e1 \u00fadr\u017eba a opravy jsou nezbytn\u00e9 pro zaji\u0161t\u011bn\u00ed spr\u00e1vn\u00e9 funkce a dlouh\u00e9 \u017eivotnosti kore\u010dkov\u00e9ho v\u00e1lce. Mezi b\u011b\u017en\u00e9 \u00fakoly \u00fadr\u017eby pat\u0159\u00ed pravideln\u00e9 kontroly, maz\u00e1n\u00ed, v\u00fdm\u011bna t\u011bsn\u011bn\u00ed a kalibra\u010dn\u00ed kontroly. Je d\u016fle\u017eit\u00e9 v\u00e1lec spr\u00e1vn\u011b nainstalovat, spr\u00e1vn\u011b ho vyrovnat a k jeho zaji\u0161t\u011bn\u00ed pou\u017e\u00edt vhodn\u00e9 podp\u011brn\u00e9 konzoly. V p\u0159\u00edpad\u011b poruchy je nutn\u00e1 rychl\u00e1 diagnostika a oprava. Poskytujeme n\u00e1hradn\u00ed d\u00edly a slu\u017eby repase, abychom prodlou\u017eili \u017eivotnost v\u00e1lce.<\/p>\n<p><img decoding=\"async\" src=\"https:\/\/www.hydraulic-cylinders.net\/wp-content\/uploads\/2025\/01\/songte-chushion-collar.webp\" alt=\"Obr\u00e1zek l\u00edmce v\u00e1lce kbel\u00edku\"><\/p>\n<h3>Bezpe\u010dnostn\u00ed a environment\u00e1ln\u00ed aspekty<\/h3>\n<p>P\u0159i pou\u017e\u00edv\u00e1n\u00ed kore\u010dkov\u00fdch v\u00e1lc\u016f je nezbytn\u00e9 dodr\u017eovat bezpe\u010dnostn\u00ed pokyny, aby se p\u0159ede\u0161lo nehod\u00e1m a po\u0161kozen\u00ed za\u0159\u00edzen\u00ed. Je d\u016fle\u017eit\u00e9 zajistit, aby byl v\u00e1lec spr\u00e1vn\u011b nainstalov\u00e1n a spr\u00e1vn\u011b se\u0159\u00edzen, aby se zabr\u00e1nilo opot\u0159eben\u00ed. Pravideln\u00e1 kontrola a \u00fadr\u017eba jsou tak\u00e9 nezbytn\u00e9 pro zaji\u0161t\u011bn\u00ed spr\u00e1vn\u00e9 funkce v\u00e1lce a prevenci nehod. Je d\u016fle\u017eit\u00e9 zohlednit environment\u00e1ln\u00ed aspekty, jako je spr\u00e1vn\u00e1 likvidace pou\u017eit\u00e9ho hydraulick\u00e9ho oleje a dal\u0161\u00edch odpadn\u00edch produkt\u016f.<\/p>\n<h3>Odstra\u0148ov\u00e1n\u00ed probl\u00e9m\u016f a b\u011b\u017en\u00e9 probl\u00e9my<\/h3>\n<p>Mezi b\u011b\u017en\u00e9 probl\u00e9my s kore\u010dkov\u00fdmi v\u00e1lci pat\u0159\u00ed \u00fanik oleje, nedostate\u010dn\u00e9 maz\u00e1n\u00ed a nespr\u00e1vn\u00e9 se\u0159\u00edzen\u00ed. V\u00e1lec m\u016f\u017ee fungovat nespr\u00e1vn\u011b, pokud jsou t\u011bsn\u011bn\u00ed opot\u0159ebovan\u00e1 nebo po\u0161kozen\u00e1. Pravideln\u00e1 kontrola a \u00fadr\u017eba mohou t\u011bmto probl\u00e9m\u016fm p\u0159edej\u00edt. Pokud se vyskytne jak\u00fdkoli probl\u00e9m, doporu\u010dujeme konzultaci s na\u0161\u00edm technick\u00fdm t\u00fdmem pro rychlou diagnostiku a opravu.<\/p>\n<p><img decoding=\"async\" src=\"https:\/\/www.hydraulic-cylinders.net\/wp-content\/uploads\/2025\/01\/songte-bushings-with-all-kinds-of-excavator-models.webp\" alt=\"Obr\u00e1zek pouzder v\u00e1lc\u016f lopaty\"><\/p>\n<h2>O na\u0161\u00ed spole\u010dnosti<\/h2>\n<p>Jsme p\u0159edn\u00edm v\u00fdrobcem a velkoobchodn\u00edkem hydraulick\u00fdch v\u00e1lc\u016f a nab\u00edz\u00edme \u0161irokou \u0161k\u00e1lu produkt\u016f a \u0159e\u0161en\u00ed, kter\u00e9 spl\u0148uj\u00ed pot\u0159eby r\u016fzn\u00fdch odv\u011btv\u00ed. \u0158\u00edd\u00edme se filozofi\u00ed excelence v kvalit\u011b a v na\u0161ich kvalitn\u00edch v\u00fdrobn\u00edch d\u00edln\u00e1ch pou\u017e\u00edv\u00e1me pokro\u010dil\u00e9 strategie \u0159\u00edzen\u00ed v\u00fdroby. Na\u0161e spole\u010dnost investuje do technologi\u00ed, za\u0159\u00edzen\u00ed a profesion\u00e1ln\u00edch testovac\u00edch syst\u00e9m\u016f, abychom vyvinuli efektivn\u00ed, p\u0159esnou a vysoce kvalitn\u00ed v\u00fdrobn\u00ed linku, kter\u00e1 spl\u0148uje pot\u0159eby na\u0161ich z\u00e1kazn\u00edk\u016f. M\u016f\u017eeme poskytovat slu\u017eby a \u0159e\u0161en\u00ed na m\u00edru, abychom splnili specifick\u00e9 pot\u0159eby ka\u017ed\u00e9ho z\u00e1kazn\u00edka.<\/p>\n<h3>Profesionalita<\/h3>\n<p>N\u00e1\u0161 zku\u0161en\u00fd t\u00fdm profesion\u00e1l\u016f poskytuje na\u0161im z\u00e1kazn\u00edk\u016fm odbornou technickou podporu a konzultace, \u010d\u00edm\u017e zaji\u0161\u0165ujeme, \u017ee spl\u0148ujeme jejich po\u017eadavky a p\u0159ekon\u00e1v\u00e1me jejich o\u010dek\u00e1v\u00e1n\u00ed. Zaji\u0161\u0165ujeme, aby ka\u017ed\u00fd produkt byl testov\u00e1n a zkontrolov\u00e1n, abychom zaru\u010dili vysokou kvalitu a funk\u010dnost.<\/p>\n<h3>Mezin\u00e1rodn\u00ed certifikace<\/h3>\n<p>Na\u0161e produkty byly certifikov\u00e1ny mezin\u00e1rodn\u00edmi organizacemi a normami, co\u017e zaji\u0161\u0165uje, \u017ee n\u00e1\u0161 v\u00fdrobn\u00ed proces a kontrola kvality spl\u0148uj\u00ed pr\u016fmyslov\u00e9 standardy. Na\u0161e produkty se vyv\u00e1\u017eej\u00ed z\u00e1kazn\u00edk\u016fm po cel\u00e9m sv\u011bt\u011b a my jsme si vybudovali pov\u011bst kvality, spolehlivosti a efektivity.<\/p>\n<h3>P\u0159izp\u016fsoben\u00ed<\/h3>\n<p>Na\u0161e produkty dok\u00e1\u017eeme p\u0159izp\u016fsobit specifick\u00fdm po\u017eadavk\u016fm ka\u017ed\u00e9ho z\u00e1kazn\u00edka a zajistit tak nejlep\u0161\u00ed \u0159e\u0161en\u00ed pro jeho pot\u0159eby. Na\u0161e produkty jsou navr\u017eeny tak, aby byly flexibiln\u00ed, cenov\u011b efektivn\u00ed a p\u0159izp\u016fsobiteln\u00e9 r\u016fzn\u00fdm pracovn\u00edm prost\u0159ed\u00edm a aplikac\u00edm.<\/p>\n<h3>V\u00fdrobn\u00ed za\u0159\u00edzen\u00ed<\/h3>\n<p>Pou\u017e\u00edv\u00e1me modern\u00ed v\u00fdrobn\u00ed za\u0159\u00edzen\u00ed a stroje, abychom zajistili, \u017ee na\u0161e v\u00fdrobky spl\u0148uj\u00ed nejvy\u0161\u0161\u00ed standardy kvality. Na\u0161e v\u00fdrobn\u00ed linka je vybavena nejmodern\u011bj\u0161\u00edmi CNC stroji, bruskami, soustruhy a dal\u0161\u00edm specializovan\u00fdm vybaven\u00edm, abychom splnili specifick\u00e9 pot\u0159eby ka\u017ed\u00e9ho z\u00e1kazn\u00edka.<\/p>\n<h3>Poprodejn\u00ed servis<\/h3>\n<p>Poskytujeme poprodejn\u00ed servis a podporu, abychom zajistili spokojenost na\u0161ich z\u00e1kazn\u00edk\u016f s na\u0161imi produkty. Poskytujeme technickou podporu, n\u00e1hradn\u00ed d\u00edly a repase, abychom prodlou\u017eili \u017eivotnost na\u0161ich produkt\u016f a maximalizovali jejich hodnotu pro na\u0161e z\u00e1kazn\u00edky.<\/p>\n<p><img decoding=\"async\" src=\"https:\/\/hzpt.com\/wp-content\/uploads\/2024\/11\/songte-company-1.webp\" alt=\"Image na\u0161\u00ed spole\u010dnosti\"><\/p>\n<p>Autor: lyl<\/p>","protected":false},"excerpt":{"rendered":"<p>Bucket Cylinder For Hyundai Small Excavator R110-7-9 Introduction Defining Bucket Cylinder A bucket cylinder is a specially designed hydraulic cylinder used to control the movement of the bucket in heavy machinery such as excavators, backhoe excavators, and front-end loaders. Its main function is to enable the bucket to lift, lower and tilt, thus facilitating various [&hellip;]<\/p>","protected":false},"featured_media":14762,"comment_status":"open","ping_status":"closed","template":"","meta":{"_et_pb_use_builder":"","_et_pb_old_content":"","_et_gb_content_width":""},"product_brand":[],"product_cat":[1494],"product_tag":[1495,1496],"class_list":{"0":"post-15310","1":"product","2":"type-product","3":"status-publish","4":"has-post-thumbnail","6":"product_cat-bucket-cylinders","7":"product_tag-bucket-cylinders","8":"product_tag-hydraulic-cylinders","10":"first","11":"instock","12":"shipping-taxable","13":"product-type-simple"},"amp_enabled":true,"_links":{"self":[{"href":"https:\/\/www.hydraulic-cylinders.net\/cs\/wp-json\/wp\/v2\/product\/15310","targetHints":{"allow":["GET"]}}],"collection":[{"href":"https:\/\/www.hydraulic-cylinders.net\/cs\/wp-json\/wp\/v2\/product"}],"about":[{"href":"https:\/\/www.hydraulic-cylinders.net\/cs\/wp-json\/wp\/v2\/types\/product"}],"replies":[{"embeddable":true,"href":"https:\/\/www.hydraulic-cylinders.net\/cs\/wp-json\/wp\/v2\/comments?post=15310"}],"wp:featuredmedia":[{"embeddable":true,"href":"https:\/\/www.hydraulic-cylinders.net\/cs\/wp-json\/wp\/v2\/media\/14762"}],"wp:attachment":[{"href":"https:\/\/www.hydraulic-cylinders.net\/cs\/wp-json\/wp\/v2\/media?parent=15310"}],"wp:term":[{"taxonomy":"product_brand","embeddable":true,"href":"https:\/\/www.hydraulic-cylinders.net\/cs\/wp-json\/wp\/v2\/product_brand?post=15310"},{"taxonomy":"product_cat","embeddable":true,"href":"https:\/\/www.hydraulic-cylinders.net\/cs\/wp-json\/wp\/v2\/product_cat?post=15310"},{"taxonomy":"product_tag","embeddable":true,"href":"https:\/\/www.hydraulic-cylinders.net\/cs\/wp-json\/wp\/v2\/product_tag?post=15310"}],"curies":[{"name":"wp","href":"https:\/\/api.w.org\/{rel}","templated":true}]}}