{"id":15313,"date":"2025-01-19T14:22:24","date_gmt":"2025-01-19T14:22:24","guid":{"rendered":"https:\/\/www.hydraulic-cylinders.net\/product\/bucket-cylinder-for-hyundai-middle-excavator-r200-5-5d\/"},"modified":"2025-01-19T14:22:26","modified_gmt":"2025-01-19T14:22:26","slug":"bucket-cylinder-for-hyundai-middle-excavator-r200-5-5d","status":"publish","type":"product","link":"https:\/\/www.hydraulic-cylinders.net\/cs\/produkt\/bucket-cylinder-for-hyundai-middle-excavator-r200-5-5d\/","title":{"rendered":"V\u00e1lec l\u017e\u00edce pro st\u0159edn\u00ed bagr Hyundai R200-5-5D"},"content":{"rendered":"<h1>V\u00e1lec l\u017e\u00edce pro st\u0159edn\u00ed bagr Hyundai R200-5-5D<\/h1>\n<h2>Zaveden\u00ed<\/h2>\n<p>Hydraulick\u00fd v\u00e1lec l\u017e\u00edce je speci\u00e1ln\u011b navr\u017een\u00fd hydraulick\u00fd v\u00e1lec pou\u017e\u00edvan\u00fd k ovl\u00e1d\u00e1n\u00ed pohybu l\u017e\u00edce v t\u011b\u017ek\u00fdch stroj\u00edch, jako jsou rypadla, bagry a \u010deln\u00ed naklada\u010de. Jeho hlavn\u00ed funkc\u00ed je umo\u017enit zved\u00e1n\u00ed, spou\u0161t\u011bn\u00ed a nakl\u00e1p\u011bn\u00ed l\u017e\u00edce, co\u017e usnad\u0148uje p\u0159epravu r\u016fzn\u00fdch materi\u00e1l\u016f. V hydraulick\u00e9m syst\u00e9mu dosahuje v\u00e1lec l\u017e\u00edce p\u0159esn\u00e9ho ovl\u00e1d\u00e1n\u00ed pohyb\u016f l\u017e\u00edce prost\u0159ednictv\u00edm zm\u011bn tlaku hydraulick\u00e9ho oleje, co\u017e umo\u017e\u0148uje obsluze efektivn\u011b manipulovat s t\u011b\u017ek\u00fdmi materi\u00e1ly, p\u0159izp\u016fsobovat se slo\u017eit\u00fdm pracovn\u00edm prost\u0159ed\u00edm a rozmanit\u00fdm provozn\u00edm po\u017eadavk\u016fm.<\/p>\n<p><img decoding=\"async\" src=\"https:\/\/www.hydraulic-cylinders.net\/wp-content\/uploads\/2025\/01\/songte-company-2.webp\"><\/p>\n<h2>Funkce<\/h2>\n<ul>\n<li>Vysok\u00e1 pevnost a odolnost: obvykle vyrobeno z vysokopevnostn\u00ed oceli nebo hlin\u00edku, odol\u00e1 vysok\u00e9mu tlaku a t\u011b\u017ek\u00e9mu zat\u00ed\u017een\u00ed, p\u0159izp\u016fsob\u00ed se n\u00e1ro\u010dn\u00e9mu pracovn\u00edmu prost\u0159ed\u00ed a je navr\u017eeno s odolnost\u00ed proti opot\u0159eben\u00ed a korozi pro prodlou\u017een\u00ed \u017eivotnosti.<\/li>\n<li>Efektivn\u00ed hydraulick\u00fd provoz: vyu\u017e\u00edv\u00e1 tlak hydraulick\u00e9ho oleje k dosa\u017een\u00ed plynul\u00e9ho vysouv\u00e1n\u00ed a smr\u0161\u0165ov\u00e1n\u00ed, dok\u00e1\u017ee rychle reagovat na \u0159\u00eddic\u00ed povely, poskytuje siln\u00e9 tla\u010dn\u00e9 a ta\u017en\u00e9 s\u00edly a je vhodn\u00fd pro manipulaci s t\u011b\u017ek\u00fdmi materi\u00e1ly a slo\u017eit\u00e9 provozn\u00ed \u00fakoly.<\/li>\n<li>R\u016fzn\u00e9 typy: lze zvolit jedno\u010dinn\u00e9 (hydraulick\u00fd pohon se pou\u017e\u00edv\u00e1 pouze v jednom sm\u011bru) nebo dvoj\u010dinn\u00e9 (hydraulick\u00fd pohon se pou\u017e\u00edv\u00e1 ve dvou sm\u011brech) v\u00e1lce podle po\u017eadavk\u016f pro spln\u011bn\u00ed r\u016fzn\u00fdch provozn\u00edch pot\u0159eb. N\u011bkter\u00e9 modely jsou teleskopick\u00e9, co\u017e umo\u017e\u0148uje v\u011bt\u0161\u00ed vysunut\u00ed bez zv\u011bt\u0161en\u00ed vn\u011bj\u0161\u00edch rozm\u011br\u016f, vhodn\u00e9 pro aplikace s omezen\u00fdm prostorem.<\/li>\n<li>Snadn\u00e1 instalace: n\u00e1\u0161 produkt dok\u00e1\u017ee tyto hydraulick\u00e9 v\u00e1lce dokonale nahradit.<\/li>\n<\/ul>\n<p><img decoding=\"async\" src=\"https:\/\/www.hydraulic-cylinders.net\/wp-content\/uploads\/2025\/01\/songte-cylinder-head-with-all-kinds-excavator-models.webp\"><\/p>\n<h2>Aplikace<\/h2>\n<p>Kore\u010dkov\u00fd v\u00e1lec se \u0161iroce pou\u017e\u00edv\u00e1 v r\u016fzn\u00fdch t\u011b\u017ek\u00fdch stroj\u00edch, jako nap\u0159\u00edklad:<\/p>\n<ul>\n<li>Stavebn\u00ed stroje: U bagr\u016f jsou nezbytn\u00e9 pro kop\u00e1n\u00ed, nakl\u00e1d\u00e1n\u00ed a p\u0159emis\u0165ov\u00e1n\u00ed zeminy nebo suti. U r\u00fdpadel s r\u00fdpadly pom\u00e1haj\u00ed p\u0159i kop\u00e1n\u00ed a zved\u00e1n\u00ed. <\/li>\n<li>Zem\u011bd\u011blsk\u00e9 stroje: Pou\u017e\u00edvaj\u00ed se v \u010deln\u00edch naklada\u010d\u00edch pro nab\u00edr\u00e1n\u00ed, zved\u00e1n\u00ed a p\u0159epravu p\u016fdy, sena a dal\u0161\u00edch materi\u00e1l\u016f. <\/li>\n<li>Rypadla: V\u00e1lec l\u017e\u00edce umo\u017e\u0148uje kop\u00e1n\u00ed t\u00edm, \u017ee umo\u017e\u0148uje l\u017e\u00edci proniknout do p\u016fdy. <\/li>\n<li>Naklada\u010de: \u010celn\u00ed naklada\u010de pom\u00e1haj\u00ed s efektivn\u00edm zved\u00e1n\u00edm a vykl\u00e1dkou zbo\u017e\u00ed.<\/li>\n<\/ul>\n<h2>\u00davahy o n\u00e1vrhu a standardy v\u00fdb\u011bru<\/h2>\n<ul>\n<li>\u00danosnost: V\u00e1lec by m\u011bl b\u00fdt navr\u017een tak, aby odolal maxim\u00e1ln\u00edmu zat\u00ed\u017een\u00ed a tlaku.<\/li>\n<li>T\u011bsn\u011bn\u00ed: R\u016fzn\u00e9 t\u011bsnic\u00ed komponenty, jako jsou t\u011bsn\u011bn\u00ed p\u00edst\u016f, t\u011bsn\u011bn\u00ed p\u00edstnic atd., by m\u011bly b\u00fdt vyrobeny z materi\u00e1l\u016f odoln\u00fdch proti opot\u0159eben\u00ed, aby byla zaji\u0161t\u011bna dlouhodob\u00e1 t\u011bsnic\u00ed v\u00fdkonnost v n\u00e1ro\u010dn\u00fdch podm\u00ednk\u00e1ch.<\/li>\n<li>Trvanlivost: V\u00e1lec by m\u011bl b\u00fdt navr\u017een tak, aby odolal \u00fanavov\u00e9mu nam\u00e1h\u00e1n\u00ed a opot\u0159eben\u00ed zp\u016fsoben\u00e9mu dlouhodob\u00fdm pou\u017e\u00edv\u00e1n\u00edm.<\/li>\n<li>Bezpe\u010dnost: Hydraulick\u00fd syst\u00e9m by m\u011bl b\u00fdt navr\u017een tak, aby se p\u0159ede\u0161lo nehod\u00e1m a byla zaji\u0161t\u011bna bezpe\u010dnost obsluhy.<\/li>\n<li>\u00dadr\u017eba: V\u00e1lec by m\u011bl b\u00fdt navr\u017een s ohledem na snadnou \u00fadr\u017ebu, v\u010detn\u011b snadn\u00e9 demont\u00e1\u017ee, op\u011btovn\u00e9 mont\u00e1\u017ee a v\u00fdm\u011bny po\u0161kozen\u00fdch sou\u010d\u00e1st\u00ed.<\/li>\n<\/ul>\n<p><img decoding=\"async\" src=\"https:\/\/www.hydraulic-cylinders.net\/wp-content\/uploads\/2025\/01\/songte-oil-pipes-and-spare-parts.webp\"><\/p>\n<h2>T\u011bsn\u011bn\u00ed a maz\u00e1n\u00ed<\/h2>\n<p>R\u016fzn\u00e9 t\u011bsnic\u00ed komponenty, jako jsou t\u011bsn\u011bn\u00ed p\u00edst\u016f, t\u011bsn\u011bn\u00ed p\u00edstnic atd., by m\u011bly b\u00fdt vyrobeny z materi\u00e1l\u016f odoln\u00fdch proti opot\u0159eben\u00ed, aby byla zaji\u0161t\u011bna dlouhodob\u00e1 t\u011bsnic\u00ed v\u00fdkonnost v n\u00e1ro\u010dn\u00fdch podm\u00ednk\u00e1ch. T\u011bleso v\u00e1lce a z\u00e1vitov\u00fd konec jsou jemn\u011b opracov\u00e1ny pro zlep\u0161en\u00ed odolnosti proti opot\u0159eben\u00ed. Pro maz\u00e1n\u00ed je nutn\u00e9 pravideln\u011b p\u0159id\u00e1vat odpov\u00eddaj\u00edc\u00ed mno\u017estv\u00ed hydraulick\u00e9ho oleje.<\/p>\n<h2>\u00dadr\u017eba a bezpe\u010dnostn\u00ed opat\u0159en\u00ed<\/h2>\n<ul>\n<li>Pravideln\u00e1 kontrola: Pravideln\u00e1 kontrola v\u00e1lce m\u016f\u017ee p\u0159edej\u00edt potenci\u00e1ln\u00edm probl\u00e9m\u016fm.<\/li>\n<li>Spr\u00e1vn\u00e9 maz\u00e1n\u00ed: Spr\u00e1vn\u00e9 maz\u00e1n\u00ed m\u016f\u017ee udr\u017eet v\u00fdkon v\u00e1lce.<\/li>\n<li>V\u00fdm\u011bna t\u011bsn\u011bn\u00ed: Pravideln\u00e1 v\u00fdm\u011bna t\u011bsn\u011bn\u00ed m\u016f\u017ee zlep\u0161it t\u011bsnic\u00ed v\u00fdkon v\u00e1lce. <\/li>\n<li>Kontrola kalibrace: V\u00e1lec by m\u011bl b\u00fdt pravideln\u011b kalibrov\u00e1n, aby byla zaji\u0161t\u011bna jeho p\u0159esnost.<\/li>\n<\/ul>\n<p><img decoding=\"async\" src=\"https:\/\/www.hydraulic-cylinders.net\/wp-content\/uploads\/2025\/01\/songte-chushion-collar.webp\"><\/p>\n<h2>Bezpe\u010dnostn\u00ed aspekty a faktory prost\u0159ed\u00ed<\/h2>\n<p>P\u0159i pou\u017e\u00edv\u00e1n\u00ed hydraulick\u00fdch v\u00e1lc\u016f jsou nezbytn\u00e1 bezpe\u010dnostn\u00ed opat\u0159en\u00ed, aby se zabr\u00e1nilo nehod\u00e1m. Pro ochranu \u017eivotn\u00edho prost\u0159ed\u00ed je tak\u00e9 nezbytn\u00e1 spr\u00e1vn\u00e1 likvidace hydraulick\u00e9 kapaliny a dal\u0161\u00edch odpadn\u00edch materi\u00e1l\u016f.<\/p>\n<h2>Diagnostika a odstra\u0148ov\u00e1n\u00ed probl\u00e9m\u016f<\/h2>\n<p>Pokud v\u00e1lec nefunguje spr\u00e1vn\u011b, m\u016f\u017ee to v\u00e9st ke \u0161patn\u00e9mu v\u00fdkonu nebo dokonce k nehod\u00e1m. Spr\u00e1vn\u00e1 diagnostika a \u0159e\u0161en\u00ed probl\u00e9m\u016f m\u016f\u017ee pomoci tyto probl\u00e9my vy\u0159e\u0161it.<\/p>\n<h2>O na\u0161\u00ed spole\u010dnosti<\/h2>\n<p>Jsme v\u00fdrobcem n\u00e1hradn\u00edch hydraulick\u00fdch v\u00e1lc\u016f. Na\u0161e spole\u010dnost nab\u00edz\u00ed \u0161irokou \u0161k\u00e1lu produkt\u016f a stala se jedn\u00edm z p\u0159edn\u00edch v\u00fdrobc\u016f a velkoobchodn\u00edk\u016f s hydraulick\u00fdmi v\u00e1lci na dom\u00e1c\u00edm i mezin\u00e1rodn\u00edm trhu. \u0158\u00edd\u00edme se principem vynikaj\u00edc\u00ed kvality a spol\u00e9h\u00e1me na strategii industrializovan\u00e9ho \u0159\u00edzen\u00ed v\u00fdroby v jemn\u00fdch v\u00fdrobn\u00edch d\u00edln\u00e1ch. Na\u0161e spole\u010dnost neust\u00e1le vylep\u0161uje v\u00fdrobn\u00ed platformu d\u00edlny, zdokonaluje proces kvality v\u00fdroby a m\u00e1 siln\u00e9 tv\u016fr\u010d\u00ed schopnosti, aby spl\u0148ovala rozmanit\u00e9 pot\u0159eby z\u00e1kazn\u00edk\u016f s vysokou efektivitou, vysokou p\u0159esnost\u00ed a vysokou kvalitou. <\/p>\n<ul>\n<li>Profesionalita: Zam\u011bstn\u00e1v\u00e1me t\u00fdm zku\u0161en\u00fdch profesion\u00e1l\u016f, kte\u0159\u00ed se v\u011bnuj\u00ed v\u00fdrob\u011b vysoce kvalitn\u00edch hydraulick\u00fdch v\u00e1lc\u016f.<\/li>\n<li>Mezin\u00e1rodn\u00ed certifikace: Na\u0161e v\u00fdrobky pro\u0161ly mezin\u00e1rodn\u00edmi certifikacemi kvality a byly vyv\u00e1\u017eeny do mnoha zem\u00ed a region\u016f po cel\u00e9m sv\u011bt\u011b.<\/li>\n<li>Slu\u017eby p\u0159izp\u016fsoben\u00ed: Nab\u00edz\u00edme slu\u017eby na m\u00edru, kter\u00e9 spl\u0148uj\u00ed individu\u00e1ln\u00ed pot\u0159eby z\u00e1kazn\u00edk\u016f.<\/li>\n<li>V\u00fdrobn\u00ed za\u0159\u00edzen\u00ed: Pou\u017e\u00edv\u00e1me pokro\u010dil\u00e9 digit\u00e1ln\u00ed v\u00fdrobn\u00ed za\u0159\u00edzen\u00ed, abychom zajistili kvalitu a efektivitu na\u0161eho v\u00fdrobn\u00edho procesu.<\/li>\n<li>Poprodejn\u00ed servis: Nab\u00edz\u00edme komplexn\u00ed poprodejn\u00ed servis pro zaji\u0161t\u011bn\u00ed spokojenosti z\u00e1kazn\u00edk\u016f.<\/li>\n<\/ul>\n<p><img decoding=\"async\" src=\"https:\/\/www.hydraulic-cylinders.net\/wp-content\/uploads\/2025\/01\/songte-company-3.webp\"><\/p>\n<p>Autor: lyl.<\/p>","protected":false},"excerpt":{"rendered":"<p>Bucket Cylinder for Hyundai Middle Excavator R200-5-5D Introduction A bucket cylinder is a specially designed hydraulic cylinder used to control the movement of the bucket in heavy machinery like excavators, backhoe excavators, and front-end loaders. Its main function is to enable the bucket to lift, lower, and tilt, making it easier to transport various materials. [&hellip;]<\/p>","protected":false},"featured_media":14788,"comment_status":"open","ping_status":"closed","template":"","meta":{"_et_pb_use_builder":"","_et_pb_old_content":"","_et_gb_content_width":""},"product_brand":[],"product_cat":[1494],"product_tag":[1495,1496],"class_list":{"0":"post-15313","1":"product","2":"type-product","3":"status-publish","4":"has-post-thumbnail","6":"product_cat-bucket-cylinders","7":"product_tag-bucket-cylinders","8":"product_tag-hydraulic-cylinders","10":"first","11":"instock","12":"shipping-taxable","13":"product-type-simple"},"amp_enabled":true,"_links":{"self":[{"href":"https:\/\/www.hydraulic-cylinders.net\/cs\/wp-json\/wp\/v2\/product\/15313","targetHints":{"allow":["GET"]}}],"collection":[{"href":"https:\/\/www.hydraulic-cylinders.net\/cs\/wp-json\/wp\/v2\/product"}],"about":[{"href":"https:\/\/www.hydraulic-cylinders.net\/cs\/wp-json\/wp\/v2\/types\/product"}],"replies":[{"embeddable":true,"href":"https:\/\/www.hydraulic-cylinders.net\/cs\/wp-json\/wp\/v2\/comments?post=15313"}],"wp:featuredmedia":[{"embeddable":true,"href":"https:\/\/www.hydraulic-cylinders.net\/cs\/wp-json\/wp\/v2\/media\/14788"}],"wp:attachment":[{"href":"https:\/\/www.hydraulic-cylinders.net\/cs\/wp-json\/wp\/v2\/media?parent=15313"}],"wp:term":[{"taxonomy":"product_brand","embeddable":true,"href":"https:\/\/www.hydraulic-cylinders.net\/cs\/wp-json\/wp\/v2\/product_brand?post=15313"},{"taxonomy":"product_cat","embeddable":true,"href":"https:\/\/www.hydraulic-cylinders.net\/cs\/wp-json\/wp\/v2\/product_cat?post=15313"},{"taxonomy":"product_tag","embeddable":true,"href":"https:\/\/www.hydraulic-cylinders.net\/cs\/wp-json\/wp\/v2\/product_tag?post=15313"}],"curies":[{"name":"wp","href":"https:\/\/api.w.org\/{rel}","templated":true}]}}