{"id":1534,"date":"2023-09-28T03:59:02","date_gmt":"2023-09-28T03:59:02","guid":{"rendered":"https:\/\/hydraulic-cylinders.net\/?post_type=product&#038;p=1534"},"modified":"2025-04-14T01:11:44","modified_gmt":"2025-04-14T01:11:44","slug":"aerial-work-platform-telescopic-cylinder","status":"publish","type":"product","link":"https:\/\/www.hydraulic-cylinders.net\/cs\/produkt\/aerial-work-platform-telescopic-cylinder\/","title":{"rendered":"Teleskopick\u00fd v\u00e1lec pro pracovn\u00ed plo\u0161inu"},"content":{"rendered":"<h1 style=\"text-align: center;\"><strong>Teleskopick\u00fd v\u00e1lec pro pracovn\u00ed plo\u0161inu<\/strong><\/h1>\n<p><img loading=\"lazy\" decoding=\"async\" class=\"wp-image-1535 aligncenter\" src=\"https:\/\/hydraulic-cylinders.net\/wp-content\/uploads\/2023\/09\/telescopic-cylinder-1-300x300.webp\" alt=\"\" width=\"400\" height=\"400\" \/>Teleskopick\u00fd v\u00e1lec pro pracovn\u00ed plo\u0161iny je v\u00fdkonnou a nezbytnou sou\u010d\u00e1st\u00ed pracovn\u00edch plo\u0161in, kter\u00e1 je navr\u017eena tak, aby poskytovala del\u0161\u00ed dosah a zv\u00fd\u0161enou v\u0161estrannost ve vyv\u00fd\u0161en\u00fdch pracovn\u00edch prost\u0159ed\u00edch. Tento inovativn\u00ed hydraulick\u00fd v\u00e1lec umo\u017e\u0148uje teleskopick\u00fd pohyb plo\u0161iny, co\u017e obsluze umo\u017e\u0148uje snadn\u00fd a p\u0159esn\u00fd p\u0159\u00edstup do vyv\u00fd\u0161en\u00fdch prostor.<\/p>\n<p>Teleskopick\u00fd v\u00e1lec pro pracovn\u00ed plo\u0161inu je pr\u016flomem v oblasti vyv\u00fd\u0161en\u00fdch pracovn\u00edch plo\u0161in, proto\u017ee nab\u00edz\u00ed prodlou\u017een\u00fd dosah a zv\u00fd\u0161enou v\u0161estrannost. D\u00edky sv\u00fdm pozoruhodn\u00fdm vlastnostem, v\u010detn\u011b prodlou\u017een\u00e9ho dosahu, plynul\u00e9ho teleskopick\u00e9ho pohybu, vysok\u00e9 nosnosti a kompaktn\u00edho designu, umo\u017e\u0148uje tento v\u00e1lec obsluze efektivn\u011b a s jistotou zvl\u00e1dat \u00fakoly ve v\u00fd\u0161k\u00e1ch. Dodr\u017eov\u00e1n\u00edm doporu\u010den\u00fdch metod pou\u017e\u00edv\u00e1n\u00ed a postup\u016f \u00fadr\u017eby mohou obsluhy maximalizovat \u017eivotnost a v\u00fdkon teleskopick\u00e9ho v\u00e1lce pro pracovn\u00ed plo\u0161inu, co\u017e vede ke zv\u00fd\u0161en\u00ed produktivity, zkr\u00e1cen\u00ed prostoj\u016f a zv\u00fd\u0161en\u00ed bezpe\u010dnosti p\u0159i pr\u00e1ci ve v\u00fd\u0161k\u00e1ch. Investujte do tohoto \u0161pi\u010dkov\u00e9ho hydraulick\u00e9ho komponentu, abyste pozvedli mo\u017enosti sv\u00e9 pracovn\u00ed plo\u0161iny a posunuli svou pr\u00e1ci ve v\u00fd\u0161k\u00e1ch na novou \u00farove\u0148 \u00fasp\u011bchu.<\/p>\n<p>Kl\u00ed\u010dov\u00e9 vlastnosti teleskopick\u00e9ho v\u00e1lce pro pracovn\u00ed plo\u0161inu:<\/p>\n<ol>\n<li>Mo\u017enost prodlou\u017een\u00e9ho dosahu:<\/li>\n<\/ol>\n<ul>\n<li>Teleskopick\u00fd v\u00e1lec pro pracovn\u00ed plo\u0161inu se m\u016f\u017ee pochlubit p\u016fsobiv\u00fdm v\u00fdsuvn\u00fdm dosahem, kter\u00fd umo\u017e\u0148uje obsluze bez n\u00e1mahy dos\u00e1hnout v\u011bt\u0161\u00edch v\u00fd\u0161ek a vzd\u00e1lenost\u00ed.<\/li>\n<li>Poskytuje flexibilitu a p\u0159izp\u016fsobivost, co\u017e umo\u017e\u0148uje pracovn\u00edk\u016fm p\u0159\u00edstup do n\u00e1ro\u010dn\u00fdch oblast\u00ed a efektivn\u011b plnit \u00fakoly.<\/li>\n<\/ul>\n<ol start=\"2\">\n<li>Plynul\u00fd teleskopick\u00fd pohyb:<\/li>\n<\/ol>\n<ul>\n<li>Tento v\u00e1lec zaji\u0161\u0165uje plynul\u00fd a kontrolovan\u00fd teleskopick\u00fd pohyb, co\u017e umo\u017e\u0148uje p\u0159esn\u00e9 polohov\u00e1n\u00ed pracovn\u00ed plo\u0161iny.<\/li>\n<li>Nab\u00edz\u00ed stabiln\u00ed a stabiln\u00ed vysouv\u00e1n\u00ed a zasouv\u00e1n\u00ed, co\u017e zaji\u0161\u0165uje bezpe\u010dn\u00e9 pracovn\u00ed prost\u0159ed\u00ed v r\u016fzn\u00fdch v\u00fd\u0161k\u00e1ch.<\/li>\n<\/ul>\n<ol start=\"3\">\n<li>Vysok\u00e1 nosnost:<\/li>\n<\/ol>\n<ul>\n<li>Teleskopick\u00fd v\u00e1lec pro pracovn\u00ed plo\u0161inu je navr\u017een pro manipulaci s t\u011b\u017ek\u00fdmi b\u0159emeny a m\u00e1 robustn\u00ed konstrukci, kter\u00e1 unese zna\u010dn\u00e9 u\u017eite\u010dn\u00e9 zat\u00ed\u017een\u00ed.<\/li>\n<li>Umo\u017e\u0148uje obsluze p\u0159epravovat na plo\u0161in\u011b v\u00edce pracovn\u00edk\u016f, n\u00e1stroj\u016f a vybaven\u00ed, ani\u017e by byla ohro\u017eena stabilita nebo bezpe\u010dnost.<\/li>\n<\/ul>\n<ol start=\"4\">\n<li>Kompaktn\u00ed design:<\/li>\n<\/ol>\n<ul>\n<li>D\u00edky kompaktn\u00edmu proveden\u00ed tento v\u00e1lec optimalizuje prostor na pracovn\u00ed plo\u0161in\u011b a zaji\u0161\u0165uje minim\u00e1ln\u00ed dopad na celkovou hmotnost a zastav\u011bnou plochu.<\/li>\n<li>Kompaktn\u00ed rozm\u011bry v\u00e1lce umo\u017e\u0148uj\u00ed vynikaj\u00edc\u00ed man\u00e9vrovatelnost a snadnou p\u0159epravu.<\/li>\n<\/ul>\n<h2><strong>Parametr teleskopick\u00e9ho v\u00e1lce plo\u0161iny pro leteckou pr\u00e1ci:<\/strong><\/h2>\n<table border=\"1\" cellspacing=\"0\" cellpadding=\"0\">\n<tbody>\n<tr>\n<td>N\u00e1zev produktu<\/td>\n<td>Teleskopick\u00fd v\u00e1lec pro pracovn\u00ed plo\u0161inu<\/td>\n<\/tr>\n<tr>\n<td>Vlastnosti:<\/td>\n<td>Realizujte line\u00e1rn\u00ed teleskopick\u00fd pohyb v\u00fdlo\u017en\u00edku<\/td>\n<\/tr>\n<tr>\n<td>Pr\u016fm\u011br otvoru:<\/td>\n<td>45 mm\uff5e200 mm<\/td>\n<\/tr>\n<tr>\n<td>Pr\u016fm\u011br ty\u010de:<\/td>\n<td>32 mm\uff5e180 mm<br \/>\nZdvih \u2264 15 000 mm<\/td>\n<\/tr>\n<tr>\n<td>Tlak:<\/td>\n<td>30 MPa (Maxim\u00e1ln\u00ed tlak)<\/td>\n<\/tr>\n<tr>\n<td>Pou\u017eit\u00ed teleskopick\u00e9ho v\u00e1lce:<\/td>\n<td>Pracovn\u00ed plo\u0161ina pro lety<\/td>\n<\/tr>\n<\/tbody>\n<\/table>\n<h2><strong>Sch\u00e9ma identifikace plo\u0161iny pro leteck\u00e9 pr\u00e1ce:<\/strong><\/h2>\n<p><img loading=\"lazy\" decoding=\"async\" class=\"alignnone wp-image-1517 size-full\" src=\"https:\/\/hydraulic-cylinders.net\/wp-content\/uploads\/2023\/09\/aerial-work-platform-cylinder-construct.webp\" alt=\"\" width=\"600\" height=\"400\" srcset=\"https:\/\/hydraulic-cylinders.net\/wp-content\/uploads\/2023\/09\/aerial-work-platform-cylinder-construct.webp 600w, https:\/\/hydraulic-cylinders.net\/wp-content\/uploads\/2023\/09\/aerial-work-platform-cylinder-construct-480x320.webp 480w\" sizes=\"(min-width: 0px) and (max-width: 480px) 480px, (min-width: 481px) 600px, 100vw\" \/><\/p>\n<h2><strong>Zp\u016fsob pou\u017eit\u00ed teleskopick\u00e9ho v\u00e1lce pro pracovn\u00ed plo\u0161inu<\/strong><strong>:<\/strong><\/h2>\n<ol>\n<li><strong>Instalace v\u00e1lce:<\/strong><\/li>\n<\/ol>\n<ul>\n<li>Pro spr\u00e1vnou instalaci vykl\u00e1p\u011bc\u00edho v\u00e1lce pracovn\u00ed plo\u0161iny dodr\u017eujte pokyny v\u00fdrobce.<\/li>\n<li>Zajist\u011bte, aby byl v\u00e1lec bezpe\u010dn\u011b p\u0159ipevn\u011bn ke konstrukci pracovn\u00ed plo\u0161iny a aby bylo zaji\u0161t\u011bno stabiln\u00ed a spolehliv\u00e9 spojen\u00ed.<\/li>\n<\/ul>\n<ol start=\"2\">\n<li><strong>Hydraulick\u00e9 p\u0159ipojen\u00ed:<\/strong><\/li>\n<\/ol>\n<ul>\n<li>P\u0159ipojte v\u00e1lec k hydraulick\u00e9mu syst\u00e9mu pracovn\u00ed plo\u0161iny podle poskytnut\u00fdch pokyn\u016f.<\/li>\n<li>Ujist\u011bte se, \u017ee v\u0161echny hydraulick\u00e9 spoje jsou bezpe\u010dn\u00e9 a \u0159\u00e1dn\u011b ut\u011bsn\u011bn\u00e9, aby se zabr\u00e1nilo \u00fanik\u016fm nebo ztr\u00e1t\u011b hydraulick\u00e9 kapaliny.<\/li>\n<\/ul>\n<ol start=\"3\">\n<li><strong>Aktivace ovl\u00e1d\u00e1n\u00ed:<\/strong><\/li>\n<\/ol>\n<ul>\n<li>K aktivaci v\u00e1lce pro vykl\u00e1p\u011bn\u00ed plo\u0161iny pou\u017eijte ovl\u00e1dac\u00ed panel nebo rozhran\u00ed plo\u0161iny.<\/li>\n<li>Pro zved\u00e1n\u00ed nebo spou\u0161t\u011bn\u00ed plo\u0161iny do po\u017eadovan\u00e9 v\u00fd\u0161ky dodr\u017eujte doporu\u010den\u00e9 provozn\u00ed postupy.<\/li>\n<\/ul>\n<ol start=\"4\">\n<li><strong>Bezpe\u010dnostn\u00ed opat\u0159en\u00ed:<\/strong><\/li>\n<\/ol>\n<ul>\n<li>P\u0159ed obsluhou pracovn\u00ed plo\u0161iny se seznamte s bezpe\u010dnostn\u00edmi prvky a nouzov\u00fdmi postupy.<\/li>\n<li>Zajist\u011bte, aby v\u0161ichni oper\u00e1to\u0159i absolvovali \u0159\u00e1dn\u00e9 \u0161kolen\u00ed o bezpe\u010dn\u00e9m provozu plo\u0161iny a zdvihac\u00edho v\u00e1lce plo\u0161iny.<\/li>\n<\/ul>\n<h2><strong>Jak\u00fd hydraulick\u00fd z\u00e1kon pou\u017e\u00edv\u00e1 brzdov\u00fd syst\u00e9m?<\/strong><\/h2>\n<p>Brzdov\u00fd syst\u00e9m ve vozidlech obvykle vyu\u017e\u00edv\u00e1 Pascal\u016fv hydraulick\u00fd z\u00e1kon. Pascal\u016fv z\u00e1kon \u0159\u00edk\u00e1, \u017ee kdy\u017e je na kapalinu v uzav\u0159en\u00e9m syst\u00e9mu aplikov\u00e1n tlak, tlak se p\u0159en\u00e1\u0161\u00ed rovnom\u011brn\u011b ve v\u0161ech sm\u011brech.<\/p>\n<p>V p\u0159\u00edpad\u011b hydraulick\u00e9ho brzdov\u00e9ho syst\u00e9mu p\u016fsob\u00ed p\u0159i se\u0161l\u00e1pnut\u00ed brzdov\u00e9ho ped\u00e1lu s\u00edla na hlavn\u00ed brzdov\u00fd v\u00e1lec, kter\u00fd obsahuje hydraulickou kapalinu. S\u00edla p\u016fsob\u00edc\u00ed na kapalinu vytv\u00e1\u0159\u00ed tlak, kter\u00fd se rovnom\u011brn\u011b p\u0159en\u00e1\u0161\u00ed po cel\u00e9m brzdov\u00e9m syst\u00e9mu.<\/p>\n<p>Tento tlak se pot\u00e9 p\u0159en\u00e1\u0161\u00ed na brzdov\u00e9 t\u0159meny nebo brzdov\u00e9 v\u00e1lce kol, v z\u00e1vislosti na typu brzdov\u00e9ho syst\u00e9mu, kter\u00e9 se nach\u00e1zej\u00ed u ka\u017ed\u00e9ho kola. Tlak zp\u016fsobuje aktivaci t\u0159men\u016f nebo v\u00e1lc\u016f, co\u017e n\u00e1sledn\u011b p\u016fsob\u00ed na brzdov\u00e9 desti\u010dky nebo \u010delisti proti brzdov\u00fdm kotou\u010d\u016fm nebo bubn\u016fm, \u010d\u00edm\u017e vznik\u00e1 t\u0159en\u00ed a vozidlo se zpomaluje nebo zastavuje.<\/p>\n<p>Pascal\u016fv z\u00e1kon zaji\u0161\u0165uje, \u017ee s\u00edla p\u016fsob\u00edc\u00ed na brzdov\u00fd ped\u00e1l se zn\u00e1sob\u00ed a p\u0159enese rovnom\u011brn\u011b na v\u0161echny brzdy v syst\u00e9mu bez ohledu na jejich um\u00edst\u011bn\u00ed. To umo\u017e\u0148uje konzistentn\u00ed brzdn\u00fd v\u00fdkon na v\u0161ech kolech a zaji\u0161\u0165uje \u00fa\u010dinn\u00e9 brzd\u011bn\u00ed i ve slo\u017eit\u00fdch hydraulick\u00fdch brzdov\u00fdch syst\u00e9mech.<\/p>\n<p>Za zm\u00ednku stoj\u00ed, \u017ee v n\u011bkter\u00fdch pokro\u010dil\u00fdch brzdov\u00fdch syst\u00e9mech lze k optimalizaci brzdn\u00e9ho v\u00fdkonu, stability a ovl\u00e1d\u00e1n\u00ed vyu\u017e\u00edt i dal\u0161\u00ed principy hydrauliky, jako je Bernoulliho princip nebo princip dynamiky tekutin. Pascal\u016fv z\u00e1kon v\u0161ak z\u016fst\u00e1v\u00e1 z\u00e1kladem z\u00e1kladn\u00edho fungov\u00e1n\u00ed hydraulick\u00fdch brzdov\u00fdch syst\u00e9m\u016f.<\/p>\n<h2><strong>Schopnosti a kapacita tov\u00e1rny:<\/strong><\/h2>\n<h3>(1) Mont\u00e1\u017e<\/h3>\n<p>Disponujeme prvot\u0159\u00eddn\u00ed nez\u00e1vislou v\u00fdzkumnou a v\u00fdvojovou mont\u00e1\u017en\u00ed platformou. D\u00edlna na v\u00fdrobu hydraulick\u00fdch v\u00e1lc\u016f m\u00e1 \u010dty\u0159i poloautomatick\u00e9 mont\u00e1\u017en\u00ed linky pro zvedac\u00ed v\u00e1lce a jednu automatickou mont\u00e1\u017en\u00ed linku pro nakl\u00e1p\u011bc\u00ed v\u00e1lce s projektovanou ro\u010dn\u00ed v\u00fdrobn\u00ed kapacitou 1 milion kus\u016f. D\u00edlna na speci\u00e1ln\u00ed v\u00e1lce je vybavena poloautomatick\u00fdm \u010distic\u00edm mont\u00e1\u017en\u00edm syst\u00e9mem s r\u016fzn\u00fdmi specifikacemi a projektovanou ro\u010dn\u00ed v\u00fdrobn\u00ed kapacitou 200 000 kus\u016f a je vybavena zn\u00e1m\u00fdm CNC obr\u00e1b\u011bc\u00edm za\u0159\u00edzen\u00edm, obr\u00e1b\u011bc\u00edm centrem, vysoce p\u0159esn\u00fdm speci\u00e1ln\u00edm za\u0159\u00edzen\u00edm pro zpracov\u00e1n\u00ed v\u00e1lc\u016f, robotick\u00fdm sva\u0159ovac\u00edm strojem, automatick\u00fdm \u010distic\u00edm strojem, automatick\u00fdm mont\u00e1\u017en\u00edm strojem pro v\u00e1lce a automatickou lakovac\u00ed v\u00fdrobn\u00ed linkou. St\u00e1vaj\u00edc\u00ed kritick\u00e9 vybaven\u00ed m\u00e1 v\u00edce ne\u017e 300 sad. Optim\u00e1ln\u00ed alokace a efektivn\u00ed vyu\u017eit\u00ed zdroj\u016f za\u0159\u00edzen\u00ed zaji\u0161\u0165uje po\u017eadavky na p\u0159esnost v\u00fdrobk\u016f a spl\u0148uje po\u017eadavky na vysokou kvalitu v\u00fdrobk\u016f.<\/p>\n<p><img loading=\"lazy\" decoding=\"async\" class=\"alignnone wp-image-626\" src=\"https:\/\/hydraulic-cylinders.net\/wp-content\/uploads\/2023\/08\/hydraulic-cylinder-product-1-300x158.webp\" alt=\"\" width=\"495\" height=\"260\" srcset=\"https:\/\/hydraulic-cylinders.net\/wp-content\/uploads\/2023\/08\/hydraulic-cylinder-product-1-300x158.webp 495w, https:\/\/hydraulic-cylinders.net\/wp-content\/uploads\/2023\/08\/hydraulic-cylinder-product-1-480x252.webp 480w\" sizes=\"(min-width: 0px) and (max-width: 480px) 480px, (min-width: 481px) 495px, 100vw\" \/> <img loading=\"lazy\" decoding=\"async\" class=\"alignnone wp-image-627\" src=\"https:\/\/hydraulic-cylinders.net\/wp-content\/uploads\/2023\/08\/hydraulic-cylinder-product-2-300x189.webp\" alt=\"\" width=\"413\" height=\"260\" \/><\/p>\n<h3>(2) Obr\u00e1b\u011bn\u00ed<\/h3>\n<p>Obrobna je vybavena zak\u00e1zkov\u00fdm soustru\u017enick\u00fdm centrem pro \u0161ikm\u00e9 kolejnice, obr\u00e1b\u011bc\u00edm centrem, vysokorychlostn\u00edm honovac\u00edm strojem, sva\u0159ovac\u00edm robotem a dal\u0161\u00edm souvisej\u00edc\u00edm za\u0159\u00edzen\u00edm, kter\u00e9 zvl\u00e1dne obr\u00e1b\u011bn\u00ed v\u00e1lcov\u00fdch trubek s maxim\u00e1ln\u00edm vnit\u0159n\u00edm pr\u016fm\u011brem 400 mm a maxim\u00e1ln\u00ed d\u00e9lkou 6 metr\u016f.<\/p>\n<p><img loading=\"lazy\" decoding=\"async\" class=\"alignnone wp-image-628 size-large\" src=\"https:\/\/hydraulic-cylinders.net\/wp-content\/uploads\/2023\/08\/hydraulic-cylinder-product-3-1024x391.webp\" alt=\"\" width=\"1024\" height=\"391\" srcset=\"https:\/\/hydraulic-cylinders.net\/wp-content\/uploads\/2023\/08\/hydraulic-cylinder-product-3-980x374.webp 980w, https:\/\/hydraulic-cylinders.net\/wp-content\/uploads\/2023\/08\/hydraulic-cylinder-product-3-480x183.webp 480w\" sizes=\"(min-width: 0px) and (max-width: 480px) 480px, (min-width: 481px) and (max-width: 980px) 980px, (min-width: 981px) 1024px, 100vw\" \/><\/p>\n<h3>(3) Sva\u0159ov\u00e1n\u00ed<\/h3>\n<p><img loading=\"lazy\" decoding=\"async\" class=\"alignnone wp-image-629 size-large\" src=\"https:\/\/hydraulic-cylinders.net\/wp-content\/uploads\/2023\/08\/hydraulic-cylinder-product-4-1024x510.webp\" alt=\"\" width=\"1024\" height=\"510\" srcset=\"https:\/\/hydraulic-cylinders.net\/wp-content\/uploads\/2023\/08\/hydraulic-cylinder-product-4-980x488.webp 980w, https:\/\/hydraulic-cylinders.net\/wp-content\/uploads\/2023\/08\/hydraulic-cylinder-product-4-480x239.webp 480w\" sizes=\"(min-width: 0px) and (max-width: 480px) 480px, (min-width: 481px) and (max-width: 980px) 980px, (min-width: 981px) 1024px, 100vw\" \/><\/p>\n<h3>(4) Lakov\u00e1n\u00ed a n\u00e1t\u011bry<\/h3>\n<p>S mal\u00fdmi a st\u0159edn\u00edmi v\u00e1lcov\u00fdmi automatick\u00fdmi linkami na nan\u00e1\u0161en\u00ed barev na vodn\u00ed b\u00e1zi, pro dosa\u017een\u00ed automatick\u00e9ho robotick\u00e9ho nakl\u00e1d\u00e1n\u00ed a vykl\u00e1d\u00e1n\u00ed a automatick\u00e9ho st\u0159\u00edk\u00e1n\u00ed, je konstruk\u010dn\u00ed kapacita 4000 kus\u016f za sm\u011bnu;<br \/>\nM\u00e1me tak\u00e9 poloautomatickou linku na v\u00fdrobu barev pro velk\u00e9 tlakov\u00e9 lahve poh\u00e1n\u011bn\u00e9 \u0159et\u011bzem s konstruk\u010dn\u00ed kapacitou 60 lahv\u00ed za sm\u011bnu.<\/p>\n<p><img loading=\"lazy\" decoding=\"async\" class=\"alignnone wp-image-630\" src=\"https:\/\/hydraulic-cylinders.net\/wp-content\/uploads\/2023\/08\/hydraulic-cylinder-product-5-300x213.webp\" alt=\"\" width=\"366\" height=\"260\" \/> <img loading=\"lazy\" decoding=\"async\" class=\"alignnone wp-image-631\" src=\"https:\/\/hydraulic-cylinders.net\/wp-content\/uploads\/2023\/08\/hydraulic-cylinder-product-6-300x225.webp\" alt=\"\" width=\"347\" height=\"260\" \/><\/p>\n<h3>(5) Testov\u00e1n\u00ed<\/h3>\n<p>Disponujeme prvot\u0159\u00eddn\u00edmi inspek\u010dn\u00edmi za\u0159\u00edzen\u00edmi a zku\u0161ebn\u00edmi laborato\u0159emi, abychom zajistili, \u017ee v\u00fdkon v\u00e1lce spl\u0148uje po\u017eadavky.<\/p>\n<p><img loading=\"lazy\" decoding=\"async\" class=\"alignnone wp-image-632\" src=\"https:\/\/hydraulic-cylinders.net\/wp-content\/uploads\/2023\/08\/hydraulic-cylinder-product-8-300x200.webp\" alt=\"\" width=\"389\" height=\"260\" \/><\/p>\n<p>&nbsp;<\/p>\n<p>&nbsp;<\/p>\n<p>Jsme jedn\u00edm z nejlep\u0161\u00edch v\u00fdrobc\u016f hydraulick\u00fdch v\u00e1lc\u016f. Nab\u00edz\u00edme komplexn\u00ed hydraulick\u00e9 v\u00e1lce. Dod\u00e1v\u00e1me tak\u00e9 odpov\u00eddaj\u00edc\u00ed <a href=\"https:\/\/hzpt.com\/agricultural-pto-gearbox\/\" target=\"_blank\" rel=\"noopener\">zem\u011bd\u011blsk\u00e9 p\u0159evodovky<\/a>Na\u0161e v\u00fdrobky jsme exportovali klient\u016fm po cel\u00e9m sv\u011bt\u011b a d\u00edky vynikaj\u00edc\u00ed kvalit\u011b v\u00fdrobk\u016f a poprodejn\u00edmu servisu jsme si z\u00edskali dobrou pov\u011bst. V\u00edt\u00e1me z\u00e1kazn\u00edky doma i v zahrani\u010d\u00ed, kte\u0159\u00ed n\u00e1s kontaktuj\u00ed za \u00fa\u010delem vyjedn\u00e1v\u00e1n\u00ed obchodn\u00edch p\u0159\u00edle\u017eitost\u00ed, v\u00fdm\u011bny informac\u00ed a <a href=\"https:\/\/www.hydraulic-cylinders.net\/cs\/contact-us\/\">spolupracujte s n\u00e1mi<\/a>!<\/p>","protected":false},"excerpt":{"rendered":"<p>Aerial Work Platform Telescopic Cylinder The aerial work platform telescopic cylinder is a powerful and essential component in aerial work platforms, designed to provide extended reach and enhanced versatility in elevated work environments. This innovative hydraulic cylinder enables the telescopic movement of the platform, allowing operators to access elevated areas with ease and precision. The [&hellip;]<\/p>","protected":false},"featured_media":1536,"comment_status":"open","ping_status":"closed","template":"","meta":{"_et_pb_use_builder":"","_et_pb_old_content":"","_et_gb_content_width":""},"product_brand":[],"product_cat":[1500,1550,1393],"product_tag":[1380],"class_list":{"0":"post-1534","1":"product","2":"type-product","3":"status-publish","4":"has-post-thumbnail","6":"product_cat-aerial-work-vehicle-hydraulic-cylinder","7":"product_cat-double-acting-hydraulic-cylinder","8":"product_cat-telescopic-hydraulic-cylinder","9":"product_tag-hydraulic-cylinder","11":"first","12":"instock","13":"shipping-taxable","14":"product-type-simple"},"amp_enabled":true,"_links":{"self":[{"href":"https:\/\/www.hydraulic-cylinders.net\/cs\/wp-json\/wp\/v2\/product\/1534","targetHints":{"allow":["GET"]}}],"collection":[{"href":"https:\/\/www.hydraulic-cylinders.net\/cs\/wp-json\/wp\/v2\/product"}],"about":[{"href":"https:\/\/www.hydraulic-cylinders.net\/cs\/wp-json\/wp\/v2\/types\/product"}],"replies":[{"embeddable":true,"href":"https:\/\/www.hydraulic-cylinders.net\/cs\/wp-json\/wp\/v2\/comments?post=1534"}],"wp:featuredmedia":[{"embeddable":true,"href":"https:\/\/www.hydraulic-cylinders.net\/cs\/wp-json\/wp\/v2\/media\/1536"}],"wp:attachment":[{"href":"https:\/\/www.hydraulic-cylinders.net\/cs\/wp-json\/wp\/v2\/media?parent=1534"}],"wp:term":[{"taxonomy":"product_brand","embeddable":true,"href":"https:\/\/www.hydraulic-cylinders.net\/cs\/wp-json\/wp\/v2\/product_brand?post=1534"},{"taxonomy":"product_cat","embeddable":true,"href":"https:\/\/www.hydraulic-cylinders.net\/cs\/wp-json\/wp\/v2\/product_cat?post=1534"},{"taxonomy":"product_tag","embeddable":true,"href":"https:\/\/www.hydraulic-cylinders.net\/cs\/wp-json\/wp\/v2\/product_tag?post=1534"}],"curies":[{"name":"wp","href":"https:\/\/api.w.org\/{rel}","templated":true}]}}